

{"id":15773,"date":"2016-01-18T22:35:09","date_gmt":"2016-01-18T21:35:09","guid":{"rendered":"http:\/\/www.patentattorneys.ch\/?page_id=15773"},"modified":"2024-05-15T17:49:54","modified_gmt":"2024-05-15T16:49:54","slug":"histoire","status":"publish","type":"page","link":"https:\/\/www.patentattorneys.ch\/de\/unternehmen\/geschichte\/","title":{"rendered":"Geschichte"},"content":{"rendered":"<div class=\"wpb-content-wrapper\"><p>[vc_row type=&#8221;full_width_section&#8221;][vc_column width=&#8221;1\/1&#8243;]<div class=\"imagebox wpb_content_element style-1\"><div class=\"imagebox-img\"><img decoding=\"async\" src=\"https:\/\/www.patentattorneys.ch\/wp-content\/uploads\/2019\/10\/banner_history_wide-2.jpg\" alt=\"Notre histoire - Geschichte - our story\" \/><\/div><\/div>[\/vc_column][\/vc_row][vc_row][vc_column width=&#8221;1\/1&#8243;]<style>#breadcrumb-6a04d7c3f3b5b li::after { content: \"\u00bb\" }<\/style><div class=\"\"><ol class=\"wwp-vc-breadcrumbs \" id=\"breadcrumb-6a04d7c3f3b5b\"><li class=\"visited\"><a href=\"\/\">Home<\/a><\/li><li class=\"visited\"><a href=\"https:\/\/www.patentattorneys.ch\/de\/unternehmen\/\">{:fr}Soci\u00e9t\u00e9{:}{:de}Unternehmen{:}{:en}Company{:}<\/a><\/li><li class=\"current\"><span>Geschichte<\/span><\/li><\/ol><\/div>[\/vc_column][\/vc_row][vc_row bg_image=&#8221;15893&#8243;][vc_column animation=&#8221;fade-in-from-left&#8221; width=&#8221;2\/3&#8243;]<div class=\"spacer\" style=\"height: 40px;\"><\/div>[vc_tabs][vc_tab title=&#8221;Unser Werdegang&#8221; tab_id=&#8221;c9c08126-3851-8&#8243;][vc_column_text]<\/p>\n<h1>Die Welt \u00e4ndert sich fortlaufend. Wir uns ebenfalls.<\/h1>\n<p>P&amp;TS wurde 1998 in Neuch\u00e2tel gegr\u00fcndet. Einige historische Meilensteine:<\/p>\n<h4>Warum wurde P&amp;TS gegr\u00fcndet?<\/h4>\n<p>In den 90erJahren hat sich vieles ver\u00e4ndert. So beispielsweise das Ende des Telecom-Monopols, oder die M\u00f6glichkeit, Software patentieren zu lassen. Innert weniger Jahren hat sich die Welt des geistigen Eigentums enorm gewandelt, weil die Innovation zu einem entscheidenden Faktor wurde und sich das Patent zu einer echten Handelsmacht entwickelte. Die Globalisierung \u2013 und mit ihr das Fallen der Marktschranken \u2013 hat ebenfalls das Bed\u00fcrfnis von Unternehmen nach dem Schutz ihrer Ideen mittels legalen Mitteln gesch\u00fcrt. Dies war ein idealer N\u00e4hrboden f\u00fcr eine auf Innovation spezialisierte Beratungsfirma. Mit neuen Ans\u00e4tzen, agil und vielseitig \u2013 alles Eigenschaften, die von Ingenieuren in KUM und auch multinationalen Konzernen sehr gesch\u00e4tzt werden.<\/p>\n<h4><img decoding=\"async\" class=\"alignnone size-full wp-image-29137\" src=\"https:\/\/www.patentattorneys.ch\/wp-content\/uploads\/2020\/11\/image_4.jpg\" alt=\"\" width=\"860\" height=\"300\" srcset=\"https:\/\/www.patentattorneys.ch\/wp-content\/uploads\/2020\/11\/image_4.jpg 860w, https:\/\/www.patentattorneys.ch\/wp-content\/uploads\/2020\/11\/image_4-300x105.jpg 300w, https:\/\/www.patentattorneys.ch\/wp-content\/uploads\/2020\/11\/image_4-768x268.jpg 768w\" sizes=\"(max-width: 860px) 100vw, 860px\" \/><\/h4>\n<h4>Startups<\/h4>\n<h4>Das Schl\u00fcsselereignis, der Markt der Startups, ab 2004.<\/h4>\n<p>Dieser Schritt barg schon ein gewisses Risiko. Es handelt sich um einen Markt mit vielen komplexen, neuartigen Technologien aber, seien wir ehrlich, wenig Geldmitteln. Genau hier werden jedoch unsere Dienstleistungen gebraucht. Dies umso mehr, weil die Hochschulen und die ETH den Auftrag erhielten, Technologietransfer zu f\u00f6rdern. R\u00fcckblickend hat sich diese Strategie f\u00fcr P&amp;TS gelohnt: Unser Unternehmen hat sich auf diesem Gebiet ebenfalls als ein verl\u00e4sslicher Partner etabliert. Wir sind stolz, auf diese Art an der Entwicklung der regionalen Wirtschaft teilzunehmen.[\/vc_column_text][\/vc_tab][vc_tab title=&#8221;Vision&#8221; tab_id=&#8221;1453669696668-1-8&#8243;][vc_column_text]<\/p>\n<h1>Bei Innovationsschutz Spitze<\/h1>\n<p>P&amp;TS ist ein Patentberatungsunternehmen und ist in Neuenburg, Z\u00fcrich und Clermont-Ferrand zu finden. Christophe Saam, Gr\u00fcnder und Gesch\u00e4ftsf\u00fchrer, erl\u00e4utert:<\/p>\n<h4>Was macht P&amp;TS so einzigartig?<\/h4>\n<p>Die Innovation ist Teil unserer DNS. Die meisten unserer Mitarbeiter\/innen weisen sowohl ein technisches wie ein juristisches Profil auf. Wir sprechen daher dieselbe Sprache wie unsere Kunden, mag ihre Aktivit\u00e4t sich auf die EDV, die Uhrmacherei, Werkzeugmaschinen, die Mikrotechnik oder die Chemie erstrecken. Sie alle finden in P&amp;TS einen Gespr\u00e4chspartner, welcher ihre Bed\u00fcrfnisse genauestens erkennt und auf diese eingeht. Wir beschr\u00e4nken uns nicht einfach auf den Schutz der Erfindungen unserer Kunden, sondern wir entwickeln gemeinsam mit ihnen globale Strategien f\u00fcr das geistige Eigentum &#8211; mit der Integration von Patenten, Design und Marken &#8211; um f\u00fcr sie die bestm\u00f6gliche Rendite zu erzielen.<\/p>\n<h4>Marktf\u00fchrer<\/h4>\n<p>Seit der Gr\u00fcndung hat sich die Firma P&amp;TS als eine Branchenf\u00fchrerin behauptet. Zu ihrer Kundschaft z\u00e4hlen Startups wie auch grosse Schweizer und internationale Unternehmen. Wir erlebten ein rapides Wachstum: P&amp;TS ist das f\u00fchrende Patentanwalt-B\u00fcro der Schweiz, gem\u00e4ss der Fachzeitschrift Managing IP, und auch eines der dynamischsten auf internationaler Ebene. Wir sind ebenfalls Preistr\u00e4ger vom Unternehmerpreis SVC Suisse Romande und wurden zur \u201eSwiss Patent Law Firm of the Year 2015\u201c gew\u00e4hlt. All dies bekr\u00e4ftigt die Qualit\u00e4t der Dienstleistungen von P&amp;TS und haben aus uns einen unentbehrlichen Partner in der Schweiz und Europa gemacht. [\/vc_column_text][\/vc_tab][vc_tab title=&#8221;Berufung&#8221; tab_id=&#8221;1453669697398-2-4&#8243;][vc_column_text]<\/p>\n<h1>Schutz Ihrer Innovationen mittels umfassender Dienstleistungen auf dem Gebiet des Immaterialg\u00fcterrechts<\/h1>\n<p>P&amp;TS ist ein Beratungsunternehmen auf dem Gebiet Immaterialg\u00fcterrecht. Wir bieten unserer Schweizer wie unserer internationalen Kundschaft ein breitgef\u00e4chertes Angebot an Dienstleistungen in den folgenden Bereichen an:<\/p>\n<ul>\n<li>Patente<\/li>\n<li>Design<\/li>\n<li>Marken<\/li>\n<li>Patentschutz von Halbleitern<\/li>\n<li>Software Schutz<\/li>\n<li>Patentrecherchen und Technologie\u00fcberwachung<\/li>\n<li>IP Due Diligence<\/li>\n<li>Vereinbarungen zu geistigem Eigentum<\/li>\n<\/ul>\n<p>[\/vc_column_text][\/vc_tab][vc_tab title=&#8221;Struktur&#8221; tab_id=&#8221;1453669698007-3-4&#8243;][vc_column_text]<\/p>\n<h1>Heute die Erfindungen sch\u00fctzen f\u00fcr ein besseres Morgen &#8211; durch unser Team von IP Spezialisten.<\/h1>\n<p>Das Besondere an P&amp;TS sind unser Management und unsere Werte.<\/p>\n<h4>Die Managementprinzipien von P&amp;TS<\/h4>\n<p>Unsere Angestellten machen das Kapital von P&amp;TS aus. Unsere Wettbewerbsf\u00e4higkeit h\u00e4ngt von ihnen ab. Wir sind ein sehr internationales Team mit einem speziellen Kompetenzprofil. Alle Mitarbeiter\/innen sollen bei uns ihr ganzes Potential aussch\u00f6pfen k\u00f6nnen. Wir kommen ihnen entgegen in der Form von Teilzeitarbeit (auch beim Kader), Telearbeit sowie Weiterbildungsm\u00f6glichkeiten. Warum? Weil die Zufriedenheit und Ausgeglichenheit unserer Besch\u00e4ftigten von enormer Wichtigkeit f\u00fcr das Unternehmen sind und ebenso einen signifikanten Mehrwert f\u00fcr unsere Kunden bedeuten. In der Tat beansprucht die Anmeldung eines Patents mehrere Jahre und es wichtig, dass unsere Kunden dieselbe Ansprechperson w\u00e4hrend des gesamten Prozesses haben.<\/p>\n<h4>Allgemeine Werte von P&amp;TS<\/h4>\n<p>Wir lieben die Innovation von ganzem Herzen, und nicht nur weil dies unser \u201eKerngesch\u00e4ft\u201c darstellt. Wir sind der \u00dcberzeugung, dass Erfindungen die Welt ver\u00e4ndern k\u00f6nnen. P&amp;TS ist eine verantwortungsbewusste Firma, mit einem starken \u00f6kologischen Bewusstsein. Wir f\u00f6rdern die Frauenarbeit \u2013 Frauen machen die H\u00e4lfte unseres Teams aus. Ebenso arbeiten wir an der\u00a0Verringerung unseres Kohlenstoff-Fussabdrucks. Ganz offensichtlich sind unsere direkten Einflussmittel als Dienstunternehmen limitiert, aber wir verf\u00fcgen \u00fcber ein wirksames Instrument: n\u00e4mlich die Erfindungen unserer Klienten im Bereich der Gr\u00fcnen Technologien. P&amp;TS unterst\u00fctzt zahlreiche Greentech-Projekte und finanziert einen ethischen Innovationsfond. [\/vc_column_text][\/vc_tab][\/vc_tabs][\/vc_column][vc_column animation=&#8221;fade-in-from-bottom&#8221; width=&#8221;1\/3&#8243;]<div class=\"spacer\" style=\"height: 40px;\"><\/div>[vc_column_text]<\/p>\n<h3>KONTAKT<\/h3>\n<div id=\"gtx-trans\" style=\"position: absolute; left: 435px; top: 44.2188px;\">\n<div class=\"gtx-trans-icon\"><\/div>\n<\/div>\n<p>[\/vc_column_text]<div class=\"member wpb_content_element test\"><div class=\"member-img\"><img decoding=\"async\" src=\"https:\/\/www.patentattorneys.ch\/wp-content\/uploads\/2020\/11\/schreyer_2003346.jpg\" alt=\"contact\" \/><\/div><h4>KONTAKT P&amp;TS<\/h4><div class=\"member-role\"><\/div><div class=\"member-content\"><p><a href=\"m&#97;&#x69;&#x6c;&#x74;o&#58;&#x69;&#x6e;&#x66;o&#64;&#x70;&#x61;&#x74;e&#110;&#x74;&#x61;&#x74;t&#111;&#x72;&#x6e;&#x65;y&#115;&#x2e;&#x63;&#x68;\"><i class=\"fa fa-envelope-o minti-icon\" style=\"color:#888888 !important; font-size: 14px; margin: 0px 0px 0px 0px\"><\/i> e-mail<\/a><\/p><\/div><\/div><div class=\"newdivider align-center\" style=\"border-bottom-style: solid; border-color: #b7b7b7; border-bottom-width: 1px; margin-top: 0; margin-bottom: 20px; width: 100%; \"><\/div><div class=\"clear\"><\/div>[\/vc_column][\/vc_row][vc_column][\/vc_column]<\/p>\n<\/div>","protected":false},"excerpt":{"rendered":"<p>[vc_row type=&#8221;full_width_section&#8221;][vc_column width=&#8221;1\/1&#8243;][\/vc_column][\/vc_row][vc_row][vc_column width=&#8221;1\/1&#8243;][\/vc_column][\/vc_row][vc_row bg_image=&#8221;15893&#8243;][vc_column animation=&#8221;fade-in-from-left&#8221; width=&#8221;2\/3&#8243;][vc_tabs][vc_tab title=&#8221;Unser Werdegang&#8221; tab_id=&#8221;c9c08126-3851-8&#8243;][vc_column_text] Die Welt \u00e4ndert sich fortlaufend. Wir uns ebenfalls. P&amp;TS wurde 1998 in Neuch\u00e2tel gegr\u00fcndet. Einige historische Meilensteine: Warum wurde P&amp;TS gegr\u00fcndet? In den 90erJahren hat sich vieles ver\u00e4ndert. So beispielsweise das Ende des Telecom-Monopols, oder die M\u00f6glichkeit, Software patentieren zu lassen. Innert weniger Jahren hat sich die Welt des geistigen Eigentums enorm gewandelt, weil die Innovation zu einem entscheidenden Faktor wurde und sich das Patent zu einer echten Handelsmacht entwickelte. Die Globalisierung \u2013 und mit ihr das Fallen der Marktschranken \u2013 hat ebenfalls das Bed\u00fcrfnis von Unternehmen nach dem Schutz ihrer Ideen mittels legalen Mitteln gesch\u00fcrt. Dies war ein idealer N\u00e4hrboden f\u00fcr eine auf Innovation spezialisierte Beratungsfirma. Mit neuen Ans\u00e4tzen, agil und vielseitig \u2013 alles Eigenschaften, die von Ingenieuren in KUM und auch multinationalen Konzernen sehr gesch\u00e4tzt werden. Startups Das Schl\u00fcsselereignis, der Markt der Startups, ab 2004. Dieser Schritt barg schon ein gewisses Risiko. Es handelt sich um einen Markt mit vielen komplexen, neuartigen Technologien aber, seien wir ehrlich, wenig Geldmitteln. Genau hier werden jedoch unsere Dienstleistungen gebraucht. Dies umso mehr, weil die Hochschulen und die ETH den Auftrag erhielten, Technologietransfer zu f\u00f6rdern. R\u00fcckblickend hat sich diese Strategie f\u00fcr P&amp;TS [&hellip;]<\/p>\n","protected":false},"author":4,"featured_media":0,"parent":15587,"menu_order":0,"comment_status":"closed","ping_status":"closed","template":"","meta":{"footnotes":""},"translation":{"provider":"WPGlobus","version":"3.0.2","language":"de","enabled_languages":["fr","de","en","it"],"languages":{"fr":{"title":true,"content":true,"excerpt":false},"de":{"title":true,"content":true,"excerpt":false},"en":{"title":true,"content":true,"excerpt":false},"it":{"title":false,"content":false,"excerpt":false}}},"yoast_head":"<!-- This site is optimized with the Yoast SEO plugin v24.4 - https:\/\/yoast.com\/wordpress\/plugins\/seo\/ -->\n<title>Geschichte - P&amp;TS AG<\/title>\n<meta name=\"description\" content=\"P&amp;TS wurde 1998 in Neuenburg gegr\u00fcndet. Erfahren Sie mehr \u00fcber die Geschichte von P&amp;TS SA und wie wir die Zukunft sehen.\" \/>\n<meta name=\"robots\" content=\"index, follow, max-snippet:-1, max-image-preview:large, max-video-preview:-1\" \/>\n<link rel=\"canonical\" href=\"https:\/\/www.patentattorneys.ch\/societe\/histoire\/\" \/>\n<meta property=\"og:locale\" content=\"de_DE\" \/>\n<meta property=\"og:type\" content=\"article\" \/>\n<meta property=\"og:title\" content=\"Geschichte - P&amp;TS AG\" \/>\n<meta property=\"og:description\" content=\"P&amp;TS wurde 1998 in Neuenburg gegr\u00fcndet. Erfahren Sie mehr \u00fcber die Geschichte von P&amp;TS SA und wie wir die Zukunft sehen.\" \/>\n<meta property=\"og:url\" content=\"https:\/\/www.patentattorneys.ch\/societe\/histoire\/\" \/>\n<meta property=\"og:site_name\" content=\"P&amp;TS AG\" \/>\n<meta property=\"article:publisher\" content=\"https:\/\/www.facebook.com\/PTS.Ltd\/\" \/>\n<meta property=\"article:modified_time\" content=\"2024-05-15T16:49:54+00:00\" \/>\n<meta property=\"og:image\" content=\"https:\/\/www.patentattorneys.ch\/wp-content\/uploads\/2020\/11\/image_4.jpg\" \/>\n<meta name=\"twitter:card\" content=\"summary_large_image\" \/>\n<meta name=\"twitter:site\" content=\"@PTSSA\" \/>\n<meta name=\"twitter:label1\" content=\"Est. reading time\" \/>\n\t<meta name=\"twitter:data1\" content=\"4 minutes\" \/>\n<script type=\"application\/ld+json\" class=\"yoast-schema-graph\">{\"@context\":\"https:\/\/schema.org\",\"@graph\":[{\"@type\":\"WebPage\",\"@id\":\"https:\/\/www.patentattorneys.ch\/societe\/histoire\/\",\"url\":\"https:\/\/www.patentattorneys.ch\/societe\/histoire\/\",\"name\":\"Geschichte - P&amp;TS AG\",\"isPartOf\":{\"@id\":\"https:\/\/www.patentattorneys.ch\/de\/#website\"},\"primaryImageOfPage\":{\"@id\":\"https:\/\/www.patentattorneys.ch\/societe\/histoire\/#primaryimage\"},\"image\":{\"@id\":\"https:\/\/www.patentattorneys.ch\/societe\/histoire\/#primaryimage\"},\"thumbnailUrl\":\"https:\/\/www.patentattorneys.ch\/wp-content\/uploads\/2020\/11\/image_4.jpg\",\"datePublished\":\"2016-01-18T21:35:09+00:00\",\"dateModified\":\"2024-05-15T16:49:54+00:00\",\"description\":\"P&TS a \u00e9t\u00e9 cr\u00e9\u00e9 en 1998 \u00e0 Neuch\u00e2tel. D\u00e9couvrez l'histoire de P&TS SA et comment nous entrevoyons l'avenir.\",\"breadcrumb\":{\"@id\":\"https:\/\/www.patentattorneys.ch\/societe\/histoire\/#breadcrumb\"},\"inLanguage\":\"de-DE\",\"potentialAction\":[{\"@type\":\"ReadAction\",\"target\":[\"https:\/\/www.patentattorneys.ch\/societe\/histoire\/\"]}]},{\"@type\":\"ImageObject\",\"inLanguage\":\"de-DE\",\"@id\":\"https:\/\/www.patentattorneys.ch\/societe\/histoire\/#primaryimage\",\"url\":\"https:\/\/www.patentattorneys.ch\/wp-content\/uploads\/2020\/11\/image_4.jpg\",\"contentUrl\":\"https:\/\/www.patentattorneys.ch\/wp-content\/uploads\/2020\/11\/image_4.jpg\"},{\"@type\":\"BreadcrumbList\",\"@id\":\"https:\/\/www.patentattorneys.ch\/societe\/histoire\/#breadcrumb\",\"itemListElement\":[{\"@type\":\"ListItem\",\"position\":1,\"name\":\"Accueil\",\"item\":\"https:\/\/www.patentattorneys.ch\/\"},{\"@type\":\"ListItem\",\"position\":2,\"name\":\"Company\",\"item\":\"https:\/\/www.patentattorneys.ch\/societe\/\"},{\"@type\":\"ListItem\",\"position\":3,\"name\":\"Our story\"}]},{\"@type\":\"WebSite\",\"@id\":\"https:\/\/www.patentattorneys.ch\/de\/#website\",\"url\":\"https:\/\/www.patentattorneys.ch\/de\/\",\"name\":\"P&amp;TS AG\",\"description\":\"Patentanw\u00e4lte\",\"publisher\":{\"@id\":\"https:\/\/www.patentattorneys.ch\/de\/#organization\"},\"potentialAction\":[{\"@type\":\"SearchAction\",\"target\":{\"@type\":\"EntryPoint\",\"urlTemplate\":\"https:\/\/www.patentattorneys.ch\/de\/?s={search_term_string}\"},\"query-input\":{\"@type\":\"PropertyValueSpecification\",\"valueRequired\":true,\"valueName\":\"search_term_string\"}}],\"inLanguage\":\"de-DE\"},{\"@type\":\"Organization\",\"@id\":\"https:\/\/www.patentattorneys.ch\/de\/#organization\",\"name\":\"P&TS SA\",\"url\":\"https:\/\/www.patentattorneys.ch\/de\/\",\"logo\":{\"@type\":\"ImageObject\",\"inLanguage\":\"de-DE\",\"@id\":\"https:\/\/www.patentattorneys.ch\/de\/#\/schema\/logo\/image\/\",\"url\":\"https:\/\/www.patentattorneys.ch\/wp-content\/uploads\/2016\/01\/PTS_Icon.jpg\",\"contentUrl\":\"https:\/\/www.patentattorneys.ch\/wp-content\/uploads\/2016\/01\/PTS_Icon.jpg\",\"width\":512,\"height\":512,\"caption\":\"P&TS SA\"},\"image\":{\"@id\":\"https:\/\/www.patentattorneys.ch\/de\/#\/schema\/logo\/image\/\"},\"sameAs\":[\"https:\/\/www.facebook.com\/PTS.Ltd\/\",\"https:\/\/x.com\/PTSSA\",\"https:\/\/www.linkedin.com\/company\/p&ts-sa\"]}]}<\/script>\n<!-- \/ Yoast SEO plugin. -->","yoast_head_json":{"title":"Geschichte - P&amp;TS AG","description":"P&TS wurde 1998 in Neuenburg gegr\u00fcndet. Erfahren Sie mehr \u00fcber die Geschichte von P&TS SA und wie wir die Zukunft sehen.","robots":{"index":"index","follow":"follow","max-snippet":"max-snippet:-1","max-image-preview":"max-image-preview:large","max-video-preview":"max-video-preview:-1"},"canonical":"https:\/\/www.patentattorneys.ch\/societe\/histoire\/","og_locale":"de_DE","og_type":"article","og_title":"Geschichte - P&amp;TS AG","og_description":"P&TS wurde 1998 in Neuenburg gegr\u00fcndet. Erfahren Sie mehr \u00fcber die Geschichte von P&TS SA und wie wir die Zukunft sehen.","og_url":"https:\/\/www.patentattorneys.ch\/societe\/histoire\/","og_site_name":"P&amp;TS AG","article_publisher":"https:\/\/www.facebook.com\/PTS.Ltd\/","article_modified_time":"2024-05-15T16:49:54+00:00","og_image":[{"url":"https:\/\/www.patentattorneys.ch\/wp-content\/uploads\/2020\/11\/image_4.jpg","type":"","width":"","height":""}],"twitter_card":"summary_large_image","twitter_site":"@PTSSA","twitter_misc":{"Est. reading time":"4 minutes"},"schema":{"@context":"https:\/\/schema.org","@graph":[{"@type":"WebPage","@id":"https:\/\/www.patentattorneys.ch\/societe\/histoire\/","url":"https:\/\/www.patentattorneys.ch\/societe\/histoire\/","name":"Geschichte - P&amp;TS AG","isPartOf":{"@id":"https:\/\/www.patentattorneys.ch\/de\/#website"},"primaryImageOfPage":{"@id":"https:\/\/www.patentattorneys.ch\/societe\/histoire\/#primaryimage"},"image":{"@id":"https:\/\/www.patentattorneys.ch\/societe\/histoire\/#primaryimage"},"thumbnailUrl":"https:\/\/www.patentattorneys.ch\/wp-content\/uploads\/2020\/11\/image_4.jpg","datePublished":"2016-01-18T21:35:09+00:00","dateModified":"2024-05-15T16:49:54+00:00","description":"P&TS a \u00e9t\u00e9 cr\u00e9\u00e9 en 1998 \u00e0 Neuch\u00e2tel. D\u00e9couvrez l'histoire de P&TS SA et comment nous entrevoyons l'avenir.","breadcrumb":{"@id":"https:\/\/www.patentattorneys.ch\/societe\/histoire\/#breadcrumb"},"inLanguage":"de-DE","potentialAction":[{"@type":"ReadAction","target":["https:\/\/www.patentattorneys.ch\/societe\/histoire\/"]}]},{"@type":"ImageObject","inLanguage":"de-DE","@id":"https:\/\/www.patentattorneys.ch\/societe\/histoire\/#primaryimage","url":"https:\/\/www.patentattorneys.ch\/wp-content\/uploads\/2020\/11\/image_4.jpg","contentUrl":"https:\/\/www.patentattorneys.ch\/wp-content\/uploads\/2020\/11\/image_4.jpg"},{"@type":"BreadcrumbList","@id":"https:\/\/www.patentattorneys.ch\/societe\/histoire\/#breadcrumb","itemListElement":[{"@type":"ListItem","position":1,"name":"Accueil","item":"https:\/\/www.patentattorneys.ch\/"},{"@type":"ListItem","position":2,"name":"Company","item":"https:\/\/www.patentattorneys.ch\/societe\/"},{"@type":"ListItem","position":3,"name":"Our story"}]},{"@type":"WebSite","@id":"https:\/\/www.patentattorneys.ch\/de\/#website","url":"https:\/\/www.patentattorneys.ch\/de\/","name":"P&amp;TS AG","description":"Patentanw\u00e4lte","publisher":{"@id":"https:\/\/www.patentattorneys.ch\/de\/#organization"},"potentialAction":[{"@type":"SearchAction","target":{"@type":"EntryPoint","urlTemplate":"https:\/\/www.patentattorneys.ch\/de\/?s={search_term_string}"},"query-input":{"@type":"PropertyValueSpecification","valueRequired":true,"valueName":"search_term_string"}}],"inLanguage":"de-DE"},{"@type":"Organization","@id":"https:\/\/www.patentattorneys.ch\/de\/#organization","name":"P&TS SA","url":"https:\/\/www.patentattorneys.ch\/de\/","logo":{"@type":"ImageObject","inLanguage":"de-DE","@id":"https:\/\/www.patentattorneys.ch\/de\/#\/schema\/logo\/image\/","url":"https:\/\/www.patentattorneys.ch\/wp-content\/uploads\/2016\/01\/PTS_Icon.jpg","contentUrl":"https:\/\/www.patentattorneys.ch\/wp-content\/uploads\/2016\/01\/PTS_Icon.jpg","width":512,"height":512,"caption":"P&TS SA"},"image":{"@id":"https:\/\/www.patentattorneys.ch\/de\/#\/schema\/logo\/image\/"},"sameAs":["https:\/\/www.facebook.com\/PTS.Ltd\/","https:\/\/x.com\/PTSSA","https:\/\/www.linkedin.com\/company\/p&ts-sa"]}]}},"_links":{"self":[{"href":"https:\/\/www.patentattorneys.ch\/de\/wp-json\/wp\/v2\/pages\/15773"}],"collection":[{"href":"https:\/\/www.patentattorneys.ch\/de\/wp-json\/wp\/v2\/pages"}],"about":[{"href":"https:\/\/www.patentattorneys.ch\/de\/wp-json\/wp\/v2\/types\/page"}],"author":[{"embeddable":true,"href":"https:\/\/www.patentattorneys.ch\/de\/wp-json\/wp\/v2\/users\/4"}],"replies":[{"embeddable":true,"href":"https:\/\/www.patentattorneys.ch\/de\/wp-json\/wp\/v2\/comments?post=15773"}],"version-history":[{"count":126,"href":"https:\/\/www.patentattorneys.ch\/de\/wp-json\/wp\/v2\/pages\/15773\/revisions"}],"predecessor-version":[{"id":33803,"href":"https:\/\/www.patentattorneys.ch\/de\/wp-json\/wp\/v2\/pages\/15773\/revisions\/33803"}],"up":[{"embeddable":true,"href":"https:\/\/www.patentattorneys.ch\/de\/wp-json\/wp\/v2\/pages\/15587"}],"wp:attachment":[{"href":"https:\/\/www.patentattorneys.ch\/de\/wp-json\/wp\/v2\/media?parent=15773"}],"curies":[{"name":"wp","href":"https:\/\/api.w.org\/{rel}","templated":true}]}}