

{"id":15789,"date":"2016-01-18T23:02:47","date_gmt":"2016-01-18T22:02:47","guid":{"rendered":"http:\/\/www.patentattorneys.ch\/?page_id=15789"},"modified":"2024-05-15T15:48:30","modified_gmt":"2024-05-15T14:48:30","slug":"design","status":"publish","type":"page","link":"https:\/\/www.patentattorneys.ch\/de\/dienstleitungen\/design\/","title":{"rendered":"Design"},"content":{"rendered":"<div class=\"wpb-content-wrapper\"><p>[vc_row type=&#8221;full_width_section&#8221;][vc_column width=&#8221;1\/1&#8243;]<div class=\"imagebox wpb_content_element style-1\"><div class=\"imagebox-img\"><img decoding=\"async\" src=\"https:\/\/www.patentattorneys.ch\/wp-content\/uploads\/2019\/10\/banner_design_wide.jpg\" alt=\"protection d&#039;un design - design protection - Designschutz - propis\" \/><\/div><\/div>[\/vc_column][\/vc_row][vc_row][vc_column width=&#8221;1\/1&#8243;]<style>#breadcrumb-69e15178d44ea li::after { content: \"\u00bb\" }<\/style><div class=\"\"><ol class=\"wwp-vc-breadcrumbs \" id=\"breadcrumb-69e15178d44ea\"><li class=\"visited\"><a href=\"\/\">Home<\/a><\/li><li class=\"visited\"><a href=\"https:\/\/www.patentattorneys.ch\/de\/dienstleitungen\/\">{:fr}Services{:}{:de}Dienstleitungen{:}{:en}Our services{:}<\/a><\/li><li class=\"current\"><span>Design<\/span><\/li><\/ol><\/div>[\/vc_column][\/vc_row][vc_row bg_image=&#8221;15893&#8243;][vc_column animation=&#8221;fade-in-from-left&#8221; width=&#8221;2\/3&#8243;]<div class=\"spacer\" style=\"height: 40px;\"><\/div>[vc_column_text]<\/p>\n<h1>\u00a0Design<\/h1>\n<p>[\/vc_column_text][vc_tabs][vc_tab title=&#8221;Was soll besch\u00fctzt werden?&#8221; tab_id=&#8221;c9c08126-3851-8&#8243;][vc_column_text]Das Design eines Produktes ist oft ausschlaggebend f\u00fcr dessen wirtschaftlichen Erfolg. Besonders gelungene Formen oder Motive k\u00f6nnen den maximalen Preis f\u00fcr ein gegebenes Produkt vervielfachen.<\/p>\n<h6>Das Einreichen eines Designs erm\u00f6glicht einen Schutz vor Designnachahmungen. Ein Schutz kann sowohl zweidimensionalen Kreationen (Textilien, Verpackung, Uhrenzifferblatt usw.) als auch dreidimensionalen Objekten (M\u00f6beln, Uhren, Gestellen) erteilt werden.<\/h6>\n<p>Das am 1. Juli 2002 eingef\u00fchrte Schweizerische Designgesetz gew\u00e4hrt einen bedeutend erweiterten Schutzumfang und die Schutzdauer wurde von vorher 15 auf jetzt 25 Jahre erh\u00f6ht. Die Vorteile des fr\u00fcheren Muster- &amp; Modellgesetz, d.h. ein einfaches und relativ g\u00fcnstiges Verfahren, wurden dabei beibehalten, und eine Eintragung kann in der Regel innerhalb von 1-2 Monaten erreicht werden. Anmeldungen, die mehreren Designs umfassen, sind erlaubt, insofern als die verschiedenen Objekte der gleichen Klasse der Locarno Klassifikation geh\u00f6ren. Die Gesamtkosten f\u00fcr den Designschutz in der Schweiz sind von der Anzahl Designs (d.h. Objekte) und der Anzahl von ver\u00f6ffentlichten Abbildungen abh\u00e4ngig. Eine kurze Beschreibung des Designs (max. 100 W\u00f6rter) kann fakultativ eingereicht werden. Obwohl versiegelte Anmeldungen nicht mehr gestattet sind, ist es nun m\u00f6glich, eine Verschiebung der Ver\u00f6ffentlichung um maximal 30 Monate zu beantragen.[\/vc_column_text][\/vc_tab][vc_tab title=&#8221;Wie sch\u00fctzen&#8221; tab_id=&#8221;1456050325771-1-10&#8243;][vc_column_text]Es ist m\u00f6glich, f\u00fcr ein und dieselbe Vorrichtung sowohl ihre \u00e4sthetischen Merkmale mittels Muster- und Modellgesetz als auch ihre technischen Merkmale durch das Patentgesetz sch\u00fctzen zu lassen. Die beiden Rechte erg\u00e4nzen sich so zu einem kompletten Schutz. Weitere Informationen k\u00f6nnen hier herunter geladen werden.[\/vc_column_text][\/vc_tab][\/vc_tabs][\/vc_column][vc_column animation=&#8221;fade-in-from-bottom&#8221; width=&#8221;1\/3&#8243;]<div class=\"spacer\" style=\"height: 40px;\"><\/div>[vc_column_text]<\/p>\n<h3>KONTAKT<\/h3>\n<p>[\/vc_column_text]<div class=\"member wpb_content_element test\"><div class=\"member-img\"><a href='https:\/\/www.patentattorneys.ch\/de\/kontakt\/'><img decoding=\"async\" src=\"https:\/\/www.patentattorneys.ch\/wp-content\/uploads\/2020\/11\/schreyer_2003359.jpg\" alt=\"\" \/><\/a><\/div><h4><a href='https:\/\/www.patentattorneys.ch\/de\/kontakt\/'>Contact P&amp;TS SA<\/a><\/h4><div class=\"member-role\"><\/div><div class=\"member-content\"><p><a href=\"&#x6d;a&#x69;&#x6c;t&#x6f;&#x3a;i&#x6e;&#x66;o&#x40;&#x70;a&#x74;&#x65;n&#x74;&#97;t&#x74;&#111;r&#x6e;&#101;y&#x73;&#46;c&#x68;\"><i class=\"fa fa-envelope-o minti-icon\" style=\"color:#888888 !important; font-size: 14px; margin: 0px 0px 0px 0px\"><\/i> e-mail<\/a><\/p><\/div><\/div><div class=\"newdivider align-center\" style=\"border-bottom-style: solid; border-color: #b7b7b7; border-bottom-width: 1px; margin-top: 0; margin-bottom: 20px; width: 100%; \"><\/div><div class=\"clear\"><\/div>[\/vc_column][\/vc_row]<\/p>\n<\/div>","protected":false},"excerpt":{"rendered":"<p>[vc_row type=&#8221;full_width_section&#8221;][vc_column width=&#8221;1\/1&#8243;][\/vc_column][\/vc_row][vc_row][vc_column width=&#8221;1\/1&#8243;][\/vc_column][\/vc_row][vc_row bg_image=&#8221;15893&#8243;][vc_column animation=&#8221;fade-in-from-left&#8221; width=&#8221;2\/3&#8243;][vc_column_text] \u00a0Design [\/vc_column_text][vc_tabs][vc_tab title=&#8221;Was soll besch\u00fctzt werden?&#8221; tab_id=&#8221;c9c08126-3851-8&#8243;][vc_column_text]Das Design eines Produktes ist oft ausschlaggebend f\u00fcr dessen wirtschaftlichen Erfolg. Besonders gelungene Formen oder Motive k\u00f6nnen den maximalen Preis f\u00fcr ein gegebenes Produkt vervielfachen. Das Einreichen eines Designs erm\u00f6glicht einen Schutz vor Designnachahmungen. Ein Schutz kann sowohl zweidimensionalen Kreationen (Textilien, Verpackung, Uhrenzifferblatt usw.) als auch dreidimensionalen Objekten (M\u00f6beln, Uhren, Gestellen) erteilt werden. Das am 1. Juli 2002 eingef\u00fchrte Schweizerische Designgesetz gew\u00e4hrt einen bedeutend erweiterten Schutzumfang und die Schutzdauer wurde von vorher 15 auf jetzt 25 Jahre erh\u00f6ht. Die Vorteile des fr\u00fcheren Muster- &amp; Modellgesetz, d.h. ein einfaches und relativ g\u00fcnstiges Verfahren, wurden dabei beibehalten, und eine Eintragung kann in der Regel innerhalb von 1-2 Monaten erreicht werden. Anmeldungen, die mehreren Designs umfassen, sind erlaubt, insofern als die verschiedenen Objekte der gleichen Klasse der Locarno Klassifikation geh\u00f6ren. Die Gesamtkosten f\u00fcr den Designschutz in der Schweiz sind von der Anzahl Designs (d.h. Objekte) und der Anzahl von ver\u00f6ffentlichten Abbildungen abh\u00e4ngig. Eine kurze Beschreibung des Designs (max. 100 W\u00f6rter) kann fakultativ eingereicht werden. Obwohl versiegelte Anmeldungen nicht mehr gestattet sind, ist es nun m\u00f6glich, eine Verschiebung der Ver\u00f6ffentlichung um maximal 30 Monate zu beantragen.[\/vc_column_text][\/vc_tab][vc_tab title=&#8221;Wie sch\u00fctzen&#8221; tab_id=&#8221;1456050325771-1-10&#8243;][vc_column_text]Es ist m\u00f6glich, [&hellip;]<\/p>\n","protected":false},"author":4,"featured_media":0,"parent":15428,"menu_order":0,"comment_status":"closed","ping_status":"closed","template":"","meta":{"footnotes":""},"translation":{"provider":"WPGlobus","version":"3.0.2","language":"de","enabled_languages":["fr","de","en","it"],"languages":{"fr":{"title":true,"content":true,"excerpt":false},"de":{"title":true,"content":true,"excerpt":false},"en":{"title":true,"content":true,"excerpt":false},"it":{"title":false,"content":false,"excerpt":false}}},"yoast_head":"<!-- This site is optimized with the Yoast SEO plugin v24.4 - https:\/\/yoast.com\/wordpress\/plugins\/seo\/ -->\n<title>Design - P&amp;TS AG<\/title>\n<meta name=\"description\" content=\"Neben Patenten sch\u00fctzt das Registrieren eines Designs vor F\u00e4lschungen. Kontaktieren Sie uns f\u00fcr weitere Informationen.\" \/>\n<meta name=\"robots\" content=\"index, follow, max-snippet:-1, max-image-preview:large, max-video-preview:-1\" \/>\n<link rel=\"canonical\" href=\"https:\/\/www.patentattorneys.ch\/nos-services\/design\/\" \/>\n<meta property=\"og:locale\" content=\"de_DE\" \/>\n<meta property=\"og:type\" content=\"article\" \/>\n<meta property=\"og:title\" content=\"Design - P&amp;TS AG\" \/>\n<meta property=\"og:description\" content=\"Neben Patenten sch\u00fctzt das Registrieren eines Designs vor F\u00e4lschungen. Kontaktieren Sie uns f\u00fcr weitere Informationen.\" \/>\n<meta property=\"og:url\" content=\"https:\/\/www.patentattorneys.ch\/nos-services\/design\/\" \/>\n<meta property=\"og:site_name\" content=\"P&amp;TS AG\" \/>\n<meta property=\"article:publisher\" content=\"https:\/\/www.facebook.com\/PTS.Ltd\/\" \/>\n<meta property=\"article:modified_time\" content=\"2024-05-15T14:48:30+00:00\" \/>\n<meta name=\"twitter:card\" content=\"summary_large_image\" \/>\n<meta name=\"twitter:site\" content=\"@PTSSA\" \/>\n<meta name=\"twitter:label1\" content=\"Est. reading time\" \/>\n\t<meta name=\"twitter:data1\" content=\"2 minutes\" \/>\n<script type=\"application\/ld+json\" class=\"yoast-schema-graph\">{\"@context\":\"https:\/\/schema.org\",\"@graph\":[{\"@type\":\"WebPage\",\"@id\":\"https:\/\/www.patentattorneys.ch\/nos-services\/design\/\",\"url\":\"https:\/\/www.patentattorneys.ch\/nos-services\/design\/\",\"name\":\"Design - P&amp;TS AG\",\"isPartOf\":{\"@id\":\"https:\/\/www.patentattorneys.ch\/de\/#website\"},\"datePublished\":\"2016-01-18T22:02:47+00:00\",\"dateModified\":\"2024-05-15T14:48:30+00:00\",\"description\":\"A c\u00f4t\u00e9 du brevet, le d\u00e9p\u00f4t d'un design permet de se prot\u00e9ger contre les contrefa\u00e7ons. Contactez-nous pour en savoir plus.\",\"breadcrumb\":{\"@id\":\"https:\/\/www.patentattorneys.ch\/nos-services\/design\/#breadcrumb\"},\"inLanguage\":\"de-DE\",\"potentialAction\":[{\"@type\":\"ReadAction\",\"target\":[\"https:\/\/www.patentattorneys.ch\/nos-services\/design\/\"]}]},{\"@type\":\"BreadcrumbList\",\"@id\":\"https:\/\/www.patentattorneys.ch\/nos-services\/design\/#breadcrumb\",\"itemListElement\":[{\"@type\":\"ListItem\",\"position\":1,\"name\":\"Accueil\",\"item\":\"https:\/\/www.patentattorneys.ch\/\"},{\"@type\":\"ListItem\",\"position\":2,\"name\":\"Our services\",\"item\":\"https:\/\/www.patentattorneys.ch\/nos-services\/\"},{\"@type\":\"ListItem\",\"position\":3,\"name\":\"Design\"}]},{\"@type\":\"WebSite\",\"@id\":\"https:\/\/www.patentattorneys.ch\/de\/#website\",\"url\":\"https:\/\/www.patentattorneys.ch\/de\/\",\"name\":\"P&amp;TS AG\",\"description\":\"Patentanw\u00e4lte\",\"publisher\":{\"@id\":\"https:\/\/www.patentattorneys.ch\/de\/#organization\"},\"potentialAction\":[{\"@type\":\"SearchAction\",\"target\":{\"@type\":\"EntryPoint\",\"urlTemplate\":\"https:\/\/www.patentattorneys.ch\/de\/?s={search_term_string}\"},\"query-input\":{\"@type\":\"PropertyValueSpecification\",\"valueRequired\":true,\"valueName\":\"search_term_string\"}}],\"inLanguage\":\"de-DE\"},{\"@type\":\"Organization\",\"@id\":\"https:\/\/www.patentattorneys.ch\/de\/#organization\",\"name\":\"P&TS SA\",\"url\":\"https:\/\/www.patentattorneys.ch\/de\/\",\"logo\":{\"@type\":\"ImageObject\",\"inLanguage\":\"de-DE\",\"@id\":\"https:\/\/www.patentattorneys.ch\/de\/#\/schema\/logo\/image\/\",\"url\":\"https:\/\/www.patentattorneys.ch\/wp-content\/uploads\/2016\/01\/PTS_Icon.jpg\",\"contentUrl\":\"https:\/\/www.patentattorneys.ch\/wp-content\/uploads\/2016\/01\/PTS_Icon.jpg\",\"width\":512,\"height\":512,\"caption\":\"P&TS SA\"},\"image\":{\"@id\":\"https:\/\/www.patentattorneys.ch\/de\/#\/schema\/logo\/image\/\"},\"sameAs\":[\"https:\/\/www.facebook.com\/PTS.Ltd\/\",\"https:\/\/x.com\/PTSSA\",\"https:\/\/www.linkedin.com\/company\/p&ts-sa\"]}]}<\/script>\n<!-- \/ Yoast SEO plugin. -->","yoast_head_json":{"title":"Design - P&amp;TS AG","description":"Neben Patenten sch\u00fctzt das Registrieren eines Designs vor F\u00e4lschungen. Kontaktieren Sie uns f\u00fcr weitere Informationen.","robots":{"index":"index","follow":"follow","max-snippet":"max-snippet:-1","max-image-preview":"max-image-preview:large","max-video-preview":"max-video-preview:-1"},"canonical":"https:\/\/www.patentattorneys.ch\/nos-services\/design\/","og_locale":"de_DE","og_type":"article","og_title":"Design - P&amp;TS AG","og_description":"Neben Patenten sch\u00fctzt das Registrieren eines Designs vor F\u00e4lschungen. Kontaktieren Sie uns f\u00fcr weitere Informationen.","og_url":"https:\/\/www.patentattorneys.ch\/nos-services\/design\/","og_site_name":"P&amp;TS AG","article_publisher":"https:\/\/www.facebook.com\/PTS.Ltd\/","article_modified_time":"2024-05-15T14:48:30+00:00","twitter_card":"summary_large_image","twitter_site":"@PTSSA","twitter_misc":{"Est. reading time":"2 minutes"},"schema":{"@context":"https:\/\/schema.org","@graph":[{"@type":"WebPage","@id":"https:\/\/www.patentattorneys.ch\/nos-services\/design\/","url":"https:\/\/www.patentattorneys.ch\/nos-services\/design\/","name":"Design - P&amp;TS AG","isPartOf":{"@id":"https:\/\/www.patentattorneys.ch\/de\/#website"},"datePublished":"2016-01-18T22:02:47+00:00","dateModified":"2024-05-15T14:48:30+00:00","description":"A c\u00f4t\u00e9 du brevet, le d\u00e9p\u00f4t d'un design permet de se prot\u00e9ger contre les contrefa\u00e7ons. Contactez-nous pour en savoir plus.","breadcrumb":{"@id":"https:\/\/www.patentattorneys.ch\/nos-services\/design\/#breadcrumb"},"inLanguage":"de-DE","potentialAction":[{"@type":"ReadAction","target":["https:\/\/www.patentattorneys.ch\/nos-services\/design\/"]}]},{"@type":"BreadcrumbList","@id":"https:\/\/www.patentattorneys.ch\/nos-services\/design\/#breadcrumb","itemListElement":[{"@type":"ListItem","position":1,"name":"Accueil","item":"https:\/\/www.patentattorneys.ch\/"},{"@type":"ListItem","position":2,"name":"Our services","item":"https:\/\/www.patentattorneys.ch\/nos-services\/"},{"@type":"ListItem","position":3,"name":"Design"}]},{"@type":"WebSite","@id":"https:\/\/www.patentattorneys.ch\/de\/#website","url":"https:\/\/www.patentattorneys.ch\/de\/","name":"P&amp;TS AG","description":"Patentanw\u00e4lte","publisher":{"@id":"https:\/\/www.patentattorneys.ch\/de\/#organization"},"potentialAction":[{"@type":"SearchAction","target":{"@type":"EntryPoint","urlTemplate":"https:\/\/www.patentattorneys.ch\/de\/?s={search_term_string}"},"query-input":{"@type":"PropertyValueSpecification","valueRequired":true,"valueName":"search_term_string"}}],"inLanguage":"de-DE"},{"@type":"Organization","@id":"https:\/\/www.patentattorneys.ch\/de\/#organization","name":"P&TS SA","url":"https:\/\/www.patentattorneys.ch\/de\/","logo":{"@type":"ImageObject","inLanguage":"de-DE","@id":"https:\/\/www.patentattorneys.ch\/de\/#\/schema\/logo\/image\/","url":"https:\/\/www.patentattorneys.ch\/wp-content\/uploads\/2016\/01\/PTS_Icon.jpg","contentUrl":"https:\/\/www.patentattorneys.ch\/wp-content\/uploads\/2016\/01\/PTS_Icon.jpg","width":512,"height":512,"caption":"P&TS SA"},"image":{"@id":"https:\/\/www.patentattorneys.ch\/de\/#\/schema\/logo\/image\/"},"sameAs":["https:\/\/www.facebook.com\/PTS.Ltd\/","https:\/\/x.com\/PTSSA","https:\/\/www.linkedin.com\/company\/p&ts-sa"]}]}},"_links":{"self":[{"href":"https:\/\/www.patentattorneys.ch\/de\/wp-json\/wp\/v2\/pages\/15789"}],"collection":[{"href":"https:\/\/www.patentattorneys.ch\/de\/wp-json\/wp\/v2\/pages"}],"about":[{"href":"https:\/\/www.patentattorneys.ch\/de\/wp-json\/wp\/v2\/types\/page"}],"author":[{"embeddable":true,"href":"https:\/\/www.patentattorneys.ch\/de\/wp-json\/wp\/v2\/users\/4"}],"replies":[{"embeddable":true,"href":"https:\/\/www.patentattorneys.ch\/de\/wp-json\/wp\/v2\/comments?post=15789"}],"version-history":[{"count":88,"href":"https:\/\/www.patentattorneys.ch\/de\/wp-json\/wp\/v2\/pages\/15789\/revisions"}],"predecessor-version":[{"id":33784,"href":"https:\/\/www.patentattorneys.ch\/de\/wp-json\/wp\/v2\/pages\/15789\/revisions\/33784"}],"up":[{"embeddable":true,"href":"https:\/\/www.patentattorneys.ch\/de\/wp-json\/wp\/v2\/pages\/15428"}],"wp:attachment":[{"href":"https:\/\/www.patentattorneys.ch\/de\/wp-json\/wp\/v2\/media?parent=15789"}],"curies":[{"name":"wp","href":"https:\/\/api.w.org\/{rel}","templated":true}]}}