

{"id":15797,"date":"2016-01-18T23:05:27","date_gmt":"2016-01-18T22:05:27","guid":{"rendered":"http:\/\/www.patentattorneys.ch\/?page_id=15797"},"modified":"2025-08-13T10:47:53","modified_gmt":"2025-08-13T09:47:53","slug":"publications-defensives","status":"publish","type":"page","link":"https:\/\/www.patentattorneys.ch\/de\/dienstleitungen\/defensiv-veroffentlichungen\/","title":{"rendered":"Defensiv-Ver\u00f6ffentlichungen"},"content":{"rendered":"<div class=\"wpb-content-wrapper\"><p>[vc_row type=&#8221;full_width_section&#8221;][vc_column width=&#8221;1\/1&#8243;]<div class=\"imagebox wpb_content_element style-1\"><div class=\"imagebox-img\"><img decoding=\"async\" src=\"https:\/\/www.patentattorneys.ch\/wp-content\/uploads\/2019\/10\/banner_defense3_wide.jpg\" alt=\"Publications d\u00e9fensives - defensive publications - Defensiv-Ver\u00f6ffentlichungen\" \/><\/div><\/div>[\/vc_column][\/vc_row][vc_row][vc_column width=&#8221;1\/1&#8243;]<style>#breadcrumb-69de55ad35053 li::after { content: \"\u00bb\" }<\/style><div class=\"\"><ol class=\"wwp-vc-breadcrumbs \" id=\"breadcrumb-69de55ad35053\"><li class=\"visited\"><a href=\"\/\">Home<\/a><\/li><li class=\"visited\"><a href=\"https:\/\/www.patentattorneys.ch\/de\/dienstleitungen\/\">{:fr}Services{:}{:de}Dienstleitungen{:}{:en}Our services{:}<\/a><\/li><li class=\"current\"><span>Defensiv-Ver\u00f6ffentlichungen<\/span><\/li><\/ol><\/div>[\/vc_column][\/vc_row][vc_row bg_image=&#8221;15893&#8243;][vc_column animation=&#8221;fade-in-from-left&#8221; width=&#8221;2\/3&#8243;]<div class=\"spacer\" style=\"height: 40px;\"><\/div>[vc_column_text]<\/p>\n<h1>Defensiv-Ver\u00f6ffentlichungen<\/h1>\n<p>[\/vc_column_text][vc_tabs][vc_tab title=&#8221;Ziel&#8221; tab_id=&#8221;c9c08126-3851-8&#8243;][vc_column_text] Der Hauptzweck einer Defensiv-Ver\u00f6ffentlichung besteht darin, eine Erfindung zum Gemeingut werden zu lassen. In den meisten L\u00e4ndern kann kein Patent f\u00fcr eine Erfindung erteilt werden, die schon ver\u00f6ffentlicht wurde oder die sich auf naheliegende Weise aus dem Stand der Technik ableiten l\u00e4sst. Eine Erfindung zu ver\u00f6ffentlichen erlaubt es somit, einem Konkurrent das Patentieren der gleichen oder einer \u00e4hnlichen Erfindung zu verunm\u00f6glichen. [\/vc_column_text][\/vc_tab][vc_tab title=&#8221;Strategien&#8221; tab_id=&#8221;1453669696668-1-8&#8243;][vc_column_text] Verschiedene Strategien wurden entwickelt, um die Verwaltung von gewerblichen Rechtstiteln innerhalb einer Firma mittels Defensiv-Ver\u00f6ffentlichungen zu optimieren. Viele Firmen entscheiden sich somit, patentunw\u00fcrdige Erfindungen zu ver\u00f6ffentlichen, um sicher zu gehen, dass sie die entsprechende Technologie weiterhin verwenden k\u00f6nnen und dass keine Patente daf\u00fcr zu Gunsten von Konkurrenten erteilt werden. Die Ver\u00f6ffentlichung einer Erfindung gew\u00e4hrt zwar kein Monopol, aber sichert das Recht, die Erfindung weiterhin verwerten zu k\u00f6nnen. [\/vc_column_text][\/vc_tab][vc_tab title=&#8221;Defensiv-Ver\u00f6ffentlichung&#8221; tab_id=&#8221;1453669697398-2-4&#8243;][vc_column_text] Andere Firmen wiederum ziehen es vor, ihre Erfindungen unmittelbar nach der Einreichung einer Patentanmeldung zu ver\u00f6ffentlichen, um eine dazwischen kommende Anmeldung eines Dritten f\u00fcr die gleiche Erfindung nicht bek\u00e4mpfen zu m\u00fcssen.<\/p>\n<h6>Bisher war es schwierig, einen ad\u00e4quaten Kanal f\u00fcr die rasche, kosteng\u00fcnstige und administrativ einfache Ver\u00f6ffentlichung einer Erfindung zu finden.<\/h6>\n<p>Eine Ver\u00f6ffentlichung in einem Journal oder einer Zeitschrift bedeutet meistens lange Fristen und das Risiko, dass der Text von einem Revisor zur\u00fcckgewiesen wird. Eine Ver\u00f6ffentlichung auf dem Internet ist zwar einfacher, es kann aber schwierig oder gar unm\u00f6glich sein, zu einem sp\u00e4teren Zeitpunkt den genauen Inhalt und das genaue Datum der Ver\u00f6ffentlichung zu beweisen. [\/vc_column_text][\/vc_tab][vc_tab title=&#8221;ip.com&#8221; tab_id=&#8221;1453669698007-3-4&#8243;][vc_column_text]Wir haben diese Nachteile erkannt und bieten die M\u00f6glichkeit an, Dokumente beispielsweise .doc, .pdf oder .txt auf unserer Website zu ver\u00f6ffentlichen. Die Dokumente werden elektronisch datiert, unterzeichnet und beglaubigt, damit die Ver\u00f6ffentlichung und das Ver\u00f6ffentlichungsdatum sp\u00e4ter n\u00f6tigenfalls bewiesen werden k\u00f6nnen. Sie werden ferner in einer Datenbank gespeichert, zu welcher die Pr\u00fcfer des europ\u00e4ischen Patentamtes Zugang haben, um die Chancen zu vergr\u00f6ssern, dass diese Dokumente tats\u00e4chlich in den Recherchenberichten einer von einem Konkurrent nachher eingereichten Anmeldung zitiert werden und so sicherzustellen, dass niemand f\u00fcr die beschriebenen Erfindungen ein Patent erlangen kann.<\/p>\n<h6>An weitere Informationen interessiert? <a href=\"https:\/\/priorart.ip.com\/\">Klicken Sie auf hier<\/a>, um eine Erfindung zu ver\u00f6fffentlichen, oder um eine Recherche unter schon ver\u00f6ffentlichten Erfindungen durchzuf\u00fchren.<\/h6>\n<p>[\/vc_column_text][\/vc_tab][\/vc_tabs][\/vc_column][vc_column animation=&#8221;fade-in-from-bottom&#8221; width=&#8221;1\/3&#8243;]<div class=\"spacer\" style=\"height: 40px;\"><\/div>[vc_column_text]<\/p>\n<h3>KONTAKT<\/h3>\n<div id=\"gtx-trans\" style=\"position: absolute; left: 129px; top: -5.78125px;\">\n<div class=\"gtx-trans-icon\"><\/div>\n<\/div>\n<p>[\/vc_column_text]<div class=\"member wpb_content_element test\"><div class=\"member-img\"><img decoding=\"async\" src=\"https:\/\/www.patentattorneys.ch\/wp-content\/uploads\/2020\/10\/schreyer_2003319_contact.jpg\" alt=\"Contact\" \/><\/div><h4>KONTAKT P&amp;TS<\/h4><div class=\"member-role\"><\/div><div class=\"member-content\"><p><a href=\"&#x6d;&#x61;il&#x74;&#x6f;&#58;in&#x66;&#x6f;&#64;p&#x61;&#x74;&#101;nt&#x61;&#x74;to&#x72;&#x6e;&#101;ys&#x2e;&#x63;&#104;\"><i class=\"fa fa-envelope-o minti-icon\" style=\"color:#888888 !important; font-size: 14px; margin: 0px 0px 0px 0px\"><\/i> e-mail<\/a><\/p><\/div><\/div><div class=\"newdivider align-center\" style=\"border-bottom-style: solid; border-color: #b7b7b7; border-bottom-width: 1px; margin-top: 0; margin-bottom: 20px; width: 100%; \"><\/div><div class=\"clear\"><\/div>[\/vc_column][\/vc_row]<\/p>\n<\/div>","protected":false},"excerpt":{"rendered":"<p>[vc_row type=&#8221;full_width_section&#8221;][vc_column width=&#8221;1\/1&#8243;][\/vc_column][\/vc_row][vc_row][vc_column width=&#8221;1\/1&#8243;][\/vc_column][\/vc_row][vc_row bg_image=&#8221;15893&#8243;][vc_column animation=&#8221;fade-in-from-left&#8221; width=&#8221;2\/3&#8243;][vc_column_text] Defensiv-Ver\u00f6ffentlichungen [\/vc_column_text][vc_tabs][vc_tab title=&#8221;Ziel&#8221; tab_id=&#8221;c9c08126-3851-8&#8243;][vc_column_text] Der Hauptzweck einer Defensiv-Ver\u00f6ffentlichung besteht darin, eine Erfindung zum Gemeingut werden zu lassen. In den meisten L\u00e4ndern kann kein Patent f\u00fcr eine Erfindung erteilt werden, die schon ver\u00f6ffentlicht wurde oder die sich auf naheliegende Weise aus dem Stand der Technik ableiten l\u00e4sst. Eine Erfindung zu ver\u00f6ffentlichen erlaubt es somit, einem Konkurrent das Patentieren der gleichen oder einer \u00e4hnlichen Erfindung zu verunm\u00f6glichen. [\/vc_column_text][\/vc_tab][vc_tab title=&#8221;Strategien&#8221; tab_id=&#8221;1453669696668-1-8&#8243;][vc_column_text] Verschiedene Strategien wurden entwickelt, um die Verwaltung von gewerblichen Rechtstiteln innerhalb einer Firma mittels Defensiv-Ver\u00f6ffentlichungen zu optimieren. Viele Firmen entscheiden sich somit, patentunw\u00fcrdige Erfindungen zu ver\u00f6ffentlichen, um sicher zu gehen, dass sie die entsprechende Technologie weiterhin verwenden k\u00f6nnen und dass keine Patente daf\u00fcr zu Gunsten von Konkurrenten erteilt werden. Die Ver\u00f6ffentlichung einer Erfindung gew\u00e4hrt zwar kein Monopol, aber sichert das Recht, die Erfindung weiterhin verwerten zu k\u00f6nnen. [\/vc_column_text][\/vc_tab][vc_tab title=&#8221;Defensiv-Ver\u00f6ffentlichung&#8221; tab_id=&#8221;1453669697398-2-4&#8243;][vc_column_text] Andere Firmen wiederum ziehen es vor, ihre Erfindungen unmittelbar nach der Einreichung einer Patentanmeldung zu ver\u00f6ffentlichen, um eine dazwischen kommende Anmeldung eines Dritten f\u00fcr die gleiche Erfindung nicht bek\u00e4mpfen zu m\u00fcssen. Bisher war es schwierig, einen ad\u00e4quaten Kanal f\u00fcr die rasche, kosteng\u00fcnstige und administrativ einfache Ver\u00f6ffentlichung einer Erfindung zu finden. Eine Ver\u00f6ffentlichung in einem Journal [&hellip;]<\/p>\n","protected":false},"author":4,"featured_media":0,"parent":15428,"menu_order":0,"comment_status":"closed","ping_status":"closed","template":"","meta":{"footnotes":""},"translation":{"provider":"WPGlobus","version":"3.0.2","language":"de","enabled_languages":["fr","de","en","it"],"languages":{"fr":{"title":true,"content":true,"excerpt":false},"de":{"title":true,"content":true,"excerpt":false},"en":{"title":true,"content":true,"excerpt":false},"it":{"title":false,"content":false,"excerpt":false}}},"yoast_head":"<!-- This site is optimized with the Yoast SEO plugin v24.4 - https:\/\/yoast.com\/wordpress\/plugins\/seo\/ -->\n<title>Defensiv-Ver\u00f6ffentlichungen - P&amp;TS AG<\/title>\n<meta name=\"description\" content=\"Der Hauptzweck einer defensiven Ver\u00f6ffentlichung besteht darin, eine Erfindung der \u00d6ffentlichkeit zug\u00e4nglich zu machen. Kontaktieren Sie P&amp;TS SA f\u00fcr weitere Informationen.\" \/>\n<meta name=\"robots\" content=\"index, follow, max-snippet:-1, max-image-preview:large, max-video-preview:-1\" \/>\n<link rel=\"canonical\" href=\"https:\/\/www.patentattorneys.ch\/nos-services\/publications-defensives\/\" \/>\n<meta property=\"og:locale\" content=\"de_DE\" \/>\n<meta property=\"og:type\" content=\"article\" \/>\n<meta property=\"og:title\" content=\"Defensiv-Ver\u00f6ffentlichungen - P&amp;TS AG\" \/>\n<meta property=\"og:description\" content=\"Der Hauptzweck einer defensiven Ver\u00f6ffentlichung besteht darin, eine Erfindung der \u00d6ffentlichkeit zug\u00e4nglich zu machen. Kontaktieren Sie P&amp;TS SA f\u00fcr weitere Informationen.\" \/>\n<meta property=\"og:url\" content=\"https:\/\/www.patentattorneys.ch\/nos-services\/publications-defensives\/\" \/>\n<meta property=\"og:site_name\" content=\"P&amp;TS AG\" \/>\n<meta property=\"article:publisher\" content=\"https:\/\/www.facebook.com\/PTS.Ltd\/\" \/>\n<meta property=\"article:modified_time\" content=\"2025-08-13T09:47:53+00:00\" \/>\n<meta name=\"twitter:card\" content=\"summary_large_image\" \/>\n<meta name=\"twitter:site\" content=\"@PTSSA\" \/>\n<meta name=\"twitter:label1\" content=\"Est. reading time\" \/>\n\t<meta name=\"twitter:data1\" content=\"2 minutes\" \/>\n<script type=\"application\/ld+json\" class=\"yoast-schema-graph\">{\"@context\":\"https:\/\/schema.org\",\"@graph\":[{\"@type\":\"WebPage\",\"@id\":\"https:\/\/www.patentattorneys.ch\/nos-services\/publications-defensives\/\",\"url\":\"https:\/\/www.patentattorneys.ch\/nos-services\/publications-defensives\/\",\"name\":\"Defensiv-Ver\u00f6ffentlichungen - P&amp;TS AG\",\"isPartOf\":{\"@id\":\"https:\/\/www.patentattorneys.ch\/de\/#website\"},\"datePublished\":\"2016-01-18T22:05:27+00:00\",\"dateModified\":\"2025-08-13T09:47:53+00:00\",\"description\":\"Le but principal d\u2019une publication d\u00e9fensive est de mettre une invention dans le domaine public. Contactez P&TS SA pour plus d'informations.\",\"breadcrumb\":{\"@id\":\"https:\/\/www.patentattorneys.ch\/nos-services\/publications-defensives\/#breadcrumb\"},\"inLanguage\":\"de-DE\",\"potentialAction\":[{\"@type\":\"ReadAction\",\"target\":[\"https:\/\/www.patentattorneys.ch\/nos-services\/publications-defensives\/\"]}]},{\"@type\":\"BreadcrumbList\",\"@id\":\"https:\/\/www.patentattorneys.ch\/nos-services\/publications-defensives\/#breadcrumb\",\"itemListElement\":[{\"@type\":\"ListItem\",\"position\":1,\"name\":\"Accueil\",\"item\":\"https:\/\/www.patentattorneys.ch\/\"},{\"@type\":\"ListItem\",\"position\":2,\"name\":\"Our services\",\"item\":\"https:\/\/www.patentattorneys.ch\/nos-services\/\"},{\"@type\":\"ListItem\",\"position\":3,\"name\":\"Defensive publications\"}]},{\"@type\":\"WebSite\",\"@id\":\"https:\/\/www.patentattorneys.ch\/de\/#website\",\"url\":\"https:\/\/www.patentattorneys.ch\/de\/\",\"name\":\"P&amp;TS AG\",\"description\":\"Patentanw\u00e4lte\",\"publisher\":{\"@id\":\"https:\/\/www.patentattorneys.ch\/de\/#organization\"},\"potentialAction\":[{\"@type\":\"SearchAction\",\"target\":{\"@type\":\"EntryPoint\",\"urlTemplate\":\"https:\/\/www.patentattorneys.ch\/de\/?s={search_term_string}\"},\"query-input\":{\"@type\":\"PropertyValueSpecification\",\"valueRequired\":true,\"valueName\":\"search_term_string\"}}],\"inLanguage\":\"de-DE\"},{\"@type\":\"Organization\",\"@id\":\"https:\/\/www.patentattorneys.ch\/de\/#organization\",\"name\":\"P&TS SA\",\"url\":\"https:\/\/www.patentattorneys.ch\/de\/\",\"logo\":{\"@type\":\"ImageObject\",\"inLanguage\":\"de-DE\",\"@id\":\"https:\/\/www.patentattorneys.ch\/de\/#\/schema\/logo\/image\/\",\"url\":\"https:\/\/www.patentattorneys.ch\/wp-content\/uploads\/2016\/01\/PTS_Icon.jpg\",\"contentUrl\":\"https:\/\/www.patentattorneys.ch\/wp-content\/uploads\/2016\/01\/PTS_Icon.jpg\",\"width\":512,\"height\":512,\"caption\":\"P&TS SA\"},\"image\":{\"@id\":\"https:\/\/www.patentattorneys.ch\/de\/#\/schema\/logo\/image\/\"},\"sameAs\":[\"https:\/\/www.facebook.com\/PTS.Ltd\/\",\"https:\/\/x.com\/PTSSA\",\"https:\/\/www.linkedin.com\/company\/p&ts-sa\"]}]}<\/script>\n<!-- \/ Yoast SEO plugin. -->","yoast_head_json":{"title":"Defensiv-Ver\u00f6ffentlichungen - P&amp;TS AG","description":"Der Hauptzweck einer defensiven Ver\u00f6ffentlichung besteht darin, eine Erfindung der \u00d6ffentlichkeit zug\u00e4nglich zu machen. Kontaktieren Sie P&TS SA f\u00fcr weitere Informationen.","robots":{"index":"index","follow":"follow","max-snippet":"max-snippet:-1","max-image-preview":"max-image-preview:large","max-video-preview":"max-video-preview:-1"},"canonical":"https:\/\/www.patentattorneys.ch\/nos-services\/publications-defensives\/","og_locale":"de_DE","og_type":"article","og_title":"Defensiv-Ver\u00f6ffentlichungen - P&amp;TS AG","og_description":"Der Hauptzweck einer defensiven Ver\u00f6ffentlichung besteht darin, eine Erfindung der \u00d6ffentlichkeit zug\u00e4nglich zu machen. Kontaktieren Sie P&TS SA f\u00fcr weitere Informationen.","og_url":"https:\/\/www.patentattorneys.ch\/nos-services\/publications-defensives\/","og_site_name":"P&amp;TS AG","article_publisher":"https:\/\/www.facebook.com\/PTS.Ltd\/","article_modified_time":"2025-08-13T09:47:53+00:00","twitter_card":"summary_large_image","twitter_site":"@PTSSA","twitter_misc":{"Est. reading time":"2 minutes"},"schema":{"@context":"https:\/\/schema.org","@graph":[{"@type":"WebPage","@id":"https:\/\/www.patentattorneys.ch\/nos-services\/publications-defensives\/","url":"https:\/\/www.patentattorneys.ch\/nos-services\/publications-defensives\/","name":"Defensiv-Ver\u00f6ffentlichungen - P&amp;TS AG","isPartOf":{"@id":"https:\/\/www.patentattorneys.ch\/de\/#website"},"datePublished":"2016-01-18T22:05:27+00:00","dateModified":"2025-08-13T09:47:53+00:00","description":"Le but principal d\u2019une publication d\u00e9fensive est de mettre une invention dans le domaine public. Contactez P&TS SA pour plus d'informations.","breadcrumb":{"@id":"https:\/\/www.patentattorneys.ch\/nos-services\/publications-defensives\/#breadcrumb"},"inLanguage":"de-DE","potentialAction":[{"@type":"ReadAction","target":["https:\/\/www.patentattorneys.ch\/nos-services\/publications-defensives\/"]}]},{"@type":"BreadcrumbList","@id":"https:\/\/www.patentattorneys.ch\/nos-services\/publications-defensives\/#breadcrumb","itemListElement":[{"@type":"ListItem","position":1,"name":"Accueil","item":"https:\/\/www.patentattorneys.ch\/"},{"@type":"ListItem","position":2,"name":"Our services","item":"https:\/\/www.patentattorneys.ch\/nos-services\/"},{"@type":"ListItem","position":3,"name":"Defensive publications"}]},{"@type":"WebSite","@id":"https:\/\/www.patentattorneys.ch\/de\/#website","url":"https:\/\/www.patentattorneys.ch\/de\/","name":"P&amp;TS AG","description":"Patentanw\u00e4lte","publisher":{"@id":"https:\/\/www.patentattorneys.ch\/de\/#organization"},"potentialAction":[{"@type":"SearchAction","target":{"@type":"EntryPoint","urlTemplate":"https:\/\/www.patentattorneys.ch\/de\/?s={search_term_string}"},"query-input":{"@type":"PropertyValueSpecification","valueRequired":true,"valueName":"search_term_string"}}],"inLanguage":"de-DE"},{"@type":"Organization","@id":"https:\/\/www.patentattorneys.ch\/de\/#organization","name":"P&TS SA","url":"https:\/\/www.patentattorneys.ch\/de\/","logo":{"@type":"ImageObject","inLanguage":"de-DE","@id":"https:\/\/www.patentattorneys.ch\/de\/#\/schema\/logo\/image\/","url":"https:\/\/www.patentattorneys.ch\/wp-content\/uploads\/2016\/01\/PTS_Icon.jpg","contentUrl":"https:\/\/www.patentattorneys.ch\/wp-content\/uploads\/2016\/01\/PTS_Icon.jpg","width":512,"height":512,"caption":"P&TS SA"},"image":{"@id":"https:\/\/www.patentattorneys.ch\/de\/#\/schema\/logo\/image\/"},"sameAs":["https:\/\/www.facebook.com\/PTS.Ltd\/","https:\/\/x.com\/PTSSA","https:\/\/www.linkedin.com\/company\/p&ts-sa"]}]}},"_links":{"self":[{"href":"https:\/\/www.patentattorneys.ch\/de\/wp-json\/wp\/v2\/pages\/15797"}],"collection":[{"href":"https:\/\/www.patentattorneys.ch\/de\/wp-json\/wp\/v2\/pages"}],"about":[{"href":"https:\/\/www.patentattorneys.ch\/de\/wp-json\/wp\/v2\/types\/page"}],"author":[{"embeddable":true,"href":"https:\/\/www.patentattorneys.ch\/de\/wp-json\/wp\/v2\/users\/4"}],"replies":[{"embeddable":true,"href":"https:\/\/www.patentattorneys.ch\/de\/wp-json\/wp\/v2\/comments?post=15797"}],"version-history":[{"count":68,"href":"https:\/\/www.patentattorneys.ch\/de\/wp-json\/wp\/v2\/pages\/15797\/revisions"}],"predecessor-version":[{"id":35400,"href":"https:\/\/www.patentattorneys.ch\/de\/wp-json\/wp\/v2\/pages\/15797\/revisions\/35400"}],"up":[{"embeddable":true,"href":"https:\/\/www.patentattorneys.ch\/de\/wp-json\/wp\/v2\/pages\/15428"}],"wp:attachment":[{"href":"https:\/\/www.patentattorneys.ch\/de\/wp-json\/wp\/v2\/media?parent=15797"}],"curies":[{"name":"wp","href":"https:\/\/api.w.org\/{rel}","templated":true}]}}