

{"id":15799,"date":"2016-01-18T23:06:49","date_gmt":"2016-01-18T22:06:49","guid":{"rendered":"http:\/\/www.patentattorneys.ch\/?page_id=15799"},"modified":"2024-05-15T15:55:52","modified_gmt":"2024-05-15T14:55:52","slug":"protection_semi-conducteurs","status":"publish","type":"page","link":"https:\/\/www.patentattorneys.ch\/de\/dienstleitungen\/schutz-der-topographien-von-halbleitern\/","title":{"rendered":"Schutz der Topographien von Halbleitern"},"content":{"rendered":"<div class=\"wpb-content-wrapper\"><p>[vc_row type=&#8221;full_width_section&#8221;][vc_column width=&#8221;1\/1&#8243;]<div class=\"imagebox wpb_content_element style-1\"><div class=\"imagebox-img\"><img decoding=\"async\" src=\"https:\/\/www.patentattorneys.ch\/wp-content\/uploads\/2019\/10\/banner_micro2_wide.jpg\" alt=\"Protection of semiconductor topographies - Protection des topographies de semi-conducteurs - Schutz der Topographien von Halbleitern\" \/><\/div><\/div>[\/vc_column][\/vc_row][vc_row][vc_column width=&#8221;1\/1&#8243;]<style>#breadcrumb-69d25c81ed3be li::after { content: \"\u00bb\" }<\/style><div class=\"\"><ol class=\"wwp-vc-breadcrumbs \" id=\"breadcrumb-69d25c81ed3be\"><li class=\"visited\"><a href=\"\/\">Home<\/a><\/li><li class=\"visited\"><a href=\"https:\/\/www.patentattorneys.ch\/de\/dienstleitungen\/\">{:fr}Services{:}{:de}Dienstleitungen{:}{:en}Our services{:}<\/a><\/li><li class=\"current\"><span>Schutz der Topographien von Halbleitern<\/span><\/li><\/ol><\/div>[\/vc_column][\/vc_row][vc_row bg_image=&#8221;15893&#8243;][vc_column animation=&#8221;fade-in-from-left&#8221; width=&#8221;2\/3&#8243;]<div class=\"spacer\" style=\"height: 40px;\"><\/div>[vc_column_text]<\/p>\n<h1>Schutz der Topographien von Halbleitern<\/h1>\n<p>[\/vc_column_text][vc_tabs][vc_tab title=&#8221;Patente f\u00fcr Halbleiter&#8221; tab_id=&#8221;c9c08126-3851-8&#8243;][vc_column_text]<b>Halbleiterprodukte<\/b>\u00a0(Chips) k\u00f6nnen durch ein Patent gesch\u00fctzt werden und unterliegen denselben Bestimmungen wie Erfindungen in anderen Bereichen.<\/p>\n<h6>Viele L\u00e4nder, darunter auch die Schweiz, haben es als sinnvoll betrachtet, einen speziellen Schutztitel f\u00fcr Halbleiterprodukte zu schaffen. Dieser neuartige Schutz erlaubt es, das Layout eines Schaltkreises unabh\u00e4ngig von seiner ausgef\u00fchrten Funktion zu vern\u00fcnftigen Preisen sch\u00fctzen zu lassen.<\/h6>\n<p>[\/vc_column_text][\/vc_tab][vc_tab title=&#8221;Halbleiter Topographien&#8221; tab_id=&#8221;1453669696668-1-8&#8243;][vc_column_text]Die\u00a0<b>Hinterlegung einer Halbleitertopographie<\/b>\u00a0ist kosteng\u00fcnstig und erm\u00f6glicht es, sich wirksam gegen sklavische Nachahmung und Reverse-engineering zu sch\u00fctzen. Das Topographienregister ist \u00f6ffentlich, so dass die Charakteristika eines hinterlegten Schaltkreises nicht im nachhinein patentiert werden k\u00f6nnen. Die Topographien erlauben also einen Schutz mit minimalen Formalit\u00e4ten gegen das Risiko von Patentverletzungen durch sp\u00e4ter eingereichte Patente Dritter.<\/p>\n<h6>Obwohl die Zahl der eingereichten Topographien sich noch in Grenzen h\u00e4lt, ist mit einer Zunahme zu rechnen, wenn die Hersteller und ihre Anw\u00e4lte sich mit diesem neuen Schutzrecht besser vertraut gemacht haben. Wir haben eine in der Schweiz einmalige Erfahrung auf diesem Gebiet und verfolgen selbstverst\u00e4ndlich genauestens alle zuk\u00fcnftigen Entwicklungen.<\/h6>\n<p>Weitere Informationen \u00fcber Halbleiter k\u00f6nnen hier heruntergeladen werden.[\/vc_column_text][\/vc_tab][\/vc_tabs][\/vc_column][vc_column animation=&#8221;fade-in-from-bottom&#8221; width=&#8221;1\/3&#8243;]<div class=\"spacer\" style=\"height: 40px;\"><\/div>[vc_column_text]<\/p>\n<h3>KONTAKT<\/h3>\n<div id=\"gtx-trans\" style=\"position: absolute; left: 196px; top: -5.78125px;\">\n<div class=\"gtx-trans-icon\"><\/div>\n<\/div>\n<p>[\/vc_column_text]<div class=\"member wpb_content_element test\"><div class=\"member-img\"><a href='https:\/\/www.patentattorneys.ch\/de\/unser-team\/mitarbeiter\/giovanni-gervasio\/'><img decoding=\"async\" src=\"https:\/\/www.patentattorneys.ch\/wp-content\/uploads\/2020\/10\/schreyer_2003381.jpg\" alt=\"Giovanni Gervasio\" \/><\/a><\/div><h4><a href='https:\/\/www.patentattorneys.ch\/de\/unser-team\/mitarbeiter\/giovanni-gervasio\/'>Giovanni Gervasio<\/a><\/h4><div class=\"member-role\">Technical Director<\/div><div class=\"member-content\"><p><\/p><\/div><\/div><div class=\"newdivider align-center\" style=\"border-bottom-style: solid; border-color: #b7b7b7; border-bottom-width: 1px; margin-top: 0; margin-bottom: 20px; width: 100%; \"><\/div><div class=\"clear\"><\/div>[\/vc_column][\/vc_row]<\/p>\n<\/div>","protected":false},"excerpt":{"rendered":"<p>[vc_row type=&#8221;full_width_section&#8221;][vc_column width=&#8221;1\/1&#8243;][\/vc_column][\/vc_row][vc_row][vc_column width=&#8221;1\/1&#8243;][\/vc_column][\/vc_row][vc_row bg_image=&#8221;15893&#8243;][vc_column animation=&#8221;fade-in-from-left&#8221; width=&#8221;2\/3&#8243;][vc_column_text] Schutz der Topographien von Halbleitern [\/vc_column_text][vc_tabs][vc_tab title=&#8221;Patente f\u00fcr Halbleiter&#8221; tab_id=&#8221;c9c08126-3851-8&#8243;][vc_column_text]Halbleiterprodukte\u00a0(Chips) k\u00f6nnen durch ein Patent gesch\u00fctzt werden und unterliegen denselben Bestimmungen wie Erfindungen in anderen Bereichen. Viele L\u00e4nder, darunter auch die Schweiz, haben es als sinnvoll betrachtet, einen speziellen Schutztitel f\u00fcr Halbleiterprodukte zu schaffen. Dieser neuartige Schutz erlaubt es, das Layout eines Schaltkreises unabh\u00e4ngig von seiner ausgef\u00fchrten Funktion zu vern\u00fcnftigen Preisen sch\u00fctzen zu lassen. [\/vc_column_text][\/vc_tab][vc_tab title=&#8221;Halbleiter Topographien&#8221; tab_id=&#8221;1453669696668-1-8&#8243;][vc_column_text]Die\u00a0Hinterlegung einer Halbleitertopographie\u00a0ist kosteng\u00fcnstig und erm\u00f6glicht es, sich wirksam gegen sklavische Nachahmung und Reverse-engineering zu sch\u00fctzen. Das Topographienregister ist \u00f6ffentlich, so dass die Charakteristika eines hinterlegten Schaltkreises nicht im nachhinein patentiert werden k\u00f6nnen. Die Topographien erlauben also einen Schutz mit minimalen Formalit\u00e4ten gegen das Risiko von Patentverletzungen durch sp\u00e4ter eingereichte Patente Dritter. Obwohl die Zahl der eingereichten Topographien sich noch in Grenzen h\u00e4lt, ist mit einer Zunahme zu rechnen, wenn die Hersteller und ihre Anw\u00e4lte sich mit diesem neuen Schutzrecht besser vertraut gemacht haben. Wir haben eine in der Schweiz einmalige Erfahrung auf diesem Gebiet und verfolgen selbstverst\u00e4ndlich genauestens alle zuk\u00fcnftigen Entwicklungen. Weitere Informationen \u00fcber Halbleiter k\u00f6nnen hier heruntergeladen werden.[\/vc_column_text][\/vc_tab][\/vc_tabs][\/vc_column][vc_column animation=&#8221;fade-in-from-bottom&#8221; width=&#8221;1\/3&#8243;][vc_column_text] KONTAKT [\/vc_column_text][\/vc_column][\/vc_row]<\/p>\n","protected":false},"author":4,"featured_media":0,"parent":15428,"menu_order":0,"comment_status":"closed","ping_status":"closed","template":"","meta":{"footnotes":""},"translation":{"provider":"WPGlobus","version":"3.0.2","language":"de","enabled_languages":["fr","de","en","it"],"languages":{"fr":{"title":true,"content":true,"excerpt":false},"de":{"title":true,"content":true,"excerpt":false},"en":{"title":true,"content":true,"excerpt":false},"it":{"title":false,"content":false,"excerpt":false}}},"yoast_head":"<!-- This site is optimized with the Yoast SEO plugin v24.4 - https:\/\/yoast.com\/wordpress\/plugins\/seo\/ -->\n<title>Schutz der Topographien von Halbleitern - P&amp;TS AG<\/title>\n<meta name=\"description\" content=\"Der Schutz von Halbleitertopographien erfolgt durch ein Patent unter denselben Bedingungen wie Erfindungen in anderen Bereichen.\" \/>\n<meta name=\"robots\" content=\"index, follow, max-snippet:-1, max-image-preview:large, max-video-preview:-1\" \/>\n<link rel=\"canonical\" href=\"https:\/\/www.patentattorneys.ch\/nos-services\/protection_semi-conducteurs\/\" \/>\n<meta property=\"og:locale\" content=\"de_DE\" \/>\n<meta property=\"og:type\" content=\"article\" \/>\n<meta property=\"og:title\" content=\"Schutz der Topographien von Halbleitern - P&amp;TS AG\" \/>\n<meta property=\"og:description\" content=\"Der Schutz von Halbleitertopographien erfolgt durch ein Patent unter denselben Bedingungen wie Erfindungen in anderen Bereichen.\" \/>\n<meta property=\"og:url\" content=\"https:\/\/www.patentattorneys.ch\/nos-services\/protection_semi-conducteurs\/\" \/>\n<meta property=\"og:site_name\" content=\"P&amp;TS AG\" \/>\n<meta property=\"article:publisher\" content=\"https:\/\/www.facebook.com\/PTS.Ltd\/\" \/>\n<meta property=\"article:modified_time\" content=\"2024-05-15T14:55:52+00:00\" \/>\n<meta name=\"twitter:card\" content=\"summary_large_image\" \/>\n<meta name=\"twitter:site\" content=\"@PTSSA\" \/>\n<meta name=\"twitter:label1\" content=\"Est. reading time\" \/>\n\t<meta name=\"twitter:data1\" content=\"1 minute\" \/>\n<script type=\"application\/ld+json\" class=\"yoast-schema-graph\">{\"@context\":\"https:\/\/schema.org\",\"@graph\":[{\"@type\":\"WebPage\",\"@id\":\"https:\/\/www.patentattorneys.ch\/nos-services\/protection_semi-conducteurs\/\",\"url\":\"https:\/\/www.patentattorneys.ch\/nos-services\/protection_semi-conducteurs\/\",\"name\":\"Schutz der Topographien von Halbleitern - P&amp;TS AG\",\"isPartOf\":{\"@id\":\"https:\/\/www.patentattorneys.ch\/de\/#website\"},\"datePublished\":\"2016-01-18T22:06:49+00:00\",\"dateModified\":\"2024-05-15T14:55:52+00:00\",\"description\":\"La protection des topographies de semi-conducteurs passe par un brevet selon les m\u00eames conditions que les inventions dans d'autres domaines.\",\"breadcrumb\":{\"@id\":\"https:\/\/www.patentattorneys.ch\/nos-services\/protection_semi-conducteurs\/#breadcrumb\"},\"inLanguage\":\"de-DE\",\"potentialAction\":[{\"@type\":\"ReadAction\",\"target\":[\"https:\/\/www.patentattorneys.ch\/nos-services\/protection_semi-conducteurs\/\"]}]},{\"@type\":\"BreadcrumbList\",\"@id\":\"https:\/\/www.patentattorneys.ch\/nos-services\/protection_semi-conducteurs\/#breadcrumb\",\"itemListElement\":[{\"@type\":\"ListItem\",\"position\":1,\"name\":\"Accueil\",\"item\":\"https:\/\/www.patentattorneys.ch\/\"},{\"@type\":\"ListItem\",\"position\":2,\"name\":\"Our services\",\"item\":\"https:\/\/www.patentattorneys.ch\/nos-services\/\"},{\"@type\":\"ListItem\",\"position\":3,\"name\":\"Protection of semiconductor topographies\"}]},{\"@type\":\"WebSite\",\"@id\":\"https:\/\/www.patentattorneys.ch\/de\/#website\",\"url\":\"https:\/\/www.patentattorneys.ch\/de\/\",\"name\":\"P&amp;TS AG\",\"description\":\"Patentanw\u00e4lte\",\"publisher\":{\"@id\":\"https:\/\/www.patentattorneys.ch\/de\/#organization\"},\"potentialAction\":[{\"@type\":\"SearchAction\",\"target\":{\"@type\":\"EntryPoint\",\"urlTemplate\":\"https:\/\/www.patentattorneys.ch\/de\/?s={search_term_string}\"},\"query-input\":{\"@type\":\"PropertyValueSpecification\",\"valueRequired\":true,\"valueName\":\"search_term_string\"}}],\"inLanguage\":\"de-DE\"},{\"@type\":\"Organization\",\"@id\":\"https:\/\/www.patentattorneys.ch\/de\/#organization\",\"name\":\"P&TS SA\",\"url\":\"https:\/\/www.patentattorneys.ch\/de\/\",\"logo\":{\"@type\":\"ImageObject\",\"inLanguage\":\"de-DE\",\"@id\":\"https:\/\/www.patentattorneys.ch\/de\/#\/schema\/logo\/image\/\",\"url\":\"https:\/\/www.patentattorneys.ch\/wp-content\/uploads\/2016\/01\/PTS_Icon.jpg\",\"contentUrl\":\"https:\/\/www.patentattorneys.ch\/wp-content\/uploads\/2016\/01\/PTS_Icon.jpg\",\"width\":512,\"height\":512,\"caption\":\"P&TS SA\"},\"image\":{\"@id\":\"https:\/\/www.patentattorneys.ch\/de\/#\/schema\/logo\/image\/\"},\"sameAs\":[\"https:\/\/www.facebook.com\/PTS.Ltd\/\",\"https:\/\/x.com\/PTSSA\",\"https:\/\/www.linkedin.com\/company\/p&ts-sa\"]}]}<\/script>\n<!-- \/ Yoast SEO plugin. -->","yoast_head_json":{"title":"Schutz der Topographien von Halbleitern - P&amp;TS AG","description":"Der Schutz von Halbleitertopographien erfolgt durch ein Patent unter denselben Bedingungen wie Erfindungen in anderen Bereichen.","robots":{"index":"index","follow":"follow","max-snippet":"max-snippet:-1","max-image-preview":"max-image-preview:large","max-video-preview":"max-video-preview:-1"},"canonical":"https:\/\/www.patentattorneys.ch\/nos-services\/protection_semi-conducteurs\/","og_locale":"de_DE","og_type":"article","og_title":"Schutz der Topographien von Halbleitern - P&amp;TS AG","og_description":"Der Schutz von Halbleitertopographien erfolgt durch ein Patent unter denselben Bedingungen wie Erfindungen in anderen Bereichen.","og_url":"https:\/\/www.patentattorneys.ch\/nos-services\/protection_semi-conducteurs\/","og_site_name":"P&amp;TS AG","article_publisher":"https:\/\/www.facebook.com\/PTS.Ltd\/","article_modified_time":"2024-05-15T14:55:52+00:00","twitter_card":"summary_large_image","twitter_site":"@PTSSA","twitter_misc":{"Est. reading time":"1 minute"},"schema":{"@context":"https:\/\/schema.org","@graph":[{"@type":"WebPage","@id":"https:\/\/www.patentattorneys.ch\/nos-services\/protection_semi-conducteurs\/","url":"https:\/\/www.patentattorneys.ch\/nos-services\/protection_semi-conducteurs\/","name":"Schutz der Topographien von Halbleitern - P&amp;TS AG","isPartOf":{"@id":"https:\/\/www.patentattorneys.ch\/de\/#website"},"datePublished":"2016-01-18T22:06:49+00:00","dateModified":"2024-05-15T14:55:52+00:00","description":"La protection des topographies de semi-conducteurs passe par un brevet selon les m\u00eames conditions que les inventions dans d'autres domaines.","breadcrumb":{"@id":"https:\/\/www.patentattorneys.ch\/nos-services\/protection_semi-conducteurs\/#breadcrumb"},"inLanguage":"de-DE","potentialAction":[{"@type":"ReadAction","target":["https:\/\/www.patentattorneys.ch\/nos-services\/protection_semi-conducteurs\/"]}]},{"@type":"BreadcrumbList","@id":"https:\/\/www.patentattorneys.ch\/nos-services\/protection_semi-conducteurs\/#breadcrumb","itemListElement":[{"@type":"ListItem","position":1,"name":"Accueil","item":"https:\/\/www.patentattorneys.ch\/"},{"@type":"ListItem","position":2,"name":"Our services","item":"https:\/\/www.patentattorneys.ch\/nos-services\/"},{"@type":"ListItem","position":3,"name":"Protection of semiconductor topographies"}]},{"@type":"WebSite","@id":"https:\/\/www.patentattorneys.ch\/de\/#website","url":"https:\/\/www.patentattorneys.ch\/de\/","name":"P&amp;TS AG","description":"Patentanw\u00e4lte","publisher":{"@id":"https:\/\/www.patentattorneys.ch\/de\/#organization"},"potentialAction":[{"@type":"SearchAction","target":{"@type":"EntryPoint","urlTemplate":"https:\/\/www.patentattorneys.ch\/de\/?s={search_term_string}"},"query-input":{"@type":"PropertyValueSpecification","valueRequired":true,"valueName":"search_term_string"}}],"inLanguage":"de-DE"},{"@type":"Organization","@id":"https:\/\/www.patentattorneys.ch\/de\/#organization","name":"P&TS SA","url":"https:\/\/www.patentattorneys.ch\/de\/","logo":{"@type":"ImageObject","inLanguage":"de-DE","@id":"https:\/\/www.patentattorneys.ch\/de\/#\/schema\/logo\/image\/","url":"https:\/\/www.patentattorneys.ch\/wp-content\/uploads\/2016\/01\/PTS_Icon.jpg","contentUrl":"https:\/\/www.patentattorneys.ch\/wp-content\/uploads\/2016\/01\/PTS_Icon.jpg","width":512,"height":512,"caption":"P&TS SA"},"image":{"@id":"https:\/\/www.patentattorneys.ch\/de\/#\/schema\/logo\/image\/"},"sameAs":["https:\/\/www.facebook.com\/PTS.Ltd\/","https:\/\/x.com\/PTSSA","https:\/\/www.linkedin.com\/company\/p&ts-sa"]}]}},"_links":{"self":[{"href":"https:\/\/www.patentattorneys.ch\/de\/wp-json\/wp\/v2\/pages\/15799"}],"collection":[{"href":"https:\/\/www.patentattorneys.ch\/de\/wp-json\/wp\/v2\/pages"}],"about":[{"href":"https:\/\/www.patentattorneys.ch\/de\/wp-json\/wp\/v2\/types\/page"}],"author":[{"embeddable":true,"href":"https:\/\/www.patentattorneys.ch\/de\/wp-json\/wp\/v2\/users\/4"}],"replies":[{"embeddable":true,"href":"https:\/\/www.patentattorneys.ch\/de\/wp-json\/wp\/v2\/comments?post=15799"}],"version-history":[{"count":68,"href":"https:\/\/www.patentattorneys.ch\/de\/wp-json\/wp\/v2\/pages\/15799\/revisions"}],"predecessor-version":[{"id":33628,"href":"https:\/\/www.patentattorneys.ch\/de\/wp-json\/wp\/v2\/pages\/15799\/revisions\/33628"}],"up":[{"embeddable":true,"href":"https:\/\/www.patentattorneys.ch\/de\/wp-json\/wp\/v2\/pages\/15428"}],"wp:attachment":[{"href":"https:\/\/www.patentattorneys.ch\/de\/wp-json\/wp\/v2\/media?parent=15799"}],"curies":[{"name":"wp","href":"https:\/\/api.w.org\/{rel}","templated":true}]}}