

{"id":15817,"date":"2020-08-03T13:24:50","date_gmt":"2020-08-03T12:24:50","guid":{"rendered":"http:\/\/www.patentattorneys.ch\/?page_id=15817"},"modified":"2026-03-31T07:02:06","modified_gmt":"2026-03-31T06:02:06","slug":"emploi_conseil_brevets","status":"publish","type":"page","link":"https:\/\/www.patentattorneys.ch\/de\/unser-team\/offene-stellen\/","title":{"rendered":"Offene Stellen"},"content":{"rendered":"<div class=\"wpb-content-wrapper\"><p>[vc_row][vc_column width=&#8221;1\/1&#8243;]<div class=\"imagebox wpb_content_element style-1\"><div class=\"imagebox-img\"><img decoding=\"async\" src=\"https:\/\/www.patentattorneys.ch\/wp-content\/uploads\/2024\/03\/image_4.jpg\" alt=\"\" \/><\/div><\/div>[\/vc_column][\/vc_row][vc_row][vc_column width=&#8221;1\/1&#8243;]<style>#breadcrumb-69d7b69af0ea3 li::after { content: \"\u00bb\" }<\/style><div class=\"\"><ol class=\"wwp-vc-breadcrumbs \" id=\"breadcrumb-69d7b69af0ea3\"><li class=\"visited\"><a href=\"\/\">Home<\/a><\/li><li class=\"visited\"><a href=\"https:\/\/www.patentattorneys.ch\/de\/unser-team\/\">{:fr}\u00c9quipe{:}{:de}Unser Team{:}{:en}Our team{:}<\/a><\/li><li class=\"current\"><span>Offene Stellen<\/span><\/li><\/ol><\/div>[\/vc_column][\/vc_row][vc_row][vc_column width=&#8221;3\/4&#8243;]<div class=\"spacer\" style=\"height: 40px;\"><\/div>[vc_column_text]<\/p>\n<h1>Offene Stellen<\/h1>\n<p>Seit ihrer Gr\u00fcndung setzt P&amp;TS auf ihre ausgezeichneten Dienstleistungen, um ein gesundes Firmenwachstum zu sichern. T\u00e4glich helfen wir unseren Schweizer und internationalen Kunden bei der Entwicklung von neuen Produkten und bei der Amortisierung ihrer F&amp;E-Kosten durch einen Schutz vor Nachahmungen von der Konkurrenz.<\/p>\n<p>Ohne das Talent unseres Teams k\u00f6nnten wir die unseren Kunden zustehenden, qualitativ hochstehenden Dienstleistungen nicht erbringen. In der Tat verdankt P&amp;TS ihren Erfolg den Fachkenntnissen, der Kompetenz und der Motivation unserer Mitarbeiter\/innen.<\/p>\n<p>Wir bieten eine dynamische, multi-kulturelle und mehrsprachige Arbeitsumgebung mit einer auf Kommunikation basierenden Firmenkultur.<\/p>\n<p>Die Firma hat das Label Lehrbetrieb erhalten. Die Webseite der Westschweizer Fachhochschule <a href=\"http:\/\/www.career-women.ch\">www.career-women.ch<\/a> hat P&amp;TS als frauenfreundliches Unternehmen gew\u00fcrdigt.Sie finden uns in Neuch\u00e2tel, einer attraktiven Universit\u00e4tsstadt im franz\u00f6sischsprechenden Teil der Schweiz.<\/p>\n<p>Die B\u00fcros von P&amp;TS befinden sich in einem pr\u00e4chtigen, renovierten Geb\u00e4ude im Zentrum von Neuch\u00e2tel.<\/p>\n<p>Wenn Sie Englisch, Deutsch und Franz\u00f6sisch beherrschen und sich einem expandierenden Team von IP-Spezialisten anschliessen m\u00f6chten, so z\u00f6gern Sie nicht, uns Ihre Bewerbung zu senden.[\/vc_column_text]<div class=\"single_image wpb_content_element align-left   \" data-animation=\"none\" data-delay=\"0\"><\/div>[vc_column_text]<\/p>\n<h3><\/h3>\n<p>[\/vc_column_text]<div class=\"spacer\" style=\"height: 20px;\"><\/div>[vc_tabs][vc_tab title=&#8221;Neuch\u00e2tel&#8221; tab_id=&#8221;19aae75f-af77-8&#8243;][vc_column_text]Aktuell sind 2 Stellen zu besetzen :[\/vc_column_text][vc_column_text]<\/p>\n<p data-start=\"56\" data-end=\"291\">Arbeiten Sie gerne strukturiert, managen Sie komplexe Prozesse, jonglieren Sie m\u00fchelos mit mehreren Projekten gleichzeitig und ist Ihre Neugier, Neues zu lernen, nur von Ihrem Verst\u00e4ndnis f\u00fcr die Bed\u00fcrfnisse der Kundschaft \u00fcbertroffen?<\/p>\n<p data-start=\"293\" data-end=\"318\"><strong data-start=\"293\" data-end=\"318\">1. Wir suchen eine\/n:<\/strong><\/p>\n<h3 style=\"text-align: center;\" data-start=\"320\" data-end=\"375\"><strong data-start=\"320\" data-end=\"375\">Sachbearbeiter\/in Patentverfahren, 80 % bis 100 %<\/strong><\/h3>\n<p data-start=\"377\" data-end=\"398\"><strong data-start=\"381\" data-end=\"398\">STELLENPROFIL<\/strong><\/p>\n<p data-start=\"400\" data-end=\"539\">Die Stelle ist per sofort oder nach Vereinbarung zu besetzen und befindet sich in Neuenburg, mit der M\u00f6glichkeit von teilweisem Homeoffice.<\/p>\n<p data-start=\"541\" data-end=\"634\">Eingebettet in das Administrationsteam umfasst diese Position insbesondere folgende Aufgaben:<\/p>\n<ul data-start=\"636\" data-end=\"1483\">\n<li data-start=\"636\" data-end=\"896\">\n<p data-start=\"638\" data-end=\"896\">Selbstst\u00e4ndige Betreuung eines Portfolios nationaler und internationaler Kunden im administrativen Bereich der verschiedenen Phasen von Patentanmeldungen und -erteilungen, in Zusammenarbeit mit dem f\u00fcr den Kunden zust\u00e4ndigen Patentanwalt bzw. Patentingeneur;<\/p>\n<\/li>\n<li data-start=\"897\" data-end=\"1018\">\n<p data-start=\"899\" data-end=\"1018\">Erfassung kundenspezifischer T\u00e4tigkeiten, Kostenberechnungen sowie Erstellung und Versand der Rechnungen an die Kunden;<\/p>\n<\/li>\n<li data-start=\"1019\" data-end=\"1253\">\n<p data-start=\"1021\" data-end=\"1253\">Einreichung und \u00dcberwachung von Patenten in der Schweiz, in Europa und international; Vorbereitung von Unterlagen sowie Korrespondenz mit Kunden, verschiedenen Patent\u00e4mtern und einem Netzwerk von Korrespondenzpartnern in 65 L\u00e4ndern;<\/p>\n<\/li>\n<li data-start=\"1254\" data-end=\"1320\">\n<p data-start=\"1256\" data-end=\"1320\">Kostensch\u00e4tzungen und Informationen zu den jeweiligen Verfahren;<\/p>\n<\/li>\n<li data-start=\"1321\" data-end=\"1483\">\n<p data-start=\"1323\" data-end=\"1483\">Weitere administrative Aufgaben, die vom Leiter der Administration \u00fcbertragen werden oder f\u00fcr den reibungslosen Ablauf der Gesch\u00e4ftst\u00e4tigkeit erforderlich sind.<\/p>\n<\/li>\n<\/ul>\n<p data-start=\"1485\" data-end=\"1529\"><strong data-start=\"1489\" data-end=\"1529\">PROFIL DES\/DER KANDIDATEN\/KANDIDATIN<\/strong><\/p>\n<p data-start=\"1531\" data-end=\"2010\">Wenn Sie bereits Berufserfahrung in einer Patentanwaltskanzlei, in einer Abteilung f\u00fcr das Management geistigen Eigentums oder in einer Anwaltskanzlei gesammelt haben, \u00fcber ein EFZ als Kaufmann\/Kauffrau oder ein Paralegal-Diplom verf\u00fcgen, sicher im Umgang mit IT-Werkzeugen sind, \u00fcber ausgezeichnete Franz\u00f6sischkenntnisse in Wort und Schrift verf\u00fcgen, Englisch problemlos lesen und schreiben k\u00f6nnen und zudem mindestens passive Deutschkenntnisse besitzen, dann schreiben Sie uns!<\/p>\n<p data-start=\"2012\" data-end=\"2346\">Dank Ihrer F\u00e4higkeit, mehrere Projekte parallel zu bearbeiten und Ihre Zeit effizient zu organisieren, halten Sie auch unter oft hohem Zeitdruck Fristen strikt ein. Ihr Organisationsgeschick und Ihre Eigeninitiative motivieren Sie, sich aktiv an Projekten zur Effizienzsteigerung und Prozessoptimierung des Unternehmens zu beteiligen.<\/p>\n<p data-start=\"2348\" data-end=\"2489\">Integrit\u00e4t, Ehrlichkeit und Loyalit\u00e4t sind f\u00fcr Sie selbstverst\u00e4ndlich, und Sie streben bevorzugt eine langfristige Zusammenarbeit mit uns an.<\/p>\n<p data-start=\"2491\" data-end=\"2721\">Wenn Sie sich in diesem Profil wiedererkennen, kontaktieren Sie uns gerne per E-Mail an <strong data-start=\"2579\" data-end=\"2605\"><a class=\"decorated-link cursor-pointer\" rel=\"noopener\" data-start=\"2581\" data-end=\"2603\">&#99;n&#x68;&#64;&#x70;a&#x74;&#101;&#x6e;&#116;a&#x74;t&#x6f;r&#x6e;e&#x79;&#115;&#x2e;&#99;h<\/a><\/strong> und senden Sie uns die \u00fcblichen Bewerbungsunterlagen. Ihre Bewerbung wird selbstverst\u00e4ndlich vertraulich behandelt.<\/p>\n<p>[\/vc_column_text]<div class=\"divider divider1\" style='margin:60px 0 60px 0 !important;'><\/div>[vc_column_text]<\/p>\n<p data-start=\"61\" data-end=\"85\"><strong data-start=\"61\" data-end=\"85\">2. Wir suchen eine\/n<\/strong><\/p>\n<h3 style=\"text-align: center;\" data-start=\"87\" data-end=\"163\">Jurist \/ Rechtsanwalt f\u00fcr Innovationsrecht (100 %)<\/h3>\n<p data-start=\"165\" data-end=\"186\"><strong data-start=\"169\" data-end=\"186\">STELLENPROFIL<\/strong><\/p>\n<p data-start=\"188\" data-end=\"257\">Die Stelle ist per sofort zu besetzen und befindet sich in Neuenburg.<\/p>\n<p data-start=\"259\" data-end=\"323\">Die Position umfasst insbesondere folgende Verantwortlichkeiten:<\/p>\n<ul data-start=\"325\" data-end=\"1413\">\n<li data-start=\"325\" data-end=\"426\">\n<p data-start=\"327\" data-end=\"426\">Rechtliche Beratung und Vertragsgestaltung im Bereich des Urheberrechts, insbesondere f\u00fcr Software;<\/p>\n<\/li>\n<li data-start=\"427\" data-end=\"511\">\n<p data-start=\"429\" data-end=\"511\">Rechtliche Beratung und Vertragsgestaltung im Bereich der k\u00fcnstlichen Intelligenz;<\/p>\n<\/li>\n<li data-start=\"512\" data-end=\"556\">\n<p data-start=\"514\" data-end=\"556\">Beratung im Bereich Datenschutz und DSGVO;<\/p>\n<\/li>\n<li data-start=\"557\" data-end=\"704\">\n<p data-start=\"559\" data-end=\"704\">Rechtliche Beratung im Zusammenhang mit IT-Projektmanagement, insbesondere in den Bereichen Cloud-Hosting, Datenschutz und Internationalisierung;<\/p>\n<\/li>\n<li data-start=\"705\" data-end=\"929\">\n<p data-start=\"707\" data-end=\"929\">Erstellung und Verhandlung von Vertr\u00e4gen im Bereich des geistigen Eigentums, insbesondere Geheimhaltungsvereinbarungen (NDAs), Lizenzvertr\u00e4ge, Entwicklungsvertr\u00e4ge sowie Vertr\u00e4ge zur \u00dcbertragung von Immaterialg\u00fcterrechten;<\/p>\n<\/li>\n<li data-start=\"930\" data-end=\"1069\">\n<p data-start=\"932\" data-end=\"1069\">Unterst\u00fctzung von Mandanten und Patentanw\u00e4lten in Fragen des Immaterialg\u00fcterrechts, z. B. hinsichtlich Inhaberschaft, Erfinderrecht usw.;<\/p>\n<\/li>\n<li data-start=\"1070\" data-end=\"1179\">\n<p data-start=\"1072\" data-end=\"1179\">Unterst\u00fctzung der Patentanw\u00e4lte bei Streitigkeiten oder Einspruchsverfahren im Bereich Patente und Designs;<\/p>\n<\/li>\n<li data-start=\"1180\" data-end=\"1263\">\n<p data-start=\"1182\" data-end=\"1263\">Durchf\u00fchrung von Pr\u00e4sentationen sowie Kommunikation zu den oben genannten Themen;<\/p>\n<\/li>\n<li data-start=\"1264\" data-end=\"1329\">\n<p data-start=\"1266\" data-end=\"1329\">Aufbau und Weiterentwicklung eines eigenen Mandantenportfolios;<\/p>\n<\/li>\n<li data-start=\"1330\" data-end=\"1413\">\n<p data-start=\"1332\" data-end=\"1413\">Aktive Mitwirkung am Ausbau des Bereichs Innovationsrecht innerhalb von <strong data-start=\"1404\" data-end=\"1412\">P&amp;TS<\/strong>.<\/p>\n<\/li>\n<\/ul>\n<p data-start=\"1415\" data-end=\"1439\"><strong data-start=\"1419\" data-end=\"1439\">KANDIDATENPROFIL<\/strong><\/p>\n<p data-start=\"1441\" data-end=\"1469\"><strong data-start=\"1441\" data-end=\"1469\">Fachliche Anforderungen:<\/strong><\/p>\n<ul data-start=\"1471\" data-end=\"2028\">\n<li data-start=\"1471\" data-end=\"1557\">\n<p data-start=\"1473\" data-end=\"1557\">Masterabschluss in Rechtswissenschaften; das Anwaltspatent stellt einen Vorteil dar;<\/p>\n<\/li>\n<li data-start=\"1558\" data-end=\"1638\">\n<p data-start=\"1560\" data-end=\"1638\">Mindestens 3 Jahre Berufserfahrung im Software- und\/oder Immaterialg\u00fcterrecht;<\/p>\n<\/li>\n<li data-start=\"1639\" data-end=\"1717\">\n<p data-start=\"1641\" data-end=\"1717\">Starkes Interesse an Technologie und Innovation, insbesondere im IT-Bereich;<\/p>\n<\/li>\n<li data-start=\"1718\" data-end=\"1819\">\n<p data-start=\"1720\" data-end=\"1819\">Verhandlungssichere Franz\u00f6sisch- und Englischkenntnisse sowie mindestens passive Deutschkenntnisse;<\/p>\n<\/li>\n<li data-start=\"1820\" data-end=\"1915\">\n<p data-start=\"1822\" data-end=\"1915\">Strukturierte, proaktive und vielseitige Arbeitsweise mit ausgepr\u00e4gtem Priorit\u00e4tenmanagement;<\/p>\n<\/li>\n<li data-start=\"1916\" data-end=\"2028\">\n<p data-start=\"1918\" data-end=\"2028\">Bereitschaft und F\u00e4higkeit, neue juristische Dienstleistungen selbstst\u00e4ndig aufzubauen und weiterzuentwickeln.<\/p>\n<\/li>\n<\/ul>\n<p data-start=\"2030\" data-end=\"2260\">Wenn Sie sich in diesem Profil wiedererkennen, kontaktieren Sie uns gerne per E-Mail an <strong data-start=\"2118\" data-end=\"2144\"><a class=\"decorated-link cursor-pointer\" href=\"&#x6d;&#x61;&#105;l&#x74;&#x6f;&#x3a;&#99;n&#x68;&#x40;&#x70;&#97;t&#x65;&#x6e;&#x74;&#97;t&#x74;&#x6f;&#x72;&#110;e&#x79;&#x73;&#x2e;&#99;h\" rel=\"noopener\" data-start=\"2120\" data-end=\"2142\">c&#x6e;&#x68;&#64;&#112;&#x61;&#x74;e&#110;&#x74;at&#x74;&#x6f;r&#110;&#x65;ys&#x2e;&#x63;h<\/a><\/strong> und senden Sie uns die \u00fcblichen Bewerbungsunterlagen. Ihre Bewerbung wird selbstverst\u00e4ndlich vertraulich behandelt.<\/p>\n<p>[\/vc_column_text][\/vc_tab][vc_tab title=&#8221;Z\u00fcrich&#8221; tab_id=&#8221;da903154-b764-9&#8243;][vc_column_text][\/vc_column_text][\/vc_tab][\/vc_tabs][\/vc_column][vc_column width=&#8221;1\/4&#8243;]<div class=\"spacer\" style=\"height: 40px;\"><\/div>[vc_column_text]KONTAKT[\/vc_column_text]<div class=\"member wpb_content_element test\"><div class=\"member-img\"><img decoding=\"async\" src=\"https:\/\/www.patentattorneys.ch\/wp-content\/uploads\/2020\/10\/schreyer_2003319_contact.jpg\" alt=\"Contact\" \/><\/div><h4>Kontakt P&amp;TS<\/h4><div class=\"member-role\"><\/div><div class=\"member-content\"><p><a href=\"&#x6d;ai&#x6c;&#116;o&#x3a;&#99;s&#x6d;&#64;p&#x61;&#116;e&#x6e;&#x74;a&#x74;&#x74;o&#x72;&#x6e;e&#x79;&#x73;.c&#x68;\"><i class=\"fa fa-envelope-o minti-icon\" style=\"color:#888888 !important; font-size: 14px; margin: 0px 0px 0px 0px\"><\/i> e-mail<\/a><\/p><\/div><\/div><div class=\"newdivider align-center\" style=\"border-bottom-style: solid; border-color: #999999; border-bottom-width: 1px; margin-top: 0; margin-bottom: 20px; width: 100%; \"><\/div><div class=\"clear\"><\/div>[\/vc_column][\/vc_row]<\/p>\n<\/div>","protected":false},"excerpt":{"rendered":"<p>[vc_row][vc_column width=&#8221;1\/1&#8243;][\/vc_column][\/vc_row][vc_row][vc_column width=&#8221;1\/1&#8243;][\/vc_column][\/vc_row][vc_row][vc_column width=&#8221;3\/4&#8243;][vc_column_text] Offene Stellen Seit ihrer Gr\u00fcndung setzt P&amp;TS auf ihre ausgezeichneten Dienstleistungen, um ein gesundes Firmenwachstum zu sichern. T\u00e4glich helfen wir unseren Schweizer und internationalen Kunden bei der Entwicklung von neuen Produkten und bei der Amortisierung ihrer F&amp;E-Kosten durch einen Schutz vor Nachahmungen von der Konkurrenz. Ohne das Talent unseres Teams k\u00f6nnten wir die unseren Kunden zustehenden, qualitativ hochstehenden Dienstleistungen nicht erbringen. In der Tat verdankt P&amp;TS ihren Erfolg den Fachkenntnissen, der Kompetenz und der Motivation unserer Mitarbeiter\/innen. Wir bieten eine dynamische, multi-kulturelle und mehrsprachige Arbeitsumgebung mit einer auf Kommunikation basierenden Firmenkultur. Die Firma hat das Label Lehrbetrieb erhalten. Die Webseite der Westschweizer Fachhochschule www.career-women.ch hat P&amp;TS als frauenfreundliches Unternehmen gew\u00fcrdigt.Sie finden uns in Neuch\u00e2tel, einer attraktiven Universit\u00e4tsstadt im franz\u00f6sischsprechenden Teil der Schweiz. Die B\u00fcros von P&amp;TS befinden sich in einem pr\u00e4chtigen, renovierten Geb\u00e4ude im Zentrum von Neuch\u00e2tel. Wenn Sie Englisch, Deutsch und Franz\u00f6sisch beherrschen und sich einem expandierenden Team von IP-Spezialisten anschliessen m\u00f6chten, so z\u00f6gern Sie nicht, uns Ihre Bewerbung zu senden.[\/vc_column_text][vc_column_text] [\/vc_column_text][vc_tabs][vc_tab title=&#8221;Neuch\u00e2tel&#8221; tab_id=&#8221;19aae75f-af77-8&#8243;][vc_column_text]Aktuell sind 2 Stellen zu besetzen :[\/vc_column_text][vc_column_text] Arbeiten Sie gerne strukturiert, managen Sie komplexe Prozesse, jonglieren Sie m\u00fchelos mit mehreren Projekten gleichzeitig und ist Ihre Neugier, Neues zu lernen, nur von Ihrem [&hellip;]<\/p>\n","protected":false},"author":4,"featured_media":0,"parent":15430,"menu_order":0,"comment_status":"closed","ping_status":"closed","template":"","meta":{"footnotes":""},"translation":{"provider":"WPGlobus","version":"3.0.2","language":"de","enabled_languages":["fr","de","en","it"],"languages":{"fr":{"title":true,"content":true,"excerpt":false},"de":{"title":true,"content":true,"excerpt":false},"en":{"title":true,"content":true,"excerpt":false},"it":{"title":false,"content":false,"excerpt":false}}},"yoast_head":"<!-- This site is optimized with the Yoast SEO plugin v24.4 - https:\/\/yoast.com\/wordpress\/plugins\/seo\/ -->\n<title>Offene Stellen - P&amp;TS AG<\/title>\n<meta name=\"description\" content=\"Treten Sie P&amp;TS in Neuenburg oder Z\u00fcrich bei und nehmen Sie teil an der Entwicklung einer dynamischen Beratungsfirma f\u00fcr geistiges Eigentum!\" \/>\n<meta name=\"robots\" content=\"index, follow, max-snippet:-1, max-image-preview:large, max-video-preview:-1\" \/>\n<link rel=\"canonical\" href=\"https:\/\/www.patentattorneys.ch\/equipe\/emploi_conseil_brevets\/\" \/>\n<meta property=\"og:locale\" content=\"de_DE\" \/>\n<meta property=\"og:type\" content=\"article\" \/>\n<meta property=\"og:title\" content=\"Offene Stellen - P&amp;TS AG\" \/>\n<meta property=\"og:description\" content=\"Treten Sie P&amp;TS in Neuenburg oder Z\u00fcrich bei und nehmen Sie teil an der Entwicklung einer dynamischen Beratungsfirma f\u00fcr geistiges Eigentum!\" \/>\n<meta property=\"og:url\" content=\"https:\/\/www.patentattorneys.ch\/equipe\/emploi_conseil_brevets\/\" \/>\n<meta property=\"og:site_name\" content=\"P&amp;TS AG\" \/>\n<meta property=\"article:publisher\" content=\"https:\/\/www.facebook.com\/PTS.Ltd\/\" \/>\n<meta property=\"article:modified_time\" content=\"2026-03-31T06:02:06+00:00\" \/>\n<meta name=\"twitter:card\" content=\"summary_large_image\" \/>\n<meta name=\"twitter:site\" content=\"@PTSSA\" \/>\n<meta name=\"twitter:label1\" content=\"Est. reading time\" \/>\n\t<meta name=\"twitter:data1\" content=\"6 minutes\" \/>\n<script type=\"application\/ld+json\" class=\"yoast-schema-graph\">{\"@context\":\"https:\/\/schema.org\",\"@graph\":[{\"@type\":\"WebPage\",\"@id\":\"https:\/\/www.patentattorneys.ch\/equipe\/emploi_conseil_brevets\/\",\"url\":\"https:\/\/www.patentattorneys.ch\/equipe\/emploi_conseil_brevets\/\",\"name\":\"Offene Stellen - P&amp;TS AG\",\"isPartOf\":{\"@id\":\"https:\/\/www.patentattorneys.ch\/de\/#website\"},\"datePublished\":\"2020-08-03T12:24:50+00:00\",\"dateModified\":\"2026-03-31T06:02:06+00:00\",\"description\":\"Rejoignez P&TS \u00e0 Neuch\u00e2tel ou Zurich, et participez au d\u00e9veloppement d'un cabinet de conseil en propri\u00e9t\u00e9 intellectuelle dynamique!\",\"breadcrumb\":{\"@id\":\"https:\/\/www.patentattorneys.ch\/equipe\/emploi_conseil_brevets\/#breadcrumb\"},\"inLanguage\":\"de-DE\",\"potentialAction\":[{\"@type\":\"ReadAction\",\"target\":[\"https:\/\/www.patentattorneys.ch\/equipe\/emploi_conseil_brevets\/\"]}]},{\"@type\":\"BreadcrumbList\",\"@id\":\"https:\/\/www.patentattorneys.ch\/equipe\/emploi_conseil_brevets\/#breadcrumb\",\"itemListElement\":[{\"@type\":\"ListItem\",\"position\":1,\"name\":\"Accueil\",\"item\":\"https:\/\/www.patentattorneys.ch\/\"},{\"@type\":\"ListItem\",\"position\":2,\"name\":\"Our team\",\"item\":\"https:\/\/www.patentattorneys.ch\/equipe\/\"},{\"@type\":\"ListItem\",\"position\":3,\"name\":\"Emploi : participez au d\u00e9veloppement de P&#038;TS\"}]},{\"@type\":\"WebSite\",\"@id\":\"https:\/\/www.patentattorneys.ch\/de\/#website\",\"url\":\"https:\/\/www.patentattorneys.ch\/de\/\",\"name\":\"P&amp;TS AG\",\"description\":\"Patentanw\u00e4lte\",\"publisher\":{\"@id\":\"https:\/\/www.patentattorneys.ch\/de\/#organization\"},\"potentialAction\":[{\"@type\":\"SearchAction\",\"target\":{\"@type\":\"EntryPoint\",\"urlTemplate\":\"https:\/\/www.patentattorneys.ch\/de\/?s={search_term_string}\"},\"query-input\":{\"@type\":\"PropertyValueSpecification\",\"valueRequired\":true,\"valueName\":\"search_term_string\"}}],\"inLanguage\":\"de-DE\"},{\"@type\":\"Organization\",\"@id\":\"https:\/\/www.patentattorneys.ch\/de\/#organization\",\"name\":\"P&TS SA\",\"url\":\"https:\/\/www.patentattorneys.ch\/de\/\",\"logo\":{\"@type\":\"ImageObject\",\"inLanguage\":\"de-DE\",\"@id\":\"https:\/\/www.patentattorneys.ch\/de\/#\/schema\/logo\/image\/\",\"url\":\"https:\/\/www.patentattorneys.ch\/wp-content\/uploads\/2016\/01\/PTS_Icon.jpg\",\"contentUrl\":\"https:\/\/www.patentattorneys.ch\/wp-content\/uploads\/2016\/01\/PTS_Icon.jpg\",\"width\":512,\"height\":512,\"caption\":\"P&TS SA\"},\"image\":{\"@id\":\"https:\/\/www.patentattorneys.ch\/de\/#\/schema\/logo\/image\/\"},\"sameAs\":[\"https:\/\/www.facebook.com\/PTS.Ltd\/\",\"https:\/\/x.com\/PTSSA\",\"https:\/\/www.linkedin.com\/company\/p&ts-sa\"]}]}<\/script>\n<!-- \/ Yoast SEO plugin. -->","yoast_head_json":{"title":"Offene Stellen - P&amp;TS AG","description":"Treten Sie P&TS in Neuenburg oder Z\u00fcrich bei und nehmen Sie teil an der Entwicklung einer dynamischen Beratungsfirma f\u00fcr geistiges Eigentum!","robots":{"index":"index","follow":"follow","max-snippet":"max-snippet:-1","max-image-preview":"max-image-preview:large","max-video-preview":"max-video-preview:-1"},"canonical":"https:\/\/www.patentattorneys.ch\/equipe\/emploi_conseil_brevets\/","og_locale":"de_DE","og_type":"article","og_title":"Offene Stellen - P&amp;TS AG","og_description":"Treten Sie P&TS in Neuenburg oder Z\u00fcrich bei und nehmen Sie teil an der Entwicklung einer dynamischen Beratungsfirma f\u00fcr geistiges Eigentum!","og_url":"https:\/\/www.patentattorneys.ch\/equipe\/emploi_conseil_brevets\/","og_site_name":"P&amp;TS AG","article_publisher":"https:\/\/www.facebook.com\/PTS.Ltd\/","article_modified_time":"2026-03-31T06:02:06+00:00","twitter_card":"summary_large_image","twitter_site":"@PTSSA","twitter_misc":{"Est. reading time":"6 minutes"},"schema":{"@context":"https:\/\/schema.org","@graph":[{"@type":"WebPage","@id":"https:\/\/www.patentattorneys.ch\/equipe\/emploi_conseil_brevets\/","url":"https:\/\/www.patentattorneys.ch\/equipe\/emploi_conseil_brevets\/","name":"Offene Stellen - P&amp;TS AG","isPartOf":{"@id":"https:\/\/www.patentattorneys.ch\/de\/#website"},"datePublished":"2020-08-03T12:24:50+00:00","dateModified":"2026-03-31T06:02:06+00:00","description":"Rejoignez P&TS \u00e0 Neuch\u00e2tel ou Zurich, et participez au d\u00e9veloppement d'un cabinet de conseil en propri\u00e9t\u00e9 intellectuelle dynamique!","breadcrumb":{"@id":"https:\/\/www.patentattorneys.ch\/equipe\/emploi_conseil_brevets\/#breadcrumb"},"inLanguage":"de-DE","potentialAction":[{"@type":"ReadAction","target":["https:\/\/www.patentattorneys.ch\/equipe\/emploi_conseil_brevets\/"]}]},{"@type":"BreadcrumbList","@id":"https:\/\/www.patentattorneys.ch\/equipe\/emploi_conseil_brevets\/#breadcrumb","itemListElement":[{"@type":"ListItem","position":1,"name":"Accueil","item":"https:\/\/www.patentattorneys.ch\/"},{"@type":"ListItem","position":2,"name":"Our team","item":"https:\/\/www.patentattorneys.ch\/equipe\/"},{"@type":"ListItem","position":3,"name":"Emploi : participez au d\u00e9veloppement de P&#038;TS"}]},{"@type":"WebSite","@id":"https:\/\/www.patentattorneys.ch\/de\/#website","url":"https:\/\/www.patentattorneys.ch\/de\/","name":"P&amp;TS AG","description":"Patentanw\u00e4lte","publisher":{"@id":"https:\/\/www.patentattorneys.ch\/de\/#organization"},"potentialAction":[{"@type":"SearchAction","target":{"@type":"EntryPoint","urlTemplate":"https:\/\/www.patentattorneys.ch\/de\/?s={search_term_string}"},"query-input":{"@type":"PropertyValueSpecification","valueRequired":true,"valueName":"search_term_string"}}],"inLanguage":"de-DE"},{"@type":"Organization","@id":"https:\/\/www.patentattorneys.ch\/de\/#organization","name":"P&TS SA","url":"https:\/\/www.patentattorneys.ch\/de\/","logo":{"@type":"ImageObject","inLanguage":"de-DE","@id":"https:\/\/www.patentattorneys.ch\/de\/#\/schema\/logo\/image\/","url":"https:\/\/www.patentattorneys.ch\/wp-content\/uploads\/2016\/01\/PTS_Icon.jpg","contentUrl":"https:\/\/www.patentattorneys.ch\/wp-content\/uploads\/2016\/01\/PTS_Icon.jpg","width":512,"height":512,"caption":"P&TS SA"},"image":{"@id":"https:\/\/www.patentattorneys.ch\/de\/#\/schema\/logo\/image\/"},"sameAs":["https:\/\/www.facebook.com\/PTS.Ltd\/","https:\/\/x.com\/PTSSA","https:\/\/www.linkedin.com\/company\/p&ts-sa"]}]}},"_links":{"self":[{"href":"https:\/\/www.patentattorneys.ch\/de\/wp-json\/wp\/v2\/pages\/15817"}],"collection":[{"href":"https:\/\/www.patentattorneys.ch\/de\/wp-json\/wp\/v2\/pages"}],"about":[{"href":"https:\/\/www.patentattorneys.ch\/de\/wp-json\/wp\/v2\/types\/page"}],"author":[{"embeddable":true,"href":"https:\/\/www.patentattorneys.ch\/de\/wp-json\/wp\/v2\/users\/4"}],"replies":[{"embeddable":true,"href":"https:\/\/www.patentattorneys.ch\/de\/wp-json\/wp\/v2\/comments?post=15817"}],"version-history":[{"count":401,"href":"https:\/\/www.patentattorneys.ch\/de\/wp-json\/wp\/v2\/pages\/15817\/revisions"}],"predecessor-version":[{"id":35827,"href":"https:\/\/www.patentattorneys.ch\/de\/wp-json\/wp\/v2\/pages\/15817\/revisions\/35827"}],"up":[{"embeddable":true,"href":"https:\/\/www.patentattorneys.ch\/de\/wp-json\/wp\/v2\/pages\/15430"}],"wp:attachment":[{"href":"https:\/\/www.patentattorneys.ch\/de\/wp-json\/wp\/v2\/media?parent=15817"}],"curies":[{"name":"wp","href":"https:\/\/api.w.org\/{rel}","templated":true}]}}