

{"id":15819,"date":"2016-01-18T23:25:39","date_gmt":"2016-01-18T22:25:39","guid":{"rendered":"http:\/\/www.patentattorneys.ch\/?page_id=15819"},"modified":"2024-05-09T16:11:18","modified_gmt":"2024-05-09T15:11:18","slug":"brevets_logiciels","status":"publish","type":"page","link":"https:\/\/www.patentattorneys.ch\/de\/sektoren\/softwarepatente\/","title":{"rendered":"Softwarepatente"},"content":{"rendered":"<div class=\"wpb-content-wrapper\"><p>[vc_row type=&#8221;full_width_section&#8221;][vc_column width=&#8221;1\/1&#8243;]<div class=\"imagebox wpb_content_element style-1\"><div class=\"imagebox-img\"><img decoding=\"async\" src=\"https:\/\/www.patentattorneys.ch\/wp-content\/uploads\/2019\/10\/banner_telecom2_wide.jpg\" alt=\"brevets logiciels - Softwarepatente - Software patents\" \/><\/div><\/div>[\/vc_column][\/vc_row][vc_row][vc_column width=&#8221;1\/1&#8243;]<style>#breadcrumb-69deb2dcbc45a li::after { content: \"\u00bb\" }<\/style><div class=\"\"><ol class=\"wwp-vc-breadcrumbs \" id=\"breadcrumb-69deb2dcbc45a\"><li class=\"visited\"><a href=\"\/\">Home<\/a><\/li><li class=\"visited\"><a href=\"https:\/\/www.patentattorneys.ch\/de\/sektoren\/\">{:fr}Industries{:}{:de}Sektoren{:}{:en}Industries{:}<\/a><\/li><li class=\"current\"><span>Softwarepatente<\/span><\/li><\/ol><\/div>[\/vc_column][\/vc_row][vc_row bg_image=&#8221;15893&#8243;][vc_column animation=&#8221;fade-in-from-left&#8221; width=&#8221;2\/3&#8243;]<div class=\"spacer\" style=\"height: 40px;\"><\/div>[vc_column_text]<\/p>\n<h1>Software und Telekommunikation<\/h1>\n<p>Es sind detaillierte technische wie auch juristische Kenntnisse des Software- und Telekommunikationssektors vonn\u00f6ten, um die Ausarbeitung einer effizienten Strategie auf dem Gebiet des geistigen Eigentums zu erm\u00f6glichen. [\/vc_column_text][vc_tabs][vc_tab title=&#8221;Fachwissen&#8221; tab_id=&#8221;c9c08126-3851-8&#8243;][vc_column_text] Software ist heutzutage allgegenw\u00e4rtig \u2013 beinahe 40% der von P&amp;TS eingereichten Patenten betreffen Software. Es handelt sich hierbei um eine komplexe Materie, da m\u00f6gliche Schutzmassnahmen von Fall zu Fall und je nach Land variieren k\u00f6nnen. Und obwohl beispielsweise die Software durch das Urheberrecht gesch\u00fctzt ist, erstreckt sich dieses nur auf die spezifische Kodeformulierung, nicht jedoch auf die technischen L\u00f6sungen oder die grundlegenden Algorithmen. Wenngleich das Urheberrecht einen wirksamen Rechtsschutz gegen die sklavische Nachahmung darstellt, wie im Falle der Installation einer unerlaubten Kopie auf einem Computer, so ineffizient ist ihr Schutz im Falle eines Konkurrenten, der sich die M\u00fche macht, den Kode umzuschreiben. Nur ein Patent erm\u00f6glicht einen Schutz der technischen L\u00f6sungen.<\/p>\n<h6>In der Telekommunikation bringt die Interoperabilit\u00e4t der Systeme es mit sich, dass die unterschiedlichen Knoten eines Netzwerks einheitliche Protokolle und Normen aufweisen. Der auf das Betriebsgeheimnis basierende Schutz ist somit gegenstandslos. Die Firmen, welche in F&amp;E investieren, m\u00fcssen daher auf breitgef\u00e4cherte Strategien auf dem Gebiet des geistigen Eigentums zugreifen, um die Fr\u00fcchte ihrer Forschung ernten zu k\u00f6nnen.<\/h6>\n<p>Der Softwareschutz ist ebenfalls Gegenstand von politischen Diskussionen. Gem\u00e4ss einer Sichtweise, f\u00fchren zu viele Patente zum Ende des Erfindens, was von Anderen verneint wird mit der Begr\u00fcndung, dass eine der Softwarepatenten g\u00fcnstig gesinnte Politik, angef\u00fchrt durch die USA, ganz offensichtlich dieser Industrie keinen Schaden zugef\u00fcgt habe. Es \u00fcberrascht daher nicht, dass die Rechtsprechung sich auf diesem Gebiet rasant und landesabh\u00e4ngig verschieden entwickelt.<\/p>\n<h6>Diese Situation wird von P&amp;TS genau beobachtet, sowohl in Europa als auch in den USA, damit wir den bestm\u00f6glichen Schutzumfang in jedem Land erlangen k\u00f6nnen. Zudem beraten wir Firmen hinsichtlich der m\u00f6glichen Vertriebsweise ihrer Produkte, als propriet\u00e4re Software, als Open Source oder als <em>software as a service<\/em> (SaaS). Diese Wahl ist im <em>business model<\/em> von Softwarefirmen entscheidend und P&amp;TS implementiert die Schutzstrategien mittels Copyright oder Patent. Diese Schutzmassnahmen erm\u00f6glichen es, die bestm\u00f6glichen Bedingungen f\u00fcr die jeweilige Vertriebsweise in die Tat umzusetzen.<\/h6>\n<p>Die Bereitstellung einer schl\u00fcssigen Strategie zum Schutz des geistigen Eigentums setzt fundierte Kenntnisse auf dem technischen und juristischen Gebiet voraus, dies umso mehr, da schnelles Reagieren in den heutzutage kurzen Produktlebenszyklen dringend n\u00f6tig ist. Gerade hier liegt seit der Gr\u00fcndung 1998 eine der St\u00e4rken von P&amp;TS. Um f\u00fcr die gebietsspezifischen Herausforderungen gewappnet zu sein und mit der kontinuierlichen Digitalisierung der Gesellschaft Schritt zu halten, verf\u00fcgen wir \u00fcber ein hervorragendes Team aus Spezialisten im Softwareschutz, darunter zahlreiche Ingenieure und Patentanw\u00e4lte mit umfassenden Kenntnissen der Kriterien zur Patentierbarkeit von Software in Europa und den USA. [\/vc_column_text][\/vc_tab][vc_tab title=&#8221;Erfahrung&#8221; tab_id=&#8221;1453669696668-1-8&#8243;][vc_column_text]<\/p>\n<p>Wir verf\u00fcgen insbesondere \u00fcber eine umfangreiche Erfahrung auf den folgenden Gebieten:<\/p>\n<ul>\n<li>\u00dcberwachung von industriellen Prozessen, IIOT, CNC<\/li>\n<li>Telekommunikationssysteme, Internet<\/li>\n<li>Anwendungen f\u00fcr Smartphones, Apps<\/li>\n<li>Biometrie, Sprach- und Gesichtserkennung, Handfl\u00e4chenauthentifizierung, Klassifizierer<\/li>\n<li>Kryptographie, Sicherung und Authentisierung von Daten, Blockchains<\/li>\n<li>Fintech, Zahlungstransaktionsverfahren<\/li>\n<li>R\u00fcckverfolgung von Produkten<\/li>\n<li>Signalkodierung, beispielsweise Komprimierung und Fehlerkodierung<\/li>\n<li>Signal- und Bildverarbeitung<\/li>\n<li>Simulationen<\/li>\n<li>Routenplaner<\/li>\n<li>Betriebssysteme<\/li>\n<li>Suchmaschinen<\/li>\n<li>Virtuelle Realit\u00e4t<\/li>\n<\/ul>\n<p>[\/vc_column_text][\/vc_tab][\/vc_tabs][\/vc_column][vc_column animation=&#8221;fade-in-from-bottom&#8221; width=&#8221;1\/3&#8243;]<div class=\"spacer\" style=\"height: 40px;\"><\/div>[vc_column_text]<\/p>\n<h3>KONTAKT<\/h3>\n<div id=\"gtx-trans\" style=\"position: absolute; left: 181px; top: -5.78125px;\">\n<div class=\"gtx-trans-icon\"><\/div>\n<\/div>\n<p>[\/vc_column_text]<div class=\"member wpb_content_element test\"><div class=\"member-img\"><a href='https:\/\/www.patentattorneys.ch\/de\/unser-team\/mitarbeiter\/ronan-guirey\/'><img decoding=\"async\" src=\"https:\/\/www.patentattorneys.ch\/wp-content\/uploads\/2022\/04\/schreyer_2003430.jpg\" alt=\"\" \/><\/a><\/div><h4><a href='https:\/\/www.patentattorneys.ch\/de\/unser-team\/mitarbeiter\/ronan-guirey\/'>Ronan Guirey<\/a><\/h4><div class=\"member-role\">Director of the P&amp;TS Zurich office<\/div><div class=\"member-content\"><p><a href=\"&#x6d;&#x61;&#x69;&#x6c;&#116;o:Gu&#x69;&#x72;&#x65;&#x79;&#64;pate&#x6e;&#x74;&#x61;&#x74;&#116;orne&#x79;&#x73;&#x2e;&#x63;&#104;\"><i class=\"fa fa-envelope-o minti-icon\" style=\"color:#888888 !important; font-size: 14px; margin: 0px 0px 0px 0px\"><\/i> e-mail<\/a><\/p><\/div><\/div><div class=\"newdivider align-center\" style=\"border-bottom-style: solid; border-color: #b7b7b7; border-bottom-width: 1px; margin-top: 0; margin-bottom: 20px; width: 100%; \"><\/div><div class=\"clear\"><\/div>[\/vc_column][\/vc_row]<\/p>\n<\/div>","protected":false},"excerpt":{"rendered":"<p>[vc_row type=&#8221;full_width_section&#8221;][vc_column width=&#8221;1\/1&#8243;][\/vc_column][\/vc_row][vc_row][vc_column width=&#8221;1\/1&#8243;][\/vc_column][\/vc_row][vc_row bg_image=&#8221;15893&#8243;][vc_column animation=&#8221;fade-in-from-left&#8221; width=&#8221;2\/3&#8243;][vc_column_text] Software und Telekommunikation Es sind detaillierte technische wie auch juristische Kenntnisse des Software- und Telekommunikationssektors vonn\u00f6ten, um die Ausarbeitung einer effizienten Strategie auf dem Gebiet des geistigen Eigentums zu erm\u00f6glichen. [\/vc_column_text][vc_tabs][vc_tab title=&#8221;Fachwissen&#8221; tab_id=&#8221;c9c08126-3851-8&#8243;][vc_column_text] Software ist heutzutage allgegenw\u00e4rtig \u2013 beinahe 40% der von P&amp;TS eingereichten Patenten betreffen Software. Es handelt sich hierbei um eine komplexe Materie, da m\u00f6gliche Schutzmassnahmen von Fall zu Fall und je nach Land variieren k\u00f6nnen. Und obwohl beispielsweise die Software durch das Urheberrecht gesch\u00fctzt ist, erstreckt sich dieses nur auf die spezifische Kodeformulierung, nicht jedoch auf die technischen L\u00f6sungen oder die grundlegenden Algorithmen. Wenngleich das Urheberrecht einen wirksamen Rechtsschutz gegen die sklavische Nachahmung darstellt, wie im Falle der Installation einer unerlaubten Kopie auf einem Computer, so ineffizient ist ihr Schutz im Falle eines Konkurrenten, der sich die M\u00fche macht, den Kode umzuschreiben. Nur ein Patent erm\u00f6glicht einen Schutz der technischen L\u00f6sungen. In der Telekommunikation bringt die Interoperabilit\u00e4t der Systeme es mit sich, dass die unterschiedlichen Knoten eines Netzwerks einheitliche Protokolle und Normen aufweisen. Der auf das Betriebsgeheimnis basierende Schutz ist somit gegenstandslos. Die Firmen, welche in F&amp;E investieren, m\u00fcssen daher auf breitgef\u00e4cherte Strategien auf dem Gebiet des geistigen Eigentums zugreifen, [&hellip;]<\/p>\n","protected":false},"author":4,"featured_media":0,"parent":15432,"menu_order":0,"comment_status":"closed","ping_status":"closed","template":"","meta":{"footnotes":""},"translation":{"provider":"WPGlobus","version":"3.0.2","language":"de","enabled_languages":["fr","de","en","it"],"languages":{"fr":{"title":true,"content":true,"excerpt":false},"de":{"title":true,"content":true,"excerpt":false},"en":{"title":true,"content":true,"excerpt":false},"it":{"title":false,"content":false,"excerpt":false}}},"yoast_head":"<!-- This site is optimized with the Yoast SEO plugin v24.4 - https:\/\/yoast.com\/wordpress\/plugins\/seo\/ -->\n<title>Softwarepatente - P&amp;TS AG<\/title>\n<meta name=\"description\" content=\"F\u00fcr Softwarepatente sind detaillierte technische und juristische Kenntnisse im Software- und Telekommunikationssektor erforderlich.\" \/>\n<meta name=\"robots\" content=\"index, follow, max-snippet:-1, max-image-preview:large, max-video-preview:-1\" \/>\n<link rel=\"canonical\" href=\"https:\/\/www.patentattorneys.ch\/industries\/brevets_logiciels\/\" \/>\n<meta property=\"og:locale\" content=\"de_DE\" \/>\n<meta property=\"og:type\" content=\"article\" \/>\n<meta property=\"og:title\" content=\"Softwarepatente - P&amp;TS AG\" \/>\n<meta property=\"og:description\" content=\"F\u00fcr Softwarepatente sind detaillierte technische und juristische Kenntnisse im Software- und Telekommunikationssektor erforderlich.\" \/>\n<meta property=\"og:url\" content=\"https:\/\/www.patentattorneys.ch\/industries\/brevets_logiciels\/\" \/>\n<meta property=\"og:site_name\" content=\"P&amp;TS AG\" \/>\n<meta property=\"article:publisher\" content=\"https:\/\/www.facebook.com\/PTS.Ltd\/\" \/>\n<meta property=\"article:modified_time\" content=\"2024-05-09T15:11:18+00:00\" \/>\n<meta name=\"twitter:card\" content=\"summary_large_image\" \/>\n<meta name=\"twitter:site\" content=\"@PTSSA\" \/>\n<meta name=\"twitter:label1\" content=\"Est. reading time\" \/>\n\t<meta name=\"twitter:data1\" content=\"4 minutes\" \/>\n<script type=\"application\/ld+json\" class=\"yoast-schema-graph\">{\"@context\":\"https:\/\/schema.org\",\"@graph\":[{\"@type\":\"WebPage\",\"@id\":\"https:\/\/www.patentattorneys.ch\/industries\/brevets_logiciels\/\",\"url\":\"https:\/\/www.patentattorneys.ch\/industries\/brevets_logiciels\/\",\"name\":\"Softwarepatente - P&amp;TS AG\",\"isPartOf\":{\"@id\":\"https:\/\/www.patentattorneys.ch\/de\/#website\"},\"datePublished\":\"2016-01-18T22:25:39+00:00\",\"dateModified\":\"2024-05-09T15:11:18+00:00\",\"description\":\"Les brevets logiciels permettent de prot\u00e9ger les solutions d\u00e9velopp\u00e9es. Apprenez-en plus sur les brevets logiciels et brevets telecoms.\",\"breadcrumb\":{\"@id\":\"https:\/\/www.patentattorneys.ch\/industries\/brevets_logiciels\/#breadcrumb\"},\"inLanguage\":\"de-DE\",\"potentialAction\":[{\"@type\":\"ReadAction\",\"target\":[\"https:\/\/www.patentattorneys.ch\/industries\/brevets_logiciels\/\"]}]},{\"@type\":\"BreadcrumbList\",\"@id\":\"https:\/\/www.patentattorneys.ch\/industries\/brevets_logiciels\/#breadcrumb\",\"itemListElement\":[{\"@type\":\"ListItem\",\"position\":1,\"name\":\"Accueil\",\"item\":\"https:\/\/www.patentattorneys.ch\/\"},{\"@type\":\"ListItem\",\"position\":2,\"name\":\"Industries\",\"item\":\"https:\/\/www.patentattorneys.ch\/industries\/\"},{\"@type\":\"ListItem\",\"position\":3,\"name\":\"Software patents\"}]},{\"@type\":\"WebSite\",\"@id\":\"https:\/\/www.patentattorneys.ch\/de\/#website\",\"url\":\"https:\/\/www.patentattorneys.ch\/de\/\",\"name\":\"P&amp;TS AG\",\"description\":\"Patentanw\u00e4lte\",\"publisher\":{\"@id\":\"https:\/\/www.patentattorneys.ch\/de\/#organization\"},\"potentialAction\":[{\"@type\":\"SearchAction\",\"target\":{\"@type\":\"EntryPoint\",\"urlTemplate\":\"https:\/\/www.patentattorneys.ch\/de\/?s={search_term_string}\"},\"query-input\":{\"@type\":\"PropertyValueSpecification\",\"valueRequired\":true,\"valueName\":\"search_term_string\"}}],\"inLanguage\":\"de-DE\"},{\"@type\":\"Organization\",\"@id\":\"https:\/\/www.patentattorneys.ch\/de\/#organization\",\"name\":\"P&TS SA\",\"url\":\"https:\/\/www.patentattorneys.ch\/de\/\",\"logo\":{\"@type\":\"ImageObject\",\"inLanguage\":\"de-DE\",\"@id\":\"https:\/\/www.patentattorneys.ch\/de\/#\/schema\/logo\/image\/\",\"url\":\"https:\/\/www.patentattorneys.ch\/wp-content\/uploads\/2016\/01\/PTS_Icon.jpg\",\"contentUrl\":\"https:\/\/www.patentattorneys.ch\/wp-content\/uploads\/2016\/01\/PTS_Icon.jpg\",\"width\":512,\"height\":512,\"caption\":\"P&TS SA\"},\"image\":{\"@id\":\"https:\/\/www.patentattorneys.ch\/de\/#\/schema\/logo\/image\/\"},\"sameAs\":[\"https:\/\/www.facebook.com\/PTS.Ltd\/\",\"https:\/\/x.com\/PTSSA\",\"https:\/\/www.linkedin.com\/company\/p&ts-sa\"]}]}<\/script>\n<!-- \/ Yoast SEO plugin. -->","yoast_head_json":{"title":"Softwarepatente - P&amp;TS AG","description":"F\u00fcr Softwarepatente sind detaillierte technische und juristische Kenntnisse im Software- und Telekommunikationssektor erforderlich.","robots":{"index":"index","follow":"follow","max-snippet":"max-snippet:-1","max-image-preview":"max-image-preview:large","max-video-preview":"max-video-preview:-1"},"canonical":"https:\/\/www.patentattorneys.ch\/industries\/brevets_logiciels\/","og_locale":"de_DE","og_type":"article","og_title":"Softwarepatente - P&amp;TS AG","og_description":"F\u00fcr Softwarepatente sind detaillierte technische und juristische Kenntnisse im Software- und Telekommunikationssektor erforderlich.","og_url":"https:\/\/www.patentattorneys.ch\/industries\/brevets_logiciels\/","og_site_name":"P&amp;TS AG","article_publisher":"https:\/\/www.facebook.com\/PTS.Ltd\/","article_modified_time":"2024-05-09T15:11:18+00:00","twitter_card":"summary_large_image","twitter_site":"@PTSSA","twitter_misc":{"Est. reading time":"4 minutes"},"schema":{"@context":"https:\/\/schema.org","@graph":[{"@type":"WebPage","@id":"https:\/\/www.patentattorneys.ch\/industries\/brevets_logiciels\/","url":"https:\/\/www.patentattorneys.ch\/industries\/brevets_logiciels\/","name":"Softwarepatente - P&amp;TS AG","isPartOf":{"@id":"https:\/\/www.patentattorneys.ch\/de\/#website"},"datePublished":"2016-01-18T22:25:39+00:00","dateModified":"2024-05-09T15:11:18+00:00","description":"Les brevets logiciels permettent de prot\u00e9ger les solutions d\u00e9velopp\u00e9es. Apprenez-en plus sur les brevets logiciels et brevets telecoms.","breadcrumb":{"@id":"https:\/\/www.patentattorneys.ch\/industries\/brevets_logiciels\/#breadcrumb"},"inLanguage":"de-DE","potentialAction":[{"@type":"ReadAction","target":["https:\/\/www.patentattorneys.ch\/industries\/brevets_logiciels\/"]}]},{"@type":"BreadcrumbList","@id":"https:\/\/www.patentattorneys.ch\/industries\/brevets_logiciels\/#breadcrumb","itemListElement":[{"@type":"ListItem","position":1,"name":"Accueil","item":"https:\/\/www.patentattorneys.ch\/"},{"@type":"ListItem","position":2,"name":"Industries","item":"https:\/\/www.patentattorneys.ch\/industries\/"},{"@type":"ListItem","position":3,"name":"Software patents"}]},{"@type":"WebSite","@id":"https:\/\/www.patentattorneys.ch\/de\/#website","url":"https:\/\/www.patentattorneys.ch\/de\/","name":"P&amp;TS AG","description":"Patentanw\u00e4lte","publisher":{"@id":"https:\/\/www.patentattorneys.ch\/de\/#organization"},"potentialAction":[{"@type":"SearchAction","target":{"@type":"EntryPoint","urlTemplate":"https:\/\/www.patentattorneys.ch\/de\/?s={search_term_string}"},"query-input":{"@type":"PropertyValueSpecification","valueRequired":true,"valueName":"search_term_string"}}],"inLanguage":"de-DE"},{"@type":"Organization","@id":"https:\/\/www.patentattorneys.ch\/de\/#organization","name":"P&TS SA","url":"https:\/\/www.patentattorneys.ch\/de\/","logo":{"@type":"ImageObject","inLanguage":"de-DE","@id":"https:\/\/www.patentattorneys.ch\/de\/#\/schema\/logo\/image\/","url":"https:\/\/www.patentattorneys.ch\/wp-content\/uploads\/2016\/01\/PTS_Icon.jpg","contentUrl":"https:\/\/www.patentattorneys.ch\/wp-content\/uploads\/2016\/01\/PTS_Icon.jpg","width":512,"height":512,"caption":"P&TS SA"},"image":{"@id":"https:\/\/www.patentattorneys.ch\/de\/#\/schema\/logo\/image\/"},"sameAs":["https:\/\/www.facebook.com\/PTS.Ltd\/","https:\/\/x.com\/PTSSA","https:\/\/www.linkedin.com\/company\/p&ts-sa"]}]}},"_links":{"self":[{"href":"https:\/\/www.patentattorneys.ch\/de\/wp-json\/wp\/v2\/pages\/15819"}],"collection":[{"href":"https:\/\/www.patentattorneys.ch\/de\/wp-json\/wp\/v2\/pages"}],"about":[{"href":"https:\/\/www.patentattorneys.ch\/de\/wp-json\/wp\/v2\/types\/page"}],"author":[{"embeddable":true,"href":"https:\/\/www.patentattorneys.ch\/de\/wp-json\/wp\/v2\/users\/4"}],"replies":[{"embeddable":true,"href":"https:\/\/www.patentattorneys.ch\/de\/wp-json\/wp\/v2\/comments?post=15819"}],"version-history":[{"count":85,"href":"https:\/\/www.patentattorneys.ch\/de\/wp-json\/wp\/v2\/pages\/15819\/revisions"}],"predecessor-version":[{"id":33758,"href":"https:\/\/www.patentattorneys.ch\/de\/wp-json\/wp\/v2\/pages\/15819\/revisions\/33758"}],"up":[{"embeddable":true,"href":"https:\/\/www.patentattorneys.ch\/de\/wp-json\/wp\/v2\/pages\/15432"}],"wp:attachment":[{"href":"https:\/\/www.patentattorneys.ch\/de\/wp-json\/wp\/v2\/media?parent=15819"}],"curies":[{"name":"wp","href":"https:\/\/api.w.org\/{rel}","templated":true}]}}