

{"id":15821,"date":"2016-01-18T23:26:41","date_gmt":"2016-01-18T22:26:41","guid":{"rendered":"http:\/\/www.patentattorneys.ch\/?page_id=15821"},"modified":"2024-05-09T15:45:15","modified_gmt":"2024-05-09T14:45:15","slug":"horlogerie","status":"publish","type":"page","link":"https:\/\/www.patentattorneys.ch\/de\/sektoren\/uhrenindustrie\/","title":{"rendered":"Patente f\u00fcr die Uhrenindustrie"},"content":{"rendered":"<div class=\"wpb-content-wrapper\"><p>[vc_row type=&#8221;full_width_section&#8221;][vc_column width=&#8221;1\/1&#8243;]<div class=\"imagebox wpb_content_element style-1\"><div class=\"imagebox-img\"><img decoding=\"async\" src=\"https:\/\/www.patentattorneys.ch\/wp-content\/uploads\/2019\/10\/banner_manufacturing2_wide.jpg\" alt=\"Brevets pour l&#039;horlogerie - Watch Patents - Patente f\u00fcr die Uhrenindustrie\" \/><\/div><\/div>[\/vc_column][\/vc_row][vc_row][vc_column width=&#8221;1\/1&#8243;]<style>#breadcrumb-69e243e63c90f li::after { content: \"\u00bb\" }<\/style><div class=\"\"><ol class=\"wwp-vc-breadcrumbs \" id=\"breadcrumb-69e243e63c90f\"><li class=\"visited\"><a href=\"\/\">Home<\/a><\/li><li class=\"visited\"><a href=\"https:\/\/www.patentattorneys.ch\/de\/sektoren\/\">{:fr}Industries{:}{:de}Sektoren{:}{:en}Industries{:}<\/a><\/li><li class=\"current\"><span>Patente f\u00fcr die Uhrenindustrie<\/span><\/li><\/ol><\/div>[\/vc_column][\/vc_row][vc_row bg_image=&#8221;15893&#8243;][vc_column animation=&#8221;fade-in-from-left&#8221; width=&#8221;2\/3&#8243;]<div class=\"spacer\" style=\"height: 40px;\"><\/div>[vc_column_text]<\/p>\n<h1>Uhrmacherei<\/h1>\n<p>Eine fundierte Strategie auf dem Gebiet des Schutzes des geistigen Eigentums ist in einer so von Konkurrenz gepr\u00e4gten Industrie wie der Uhrmacherei entscheidend.[\/vc_column_text][vc_tabs][vc_tab title=&#8221;Spezialgebiet&#8221; tab_id=&#8221;c9c08126-3851-8&#8243;][vc_column_text]Der Sektor der Uhrmacherei ist in konstanter Bewegung, die Innovation paart sich mit der Tradition und der Konkurrenzkampf in dieser Industrie ist unbarmherzig. Als multinationale Konzerne mit einer sehr aggressiven Haltung in Bezug auf Patente ihre Computer-Uhren und Smartwatches lancierten, f\u00fchrte dies zu erneuten Konfliktrisiken. Die Neuerungen speziell auf diesem Gebiet m\u00fcssen sich ebenfalls der Bedrohung durch immer bessere F\u00e4lschungen stellen: Die F\u00e4lscher werden immer einfallsreicher, die Qualit\u00e4t der illegalen Kopien wird immer \u00fcberzeugender und dank des Internets k\u00f6nnen diese nunmehr direkt dem Endkunden geschickt werden.<\/p>\n<h6>Wird nun dieser schon explosiven Mischung die starke Konzentrierung des Schweizer Uhrensektors beigef\u00fcgt, so entsteht eine noch versch\u00e4rftere Konkurrenz zwischen Gruppen und Lieferanten. Innovation ist (\u00fcber)lebenswichtig, da sie einem Produkt erm\u00f6glicht, sich auf dem Markt zu etablieren \u2013 und diese Exklusivit\u00e4t an diesem Produkt aufrechtzuerhalten ist daher essentiell.<\/h6>\n<p>Hier nun kommt P&amp;TS ins Spiel. F\u00fcr uns stellt die Uhr zuallererst eine Leidenschaft dar: Von Neuch\u00e2tel aus ist unsere Firma im Herzen der Hauptregion der Uhrmacherei gewachsen. Wir halten unsere Ingenieure dazu an, ihre Kenntnisse dieser Industrie mit einem Praktikum bei Uhrenherstellern zu vertiefen.[\/vc_column_text][\/vc_tab][vc_tab title=&#8221;Erfahrung&#8221; tab_id=&#8221;1453669696668-1-8&#8243;][vc_column_text]Als Allgemeinanwaltskanzlei hat sich P&amp;TS als ein Leader auf dem Uhrensektor etabliert, mit j\u00e4hrlich mehreren Duzend hinterlegten Patenten. Hersteller von weltweit renommierten Schweizer Marken, unabh\u00e4ngige Produzenten aber auch Hersteller von Uhrenkomponenten: Alle vertrauen uns ihre Erfindungen an.<\/p>\n<h6>P&amp;TS entwickelt f\u00fcr diese eine geeignete Schutzstrategie, damit ihre Erfindungen volle Aufwertung und Amortisierung finden. Unsere Expertise in anderen Industrien erg\u00e4nzt die Bed\u00fcrfnisse der Uhrenindustrie und wir haben Spezialisten in Sachen Mikrotechnik, Materialien, Elektronik, Design, Software und Uhrenkomplikationen.<\/h6>\n<p>[\/vc_column_text][\/vc_tab][\/vc_tabs][\/vc_column][vc_column animation=&#8221;fade-in-from-bottom&#8221; width=&#8221;1\/3&#8243;]<div class=\"spacer\" style=\"height: 40px;\"><\/div>[vc_column_text]<\/p>\n<h3>KONTAKT<\/h3>\n<div id=\"gtx-trans\" style=\"position: absolute; left: -34px; top: -5.78125px;\">\n<div class=\"gtx-trans-icon\"><\/div>\n<\/div>\n<p>[\/vc_column_text]<div class=\"member wpb_content_element test\"><div class=\"member-img\"><a href='https:\/\/www.patentattorneys.ch\/de\/unser-team\/mitarbeiter\/charles-madore\/'><img decoding=\"async\" src=\"https:\/\/www.patentattorneys.ch\/wp-content\/uploads\/2020\/11\/schreyer_2003258.jpg\" alt=\"\" \/><\/a><\/div><h4><a href='https:\/\/www.patentattorneys.ch\/de\/unser-team\/mitarbeiter\/charles-madore\/'>Charles Madore<\/a><\/h4><div class=\"member-role\">Member of the direction<\/div><div class=\"member-content\"><p><\/p><\/div><\/div><div class=\"newdivider align-center\" style=\"border-bottom-style: solid; border-color: #b7b7b7; border-bottom-width: 1px; margin-top: 0; margin-bottom: 20px; width: 100%; \"><\/div><div class=\"clear\"><\/div>[\/vc_column][\/vc_row]<\/p>\n<\/div>","protected":false},"excerpt":{"rendered":"<p>[vc_row type=&#8221;full_width_section&#8221;][vc_column width=&#8221;1\/1&#8243;][\/vc_column][\/vc_row][vc_row][vc_column width=&#8221;1\/1&#8243;][\/vc_column][\/vc_row][vc_row bg_image=&#8221;15893&#8243;][vc_column animation=&#8221;fade-in-from-left&#8221; width=&#8221;2\/3&#8243;][vc_column_text] Uhrmacherei Eine fundierte Strategie auf dem Gebiet des Schutzes des geistigen Eigentums ist in einer so von Konkurrenz gepr\u00e4gten Industrie wie der Uhrmacherei entscheidend.[\/vc_column_text][vc_tabs][vc_tab title=&#8221;Spezialgebiet&#8221; tab_id=&#8221;c9c08126-3851-8&#8243;][vc_column_text]Der Sektor der Uhrmacherei ist in konstanter Bewegung, die Innovation paart sich mit der Tradition und der Konkurrenzkampf in dieser Industrie ist unbarmherzig. Als multinationale Konzerne mit einer sehr aggressiven Haltung in Bezug auf Patente ihre Computer-Uhren und Smartwatches lancierten, f\u00fchrte dies zu erneuten Konfliktrisiken. Die Neuerungen speziell auf diesem Gebiet m\u00fcssen sich ebenfalls der Bedrohung durch immer bessere F\u00e4lschungen stellen: Die F\u00e4lscher werden immer einfallsreicher, die Qualit\u00e4t der illegalen Kopien wird immer \u00fcberzeugender und dank des Internets k\u00f6nnen diese nunmehr direkt dem Endkunden geschickt werden. Wird nun dieser schon explosiven Mischung die starke Konzentrierung des Schweizer Uhrensektors beigef\u00fcgt, so entsteht eine noch versch\u00e4rftere Konkurrenz zwischen Gruppen und Lieferanten. Innovation ist (\u00fcber)lebenswichtig, da sie einem Produkt erm\u00f6glicht, sich auf dem Markt zu etablieren \u2013 und diese Exklusivit\u00e4t an diesem Produkt aufrechtzuerhalten ist daher essentiell. Hier nun kommt P&amp;TS ins Spiel. F\u00fcr uns stellt die Uhr zuallererst eine Leidenschaft dar: Von Neuch\u00e2tel aus ist unsere Firma im Herzen der Hauptregion der Uhrmacherei gewachsen. Wir halten unsere Ingenieure dazu an, [&hellip;]<\/p>\n","protected":false},"author":4,"featured_media":0,"parent":15432,"menu_order":0,"comment_status":"closed","ping_status":"closed","template":"","meta":{"footnotes":""},"translation":{"provider":"WPGlobus","version":"3.0.2","language":"de","enabled_languages":["fr","de","en","it"],"languages":{"fr":{"title":true,"content":true,"excerpt":false},"de":{"title":true,"content":true,"excerpt":false},"en":{"title":true,"content":true,"excerpt":false},"it":{"title":false,"content":false,"excerpt":false}}},"yoast_head":"<!-- This site is optimized with the Yoast SEO plugin v24.4 - https:\/\/yoast.com\/wordpress\/plugins\/seo\/ -->\n<title>Patente f\u00fcr die Uhrenindustrie - P&amp;TS AG<\/title>\n<meta name=\"description\" content=\"Weli Pat\u00e4nt-Strategi s\u00f6lls im Uhremaa verwendet w\u00e4rde? P&amp;TS, mit Sitz in Neuch\u00e2tel, beroot di gr\u00f6sste Br\u00e4nd bim Sichere vo Uhrepat\u00e4nt.\" \/>\n<meta name=\"robots\" content=\"index, follow, max-snippet:-1, max-image-preview:large, max-video-preview:-1\" \/>\n<link rel=\"canonical\" href=\"https:\/\/www.patentattorneys.ch\/industries\/horlogerie\/\" \/>\n<meta property=\"og:locale\" content=\"de_DE\" \/>\n<meta property=\"og:type\" content=\"article\" \/>\n<meta property=\"og:title\" content=\"Patente f\u00fcr die Uhrenindustrie - P&amp;TS AG\" \/>\n<meta property=\"og:description\" content=\"Weli Pat\u00e4nt-Strategi s\u00f6lls im Uhremaa verwendet w\u00e4rde? P&amp;TS, mit Sitz in Neuch\u00e2tel, beroot di gr\u00f6sste Br\u00e4nd bim Sichere vo Uhrepat\u00e4nt.\" \/>\n<meta property=\"og:url\" content=\"https:\/\/www.patentattorneys.ch\/industries\/horlogerie\/\" \/>\n<meta property=\"og:site_name\" content=\"P&amp;TS AG\" \/>\n<meta property=\"article:publisher\" content=\"https:\/\/www.facebook.com\/PTS.Ltd\/\" \/>\n<meta property=\"article:modified_time\" content=\"2024-05-09T14:45:15+00:00\" \/>\n<meta name=\"twitter:card\" content=\"summary_large_image\" \/>\n<meta name=\"twitter:site\" content=\"@PTSSA\" \/>\n<meta name=\"twitter:label1\" content=\"Est. reading time\" \/>\n\t<meta name=\"twitter:data1\" content=\"2 minutes\" \/>\n<script type=\"application\/ld+json\" class=\"yoast-schema-graph\">{\"@context\":\"https:\/\/schema.org\",\"@graph\":[{\"@type\":\"WebPage\",\"@id\":\"https:\/\/www.patentattorneys.ch\/industries\/horlogerie\/\",\"url\":\"https:\/\/www.patentattorneys.ch\/industries\/horlogerie\/\",\"name\":\"Patente f\u00fcr die Uhrenindustrie - P&amp;TS AG\",\"isPartOf\":{\"@id\":\"https:\/\/www.patentattorneys.ch\/de\/#website\"},\"datePublished\":\"2016-01-18T22:26:41+00:00\",\"dateModified\":\"2024-05-09T14:45:15+00:00\",\"description\":\"Quelle strat\u00e9gie de brevet pour l'horlogerie ? P&TS est bas\u00e9e \u00e0 Neuch\u00e2tel et conseille les plus grandes marques.\",\"breadcrumb\":{\"@id\":\"https:\/\/www.patentattorneys.ch\/industries\/horlogerie\/#breadcrumb\"},\"inLanguage\":\"de-DE\",\"potentialAction\":[{\"@type\":\"ReadAction\",\"target\":[\"https:\/\/www.patentattorneys.ch\/industries\/horlogerie\/\"]}]},{\"@type\":\"BreadcrumbList\",\"@id\":\"https:\/\/www.patentattorneys.ch\/industries\/horlogerie\/#breadcrumb\",\"itemListElement\":[{\"@type\":\"ListItem\",\"position\":1,\"name\":\"Accueil\",\"item\":\"https:\/\/www.patentattorneys.ch\/\"},{\"@type\":\"ListItem\",\"position\":2,\"name\":\"Industries\",\"item\":\"https:\/\/www.patentattorneys.ch\/industries\/\"},{\"@type\":\"ListItem\",\"position\":3,\"name\":\"Watch Patents\"}]},{\"@type\":\"WebSite\",\"@id\":\"https:\/\/www.patentattorneys.ch\/de\/#website\",\"url\":\"https:\/\/www.patentattorneys.ch\/de\/\",\"name\":\"P&amp;TS AG\",\"description\":\"Patentanw\u00e4lte\",\"publisher\":{\"@id\":\"https:\/\/www.patentattorneys.ch\/de\/#organization\"},\"potentialAction\":[{\"@type\":\"SearchAction\",\"target\":{\"@type\":\"EntryPoint\",\"urlTemplate\":\"https:\/\/www.patentattorneys.ch\/de\/?s={search_term_string}\"},\"query-input\":{\"@type\":\"PropertyValueSpecification\",\"valueRequired\":true,\"valueName\":\"search_term_string\"}}],\"inLanguage\":\"de-DE\"},{\"@type\":\"Organization\",\"@id\":\"https:\/\/www.patentattorneys.ch\/de\/#organization\",\"name\":\"P&TS SA\",\"url\":\"https:\/\/www.patentattorneys.ch\/de\/\",\"logo\":{\"@type\":\"ImageObject\",\"inLanguage\":\"de-DE\",\"@id\":\"https:\/\/www.patentattorneys.ch\/de\/#\/schema\/logo\/image\/\",\"url\":\"https:\/\/www.patentattorneys.ch\/wp-content\/uploads\/2016\/01\/PTS_Icon.jpg\",\"contentUrl\":\"https:\/\/www.patentattorneys.ch\/wp-content\/uploads\/2016\/01\/PTS_Icon.jpg\",\"width\":512,\"height\":512,\"caption\":\"P&TS SA\"},\"image\":{\"@id\":\"https:\/\/www.patentattorneys.ch\/de\/#\/schema\/logo\/image\/\"},\"sameAs\":[\"https:\/\/www.facebook.com\/PTS.Ltd\/\",\"https:\/\/x.com\/PTSSA\",\"https:\/\/www.linkedin.com\/company\/p&ts-sa\"]}]}<\/script>\n<!-- \/ Yoast SEO plugin. -->","yoast_head_json":{"title":"Patente f\u00fcr die Uhrenindustrie - P&amp;TS AG","description":"Weli Pat\u00e4nt-Strategi s\u00f6lls im Uhremaa verwendet w\u00e4rde? P&TS, mit Sitz in Neuch\u00e2tel, beroot di gr\u00f6sste Br\u00e4nd bim Sichere vo Uhrepat\u00e4nt.","robots":{"index":"index","follow":"follow","max-snippet":"max-snippet:-1","max-image-preview":"max-image-preview:large","max-video-preview":"max-video-preview:-1"},"canonical":"https:\/\/www.patentattorneys.ch\/industries\/horlogerie\/","og_locale":"de_DE","og_type":"article","og_title":"Patente f\u00fcr die Uhrenindustrie - P&amp;TS AG","og_description":"Weli Pat\u00e4nt-Strategi s\u00f6lls im Uhremaa verwendet w\u00e4rde? P&TS, mit Sitz in Neuch\u00e2tel, beroot di gr\u00f6sste Br\u00e4nd bim Sichere vo Uhrepat\u00e4nt.","og_url":"https:\/\/www.patentattorneys.ch\/industries\/horlogerie\/","og_site_name":"P&amp;TS AG","article_publisher":"https:\/\/www.facebook.com\/PTS.Ltd\/","article_modified_time":"2024-05-09T14:45:15+00:00","twitter_card":"summary_large_image","twitter_site":"@PTSSA","twitter_misc":{"Est. reading time":"2 minutes"},"schema":{"@context":"https:\/\/schema.org","@graph":[{"@type":"WebPage","@id":"https:\/\/www.patentattorneys.ch\/industries\/horlogerie\/","url":"https:\/\/www.patentattorneys.ch\/industries\/horlogerie\/","name":"Patente f\u00fcr die Uhrenindustrie - P&amp;TS AG","isPartOf":{"@id":"https:\/\/www.patentattorneys.ch\/de\/#website"},"datePublished":"2016-01-18T22:26:41+00:00","dateModified":"2024-05-09T14:45:15+00:00","description":"Quelle strat\u00e9gie de brevet pour l'horlogerie ? P&TS est bas\u00e9e \u00e0 Neuch\u00e2tel et conseille les plus grandes marques.","breadcrumb":{"@id":"https:\/\/www.patentattorneys.ch\/industries\/horlogerie\/#breadcrumb"},"inLanguage":"de-DE","potentialAction":[{"@type":"ReadAction","target":["https:\/\/www.patentattorneys.ch\/industries\/horlogerie\/"]}]},{"@type":"BreadcrumbList","@id":"https:\/\/www.patentattorneys.ch\/industries\/horlogerie\/#breadcrumb","itemListElement":[{"@type":"ListItem","position":1,"name":"Accueil","item":"https:\/\/www.patentattorneys.ch\/"},{"@type":"ListItem","position":2,"name":"Industries","item":"https:\/\/www.patentattorneys.ch\/industries\/"},{"@type":"ListItem","position":3,"name":"Watch Patents"}]},{"@type":"WebSite","@id":"https:\/\/www.patentattorneys.ch\/de\/#website","url":"https:\/\/www.patentattorneys.ch\/de\/","name":"P&amp;TS AG","description":"Patentanw\u00e4lte","publisher":{"@id":"https:\/\/www.patentattorneys.ch\/de\/#organization"},"potentialAction":[{"@type":"SearchAction","target":{"@type":"EntryPoint","urlTemplate":"https:\/\/www.patentattorneys.ch\/de\/?s={search_term_string}"},"query-input":{"@type":"PropertyValueSpecification","valueRequired":true,"valueName":"search_term_string"}}],"inLanguage":"de-DE"},{"@type":"Organization","@id":"https:\/\/www.patentattorneys.ch\/de\/#organization","name":"P&TS SA","url":"https:\/\/www.patentattorneys.ch\/de\/","logo":{"@type":"ImageObject","inLanguage":"de-DE","@id":"https:\/\/www.patentattorneys.ch\/de\/#\/schema\/logo\/image\/","url":"https:\/\/www.patentattorneys.ch\/wp-content\/uploads\/2016\/01\/PTS_Icon.jpg","contentUrl":"https:\/\/www.patentattorneys.ch\/wp-content\/uploads\/2016\/01\/PTS_Icon.jpg","width":512,"height":512,"caption":"P&TS SA"},"image":{"@id":"https:\/\/www.patentattorneys.ch\/de\/#\/schema\/logo\/image\/"},"sameAs":["https:\/\/www.facebook.com\/PTS.Ltd\/","https:\/\/x.com\/PTSSA","https:\/\/www.linkedin.com\/company\/p&ts-sa"]}]}},"_links":{"self":[{"href":"https:\/\/www.patentattorneys.ch\/de\/wp-json\/wp\/v2\/pages\/15821"}],"collection":[{"href":"https:\/\/www.patentattorneys.ch\/de\/wp-json\/wp\/v2\/pages"}],"about":[{"href":"https:\/\/www.patentattorneys.ch\/de\/wp-json\/wp\/v2\/types\/page"}],"author":[{"embeddable":true,"href":"https:\/\/www.patentattorneys.ch\/de\/wp-json\/wp\/v2\/users\/4"}],"replies":[{"embeddable":true,"href":"https:\/\/www.patentattorneys.ch\/de\/wp-json\/wp\/v2\/comments?post=15821"}],"version-history":[{"count":90,"href":"https:\/\/www.patentattorneys.ch\/de\/wp-json\/wp\/v2\/pages\/15821\/revisions"}],"predecessor-version":[{"id":33753,"href":"https:\/\/www.patentattorneys.ch\/de\/wp-json\/wp\/v2\/pages\/15821\/revisions\/33753"}],"up":[{"embeddable":true,"href":"https:\/\/www.patentattorneys.ch\/de\/wp-json\/wp\/v2\/pages\/15432"}],"wp:attachment":[{"href":"https:\/\/www.patentattorneys.ch\/de\/wp-json\/wp\/v2\/media?parent=15821"}],"curies":[{"name":"wp","href":"https:\/\/api.w.org\/{rel}","templated":true}]}}