

{"id":15826,"date":"2016-01-18T23:28:10","date_gmt":"2016-01-18T22:28:10","guid":{"rendered":"http:\/\/www.patentattorneys.ch\/?page_id=15826"},"modified":"2024-05-09T15:56:41","modified_gmt":"2024-05-09T14:56:41","slug":"brevets_mecanique_machines","status":"publish","type":"page","link":"https:\/\/www.patentattorneys.ch\/de\/sektoren\/patente-fur-die-mechanik-und-maschinenindustrie\/","title":{"rendered":"Patente f\u00fcr die Mechanik- und Maschinenindustrie"},"content":{"rendered":"<div class=\"wpb-content-wrapper\"><p>[vc_row type=&#8221;full_width_section&#8221;][vc_column width=&#8221;1\/1&#8243;]<div class=\"imagebox wpb_content_element style-1\"><div class=\"imagebox-img\"><img decoding=\"async\" src=\"https:\/\/www.patentattorneys.ch\/wp-content\/uploads\/2019\/10\/banner_industry2_wide.jpg\" alt=\"Brevets pour la m\u00e9canique et les machines - Patents for Mechanics and Machines - Patente f\u00fcr die Mechanik- und Maschinenindustrie\" \/><\/div><\/div>[\/vc_column][\/vc_row][vc_row][vc_column width=&#8221;1\/1&#8243;]<style>#breadcrumb-69e020354085b li::after { content: \"\u00bb\" }<\/style><div class=\"\"><ol class=\"wwp-vc-breadcrumbs \" id=\"breadcrumb-69e020354085b\"><li class=\"visited\"><a href=\"\/\">Home<\/a><\/li><li class=\"visited\"><a href=\"https:\/\/www.patentattorneys.ch\/de\/sektoren\/\">{:fr}Industries{:}{:de}Sektoren{:}{:en}Industries{:}<\/a><\/li><li class=\"current\"><span>Patente f\u00fcr die Mechanik- und Maschinenindustrie<\/span><\/li><\/ol><\/div>[\/vc_column][\/vc_row][vc_row bg_image=&#8221;15893&#8243;][vc_column animation=&#8221;fade-in-from-left&#8221; width=&#8221;2\/3&#8243;]<div class=\"spacer\" style=\"height: 40px;\"><\/div>[vc_column_text]<\/p>\n<h1>Patente f\u00fcr die Mechanik- und Maschinenindustrie<\/h1>\n<p>Sind die \u00fcblichen Strategien zum Schutz des geistigen Eigentums im Zeitalter einer sich stetig verwandelnden Maschinenwelt noch angebracht?[\/vc_column_text][vc_tabs][vc_tab title=&#8221;Fachwissen&#8221; tab_id=&#8221;c9c08126-3851-8&#8243;][vc_column_text] Die Schweiz besitzt ein aussergew\u00f6hnliches Knowhow auf dem Gebiet der Werkzeugmaschinen und der Pr\u00e4zisionsindustrie. Dies trifft vor allem auf den Jurabogen zu, dank der dynamischen Uhrenfabrikation. Diese Umgebung hat unserer in Neuch\u00e2tel ans\u00e4ssigen Firma erm\u00f6glicht, eine betr\u00e4chtliche Erfahrung im Schutz von Erfindungen auf dem Gebiet der Maschinen und der Mechanik zu erlangen.<\/p>\n<h6>Heutzutage bildet die Fabrikation den wichtigsten Sektor bei P&amp;TS, was uns in die privilegierte Situation versetzt, mit den rasanten Ver\u00e4nderungen Schritt zu halten, sei dies die Herstellung auf Nachfrage, die 3D-Drucktechnik oder sogenannte \u201efab labs\u201c. Wird eine Firma mit diesen Erneuerungen konfrontiert, ist es unbedingt notwendig, neue Strategien f\u00fcr Schutzmassnahmen ihres geistigen Eigentums zu entwickeln. Diese sind auf die 4.0 Industrie angepasst und k\u00f6nnen die Erfindungen \u2013 sowohl auf dem Gebiet des Designs wie auch der Patente \u2013 vor dem Risiko von F\u00e4lschungen sch\u00fctzen, welche durch Scanner und 3D-Drucker immer einfacher herzustellen sind.<\/h6>\n<p>Ein anderes Plus von P&amp;TS ist geographischer Natur: Die Firmen dieses Sektors haben ihre Konkurrenten vor allem in der Schweiz, in Deutschland und in Frankreich. Daher haben wir in all diesen L\u00e4ndern Niederlassungen gegr\u00fcndet, ebenso im Vereinigten K\u00f6nigreich (UK) und in Irland, was uns erm\u00f6glicht, Patente, Marken und Designs ohne lokalen Korrespondenten und zu sehr konkurrenzf\u00e4higen Preisen anzumelden. Ausserdem arbeiten intern bei P&amp;TS Patentanw\u00e4lte aus der Schweiz, aus Deutschland, Frankreich und England\/Irland, welche alle den rechtlichen Rahmen\u00a0in diesen Schl\u00fcsselm\u00e4rkten genauestens kennen. [\/vc_column_text][\/vc_tab][vc_tab title=&#8221;Erfahrung&#8221; tab_id=&#8221;1453669696668-1-8&#8243;][vc_column_text] Unsere Experten sind speziell auf den folgenden Gebieten versiert:<\/p>\n<ul>\n<li>CNC-Maschinen (Drehautomaten, Transfermaschinen, Fertigungsmaschinen, Angliermaschinen, andere Sp\u00e4n-Werkzeugmaschinen)<\/li>\n<li>Industrie 4.0, 3D-Drucktechnik, generative Fertigung (additive manufacturing)<\/li>\n<li>Robotik<\/li>\n<li>Montagemaschinen<\/li>\n<li>Injektions- und Extrusionsverfahren<\/li>\n<li>Maschinen zur Herstellung oder \u00dcberpr\u00fcfung von elektronischen Bauteilen<\/li>\n<li>Laserbearbeitung, Wasserstrahlschneider, Femtolaser, Elektroerosion, SACE -Verfahren<\/li>\n<li>Maschinenkomponenten, einschliesslich W\u00e4rmekraftmotoren und Elektromotoren, Lagern, Radlagern, F\u00fchrungen<\/li>\n<li>Maschinensteuerungen, beispielsweise CNC-Steuerung, Messwesen<\/li>\n<li>Tiefbaumaschinen<\/li>\n<li>Mechanische Komponenten einschliesslich Lagern, Radlagern, konformer Systemen, Gelenken, hermetischer Dichtungen<\/li>\n<li>Automobilzulieferung, einschliesslich pneumatischer Komponenten<\/li>\n<\/ul>\n<p>[\/vc_column_text][\/vc_tab][vc_tab title=&#8221;Ver\u00f6ffentlichungen&#8221; tab_id=&#8221;1474895643745-2-9&#8243;][vc_column_text][\/vc_column_text][\/vc_tab][\/vc_tabs][\/vc_column][vc_column animation=&#8221;fade-in-from-bottom&#8221; width=&#8221;1\/3&#8243;]<div class=\"spacer\" style=\"height: 40px;\"><\/div>[vc_column_text]<\/p>\n<h3>KONTAKT<\/h3>\n<div id=\"gtx-trans\" style=\"position: absolute; left: -25px; top: -5.78125px;\">\n<div class=\"gtx-trans-icon\"><\/div>\n<\/div>\n<p>[\/vc_column_text]<div class=\"member wpb_content_element test\"><div class=\"member-img\"><a href='https:\/\/www.patentattorneys.ch\/de\/unser-team\/mitarbeiter\/ronan-guirey\/'><img decoding=\"async\" src=\"https:\/\/www.patentattorneys.ch\/wp-content\/uploads\/2022\/04\/schreyer_2003430.jpg\" alt=\"\" \/><\/a><\/div><h4><a href='https:\/\/www.patentattorneys.ch\/de\/unser-team\/mitarbeiter\/ronan-guirey\/'>Ronan Guirey<\/a><\/h4><div class=\"member-role\">Director of the P&amp;TS Zurich office<\/div><div class=\"member-content\"><p><a href=\"&#109;&#x61;&#105;&#x6c;&#116;&#x6f;:&#x67;u&#x69;r&#x65;y&#x40;p&#x61;t&#x65;n&#x74;a&#x74;t&#111;&#x72;&#110;&#x65;&#121;&#x73;&#46;&#x63;h\"><i class=\"fa fa-envelope-o minti-icon\" style=\"color:#888888 !important; font-size: 14px; margin: 0px 0px 0px 0px\"><\/i> e-mail<\/a><\/p><\/div><\/div><div class=\"newdivider align-center\" style=\"border-bottom-style: solid; border-color: #b7b7b7; border-bottom-width: 1px; margin-top: 0; margin-bottom: 20px; width: 100%; \"><\/div><div class=\"clear\"><\/div>[\/vc_column][\/vc_row]<\/p>\n<\/div>","protected":false},"excerpt":{"rendered":"<p>[vc_row type=&#8221;full_width_section&#8221;][vc_column width=&#8221;1\/1&#8243;][\/vc_column][\/vc_row][vc_row][vc_column width=&#8221;1\/1&#8243;][\/vc_column][\/vc_row][vc_row bg_image=&#8221;15893&#8243;][vc_column animation=&#8221;fade-in-from-left&#8221; width=&#8221;2\/3&#8243;][vc_column_text] Patente f\u00fcr die Mechanik- und Maschinenindustrie Sind die \u00fcblichen Strategien zum Schutz des geistigen Eigentums im Zeitalter einer sich stetig verwandelnden Maschinenwelt noch angebracht?[\/vc_column_text][vc_tabs][vc_tab title=&#8221;Fachwissen&#8221; tab_id=&#8221;c9c08126-3851-8&#8243;][vc_column_text] Die Schweiz besitzt ein aussergew\u00f6hnliches Knowhow auf dem Gebiet der Werkzeugmaschinen und der Pr\u00e4zisionsindustrie. Dies trifft vor allem auf den Jurabogen zu, dank der dynamischen Uhrenfabrikation. Diese Umgebung hat unserer in Neuch\u00e2tel ans\u00e4ssigen Firma erm\u00f6glicht, eine betr\u00e4chtliche Erfahrung im Schutz von Erfindungen auf dem Gebiet der Maschinen und der Mechanik zu erlangen. Heutzutage bildet die Fabrikation den wichtigsten Sektor bei P&amp;TS, was uns in die privilegierte Situation versetzt, mit den rasanten Ver\u00e4nderungen Schritt zu halten, sei dies die Herstellung auf Nachfrage, die 3D-Drucktechnik oder sogenannte \u201efab labs\u201c. Wird eine Firma mit diesen Erneuerungen konfrontiert, ist es unbedingt notwendig, neue Strategien f\u00fcr Schutzmassnahmen ihres geistigen Eigentums zu entwickeln. Diese sind auf die 4.0 Industrie angepasst und k\u00f6nnen die Erfindungen \u2013 sowohl auf dem Gebiet des Designs wie auch der Patente \u2013 vor dem Risiko von F\u00e4lschungen sch\u00fctzen, welche durch Scanner und 3D-Drucker immer einfacher herzustellen sind. Ein anderes Plus von P&amp;TS ist geographischer Natur: Die Firmen dieses Sektors haben ihre Konkurrenten vor allem in der Schweiz, in Deutschland [&hellip;]<\/p>\n","protected":false},"author":4,"featured_media":0,"parent":15432,"menu_order":0,"comment_status":"closed","ping_status":"closed","template":"","meta":{"footnotes":""},"translation":{"provider":"WPGlobus","version":"3.0.2","language":"de","enabled_languages":["fr","de","en","it"],"languages":{"fr":{"title":true,"content":true,"excerpt":false},"de":{"title":true,"content":true,"excerpt":false},"en":{"title":true,"content":true,"excerpt":false},"it":{"title":false,"content":false,"excerpt":false}}},"yoast_head":"<!-- This site is optimized with the Yoast SEO plugin v24.4 - https:\/\/yoast.com\/wordpress\/plugins\/seo\/ -->\n<title>Patente f\u00fcr die Mechanik- und Maschinenindustrie - P&amp;TS AG<\/title>\n<meta name=\"description\" content=\"\u00dcsi Firma, mit Sitz in Neuch\u00e2tel, het e riiche Erfahrig im Umg\u00e4 mit Pat\u00e4nt f\u00fcr Mechanik und Maschine.\" \/>\n<meta name=\"robots\" content=\"index, follow, max-snippet:-1, max-image-preview:large, max-video-preview:-1\" \/>\n<link rel=\"canonical\" href=\"https:\/\/www.patentattorneys.ch\/industries\/brevets_mecanique_machines\/\" \/>\n<meta property=\"og:locale\" content=\"de_DE\" \/>\n<meta property=\"og:type\" content=\"article\" \/>\n<meta property=\"og:title\" content=\"Patente f\u00fcr die Mechanik- und Maschinenindustrie - P&amp;TS AG\" \/>\n<meta property=\"og:description\" content=\"\u00dcsi Firma, mit Sitz in Neuch\u00e2tel, het e riiche Erfahrig im Umg\u00e4 mit Pat\u00e4nt f\u00fcr Mechanik und Maschine.\" \/>\n<meta property=\"og:url\" content=\"https:\/\/www.patentattorneys.ch\/industries\/brevets_mecanique_machines\/\" \/>\n<meta property=\"og:site_name\" content=\"P&amp;TS AG\" \/>\n<meta property=\"article:publisher\" content=\"https:\/\/www.facebook.com\/PTS.Ltd\/\" \/>\n<meta property=\"article:modified_time\" content=\"2024-05-09T14:56:41+00:00\" \/>\n<meta name=\"twitter:card\" content=\"summary_large_image\" \/>\n<meta name=\"twitter:site\" content=\"@PTSSA\" \/>\n<meta name=\"twitter:label1\" content=\"Est. reading time\" \/>\n\t<meta name=\"twitter:data1\" content=\"3 minutes\" \/>\n<script type=\"application\/ld+json\" class=\"yoast-schema-graph\">{\"@context\":\"https:\/\/schema.org\",\"@graph\":[{\"@type\":\"WebPage\",\"@id\":\"https:\/\/www.patentattorneys.ch\/industries\/brevets_mecanique_machines\/\",\"url\":\"https:\/\/www.patentattorneys.ch\/industries\/brevets_mecanique_machines\/\",\"name\":\"Patente f\u00fcr die Mechanik- und Maschinenindustrie - P&amp;TS AG\",\"isPartOf\":{\"@id\":\"https:\/\/www.patentattorneys.ch\/de\/#website\"},\"datePublished\":\"2016-01-18T22:28:10+00:00\",\"dateModified\":\"2024-05-09T14:56:41+00:00\",\"description\":\"Notre soci\u00e9t\u00e9, bas\u00e9e \u00e0 Neuch\u00e2tel, poss\u00e8de une exp\u00e9rience consid\u00e9rable dans la r\u00e9alisation de brevets pour la m\u00e9canique et les machines.\",\"breadcrumb\":{\"@id\":\"https:\/\/www.patentattorneys.ch\/industries\/brevets_mecanique_machines\/#breadcrumb\"},\"inLanguage\":\"de-DE\",\"potentialAction\":[{\"@type\":\"ReadAction\",\"target\":[\"https:\/\/www.patentattorneys.ch\/industries\/brevets_mecanique_machines\/\"]}]},{\"@type\":\"BreadcrumbList\",\"@id\":\"https:\/\/www.patentattorneys.ch\/industries\/brevets_mecanique_machines\/#breadcrumb\",\"itemListElement\":[{\"@type\":\"ListItem\",\"position\":1,\"name\":\"Accueil\",\"item\":\"https:\/\/www.patentattorneys.ch\/\"},{\"@type\":\"ListItem\",\"position\":2,\"name\":\"Industries\",\"item\":\"https:\/\/www.patentattorneys.ch\/industries\/\"},{\"@type\":\"ListItem\",\"position\":3,\"name\":\"Patents for Mechanics &#038; Machines\"}]},{\"@type\":\"WebSite\",\"@id\":\"https:\/\/www.patentattorneys.ch\/de\/#website\",\"url\":\"https:\/\/www.patentattorneys.ch\/de\/\",\"name\":\"P&amp;TS AG\",\"description\":\"Patentanw\u00e4lte\",\"publisher\":{\"@id\":\"https:\/\/www.patentattorneys.ch\/de\/#organization\"},\"potentialAction\":[{\"@type\":\"SearchAction\",\"target\":{\"@type\":\"EntryPoint\",\"urlTemplate\":\"https:\/\/www.patentattorneys.ch\/de\/?s={search_term_string}\"},\"query-input\":{\"@type\":\"PropertyValueSpecification\",\"valueRequired\":true,\"valueName\":\"search_term_string\"}}],\"inLanguage\":\"de-DE\"},{\"@type\":\"Organization\",\"@id\":\"https:\/\/www.patentattorneys.ch\/de\/#organization\",\"name\":\"P&TS SA\",\"url\":\"https:\/\/www.patentattorneys.ch\/de\/\",\"logo\":{\"@type\":\"ImageObject\",\"inLanguage\":\"de-DE\",\"@id\":\"https:\/\/www.patentattorneys.ch\/de\/#\/schema\/logo\/image\/\",\"url\":\"https:\/\/www.patentattorneys.ch\/wp-content\/uploads\/2016\/01\/PTS_Icon.jpg\",\"contentUrl\":\"https:\/\/www.patentattorneys.ch\/wp-content\/uploads\/2016\/01\/PTS_Icon.jpg\",\"width\":512,\"height\":512,\"caption\":\"P&TS SA\"},\"image\":{\"@id\":\"https:\/\/www.patentattorneys.ch\/de\/#\/schema\/logo\/image\/\"},\"sameAs\":[\"https:\/\/www.facebook.com\/PTS.Ltd\/\",\"https:\/\/x.com\/PTSSA\",\"https:\/\/www.linkedin.com\/company\/p&ts-sa\"]}]}<\/script>\n<!-- \/ Yoast SEO plugin. -->","yoast_head_json":{"title":"Patente f\u00fcr die Mechanik- und Maschinenindustrie - P&amp;TS AG","description":"\u00dcsi Firma, mit Sitz in Neuch\u00e2tel, het e riiche Erfahrig im Umg\u00e4 mit Pat\u00e4nt f\u00fcr Mechanik und Maschine.","robots":{"index":"index","follow":"follow","max-snippet":"max-snippet:-1","max-image-preview":"max-image-preview:large","max-video-preview":"max-video-preview:-1"},"canonical":"https:\/\/www.patentattorneys.ch\/industries\/brevets_mecanique_machines\/","og_locale":"de_DE","og_type":"article","og_title":"Patente f\u00fcr die Mechanik- und Maschinenindustrie - P&amp;TS AG","og_description":"\u00dcsi Firma, mit Sitz in Neuch\u00e2tel, het e riiche Erfahrig im Umg\u00e4 mit Pat\u00e4nt f\u00fcr Mechanik und Maschine.","og_url":"https:\/\/www.patentattorneys.ch\/industries\/brevets_mecanique_machines\/","og_site_name":"P&amp;TS AG","article_publisher":"https:\/\/www.facebook.com\/PTS.Ltd\/","article_modified_time":"2024-05-09T14:56:41+00:00","twitter_card":"summary_large_image","twitter_site":"@PTSSA","twitter_misc":{"Est. reading time":"3 minutes"},"schema":{"@context":"https:\/\/schema.org","@graph":[{"@type":"WebPage","@id":"https:\/\/www.patentattorneys.ch\/industries\/brevets_mecanique_machines\/","url":"https:\/\/www.patentattorneys.ch\/industries\/brevets_mecanique_machines\/","name":"Patente f\u00fcr die Mechanik- und Maschinenindustrie - P&amp;TS AG","isPartOf":{"@id":"https:\/\/www.patentattorneys.ch\/de\/#website"},"datePublished":"2016-01-18T22:28:10+00:00","dateModified":"2024-05-09T14:56:41+00:00","description":"Notre soci\u00e9t\u00e9, bas\u00e9e \u00e0 Neuch\u00e2tel, poss\u00e8de une exp\u00e9rience consid\u00e9rable dans la r\u00e9alisation de brevets pour la m\u00e9canique et les machines.","breadcrumb":{"@id":"https:\/\/www.patentattorneys.ch\/industries\/brevets_mecanique_machines\/#breadcrumb"},"inLanguage":"de-DE","potentialAction":[{"@type":"ReadAction","target":["https:\/\/www.patentattorneys.ch\/industries\/brevets_mecanique_machines\/"]}]},{"@type":"BreadcrumbList","@id":"https:\/\/www.patentattorneys.ch\/industries\/brevets_mecanique_machines\/#breadcrumb","itemListElement":[{"@type":"ListItem","position":1,"name":"Accueil","item":"https:\/\/www.patentattorneys.ch\/"},{"@type":"ListItem","position":2,"name":"Industries","item":"https:\/\/www.patentattorneys.ch\/industries\/"},{"@type":"ListItem","position":3,"name":"Patents for Mechanics &#038; Machines"}]},{"@type":"WebSite","@id":"https:\/\/www.patentattorneys.ch\/de\/#website","url":"https:\/\/www.patentattorneys.ch\/de\/","name":"P&amp;TS AG","description":"Patentanw\u00e4lte","publisher":{"@id":"https:\/\/www.patentattorneys.ch\/de\/#organization"},"potentialAction":[{"@type":"SearchAction","target":{"@type":"EntryPoint","urlTemplate":"https:\/\/www.patentattorneys.ch\/de\/?s={search_term_string}"},"query-input":{"@type":"PropertyValueSpecification","valueRequired":true,"valueName":"search_term_string"}}],"inLanguage":"de-DE"},{"@type":"Organization","@id":"https:\/\/www.patentattorneys.ch\/de\/#organization","name":"P&TS SA","url":"https:\/\/www.patentattorneys.ch\/de\/","logo":{"@type":"ImageObject","inLanguage":"de-DE","@id":"https:\/\/www.patentattorneys.ch\/de\/#\/schema\/logo\/image\/","url":"https:\/\/www.patentattorneys.ch\/wp-content\/uploads\/2016\/01\/PTS_Icon.jpg","contentUrl":"https:\/\/www.patentattorneys.ch\/wp-content\/uploads\/2016\/01\/PTS_Icon.jpg","width":512,"height":512,"caption":"P&TS SA"},"image":{"@id":"https:\/\/www.patentattorneys.ch\/de\/#\/schema\/logo\/image\/"},"sameAs":["https:\/\/www.facebook.com\/PTS.Ltd\/","https:\/\/x.com\/PTSSA","https:\/\/www.linkedin.com\/company\/p&ts-sa"]}]}},"_links":{"self":[{"href":"https:\/\/www.patentattorneys.ch\/de\/wp-json\/wp\/v2\/pages\/15826"}],"collection":[{"href":"https:\/\/www.patentattorneys.ch\/de\/wp-json\/wp\/v2\/pages"}],"about":[{"href":"https:\/\/www.patentattorneys.ch\/de\/wp-json\/wp\/v2\/types\/page"}],"author":[{"embeddable":true,"href":"https:\/\/www.patentattorneys.ch\/de\/wp-json\/wp\/v2\/users\/4"}],"replies":[{"embeddable":true,"href":"https:\/\/www.patentattorneys.ch\/de\/wp-json\/wp\/v2\/comments?post=15826"}],"version-history":[{"count":107,"href":"https:\/\/www.patentattorneys.ch\/de\/wp-json\/wp\/v2\/pages\/15826\/revisions"}],"predecessor-version":[{"id":33757,"href":"https:\/\/www.patentattorneys.ch\/de\/wp-json\/wp\/v2\/pages\/15826\/revisions\/33757"}],"up":[{"embeddable":true,"href":"https:\/\/www.patentattorneys.ch\/de\/wp-json\/wp\/v2\/pages\/15432"}],"wp:attachment":[{"href":"https:\/\/www.patentattorneys.ch\/de\/wp-json\/wp\/v2\/media?parent=15826"}],"curies":[{"name":"wp","href":"https:\/\/api.w.org\/{rel}","templated":true}]}}