

{"id":15828,"date":"2016-01-18T23:29:11","date_gmt":"2016-01-18T22:29:11","guid":{"rendered":"http:\/\/www.patentattorneys.ch\/?page_id=15828"},"modified":"2024-05-09T16:17:47","modified_gmt":"2024-05-09T15:17:47","slug":"micro-technologie","status":"publish","type":"page","link":"https:\/\/www.patentattorneys.ch\/de\/sektoren\/mikrotechnik\/","title":{"rendered":"Mikrotechnik"},"content":{"rendered":"<div class=\"wpb-content-wrapper\"><p>[vc_row type=&#8221;full_width_section&#8221;][vc_column width=&#8221;1\/1&#8243;]<div class=\"imagebox wpb_content_element style-1\"><div class=\"imagebox-img\"><img decoding=\"async\" src=\"https:\/\/www.patentattorneys.ch\/wp-content\/uploads\/2019\/10\/banner_microtech_wide.jpg\" alt=\"Micro-technologie - Microtechnology - Mikrotechnik\" \/><\/div><\/div>[\/vc_column][\/vc_row][vc_row][vc_column width=&#8221;1\/1&#8243;]<style>#breadcrumb-69e1513035203 li::after { content: \"\u00bb\" }<\/style><div class=\"\"><ol class=\"wwp-vc-breadcrumbs \" id=\"breadcrumb-69e1513035203\"><li class=\"visited\"><a href=\"\/\">Home<\/a><\/li><li class=\"visited\"><a href=\"https:\/\/www.patentattorneys.ch\/de\/sektoren\/\">{:fr}Industries{:}{:de}Sektoren{:}{:en}Industries{:}<\/a><\/li><li class=\"current\"><span>Mikrotechnik<\/span><\/li><\/ol><\/div>[\/vc_column][\/vc_row][vc_row bg_image=&#8221;15893&#8243;][vc_column animation=&#8221;fade-in-from-left&#8221; width=&#8221;2\/3&#8243;]<div class=\"spacer\" style=\"height: 40px;\"><\/div>[vc_column_text]<\/p>\n<h1>Electronik und Mikroelektronik ;\u00a0Mikrotechnik<\/h1>\n<p>In einem sehr auf Innovation angewiesenen Nischenmarkt ist es von kapitalem Interesse, auf Partner im geistigen Eigentum mit Wissen um die Komplexit\u00e4t der Materie z\u00e4hlen zu k\u00f6nnen. [\/vc_column_text][vc_tabs][vc_tab title=&#8221;Know-how&#8221; tab_id=&#8221;c9c08126-3851-8&#8243;][vc_column_text] In der Schweiz, insbesondere im Jurabogen, findet sich eine F\u00fclle von speziell auf Mikrotechnik oder Elektronik spezialisierten Unternehmen. Diese sind oft in Nischenbranchen mit hoher Wertsch\u00f6pfung t\u00e4tig, was ihnen erlaubt, die hohen Arbeitskosten und die Frankenst\u00e4rke zu kompensieren. Um aber diese Wertsch\u00f6pfung aufrecht zu erhalten, ist es von N\u00f6ten, dass die angebotenen Technologien einzigartig bleiben und gegen F\u00e4lschungen gefeit sind. Der Schutz von Erfindungen in diesen komplexen Dom\u00e4nen, wo sich Hardware und Software oft \u00fcberlappen, verlangt ausserordentliche Fachkompetenzen, gepaart mit einer genauesten Kenntnis der Akteure in dieser Industrie. Ausserdem erfordert die Entwicklung von komplexen elektronischen Systemen oft die Zusammenarbeit von mehreren Unternehmen und spezialisierten Hochschulen: Daher ist es unerl\u00e4sslich, das geistige Eigentum einer jeden Partei genau zu bestimmen. In Neuch\u00e2tel geboren &#8211; im Herzen dieser \u00ab\u00a0Schweizer Mikrotechnik \u00bb &#8211; hat sich P&amp;TS spezialisierte Kenntnisse auf diesem Gebiet erarbeitet. Um f\u00fcr die Herausforderungen einer sehr von der Innovation abh\u00e4ngigen Industrie gewappnet zu sein, haben wir ein umfangreiches Team von Spezialisten um uns geschart: Patentanw\u00e4lte und Ingenieure oder Doktoren der Physik, Elektronik und der Mikrotechnik, allesamt hochqualifizierte Spezialisten, von denen nicht wenige beim EPA, IGE oder in der Elektronikindustrie gearbeitet haben. [\/vc_column_text][\/vc_tab][vc_tab title=&#8221;Erfahrung&#8221; tab_id=&#8221;1453669696668-1-8&#8243;][vc_column_text] Dieses kosmopolitische Team erm\u00f6glicht uns, eine breite Palette an Erfindungen in der Elektronik und Mikrotechnik abzudecken, inklusive top aktueller Gebiete:<\/p>\n<ul>\n<li>Elektronik mit Niedrigverbrauch, einschliesslich HF-Empf\u00e4ngern, GPS-Empf\u00e4ngern, analoger und digitaler Modulatoren, Kanalkodierung, CMOS \u2013 Schaltungen , Bildschirmen, haptischer Vorrichtungen<\/li>\n<li>Leistungselektronik, einschliesslich EMC\/EMV-Filtern, Stromrichtern, Motor-\/Triebwerksteuerungen<\/li>\n<li>Speicher, einschliesslich statischer, dynamischer und magnetischer Speichern<\/li>\n<li>Metrologie<\/li>\n<li>Sensoren, insbesondere induktive, kapazitive, ohmsche und magnetoresistive Sensoren, Tr\u00e4gheitssensoren, chemische Sensoren, piezoelektrische Sensoren, Leuchtsensoren, Biosensoren, Matrixsensoren, Bildsensoren<\/li>\n<li>Mechanische und elektronische Uhren<\/li>\n<li>Photovoltaikanlagen<\/li>\n<li>Optische Systeme<\/li>\n<li>Medtech, medizinische Vorrichtungen , Orthop\u00e4die, Orthodontie<\/li>\n<li>Oberfl\u00e4chenbeschichtung, einschliesslich PVD-, DLC- und anderer Beschichtungen<\/li>\n<li>Mikrofertigung, insbesondere photolithographische Verfahren, Gravur, LIGA-Verfahren und mikroelektromechanische Systeme (MEMS)<\/li>\n<li>Schrittmotoren und Steuerungsmodule\/Kontrolleinrichtungen<\/li>\n<li>Luftfahrtinstrumente zur Flugsteuerung und \u00dcberwachung von Antriebsmaschinen<\/li>\n<li>Onboard-Systeme wie ABS, ESC<\/li>\n<li>Verbundene Objekte, Internet der Dinge<\/li>\n<\/ul>\n<p>[\/vc_column_text][\/vc_tab][\/vc_tabs][\/vc_column][vc_column animation=&#8221;fade-in-from-bottom&#8221; width=&#8221;1\/3&#8243;]<div class=\"spacer\" style=\"height: 40px;\"><\/div>[vc_column_text]<\/p>\n<h3>KONTAKT<\/h3>\n<div id=\"gtx-trans\" style=\"position: absolute; left: 232px; top: -5.78125px;\">\n<div class=\"gtx-trans-icon\"><\/div>\n<\/div>\n<p>[\/vc_column_text]<div class=\"member wpb_content_element test\"><div class=\"member-img\"><a href='https:\/\/www.patentattorneys.ch\/de\/unser-team\/mitarbeiter\/ronan-guirey\/'><img decoding=\"async\" src=\"https:\/\/www.patentattorneys.ch\/wp-content\/uploads\/2022\/04\/schreyer_2003430.jpg\" alt=\"\" \/><\/a><\/div><h4><a href='https:\/\/www.patentattorneys.ch\/de\/unser-team\/mitarbeiter\/ronan-guirey\/'>Ronan Guirey<\/a><\/h4><div class=\"member-role\">Director of the P&amp;TS Zurich office<\/div><div class=\"member-content\"><p><a href=\"m&#97;&#x69;lt&#x6f;&#x3a;G&#117;&#x69;&#x72;e&#121;&#x40;pa&#x74;&#x65;n&#116;&#x61;&#x74;t&#111;&#x72;ne&#x79;&#x73;.c&#x68;\"><i class=\"fa fa-envelope-o minti-icon\" style=\"color:#888888 !important; font-size: 14px; margin: 0px 0px 0px 0px\"><\/i> e-mail<\/a><\/p><\/div><\/div><div class=\"newdivider align-center\" style=\"border-bottom-style: solid; border-color: #b7b7b7; border-bottom-width: 1px; margin-top: 0; margin-bottom: 20px; width: 100%; \"><\/div><div class=\"clear\"><\/div>[\/vc_column][\/vc_row]<\/p>\n<\/div>","protected":false},"excerpt":{"rendered":"<p>[vc_row type=&#8221;full_width_section&#8221;][vc_column width=&#8221;1\/1&#8243;][\/vc_column][\/vc_row][vc_row][vc_column width=&#8221;1\/1&#8243;][\/vc_column][\/vc_row][vc_row bg_image=&#8221;15893&#8243;][vc_column animation=&#8221;fade-in-from-left&#8221; width=&#8221;2\/3&#8243;][vc_column_text] Electronik und Mikroelektronik ;\u00a0Mikrotechnik In einem sehr auf Innovation angewiesenen Nischenmarkt ist es von kapitalem Interesse, auf Partner im geistigen Eigentum mit Wissen um die Komplexit\u00e4t der Materie z\u00e4hlen zu k\u00f6nnen. [\/vc_column_text][vc_tabs][vc_tab title=&#8221;Know-how&#8221; tab_id=&#8221;c9c08126-3851-8&#8243;][vc_column_text] In der Schweiz, insbesondere im Jurabogen, findet sich eine F\u00fclle von speziell auf Mikrotechnik oder Elektronik spezialisierten Unternehmen. Diese sind oft in Nischenbranchen mit hoher Wertsch\u00f6pfung t\u00e4tig, was ihnen erlaubt, die hohen Arbeitskosten und die Frankenst\u00e4rke zu kompensieren. Um aber diese Wertsch\u00f6pfung aufrecht zu erhalten, ist es von N\u00f6ten, dass die angebotenen Technologien einzigartig bleiben und gegen F\u00e4lschungen gefeit sind. Der Schutz von Erfindungen in diesen komplexen Dom\u00e4nen, wo sich Hardware und Software oft \u00fcberlappen, verlangt ausserordentliche Fachkompetenzen, gepaart mit einer genauesten Kenntnis der Akteure in dieser Industrie. Ausserdem erfordert die Entwicklung von komplexen elektronischen Systemen oft die Zusammenarbeit von mehreren Unternehmen und spezialisierten Hochschulen: Daher ist es unerl\u00e4sslich, das geistige Eigentum einer jeden Partei genau zu bestimmen. In Neuch\u00e2tel geboren &#8211; im Herzen dieser \u00ab\u00a0Schweizer Mikrotechnik \u00bb &#8211; hat sich P&amp;TS spezialisierte Kenntnisse auf diesem Gebiet erarbeitet. Um f\u00fcr die Herausforderungen einer sehr von der Innovation abh\u00e4ngigen Industrie gewappnet zu sein, haben wir ein umfangreiches Team von Spezialisten [&hellip;]<\/p>\n","protected":false},"author":4,"featured_media":0,"parent":15432,"menu_order":0,"comment_status":"closed","ping_status":"closed","template":"","meta":{"footnotes":""},"translation":{"provider":"WPGlobus","version":"3.0.2","language":"de","enabled_languages":["fr","de","en","it"],"languages":{"fr":{"title":true,"content":true,"excerpt":false},"de":{"title":true,"content":true,"excerpt":false},"en":{"title":true,"content":true,"excerpt":false},"it":{"title":false,"content":false,"excerpt":false}}},"yoast_head":"<!-- This site is optimized with the Yoast SEO plugin v24.4 - https:\/\/yoast.com\/wordpress\/plugins\/seo\/ -->\n<title>Mikrotechnik - P&amp;TS AG<\/title>\n<meta name=\"description\" content=\"Inem Nischenm\u00e4rt wie d&#039;Mikrotechnik, wo stark vo de Innovation abgh\u00e4ngt, isch es wichtig, sich uf Partner im Ber\u00e4ich vo de Immaterialg\u00fceterrechte verlah cho.\" \/>\n<meta name=\"robots\" content=\"index, follow, max-snippet:-1, max-image-preview:large, max-video-preview:-1\" \/>\n<link rel=\"canonical\" href=\"https:\/\/www.patentattorneys.ch\/industries\/micro-technologie\/\" \/>\n<meta property=\"og:locale\" content=\"de_DE\" \/>\n<meta property=\"og:type\" content=\"article\" \/>\n<meta property=\"og:title\" content=\"Mikrotechnik - P&amp;TS AG\" \/>\n<meta property=\"og:description\" content=\"Inem Nischenm\u00e4rt wie d&#039;Mikrotechnik, wo stark vo de Innovation abgh\u00e4ngt, isch es wichtig, sich uf Partner im Ber\u00e4ich vo de Immaterialg\u00fceterrechte verlah cho.\" \/>\n<meta property=\"og:url\" content=\"https:\/\/www.patentattorneys.ch\/industries\/micro-technologie\/\" \/>\n<meta property=\"og:site_name\" content=\"P&amp;TS AG\" \/>\n<meta property=\"article:publisher\" content=\"https:\/\/www.facebook.com\/PTS.Ltd\/\" \/>\n<meta property=\"article:modified_time\" content=\"2024-05-09T15:17:47+00:00\" \/>\n<meta name=\"twitter:card\" content=\"summary_large_image\" \/>\n<meta name=\"twitter:site\" content=\"@PTSSA\" \/>\n<meta name=\"twitter:label1\" content=\"Est. reading time\" \/>\n\t<meta name=\"twitter:data1\" content=\"3 minutes\" \/>\n<script type=\"application\/ld+json\" class=\"yoast-schema-graph\">{\"@context\":\"https:\/\/schema.org\",\"@graph\":[{\"@type\":\"WebPage\",\"@id\":\"https:\/\/www.patentattorneys.ch\/industries\/micro-technologie\/\",\"url\":\"https:\/\/www.patentattorneys.ch\/industries\/micro-technologie\/\",\"name\":\"Mikrotechnik - P&amp;TS AG\",\"isPartOf\":{\"@id\":\"https:\/\/www.patentattorneys.ch\/de\/#website\"},\"datePublished\":\"2016-01-18T22:29:11+00:00\",\"dateModified\":\"2024-05-09T15:17:47+00:00\",\"description\":\"Dans un march\u00e9 de niche comme la micro-technologie, il est important de pouvoir compter sur un partenaire de confiance tel que P&TS SA.\",\"breadcrumb\":{\"@id\":\"https:\/\/www.patentattorneys.ch\/industries\/micro-technologie\/#breadcrumb\"},\"inLanguage\":\"de-DE\",\"potentialAction\":[{\"@type\":\"ReadAction\",\"target\":[\"https:\/\/www.patentattorneys.ch\/industries\/micro-technologie\/\"]}]},{\"@type\":\"BreadcrumbList\",\"@id\":\"https:\/\/www.patentattorneys.ch\/industries\/micro-technologie\/#breadcrumb\",\"itemListElement\":[{\"@type\":\"ListItem\",\"position\":1,\"name\":\"Accueil\",\"item\":\"https:\/\/www.patentattorneys.ch\/\"},{\"@type\":\"ListItem\",\"position\":2,\"name\":\"Industries\",\"item\":\"https:\/\/www.patentattorneys.ch\/industries\/\"},{\"@type\":\"ListItem\",\"position\":3,\"name\":\"Microtechnology\"}]},{\"@type\":\"WebSite\",\"@id\":\"https:\/\/www.patentattorneys.ch\/de\/#website\",\"url\":\"https:\/\/www.patentattorneys.ch\/de\/\",\"name\":\"P&amp;TS AG\",\"description\":\"Patentanw\u00e4lte\",\"publisher\":{\"@id\":\"https:\/\/www.patentattorneys.ch\/de\/#organization\"},\"potentialAction\":[{\"@type\":\"SearchAction\",\"target\":{\"@type\":\"EntryPoint\",\"urlTemplate\":\"https:\/\/www.patentattorneys.ch\/de\/?s={search_term_string}\"},\"query-input\":{\"@type\":\"PropertyValueSpecification\",\"valueRequired\":true,\"valueName\":\"search_term_string\"}}],\"inLanguage\":\"de-DE\"},{\"@type\":\"Organization\",\"@id\":\"https:\/\/www.patentattorneys.ch\/de\/#organization\",\"name\":\"P&TS SA\",\"url\":\"https:\/\/www.patentattorneys.ch\/de\/\",\"logo\":{\"@type\":\"ImageObject\",\"inLanguage\":\"de-DE\",\"@id\":\"https:\/\/www.patentattorneys.ch\/de\/#\/schema\/logo\/image\/\",\"url\":\"https:\/\/www.patentattorneys.ch\/wp-content\/uploads\/2016\/01\/PTS_Icon.jpg\",\"contentUrl\":\"https:\/\/www.patentattorneys.ch\/wp-content\/uploads\/2016\/01\/PTS_Icon.jpg\",\"width\":512,\"height\":512,\"caption\":\"P&TS SA\"},\"image\":{\"@id\":\"https:\/\/www.patentattorneys.ch\/de\/#\/schema\/logo\/image\/\"},\"sameAs\":[\"https:\/\/www.facebook.com\/PTS.Ltd\/\",\"https:\/\/x.com\/PTSSA\",\"https:\/\/www.linkedin.com\/company\/p&ts-sa\"]}]}<\/script>\n<!-- \/ Yoast SEO plugin. -->","yoast_head_json":{"title":"Mikrotechnik - P&amp;TS AG","description":"Inem Nischenm\u00e4rt wie d'Mikrotechnik, wo stark vo de Innovation abgh\u00e4ngt, isch es wichtig, sich uf Partner im Ber\u00e4ich vo de Immaterialg\u00fceterrechte verlah cho.","robots":{"index":"index","follow":"follow","max-snippet":"max-snippet:-1","max-image-preview":"max-image-preview:large","max-video-preview":"max-video-preview:-1"},"canonical":"https:\/\/www.patentattorneys.ch\/industries\/micro-technologie\/","og_locale":"de_DE","og_type":"article","og_title":"Mikrotechnik - P&amp;TS AG","og_description":"Inem Nischenm\u00e4rt wie d'Mikrotechnik, wo stark vo de Innovation abgh\u00e4ngt, isch es wichtig, sich uf Partner im Ber\u00e4ich vo de Immaterialg\u00fceterrechte verlah cho.","og_url":"https:\/\/www.patentattorneys.ch\/industries\/micro-technologie\/","og_site_name":"P&amp;TS AG","article_publisher":"https:\/\/www.facebook.com\/PTS.Ltd\/","article_modified_time":"2024-05-09T15:17:47+00:00","twitter_card":"summary_large_image","twitter_site":"@PTSSA","twitter_misc":{"Est. reading time":"3 minutes"},"schema":{"@context":"https:\/\/schema.org","@graph":[{"@type":"WebPage","@id":"https:\/\/www.patentattorneys.ch\/industries\/micro-technologie\/","url":"https:\/\/www.patentattorneys.ch\/industries\/micro-technologie\/","name":"Mikrotechnik - P&amp;TS AG","isPartOf":{"@id":"https:\/\/www.patentattorneys.ch\/de\/#website"},"datePublished":"2016-01-18T22:29:11+00:00","dateModified":"2024-05-09T15:17:47+00:00","description":"Dans un march\u00e9 de niche comme la micro-technologie, il est important de pouvoir compter sur un partenaire de confiance tel que P&TS SA.","breadcrumb":{"@id":"https:\/\/www.patentattorneys.ch\/industries\/micro-technologie\/#breadcrumb"},"inLanguage":"de-DE","potentialAction":[{"@type":"ReadAction","target":["https:\/\/www.patentattorneys.ch\/industries\/micro-technologie\/"]}]},{"@type":"BreadcrumbList","@id":"https:\/\/www.patentattorneys.ch\/industries\/micro-technologie\/#breadcrumb","itemListElement":[{"@type":"ListItem","position":1,"name":"Accueil","item":"https:\/\/www.patentattorneys.ch\/"},{"@type":"ListItem","position":2,"name":"Industries","item":"https:\/\/www.patentattorneys.ch\/industries\/"},{"@type":"ListItem","position":3,"name":"Microtechnology"}]},{"@type":"WebSite","@id":"https:\/\/www.patentattorneys.ch\/de\/#website","url":"https:\/\/www.patentattorneys.ch\/de\/","name":"P&amp;TS AG","description":"Patentanw\u00e4lte","publisher":{"@id":"https:\/\/www.patentattorneys.ch\/de\/#organization"},"potentialAction":[{"@type":"SearchAction","target":{"@type":"EntryPoint","urlTemplate":"https:\/\/www.patentattorneys.ch\/de\/?s={search_term_string}"},"query-input":{"@type":"PropertyValueSpecification","valueRequired":true,"valueName":"search_term_string"}}],"inLanguage":"de-DE"},{"@type":"Organization","@id":"https:\/\/www.patentattorneys.ch\/de\/#organization","name":"P&TS SA","url":"https:\/\/www.patentattorneys.ch\/de\/","logo":{"@type":"ImageObject","inLanguage":"de-DE","@id":"https:\/\/www.patentattorneys.ch\/de\/#\/schema\/logo\/image\/","url":"https:\/\/www.patentattorneys.ch\/wp-content\/uploads\/2016\/01\/PTS_Icon.jpg","contentUrl":"https:\/\/www.patentattorneys.ch\/wp-content\/uploads\/2016\/01\/PTS_Icon.jpg","width":512,"height":512,"caption":"P&TS SA"},"image":{"@id":"https:\/\/www.patentattorneys.ch\/de\/#\/schema\/logo\/image\/"},"sameAs":["https:\/\/www.facebook.com\/PTS.Ltd\/","https:\/\/x.com\/PTSSA","https:\/\/www.linkedin.com\/company\/p&ts-sa"]}]}},"_links":{"self":[{"href":"https:\/\/www.patentattorneys.ch\/de\/wp-json\/wp\/v2\/pages\/15828"}],"collection":[{"href":"https:\/\/www.patentattorneys.ch\/de\/wp-json\/wp\/v2\/pages"}],"about":[{"href":"https:\/\/www.patentattorneys.ch\/de\/wp-json\/wp\/v2\/types\/page"}],"author":[{"embeddable":true,"href":"https:\/\/www.patentattorneys.ch\/de\/wp-json\/wp\/v2\/users\/4"}],"replies":[{"embeddable":true,"href":"https:\/\/www.patentattorneys.ch\/de\/wp-json\/wp\/v2\/comments?post=15828"}],"version-history":[{"count":75,"href":"https:\/\/www.patentattorneys.ch\/de\/wp-json\/wp\/v2\/pages\/15828\/revisions"}],"predecessor-version":[{"id":33760,"href":"https:\/\/www.patentattorneys.ch\/de\/wp-json\/wp\/v2\/pages\/15828\/revisions\/33760"}],"up":[{"embeddable":true,"href":"https:\/\/www.patentattorneys.ch\/de\/wp-json\/wp\/v2\/pages\/15432"}],"wp:attachment":[{"href":"https:\/\/www.patentattorneys.ch\/de\/wp-json\/wp\/v2\/media?parent=15828"}],"curies":[{"name":"wp","href":"https:\/\/api.w.org\/{rel}","templated":true}]}}