

{"id":15830,"date":"2016-01-18T23:29:59","date_gmt":"2016-01-18T22:29:59","guid":{"rendered":"http:\/\/www.patentattorneys.ch\/?page_id=15830"},"modified":"2024-05-09T16:02:27","modified_gmt":"2024-05-09T15:02:27","slug":"brevets_chimie","status":"publish","type":"page","link":"https:\/\/www.patentattorneys.ch\/de\/sektoren\/chemieindustrie\/","title":{"rendered":"Patente in der Chemieindustrie"},"content":{"rendered":"<div class=\"wpb-content-wrapper\"><p>[vc_row type=&#8221;full_width_section&#8221;][vc_column width=&#8221;1\/1&#8243;]<div class=\"imagebox wpb_content_element style-1\"><div class=\"imagebox-img\"><img decoding=\"async\" src=\"https:\/\/www.patentattorneys.ch\/wp-content\/uploads\/2019\/10\/banner_chemie3_wide.jpg\" alt=\"Brevets pour la chimie - Patente in der Chemieindustrie - Patents for the Chemical Industry\" \/><\/div><\/div>[\/vc_column][\/vc_row][vc_row][vc_column width=&#8221;1\/1&#8243;]<style>#breadcrumb-6a0561155cbec li::after { content: \"\u00bb\" }<\/style><div class=\"\"><ol class=\"wwp-vc-breadcrumbs \" id=\"breadcrumb-6a0561155cbec\"><li class=\"visited\"><a href=\"\/\">Home<\/a><\/li><li class=\"visited\"><a href=\"https:\/\/www.patentattorneys.ch\/de\/sektoren\/\">{:fr}Industries{:}{:de}Sektoren{:}{:en}Industries{:}<\/a><\/li><li class=\"current\"><span>Patente in der Chemieindustrie<\/span><\/li><\/ol><\/div>[\/vc_column][\/vc_row][vc_row bg_image=&#8221;15893&#8243;][vc_column animation=&#8221;fade-in-from-left&#8221; width=&#8221;2\/3&#8243;]<div class=\"spacer\" style=\"height: 40px;\"><\/div>[vc_column_text]<\/p>\n<h1>Chemie und Werkstoffe<\/h1>\n<p>In einem Sektor mit immensen Entwicklungskosten ist eine Amortisation der get\u00e4tigten Investitionen nur durch eine effiziente Strategie auf dem Gebiet des geistigen Eigentums erzielbar.[\/vc_column_text][vc_tabs][vc_tab title=&#8221;Fachwissen&#8221; tab_id=&#8221;c9c08126-3851-8&#8243;][vc_column_text]In der chemischen und biotechnischen Industrie ist noch mehr als in anderen Branchen ein wirksamer Schutz des geistigen Eigentums n\u00f6tig, um eine Gewinnspanne zu gew\u00e4hrleisten und die oftmals hohen Entwicklungskosten wieder hereinzuspielen. Zur Erreichung dieser Ziele kann P&amp;TS auf die Fachkenntnisse von zwei Werkstoffspezialisten und eines Chemikers z\u00e4hlen.<\/p>\n<h6><strong>Charles Madore<\/strong> ist Doktor in Materialwissenschaften der EPFL und europ\u00e4ischer Patentanwalt. Sein Spezialgebiet sind elektrochemische Technik und galvanotechnische Verfahren, insbesondere auf dem medizintechnischen Gebiet.<\/h6>\n<p><strong>Sophie Cardy<\/strong> ist Ingenieurin im Bereich der Materialwissenschaften vom Institut f\u00fcr angewandte Wissenschaften in Lyon und europ\u00e4ische Patentanw\u00e4ltin. Sie hat vormals in einer bedeutenden Pariser Patentanwaltskanzlei vor allem auf dem Gebiet der Luft- und Raumfahrt gearbeitet, insbesondere im Bereich der Superlegierungen und Verbundwerkstoffe, ebenso der Wasseraufarbeitungsprozesse und der medizinischen Ger\u00e4te.<\/p>\n<p><strong>Franck Amiot<\/strong> promovierte 2002 an der Universit\u00e4t Genf in organischer Chemie, wo er sich auf die enantioselektive Synthese auf Basis aromatischer Heterozyklen konzentrierte. 2005 schloss er seine wissenschaftliche Ausbildung mit einem Master in Innovationsmanagement an der Universit\u00e4t Lyon ab. Seit 2013 ist er zugelassener Vertreter beim Europ\u00e4ischen Patentamt.<\/p>\n<h6><\/h6>\n<p>[\/vc_column_text][\/vc_tab][vc_tab title=&#8221;Erfahrung&#8221; tab_id=&#8221;1453669696668-1-8&#8243;][vc_column_text]Dieses Trio, das sich auf die reichhaltige interdisziplin\u00e4re Tradition bei P&amp;TS abst\u00fctzen kann, erlaubt uns, ein breites Spektrum an technischen Gebieten mit Bezug auf die Chemie abzudecken:<\/p>\n<ul>\n<li>Werkstoffe, darunter polymere Materialen, Legierungen, Keramik und Verbundwerkstoffe<\/li>\n<li>Oberfl\u00e4chenbehandlung<\/li>\n<li>Elektrochemie<\/li>\n<li>Chemie der k\u00fcnstlichen und nat\u00fcrlichen Polymeren<\/li>\n<li>Organische und metallorganische Chemie<\/li>\n<li>Medizinische und therapeutische Chemie<\/li>\n<li>Biotechnologien<\/li>\n<li>Medizinische Ger\u00e4te<\/li>\n<\/ul>\n<p>[\/vc_column_text][\/vc_tab][vc_tab title=&#8221;Ver\u00f6ffentlichungen&#8221; tab_id=&#8221;1478008251443-2-8&#8243;][vc_column_text][\/vc_column_text][\/vc_tab][\/vc_tabs][\/vc_column][vc_column animation=&#8221;fade-in-from-bottom&#8221; width=&#8221;1\/3&#8243;]<div class=\"spacer\" style=\"height: 40px;\"><\/div>[vc_column_text]<\/p>\n<h3>KONTAKT<\/h3>\n<div id=\"gtx-trans\" style=\"position: absolute; left: 157px; top: 44.2188px;\">\n<div class=\"gtx-trans-icon\"><\/div>\n<\/div>\n<p>[\/vc_column_text]<div class=\"member wpb_content_element test\"><div class=\"member-img\"><a href='https:\/\/www.patentattorneys.ch\/de\/unser-team\/mitarbeiter\/franck-amiot\/'><img decoding=\"async\" src=\"https:\/\/www.patentattorneys.ch\/wp-content\/uploads\/2020\/10\/schreyer_2003365-1.jpg\" alt=\"Franck Amiot\" \/><\/a><\/div><h4><a href='https:\/\/www.patentattorneys.ch\/de\/unser-team\/mitarbeiter\/franck-amiot\/'>Franck Amiot<\/a><\/h4><div class=\"member-role\">European Patent Attorney. PhD in chemistry.<\/div><div class=\"member-content\"><p><\/p><\/div><\/div><div class=\"newdivider align-center\" style=\"border-bottom-style: solid; border-color: #b7b7b7; border-bottom-width: 1px; margin-top: 0; margin-bottom: 20px; width: 100%; \"><\/div><div class=\"clear\"><\/div>[\/vc_column][\/vc_row]<\/p>\n<\/div>","protected":false},"excerpt":{"rendered":"<p>[vc_row type=&#8221;full_width_section&#8221;][vc_column width=&#8221;1\/1&#8243;][\/vc_column][\/vc_row][vc_row][vc_column width=&#8221;1\/1&#8243;][\/vc_column][\/vc_row][vc_row bg_image=&#8221;15893&#8243;][vc_column animation=&#8221;fade-in-from-left&#8221; width=&#8221;2\/3&#8243;][vc_column_text] Chemie und Werkstoffe In einem Sektor mit immensen Entwicklungskosten ist eine Amortisation der get\u00e4tigten Investitionen nur durch eine effiziente Strategie auf dem Gebiet des geistigen Eigentums erzielbar.[\/vc_column_text][vc_tabs][vc_tab title=&#8221;Fachwissen&#8221; tab_id=&#8221;c9c08126-3851-8&#8243;][vc_column_text]In der chemischen und biotechnischen Industrie ist noch mehr als in anderen Branchen ein wirksamer Schutz des geistigen Eigentums n\u00f6tig, um eine Gewinnspanne zu gew\u00e4hrleisten und die oftmals hohen Entwicklungskosten wieder hereinzuspielen. Zur Erreichung dieser Ziele kann P&amp;TS auf die Fachkenntnisse von zwei Werkstoffspezialisten und eines Chemikers z\u00e4hlen. Charles Madore ist Doktor in Materialwissenschaften der EPFL und europ\u00e4ischer Patentanwalt. Sein Spezialgebiet sind elektrochemische Technik und galvanotechnische Verfahren, insbesondere auf dem medizintechnischen Gebiet. Sophie Cardy ist Ingenieurin im Bereich der Materialwissenschaften vom Institut f\u00fcr angewandte Wissenschaften in Lyon und europ\u00e4ische Patentanw\u00e4ltin. Sie hat vormals in einer bedeutenden Pariser Patentanwaltskanzlei vor allem auf dem Gebiet der Luft- und Raumfahrt gearbeitet, insbesondere im Bereich der Superlegierungen und Verbundwerkstoffe, ebenso der Wasseraufarbeitungsprozesse und der medizinischen Ger\u00e4te. Franck Amiot promovierte 2002 an der Universit\u00e4t Genf in organischer Chemie, wo er sich auf die enantioselektive Synthese auf Basis aromatischer Heterozyklen konzentrierte. 2005 schloss er seine wissenschaftliche Ausbildung mit einem Master in Innovationsmanagement an der Universit\u00e4t Lyon ab. Seit 2013 ist er [&hellip;]<\/p>\n","protected":false},"author":4,"featured_media":0,"parent":15432,"menu_order":0,"comment_status":"closed","ping_status":"closed","template":"","meta":{"footnotes":""},"translation":{"provider":"WPGlobus","version":"3.0.2","language":"de","enabled_languages":["fr","de","en","it"],"languages":{"fr":{"title":true,"content":true,"excerpt":false},"de":{"title":true,"content":true,"excerpt":false},"en":{"title":true,"content":true,"excerpt":false},"it":{"title":false,"content":false,"excerpt":false}}},"yoast_head":"<!-- This site is optimized with the Yoast SEO plugin v24.4 - https:\/\/yoast.com\/wordpress\/plugins\/seo\/ -->\n<title>Patente in der Chemieindustrie - P&amp;TS AG<\/title>\n<meta name=\"description\" content=\"Pat\u00e4nt sind wes\u00e4ntlich in dr chemische Industrie. P&amp;TS SA het d\u2019Expertise im Pat\u00e4ntr\u00e4cht f\u00fcr Chemie.\" \/>\n<meta name=\"robots\" content=\"index, follow, max-snippet:-1, max-image-preview:large, max-video-preview:-1\" \/>\n<link rel=\"canonical\" href=\"https:\/\/www.patentattorneys.ch\/industries\/brevets_chimie\/\" \/>\n<meta property=\"og:locale\" content=\"de_DE\" \/>\n<meta property=\"og:type\" content=\"article\" \/>\n<meta property=\"og:title\" content=\"Patente in der Chemieindustrie - P&amp;TS AG\" \/>\n<meta property=\"og:description\" content=\"Pat\u00e4nt sind wes\u00e4ntlich in dr chemische Industrie. P&amp;TS SA het d\u2019Expertise im Pat\u00e4ntr\u00e4cht f\u00fcr Chemie.\" \/>\n<meta property=\"og:url\" content=\"https:\/\/www.patentattorneys.ch\/industries\/brevets_chimie\/\" \/>\n<meta property=\"og:site_name\" content=\"P&amp;TS AG\" \/>\n<meta property=\"article:publisher\" content=\"https:\/\/www.facebook.com\/PTS.Ltd\/\" \/>\n<meta property=\"article:modified_time\" content=\"2024-05-09T15:02:27+00:00\" \/>\n<meta name=\"twitter:card\" content=\"summary_large_image\" \/>\n<meta name=\"twitter:site\" content=\"@PTSSA\" \/>\n<meta name=\"twitter:label1\" content=\"Est. reading time\" \/>\n\t<meta name=\"twitter:data1\" content=\"2 minutes\" \/>\n<script type=\"application\/ld+json\" class=\"yoast-schema-graph\">{\"@context\":\"https:\/\/schema.org\",\"@graph\":[{\"@type\":\"WebPage\",\"@id\":\"https:\/\/www.patentattorneys.ch\/industries\/brevets_chimie\/\",\"url\":\"https:\/\/www.patentattorneys.ch\/industries\/brevets_chimie\/\",\"name\":\"Patente in der Chemieindustrie - P&amp;TS AG\",\"isPartOf\":{\"@id\":\"https:\/\/www.patentattorneys.ch\/de\/#website\"},\"datePublished\":\"2016-01-18T22:29:59+00:00\",\"dateModified\":\"2024-05-09T15:02:27+00:00\",\"description\":\"Les brevets sont essentiels dans l'industrie chimique. P&TS SA poss\u00e8de l'expertise en droit des brevets pour la chimie.\",\"breadcrumb\":{\"@id\":\"https:\/\/www.patentattorneys.ch\/industries\/brevets_chimie\/#breadcrumb\"},\"inLanguage\":\"de-DE\",\"potentialAction\":[{\"@type\":\"ReadAction\",\"target\":[\"https:\/\/www.patentattorneys.ch\/industries\/brevets_chimie\/\"]}]},{\"@type\":\"BreadcrumbList\",\"@id\":\"https:\/\/www.patentattorneys.ch\/industries\/brevets_chimie\/#breadcrumb\",\"itemListElement\":[{\"@type\":\"ListItem\",\"position\":1,\"name\":\"Accueil\",\"item\":\"https:\/\/www.patentattorneys.ch\/\"},{\"@type\":\"ListItem\",\"position\":2,\"name\":\"Industries\",\"item\":\"https:\/\/www.patentattorneys.ch\/industries\/\"},{\"@type\":\"ListItem\",\"position\":3,\"name\":\"Patents for the Chemical Industry\"}]},{\"@type\":\"WebSite\",\"@id\":\"https:\/\/www.patentattorneys.ch\/de\/#website\",\"url\":\"https:\/\/www.patentattorneys.ch\/de\/\",\"name\":\"P&amp;TS AG\",\"description\":\"Patentanw\u00e4lte\",\"publisher\":{\"@id\":\"https:\/\/www.patentattorneys.ch\/de\/#organization\"},\"potentialAction\":[{\"@type\":\"SearchAction\",\"target\":{\"@type\":\"EntryPoint\",\"urlTemplate\":\"https:\/\/www.patentattorneys.ch\/de\/?s={search_term_string}\"},\"query-input\":{\"@type\":\"PropertyValueSpecification\",\"valueRequired\":true,\"valueName\":\"search_term_string\"}}],\"inLanguage\":\"de-DE\"},{\"@type\":\"Organization\",\"@id\":\"https:\/\/www.patentattorneys.ch\/de\/#organization\",\"name\":\"P&TS SA\",\"url\":\"https:\/\/www.patentattorneys.ch\/de\/\",\"logo\":{\"@type\":\"ImageObject\",\"inLanguage\":\"de-DE\",\"@id\":\"https:\/\/www.patentattorneys.ch\/de\/#\/schema\/logo\/image\/\",\"url\":\"https:\/\/www.patentattorneys.ch\/wp-content\/uploads\/2016\/01\/PTS_Icon.jpg\",\"contentUrl\":\"https:\/\/www.patentattorneys.ch\/wp-content\/uploads\/2016\/01\/PTS_Icon.jpg\",\"width\":512,\"height\":512,\"caption\":\"P&TS SA\"},\"image\":{\"@id\":\"https:\/\/www.patentattorneys.ch\/de\/#\/schema\/logo\/image\/\"},\"sameAs\":[\"https:\/\/www.facebook.com\/PTS.Ltd\/\",\"https:\/\/x.com\/PTSSA\",\"https:\/\/www.linkedin.com\/company\/p&ts-sa\"]}]}<\/script>\n<!-- \/ Yoast SEO plugin. -->","yoast_head_json":{"title":"Patente in der Chemieindustrie - P&amp;TS AG","description":"Pat\u00e4nt sind wes\u00e4ntlich in dr chemische Industrie. P&TS SA het d\u2019Expertise im Pat\u00e4ntr\u00e4cht f\u00fcr Chemie.","robots":{"index":"index","follow":"follow","max-snippet":"max-snippet:-1","max-image-preview":"max-image-preview:large","max-video-preview":"max-video-preview:-1"},"canonical":"https:\/\/www.patentattorneys.ch\/industries\/brevets_chimie\/","og_locale":"de_DE","og_type":"article","og_title":"Patente in der Chemieindustrie - P&amp;TS AG","og_description":"Pat\u00e4nt sind wes\u00e4ntlich in dr chemische Industrie. P&TS SA het d\u2019Expertise im Pat\u00e4ntr\u00e4cht f\u00fcr Chemie.","og_url":"https:\/\/www.patentattorneys.ch\/industries\/brevets_chimie\/","og_site_name":"P&amp;TS AG","article_publisher":"https:\/\/www.facebook.com\/PTS.Ltd\/","article_modified_time":"2024-05-09T15:02:27+00:00","twitter_card":"summary_large_image","twitter_site":"@PTSSA","twitter_misc":{"Est. reading time":"2 minutes"},"schema":{"@context":"https:\/\/schema.org","@graph":[{"@type":"WebPage","@id":"https:\/\/www.patentattorneys.ch\/industries\/brevets_chimie\/","url":"https:\/\/www.patentattorneys.ch\/industries\/brevets_chimie\/","name":"Patente in der Chemieindustrie - P&amp;TS AG","isPartOf":{"@id":"https:\/\/www.patentattorneys.ch\/de\/#website"},"datePublished":"2016-01-18T22:29:59+00:00","dateModified":"2024-05-09T15:02:27+00:00","description":"Les brevets sont essentiels dans l'industrie chimique. P&TS SA poss\u00e8de l'expertise en droit des brevets pour la chimie.","breadcrumb":{"@id":"https:\/\/www.patentattorneys.ch\/industries\/brevets_chimie\/#breadcrumb"},"inLanguage":"de-DE","potentialAction":[{"@type":"ReadAction","target":["https:\/\/www.patentattorneys.ch\/industries\/brevets_chimie\/"]}]},{"@type":"BreadcrumbList","@id":"https:\/\/www.patentattorneys.ch\/industries\/brevets_chimie\/#breadcrumb","itemListElement":[{"@type":"ListItem","position":1,"name":"Accueil","item":"https:\/\/www.patentattorneys.ch\/"},{"@type":"ListItem","position":2,"name":"Industries","item":"https:\/\/www.patentattorneys.ch\/industries\/"},{"@type":"ListItem","position":3,"name":"Patents for the Chemical Industry"}]},{"@type":"WebSite","@id":"https:\/\/www.patentattorneys.ch\/de\/#website","url":"https:\/\/www.patentattorneys.ch\/de\/","name":"P&amp;TS AG","description":"Patentanw\u00e4lte","publisher":{"@id":"https:\/\/www.patentattorneys.ch\/de\/#organization"},"potentialAction":[{"@type":"SearchAction","target":{"@type":"EntryPoint","urlTemplate":"https:\/\/www.patentattorneys.ch\/de\/?s={search_term_string}"},"query-input":{"@type":"PropertyValueSpecification","valueRequired":true,"valueName":"search_term_string"}}],"inLanguage":"de-DE"},{"@type":"Organization","@id":"https:\/\/www.patentattorneys.ch\/de\/#organization","name":"P&TS SA","url":"https:\/\/www.patentattorneys.ch\/de\/","logo":{"@type":"ImageObject","inLanguage":"de-DE","@id":"https:\/\/www.patentattorneys.ch\/de\/#\/schema\/logo\/image\/","url":"https:\/\/www.patentattorneys.ch\/wp-content\/uploads\/2016\/01\/PTS_Icon.jpg","contentUrl":"https:\/\/www.patentattorneys.ch\/wp-content\/uploads\/2016\/01\/PTS_Icon.jpg","width":512,"height":512,"caption":"P&TS SA"},"image":{"@id":"https:\/\/www.patentattorneys.ch\/de\/#\/schema\/logo\/image\/"},"sameAs":["https:\/\/www.facebook.com\/PTS.Ltd\/","https:\/\/x.com\/PTSSA","https:\/\/www.linkedin.com\/company\/p&ts-sa"]}]}},"_links":{"self":[{"href":"https:\/\/www.patentattorneys.ch\/de\/wp-json\/wp\/v2\/pages\/15830"}],"collection":[{"href":"https:\/\/www.patentattorneys.ch\/de\/wp-json\/wp\/v2\/pages"}],"about":[{"href":"https:\/\/www.patentattorneys.ch\/de\/wp-json\/wp\/v2\/types\/page"}],"author":[{"embeddable":true,"href":"https:\/\/www.patentattorneys.ch\/de\/wp-json\/wp\/v2\/users\/4"}],"replies":[{"embeddable":true,"href":"https:\/\/www.patentattorneys.ch\/de\/wp-json\/wp\/v2\/comments?post=15830"}],"version-history":[{"count":93,"href":"https:\/\/www.patentattorneys.ch\/de\/wp-json\/wp\/v2\/pages\/15830\/revisions"}],"predecessor-version":[{"id":33619,"href":"https:\/\/www.patentattorneys.ch\/de\/wp-json\/wp\/v2\/pages\/15830\/revisions\/33619"}],"up":[{"embeddable":true,"href":"https:\/\/www.patentattorneys.ch\/de\/wp-json\/wp\/v2\/pages\/15432"}],"wp:attachment":[{"href":"https:\/\/www.patentattorneys.ch\/de\/wp-json\/wp\/v2\/media?parent=15830"}],"curies":[{"name":"wp","href":"https:\/\/api.w.org\/{rel}","templated":true}]}}