

{"id":15836,"date":"2016-01-18T23:33:17","date_gmt":"2016-01-18T22:33:17","guid":{"rendered":"http:\/\/www.patentattorneys.ch\/?page_id=15836"},"modified":"2025-11-28T16:01:40","modified_gmt":"2025-11-28T15:01:40","slug":"download_section","status":"publish","type":"page","link":"https:\/\/www.patentattorneys.ch\/de\/download_section\/","title":{"rendered":"Downloadbereich"},"content":{"rendered":"<div class=\"wpb-content-wrapper\"><p>[vc_row type=&#8221;full_width_section&#8221;][vc_column width=&#8221;1\/1&#8243;]<div class=\"imagebox wpb_content_element style-1\"><div class=\"imagebox-img\"><img decoding=\"async\" src=\"https:\/\/www.patentattorneys.ch\/wp-content\/uploads\/2019\/10\/banner_actu_wide1.jpg\" alt=\"t\u00e9l\u00e9chargement propri\u00e9t\u00e9 intellectuelle - Downloadable documents - Downloadbereich\" \/><\/div><\/div>[\/vc_column][\/vc_row][vc_row][vc_column width=&#8221;1\/1&#8243;]<style>#breadcrumb-69de543e512a7 li::after { content: \"\u00bb\" }<\/style><div class=\"\"><ol class=\"wwp-vc-breadcrumbs \" id=\"breadcrumb-69de543e512a7\"><li class=\"visited\"><a href=\"\/\">Home<\/a><\/li><li class=\"current\"><span>Downloadbereich<\/span><\/li><\/ol><\/div>[\/vc_column][\/vc_row][vc_row bg_image=&#8221;15893&#8243;][vc_column animation=&#8221;fade-in-from-left&#8221; width=&#8221;3\/4&#8243;]<div class=\"spacer\" style=\"height: 40px;\"><\/div>[vc_tabs][vc_tab title=&#8221;Dokumente f\u00fcr Bewerber&#8221; tab_id=&#8221;c9c08126-3851-8&#8243;][vc_column_text]<a href=\"https:\/\/www.patentattorneys.ch\/wp-content\/uploads\/2024\/04\/NDA_Vertraulichkeitsvereinbarung-2024-D-2.pdf\" target=\"_blank\" rel=\"noopener\"><i class=\"fa fa-file-pdf-o\"><\/i> Vertraulichkeitsvereinbarung<\/a><br \/>\n<a href=\"https:\/\/www.patentattorneys.ch\/wp-content\/uploads\/2024\/04\/Vollmacht-1.pdf\" target=\"_blank\" rel=\"noopener\"><i class=\"fa fa-file-pdf-o\"><\/i> Vollmacht<\/a><br \/>\n<a href=\"https:\/\/www.patentattorneys.ch\/wp-content\/uploads\/2024\/03\/Personalien-der-Erfnder.pdf\" target=\"_blank\" rel=\"noopener\"><i class=\"fa fa-file-pdf-o\"><\/i> Personalien der Erfinder<\/a><br \/>\n<a href=\"https:\/\/www.patentattorneys.ch\/wp-content\/uploads\/2024\/03\/Angaben-uber-den-Anmelder.pdf\" target=\"_blank\" rel=\"noopener\"><i class=\"fa fa-file-pdf-o\"><\/i> Angaben \u00fcber den Anmelder oder die Anmelderin <\/a><\/p>\n<p>&nbsp;<\/p>\n<p><strong>Strategien f\u00fcr Patentanmeldungen<\/strong><\/p>\n<p><a href=\"https:\/\/www.patentattorneys.ch\/wp-content\/uploads\/2020\/06\/PTS_Strategie_Depot_Brevet_A4_ENG_Preview.pdf\" target=\"_blank\" rel=\"noopener\"><i class=\"fa fa-file-pdf-o\"><\/i> f\u00fcr Patentanmeldungen (Englisch)<\/a><\/p>\n<p><strong>Tarife<\/strong><\/p>\n<p>Nicht verf\u00fcgbar<\/p>\n<p><strong>Berufsgeheimnis der Patentanw\u00e4ltinnen und Patentanw\u00e4lten in der Schweiz: die strengen Anforderungen<\/strong><\/p>\n<p><a href=\"https:\/\/www.patentattorneys.ch\/wp-content\/uploads\/2020\/06\/Berufsgeheimnis-der-Patentanw\u00e4ltinnen-und-Patentanw\u00e4lten-in-der-Schweiz.pdf\" target=\"_blank\" rel=\"noopener\"><i class=\"fa fa-file-pdf-o\"><\/i> Berufsgeheimnis der Patentanw\u00e4ltinnen und Patentanw\u00e4lten in der Schweiz<\/a><\/p>\n<p><strong>\u00dcbertragung von verschl\u00fcsselten e-mails (auf Englisch und Franz\u00f6sisch verf\u00fcgbar)<\/strong><\/p>\n<p><a href=\"https:\/\/www.patentattorneys.ch\/wp-content\/uploads\/2020\/06\/Informations-relatives-au-cryptage-et-\u00e0-la-signature-\u00e9lectronique-PTS-2016-F.pdf\" target=\"_blank\" rel=\"noopener\"><i class=\"fa fa-file-pdf-o\"><\/i> Informations relatives au cryptage et \u00e0 la signature \u00e9lectronique P&amp;TS<\/a> (Franz\u00f6zisch)<br \/>\n<a href=\"http:\/\/www.patentattorneys.ch\/wp-content\/uploads\/2016\/08\/Info.-on-encryption-and-electronic-signature-PTS-2016-E.pdf\" target=\"_blank\" rel=\"noopener\"><i class=\"fa fa-file-pdf-o\"><\/i> Info. on encryption and electronic signature P&amp;TS<\/a> (Englisch)<br \/>\n<a href=\"http:\/\/www.patentattorneys.ch\/wp-content\/uploads\/2016\/08\/Installation-de-certificat-ou-de-webmail-2016-F.pdf\" target=\"_blank\" rel=\"noopener\"><i class=\"fa fa-file-pdf-o\"><\/i> Installation de certificat ou de webmail<\/a> (Franz\u00f6sisch)<br \/>\n<a href=\"http:\/\/www.patentattorneys.ch\/wp-content\/uploads\/2016\/08\/Installation-of-a-certificate-or-Webmail-2016-E.pdf\" target=\"_blank\" rel=\"noopener\"><i class=\"fa fa-file-pdf-o\"><\/i> Installation of a certificate or Webmail<\/a> (Englisch)<\/p>\n<p><strong>Buch erschienen bei PPUR: \u201ePatente, Design : Nachschlagewerk\u201c (nur auf Franz\u00f6sisch erh\u00e4ltlich) &#8220;Brevets, Design: le Guide&#8221; <\/strong><\/p>\n<p>Das 100-Seitige Werk von Christophe Saam und Pascal Koster ist 2005 erschienen. Knapp und praktisch soll es vor allem Erfinder, Anmelder und alldiejenige ansprechen, die sich f\u00fcr Patente und Design interessieren, ohne jedoch Anwalt zu sein. Das Buch kann direkt \u00fcber die franz\u00f6sische AMAZON-Webseite unter folgendem Link bestellt werden:<\/p>\n<p><a href=\"http:\/\/www.amazon.fr\/dp\/2880746663\" target=\"_blank\" rel=\"noopener noreferrer\"><i class=\"fa fa-amazon\"><\/i> Brevets et design, Le guide<\/a>[\/vc_column_text][\/vc_tab][vc_tab title=&#8221;Dokumente f\u00fcr Mitarbeiter&#8221; tab_id=&#8221;1453669696668-1-8&#8243;][vc_column_text]<a href=\"http:\/\/r42o4bftuk.preview.infomaniak.website\/wp-content\/uploads\/2024\/04\/Vollmacht-2.pdf\" target=\"_blank\" rel=\"noopener\">Vollmacht<\/a>[\/vc_column_text][\/vc_tab][\/vc_tabs][\/vc_column][vc_column animation=&#8221;fade-in-from-bottom&#8221; width=&#8221;1\/4&#8243;]<div class=\"spacer\" style=\"height: 40px;\"><\/div>[vc_column_text]<\/p>\n<h3>KONTAKT<\/h3>\n<div id=\"gtx-trans\" style=\"position: absolute; left: -18px; top: -5.78125px;\">\n<div class=\"gtx-trans-icon\"><\/div>\n<\/div>\n<p>[\/vc_column_text]<div class=\"member wpb_content_element test\"><div class=\"member-img\"><img decoding=\"async\" src=\"https:\/\/www.patentattorneys.ch\/wp-content\/uploads\/2020\/10\/schreyer_2003319_contact.jpg\" alt=\"Contact\" \/><\/div><h4>KONTAKT P&amp;TS<\/h4><div class=\"member-role\"><\/div><div class=\"member-content\"><p><a href=\"m&#x61;&#x69;l&#116;&#x6f;&#x3a;i&#110;&#x66;o&#64;&#x70;&#x61;t&#101;&#x6e;ta&#x74;&#x74;o&#114;&#x6e;&#x65;y&#x73;&#x2e;c&#104;\">e-mail<\/a><\/p><\/div><\/div>[\/vc_column][\/vc_row]<\/p>\n<\/div>","protected":false},"excerpt":{"rendered":"<p>[vc_row type=&#8221;full_width_section&#8221;][vc_column width=&#8221;1\/1&#8243;][\/vc_column][\/vc_row][vc_row][vc_column width=&#8221;1\/1&#8243;][\/vc_column][\/vc_row][vc_row bg_image=&#8221;15893&#8243;][vc_column animation=&#8221;fade-in-from-left&#8221; width=&#8221;3\/4&#8243;][vc_tabs][vc_tab title=&#8221;Dokumente f\u00fcr Bewerber&#8221; tab_id=&#8221;c9c08126-3851-8&#8243;][vc_column_text] Vertraulichkeitsvereinbarung Vollmacht Personalien der Erfinder Angaben \u00fcber den Anmelder oder die Anmelderin &nbsp; Strategien f\u00fcr Patentanmeldungen f\u00fcr Patentanmeldungen (Englisch) Tarife Nicht verf\u00fcgbar Berufsgeheimnis der Patentanw\u00e4ltinnen und Patentanw\u00e4lten in der Schweiz: die strengen Anforderungen Berufsgeheimnis der Patentanw\u00e4ltinnen und Patentanw\u00e4lten in der Schweiz \u00dcbertragung von verschl\u00fcsselten e-mails (auf Englisch und Franz\u00f6sisch verf\u00fcgbar) Informations relatives au cryptage et \u00e0 la signature \u00e9lectronique P&amp;TS (Franz\u00f6zisch) Info. on encryption and electronic signature P&amp;TS (Englisch) Installation de certificat ou de webmail (Franz\u00f6sisch) Installation of a certificate or Webmail (Englisch) Buch erschienen bei PPUR: \u201ePatente, Design : Nachschlagewerk\u201c (nur auf Franz\u00f6sisch erh\u00e4ltlich) &#8220;Brevets, Design: le Guide&#8221; Das 100-Seitige Werk von Christophe Saam und Pascal Koster ist 2005 erschienen. Knapp und praktisch soll es vor allem Erfinder, Anmelder und alldiejenige ansprechen, die sich f\u00fcr Patente und Design interessieren, ohne jedoch Anwalt zu sein. Das Buch kann direkt \u00fcber die franz\u00f6sische AMAZON-Webseite unter folgendem Link bestellt werden: Brevets et design, Le guide[\/vc_column_text][\/vc_tab][vc_tab title=&#8221;Dokumente f\u00fcr Mitarbeiter&#8221; tab_id=&#8221;1453669696668-1-8&#8243;][vc_column_text]Vollmacht[\/vc_column_text][\/vc_tab][\/vc_tabs][\/vc_column][vc_column animation=&#8221;fade-in-from-bottom&#8221; width=&#8221;1\/4&#8243;][vc_column_text] KONTAKT [\/vc_column_text][\/vc_column][\/vc_row]<\/p>\n","protected":false},"author":4,"featured_media":0,"parent":0,"menu_order":0,"comment_status":"closed","ping_status":"closed","template":"","meta":{"footnotes":""},"translation":{"provider":"WPGlobus","version":"3.0.2","language":"de","enabled_languages":["fr","de","en","it"],"languages":{"fr":{"title":true,"content":true,"excerpt":false},"de":{"title":true,"content":true,"excerpt":false},"en":{"title":true,"content":true,"excerpt":false},"it":{"title":false,"content":false,"excerpt":false}}},"yoast_head":"<!-- This site is optimized with the Yoast SEO plugin v24.4 - https:\/\/yoast.com\/wordpress\/plugins\/seo\/ -->\n<title>Downloadbereich - P&amp;TS AG<\/title>\n<meta name=\"description\" content=\"Erhalten Sie heute n\u00fctzliche herunterladbare Dokumente zum Thema geistiges Eigentum f\u00fcr Ihr Unternehmen.\" \/>\n<meta name=\"robots\" content=\"index, follow, max-snippet:-1, max-image-preview:large, max-video-preview:-1\" \/>\n<link rel=\"canonical\" href=\"https:\/\/www.patentattorneys.ch\/download_section\/\" \/>\n<meta property=\"og:locale\" content=\"de_DE\" \/>\n<meta property=\"og:type\" content=\"article\" \/>\n<meta property=\"og:title\" content=\"Downloadbereich - P&amp;TS AG\" \/>\n<meta property=\"og:description\" content=\"Erhalten Sie heute n\u00fctzliche herunterladbare Dokumente zum Thema geistiges Eigentum f\u00fcr Ihr Unternehmen.\" \/>\n<meta property=\"og:url\" content=\"https:\/\/www.patentattorneys.ch\/download_section\/\" \/>\n<meta property=\"og:site_name\" content=\"P&amp;TS AG\" \/>\n<meta property=\"article:publisher\" content=\"https:\/\/www.facebook.com\/PTS.Ltd\/\" \/>\n<meta property=\"article:modified_time\" content=\"2025-11-28T15:01:40+00:00\" \/>\n<meta name=\"twitter:card\" content=\"summary_large_image\" \/>\n<meta name=\"twitter:site\" content=\"@PTSSA\" \/>\n<meta name=\"twitter:label1\" content=\"Est. reading time\" \/>\n\t<meta name=\"twitter:data1\" content=\"1 minute\" \/>\n<script type=\"application\/ld+json\" class=\"yoast-schema-graph\">{\"@context\":\"https:\/\/schema.org\",\"@graph\":[{\"@type\":\"WebPage\",\"@id\":\"https:\/\/www.patentattorneys.ch\/download_section\/\",\"url\":\"https:\/\/www.patentattorneys.ch\/download_section\/\",\"name\":\"Downloadbereich - P&amp;TS AG\",\"isPartOf\":{\"@id\":\"https:\/\/www.patentattorneys.ch\/de\/#website\"},\"datePublished\":\"2016-01-18T22:33:17+00:00\",\"dateModified\":\"2025-11-28T15:01:40+00:00\",\"description\":\"Get useful downloadable documents about intellectual property for your business today.\",\"breadcrumb\":{\"@id\":\"https:\/\/www.patentattorneys.ch\/download_section\/#breadcrumb\"},\"inLanguage\":\"de-DE\",\"potentialAction\":[{\"@type\":\"ReadAction\",\"target\":[\"https:\/\/www.patentattorneys.ch\/download_section\/\"]}]},{\"@type\":\"BreadcrumbList\",\"@id\":\"https:\/\/www.patentattorneys.ch\/download_section\/#breadcrumb\",\"itemListElement\":[{\"@type\":\"ListItem\",\"position\":1,\"name\":\"Accueil\",\"item\":\"https:\/\/www.patentattorneys.ch\/\"},{\"@type\":\"ListItem\",\"position\":2,\"name\":\"Section t\u00e9l\u00e9chargement\"}]},{\"@type\":\"WebSite\",\"@id\":\"https:\/\/www.patentattorneys.ch\/de\/#website\",\"url\":\"https:\/\/www.patentattorneys.ch\/de\/\",\"name\":\"P&amp;TS AG\",\"description\":\"Patentanw\u00e4lte\",\"publisher\":{\"@id\":\"https:\/\/www.patentattorneys.ch\/de\/#organization\"},\"potentialAction\":[{\"@type\":\"SearchAction\",\"target\":{\"@type\":\"EntryPoint\",\"urlTemplate\":\"https:\/\/www.patentattorneys.ch\/de\/?s={search_term_string}\"},\"query-input\":{\"@type\":\"PropertyValueSpecification\",\"valueRequired\":true,\"valueName\":\"search_term_string\"}}],\"inLanguage\":\"de-DE\"},{\"@type\":\"Organization\",\"@id\":\"https:\/\/www.patentattorneys.ch\/de\/#organization\",\"name\":\"P&TS SA\",\"url\":\"https:\/\/www.patentattorneys.ch\/de\/\",\"logo\":{\"@type\":\"ImageObject\",\"inLanguage\":\"de-DE\",\"@id\":\"https:\/\/www.patentattorneys.ch\/de\/#\/schema\/logo\/image\/\",\"url\":\"https:\/\/www.patentattorneys.ch\/wp-content\/uploads\/2016\/01\/PTS_Icon.jpg\",\"contentUrl\":\"https:\/\/www.patentattorneys.ch\/wp-content\/uploads\/2016\/01\/PTS_Icon.jpg\",\"width\":512,\"height\":512,\"caption\":\"P&TS SA\"},\"image\":{\"@id\":\"https:\/\/www.patentattorneys.ch\/de\/#\/schema\/logo\/image\/\"},\"sameAs\":[\"https:\/\/www.facebook.com\/PTS.Ltd\/\",\"https:\/\/x.com\/PTSSA\",\"https:\/\/www.linkedin.com\/company\/p&ts-sa\"]}]}<\/script>\n<!-- \/ Yoast SEO plugin. -->","yoast_head_json":{"title":"Downloadbereich - P&amp;TS AG","description":"Erhalten Sie heute n\u00fctzliche herunterladbare Dokumente zum Thema geistiges Eigentum f\u00fcr Ihr Unternehmen.","robots":{"index":"index","follow":"follow","max-snippet":"max-snippet:-1","max-image-preview":"max-image-preview:large","max-video-preview":"max-video-preview:-1"},"canonical":"https:\/\/www.patentattorneys.ch\/download_section\/","og_locale":"de_DE","og_type":"article","og_title":"Downloadbereich - P&amp;TS AG","og_description":"Erhalten Sie heute n\u00fctzliche herunterladbare Dokumente zum Thema geistiges Eigentum f\u00fcr Ihr Unternehmen.","og_url":"https:\/\/www.patentattorneys.ch\/download_section\/","og_site_name":"P&amp;TS AG","article_publisher":"https:\/\/www.facebook.com\/PTS.Ltd\/","article_modified_time":"2025-11-28T15:01:40+00:00","twitter_card":"summary_large_image","twitter_site":"@PTSSA","twitter_misc":{"Est. reading time":"1 minute"},"schema":{"@context":"https:\/\/schema.org","@graph":[{"@type":"WebPage","@id":"https:\/\/www.patentattorneys.ch\/download_section\/","url":"https:\/\/www.patentattorneys.ch\/download_section\/","name":"Downloadbereich - P&amp;TS AG","isPartOf":{"@id":"https:\/\/www.patentattorneys.ch\/de\/#website"},"datePublished":"2016-01-18T22:33:17+00:00","dateModified":"2025-11-28T15:01:40+00:00","description":"Get useful downloadable documents about intellectual property for your business today.","breadcrumb":{"@id":"https:\/\/www.patentattorneys.ch\/download_section\/#breadcrumb"},"inLanguage":"de-DE","potentialAction":[{"@type":"ReadAction","target":["https:\/\/www.patentattorneys.ch\/download_section\/"]}]},{"@type":"BreadcrumbList","@id":"https:\/\/www.patentattorneys.ch\/download_section\/#breadcrumb","itemListElement":[{"@type":"ListItem","position":1,"name":"Accueil","item":"https:\/\/www.patentattorneys.ch\/"},{"@type":"ListItem","position":2,"name":"Section t\u00e9l\u00e9chargement"}]},{"@type":"WebSite","@id":"https:\/\/www.patentattorneys.ch\/de\/#website","url":"https:\/\/www.patentattorneys.ch\/de\/","name":"P&amp;TS AG","description":"Patentanw\u00e4lte","publisher":{"@id":"https:\/\/www.patentattorneys.ch\/de\/#organization"},"potentialAction":[{"@type":"SearchAction","target":{"@type":"EntryPoint","urlTemplate":"https:\/\/www.patentattorneys.ch\/de\/?s={search_term_string}"},"query-input":{"@type":"PropertyValueSpecification","valueRequired":true,"valueName":"search_term_string"}}],"inLanguage":"de-DE"},{"@type":"Organization","@id":"https:\/\/www.patentattorneys.ch\/de\/#organization","name":"P&TS SA","url":"https:\/\/www.patentattorneys.ch\/de\/","logo":{"@type":"ImageObject","inLanguage":"de-DE","@id":"https:\/\/www.patentattorneys.ch\/de\/#\/schema\/logo\/image\/","url":"https:\/\/www.patentattorneys.ch\/wp-content\/uploads\/2016\/01\/PTS_Icon.jpg","contentUrl":"https:\/\/www.patentattorneys.ch\/wp-content\/uploads\/2016\/01\/PTS_Icon.jpg","width":512,"height":512,"caption":"P&TS SA"},"image":{"@id":"https:\/\/www.patentattorneys.ch\/de\/#\/schema\/logo\/image\/"},"sameAs":["https:\/\/www.facebook.com\/PTS.Ltd\/","https:\/\/x.com\/PTSSA","https:\/\/www.linkedin.com\/company\/p&ts-sa"]}]}},"_links":{"self":[{"href":"https:\/\/www.patentattorneys.ch\/de\/wp-json\/wp\/v2\/pages\/15836"}],"collection":[{"href":"https:\/\/www.patentattorneys.ch\/de\/wp-json\/wp\/v2\/pages"}],"about":[{"href":"https:\/\/www.patentattorneys.ch\/de\/wp-json\/wp\/v2\/types\/page"}],"author":[{"embeddable":true,"href":"https:\/\/www.patentattorneys.ch\/de\/wp-json\/wp\/v2\/users\/4"}],"replies":[{"embeddable":true,"href":"https:\/\/www.patentattorneys.ch\/de\/wp-json\/wp\/v2\/comments?post=15836"}],"version-history":[{"count":377,"href":"https:\/\/www.patentattorneys.ch\/de\/wp-json\/wp\/v2\/pages\/15836\/revisions"}],"predecessor-version":[{"id":35609,"href":"https:\/\/www.patentattorneys.ch\/de\/wp-json\/wp\/v2\/pages\/15836\/revisions\/35609"}],"wp:attachment":[{"href":"https:\/\/www.patentattorneys.ch\/de\/wp-json\/wp\/v2\/media?parent=15836"}],"curies":[{"name":"wp","href":"https:\/\/api.w.org\/{rel}","templated":true}]}}