

{"id":16285,"date":"2016-01-24T23:25:52","date_gmt":"2016-01-24T22:25:52","guid":{"rendered":"http:\/\/www.patentattorneys.ch\/?page_id=16285"},"modified":"2024-05-15T15:25:07","modified_gmt":"2024-05-15T14:25:07","slug":"demande_de_brevet_provisoire","status":"publish","type":"page","link":"https:\/\/www.patentattorneys.ch\/de\/dienstleitungen\/patente\/provisorische-anmeldungen\/","title":{"rendered":"Provisorische Anmeldungen; Anmeldungen ohne Geb\u00fchren"},"content":{"rendered":"<div class=\"wpb-content-wrapper\"><p>[vc_row type=&#8221;full_width_section&#8221;][vc_column width=&#8221;1\/1&#8243;]<div class=\"imagebox wpb_content_element style-1\"><div class=\"imagebox-img\"><img decoding=\"async\" src=\"https:\/\/www.patentattorneys.ch\/wp-content\/uploads\/2020\/11\/banner_brevet.jpg\" alt=\"Conditions d&#039;obtention des brevets - Conditions for obtaining a patent - Voraussetzungen f\u00fcr die Erteilung von Patenten\" \/><\/div><\/div>[\/vc_column][\/vc_row][vc_row][vc_column width=&#8221;1\/1&#8243;]<style>#breadcrumb-69dc08cebd693 li::after { content: \"\u00bb\" }<\/style><div class=\"\"><ol class=\"wwp-vc-breadcrumbs \" id=\"breadcrumb-69dc08cebd693\"><li class=\"visited\"><a href=\"\/\">Home<\/a><\/li><li class=\"visited\"><a href=\"https:\/\/www.patentattorneys.ch\/de\/dienstleitungen\/\">{:fr}Services{:}{:de}Dienstleitungen{:}{:en}Our services{:}<\/a><\/li><li class=\"visited\"><a href=\"https:\/\/www.patentattorneys.ch\/de\/dienstleitungen\/patente\/\">{:fr}Brevets{:}{:de}Patente{:}{:en}Patents{:}<\/a><\/li><li class=\"current\"><span>Provisorische Anmeldungen; Anmeldungen ohne Geb\u00fchren<\/span><\/li><\/ol><\/div>[\/vc_column][\/vc_row][vc_row bg_image=&#8221;15893&#8243;][vc_column animation=&#8221;fade-in-from-left&#8221; width=&#8221;2\/3&#8243;]<div class=\"spacer\" style=\"height: 40px;\"><\/div>[vc_column_text]<\/p>\n<h1>Provisorische Anmeldungen; Anmeldungen ohne Geb\u00fchren<\/h1>\n<p>[\/vc_column_text][vc_tabs][vc_tab title=&#8221;Provisorische Anmeldungen in den USA&#8221; tab_id=&#8221;c9c08126-3851-8&#8243;][vc_column_text]<\/p>\n<h4><b>Provisorische Anmeldungen in den USA<\/b><\/h4>\n<p>Es ist m\u00f6glich, in den USA provisorische Anmeldungen (provisional applications) einzureichen, deren einziger Zweck das Generieren eines Priorit\u00e4tsdatums ist. Eine provisorische Anmeldung f\u00fchrt nicht selbst zu einem erteilten Patent und wird nicht ver\u00f6ffentlicht.<\/p>\n<p>Provisorische Anmeldungen in den USA sind deswegen interessant, weil sie ein Priorit\u00e4tsrecht zu tiefen Anfangskosten und mit minimalen Formalit\u00e4ten generieren. Die Anmeldegeb\u00fchren belaufen sich auf nur 220 USD (110 USD f\u00fcr kleinere Firmen), wobei das Honorar eines lokalen Patentanwalts dazu gerechnet werden muss. Die formalen Anforderungen sind sehr grossz\u00fcgig und es kann fast jeder maschinengeschriebene Text als provisorische Anmeldung eingereicht werden. Jedoch kann das in sp\u00e4teren Anmeldungen beanspruchte Objekt der Erfindung nicht \u00fcber den Gesamtinhalt der provisorischen Anmeldung erweitert werden, so dass die Beschreibung notwendigerweise von einem technischen Standpunkt gen\u00fcgend detailliert sein muss, um dieser Auflage zu gen\u00fcgen. Zudem verlangen die meisten Staaten, dass die Erfindung auf Grund der im Priorit\u00e4tsdokument beschriebenen Lehre ausgef\u00fchrt werden kann.<\/p>\n<h4>Vorteil von provisorischen Anmeldungen<\/h4>\n<p>Provisorische Anmeldungen erf\u00fcllen die Bed\u00fcrfnisse von Erfindern, die keine Zeit oder Mittel f\u00fcr die sofortige Einreichung einer definitiven Anmeldung haben. Dies kann also beispielsweise ein individueller Erfinder sein oder eine kleinere Firma, die ihre Erfindung eher verkaufen statt sie selber zu n\u00fctzen m\u00f6chte. Es ist in solch einem Fall m\u00f6glich, eine provisorische Anmeldung einzureichen, um vor der Marktanalyse ein Priorit\u00e4tsrecht zu sichern. Provisorische Anmeldungen sind auch interessant, wenn die kommerziellen Aussichten der Erfindung noch ungewiss sind, oder wenn die Erfindung wahrscheinlich das Objekt von technischen Weiterentwicklungen wird, so dass die Erfindung noch nicht definitiv beschrieben werden kann.<\/p>\n<h6>Provisorische Anmeldungen in den USA haben einen weiteren Vorteil. In den USA geh\u00f6rt das Recht zum Patent nicht dem ersten Anmelder sondern dem ersten Erfinder. Einem sp\u00e4teren Anmelder, der beweisen kann, dass er die Erfindung vor allen Anderen ausgedacht hat, kann das Recht zum Patent zugesprochen werden.<\/h6>\n<p>Es ist jedoch nicht m\u00f6glich, ein Erfindungsdatum, das \u00e4lter als 12 Monate vor dem Anmeldedatum liegt, f\u00fcr ein Patent auf dem Gebiet der USA zu beanspruchen. Dies um zu verhindern, dass Erfinder ihre Erfindungen in der Schublade lassen, um sie dann hervorzuzaubern, wenn andere Anmelder ein marktreifes Produkt lancieren. Die Einreichung einer &#8220;provisional application&#8221; erlaubt es, zu tiefen Kosten ein fr\u00fches Anmeldedatum in den USA zu erhalten und somit im Streitfall ein fr\u00fches Konzeptionsdatum der Erfindung beanspruchen zu k\u00f6nnen.[\/vc_column_text][\/vc_tab][vc_tab title=&#8221;Geb\u00fchrenlose Anmeldungen in der Schweiz oder in Europa&#8221; tab_id=&#8221;1453669696668-1-8&#8243;][vc_column_text]<\/p>\n<h4>Geb\u00fchrenlose Anmeldungen in der Schweiz oder in Europa<\/h4>\n<p>Falls die Beanspruchung eines fr\u00fchen Erfindungsdatums in den USA nicht essentiell scheint, ist es meistens einfacher, sicherer und kosteng\u00fcnstiger, f\u00fcr die Erlangung eines Priorit\u00e4tsdatums die Anmeldung in der Schweiz oder in Europa ohne Bezahlung von Geb\u00fchren einzureichen. Die Anmeldung wird zur\u00fcckgewiesen, erh\u00e4lt aber zuerst ein Anmeldedatum und eine Anmeldenummer, die f\u00fcr sp\u00e4tere Anmeldungen als Priorit\u00e4t beansprucht werden k\u00f6nnen. [\/vc_column_text][\/vc_tab][\/vc_tabs][\/vc_column][vc_column animation=&#8221;fade-in-from-bottom&#8221; width=&#8221;1\/3&#8243;]<div class=\"spacer\" style=\"height: 40px;\"><\/div>[vc_column_text]<\/p>\n<h3>KONTAKT<\/h3>\n<p>[\/vc_column_text]<div class=\"member wpb_content_element test\"><div class=\"member-img\"><img decoding=\"async\" src=\"https:\/\/www.patentattorneys.ch\/wp-content\/uploads\/2020\/10\/schreyer_2003319_contact.jpg\" alt=\"Contact\" \/><\/div><h4>Kontakt P&amp;TS<\/h4><div class=\"member-role\"><\/div><div class=\"member-content\"><p><a href=\"&#109;&#x61;&#105;&#x6c;t&#x6f;:&#x69;n&#x66;o&#x40;p&#x61;t&#101;&#x6e;&#116;&#x61;&#116;&#x74;o&#x72;n&#x65;y&#x73;.&#x63;h\"><i class=\"fa fa-envelope-o minti-icon\" style=\"color:#888888 !important; font-size: 14px; margin: 0px 0px 0px 0px\"><\/i> e-mail<\/a><\/p><\/div><\/div><div class=\"newdivider align-center\" style=\"border-bottom-style: solid; border-color: #b7b7b7; border-bottom-width: 1px; margin-top: 0; margin-bottom: 20px; width: 100%; \"><\/div><div class=\"clear\"><\/div>[\/vc_column][\/vc_row]<\/p>\n<\/div>","protected":false},"excerpt":{"rendered":"<p>[vc_row type=&#8221;full_width_section&#8221;][vc_column width=&#8221;1\/1&#8243;][\/vc_column][\/vc_row][vc_row][vc_column width=&#8221;1\/1&#8243;][\/vc_column][\/vc_row][vc_row bg_image=&#8221;15893&#8243;][vc_column animation=&#8221;fade-in-from-left&#8221; width=&#8221;2\/3&#8243;][vc_column_text] Provisorische Anmeldungen; Anmeldungen ohne Geb\u00fchren [\/vc_column_text][vc_tabs][vc_tab title=&#8221;Provisorische Anmeldungen in den USA&#8221; tab_id=&#8221;c9c08126-3851-8&#8243;][vc_column_text] Provisorische Anmeldungen in den USA Es ist m\u00f6glich, in den USA provisorische Anmeldungen (provisional applications) einzureichen, deren einziger Zweck das Generieren eines Priorit\u00e4tsdatums ist. Eine provisorische Anmeldung f\u00fchrt nicht selbst zu einem erteilten Patent und wird nicht ver\u00f6ffentlicht. Provisorische Anmeldungen in den USA sind deswegen interessant, weil sie ein Priorit\u00e4tsrecht zu tiefen Anfangskosten und mit minimalen Formalit\u00e4ten generieren. Die Anmeldegeb\u00fchren belaufen sich auf nur 220 USD (110 USD f\u00fcr kleinere Firmen), wobei das Honorar eines lokalen Patentanwalts dazu gerechnet werden muss. Die formalen Anforderungen sind sehr grossz\u00fcgig und es kann fast jeder maschinengeschriebene Text als provisorische Anmeldung eingereicht werden. Jedoch kann das in sp\u00e4teren Anmeldungen beanspruchte Objekt der Erfindung nicht \u00fcber den Gesamtinhalt der provisorischen Anmeldung erweitert werden, so dass die Beschreibung notwendigerweise von einem technischen Standpunkt gen\u00fcgend detailliert sein muss, um dieser Auflage zu gen\u00fcgen. Zudem verlangen die meisten Staaten, dass die Erfindung auf Grund der im Priorit\u00e4tsdokument beschriebenen Lehre ausgef\u00fchrt werden kann. Vorteil von provisorischen Anmeldungen Provisorische Anmeldungen erf\u00fcllen die Bed\u00fcrfnisse von Erfindern, die keine Zeit oder Mittel f\u00fcr die sofortige Einreichung einer definitiven Anmeldung haben. Dies kann also [&hellip;]<\/p>\n","protected":false},"author":4,"featured_media":0,"parent":15785,"menu_order":0,"comment_status":"closed","ping_status":"closed","template":"","meta":{"footnotes":""},"translation":{"provider":"WPGlobus","version":"3.0.2","language":"de","enabled_languages":["fr","de","en","it"],"languages":{"fr":{"title":true,"content":true,"excerpt":false},"de":{"title":true,"content":true,"excerpt":false},"en":{"title":true,"content":true,"excerpt":false},"it":{"title":false,"content":false,"excerpt":false}}},"yoast_head":"<!-- This site is optimized with the Yoast SEO plugin v24.4 - https:\/\/yoast.com\/wordpress\/plugins\/seo\/ -->\n<title>Provisorische Anmeldungen; Anmeldungen ohne Geb\u00fchren - P&amp;TS AG<\/title>\n<meta name=\"description\" content=\"Die provisorische Anmeldung entspricht den Bed\u00fcrfnissen von Erfindern, die nicht die Zeit oder die Mittel haben, um eine endg\u00fcltige Einreichung vorzunehmen.\" \/>\n<meta name=\"robots\" content=\"index, follow, max-snippet:-1, max-image-preview:large, max-video-preview:-1\" \/>\n<link rel=\"canonical\" href=\"https:\/\/www.patentattorneys.ch\/nos-services\/brevets\/demande_de_brevet_provisoire\/\" \/>\n<meta property=\"og:locale\" content=\"de_DE\" \/>\n<meta property=\"og:type\" content=\"article\" \/>\n<meta property=\"og:title\" content=\"Provisorische Anmeldungen; Anmeldungen ohne Geb\u00fchren - P&amp;TS AG\" \/>\n<meta property=\"og:description\" content=\"Die provisorische Anmeldung entspricht den Bed\u00fcrfnissen von Erfindern, die nicht die Zeit oder die Mittel haben, um eine endg\u00fcltige Einreichung vorzunehmen.\" \/>\n<meta property=\"og:url\" content=\"https:\/\/www.patentattorneys.ch\/nos-services\/brevets\/demande_de_brevet_provisoire\/\" \/>\n<meta property=\"og:site_name\" content=\"P&amp;TS AG\" \/>\n<meta property=\"article:publisher\" content=\"https:\/\/www.facebook.com\/PTS.Ltd\/\" \/>\n<meta property=\"article:modified_time\" content=\"2024-05-15T14:25:07+00:00\" \/>\n<meta name=\"twitter:card\" content=\"summary_large_image\" \/>\n<meta name=\"twitter:site\" content=\"@PTSSA\" \/>\n<meta name=\"twitter:label1\" content=\"Est. reading time\" \/>\n\t<meta name=\"twitter:data1\" content=\"2 minutes\" \/>\n<script type=\"application\/ld+json\" class=\"yoast-schema-graph\">{\"@context\":\"https:\/\/schema.org\",\"@graph\":[{\"@type\":\"WebPage\",\"@id\":\"https:\/\/www.patentattorneys.ch\/nos-services\/brevets\/demande_de_brevet_provisoire\/\",\"url\":\"https:\/\/www.patentattorneys.ch\/nos-services\/brevets\/demande_de_brevet_provisoire\/\",\"name\":\"Provisorische Anmeldungen; Anmeldungen ohne Geb\u00fchren - P&amp;TS AG\",\"isPartOf\":{\"@id\":\"https:\/\/www.patentattorneys.ch\/de\/#website\"},\"datePublished\":\"2016-01-24T22:25:52+00:00\",\"dateModified\":\"2024-05-15T14:25:07+00:00\",\"description\":\"La demande provisoire r\u00e9pond aux besoins des inventeurs qui n'ont pas le temps ou les moyens pour proc\u00e9der \u00e0 un d\u00e9p\u00f4t d\u00e9finitif.\",\"breadcrumb\":{\"@id\":\"https:\/\/www.patentattorneys.ch\/nos-services\/brevets\/demande_de_brevet_provisoire\/#breadcrumb\"},\"inLanguage\":\"de-DE\",\"potentialAction\":[{\"@type\":\"ReadAction\",\"target\":[\"https:\/\/www.patentattorneys.ch\/nos-services\/brevets\/demande_de_brevet_provisoire\/\"]}]},{\"@type\":\"BreadcrumbList\",\"@id\":\"https:\/\/www.patentattorneys.ch\/nos-services\/brevets\/demande_de_brevet_provisoire\/#breadcrumb\",\"itemListElement\":[{\"@type\":\"ListItem\",\"position\":1,\"name\":\"Accueil\",\"item\":\"https:\/\/www.patentattorneys.ch\/\"},{\"@type\":\"ListItem\",\"position\":2,\"name\":\"Our services\",\"item\":\"https:\/\/www.patentattorneys.ch\/nos-services\/\"},{\"@type\":\"ListItem\",\"position\":3,\"name\":\"Patents\",\"item\":\"https:\/\/www.patentattorneys.ch\/nos-services\/brevets\/\"},{\"@type\":\"ListItem\",\"position\":4,\"name\":\"Provisional patent application; patent application without fees\"}]},{\"@type\":\"WebSite\",\"@id\":\"https:\/\/www.patentattorneys.ch\/de\/#website\",\"url\":\"https:\/\/www.patentattorneys.ch\/de\/\",\"name\":\"P&amp;TS AG\",\"description\":\"Patentanw\u00e4lte\",\"publisher\":{\"@id\":\"https:\/\/www.patentattorneys.ch\/de\/#organization\"},\"potentialAction\":[{\"@type\":\"SearchAction\",\"target\":{\"@type\":\"EntryPoint\",\"urlTemplate\":\"https:\/\/www.patentattorneys.ch\/de\/?s={search_term_string}\"},\"query-input\":{\"@type\":\"PropertyValueSpecification\",\"valueRequired\":true,\"valueName\":\"search_term_string\"}}],\"inLanguage\":\"de-DE\"},{\"@type\":\"Organization\",\"@id\":\"https:\/\/www.patentattorneys.ch\/de\/#organization\",\"name\":\"P&TS SA\",\"url\":\"https:\/\/www.patentattorneys.ch\/de\/\",\"logo\":{\"@type\":\"ImageObject\",\"inLanguage\":\"de-DE\",\"@id\":\"https:\/\/www.patentattorneys.ch\/de\/#\/schema\/logo\/image\/\",\"url\":\"https:\/\/www.patentattorneys.ch\/wp-content\/uploads\/2016\/01\/PTS_Icon.jpg\",\"contentUrl\":\"https:\/\/www.patentattorneys.ch\/wp-content\/uploads\/2016\/01\/PTS_Icon.jpg\",\"width\":512,\"height\":512,\"caption\":\"P&TS SA\"},\"image\":{\"@id\":\"https:\/\/www.patentattorneys.ch\/de\/#\/schema\/logo\/image\/\"},\"sameAs\":[\"https:\/\/www.facebook.com\/PTS.Ltd\/\",\"https:\/\/x.com\/PTSSA\",\"https:\/\/www.linkedin.com\/company\/p&ts-sa\"]}]}<\/script>\n<!-- \/ Yoast SEO plugin. -->","yoast_head_json":{"title":"Provisorische Anmeldungen; Anmeldungen ohne Geb\u00fchren - P&amp;TS AG","description":"Die provisorische Anmeldung entspricht den Bed\u00fcrfnissen von Erfindern, die nicht die Zeit oder die Mittel haben, um eine endg\u00fcltige Einreichung vorzunehmen.","robots":{"index":"index","follow":"follow","max-snippet":"max-snippet:-1","max-image-preview":"max-image-preview:large","max-video-preview":"max-video-preview:-1"},"canonical":"https:\/\/www.patentattorneys.ch\/nos-services\/brevets\/demande_de_brevet_provisoire\/","og_locale":"de_DE","og_type":"article","og_title":"Provisorische Anmeldungen; Anmeldungen ohne Geb\u00fchren - P&amp;TS AG","og_description":"Die provisorische Anmeldung entspricht den Bed\u00fcrfnissen von Erfindern, die nicht die Zeit oder die Mittel haben, um eine endg\u00fcltige Einreichung vorzunehmen.","og_url":"https:\/\/www.patentattorneys.ch\/nos-services\/brevets\/demande_de_brevet_provisoire\/","og_site_name":"P&amp;TS AG","article_publisher":"https:\/\/www.facebook.com\/PTS.Ltd\/","article_modified_time":"2024-05-15T14:25:07+00:00","twitter_card":"summary_large_image","twitter_site":"@PTSSA","twitter_misc":{"Est. reading time":"2 minutes"},"schema":{"@context":"https:\/\/schema.org","@graph":[{"@type":"WebPage","@id":"https:\/\/www.patentattorneys.ch\/nos-services\/brevets\/demande_de_brevet_provisoire\/","url":"https:\/\/www.patentattorneys.ch\/nos-services\/brevets\/demande_de_brevet_provisoire\/","name":"Provisorische Anmeldungen; Anmeldungen ohne Geb\u00fchren - P&amp;TS AG","isPartOf":{"@id":"https:\/\/www.patentattorneys.ch\/de\/#website"},"datePublished":"2016-01-24T22:25:52+00:00","dateModified":"2024-05-15T14:25:07+00:00","description":"La demande provisoire r\u00e9pond aux besoins des inventeurs qui n'ont pas le temps ou les moyens pour proc\u00e9der \u00e0 un d\u00e9p\u00f4t d\u00e9finitif.","breadcrumb":{"@id":"https:\/\/www.patentattorneys.ch\/nos-services\/brevets\/demande_de_brevet_provisoire\/#breadcrumb"},"inLanguage":"de-DE","potentialAction":[{"@type":"ReadAction","target":["https:\/\/www.patentattorneys.ch\/nos-services\/brevets\/demande_de_brevet_provisoire\/"]}]},{"@type":"BreadcrumbList","@id":"https:\/\/www.patentattorneys.ch\/nos-services\/brevets\/demande_de_brevet_provisoire\/#breadcrumb","itemListElement":[{"@type":"ListItem","position":1,"name":"Accueil","item":"https:\/\/www.patentattorneys.ch\/"},{"@type":"ListItem","position":2,"name":"Our services","item":"https:\/\/www.patentattorneys.ch\/nos-services\/"},{"@type":"ListItem","position":3,"name":"Patents","item":"https:\/\/www.patentattorneys.ch\/nos-services\/brevets\/"},{"@type":"ListItem","position":4,"name":"Provisional patent application; patent application without fees"}]},{"@type":"WebSite","@id":"https:\/\/www.patentattorneys.ch\/de\/#website","url":"https:\/\/www.patentattorneys.ch\/de\/","name":"P&amp;TS AG","description":"Patentanw\u00e4lte","publisher":{"@id":"https:\/\/www.patentattorneys.ch\/de\/#organization"},"potentialAction":[{"@type":"SearchAction","target":{"@type":"EntryPoint","urlTemplate":"https:\/\/www.patentattorneys.ch\/de\/?s={search_term_string}"},"query-input":{"@type":"PropertyValueSpecification","valueRequired":true,"valueName":"search_term_string"}}],"inLanguage":"de-DE"},{"@type":"Organization","@id":"https:\/\/www.patentattorneys.ch\/de\/#organization","name":"P&TS SA","url":"https:\/\/www.patentattorneys.ch\/de\/","logo":{"@type":"ImageObject","inLanguage":"de-DE","@id":"https:\/\/www.patentattorneys.ch\/de\/#\/schema\/logo\/image\/","url":"https:\/\/www.patentattorneys.ch\/wp-content\/uploads\/2016\/01\/PTS_Icon.jpg","contentUrl":"https:\/\/www.patentattorneys.ch\/wp-content\/uploads\/2016\/01\/PTS_Icon.jpg","width":512,"height":512,"caption":"P&TS SA"},"image":{"@id":"https:\/\/www.patentattorneys.ch\/de\/#\/schema\/logo\/image\/"},"sameAs":["https:\/\/www.facebook.com\/PTS.Ltd\/","https:\/\/x.com\/PTSSA","https:\/\/www.linkedin.com\/company\/p&ts-sa"]}]}},"_links":{"self":[{"href":"https:\/\/www.patentattorneys.ch\/de\/wp-json\/wp\/v2\/pages\/16285"}],"collection":[{"href":"https:\/\/www.patentattorneys.ch\/de\/wp-json\/wp\/v2\/pages"}],"about":[{"href":"https:\/\/www.patentattorneys.ch\/de\/wp-json\/wp\/v2\/types\/page"}],"author":[{"embeddable":true,"href":"https:\/\/www.patentattorneys.ch\/de\/wp-json\/wp\/v2\/users\/4"}],"replies":[{"embeddable":true,"href":"https:\/\/www.patentattorneys.ch\/de\/wp-json\/wp\/v2\/comments?post=16285"}],"version-history":[{"count":87,"href":"https:\/\/www.patentattorneys.ch\/de\/wp-json\/wp\/v2\/pages\/16285\/revisions"}],"predecessor-version":[{"id":33781,"href":"https:\/\/www.patentattorneys.ch\/de\/wp-json\/wp\/v2\/pages\/16285\/revisions\/33781"}],"up":[{"embeddable":true,"href":"https:\/\/www.patentattorneys.ch\/de\/wp-json\/wp\/v2\/pages\/15785"}],"wp:attachment":[{"href":"https:\/\/www.patentattorneys.ch\/de\/wp-json\/wp\/v2\/media?parent=16285"}],"curies":[{"name":"wp","href":"https:\/\/api.w.org\/{rel}","templated":true}]}}