

{"id":17974,"date":"2016-02-24T09:35:13","date_gmt":"2016-02-24T08:35:13","guid":{"rendered":"http:\/\/www.patentattorneys.ch\/?page_id=17974"},"modified":"2023-03-30T14:43:19","modified_gmt":"2023-03-30T13:43:19","slug":"giovanni-gervasio","status":"publish","type":"page","link":"https:\/\/www.patentattorneys.ch\/de\/unser-team\/mitarbeiter\/giovanni-gervasio\/","title":{"rendered":"Giovanni Gervasio"},"content":{"rendered":"<div class=\"wpb-content-wrapper\"><p>[vc_row bg_color=&#8221;#6d787e&#8221; class=&#8221;display-flex&#8221;][vc_column text_color=&#8221;light&#8221; width=&#8221;1\/1&#8243;][vc_row_inner][vc_column_inner width=&#8221;1\/4&#8243;]<div class=\"single_image wpb_content_element align-left   \" data-animation=\"none\" data-delay=\"0\"><img decoding=\"async\" width=\"337\" height=\"422\" src=\"https:\/\/www.patentattorneys.ch\/wp-content\/uploads\/2020\/10\/schreyer_2003270.jpg\" class=\"attachment-full\" alt=\"Giovanni Gervasio\" title=\"Lieu : Neuch\u00e2tel - Suisse \/ Droits d&#039;utilisation uniquement pour P&amp;TS\" srcset=\"https:\/\/www.patentattorneys.ch\/wp-content\/uploads\/2020\/10\/schreyer_2003270.jpg 337w, https:\/\/www.patentattorneys.ch\/wp-content\/uploads\/2020\/10\/schreyer_2003270-240x300.jpg 240w\" sizes=\"(max-width: 337px) 100vw, 337px\" \/><\/div>[\/vc_column_inner][vc_column_inner width=&#8221;3\/4&#8243;][vc_column_text]<\/p>\n<h2>&#8220;As a physicist, I appreciate working on sensors, measuring systems, optical and electronics.\u00a0I am also\u00a0passionate about computers and I love working on software inventions. I am a deputy judge of the Swiss Federal Patent Court.&#8221;<\/h2>\n<p>[\/vc_column_text][\/vc_column_inner][\/vc_row_inner][\/vc_column][\/vc_row][vc_row][vc_column width=&#8221;1\/1&#8243;]<style>#breadcrumb-6a09fac8a49d5 li::after { content: \"\u00bb\" }<\/style><div class=\"\"><ol class=\"wwp-vc-breadcrumbs \" id=\"breadcrumb-6a09fac8a49d5\"><li class=\"visited\"><a href=\"\/\">Home<\/a><\/li><li class=\"visited\"><a href=\"https:\/\/www.patentattorneys.ch\/de\/unser-team\/\">{:fr}\u00c9quipe{:}{:de}Unser Team{:}{:en}Our team{:}<\/a><\/li><li class=\"visited\"><a href=\"https:\/\/www.patentattorneys.ch\/de\/unser-team\/mitarbeiter\/\">{:fr}Collaborateurs{:}{:de}Mitarbeiter{:}{:en}Employees{:}<\/a><\/li><li class=\"current\"><span>Giovanni Gervasio<\/span><\/li><\/ol><\/div><div class=\"spacer\" style=\"height: 40px;\"><\/div>[\/vc_column][\/vc_row][vc_row][vc_column width=&#8221;1\/4&#8243;][vc_column_text]<\/p>\n<h3>Giovanni Gervasio<\/h3>\n<h5>Technical Director<\/h5>\n<ul>\n<li>Swiss,\u00a0Italian\u00a0and European Patent Attorney<\/li>\n<li>Consulente in Brevetti Svizzero e Europeo<\/li>\n<li>Doctor of physics<\/li>\n<li>Part-time Judge at the Swiss Federal Patent Court<\/li>\n<li>EPI-CEIPI Tutor<\/li>\n<\/ul>\n<p>[\/vc_column_text]<div class=\"divider divider1\" style='margin:40px 0 40px 0 !important;'><\/div>[vc_column_text]<\/p>\n<h5>Affiliations<\/h5>\n<p>VSP [\/vc_column_text]<div class=\"divider divider1\" style='margin:40px 0 40px 0 !important;'><\/div>[vc_column_text]<\/p>\n<p style=\"margin-top: -15px;\"><a href=\"http:\/\/www.patentattorneys.ch\/wp-content\/uploads\/2017\/04\/Giovanni-Gervasio3.zip\"><i class=\"fa fa-file-text-o\"><\/i> Vcard<\/a><\/p>\n<p style=\"margin-top: -15px;\"><a href=\"https:\/\/ch.linkedin.com\/in\/giovanni-gervasio-053340\"><i class=\"fa fa-linkedin\"><\/i>\u00a0LinkedIn<\/a><\/p>\n<p>[\/vc_column_text][\/vc_column][vc_column width=&#8221;3\/4&#8243;][vc_tabs interval=&#8221;0&#8243;][vc_tab title=&#8221;Biographie&#8221; tab_id=&#8221;dab1363f-82ab-9&#8243;][vc_column_text] Sprachen: Italienisch, Franz\u00f6sisch, Englisch, Deutsch. [\/vc_column_text]<div class=\"toggle\"><div class=\"toggle-title \">+ Italian biography<\/div><div class=\"toggle-inner\"><p> Giovanni Gervasio<\/p>\n<ul>\n<li>Direttore tecnico<\/li>\n<li>Dottorato in fisica<\/li>\n<li>Consulente in Brevetti Svizzero<\/li>\n<li>Mandatario autorizzato per il Brevetto Europeo<\/li>\n<li>Giudice tecnico al Tribunale Federale dei Brevetti<\/li>\n<li>Membro del VSP<\/li>\n<\/ul>\n<h6>Nato il 1962 a Milano, Italia.<\/h6>\n<p>Lingue : Italiano, francese, inglese, tedesco.<\/p>\n<h6>Giovanni ha ricevuto una laurea in fisica nel 1989 e ottenuto il dottorato in fisica nel 1992 all&#8217;universit\u00e0 di Milano. Ha partecipato a collaborazioni internazionali di ricerca per lo studio delle interazioni dei neutrini con la materia, di forme di radioattivit\u00e0 rare, e sull&#8217;emissione di neutrini dal Sole. In quest&#8217;ambito ha contribuito allo sviluppo di strumenti rivelatori di particelle innovativi, alla loro elettronica, e ai programmi di acquisizione e analisi.<\/h6>\n<p>Nel 1992, Giovanni si \u00e8 impiegato nel centro di ricerca &#8216;corporate&#8217; di ABB, nel quale si \u00e8 occupato della modellizzazione di trasformatori di potenza. A partire dal 1994 \u00e8 stato collaboratore scientifico all&#8217;universit\u00e0 di Neuch\u00e2tel, dove ha ripreso le attivit\u00e0 di ricerca fondamentale nella fisica dei neutrini e lo sviluppo di rivelatori di particelle. In questo periodo \u00e8 stato professore incaricato in fisica nucleare e delle particelle.<\/p>\n<h6>Nel 2000, Giovanni ha raggiunto l&#8217;Ufficio Europeo dei Brevetti, a Monaco come esaminatore e vi a seguito il programma di formazione interno in diritto dei Brevetti. Ha esaminato delle domande di brevetto europeo, in particolare nel domini dei recettori, degli strumenti di misura, e della microtecnica.<\/h6>\n<p>A partire dal 2002 Giovanni fa parte di P&#038;TS: Qui segue diversi clienti negli ambiti tecnici pi\u00f9 vari, ma con una preferenza per l&#8217;elettronica, le telecomunicazioni, i sistemi di misura, la microtecnica e il software. Dopo aver seguito la formazione della sezione internazionale del CEIPI, ha sostenuto con successo gli esami di qualificazione come mandatario per l&#8217;Ufficio Europeo dei Brevetti. Giovanni \u00e0 anche responsabile dell&#8217;infrastruttura IT di P&#038;TS.<\/p>\n<h6>Giovanni \u00e0 un mandatario autorizzato per il brevetto Europeo et un consulente in Brevetti Svizzero.. \u00c8 membro attivo del VSP.<\/h6>\n<p>Nel 2010, e stato eletto giudice tecnico al Tribunale Federale dei Brevetti dall&#8217;Assemblea Federale Svizzera.<\/p>\n<h6>Nel suo tempo libero Giovanni apprezza la vela, le escursioni in montagna, la lettura, cucinare, e la programmazione.<\/h6>\n<\/p><\/div><\/div><div class=\"spacer\" style=\"height: 25px;\"><\/div>[vc_column_text] Ab 1992 ist Giovanni Gervasio in der Forschung &#038; Entwicklung f\u00fcr eine bedeutende multinationale Elektrizit\u00e4tsfirma t\u00e4tig, wo er sich insbesondere mit dem Studium und der Modellbildung von Leistungstransformatoren besch\u00e4ftigt. Ab 1994 arbeitet er als wissenschaftlicher Mitarbeiter an der Universit\u00e4t von Neuenburg, wo er sich der Grundlagenforschung in der Neutrinophysik und der Entwicklung der Teilchendetektoren widmet, was ihm erlaubt, sich auf dem Gebiet der Elektronik der Kryotechnik und der Infor-matik weiterzubilden. W\u00e4hrend dieser Zeit ist er auch lehrbeauftragter Dozent f\u00fcr Nuklear- und Teilchenphysik.<\/p>\n<h6>2000 trat Giovanni Gervasio in das Europ\u00e4ische Patentamt in M\u00fcnchen ein, wo er sich mit dem Patentrecht vertraut macht und sich mit der Sachpr\u00fcfung von Patentanmeldungen besch\u00e4ftigt, insbesondere auf den Gebieten der Sensoren und der Messinstrumente. Seit September 2002 arbeitet er bei P&#038;TS als Patentanwalt.<\/h6>\n<p>Giovanni Gervasio ist Mitglied vom VSP und vom Aropi.<\/p>\n<h6>Neben seinem Berufsleben geniesst Giovanni das Lesen und gutes Essen sowie das Segeln.<\/h6>\n<p>Geb.1962 in Milano (Italien). [\/vc_column_text][\/vc_tab][vc_tab title=&#8221;Blog&#8221; tab_id=&#8221;1575448573279-1-1&#8243;]<div class=\"blog-shortcode blog-page blog-medium\"><div class=\"blog-wrap\"><article id=\"post-22974\" class=\"clearfix post-22974 post type-post status-publish format-standard has-post-thumbnail hentry category-giovanni-gervasio category-news category-christophe tag-tribunal-federal-des-brevets\">\n    \n        <div class=\"entry-image\">\n        <a href=\"https:\/\/www.patentattorneys.ch\/de\/2017\/09\/27\/election-juges-tribunal-federal-brevets-christophe-saam-giovanni-gervasio-deux-reelus\/\" title=\"Permalink to Richterwahl am Bundespatentgericht : Sowohl Christophe Saam wie auch Giovanni Gervasio werden wiedergew\u00e4hlt\" rel=\"bookmark\">\n            <img decoding=\"async\" width=\"600\" height=\"378\" src=\"https:\/\/www.patentattorneys.ch\/wp-content\/uploads\/2017\/09\/election-juges-tribunal-federal-brevets-600x378.jpg\" class=\"attachment-portfolio size-portfolio wp-post-image\" alt=\"election juges tribunal federal brevets\" \/>        <\/a>\n    <\/div>\n        \n    <div class=\"entry-wrap\">\n\n        <div class=\"entry-meta\">\n            <ul>\n\t\t\n\t\t<li class=\"meta-date\">27\/09\/2017<\/li>\n\t\t\t\t\n\t\t<li class=\"meta-category\"><a href=\"https:\/\/www.patentattorneys.ch\/de\/category\/collaborateur\/giovanni-gervasio\/\" rel=\"category tag\">Giovanni Gervasio<\/a>, <a href=\"https:\/\/www.patentattorneys.ch\/de\/category\/news\/\" rel=\"category tag\">News<\/a>, <a href=\"https:\/\/www.patentattorneys.ch\/de\/category\/collaborateur\/christophe\/\" rel=\"category tag\">Christophe Saam<\/a><\/li>\n\t\t<\/ul>\n        <\/div>\n\n        <div class=\"entry-title\">\n        \t<h2><a href=\"https:\/\/www.patentattorneys.ch\/de\/2017\/09\/27\/election-juges-tribunal-federal-brevets-christophe-saam-giovanni-gervasio-deux-reelus\/\" title=\"Permalink to Richterwahl am Bundespatentgericht : Sowohl Christophe Saam wie auch Giovanni Gervasio werden wiedergew\u00e4hlt\" rel=\"bookmark\">Richterwahl am Bundespatentgericht : Sowohl Christophe Saam wie auch Giovanni Gervasio werden wiedergew\u00e4hlt<\/a><\/h2>\n        <\/div>\n\n        <div class=\"entry-content\">\n        \t            {:fr}Le 27\u00a0septembre 2017, l'assembl\u00e9e f\u00e9d\u00e9rale a proc\u00e9d\u00e9 au renouvellement des... <a class=\"read-more-link\" href=\"https:\/\/www.patentattorneys.ch\/de\/2017\/09\/27\/election-juges-tribunal-federal-brevets-christophe-saam-giovanni-gervasio-deux-reelus\/\">read more  &rarr;<\/a>            <a href=\"https:\/\/www.patentattorneys.ch\/de\/2017\/09\/27\/election-juges-tribunal-federal-brevets-christophe-saam-giovanni-gervasio-deux-reelus\/\" class=\"more\">+<\/a>\n        <\/div>\n\n    <\/div>\n\n<\/article><!-- #post -->\n\n<div class=\"clear\"><\/div><article id=\"post-22932\" class=\"clearfix post-22932 post type-post status-publish format-standard has-post-thumbnail hentry category-giovanni-gervasio category-johannes-wohlmuth category-news category-maria\">\n    \n        <div class=\"entry-image\">\n        <a href=\"https:\/\/www.patentattorneys.ch\/de\/2017\/09\/18\/premiere-validation-directe-dun-brevet-italie\/\" title=\"Permalink to Erste eigenst\u00e4ndig durchgef\u00fchrte Validation eines europ\u00e4ischen Patents in Italien\" rel=\"bookmark\">\n            <img decoding=\"async\" width=\"600\" height=\"400\" src=\"https:\/\/www.patentattorneys.ch\/wp-content\/uploads\/2017\/09\/Image-uploaded-from-iOS-600x400.jpg\" class=\"attachment-portfolio size-portfolio wp-post-image\" alt=\"Premi\u00e8re validation d&#039;un brevet europ\u00e9en en Italie\" \/>        <\/a>\n    <\/div>\n        \n    <div class=\"entry-wrap\">\n\n        <div class=\"entry-meta\">\n            <ul>\n\t\t\n\t\t<li class=\"meta-date\">18\/09\/2017<\/li>\n\t\t\t\t\n\t\t<li class=\"meta-category\"><a href=\"https:\/\/www.patentattorneys.ch\/de\/category\/collaborateur\/giovanni-gervasio\/\" rel=\"category tag\">Giovanni Gervasio<\/a>, <a href=\"https:\/\/www.patentattorneys.ch\/de\/category\/collaborateur\/johannes-wohlmuth\/\" rel=\"category tag\">Johannes Wohlmuth<\/a>, <a href=\"https:\/\/www.patentattorneys.ch\/de\/category\/news\/\" rel=\"category tag\">News<\/a>, <a href=\"https:\/\/www.patentattorneys.ch\/de\/category\/collaborateur\/maria\/\" rel=\"category tag\">Maria Maina<\/a><\/li>\n\t\t<\/ul>\n        <\/div>\n\n        <div class=\"entry-title\">\n        \t<h2><a href=\"https:\/\/www.patentattorneys.ch\/de\/2017\/09\/18\/premiere-validation-directe-dun-brevet-italie\/\" title=\"Permalink to Erste eigenst\u00e4ndig durchgef\u00fchrte Validation eines europ\u00e4ischen Patents in Italien\" rel=\"bookmark\">Erste eigenst\u00e4ndig durchgef\u00fchrte Validation eines europ\u00e4ischen Patents in Italien<\/a><\/h2>\n        <\/div>\n\n        <div class=\"entry-content\">\n        \t            {:fr}C\u00e9l\u00e9bration du premier acte officiel effectu\u00e9 par P&amp;TS en Italie... <a class=\"read-more-link\" href=\"https:\/\/www.patentattorneys.ch\/de\/2017\/09\/18\/premiere-validation-directe-dun-brevet-italie\/\">read more  &rarr;<\/a>            <a href=\"https:\/\/www.patentattorneys.ch\/de\/2017\/09\/18\/premiere-validation-directe-dun-brevet-italie\/\" class=\"more\">+<\/a>\n        <\/div>\n\n    <\/div>\n\n<\/article><!-- #post -->\n\n<div class=\"clear\"><\/div><\/div><\/div>[\/vc_tab][\/vc_tabs][\/vc_column][\/vc_row]<\/p>\n<\/div>","protected":false},"excerpt":{"rendered":"<p>[vc_row bg_color=&#8221;#6d787e&#8221; class=&#8221;display-flex&#8221;][vc_column text_color=&#8221;light&#8221; width=&#8221;1\/1&#8243;][vc_row_inner][vc_column_inner width=&#8221;1\/4&#8243;][\/vc_column_inner][vc_column_inner width=&#8221;3\/4&#8243;][vc_column_text] &#8220;As a physicist, I appreciate working on sensors, measuring systems, optical and electronics.\u00a0I am also\u00a0passionate about computers and I love working on software inventions. I am a deputy judge of the Swiss Federal Patent Court.&#8221; [\/vc_column_text][\/vc_column_inner][\/vc_row_inner][\/vc_column][\/vc_row][vc_row][vc_column width=&#8221;1\/1&#8243;][\/vc_column][\/vc_row][vc_row][vc_column width=&#8221;1\/4&#8243;][vc_column_text] Giovanni Gervasio Technical Director Swiss,\u00a0Italian\u00a0and European Patent Attorney Consulente in Brevetti Svizzero e Europeo Doctor of physics Part-time Judge at the Swiss Federal Patent Court EPI-CEIPI Tutor [\/vc_column_text][vc_column_text] Affiliations VSP [\/vc_column_text][vc_column_text] Vcard \u00a0LinkedIn [\/vc_column_text][\/vc_column][vc_column width=&#8221;3\/4&#8243;][vc_tabs interval=&#8221;0&#8243;][vc_tab title=&#8221;Biographie&#8221; tab_id=&#8221;dab1363f-82ab-9&#8243;][vc_column_text] Sprachen: Italienisch, Franz\u00f6sisch, Englisch, Deutsch. [\/vc_column_text][vc_column_text] Ab 1992 ist Giovanni Gervasio in der Forschung &#038; Entwicklung f\u00fcr eine bedeutende multinationale Elektrizit\u00e4tsfirma t\u00e4tig, wo er sich insbesondere mit dem Studium und der Modellbildung von Leistungstransformatoren besch\u00e4ftigt. Ab 1994 arbeitet er als wissenschaftlicher Mitarbeiter an der Universit\u00e4t von Neuenburg, wo er sich der Grundlagenforschung in der Neutrinophysik und der Entwicklung der Teilchendetektoren widmet, was ihm erlaubt, sich auf dem Gebiet der Elektronik der Kryotechnik und der Infor-matik weiterzubilden. W\u00e4hrend dieser Zeit ist er auch lehrbeauftragter Dozent f\u00fcr Nuklear- und Teilchenphysik. 2000 trat Giovanni Gervasio in das Europ\u00e4ische Patentamt in M\u00fcnchen ein, wo er sich mit dem Patentrecht vertraut macht und sich mit der Sachpr\u00fcfung von Patentanmeldungen besch\u00e4ftigt, insbesondere auf [&hellip;]<\/p>\n","protected":false},"author":4,"featured_media":0,"parent":26502,"menu_order":0,"comment_status":"closed","ping_status":"closed","template":"","meta":{"footnotes":""},"translation":{"provider":"WPGlobus","version":"3.0.2","language":"de","enabled_languages":["fr","de","en","it"],"languages":{"fr":{"title":true,"content":true,"excerpt":false},"de":{"title":true,"content":true,"excerpt":false},"en":{"title":true,"content":true,"excerpt":false},"it":{"title":true,"content":true,"excerpt":false}}},"yoast_head":"<!-- This site is optimized with the Yoast SEO plugin v24.4 - https:\/\/yoast.com\/wordpress\/plugins\/seo\/ -->\n<title>Giovanni Gervasio - P&amp;TS AG<\/title>\n<meta name=\"robots\" content=\"index, follow, max-snippet:-1, max-image-preview:large, max-video-preview:-1\" \/>\n<link rel=\"canonical\" href=\"https:\/\/www.patentattorneys.ch\/equipe\/collaborateurs\/giovanni-gervasio\/\" \/>\n<meta property=\"og:locale\" content=\"de_DE\" \/>\n<meta property=\"og:type\" content=\"article\" \/>\n<meta property=\"og:title\" content=\"Giovanni Gervasio - P&amp;TS AG\" \/>\n<meta property=\"og:url\" content=\"https:\/\/www.patentattorneys.ch\/equipe\/collaborateurs\/giovanni-gervasio\/\" \/>\n<meta property=\"og:site_name\" content=\"P&amp;TS AG\" \/>\n<meta property=\"article:publisher\" content=\"https:\/\/www.facebook.com\/PTS.Ltd\/\" \/>\n<meta property=\"article:modified_time\" content=\"2023-03-30T13:43:19+00:00\" \/>\n<meta name=\"twitter:card\" content=\"summary_large_image\" \/>\n<meta name=\"twitter:site\" content=\"@PTSSA\" \/>\n<meta name=\"twitter:label1\" content=\"Est. reading time\" \/>\n\t<meta name=\"twitter:data1\" content=\"16 minutes\" \/>\n<script type=\"application\/ld+json\" class=\"yoast-schema-graph\">{\"@context\":\"https:\/\/schema.org\",\"@graph\":[{\"@type\":\"WebPage\",\"@id\":\"https:\/\/www.patentattorneys.ch\/equipe\/collaborateurs\/giovanni-gervasio\/\",\"url\":\"https:\/\/www.patentattorneys.ch\/equipe\/collaborateurs\/giovanni-gervasio\/\",\"name\":\"Giovanni Gervasio - P&amp;TS AG\",\"isPartOf\":{\"@id\":\"https:\/\/www.patentattorneys.ch\/de\/#website\"},\"datePublished\":\"2016-02-24T08:35:13+00:00\",\"dateModified\":\"2023-03-30T13:43:19+00:00\",\"breadcrumb\":{\"@id\":\"https:\/\/www.patentattorneys.ch\/equipe\/collaborateurs\/giovanni-gervasio\/#breadcrumb\"},\"inLanguage\":\"de-DE\",\"potentialAction\":[{\"@type\":\"ReadAction\",\"target\":[\"https:\/\/www.patentattorneys.ch\/equipe\/collaborateurs\/giovanni-gervasio\/\"]}]},{\"@type\":\"BreadcrumbList\",\"@id\":\"https:\/\/www.patentattorneys.ch\/equipe\/collaborateurs\/giovanni-gervasio\/#breadcrumb\",\"itemListElement\":[{\"@type\":\"ListItem\",\"position\":1,\"name\":\"Accueil\",\"item\":\"https:\/\/www.patentattorneys.ch\/\"},{\"@type\":\"ListItem\",\"position\":2,\"name\":\"Our team\",\"item\":\"https:\/\/www.patentattorneys.ch\/equipe\/\"},{\"@type\":\"ListItem\",\"position\":3,\"name\":\"Collaborateurs\",\"item\":\"https:\/\/www.patentattorneys.ch\/equipe\/collaborateurs\/\"},{\"@type\":\"ListItem\",\"position\":4,\"name\":\"Giovanni Gervasio\"}]},{\"@type\":\"WebSite\",\"@id\":\"https:\/\/www.patentattorneys.ch\/de\/#website\",\"url\":\"https:\/\/www.patentattorneys.ch\/de\/\",\"name\":\"P&amp;TS AG\",\"description\":\"Patentanw\u00e4lte\",\"publisher\":{\"@id\":\"https:\/\/www.patentattorneys.ch\/de\/#organization\"},\"potentialAction\":[{\"@type\":\"SearchAction\",\"target\":{\"@type\":\"EntryPoint\",\"urlTemplate\":\"https:\/\/www.patentattorneys.ch\/de\/?s={search_term_string}\"},\"query-input\":{\"@type\":\"PropertyValueSpecification\",\"valueRequired\":true,\"valueName\":\"search_term_string\"}}],\"inLanguage\":\"de-DE\"},{\"@type\":\"Organization\",\"@id\":\"https:\/\/www.patentattorneys.ch\/de\/#organization\",\"name\":\"P&TS SA\",\"url\":\"https:\/\/www.patentattorneys.ch\/de\/\",\"logo\":{\"@type\":\"ImageObject\",\"inLanguage\":\"de-DE\",\"@id\":\"https:\/\/www.patentattorneys.ch\/de\/#\/schema\/logo\/image\/\",\"url\":\"https:\/\/www.patentattorneys.ch\/wp-content\/uploads\/2016\/01\/PTS_Icon.jpg\",\"contentUrl\":\"https:\/\/www.patentattorneys.ch\/wp-content\/uploads\/2016\/01\/PTS_Icon.jpg\",\"width\":512,\"height\":512,\"caption\":\"P&TS SA\"},\"image\":{\"@id\":\"https:\/\/www.patentattorneys.ch\/de\/#\/schema\/logo\/image\/\"},\"sameAs\":[\"https:\/\/www.facebook.com\/PTS.Ltd\/\",\"https:\/\/x.com\/PTSSA\",\"https:\/\/www.linkedin.com\/company\/p&ts-sa\"]}]}<\/script>\n<!-- \/ Yoast SEO plugin. -->","yoast_head_json":{"title":"Giovanni Gervasio - P&amp;TS AG","robots":{"index":"index","follow":"follow","max-snippet":"max-snippet:-1","max-image-preview":"max-image-preview:large","max-video-preview":"max-video-preview:-1"},"canonical":"https:\/\/www.patentattorneys.ch\/equipe\/collaborateurs\/giovanni-gervasio\/","og_locale":"de_DE","og_type":"article","og_title":"Giovanni Gervasio - P&amp;TS AG","og_url":"https:\/\/www.patentattorneys.ch\/equipe\/collaborateurs\/giovanni-gervasio\/","og_site_name":"P&amp;TS AG","article_publisher":"https:\/\/www.facebook.com\/PTS.Ltd\/","article_modified_time":"2023-03-30T13:43:19+00:00","twitter_card":"summary_large_image","twitter_site":"@PTSSA","twitter_misc":{"Est. reading time":"16 minutes"},"schema":{"@context":"https:\/\/schema.org","@graph":[{"@type":"WebPage","@id":"https:\/\/www.patentattorneys.ch\/equipe\/collaborateurs\/giovanni-gervasio\/","url":"https:\/\/www.patentattorneys.ch\/equipe\/collaborateurs\/giovanni-gervasio\/","name":"Giovanni Gervasio - P&amp;TS AG","isPartOf":{"@id":"https:\/\/www.patentattorneys.ch\/de\/#website"},"datePublished":"2016-02-24T08:35:13+00:00","dateModified":"2023-03-30T13:43:19+00:00","breadcrumb":{"@id":"https:\/\/www.patentattorneys.ch\/equipe\/collaborateurs\/giovanni-gervasio\/#breadcrumb"},"inLanguage":"de-DE","potentialAction":[{"@type":"ReadAction","target":["https:\/\/www.patentattorneys.ch\/equipe\/collaborateurs\/giovanni-gervasio\/"]}]},{"@type":"BreadcrumbList","@id":"https:\/\/www.patentattorneys.ch\/equipe\/collaborateurs\/giovanni-gervasio\/#breadcrumb","itemListElement":[{"@type":"ListItem","position":1,"name":"Accueil","item":"https:\/\/www.patentattorneys.ch\/"},{"@type":"ListItem","position":2,"name":"Our team","item":"https:\/\/www.patentattorneys.ch\/equipe\/"},{"@type":"ListItem","position":3,"name":"Collaborateurs","item":"https:\/\/www.patentattorneys.ch\/equipe\/collaborateurs\/"},{"@type":"ListItem","position":4,"name":"Giovanni Gervasio"}]},{"@type":"WebSite","@id":"https:\/\/www.patentattorneys.ch\/de\/#website","url":"https:\/\/www.patentattorneys.ch\/de\/","name":"P&amp;TS AG","description":"Patentanw\u00e4lte","publisher":{"@id":"https:\/\/www.patentattorneys.ch\/de\/#organization"},"potentialAction":[{"@type":"SearchAction","target":{"@type":"EntryPoint","urlTemplate":"https:\/\/www.patentattorneys.ch\/de\/?s={search_term_string}"},"query-input":{"@type":"PropertyValueSpecification","valueRequired":true,"valueName":"search_term_string"}}],"inLanguage":"de-DE"},{"@type":"Organization","@id":"https:\/\/www.patentattorneys.ch\/de\/#organization","name":"P&TS SA","url":"https:\/\/www.patentattorneys.ch\/de\/","logo":{"@type":"ImageObject","inLanguage":"de-DE","@id":"https:\/\/www.patentattorneys.ch\/de\/#\/schema\/logo\/image\/","url":"https:\/\/www.patentattorneys.ch\/wp-content\/uploads\/2016\/01\/PTS_Icon.jpg","contentUrl":"https:\/\/www.patentattorneys.ch\/wp-content\/uploads\/2016\/01\/PTS_Icon.jpg","width":512,"height":512,"caption":"P&TS SA"},"image":{"@id":"https:\/\/www.patentattorneys.ch\/de\/#\/schema\/logo\/image\/"},"sameAs":["https:\/\/www.facebook.com\/PTS.Ltd\/","https:\/\/x.com\/PTSSA","https:\/\/www.linkedin.com\/company\/p&ts-sa"]}]}},"_links":{"self":[{"href":"https:\/\/www.patentattorneys.ch\/de\/wp-json\/wp\/v2\/pages\/17974"}],"collection":[{"href":"https:\/\/www.patentattorneys.ch\/de\/wp-json\/wp\/v2\/pages"}],"about":[{"href":"https:\/\/www.patentattorneys.ch\/de\/wp-json\/wp\/v2\/types\/page"}],"author":[{"embeddable":true,"href":"https:\/\/www.patentattorneys.ch\/de\/wp-json\/wp\/v2\/users\/4"}],"replies":[{"embeddable":true,"href":"https:\/\/www.patentattorneys.ch\/de\/wp-json\/wp\/v2\/comments?post=17974"}],"version-history":[{"count":90,"href":"https:\/\/www.patentattorneys.ch\/de\/wp-json\/wp\/v2\/pages\/17974\/revisions"}],"predecessor-version":[{"id":32041,"href":"https:\/\/www.patentattorneys.ch\/de\/wp-json\/wp\/v2\/pages\/17974\/revisions\/32041"}],"up":[{"embeddable":true,"href":"https:\/\/www.patentattorneys.ch\/de\/wp-json\/wp\/v2\/pages\/26502"}],"wp:attachment":[{"href":"https:\/\/www.patentattorneys.ch\/de\/wp-json\/wp\/v2\/media?parent=17974"}],"curies":[{"name":"wp","href":"https:\/\/api.w.org\/{rel}","templated":true}]}}