

{"id":18031,"date":"2016-02-24T14:36:57","date_gmt":"2016-02-24T13:36:57","guid":{"rendered":"http:\/\/www.patentattorneys.ch\/?page_id=18031"},"modified":"2025-12-22T17:06:46","modified_gmt":"2025-12-22T16:06:46","slug":"ronan-guirey","status":"publish","type":"page","link":"https:\/\/www.patentattorneys.ch\/de\/unser-team\/mitarbeiter\/ronan-guirey\/","title":{"rendered":"Ronan Guirey"},"content":{"rendered":"<div class=\"wpb-content-wrapper\"><p>[vc_row bg_color=&#8221;#6d787e&#8221; class=&#8221;display-flex&#8221;][vc_column text_color=&#8221;light&#8221; width=&#8221;1\/1&#8243;][vc_row_inner][vc_column_inner width=&#8221;1\/4&#8243;]<div class=\"single_image wpb_content_element align-left   \" data-animation=\"none\" data-delay=\"0\"><img decoding=\"async\" width=\"500\" height=\"500\" src=\"https:\/\/www.patentattorneys.ch\/wp-content\/uploads\/2021\/08\/schreyer_2102525-1.jpg\" class=\"attachment-full\" alt=\"\" title=\"Lieu : Z\u00fcrich - Suisse \/ Droits d&#039;utilisation uniquement pour P&amp;TS\" srcset=\"https:\/\/www.patentattorneys.ch\/wp-content\/uploads\/2021\/08\/schreyer_2102525-1.jpg 500w, https:\/\/www.patentattorneys.ch\/wp-content\/uploads\/2021\/08\/schreyer_2102525-1-150x150.jpg 150w, https:\/\/www.patentattorneys.ch\/wp-content\/uploads\/2021\/08\/schreyer_2102525-1-300x300.jpg 300w, https:\/\/www.patentattorneys.ch\/wp-content\/uploads\/2021\/08\/schreyer_2102525-1-80x80.jpg 80w\" sizes=\"(max-width: 500px) 100vw, 500px\" \/><\/div>[\/vc_column_inner][vc_column_inner width=&#8221;3\/4&#8243;][vc_column_text]<\/p>\n<h2>&#8220;I used to work for a large UK patent law firm and here at P&#038;TS I continue to represent clients before the European, UK and Irish Patent Offices; I now also represent clients before Swiss Patent Office.&#8221;<\/h2>\n<p>[\/vc_column_text][\/vc_column_inner][\/vc_row_inner][\/vc_column][\/vc_row][vc_row][vc_column width=&#8221;1\/1&#8243;]<style>#breadcrumb-69d52b3c9b1cc li::after { content: \"\u00bb\" }<\/style><div class=\"\"><ol class=\"wwp-vc-breadcrumbs \" id=\"breadcrumb-69d52b3c9b1cc\"><li class=\"visited\"><a href=\"\/\">Home<\/a><\/li><li class=\"visited\"><a href=\"https:\/\/www.patentattorneys.ch\/de\/unser-team\/\">{:fr}\u00c9quipe{:}{:de}Unser Team{:}{:en}Our team{:}<\/a><\/li><li class=\"visited\"><a href=\"https:\/\/www.patentattorneys.ch\/de\/unser-team\/mitarbeiter\/\">{:fr}Collaborateurs{:}{:de}Mitarbeiter{:}{:en}Employees{:}<\/a><\/li><li class=\"current\"><span>Ronan Guirey<\/span><\/li><\/ol><\/div><div class=\"spacer\" style=\"height: 40px;\"><\/div>[\/vc_column][\/vc_row][vc_row][vc_column width=&#8221;1\/4&#8243;][vc_column_text]<\/p>\n<h3>Ronan Guirey<\/h3>\n<h5>Director of the P&#038;TS\u00a0Zurich office<\/h5>\n<h5 style=\"margin-top: -15px;\">European, Swiss, UK and Irish patent attorney<\/h5>\n<p style=\"margin-top: -15px;\">Electrical Engineer<\/p>\n<p style=\"margin-top: -15px;\">Community TradeMark&#038;Design Attorney<\/p>\n<p style=\"margin-top: -15px;\">Irish TradeMark&#038;Design Attorney<\/p>\n<p style=\"margin-top: -15px;\">Strasbourg University Diploma in European Patent Litigation<\/p>\n<p style=\"margin-top: -15px;\">IP specialist coach for Innosuisse<\/p>\n<p>[\/vc_column_text]<div class=\"divider divider1\" style='margin:40px 0 40px 0 !important;'><\/div>[vc_column_text]<\/p>\n<h5>Affiliations<\/h5>\n<p style=\"margin-top: -15px;\">VESPA<\/p>\n<p>[\/vc_column_text]<div class=\"divider divider1\" style='margin:40px 0 40px 0 !important;'><\/div>[vc_column_text]<\/p>\n<p style=\"margin-top: -15px;\"><a href=\"http:\/\/www.patentattorneys.ch\/wp-content\/uploads\/2016\/05\/Ronan-Guirey-2.zip\"><i class=\"fa fa-file-text-o\"><\/i>\u00a0Vcard<\/a><\/p>\n<p style=\"margin-top: -15px;\"><a href=\"https:\/\/www.linkedin.com\/in\/ronan-guirey-42848076?trk=nav_responsive_tab_profile\"><i class=\"fa fa-linkedin\"><\/i>\u00a0LinkedIn<\/a><\/p>\n<p>[\/vc_column_text][\/vc_column][vc_column width=&#8221;3\/4&#8243;][vc_tabs interval=&#8221;0&#8243;][vc_tab title=&#8221;Biographie&#8221; tab_id=&#8221;dab1363f-82ab-9&#8243;][vc_column_text]<\/p>\n<p>Sprachen: English, Deutsch.<\/p>\n<p>[\/vc_column_text][vc_column_text]Ronan erwarb ein Diplom mit Auszeichnung als Elektroingenieur der Universit\u00e4t College Cork, Irland. 2000 und 2004 wurde Ronan durch die Universit\u00e4t als bester Ingenieurstudent ausgezeichnet. W\u00e4hrend seiner Studienzeit interessierte sich Ronan besonders f\u00fcr Steuerungstechnik, Automatisierung und Mechanik.<\/p>\n<p>Nach der Universit\u00e4t arbeitete Ronan f\u00fcr kurze Zeit in der Prozesskontrolle und in der Telekommunikationsindustrie. Ronan beginnt seine Karriere als Patentanwalt 2005 in einer Patentanwaltskanzlei in Dublin, Irland. Sp\u00e4ter arbeitete er in einer gr\u00f6sseren UK Patentanwaltskanzlei, in der er sich insbesondere mit UK Patentrecht aneignete. 2010 st\u00f6sst Ronan zu dem Team von Patentanw\u00e4lten bei P&#038;TS.Ronan ist in allgemeiner Mechanik und Elektro-Mechanik spezialisiert.<\/p>\n<p>Ronan ist seit 2009 zugelassener Patentanwalt gegen\u00fcber dem Europ\u00e4ischen Patentamt und seit 2013 Schweizer Patentanwalt. Er ist auch zugelassener UK Anwalt, Irischer Patentanwalt, Gemeinschaftsmarken- und Designanwalt sowie registrierter Irischer Marken und Designanwalt. Zudem ist er Tutor beim CEIPI der Universit\u00e9 de Strasbourg.<\/p>\n<p>W\u00e4hrend seiner Freizeit treibt Ronan Sport (Triathlon, Watersport, Skifahren) und lernt Sprachen<\/p>\n<p>Geboren in 1980 in Cork (Republic of Ireland).[\/vc_column_text][\/vc_tab][\/vc_tabs][\/vc_column][\/vc_row]<\/p>\n<\/div>","protected":false},"excerpt":{"rendered":"<p>[vc_row bg_color=&#8221;#6d787e&#8221; class=&#8221;display-flex&#8221;][vc_column text_color=&#8221;light&#8221; width=&#8221;1\/1&#8243;][vc_row_inner][vc_column_inner width=&#8221;1\/4&#8243;][\/vc_column_inner][vc_column_inner width=&#8221;3\/4&#8243;][vc_column_text] &#8220;I used to work for a large UK patent law firm and here at P&#038;TS I continue to represent clients before the European, UK and Irish Patent Offices; I now also represent clients before Swiss Patent Office.&#8221; [\/vc_column_text][\/vc_column_inner][\/vc_row_inner][\/vc_column][\/vc_row][vc_row][vc_column width=&#8221;1\/1&#8243;][\/vc_column][\/vc_row][vc_row][vc_column width=&#8221;1\/4&#8243;][vc_column_text] Ronan Guirey Director of the P&#038;TS\u00a0Zurich office European, Swiss, UK and Irish patent attorney Electrical Engineer Community TradeMark&#038;Design Attorney Irish TradeMark&#038;Design Attorney Strasbourg University Diploma in European Patent Litigation IP specialist coach for Innosuisse [\/vc_column_text][vc_column_text] Affiliations VESPA [\/vc_column_text][vc_column_text] \u00a0Vcard \u00a0LinkedIn [\/vc_column_text][\/vc_column][vc_column width=&#8221;3\/4&#8243;][vc_tabs interval=&#8221;0&#8243;][vc_tab title=&#8221;Biographie&#8221; tab_id=&#8221;dab1363f-82ab-9&#8243;][vc_column_text] Sprachen: English, Deutsch. [\/vc_column_text][vc_column_text]Ronan erwarb ein Diplom mit Auszeichnung als Elektroingenieur der Universit\u00e4t College Cork, Irland. 2000 und 2004 wurde Ronan durch die Universit\u00e4t als bester Ingenieurstudent ausgezeichnet. W\u00e4hrend seiner Studienzeit interessierte sich Ronan besonders f\u00fcr Steuerungstechnik, Automatisierung und Mechanik. Nach der Universit\u00e4t arbeitete Ronan f\u00fcr kurze Zeit in der Prozesskontrolle und in der Telekommunikationsindustrie. Ronan beginnt seine Karriere als Patentanwalt 2005 in einer Patentanwaltskanzlei in Dublin, Irland. Sp\u00e4ter arbeitete er in einer gr\u00f6sseren UK Patentanwaltskanzlei, in der er sich insbesondere mit UK Patentrecht aneignete. 2010 st\u00f6sst Ronan zu dem Team von Patentanw\u00e4lten bei P&#038;TS.Ronan ist in allgemeiner Mechanik und Elektro-Mechanik spezialisiert. Ronan ist seit 2009 zugelassener Patentanwalt [&hellip;]<\/p>\n","protected":false},"author":4,"featured_media":0,"parent":26502,"menu_order":0,"comment_status":"closed","ping_status":"closed","template":"","meta":{"footnotes":""},"translation":{"provider":"WPGlobus","version":"3.0.2","language":"de","enabled_languages":["fr","de","en","it"],"languages":{"fr":{"title":true,"content":true,"excerpt":false},"de":{"title":true,"content":true,"excerpt":false},"en":{"title":true,"content":true,"excerpt":false},"it":{"title":true,"content":false,"excerpt":false}}},"yoast_head":"<!-- This site is optimized with the Yoast SEO plugin v24.4 - https:\/\/yoast.com\/wordpress\/plugins\/seo\/ -->\n<title>Ronan Guirey - P&amp;TS AG<\/title>\n<meta name=\"robots\" content=\"index, follow, max-snippet:-1, max-image-preview:large, max-video-preview:-1\" \/>\n<link rel=\"canonical\" href=\"https:\/\/www.patentattorneys.ch\/equipe\/collaborateurs\/ronan-guirey\/\" \/>\n<meta property=\"og:locale\" content=\"de_DE\" \/>\n<meta property=\"og:type\" content=\"article\" \/>\n<meta property=\"og:title\" content=\"Ronan Guirey - P&amp;TS AG\" \/>\n<meta property=\"og:url\" content=\"https:\/\/www.patentattorneys.ch\/equipe\/collaborateurs\/ronan-guirey\/\" \/>\n<meta property=\"og:site_name\" content=\"P&amp;TS AG\" \/>\n<meta property=\"article:publisher\" content=\"https:\/\/www.facebook.com\/PTS.Ltd\/\" \/>\n<meta property=\"article:modified_time\" content=\"2025-12-22T16:06:46+00:00\" \/>\n<meta name=\"twitter:card\" content=\"summary_large_image\" \/>\n<meta name=\"twitter:site\" content=\"@PTSSA\" \/>\n<meta name=\"twitter:label1\" content=\"Est. reading time\" \/>\n\t<meta name=\"twitter:data1\" content=\"3 minutes\" \/>\n<script type=\"application\/ld+json\" class=\"yoast-schema-graph\">{\"@context\":\"https:\/\/schema.org\",\"@graph\":[{\"@type\":\"WebPage\",\"@id\":\"https:\/\/www.patentattorneys.ch\/equipe\/collaborateurs\/ronan-guirey\/\",\"url\":\"https:\/\/www.patentattorneys.ch\/equipe\/collaborateurs\/ronan-guirey\/\",\"name\":\"Ronan Guirey - P&amp;TS AG\",\"isPartOf\":{\"@id\":\"https:\/\/www.patentattorneys.ch\/de\/#website\"},\"datePublished\":\"2016-02-24T13:36:57+00:00\",\"dateModified\":\"2025-12-22T16:06:46+00:00\",\"breadcrumb\":{\"@id\":\"https:\/\/www.patentattorneys.ch\/equipe\/collaborateurs\/ronan-guirey\/#breadcrumb\"},\"inLanguage\":\"de-DE\",\"potentialAction\":[{\"@type\":\"ReadAction\",\"target\":[\"https:\/\/www.patentattorneys.ch\/equipe\/collaborateurs\/ronan-guirey\/\"]}]},{\"@type\":\"BreadcrumbList\",\"@id\":\"https:\/\/www.patentattorneys.ch\/equipe\/collaborateurs\/ronan-guirey\/#breadcrumb\",\"itemListElement\":[{\"@type\":\"ListItem\",\"position\":1,\"name\":\"Accueil\",\"item\":\"https:\/\/www.patentattorneys.ch\/\"},{\"@type\":\"ListItem\",\"position\":2,\"name\":\"Our team\",\"item\":\"https:\/\/www.patentattorneys.ch\/equipe\/\"},{\"@type\":\"ListItem\",\"position\":3,\"name\":\"Collaborateurs\",\"item\":\"https:\/\/www.patentattorneys.ch\/equipe\/collaborateurs\/\"},{\"@type\":\"ListItem\",\"position\":4,\"name\":\"Ronan Guirey\"}]},{\"@type\":\"WebSite\",\"@id\":\"https:\/\/www.patentattorneys.ch\/de\/#website\",\"url\":\"https:\/\/www.patentattorneys.ch\/de\/\",\"name\":\"P&amp;TS AG\",\"description\":\"Patentanw\u00e4lte\",\"publisher\":{\"@id\":\"https:\/\/www.patentattorneys.ch\/de\/#organization\"},\"potentialAction\":[{\"@type\":\"SearchAction\",\"target\":{\"@type\":\"EntryPoint\",\"urlTemplate\":\"https:\/\/www.patentattorneys.ch\/de\/?s={search_term_string}\"},\"query-input\":{\"@type\":\"PropertyValueSpecification\",\"valueRequired\":true,\"valueName\":\"search_term_string\"}}],\"inLanguage\":\"de-DE\"},{\"@type\":\"Organization\",\"@id\":\"https:\/\/www.patentattorneys.ch\/de\/#organization\",\"name\":\"P&TS SA\",\"url\":\"https:\/\/www.patentattorneys.ch\/de\/\",\"logo\":{\"@type\":\"ImageObject\",\"inLanguage\":\"de-DE\",\"@id\":\"https:\/\/www.patentattorneys.ch\/de\/#\/schema\/logo\/image\/\",\"url\":\"https:\/\/www.patentattorneys.ch\/wp-content\/uploads\/2016\/01\/PTS_Icon.jpg\",\"contentUrl\":\"https:\/\/www.patentattorneys.ch\/wp-content\/uploads\/2016\/01\/PTS_Icon.jpg\",\"width\":512,\"height\":512,\"caption\":\"P&TS SA\"},\"image\":{\"@id\":\"https:\/\/www.patentattorneys.ch\/de\/#\/schema\/logo\/image\/\"},\"sameAs\":[\"https:\/\/www.facebook.com\/PTS.Ltd\/\",\"https:\/\/x.com\/PTSSA\",\"https:\/\/www.linkedin.com\/company\/p&ts-sa\"]}]}<\/script>\n<!-- \/ Yoast SEO plugin. -->","yoast_head_json":{"title":"Ronan Guirey - P&amp;TS AG","robots":{"index":"index","follow":"follow","max-snippet":"max-snippet:-1","max-image-preview":"max-image-preview:large","max-video-preview":"max-video-preview:-1"},"canonical":"https:\/\/www.patentattorneys.ch\/equipe\/collaborateurs\/ronan-guirey\/","og_locale":"de_DE","og_type":"article","og_title":"Ronan Guirey - P&amp;TS AG","og_url":"https:\/\/www.patentattorneys.ch\/equipe\/collaborateurs\/ronan-guirey\/","og_site_name":"P&amp;TS AG","article_publisher":"https:\/\/www.facebook.com\/PTS.Ltd\/","article_modified_time":"2025-12-22T16:06:46+00:00","twitter_card":"summary_large_image","twitter_site":"@PTSSA","twitter_misc":{"Est. reading time":"3 minutes"},"schema":{"@context":"https:\/\/schema.org","@graph":[{"@type":"WebPage","@id":"https:\/\/www.patentattorneys.ch\/equipe\/collaborateurs\/ronan-guirey\/","url":"https:\/\/www.patentattorneys.ch\/equipe\/collaborateurs\/ronan-guirey\/","name":"Ronan Guirey - P&amp;TS AG","isPartOf":{"@id":"https:\/\/www.patentattorneys.ch\/de\/#website"},"datePublished":"2016-02-24T13:36:57+00:00","dateModified":"2025-12-22T16:06:46+00:00","breadcrumb":{"@id":"https:\/\/www.patentattorneys.ch\/equipe\/collaborateurs\/ronan-guirey\/#breadcrumb"},"inLanguage":"de-DE","potentialAction":[{"@type":"ReadAction","target":["https:\/\/www.patentattorneys.ch\/equipe\/collaborateurs\/ronan-guirey\/"]}]},{"@type":"BreadcrumbList","@id":"https:\/\/www.patentattorneys.ch\/equipe\/collaborateurs\/ronan-guirey\/#breadcrumb","itemListElement":[{"@type":"ListItem","position":1,"name":"Accueil","item":"https:\/\/www.patentattorneys.ch\/"},{"@type":"ListItem","position":2,"name":"Our team","item":"https:\/\/www.patentattorneys.ch\/equipe\/"},{"@type":"ListItem","position":3,"name":"Collaborateurs","item":"https:\/\/www.patentattorneys.ch\/equipe\/collaborateurs\/"},{"@type":"ListItem","position":4,"name":"Ronan Guirey"}]},{"@type":"WebSite","@id":"https:\/\/www.patentattorneys.ch\/de\/#website","url":"https:\/\/www.patentattorneys.ch\/de\/","name":"P&amp;TS AG","description":"Patentanw\u00e4lte","publisher":{"@id":"https:\/\/www.patentattorneys.ch\/de\/#organization"},"potentialAction":[{"@type":"SearchAction","target":{"@type":"EntryPoint","urlTemplate":"https:\/\/www.patentattorneys.ch\/de\/?s={search_term_string}"},"query-input":{"@type":"PropertyValueSpecification","valueRequired":true,"valueName":"search_term_string"}}],"inLanguage":"de-DE"},{"@type":"Organization","@id":"https:\/\/www.patentattorneys.ch\/de\/#organization","name":"P&TS SA","url":"https:\/\/www.patentattorneys.ch\/de\/","logo":{"@type":"ImageObject","inLanguage":"de-DE","@id":"https:\/\/www.patentattorneys.ch\/de\/#\/schema\/logo\/image\/","url":"https:\/\/www.patentattorneys.ch\/wp-content\/uploads\/2016\/01\/PTS_Icon.jpg","contentUrl":"https:\/\/www.patentattorneys.ch\/wp-content\/uploads\/2016\/01\/PTS_Icon.jpg","width":512,"height":512,"caption":"P&TS SA"},"image":{"@id":"https:\/\/www.patentattorneys.ch\/de\/#\/schema\/logo\/image\/"},"sameAs":["https:\/\/www.facebook.com\/PTS.Ltd\/","https:\/\/x.com\/PTSSA","https:\/\/www.linkedin.com\/company\/p&ts-sa"]}]}},"_links":{"self":[{"href":"https:\/\/www.patentattorneys.ch\/de\/wp-json\/wp\/v2\/pages\/18031"}],"collection":[{"href":"https:\/\/www.patentattorneys.ch\/de\/wp-json\/wp\/v2\/pages"}],"about":[{"href":"https:\/\/www.patentattorneys.ch\/de\/wp-json\/wp\/v2\/types\/page"}],"author":[{"embeddable":true,"href":"https:\/\/www.patentattorneys.ch\/de\/wp-json\/wp\/v2\/users\/4"}],"replies":[{"embeddable":true,"href":"https:\/\/www.patentattorneys.ch\/de\/wp-json\/wp\/v2\/comments?post=18031"}],"version-history":[{"count":62,"href":"https:\/\/www.patentattorneys.ch\/de\/wp-json\/wp\/v2\/pages\/18031\/revisions"}],"predecessor-version":[{"id":35677,"href":"https:\/\/www.patentattorneys.ch\/de\/wp-json\/wp\/v2\/pages\/18031\/revisions\/35677"}],"up":[{"embeddable":true,"href":"https:\/\/www.patentattorneys.ch\/de\/wp-json\/wp\/v2\/pages\/26502"}],"wp:attachment":[{"href":"https:\/\/www.patentattorneys.ch\/de\/wp-json\/wp\/v2\/media?parent=18031"}],"curies":[{"name":"wp","href":"https:\/\/api.w.org\/{rel}","templated":true}]}}