

{"id":18080,"date":"2016-02-24T17:13:36","date_gmt":"2016-02-24T16:13:36","guid":{"rendered":"http:\/\/www.patentattorneys.ch\/?page_id=18080"},"modified":"2025-06-04T10:38:06","modified_gmt":"2025-06-04T09:38:06","slug":"sophie-cardy","status":"publish","type":"page","link":"https:\/\/www.patentattorneys.ch\/de\/unser-team\/mitarbeiter\/sophie-cardy\/","title":{"rendered":"Sophie Cardy"},"content":{"rendered":"<div class=\"wpb-content-wrapper\"><p>[vc_row bg_color=&#8221;#6d787e&#8221; class=&#8221;display-flex&#8221;][vc_column text_color=&#8221;light&#8221; width=&#8221;1\/1&#8243;][vc_row_inner][vc_column_inner width=&#8221;1\/4&#8243;]<div class=\"single_image wpb_content_element align-left   \" data-animation=\"none\" data-delay=\"0\"><img decoding=\"async\" width=\"337\" height=\"422\" src=\"https:\/\/www.patentattorneys.ch\/wp-content\/uploads\/2020\/10\/schreyer_2003409.jpg\" class=\"attachment-full\" alt=\"Sophie Cardy\" title=\"Lieu : Neuch\u00e2tel - Suisse \/ Droits d&#039;utilisation uniquement pour P&amp;TS\" srcset=\"https:\/\/www.patentattorneys.ch\/wp-content\/uploads\/2020\/10\/schreyer_2003409.jpg 337w, https:\/\/www.patentattorneys.ch\/wp-content\/uploads\/2020\/10\/schreyer_2003409-240x300.jpg 240w\" sizes=\"(max-width: 337px) 100vw, 337px\" \/><\/div>[\/vc_column_inner][vc_column_inner width=&#8221;3\/4&#8243;][vc_column_text]<\/p>\n<h2>&#8220;J&#8217;ai \u00e0 coeur de partager avec mes clients leurs probl\u00e9matiques afin de proposer des solutions personnalis\u00e9es et adaptables, avec l&#8217;\u00e9clairage r\u00e9sultant de mon exp\u00e9rience significative de conseil en brevet fran\u00e7ais et de ma formation technique d&#8217;ing\u00e9nieur g\u00e9n\u00e9raliste.&#8221;<\/h2>\n<p>[\/vc_column_text][\/vc_column_inner][\/vc_row_inner][\/vc_column][\/vc_row][vc_row][vc_column width=&#8221;1\/1&#8243;]<style>#breadcrumb-69e22ab2b7cfc li::after { content: \"\u00bb\" }<\/style><div class=\"\"><ol class=\"wwp-vc-breadcrumbs \" id=\"breadcrumb-69e22ab2b7cfc\"><li class=\"visited\"><a href=\"\/\">Home<\/a><\/li><li class=\"visited\"><a href=\"https:\/\/www.patentattorneys.ch\/de\/unser-team\/\">{:fr}\u00c9quipe{:}{:de}Unser Team{:}{:en}Our team{:}<\/a><\/li><li class=\"visited\"><a href=\"https:\/\/www.patentattorneys.ch\/de\/unser-team\/mitarbeiter\/\">{:fr}Collaborateurs{:}{:de}Mitarbeiter{:}{:en}Employees{:}<\/a><\/li><li class=\"current\"><span>Sophie Cardy<\/span><\/li><\/ol><\/div><div class=\"spacer\" style=\"height: 40px;\"><\/div>[\/vc_column][\/vc_row][vc_row][vc_column width=&#8221;1\/4&#8243;][vc_column_text]<\/p>\n<h3>Sophie Cardy<\/h3>\n<h5>French, Swiss and European Patent Attorney<\/h5>\n<p style=\"margin-top: -15px;\">Engineer in materials science<\/p>\n<p style=\"margin-top: -15px;\">Master from CEIPI of the University of Strasbourg<\/p>\n<p>[\/vc_column_text]<div class=\"divider divider1\" style='margin:40px 0 40px 0 !important;'><\/div>[vc_column_text]<\/p>\n<p style=\"margin-top: -15px;\"><a href=\"http:\/\/www.patentattorneys.ch\/wp-content\/uploads\/2016\/05\/Sophie-Cardy-2.zip\"><i class=\"fa fa-file-text-o\"><\/i>\u00a0Vcard<\/a><\/p>\n<p style=\"margin-top: -15px;\"><a href=\"https:\/\/www.linkedin.com\/in\/sophie-cardy-788b3793\"><i class=\"fa fa-linkedin\"><\/i>\u00a0LinkedIn<\/a><\/p>\n<p>[\/vc_column_text][\/vc_column][vc_column width=&#8221;3\/4&#8243;][vc_tabs interval=&#8221;0&#8243;][vc_tab title=&#8221;Biographie&#8221; tab_id=&#8221;dab1363f-82ab-9&#8243;][vc_column_text] Sprachen: Franz\u00f6sisch, Englisch, Deutsch. [\/vc_column_text][vc_column_text] Sophie Cardy ist ein Ingenieur mit einem Abschluss vom Institut National des Sciences Appliqu\u00e9es de Lyon. W\u00e4hrend ihres Studiums spezialisierte sie sich im Bereich Materialwissenschaften. Neben ihrem Ingenieursstudium machte sie zus\u00e4tzlich einen Master in Materialwissenschaften an der Universit\u00e4t von Lyon.<\/p>\n<h6>Sie arbeitete seit \u00fcber 18 Jahren in einer der wichtigsten Pariser Kanzleien als <a href=\"http:\/\/www.microsofttranslator.com\/bv.aspx?from=fr&#038;to=de&#038;a=http%3A%2F%2Fwww.cncpi.fr%2Fsta143-43-MISSIONS-DU-CPI.htm\">zugelassener Vertreter<\/a> vor dem <a href=\"http:\/\/www.microsofttranslator.com\/bv.aspx?from=fr&#038;to=de&#038;a=http%3A%2F%2Fwww.inpi.fr%2F\">franz\u00f6sischen Patentamt (INPI)<\/a> und dem <a href=\"http:\/\/www.microsofttranslator.com\/bv.aspx?from=fr&#038;to=de&#038;a=http%3A%2F%2Fwww.epo.org%2Findex_fr.html\">Europ\u00e4ischen Patentamt (EPA)<\/a>.<\/h6>\n<p>Sie vertrat franz\u00f6sische und ausl\u00e4ndischen Kunden aller Gr\u00f6\u00dfen in verschiedenen Bereichen (Maschinenbau, Luft-und Raumfahrt, Umwelt, medizinische Ger\u00e4te&#8230;). Sie half ihren Mandanten beim Schutz von Innovationen durch den Aufbau und die Verteidigung ihres Patentportfolios bei verschiedenen Patent\u00e4mtern und\/oder nationalen Gerichte. Gleichzeitig unterst\u00fctzte sie Ihre Mandanten mit \u00dcberwachungen und Analysen von Patentrechten von Wettbewerbern.<\/p>\n<h6>Ihre Expertise reicht von Patentierbarkeits- und Freedom-to-operate-Analysen \u00fcber die Ausarbeitung von Patentanmeldungen, deren Verteidigung im Pr\u00fcfungs- und Einspruchs bis zur Durchsetzung vorprozessualer Verfahren und Rechtsstreitigkeiten vor franz\u00f6sischen Gerichten. Sie erstellte weiterhin auch Patentportfolios-Audits und Eingangsschulungen im geistigen Eigentum f\u00fcr Ingenieure.<\/h6>\n<p>2013 begann Sophie Cardy ihre T\u00e4tigkeit bei P&#038;TS und dann studierte sie <a href=\"https:\/\/www.ige.ch\/de\/weiterbildung\/unser-angebot\/lehrgang-vorbereitung-patentanwaltspruefung.html\">am Eidgen\u00f6ssischen Institut f\u00fcr geistiges Eigentum (IGE) eine Vorlesungsreihe f\u00fcr Patentanw\u00e4lte<\/a>, f\u00fcr die schweizerische Eignungspr\u00fcfung.<\/p>\n<h6>Um ihre Kenntnisse im schweizerischen IP Recht zu vertiefen Sophie verbringt ihre Freizeit haupts\u00e4chlich mit ihrer Familie, ihren Freunden und genie\u00dft die Entdeckung neuer Horizonte auf ihren Reisen.<\/h6>\n<p>Geboren 1970 in Moulins Sur Allier (Frankreich). [\/vc_column_text][\/vc_tab][\/vc_tabs][\/vc_column][\/vc_row]<\/p>\n<\/div>","protected":false},"excerpt":{"rendered":"<p>[vc_row bg_color=&#8221;#6d787e&#8221; class=&#8221;display-flex&#8221;][vc_column text_color=&#8221;light&#8221; width=&#8221;1\/1&#8243;][vc_row_inner][vc_column_inner width=&#8221;1\/4&#8243;][\/vc_column_inner][vc_column_inner width=&#8221;3\/4&#8243;][vc_column_text] &#8220;J&#8217;ai \u00e0 coeur de partager avec mes clients leurs probl\u00e9matiques afin de proposer des solutions personnalis\u00e9es et adaptables, avec l&#8217;\u00e9clairage r\u00e9sultant de mon exp\u00e9rience significative de conseil en brevet fran\u00e7ais et de ma formation technique d&#8217;ing\u00e9nieur g\u00e9n\u00e9raliste.&#8221; [\/vc_column_text][\/vc_column_inner][\/vc_row_inner][\/vc_column][\/vc_row][vc_row][vc_column width=&#8221;1\/1&#8243;][\/vc_column][\/vc_row][vc_row][vc_column width=&#8221;1\/4&#8243;][vc_column_text] Sophie Cardy French, Swiss and European Patent Attorney Engineer in materials science Master from CEIPI of the University of Strasbourg [\/vc_column_text][vc_column_text] \u00a0Vcard \u00a0LinkedIn [\/vc_column_text][\/vc_column][vc_column width=&#8221;3\/4&#8243;][vc_tabs interval=&#8221;0&#8243;][vc_tab title=&#8221;Biographie&#8221; tab_id=&#8221;dab1363f-82ab-9&#8243;][vc_column_text] Sprachen: Franz\u00f6sisch, Englisch, Deutsch. [\/vc_column_text][vc_column_text] Sophie Cardy ist ein Ingenieur mit einem Abschluss vom Institut National des Sciences Appliqu\u00e9es de Lyon. W\u00e4hrend ihres Studiums spezialisierte sie sich im Bereich Materialwissenschaften. Neben ihrem Ingenieursstudium machte sie zus\u00e4tzlich einen Master in Materialwissenschaften an der Universit\u00e4t von Lyon. Sie arbeitete seit \u00fcber 18 Jahren in einer der wichtigsten Pariser Kanzleien als zugelassener Vertreter vor dem franz\u00f6sischen Patentamt (INPI) und dem Europ\u00e4ischen Patentamt (EPA). Sie vertrat franz\u00f6sische und ausl\u00e4ndischen Kunden aller Gr\u00f6\u00dfen in verschiedenen Bereichen (Maschinenbau, Luft-und Raumfahrt, Umwelt, medizinische Ger\u00e4te&#8230;). Sie half ihren Mandanten beim Schutz von Innovationen durch den Aufbau und die Verteidigung ihres Patentportfolios bei verschiedenen Patent\u00e4mtern und\/oder nationalen Gerichte. Gleichzeitig unterst\u00fctzte sie Ihre Mandanten mit \u00dcberwachungen und Analysen von Patentrechten von Wettbewerbern. Ihre Expertise reicht [&hellip;]<\/p>\n","protected":false},"author":4,"featured_media":0,"parent":26502,"menu_order":0,"comment_status":"closed","ping_status":"closed","template":"","meta":{"footnotes":""},"translation":{"provider":"WPGlobus","version":"3.0.2","language":"de","enabled_languages":["fr","de","en","it"],"languages":{"fr":{"title":true,"content":true,"excerpt":false},"de":{"title":true,"content":true,"excerpt":false},"en":{"title":true,"content":true,"excerpt":false},"it":{"title":true,"content":false,"excerpt":false}}},"yoast_head":"<!-- This site is optimized with the Yoast SEO plugin v24.4 - https:\/\/yoast.com\/wordpress\/plugins\/seo\/ -->\n<title>Sophie Cardy - P&amp;TS AG<\/title>\n<meta name=\"robots\" content=\"index, follow, max-snippet:-1, max-image-preview:large, max-video-preview:-1\" \/>\n<link rel=\"canonical\" href=\"https:\/\/www.patentattorneys.ch\/equipe\/collaborateurs\/sophie-cardy\/\" \/>\n<meta property=\"og:locale\" content=\"de_DE\" \/>\n<meta property=\"og:type\" content=\"article\" \/>\n<meta property=\"og:title\" content=\"Sophie Cardy - P&amp;TS AG\" \/>\n<meta property=\"og:url\" content=\"https:\/\/www.patentattorneys.ch\/equipe\/collaborateurs\/sophie-cardy\/\" \/>\n<meta property=\"og:site_name\" content=\"P&amp;TS AG\" \/>\n<meta property=\"article:publisher\" content=\"https:\/\/www.facebook.com\/PTS.Ltd\/\" \/>\n<meta property=\"article:modified_time\" content=\"2025-06-04T09:38:06+00:00\" \/>\n<meta name=\"twitter:card\" content=\"summary_large_image\" \/>\n<meta name=\"twitter:site\" content=\"@PTSSA\" \/>\n<meta name=\"twitter:label1\" content=\"Est. reading time\" \/>\n\t<meta name=\"twitter:data1\" content=\"2 minutes\" \/>\n<script type=\"application\/ld+json\" class=\"yoast-schema-graph\">{\"@context\":\"https:\/\/schema.org\",\"@graph\":[{\"@type\":\"WebPage\",\"@id\":\"https:\/\/www.patentattorneys.ch\/equipe\/collaborateurs\/sophie-cardy\/\",\"url\":\"https:\/\/www.patentattorneys.ch\/equipe\/collaborateurs\/sophie-cardy\/\",\"name\":\"Sophie Cardy - P&amp;TS AG\",\"isPartOf\":{\"@id\":\"https:\/\/www.patentattorneys.ch\/de\/#website\"},\"datePublished\":\"2016-02-24T16:13:36+00:00\",\"dateModified\":\"2025-06-04T09:38:06+00:00\",\"breadcrumb\":{\"@id\":\"https:\/\/www.patentattorneys.ch\/equipe\/collaborateurs\/sophie-cardy\/#breadcrumb\"},\"inLanguage\":\"de-DE\",\"potentialAction\":[{\"@type\":\"ReadAction\",\"target\":[\"https:\/\/www.patentattorneys.ch\/equipe\/collaborateurs\/sophie-cardy\/\"]}]},{\"@type\":\"BreadcrumbList\",\"@id\":\"https:\/\/www.patentattorneys.ch\/equipe\/collaborateurs\/sophie-cardy\/#breadcrumb\",\"itemListElement\":[{\"@type\":\"ListItem\",\"position\":1,\"name\":\"Accueil\",\"item\":\"https:\/\/www.patentattorneys.ch\/\"},{\"@type\":\"ListItem\",\"position\":2,\"name\":\"Our team\",\"item\":\"https:\/\/www.patentattorneys.ch\/equipe\/\"},{\"@type\":\"ListItem\",\"position\":3,\"name\":\"Collaborateurs\",\"item\":\"https:\/\/www.patentattorneys.ch\/equipe\/collaborateurs\/\"},{\"@type\":\"ListItem\",\"position\":4,\"name\":\"Sophie Cardy\"}]},{\"@type\":\"WebSite\",\"@id\":\"https:\/\/www.patentattorneys.ch\/de\/#website\",\"url\":\"https:\/\/www.patentattorneys.ch\/de\/\",\"name\":\"P&amp;TS AG\",\"description\":\"Patentanw\u00e4lte\",\"publisher\":{\"@id\":\"https:\/\/www.patentattorneys.ch\/de\/#organization\"},\"potentialAction\":[{\"@type\":\"SearchAction\",\"target\":{\"@type\":\"EntryPoint\",\"urlTemplate\":\"https:\/\/www.patentattorneys.ch\/de\/?s={search_term_string}\"},\"query-input\":{\"@type\":\"PropertyValueSpecification\",\"valueRequired\":true,\"valueName\":\"search_term_string\"}}],\"inLanguage\":\"de-DE\"},{\"@type\":\"Organization\",\"@id\":\"https:\/\/www.patentattorneys.ch\/de\/#organization\",\"name\":\"P&TS SA\",\"url\":\"https:\/\/www.patentattorneys.ch\/de\/\",\"logo\":{\"@type\":\"ImageObject\",\"inLanguage\":\"de-DE\",\"@id\":\"https:\/\/www.patentattorneys.ch\/de\/#\/schema\/logo\/image\/\",\"url\":\"https:\/\/www.patentattorneys.ch\/wp-content\/uploads\/2016\/01\/PTS_Icon.jpg\",\"contentUrl\":\"https:\/\/www.patentattorneys.ch\/wp-content\/uploads\/2016\/01\/PTS_Icon.jpg\",\"width\":512,\"height\":512,\"caption\":\"P&TS SA\"},\"image\":{\"@id\":\"https:\/\/www.patentattorneys.ch\/de\/#\/schema\/logo\/image\/\"},\"sameAs\":[\"https:\/\/www.facebook.com\/PTS.Ltd\/\",\"https:\/\/x.com\/PTSSA\",\"https:\/\/www.linkedin.com\/company\/p&ts-sa\"]}]}<\/script>\n<!-- \/ Yoast SEO plugin. -->","yoast_head_json":{"title":"Sophie Cardy - P&amp;TS AG","robots":{"index":"index","follow":"follow","max-snippet":"max-snippet:-1","max-image-preview":"max-image-preview:large","max-video-preview":"max-video-preview:-1"},"canonical":"https:\/\/www.patentattorneys.ch\/equipe\/collaborateurs\/sophie-cardy\/","og_locale":"de_DE","og_type":"article","og_title":"Sophie Cardy - P&amp;TS AG","og_url":"https:\/\/www.patentattorneys.ch\/equipe\/collaborateurs\/sophie-cardy\/","og_site_name":"P&amp;TS AG","article_publisher":"https:\/\/www.facebook.com\/PTS.Ltd\/","article_modified_time":"2025-06-04T09:38:06+00:00","twitter_card":"summary_large_image","twitter_site":"@PTSSA","twitter_misc":{"Est. reading time":"2 minutes"},"schema":{"@context":"https:\/\/schema.org","@graph":[{"@type":"WebPage","@id":"https:\/\/www.patentattorneys.ch\/equipe\/collaborateurs\/sophie-cardy\/","url":"https:\/\/www.patentattorneys.ch\/equipe\/collaborateurs\/sophie-cardy\/","name":"Sophie Cardy - P&amp;TS AG","isPartOf":{"@id":"https:\/\/www.patentattorneys.ch\/de\/#website"},"datePublished":"2016-02-24T16:13:36+00:00","dateModified":"2025-06-04T09:38:06+00:00","breadcrumb":{"@id":"https:\/\/www.patentattorneys.ch\/equipe\/collaborateurs\/sophie-cardy\/#breadcrumb"},"inLanguage":"de-DE","potentialAction":[{"@type":"ReadAction","target":["https:\/\/www.patentattorneys.ch\/equipe\/collaborateurs\/sophie-cardy\/"]}]},{"@type":"BreadcrumbList","@id":"https:\/\/www.patentattorneys.ch\/equipe\/collaborateurs\/sophie-cardy\/#breadcrumb","itemListElement":[{"@type":"ListItem","position":1,"name":"Accueil","item":"https:\/\/www.patentattorneys.ch\/"},{"@type":"ListItem","position":2,"name":"Our team","item":"https:\/\/www.patentattorneys.ch\/equipe\/"},{"@type":"ListItem","position":3,"name":"Collaborateurs","item":"https:\/\/www.patentattorneys.ch\/equipe\/collaborateurs\/"},{"@type":"ListItem","position":4,"name":"Sophie Cardy"}]},{"@type":"WebSite","@id":"https:\/\/www.patentattorneys.ch\/de\/#website","url":"https:\/\/www.patentattorneys.ch\/de\/","name":"P&amp;TS AG","description":"Patentanw\u00e4lte","publisher":{"@id":"https:\/\/www.patentattorneys.ch\/de\/#organization"},"potentialAction":[{"@type":"SearchAction","target":{"@type":"EntryPoint","urlTemplate":"https:\/\/www.patentattorneys.ch\/de\/?s={search_term_string}"},"query-input":{"@type":"PropertyValueSpecification","valueRequired":true,"valueName":"search_term_string"}}],"inLanguage":"de-DE"},{"@type":"Organization","@id":"https:\/\/www.patentattorneys.ch\/de\/#organization","name":"P&TS SA","url":"https:\/\/www.patentattorneys.ch\/de\/","logo":{"@type":"ImageObject","inLanguage":"de-DE","@id":"https:\/\/www.patentattorneys.ch\/de\/#\/schema\/logo\/image\/","url":"https:\/\/www.patentattorneys.ch\/wp-content\/uploads\/2016\/01\/PTS_Icon.jpg","contentUrl":"https:\/\/www.patentattorneys.ch\/wp-content\/uploads\/2016\/01\/PTS_Icon.jpg","width":512,"height":512,"caption":"P&TS SA"},"image":{"@id":"https:\/\/www.patentattorneys.ch\/de\/#\/schema\/logo\/image\/"},"sameAs":["https:\/\/www.facebook.com\/PTS.Ltd\/","https:\/\/x.com\/PTSSA","https:\/\/www.linkedin.com\/company\/p&ts-sa"]}]}},"_links":{"self":[{"href":"https:\/\/www.patentattorneys.ch\/de\/wp-json\/wp\/v2\/pages\/18080"}],"collection":[{"href":"https:\/\/www.patentattorneys.ch\/de\/wp-json\/wp\/v2\/pages"}],"about":[{"href":"https:\/\/www.patentattorneys.ch\/de\/wp-json\/wp\/v2\/types\/page"}],"author":[{"embeddable":true,"href":"https:\/\/www.patentattorneys.ch\/de\/wp-json\/wp\/v2\/users\/4"}],"replies":[{"embeddable":true,"href":"https:\/\/www.patentattorneys.ch\/de\/wp-json\/wp\/v2\/comments?post=18080"}],"version-history":[{"count":52,"href":"https:\/\/www.patentattorneys.ch\/de\/wp-json\/wp\/v2\/pages\/18080\/revisions"}],"predecessor-version":[{"id":34687,"href":"https:\/\/www.patentattorneys.ch\/de\/wp-json\/wp\/v2\/pages\/18080\/revisions\/34687"}],"up":[{"embeddable":true,"href":"https:\/\/www.patentattorneys.ch\/de\/wp-json\/wp\/v2\/pages\/26502"}],"wp:attachment":[{"href":"https:\/\/www.patentattorneys.ch\/de\/wp-json\/wp\/v2\/media?parent=18080"}],"curies":[{"name":"wp","href":"https:\/\/api.w.org\/{rel}","templated":true}]}}