

{"id":18102,"date":"2016-02-24T18:19:06","date_gmt":"2016-02-24T17:19:06","guid":{"rendered":"http:\/\/www.patentattorneys.ch\/?page_id=18102"},"modified":"2024-11-12T09:32:46","modified_gmt":"2024-11-12T08:32:46","slug":"pascal-koster","status":"publish","type":"page","link":"https:\/\/www.patentattorneys.ch\/de\/unser-team\/mitarbeiter\/pascal-koster\/","title":{"rendered":"Pascal Koster"},"content":{"rendered":"<div class=\"wpb-content-wrapper\"><p>[vc_row bg_color=&#8221;#6d787e&#8221; class=&#8221;display-flex&#8221;][vc_column text_color=&#8221;light&#8221; width=&#8221;1\/1&#8243;][vc_row_inner][vc_column_inner width=&#8221;1\/4&#8243;]<div class=\"single_image wpb_content_element align-left   \" data-animation=\"none\" data-delay=\"0\"><img decoding=\"async\" width=\"337\" height=\"422\" src=\"https:\/\/www.patentattorneys.ch\/wp-content\/uploads\/2020\/10\/schreyer_2003267.jpg\" class=\"attachment-full\" alt=\"Pascal Koster\" title=\"Lieu : Neuch\u00e2tel - Suisse \/ Droits d&#039;utilisation uniquement pour P&amp;TS\" srcset=\"https:\/\/www.patentattorneys.ch\/wp-content\/uploads\/2020\/10\/schreyer_2003267.jpg 337w, https:\/\/www.patentattorneys.ch\/wp-content\/uploads\/2020\/10\/schreyer_2003267-240x300.jpg 240w\" sizes=\"(max-width: 337px) 100vw, 337px\" \/><\/div>[\/vc_column_inner][vc_column_inner width=&#8221;3\/4&#8243;][vc_column_text]<\/p>\n<h2>&#8220;Il est important de confier vos marques \u00e0 une personne disposant d&#8217;une formation juridique compl\u00e8te et d&#8217;une grande exp\u00e9rience dans le domaine de la PI.&#8221;<\/h2>\n<p>[\/vc_column_text][\/vc_column_inner][\/vc_row_inner][\/vc_column][\/vc_row][vc_row][vc_column width=&#8221;1\/1&#8243;]<style>#breadcrumb-69e240e4164d3 li::after { content: \"\u00bb\" }<\/style><div class=\"\"><ol class=\"wwp-vc-breadcrumbs \" id=\"breadcrumb-69e240e4164d3\"><li class=\"visited\"><a href=\"\/\">Home<\/a><\/li><li class=\"visited\"><a href=\"https:\/\/www.patentattorneys.ch\/de\/unser-team\/\">{:fr}\u00c9quipe{:}{:de}Unser Team{:}{:en}Our team{:}<\/a><\/li><li class=\"visited\"><a href=\"https:\/\/www.patentattorneys.ch\/de\/unser-team\/mitarbeiter\/\">{:fr}Collaborateurs{:}{:de}Mitarbeiter{:}{:en}Employees{:}<\/a><\/li><li class=\"current\"><span>Pascal Koster<\/span><\/li><\/ol><\/div><div class=\"spacer\" style=\"height: 40px;\"><\/div>[\/vc_column][\/vc_row][vc_row][vc_column width=&#8221;1\/4&#8243;][vc_column_text]<\/p>\n<h3>Pascal Koster<\/h3>\n<h5>CEO of P&amp;TS Marques SA<\/h5>\n<h5 style=\"margin-top: -15px;\">Trademark Attorney ASPTA<\/h5>\n<p style=\"margin-top: -15px;\">Attorney-at-law<\/p>\n<p>[\/vc_column_text]<div class=\"divider divider1\" style='margin:40px 0 40px 0 !important;'><\/div>[vc_column_text]<\/p>\n<h5>Affiliations<\/h5>\n<p style=\"margin-top: -15px;\">VSP<\/p>\n<p style=\"margin-top: -15px;\">INTA<\/p>\n<p style=\"margin-top: -15px;\">AIPPI<\/p>\n<p style=\"margin-top: -15px;\">INGRES<\/p>\n<p style=\"margin-top: -15px;\">CEDIDAC<\/p>\n<p>[\/vc_column_text]<div class=\"divider divider1\" style='margin:40px 0 40px 0 !important;'><\/div>[vc_column_text]<a href=\"ma&#105;&#x6c;&#x74;&#x6f;:ko&#115;&#x74;&#x65;&#x72;&#64;p&#97;&#116;&#x65;&#x6e;&#x74;at&#116;&#x6f;&#x72;&#x6e;eys&#46;&#x63;&#x68;\"><i class=\"fa fa-envelope-o\"><\/i>\u00a0E-mail<\/a><\/p>\n<p style=\"margin-top: -15px;\"><a href=\"http:\/\/www.patentattorneys.ch\/wp-content\/uploads\/2016\/05\/Pascal-Koster-2.zip\"><i class=\"fa fa-file-text-o\"><\/i>\u00a0Vcard<\/a><\/p>\n<p style=\"margin-top: -15px;\"><a href=\"https:\/\/www.linkedin.com\/in\/pascal-koster-291382\/\"><i class=\"fa fa-linkedin\"><\/i>\u00a0LinkedIn<\/a><\/p>\n<p>[\/vc_column_text][\/vc_column][vc_column width=&#8221;3\/4&#8243;][vc_tabs interval=&#8221;0&#8243;][vc_tab title=&#8221;Biographie&#8221; tab_id=&#8221;dab1363f-82ab-9&#8243;][vc_column_text] Sprachen: Franz\u00f6sisch, Deutsch, Englisch. [\/vc_column_text][vc_column_text] Pascal Koster hat sein Studium der Rechtswissenschaften an der Universit\u00e4t Bern als F\u00fcrsprecher abgeschlossen. Es folgte eine mehrj\u00e4hrige T\u00e4tigkeit im Eidgen\u00f6ssischen Institut f\u00fcr Geistigen Eigentum in den Rechtsdiensten Patente, Internationale Angelegenheiten und Urheberrecht und schliesslich in der Markenabteilung, wo er als Markenpr\u00fcfer gearbeitet hat. Danach trat Pascal Koster als Markenanwalt in die Markenabteilung einer gr\u00f6sseren Patentanwaltskanzlei in Bern ein, bevor er im Jahre 1999 die Firma Koster &amp; Partner AG gr\u00fcndete, deren Gesch\u00e4ftsf\u00fchrer er ist. In 2004, \u00e4ndert die Firma Koster &amp; Partner AG ihren Namen in P&amp;TS Marques SA. Seither betreut er die Marken zahlreicher Firmen im In- und Ausland und ber\u00e4t seine Klienten im Immaterialg\u00fcterrecht und verwandten Rechtsgebieten, insbesondere was Marken- und Designschutz und Konflikte mit Domain Names betrifft.<\/p>\n<h6>Pascal Koster ist Mitglied mehrerer schweizerischer und internationaler Verb\u00e4nde im Immaterialg\u00fcterrecht, wie der VSP (Verband Schweizerischer Patent- und Markenanw\u00e4lte), der AIPPI (Internationale Vereinigung f\u00fcr den Schutz des geistigen Eigentums), der INTA (International Trademark Association) und der LES (Licensing Executives Society). Dies erlaubt ihm, sein grosses internationales Beziehungsnetz durch pers\u00f6nliche Kontakte zu vertiefen und auszubauen.<\/h6>\n<p>Pascal geniesst es, gute B\u00fccher zu lesen und Kunstausstellungen zu besuchen. Er joggt gerne, f\u00e4hrt Mountain Bike und flitzt gerne verschneite Bergh\u00e4nge auf seinen Skis oder auf seinem Snowboard hinunter.<\/p>\n<h6>Geb.1961 in Luxemburg.<\/h6>\n<p>[\/vc_column_text][\/vc_tab][vc_tab title=&#8221;Publications&#8221; tab_id=&#8221;1456117331087-2-6&#8243;][vc_column_text]<a href=\"https:\/\/www.epflpress.org\/produit\/28\/9782880746667\/brevets-design\">Brevets et Design : Le guide<\/a>, <span class=\"field-text\">PPUR, Lausanne, 20.12.2005<\/span>[\/vc_column_text][\/vc_tab][\/vc_tabs][\/vc_column][\/vc_row]<\/p>\n<\/div>","protected":false},"excerpt":{"rendered":"<p>[vc_row bg_color=&#8221;#6d787e&#8221; class=&#8221;display-flex&#8221;][vc_column text_color=&#8221;light&#8221; width=&#8221;1\/1&#8243;][vc_row_inner][vc_column_inner width=&#8221;1\/4&#8243;][\/vc_column_inner][vc_column_inner width=&#8221;3\/4&#8243;][vc_column_text] &#8220;Il est important de confier vos marques \u00e0 une personne disposant d&#8217;une formation juridique compl\u00e8te et d&#8217;une grande exp\u00e9rience dans le domaine de la PI.&#8221; [\/vc_column_text][\/vc_column_inner][\/vc_row_inner][\/vc_column][\/vc_row][vc_row][vc_column width=&#8221;1\/1&#8243;][\/vc_column][\/vc_row][vc_row][vc_column width=&#8221;1\/4&#8243;][vc_column_text] Pascal Koster CEO of P&amp;TS Marques SA Trademark Attorney ASPTA Attorney-at-law [\/vc_column_text][vc_column_text] Affiliations VSP INTA AIPPI INGRES CEDIDAC [\/vc_column_text][vc_column_text]\u00a0E-mail \u00a0Vcard \u00a0LinkedIn [\/vc_column_text][\/vc_column][vc_column width=&#8221;3\/4&#8243;][vc_tabs interval=&#8221;0&#8243;][vc_tab title=&#8221;Biographie&#8221; tab_id=&#8221;dab1363f-82ab-9&#8243;][vc_column_text] Sprachen: Franz\u00f6sisch, Deutsch, Englisch. [\/vc_column_text][vc_column_text] Pascal Koster hat sein Studium der Rechtswissenschaften an der Universit\u00e4t Bern als F\u00fcrsprecher abgeschlossen. Es folgte eine mehrj\u00e4hrige T\u00e4tigkeit im Eidgen\u00f6ssischen Institut f\u00fcr Geistigen Eigentum in den Rechtsdiensten Patente, Internationale Angelegenheiten und Urheberrecht und schliesslich in der Markenabteilung, wo er als Markenpr\u00fcfer gearbeitet hat. Danach trat Pascal Koster als Markenanwalt in die Markenabteilung einer gr\u00f6sseren Patentanwaltskanzlei in Bern ein, bevor er im Jahre 1999 die Firma Koster &amp; Partner AG gr\u00fcndete, deren Gesch\u00e4ftsf\u00fchrer er ist. In 2004, \u00e4ndert die Firma Koster &amp; Partner AG ihren Namen in P&amp;TS Marques SA. Seither betreut er die Marken zahlreicher Firmen im In- und Ausland und ber\u00e4t seine Klienten im Immaterialg\u00fcterrecht und verwandten Rechtsgebieten, insbesondere was Marken- und Designschutz und Konflikte mit Domain Names betrifft. Pascal Koster ist Mitglied mehrerer schweizerischer und internationaler Verb\u00e4nde im Immaterialg\u00fcterrecht, wie der [&hellip;]<\/p>\n","protected":false},"author":4,"featured_media":0,"parent":26502,"menu_order":0,"comment_status":"closed","ping_status":"closed","template":"","meta":{"footnotes":""},"translation":{"provider":"WPGlobus","version":"3.0.2","language":"de","enabled_languages":["fr","de","en","it"],"languages":{"fr":{"title":true,"content":true,"excerpt":false},"de":{"title":true,"content":true,"excerpt":false},"en":{"title":true,"content":true,"excerpt":false},"it":{"title":true,"content":false,"excerpt":false}}},"yoast_head":"<!-- This site is optimized with the Yoast SEO plugin v24.4 - https:\/\/yoast.com\/wordpress\/plugins\/seo\/ -->\n<title>Pascal Koster - P&amp;TS AG<\/title>\n<meta name=\"robots\" content=\"index, follow, max-snippet:-1, max-image-preview:large, max-video-preview:-1\" \/>\n<link rel=\"canonical\" href=\"https:\/\/www.patentattorneys.ch\/equipe\/collaborateurs\/pascal-koster\/\" \/>\n<meta property=\"og:locale\" content=\"de_DE\" \/>\n<meta property=\"og:type\" content=\"article\" \/>\n<meta property=\"og:title\" content=\"Pascal Koster - P&amp;TS AG\" \/>\n<meta property=\"og:url\" content=\"https:\/\/www.patentattorneys.ch\/equipe\/collaborateurs\/pascal-koster\/\" \/>\n<meta property=\"og:site_name\" content=\"P&amp;TS AG\" \/>\n<meta property=\"article:publisher\" content=\"https:\/\/www.facebook.com\/PTS.Ltd\/\" \/>\n<meta property=\"article:modified_time\" content=\"2024-11-12T08:32:46+00:00\" \/>\n<meta name=\"twitter:card\" content=\"summary_large_image\" \/>\n<meta name=\"twitter:site\" content=\"@PTSSA\" \/>\n<meta name=\"twitter:label1\" content=\"Est. reading time\" \/>\n\t<meta name=\"twitter:data1\" content=\"2 minutes\" \/>\n<script type=\"application\/ld+json\" class=\"yoast-schema-graph\">{\"@context\":\"https:\/\/schema.org\",\"@graph\":[{\"@type\":\"WebPage\",\"@id\":\"https:\/\/www.patentattorneys.ch\/equipe\/collaborateurs\/pascal-koster\/\",\"url\":\"https:\/\/www.patentattorneys.ch\/equipe\/collaborateurs\/pascal-koster\/\",\"name\":\"Pascal Koster - P&amp;TS AG\",\"isPartOf\":{\"@id\":\"https:\/\/www.patentattorneys.ch\/de\/#website\"},\"datePublished\":\"2016-02-24T17:19:06+00:00\",\"dateModified\":\"2024-11-12T08:32:46+00:00\",\"breadcrumb\":{\"@id\":\"https:\/\/www.patentattorneys.ch\/equipe\/collaborateurs\/pascal-koster\/#breadcrumb\"},\"inLanguage\":\"de-DE\",\"potentialAction\":[{\"@type\":\"ReadAction\",\"target\":[\"https:\/\/www.patentattorneys.ch\/equipe\/collaborateurs\/pascal-koster\/\"]}]},{\"@type\":\"BreadcrumbList\",\"@id\":\"https:\/\/www.patentattorneys.ch\/equipe\/collaborateurs\/pascal-koster\/#breadcrumb\",\"itemListElement\":[{\"@type\":\"ListItem\",\"position\":1,\"name\":\"Accueil\",\"item\":\"https:\/\/www.patentattorneys.ch\/\"},{\"@type\":\"ListItem\",\"position\":2,\"name\":\"Our team\",\"item\":\"https:\/\/www.patentattorneys.ch\/equipe\/\"},{\"@type\":\"ListItem\",\"position\":3,\"name\":\"Collaborateurs\",\"item\":\"https:\/\/www.patentattorneys.ch\/equipe\/collaborateurs\/\"},{\"@type\":\"ListItem\",\"position\":4,\"name\":\"Pascal Koster\"}]},{\"@type\":\"WebSite\",\"@id\":\"https:\/\/www.patentattorneys.ch\/de\/#website\",\"url\":\"https:\/\/www.patentattorneys.ch\/de\/\",\"name\":\"P&amp;TS AG\",\"description\":\"Patentanw\u00e4lte\",\"publisher\":{\"@id\":\"https:\/\/www.patentattorneys.ch\/de\/#organization\"},\"potentialAction\":[{\"@type\":\"SearchAction\",\"target\":{\"@type\":\"EntryPoint\",\"urlTemplate\":\"https:\/\/www.patentattorneys.ch\/de\/?s={search_term_string}\"},\"query-input\":{\"@type\":\"PropertyValueSpecification\",\"valueRequired\":true,\"valueName\":\"search_term_string\"}}],\"inLanguage\":\"de-DE\"},{\"@type\":\"Organization\",\"@id\":\"https:\/\/www.patentattorneys.ch\/de\/#organization\",\"name\":\"P&TS SA\",\"url\":\"https:\/\/www.patentattorneys.ch\/de\/\",\"logo\":{\"@type\":\"ImageObject\",\"inLanguage\":\"de-DE\",\"@id\":\"https:\/\/www.patentattorneys.ch\/de\/#\/schema\/logo\/image\/\",\"url\":\"https:\/\/www.patentattorneys.ch\/wp-content\/uploads\/2016\/01\/PTS_Icon.jpg\",\"contentUrl\":\"https:\/\/www.patentattorneys.ch\/wp-content\/uploads\/2016\/01\/PTS_Icon.jpg\",\"width\":512,\"height\":512,\"caption\":\"P&TS SA\"},\"image\":{\"@id\":\"https:\/\/www.patentattorneys.ch\/de\/#\/schema\/logo\/image\/\"},\"sameAs\":[\"https:\/\/www.facebook.com\/PTS.Ltd\/\",\"https:\/\/x.com\/PTSSA\",\"https:\/\/www.linkedin.com\/company\/p&ts-sa\"]}]}<\/script>\n<!-- \/ Yoast SEO plugin. -->","yoast_head_json":{"title":"Pascal Koster - P&amp;TS AG","robots":{"index":"index","follow":"follow","max-snippet":"max-snippet:-1","max-image-preview":"max-image-preview:large","max-video-preview":"max-video-preview:-1"},"canonical":"https:\/\/www.patentattorneys.ch\/equipe\/collaborateurs\/pascal-koster\/","og_locale":"de_DE","og_type":"article","og_title":"Pascal Koster - P&amp;TS AG","og_url":"https:\/\/www.patentattorneys.ch\/equipe\/collaborateurs\/pascal-koster\/","og_site_name":"P&amp;TS AG","article_publisher":"https:\/\/www.facebook.com\/PTS.Ltd\/","article_modified_time":"2024-11-12T08:32:46+00:00","twitter_card":"summary_large_image","twitter_site":"@PTSSA","twitter_misc":{"Est. reading time":"2 minutes"},"schema":{"@context":"https:\/\/schema.org","@graph":[{"@type":"WebPage","@id":"https:\/\/www.patentattorneys.ch\/equipe\/collaborateurs\/pascal-koster\/","url":"https:\/\/www.patentattorneys.ch\/equipe\/collaborateurs\/pascal-koster\/","name":"Pascal Koster - P&amp;TS AG","isPartOf":{"@id":"https:\/\/www.patentattorneys.ch\/de\/#website"},"datePublished":"2016-02-24T17:19:06+00:00","dateModified":"2024-11-12T08:32:46+00:00","breadcrumb":{"@id":"https:\/\/www.patentattorneys.ch\/equipe\/collaborateurs\/pascal-koster\/#breadcrumb"},"inLanguage":"de-DE","potentialAction":[{"@type":"ReadAction","target":["https:\/\/www.patentattorneys.ch\/equipe\/collaborateurs\/pascal-koster\/"]}]},{"@type":"BreadcrumbList","@id":"https:\/\/www.patentattorneys.ch\/equipe\/collaborateurs\/pascal-koster\/#breadcrumb","itemListElement":[{"@type":"ListItem","position":1,"name":"Accueil","item":"https:\/\/www.patentattorneys.ch\/"},{"@type":"ListItem","position":2,"name":"Our team","item":"https:\/\/www.patentattorneys.ch\/equipe\/"},{"@type":"ListItem","position":3,"name":"Collaborateurs","item":"https:\/\/www.patentattorneys.ch\/equipe\/collaborateurs\/"},{"@type":"ListItem","position":4,"name":"Pascal Koster"}]},{"@type":"WebSite","@id":"https:\/\/www.patentattorneys.ch\/de\/#website","url":"https:\/\/www.patentattorneys.ch\/de\/","name":"P&amp;TS AG","description":"Patentanw\u00e4lte","publisher":{"@id":"https:\/\/www.patentattorneys.ch\/de\/#organization"},"potentialAction":[{"@type":"SearchAction","target":{"@type":"EntryPoint","urlTemplate":"https:\/\/www.patentattorneys.ch\/de\/?s={search_term_string}"},"query-input":{"@type":"PropertyValueSpecification","valueRequired":true,"valueName":"search_term_string"}}],"inLanguage":"de-DE"},{"@type":"Organization","@id":"https:\/\/www.patentattorneys.ch\/de\/#organization","name":"P&TS SA","url":"https:\/\/www.patentattorneys.ch\/de\/","logo":{"@type":"ImageObject","inLanguage":"de-DE","@id":"https:\/\/www.patentattorneys.ch\/de\/#\/schema\/logo\/image\/","url":"https:\/\/www.patentattorneys.ch\/wp-content\/uploads\/2016\/01\/PTS_Icon.jpg","contentUrl":"https:\/\/www.patentattorneys.ch\/wp-content\/uploads\/2016\/01\/PTS_Icon.jpg","width":512,"height":512,"caption":"P&TS SA"},"image":{"@id":"https:\/\/www.patentattorneys.ch\/de\/#\/schema\/logo\/image\/"},"sameAs":["https:\/\/www.facebook.com\/PTS.Ltd\/","https:\/\/x.com\/PTSSA","https:\/\/www.linkedin.com\/company\/p&ts-sa"]}]}},"_links":{"self":[{"href":"https:\/\/www.patentattorneys.ch\/de\/wp-json\/wp\/v2\/pages\/18102"}],"collection":[{"href":"https:\/\/www.patentattorneys.ch\/de\/wp-json\/wp\/v2\/pages"}],"about":[{"href":"https:\/\/www.patentattorneys.ch\/de\/wp-json\/wp\/v2\/types\/page"}],"author":[{"embeddable":true,"href":"https:\/\/www.patentattorneys.ch\/de\/wp-json\/wp\/v2\/users\/4"}],"replies":[{"embeddable":true,"href":"https:\/\/www.patentattorneys.ch\/de\/wp-json\/wp\/v2\/comments?post=18102"}],"version-history":[{"count":49,"href":"https:\/\/www.patentattorneys.ch\/de\/wp-json\/wp\/v2\/pages\/18102\/revisions"}],"predecessor-version":[{"id":34250,"href":"https:\/\/www.patentattorneys.ch\/de\/wp-json\/wp\/v2\/pages\/18102\/revisions\/34250"}],"up":[{"embeddable":true,"href":"https:\/\/www.patentattorneys.ch\/de\/wp-json\/wp\/v2\/pages\/26502"}],"wp:attachment":[{"href":"https:\/\/www.patentattorneys.ch\/de\/wp-json\/wp\/v2\/media?parent=18102"}],"curies":[{"name":"wp","href":"https:\/\/api.w.org\/{rel}","templated":true}]}}