

{"id":18117,"date":"2016-02-24T18:47:47","date_gmt":"2016-02-24T17:47:47","guid":{"rendered":"http:\/\/www.patentattorneys.ch\/?page_id=18117"},"modified":"2026-04-07T14:17:33","modified_gmt":"2026-04-07T13:17:33","slug":"anne-isabelle-ney","status":"publish","type":"page","link":"https:\/\/www.patentattorneys.ch\/de\/unser-team\/mitarbeiter\/anne-isabelle-ney\/","title":{"rendered":"Anne-Isabelle Ney"},"content":{"rendered":"<div class=\"wpb-content-wrapper\"><p>[vc_row bg_color=&#8221;#6d787e&#8221; class=&#8221;display-flex&#8221;][vc_column text_color=&#8221;light&#8221; width=&#8221;1\/1&#8243;][vc_row_inner][vc_column_inner width=&#8221;1\/4&#8243;]<div class=\"single_image wpb_content_element align-left   \" data-animation=\"none\" data-delay=\"0\"><img decoding=\"async\" width=\"337\" height=\"422\" src=\"https:\/\/www.patentattorneys.ch\/wp-content\/uploads\/2020\/12\/anne-isabelle-ney-working.jpg\" class=\"attachment-full\" alt=\"\" title=\"anne-isabelle-ney-working\" srcset=\"https:\/\/www.patentattorneys.ch\/wp-content\/uploads\/2020\/12\/anne-isabelle-ney-working.jpg 337w, https:\/\/www.patentattorneys.ch\/wp-content\/uploads\/2020\/12\/anne-isabelle-ney-working-240x300.jpg 240w\" sizes=\"(max-width: 337px) 100vw, 337px\" \/><\/div>[\/vc_column_inner][\/vc_row_inner][\/vc_column][\/vc_row][vc_row][vc_column width=&#8221;1\/1&#8243;]<style>#breadcrumb-69da2ecb8abb6 li::after { content: \"\u00bb\" }<\/style><div class=\"\"><ol class=\"wwp-vc-breadcrumbs \" id=\"breadcrumb-69da2ecb8abb6\"><li class=\"visited\"><a href=\"\/\">Home<\/a><\/li><li class=\"visited\"><a href=\"https:\/\/www.patentattorneys.ch\/de\/unser-team\/\">{:fr}\u00c9quipe{:}{:de}Unser Team{:}{:en}Our team{:}<\/a><\/li><li class=\"visited\"><a href=\"https:\/\/www.patentattorneys.ch\/de\/unser-team\/mitarbeiter\/\">{:fr}Collaborateurs{:}{:de}Mitarbeiter{:}{:en}Employees{:}<\/a><\/li><li class=\"current\"><span>Anne-Isabelle Ney<\/span><\/li><\/ol><\/div><div class=\"spacer\" style=\"height: 40px;\"><\/div>[\/vc_column][\/vc_row][vc_row][vc_column width=&#8221;1\/4&#8243;][vc_column_text]<\/p>\n<h3>Anne-Isabelle Ney<\/h3>\n<h5>Trademark, Patent, Design Formalities Officer<\/h5>\n<h5>Certified CAS IP Paralegal\u00a0 (ZHAW)<\/h5>\n<p>[\/vc_column_text]<div class=\"divider divider1\" style='margin:40px 0 40px 0 !important;'><\/div>[\/vc_column][vc_column width=&#8221;3\/4&#8243;][vc_tabs interval=&#8221;0&#8243;][vc_tab title=&#8221;Biographie&#8221; tab_id=&#8221;dab1363f-82ab-9&#8243;][vc_column_text]<\/p>\n<p>Sprachen: Franz\u00f6sisch, Englisch<\/p>\n<p>[\/vc_column_text]<div class=\"spacer\" style=\"height: 25px;\"><\/div>[vc_column_text]Nach der Matura und einem Diplom als Exekutivsekret\u00e4rin war Anne-Isabelle ein Jahr lang in einer Import-Export Gesellschaft besch\u00e4ftigt, bevor sie ihre Englischkenntnisse in London vertiefte.<\/p>\n<p>Zur\u00fcck in der Schweiz hat Sie 8 Jahre f\u00fcr zwei Privatbanken in Genf gearbeitet. Danach Neuausrichtung ihres T\u00e4tigkeitsgebiet in einer Anwaltskanzlei in Genf, wo sie 9 Jahre lang die Markenportfolios von schweizerischen und ausl\u00e4ndischen Kunden verwaltete.<\/p>\n<p>Seit Juli 2009 ist Anne-Isabelle bei P&amp;TS f\u00fcr Patente, Designs f\u00fcr Marken zust\u00e4ndig.<\/p>\n<p>Im Bestreben, ihre Kompetenzen kontinuierlich weiterzuentwickeln, erwarb sie 2018 das Zertifikat als Personalassistentin (<a href=\"https:\/\/www.hrse.ch\/fr\">certification d\u2019HRSE Human Ressources Swiss Exams<\/a>). Sie setzt ihre Weiterbildung fort und erwirbt 2020 die CAS-IP-Paralegal-Zertifizierung an der ZHAW School of Management and Law (<a href=\"https:\/\/www.zhaw.ch\/en\/sml\/about-us\">About Us | ZHAW School of Management and Law<\/a>), sowie 2024 die EPAC-Zertifizierung (<a href=\"https:\/\/www.epo.org\/en\/learning\/eqe-epac\/epac-european-patent-administration-certification\">EPAC &#8211; European patent administration certification | epo.org<\/a>).<\/p>\n<p>Anne-Isabelle sch\u00e4tzt besonders die Umgebung von Neuenburg, reist aber auch gerne in der Schweiz und im Ausland. Sie praktiziert Tauchen im See und Meer, Schwimmen und Skifahren. Zu ihren weiteren Hobbys geh\u00f6ren Lesen und Fernsehdokumentarfilme.<\/p>\n<h6>Geboren in 1968 in Z\u00fcrich (Schweiz).<\/h6>\n<p>[\/vc_column_text][\/vc_tab][\/vc_tabs][\/vc_column][\/vc_row]<\/p>\n<\/div>","protected":false},"excerpt":{"rendered":"<p>[vc_row bg_color=&#8221;#6d787e&#8221; class=&#8221;display-flex&#8221;][vc_column text_color=&#8221;light&#8221; width=&#8221;1\/1&#8243;][vc_row_inner][vc_column_inner width=&#8221;1\/4&#8243;][\/vc_column_inner][\/vc_row_inner][\/vc_column][\/vc_row][vc_row][vc_column width=&#8221;1\/1&#8243;][\/vc_column][\/vc_row][vc_row][vc_column width=&#8221;1\/4&#8243;][vc_column_text] Anne-Isabelle Ney Trademark, Patent, Design Formalities Officer Certified CAS IP Paralegal\u00a0 (ZHAW) [\/vc_column_text][\/vc_column][vc_column width=&#8221;3\/4&#8243;][vc_tabs interval=&#8221;0&#8243;][vc_tab title=&#8221;Biographie&#8221; tab_id=&#8221;dab1363f-82ab-9&#8243;][vc_column_text] Sprachen: Franz\u00f6sisch, Englisch [\/vc_column_text][vc_column_text]Nach der Matura und einem Diplom als Exekutivsekret\u00e4rin war Anne-Isabelle ein Jahr lang in einer Import-Export Gesellschaft besch\u00e4ftigt, bevor sie ihre Englischkenntnisse in London vertiefte. Zur\u00fcck in der Schweiz hat Sie 8 Jahre f\u00fcr zwei Privatbanken in Genf gearbeitet. Danach Neuausrichtung ihres T\u00e4tigkeitsgebiet in einer Anwaltskanzlei in Genf, wo sie 9 Jahre lang die Markenportfolios von schweizerischen und ausl\u00e4ndischen Kunden verwaltete. Seit Juli 2009 ist Anne-Isabelle bei P&amp;TS f\u00fcr Patente, Designs f\u00fcr Marken zust\u00e4ndig. Im Bestreben, ihre Kompetenzen kontinuierlich weiterzuentwickeln, erwarb sie 2018 das Zertifikat als Personalassistentin (certification d\u2019HRSE Human Ressources Swiss Exams). Sie setzt ihre Weiterbildung fort und erwirbt 2020 die CAS-IP-Paralegal-Zertifizierung an der ZHAW School of Management and Law (About Us | ZHAW School of Management and Law), sowie 2024 die EPAC-Zertifizierung (EPAC &#8211; European patent administration certification | epo.org). Anne-Isabelle sch\u00e4tzt besonders die Umgebung von Neuenburg, reist aber auch gerne in der Schweiz und im Ausland. Sie praktiziert Tauchen im See und Meer, Schwimmen und Skifahren. Zu ihren weiteren Hobbys geh\u00f6ren Lesen und Fernsehdokumentarfilme. Geboren in 1968 in Z\u00fcrich [&hellip;]<\/p>\n","protected":false},"author":4,"featured_media":0,"parent":26502,"menu_order":0,"comment_status":"closed","ping_status":"closed","template":"","meta":{"footnotes":""},"translation":{"provider":"WPGlobus","version":"3.0.2","language":"de","enabled_languages":["fr","de","en","it"],"languages":{"fr":{"title":true,"content":true,"excerpt":false},"de":{"title":true,"content":true,"excerpt":false},"en":{"title":true,"content":true,"excerpt":false},"it":{"title":false,"content":false,"excerpt":false}}},"yoast_head":"<!-- This site is optimized with the Yoast SEO plugin v24.4 - https:\/\/yoast.com\/wordpress\/plugins\/seo\/ -->\n<title>Anne-Isabelle Ney - P&amp;TS AG<\/title>\n<meta name=\"robots\" content=\"index, follow, max-snippet:-1, max-image-preview:large, max-video-preview:-1\" \/>\n<link rel=\"canonical\" href=\"https:\/\/www.patentattorneys.ch\/equipe\/collaborateurs\/anne-isabelle-ney\/\" \/>\n<meta property=\"og:locale\" content=\"de_DE\" \/>\n<meta property=\"og:type\" content=\"article\" \/>\n<meta property=\"og:title\" content=\"Anne-Isabelle Ney - P&amp;TS AG\" \/>\n<meta property=\"og:url\" content=\"https:\/\/www.patentattorneys.ch\/equipe\/collaborateurs\/anne-isabelle-ney\/\" \/>\n<meta property=\"og:site_name\" content=\"P&amp;TS AG\" \/>\n<meta property=\"article:publisher\" content=\"https:\/\/www.facebook.com\/PTS.Ltd\/\" \/>\n<meta property=\"article:modified_time\" content=\"2026-04-07T13:17:33+00:00\" \/>\n<meta name=\"twitter:card\" content=\"summary_large_image\" \/>\n<meta name=\"twitter:site\" content=\"@PTSSA\" \/>\n<meta name=\"twitter:label1\" content=\"Est. reading time\" \/>\n\t<meta name=\"twitter:data1\" content=\"2 minutes\" \/>\n<script type=\"application\/ld+json\" class=\"yoast-schema-graph\">{\"@context\":\"https:\/\/schema.org\",\"@graph\":[{\"@type\":\"WebPage\",\"@id\":\"https:\/\/www.patentattorneys.ch\/equipe\/collaborateurs\/anne-isabelle-ney\/\",\"url\":\"https:\/\/www.patentattorneys.ch\/equipe\/collaborateurs\/anne-isabelle-ney\/\",\"name\":\"Anne-Isabelle Ney - P&amp;TS AG\",\"isPartOf\":{\"@id\":\"https:\/\/www.patentattorneys.ch\/de\/#website\"},\"datePublished\":\"2016-02-24T17:47:47+00:00\",\"dateModified\":\"2026-04-07T13:17:33+00:00\",\"breadcrumb\":{\"@id\":\"https:\/\/www.patentattorneys.ch\/equipe\/collaborateurs\/anne-isabelle-ney\/#breadcrumb\"},\"inLanguage\":\"de-DE\",\"potentialAction\":[{\"@type\":\"ReadAction\",\"target\":[\"https:\/\/www.patentattorneys.ch\/equipe\/collaborateurs\/anne-isabelle-ney\/\"]}]},{\"@type\":\"BreadcrumbList\",\"@id\":\"https:\/\/www.patentattorneys.ch\/equipe\/collaborateurs\/anne-isabelle-ney\/#breadcrumb\",\"itemListElement\":[{\"@type\":\"ListItem\",\"position\":1,\"name\":\"Accueil\",\"item\":\"https:\/\/www.patentattorneys.ch\/\"},{\"@type\":\"ListItem\",\"position\":2,\"name\":\"Our team\",\"item\":\"https:\/\/www.patentattorneys.ch\/equipe\/\"},{\"@type\":\"ListItem\",\"position\":3,\"name\":\"Collaborateurs\",\"item\":\"https:\/\/www.patentattorneys.ch\/equipe\/collaborateurs\/\"},{\"@type\":\"ListItem\",\"position\":4,\"name\":\"Anne-Isabelle Ney\"}]},{\"@type\":\"WebSite\",\"@id\":\"https:\/\/www.patentattorneys.ch\/de\/#website\",\"url\":\"https:\/\/www.patentattorneys.ch\/de\/\",\"name\":\"P&amp;TS AG\",\"description\":\"Patentanw\u00e4lte\",\"publisher\":{\"@id\":\"https:\/\/www.patentattorneys.ch\/de\/#organization\"},\"potentialAction\":[{\"@type\":\"SearchAction\",\"target\":{\"@type\":\"EntryPoint\",\"urlTemplate\":\"https:\/\/www.patentattorneys.ch\/de\/?s={search_term_string}\"},\"query-input\":{\"@type\":\"PropertyValueSpecification\",\"valueRequired\":true,\"valueName\":\"search_term_string\"}}],\"inLanguage\":\"de-DE\"},{\"@type\":\"Organization\",\"@id\":\"https:\/\/www.patentattorneys.ch\/de\/#organization\",\"name\":\"P&TS SA\",\"url\":\"https:\/\/www.patentattorneys.ch\/de\/\",\"logo\":{\"@type\":\"ImageObject\",\"inLanguage\":\"de-DE\",\"@id\":\"https:\/\/www.patentattorneys.ch\/de\/#\/schema\/logo\/image\/\",\"url\":\"https:\/\/www.patentattorneys.ch\/wp-content\/uploads\/2016\/01\/PTS_Icon.jpg\",\"contentUrl\":\"https:\/\/www.patentattorneys.ch\/wp-content\/uploads\/2016\/01\/PTS_Icon.jpg\",\"width\":512,\"height\":512,\"caption\":\"P&TS SA\"},\"image\":{\"@id\":\"https:\/\/www.patentattorneys.ch\/de\/#\/schema\/logo\/image\/\"},\"sameAs\":[\"https:\/\/www.facebook.com\/PTS.Ltd\/\",\"https:\/\/x.com\/PTSSA\",\"https:\/\/www.linkedin.com\/company\/p&ts-sa\"]}]}<\/script>\n<!-- \/ Yoast SEO plugin. -->","yoast_head_json":{"title":"Anne-Isabelle Ney - P&amp;TS AG","robots":{"index":"index","follow":"follow","max-snippet":"max-snippet:-1","max-image-preview":"max-image-preview:large","max-video-preview":"max-video-preview:-1"},"canonical":"https:\/\/www.patentattorneys.ch\/equipe\/collaborateurs\/anne-isabelle-ney\/","og_locale":"de_DE","og_type":"article","og_title":"Anne-Isabelle Ney - P&amp;TS AG","og_url":"https:\/\/www.patentattorneys.ch\/equipe\/collaborateurs\/anne-isabelle-ney\/","og_site_name":"P&amp;TS AG","article_publisher":"https:\/\/www.facebook.com\/PTS.Ltd\/","article_modified_time":"2026-04-07T13:17:33+00:00","twitter_card":"summary_large_image","twitter_site":"@PTSSA","twitter_misc":{"Est. reading time":"2 minutes"},"schema":{"@context":"https:\/\/schema.org","@graph":[{"@type":"WebPage","@id":"https:\/\/www.patentattorneys.ch\/equipe\/collaborateurs\/anne-isabelle-ney\/","url":"https:\/\/www.patentattorneys.ch\/equipe\/collaborateurs\/anne-isabelle-ney\/","name":"Anne-Isabelle Ney - P&amp;TS AG","isPartOf":{"@id":"https:\/\/www.patentattorneys.ch\/de\/#website"},"datePublished":"2016-02-24T17:47:47+00:00","dateModified":"2026-04-07T13:17:33+00:00","breadcrumb":{"@id":"https:\/\/www.patentattorneys.ch\/equipe\/collaborateurs\/anne-isabelle-ney\/#breadcrumb"},"inLanguage":"de-DE","potentialAction":[{"@type":"ReadAction","target":["https:\/\/www.patentattorneys.ch\/equipe\/collaborateurs\/anne-isabelle-ney\/"]}]},{"@type":"BreadcrumbList","@id":"https:\/\/www.patentattorneys.ch\/equipe\/collaborateurs\/anne-isabelle-ney\/#breadcrumb","itemListElement":[{"@type":"ListItem","position":1,"name":"Accueil","item":"https:\/\/www.patentattorneys.ch\/"},{"@type":"ListItem","position":2,"name":"Our team","item":"https:\/\/www.patentattorneys.ch\/equipe\/"},{"@type":"ListItem","position":3,"name":"Collaborateurs","item":"https:\/\/www.patentattorneys.ch\/equipe\/collaborateurs\/"},{"@type":"ListItem","position":4,"name":"Anne-Isabelle Ney"}]},{"@type":"WebSite","@id":"https:\/\/www.patentattorneys.ch\/de\/#website","url":"https:\/\/www.patentattorneys.ch\/de\/","name":"P&amp;TS AG","description":"Patentanw\u00e4lte","publisher":{"@id":"https:\/\/www.patentattorneys.ch\/de\/#organization"},"potentialAction":[{"@type":"SearchAction","target":{"@type":"EntryPoint","urlTemplate":"https:\/\/www.patentattorneys.ch\/de\/?s={search_term_string}"},"query-input":{"@type":"PropertyValueSpecification","valueRequired":true,"valueName":"search_term_string"}}],"inLanguage":"de-DE"},{"@type":"Organization","@id":"https:\/\/www.patentattorneys.ch\/de\/#organization","name":"P&TS SA","url":"https:\/\/www.patentattorneys.ch\/de\/","logo":{"@type":"ImageObject","inLanguage":"de-DE","@id":"https:\/\/www.patentattorneys.ch\/de\/#\/schema\/logo\/image\/","url":"https:\/\/www.patentattorneys.ch\/wp-content\/uploads\/2016\/01\/PTS_Icon.jpg","contentUrl":"https:\/\/www.patentattorneys.ch\/wp-content\/uploads\/2016\/01\/PTS_Icon.jpg","width":512,"height":512,"caption":"P&TS SA"},"image":{"@id":"https:\/\/www.patentattorneys.ch\/de\/#\/schema\/logo\/image\/"},"sameAs":["https:\/\/www.facebook.com\/PTS.Ltd\/","https:\/\/x.com\/PTSSA","https:\/\/www.linkedin.com\/company\/p&ts-sa"]}]}},"_links":{"self":[{"href":"https:\/\/www.patentattorneys.ch\/de\/wp-json\/wp\/v2\/pages\/18117"}],"collection":[{"href":"https:\/\/www.patentattorneys.ch\/de\/wp-json\/wp\/v2\/pages"}],"about":[{"href":"https:\/\/www.patentattorneys.ch\/de\/wp-json\/wp\/v2\/types\/page"}],"author":[{"embeddable":true,"href":"https:\/\/www.patentattorneys.ch\/de\/wp-json\/wp\/v2\/users\/4"}],"replies":[{"embeddable":true,"href":"https:\/\/www.patentattorneys.ch\/de\/wp-json\/wp\/v2\/comments?post=18117"}],"version-history":[{"count":56,"href":"https:\/\/www.patentattorneys.ch\/de\/wp-json\/wp\/v2\/pages\/18117\/revisions"}],"predecessor-version":[{"id":35853,"href":"https:\/\/www.patentattorneys.ch\/de\/wp-json\/wp\/v2\/pages\/18117\/revisions\/35853"}],"up":[{"embeddable":true,"href":"https:\/\/www.patentattorneys.ch\/de\/wp-json\/wp\/v2\/pages\/26502"}],"wp:attachment":[{"href":"https:\/\/www.patentattorneys.ch\/de\/wp-json\/wp\/v2\/media?parent=18117"}],"curies":[{"name":"wp","href":"https:\/\/api.w.org\/{rel}","templated":true}]}}