

{"id":21684,"date":"2016-12-05T05:49:19","date_gmt":"2016-12-05T04:49:19","guid":{"rendered":"http:\/\/www.patentattorneys.ch\/?page_id=21684"},"modified":"2024-05-15T16:08:45","modified_gmt":"2024-05-15T15:08:45","slug":"evaluation-financiere","status":"publish","type":"page","link":"https:\/\/www.patentattorneys.ch\/de\/dienstleitungen\/finanzielle-bewertung\/","title":{"rendered":"Finanzielle Bewertung"},"content":{"rendered":"<div class=\"wpb-content-wrapper\"><p>[vc_row type=&#8221;full_width_section&#8221;][vc_column width=&#8221;1\/1&#8243;]<div class=\"imagebox wpb_content_element style-1\"><div class=\"imagebox-img\"><img decoding=\"async\" src=\"https:\/\/www.patentattorneys.ch\/wp-content\/uploads\/2019\/10\/banner_finance_wide.jpg\" alt=\"\u00c9valuation financi\u00e8re - Finanzielle Bewertung - financial evaluation\" \/><\/div><\/div><div class=\"newdivider align-center\" style=\"border-bottom-style: solid; border-color: #d8882f; border-bottom-width: 10px; margin-top: 0px; margin-bottom: 0px; width: 100%; \"><\/div><div class=\"clear\"><\/div>[\/vc_column][\/vc_row][vc_row bg_image=&#8221;15893&#8243;][vc_column animation=&#8221;fade-in-from-left&#8221; width=&#8221;2\/3&#8243;][vc_column_text]<\/p>\n<h1>Wie steht es um den Wert Ihrer gewerblichen Schutzrechte?<\/h1>\n<p>[\/vc_column_text]<div class=\"newdivider align-center\" style=\"border-bottom-style: solid; border-color: #c6c6c6; border-bottom-width: 1px; margin-top: 0; margin-bottom: 0; width: 100%; \"><\/div><div class=\"clear\"><\/div><div class=\"spacer\" style=\"height: 40px;\"><\/div>[vc_tabs][vc_tab title=&#8221;AUSWERTUNG&#8221; tab_id=&#8221;c9c08126-3851-8&#8243;][vc_column_text] Die finanzielle Bewertung von gewerblichen Schutzrechten erfolgt in unterschiedlichen Zusammenh\u00e4ngen, so beispielsweise im Rahmen der Kapitalbeschaffung, bei einer Einbringung des Aktienkapitals, bei der \u00dcbertragung oder dem Transfer von Technologien, im Fall von Schaden- und Interessenanalyse in Rechtsfragen, usw.<\/p>\n<h6>Kenntnisse des Wertes des geistigen Eigentums ist notwendig f\u00fcr:<\/h6>\n<ul>\n<li>Das Optimieren des Portfolios von Schutzrechten auf Basis von Finanzdaten, im Einklang mit der Gesch\u00e4ftsstrategie des Unternehmens.<\/li>\n<li>Das Verhandeln von Lizenz-, Kauf- oder Verkaufwerten von IP-Rechten.<\/li>\n<li>Die Kl\u00e4rung des Beitrags von IP-Rechten der jeweiligen Partei im Rahmen von Partnerschaftsprojekten.<\/li>\n<li>Die Erleichterung von Finanzoperationen durch Verwertung dieser immateriellen Verm\u00f6genswerte.<\/li>\n<li>Das Einbringen von Patenten im Austausch mit Aktien der Gesellschaft im Rahmen einer Kapitalerh\u00f6hung.<\/li>\n<li>Die Vorbereitung auf die anstehende Einf\u00fchrung der Steuerreglung der \u00abPatent Box\u00bb, welche erm\u00f6glichen wird, dass ein Unternehmen die Patenteink\u00fcnfte abziehen kann, wobei jedoch eine buchhalterische Bilanzierung der Patente erforderlich wird.<\/li>\n<\/ul>\n<h6>Daher ist es eminent wichtig, sich die Dienste eines Spezialisten auf dem Gebiet des Patentrechts zu sichern. Dieser vermag den qualitativen Wert des IP-Portfolios einzusch\u00e4tzen, kann bei der Bewertung und Finanzierung von innovativen Projekten auf ein reiches Erfahrungswissen aufbauen und so auf zuverl\u00e4ssige und transparente Weise den Wert dieses geistigen Eigentums beurteilen, welches momentan einen starken Wachstum in den Technologie- und Industrieunternehmen erf\u00e4hrt.<\/h6>\n<p>[\/vc_column_text][\/vc_tab][vc_tab title=&#8221;ANALYSE&#8221; tab_id=&#8221;1456050325771-1-10&#8243;][vc_column_text] W\u00e4hrend einer solchen transdisziplin\u00e4ren Analyse gilt es Folgendes zu ber\u00fccksichtigen: die Qualit\u00e4t und den Umfang des durch die Patentanspr\u00fcche verliehenen Schutzes, der detaillierte rechtliche Status der Patentfamilien, die Freiheit zur Ausn\u00fctzung des patentierten Objekts, eine kritische Analyse des wirtschaftlichen Potentials (Business Plan), und ebenfalls eine unabh\u00e4ngige Einsch\u00e4tzung der mit der Verwertung von Patenten verbundenen Risiken, je nach Kontext, Erfahrung und den Ressourcen des Unternehmens. All diese unterschiedlichen Punkte bestimmen anschliessend eine entsprechende Bewertungsstrategie und das am besten geeignete Bewertungsverfahren, nicht un\u00e4hnlich den \u00fcblichen Methoden f\u00fcr die Unternehmensbewertung. [\/vc_column_text][\/vc_tab][\/vc_tabs][\/vc_column][vc_column animation=&#8221;fade-in-from-bottom&#8221; width=&#8221;1\/3&#8243;][vc_column_text]<\/p>\n<h3>KONTAKT<\/h3>\n<div id=\"gtx-trans\" style=\"position: absolute; left: 147px; top: -5.78125px;\">\n<div class=\"gtx-trans-icon\"><\/div>\n<\/div>\n<p>[\/vc_column_text]<div class=\"member wpb_content_element test\"><div class=\"member-img\"><a href='http:\/\/www.patentattorneys.ch\/de\/equipe\/collaborateurs\/charles-madore\/'><img decoding=\"async\" src=\"https:\/\/www.patentattorneys.ch\/wp-content\/uploads\/2020\/10\/schreyer_2003391.jpg\" alt=\"Charles Madore\" \/><\/a><\/div><h4><a href='http:\/\/www.patentattorneys.ch\/de\/equipe\/collaborateurs\/charles-madore\/'>CHARLES MADORE<\/a><\/h4><div class=\"member-role\">Swiss and European Patent Attorney<\/div><div class=\"member-content\"><p><\/p><\/div><\/div><div class=\"newdivider align-center\" style=\"border-bottom-style: solid; border-color: #b7b7b7; border-bottom-width: 1px; margin-top: 0; margin-bottom: 20px; width: 100%; \"><\/div><div class=\"clear\"><\/div>[\/vc_column][\/vc_row]<\/p>\n<\/div>","protected":false},"excerpt":{"rendered":"<p>[vc_row type=&#8221;full_width_section&#8221;][vc_column width=&#8221;1\/1&#8243;][\/vc_column][\/vc_row][vc_row bg_image=&#8221;15893&#8243;][vc_column animation=&#8221;fade-in-from-left&#8221; width=&#8221;2\/3&#8243;][vc_column_text] Wie steht es um den Wert Ihrer gewerblichen Schutzrechte? [\/vc_column_text][vc_tabs][vc_tab title=&#8221;AUSWERTUNG&#8221; tab_id=&#8221;c9c08126-3851-8&#8243;][vc_column_text] Die finanzielle Bewertung von gewerblichen Schutzrechten erfolgt in unterschiedlichen Zusammenh\u00e4ngen, so beispielsweise im Rahmen der Kapitalbeschaffung, bei einer Einbringung des Aktienkapitals, bei der \u00dcbertragung oder dem Transfer von Technologien, im Fall von Schaden- und Interessenanalyse in Rechtsfragen, usw. Kenntnisse des Wertes des geistigen Eigentums ist notwendig f\u00fcr: Das Optimieren des Portfolios von Schutzrechten auf Basis von Finanzdaten, im Einklang mit der Gesch\u00e4ftsstrategie des Unternehmens. Das Verhandeln von Lizenz-, Kauf- oder Verkaufwerten von IP-Rechten. Die Kl\u00e4rung des Beitrags von IP-Rechten der jeweiligen Partei im Rahmen von Partnerschaftsprojekten. Die Erleichterung von Finanzoperationen durch Verwertung dieser immateriellen Verm\u00f6genswerte. Das Einbringen von Patenten im Austausch mit Aktien der Gesellschaft im Rahmen einer Kapitalerh\u00f6hung. Die Vorbereitung auf die anstehende Einf\u00fchrung der Steuerreglung der \u00abPatent Box\u00bb, welche erm\u00f6glichen wird, dass ein Unternehmen die Patenteink\u00fcnfte abziehen kann, wobei jedoch eine buchhalterische Bilanzierung der Patente erforderlich wird. Daher ist es eminent wichtig, sich die Dienste eines Spezialisten auf dem Gebiet des Patentrechts zu sichern. Dieser vermag den qualitativen Wert des IP-Portfolios einzusch\u00e4tzen, kann bei der Bewertung und Finanzierung von innovativen Projekten auf ein reiches Erfahrungswissen aufbauen und so auf zuverl\u00e4ssige [&hellip;]<\/p>\n","protected":false},"author":4,"featured_media":0,"parent":15428,"menu_order":0,"comment_status":"closed","ping_status":"closed","template":"","meta":{"footnotes":""},"translation":{"provider":"WPGlobus","version":"3.0.2","language":"de","enabled_languages":["fr","de","en","it"],"languages":{"fr":{"title":true,"content":true,"excerpt":false},"de":{"title":true,"content":true,"excerpt":false},"en":{"title":true,"content":true,"excerpt":false},"it":{"title":false,"content":false,"excerpt":false}}},"yoast_head":"<!-- This site is optimized with the Yoast SEO plugin v24.4 - https:\/\/yoast.com\/wordpress\/plugins\/seo\/ -->\n<title>Finanzielle Bewertung - P&amp;TS AG<\/title>\n<meta name=\"description\" content=\"Die finanzielle Bewertung von gewerblichen Schutzrechten spielt in vielen Kontexten eine Rolle. Kontaktieren Sie P&amp;TS SA f\u00fcr Informationen.\" \/>\n<meta name=\"robots\" content=\"index, follow, max-snippet:-1, max-image-preview:large, max-video-preview:-1\" \/>\n<link rel=\"canonical\" href=\"https:\/\/www.patentattorneys.ch\/nos-services\/evaluation-financiere\/\" \/>\n<meta property=\"og:locale\" content=\"de_DE\" \/>\n<meta property=\"og:type\" content=\"article\" \/>\n<meta property=\"og:title\" content=\"Finanzielle Bewertung - P&amp;TS AG\" \/>\n<meta property=\"og:description\" content=\"Die finanzielle Bewertung von gewerblichen Schutzrechten spielt in vielen Kontexten eine Rolle. Kontaktieren Sie P&amp;TS SA f\u00fcr Informationen.\" \/>\n<meta property=\"og:url\" content=\"https:\/\/www.patentattorneys.ch\/nos-services\/evaluation-financiere\/\" \/>\n<meta property=\"og:site_name\" content=\"P&amp;TS AG\" \/>\n<meta property=\"article:publisher\" content=\"https:\/\/www.facebook.com\/PTS.Ltd\/\" \/>\n<meta property=\"article:modified_time\" content=\"2024-05-15T15:08:45+00:00\" \/>\n<meta name=\"twitter:card\" content=\"summary_large_image\" \/>\n<meta name=\"twitter:site\" content=\"@PTSSA\" \/>\n<meta name=\"twitter:label1\" content=\"Est. reading time\" \/>\n\t<meta name=\"twitter:data1\" content=\"2 minutes\" \/>\n<script type=\"application\/ld+json\" class=\"yoast-schema-graph\">{\"@context\":\"https:\/\/schema.org\",\"@graph\":[{\"@type\":\"WebPage\",\"@id\":\"https:\/\/www.patentattorneys.ch\/nos-services\/evaluation-financiere\/\",\"url\":\"https:\/\/www.patentattorneys.ch\/nos-services\/evaluation-financiere\/\",\"name\":\"Finanzielle Bewertung - P&amp;TS AG\",\"isPartOf\":{\"@id\":\"https:\/\/www.patentattorneys.ch\/de\/#website\"},\"datePublished\":\"2016-12-05T04:49:19+00:00\",\"dateModified\":\"2024-05-15T15:08:45+00:00\",\"description\":\"L\u2019\u00e9valuation financi\u00e8re des titres de propri\u00e9t\u00e9 industrielle intervient dans de nombreux contextes. Contactez P&TS SA pour des informations.\",\"breadcrumb\":{\"@id\":\"https:\/\/www.patentattorneys.ch\/nos-services\/evaluation-financiere\/#breadcrumb\"},\"inLanguage\":\"de-DE\",\"potentialAction\":[{\"@type\":\"ReadAction\",\"target\":[\"https:\/\/www.patentattorneys.ch\/nos-services\/evaluation-financiere\/\"]}]},{\"@type\":\"BreadcrumbList\",\"@id\":\"https:\/\/www.patentattorneys.ch\/nos-services\/evaluation-financiere\/#breadcrumb\",\"itemListElement\":[{\"@type\":\"ListItem\",\"position\":1,\"name\":\"Accueil\",\"item\":\"https:\/\/www.patentattorneys.ch\/\"},{\"@type\":\"ListItem\",\"position\":2,\"name\":\"Our services\",\"item\":\"https:\/\/www.patentattorneys.ch\/nos-services\/\"},{\"@type\":\"ListItem\",\"position\":3,\"name\":\"Financial evaluation\"}]},{\"@type\":\"WebSite\",\"@id\":\"https:\/\/www.patentattorneys.ch\/de\/#website\",\"url\":\"https:\/\/www.patentattorneys.ch\/de\/\",\"name\":\"P&amp;TS AG\",\"description\":\"Patentanw\u00e4lte\",\"publisher\":{\"@id\":\"https:\/\/www.patentattorneys.ch\/de\/#organization\"},\"potentialAction\":[{\"@type\":\"SearchAction\",\"target\":{\"@type\":\"EntryPoint\",\"urlTemplate\":\"https:\/\/www.patentattorneys.ch\/de\/?s={search_term_string}\"},\"query-input\":{\"@type\":\"PropertyValueSpecification\",\"valueRequired\":true,\"valueName\":\"search_term_string\"}}],\"inLanguage\":\"de-DE\"},{\"@type\":\"Organization\",\"@id\":\"https:\/\/www.patentattorneys.ch\/de\/#organization\",\"name\":\"P&TS SA\",\"url\":\"https:\/\/www.patentattorneys.ch\/de\/\",\"logo\":{\"@type\":\"ImageObject\",\"inLanguage\":\"de-DE\",\"@id\":\"https:\/\/www.patentattorneys.ch\/de\/#\/schema\/logo\/image\/\",\"url\":\"https:\/\/www.patentattorneys.ch\/wp-content\/uploads\/2016\/01\/PTS_Icon.jpg\",\"contentUrl\":\"https:\/\/www.patentattorneys.ch\/wp-content\/uploads\/2016\/01\/PTS_Icon.jpg\",\"width\":512,\"height\":512,\"caption\":\"P&TS SA\"},\"image\":{\"@id\":\"https:\/\/www.patentattorneys.ch\/de\/#\/schema\/logo\/image\/\"},\"sameAs\":[\"https:\/\/www.facebook.com\/PTS.Ltd\/\",\"https:\/\/x.com\/PTSSA\",\"https:\/\/www.linkedin.com\/company\/p&ts-sa\"]}]}<\/script>\n<!-- \/ Yoast SEO plugin. -->","yoast_head_json":{"title":"Finanzielle Bewertung - P&amp;TS AG","description":"Die finanzielle Bewertung von gewerblichen Schutzrechten spielt in vielen Kontexten eine Rolle. Kontaktieren Sie P&TS SA f\u00fcr Informationen.","robots":{"index":"index","follow":"follow","max-snippet":"max-snippet:-1","max-image-preview":"max-image-preview:large","max-video-preview":"max-video-preview:-1"},"canonical":"https:\/\/www.patentattorneys.ch\/nos-services\/evaluation-financiere\/","og_locale":"de_DE","og_type":"article","og_title":"Finanzielle Bewertung - P&amp;TS AG","og_description":"Die finanzielle Bewertung von gewerblichen Schutzrechten spielt in vielen Kontexten eine Rolle. Kontaktieren Sie P&TS SA f\u00fcr Informationen.","og_url":"https:\/\/www.patentattorneys.ch\/nos-services\/evaluation-financiere\/","og_site_name":"P&amp;TS AG","article_publisher":"https:\/\/www.facebook.com\/PTS.Ltd\/","article_modified_time":"2024-05-15T15:08:45+00:00","twitter_card":"summary_large_image","twitter_site":"@PTSSA","twitter_misc":{"Est. reading time":"2 minutes"},"schema":{"@context":"https:\/\/schema.org","@graph":[{"@type":"WebPage","@id":"https:\/\/www.patentattorneys.ch\/nos-services\/evaluation-financiere\/","url":"https:\/\/www.patentattorneys.ch\/nos-services\/evaluation-financiere\/","name":"Finanzielle Bewertung - P&amp;TS AG","isPartOf":{"@id":"https:\/\/www.patentattorneys.ch\/de\/#website"},"datePublished":"2016-12-05T04:49:19+00:00","dateModified":"2024-05-15T15:08:45+00:00","description":"L\u2019\u00e9valuation financi\u00e8re des titres de propri\u00e9t\u00e9 industrielle intervient dans de nombreux contextes. Contactez P&TS SA pour des informations.","breadcrumb":{"@id":"https:\/\/www.patentattorneys.ch\/nos-services\/evaluation-financiere\/#breadcrumb"},"inLanguage":"de-DE","potentialAction":[{"@type":"ReadAction","target":["https:\/\/www.patentattorneys.ch\/nos-services\/evaluation-financiere\/"]}]},{"@type":"BreadcrumbList","@id":"https:\/\/www.patentattorneys.ch\/nos-services\/evaluation-financiere\/#breadcrumb","itemListElement":[{"@type":"ListItem","position":1,"name":"Accueil","item":"https:\/\/www.patentattorneys.ch\/"},{"@type":"ListItem","position":2,"name":"Our services","item":"https:\/\/www.patentattorneys.ch\/nos-services\/"},{"@type":"ListItem","position":3,"name":"Financial evaluation"}]},{"@type":"WebSite","@id":"https:\/\/www.patentattorneys.ch\/de\/#website","url":"https:\/\/www.patentattorneys.ch\/de\/","name":"P&amp;TS AG","description":"Patentanw\u00e4lte","publisher":{"@id":"https:\/\/www.patentattorneys.ch\/de\/#organization"},"potentialAction":[{"@type":"SearchAction","target":{"@type":"EntryPoint","urlTemplate":"https:\/\/www.patentattorneys.ch\/de\/?s={search_term_string}"},"query-input":{"@type":"PropertyValueSpecification","valueRequired":true,"valueName":"search_term_string"}}],"inLanguage":"de-DE"},{"@type":"Organization","@id":"https:\/\/www.patentattorneys.ch\/de\/#organization","name":"P&TS SA","url":"https:\/\/www.patentattorneys.ch\/de\/","logo":{"@type":"ImageObject","inLanguage":"de-DE","@id":"https:\/\/www.patentattorneys.ch\/de\/#\/schema\/logo\/image\/","url":"https:\/\/www.patentattorneys.ch\/wp-content\/uploads\/2016\/01\/PTS_Icon.jpg","contentUrl":"https:\/\/www.patentattorneys.ch\/wp-content\/uploads\/2016\/01\/PTS_Icon.jpg","width":512,"height":512,"caption":"P&TS SA"},"image":{"@id":"https:\/\/www.patentattorneys.ch\/de\/#\/schema\/logo\/image\/"},"sameAs":["https:\/\/www.facebook.com\/PTS.Ltd\/","https:\/\/x.com\/PTSSA","https:\/\/www.linkedin.com\/company\/p&ts-sa"]}]}},"_links":{"self":[{"href":"https:\/\/www.patentattorneys.ch\/de\/wp-json\/wp\/v2\/pages\/21684"}],"collection":[{"href":"https:\/\/www.patentattorneys.ch\/de\/wp-json\/wp\/v2\/pages"}],"about":[{"href":"https:\/\/www.patentattorneys.ch\/de\/wp-json\/wp\/v2\/types\/page"}],"author":[{"embeddable":true,"href":"https:\/\/www.patentattorneys.ch\/de\/wp-json\/wp\/v2\/users\/4"}],"replies":[{"embeddable":true,"href":"https:\/\/www.patentattorneys.ch\/de\/wp-json\/wp\/v2\/comments?post=21684"}],"version-history":[{"count":70,"href":"https:\/\/www.patentattorneys.ch\/de\/wp-json\/wp\/v2\/pages\/21684\/revisions"}],"predecessor-version":[{"id":33790,"href":"https:\/\/www.patentattorneys.ch\/de\/wp-json\/wp\/v2\/pages\/21684\/revisions\/33790"}],"up":[{"embeddable":true,"href":"https:\/\/www.patentattorneys.ch\/de\/wp-json\/wp\/v2\/pages\/15428"}],"wp:attachment":[{"href":"https:\/\/www.patentattorneys.ch\/de\/wp-json\/wp\/v2\/media?parent=21684"}],"curies":[{"name":"wp","href":"https:\/\/api.w.org\/{rel}","templated":true}]}}