

{"id":24849,"date":"2019-01-29T15:22:17","date_gmt":"2019-01-29T14:22:17","guid":{"rendered":"http:\/\/r42o4ykob.preview.infomaniak.website\/?page_id=24849"},"modified":"2025-12-16T15:23:19","modified_gmt":"2025-12-16T14:23:19","slug":"franck-amiot","status":"publish","type":"page","link":"https:\/\/www.patentattorneys.ch\/de\/unser-team\/mitarbeiter\/franck-amiot\/","title":{"rendered":"Franck Amiot"},"content":{"rendered":"<div class=\"wpb-content-wrapper\"><p>[vc_row bg_color=&#8221;#6d787e&#8221; class=&#8221;display-flex&#8221;][vc_column text_color=&#8221;light&#8221; width=&#8221;1\/1&#8243;][vc_row_inner][vc_column_inner width=&#8221;1\/4&#8243;]<div class=\"single_image wpb_content_element align-left   \" data-animation=\"none\" data-delay=\"0\"><img decoding=\"async\" width=\"337\" height=\"422\" src=\"https:\/\/www.patentattorneys.ch\/wp-content\/uploads\/2020\/10\/schreyer_2003314.jpg\" class=\"attachment-full\" alt=\"Frank Amiot\" title=\"Lieu : Neuch\u00e2tel - Suisse \/ Droits d&#039;utilisation uniquement pour P&amp;TS\" srcset=\"https:\/\/www.patentattorneys.ch\/wp-content\/uploads\/2020\/10\/schreyer_2003314.jpg 337w, https:\/\/www.patentattorneys.ch\/wp-content\/uploads\/2020\/10\/schreyer_2003314-240x300.jpg 240w\" sizes=\"(max-width: 337px) 100vw, 337px\" \/><\/div>[\/vc_column_inner][vc_column_inner width=&#8221;3\/4&#8243;][vc_column_text]<\/p>\n<h2>\u00ab\u00a0I greatly appreciate the multicultural environments and the transversal issues, since this often leads to the most promising innovations\u201d<\/h2>\n<p>[\/vc_column_text][\/vc_column_inner][\/vc_row_inner][\/vc_column][\/vc_row][vc_row][vc_column width=&#8221;1\/1&#8243;]<div class=\"spacer\" style=\"height: 40px;\"><\/div>[\/vc_column][\/vc_row][vc_row][vc_column width=&#8221;1\/4&#8243;][vc_column_text]<\/p>\n<h3>Franck Amiot<\/h3>\n<h5>European Patent Attorney<\/h5>\n<ul>\n<li>Doctor of organic chemistry<\/li>\n<li>Master of Innovation Management<\/li>\n<li>University degree from CEIPI of the University of Strasbourg, option trademarks<\/li>\n<li>EPI-CEIPI Tutor<\/li>\n<li>Executive MBA<\/li>\n<\/ul>\n<p>[\/vc_column_text]<div class=\"divider divider1\" style='margin:40px 0 40px 0 !important;'><\/div>[vc_column_text]<\/p>\n<h5>Affiliations<\/h5>\n<p style=\"margin-top: -15px;\">AROPI<\/p>\n<p>[\/vc_column_text]<div class=\"divider divider1\" style='margin:40px 0 40px 0 !important;'><\/div>[\/vc_column][vc_column width=&#8221;3\/4&#8243;][vc_tabs interval=&#8221;0&#8243;][vc_tab title=&#8221;Biographie&#8221; tab_id=&#8221;dab1363f-82ab-9&#8243;][vc_column_text]<\/p>\n<p>Sprachen: Franz\u00f6sisch, Englisch, Spanisch<\/p>\n<p>[\/vc_column_text][vc_column_text]Franck Amiot promovierte 2002 an der Universit\u00e4t Genf in organischer Chemie, wo er sich auf die enantioselektive Synthese auf Basis aromatischer Heterozyklen konzentrierte. 2005 schloss er seine wissenschaftliche Ausbildung mit einem Master in Innovationsmanagement an der Universit\u00e4t Lyon ab. Seit 2013 ist er zugelassener Vertreter beim Europ\u00e4ischen Patentamt.<\/p>\n<p>Nach ersten Forschungserfahrungen in einem grossen Schweizer Pharmakonzern, wo er sich auf die Synthese von Ger\u00fcsten f\u00fcr die kombinatorische Chemie konzentrierte, wechselte Franck zu einem Startup-Unternehmen in Lyon, wo er an der Entwicklung optischer Formulierungen f\u00fcr Fl\u00fcssiglinsen mitwirkte, einer innovativen Technologie basierend auf Elektromagnetismus.\u00a0 Bei dieser Gelegenheit wurde er als Erfinder mehrerer Patente genannt und beteiligte sich am Technologietransfer f\u00fcr Produktionszwecke.<\/p>\n<p>Im Jahr 2008 trat er in die Patentabteilung von MerckSerono in Genf ein und diversifizierte sich dann in andere technische Bereiche wie Mechanik, bei Renault Trucks in Lyon und durch seine T\u00e4tigkeit als Patentanwalt in einer Genfer Firma. Durch seine vielf\u00e4ltigen Erfahrungen hat Franck Amiot eine umfassende Vision von Patent- und Innovationsfragen gewonnen.<\/p>\n<p>Franck Amiot ist Mitglied von AROPI.<\/p>\n<p>In seiner Freizeit spielt Franck Amiot die Flamencogitarre und schreibt.<\/p>\n<h6>Geboren 1973 in der Region Paris.<\/h6>\n<p>[\/vc_column_text][\/vc_tab][vc_tab title=&#8221;Blog&#8221; tab_id=&#8221;1575448129390-1-4&#8243;]<div class=\"blog-shortcode blog-page blog-medium\"><div class=\"blog-wrap\"><article id=\"post-31768\" class=\"clearfix post-31768 post type-post status-publish format-standard hentry category-franck-amiot category-news category-ronan-guirey category-start-ups\">\n    \n        \n    <div class=\"entry-wrap\">\n\n        <div class=\"entry-meta\">\n            <ul>\n\t\t\n\t\t<li class=\"meta-date\">07\/12\/2022<\/li>\n\t\t\t\t\n\t\t<li class=\"meta-category\"><a href=\"https:\/\/www.patentattorneys.ch\/de\/category\/collaborateur\/franck-amiot\/\" rel=\"category tag\">Franck Amiot<\/a>, <a href=\"https:\/\/www.patentattorneys.ch\/de\/category\/news\/\" rel=\"category tag\">News<\/a>, <a href=\"https:\/\/www.patentattorneys.ch\/de\/category\/collaborateur\/ronan-guirey\/\" rel=\"category tag\">Ronan Guirey<\/a>, <a href=\"https:\/\/www.patentattorneys.ch\/de\/category\/start-ups\/\" rel=\"category tag\">start-ups<\/a><\/li>\n\t\t<\/ul>\n        <\/div>\n\n        <div class=\"entry-title\">\n        \t<h2><a href=\"https:\/\/www.patentattorneys.ch\/de\/2022\/12\/07\/masterclass-elaborer-une-freedom-to-operate-strategy\/\" title=\"Permalink to Masterclass: build a Freedom-to-Operate Strategy\" rel=\"bookmark\">Masterclass: build a Freedom-to-Operate Strategy<\/a><\/h2>\n        <\/div>\n\n        <div class=\"entry-content\">\n        \t            {:fr}Masterclass avec Ronan Guirey &amp; Franck Amiot Startup INVEST est... <a class=\"read-more-link\" href=\"https:\/\/www.patentattorneys.ch\/de\/2022\/12\/07\/masterclass-elaborer-une-freedom-to-operate-strategy\/\">read more  &rarr;<\/a>            <a href=\"https:\/\/www.patentattorneys.ch\/de\/2022\/12\/07\/masterclass-elaborer-une-freedom-to-operate-strategy\/\" class=\"more\">+<\/a>\n        <\/div>\n\n    <\/div>\n\n<\/article><!-- #post -->\n\n<div class=\"clear\"><\/div><article id=\"post-30944\" class=\"clearfix post-30944 post type-post status-publish format-standard has-post-thumbnail hentry category-conferences-events category-franck-amiot category-news category-start-ups\">\n    \n        <div class=\"entry-image\">\n        <a href=\"https:\/\/www.patentattorneys.ch\/de\/2022\/04\/23\/make-switzerland-more-startup-startup-days-2022\/\" title=\"Permalink to Make Switzerland more Startup : die Startup Day 2022\" rel=\"bookmark\">\n            <img decoding=\"async\" width=\"600\" height=\"400\" src=\"https:\/\/www.patentattorneys.ch\/wp-content\/uploads\/2022\/04\/Program_Partner-600x400.jpg\" class=\"attachment-portfolio size-portfolio wp-post-image\" alt=\"startup days 2022\" \/>        <\/a>\n    <\/div>\n        \n    <div class=\"entry-wrap\">\n\n        <div class=\"entry-meta\">\n            <ul>\n\t\t\n\t\t<li class=\"meta-date\">23\/04\/2022<\/li>\n\t\t\t\t\n\t\t<li class=\"meta-category\"><a href=\"https:\/\/www.patentattorneys.ch\/de\/category\/conferences-events\/\" rel=\"category tag\">Conferences &amp; events<\/a>, <a href=\"https:\/\/www.patentattorneys.ch\/de\/category\/collaborateur\/franck-amiot\/\" rel=\"category tag\">Franck Amiot<\/a>, <a href=\"https:\/\/www.patentattorneys.ch\/de\/category\/news\/\" rel=\"category tag\">News<\/a>, <a href=\"https:\/\/www.patentattorneys.ch\/de\/category\/start-ups\/\" rel=\"category tag\">start-ups<\/a><\/li>\n\t\t<\/ul>\n        <\/div>\n\n        <div class=\"entry-title\">\n        \t<h2><a href=\"https:\/\/www.patentattorneys.ch\/de\/2022\/04\/23\/make-switzerland-more-startup-startup-days-2022\/\" title=\"Permalink to Make Switzerland more Startup : die Startup Day 2022\" rel=\"bookmark\">Make Switzerland more Startup : die Startup Day 2022<\/a><\/h2>\n        <\/div>\n\n        <div class=\"entry-content\">\n        \t            {:fr}Make Switzerland more Startup : la Startup Days 2022 a... <a class=\"read-more-link\" href=\"https:\/\/www.patentattorneys.ch\/de\/2022\/04\/23\/make-switzerland-more-startup-startup-days-2022\/\">read more  &rarr;<\/a>            <a href=\"https:\/\/www.patentattorneys.ch\/de\/2022\/04\/23\/make-switzerland-more-startup-startup-days-2022\/\" class=\"more\">+<\/a>\n        <\/div>\n\n    <\/div>\n\n<\/article><!-- #post -->\n\n<div class=\"clear\"><\/div><article id=\"post-29772\" class=\"clearfix post-29772 post type-post status-publish format-standard has-post-thumbnail hentry category-claudia-nash category-conferences-events category-franck-amiot category-news category-start-ups\">\n    \n        <div class=\"entry-image\">\n        <a href=\"https:\/\/www.patentattorneys.ch\/de\/2021\/05\/04\/startup-days-franck-amiot-and-claudia-nash-will-speak\/\" title=\"Permalink to Startup Days: Franck Amiot und Claudia Nash ergreifen das Wort\" rel=\"bookmark\">\n            <img decoding=\"async\" width=\"600\" height=\"400\" src=\"https:\/\/www.patentattorneys.ch\/wp-content\/uploads\/2020\/12\/sud-logo-horizontal-600x400.jpg\" class=\"attachment-portfolio size-portfolio wp-post-image\" alt=\"\" \/>        <\/a>\n    <\/div>\n        \n    <div class=\"entry-wrap\">\n\n        <div class=\"entry-meta\">\n            <ul>\n\t\t\n\t\t<li class=\"meta-date\">04\/05\/2021<\/li>\n\t\t\t\t\n\t\t<li class=\"meta-category\"><a href=\"https:\/\/www.patentattorneys.ch\/de\/category\/collaborateur\/claudia-nash\/\" rel=\"category tag\">Claudia Nash<\/a>, <a href=\"https:\/\/www.patentattorneys.ch\/de\/category\/conferences-events\/\" rel=\"category tag\">Conferences &amp; events<\/a>, <a href=\"https:\/\/www.patentattorneys.ch\/de\/category\/collaborateur\/franck-amiot\/\" rel=\"category tag\">Franck Amiot<\/a>, <a href=\"https:\/\/www.patentattorneys.ch\/de\/category\/news\/\" rel=\"category tag\">News<\/a>, <a href=\"https:\/\/www.patentattorneys.ch\/de\/category\/start-ups\/\" rel=\"category tag\">start-ups<\/a><\/li>\n\t\t<\/ul>\n        <\/div>\n\n        <div class=\"entry-title\">\n        \t<h2><a href=\"https:\/\/www.patentattorneys.ch\/de\/2021\/05\/04\/startup-days-franck-amiot-and-claudia-nash-will-speak\/\" title=\"Permalink to Startup Days: Franck Amiot und Claudia Nash ergreifen das Wort\" rel=\"bookmark\">Startup Days: Franck Amiot und Claudia Nash ergreifen das Wort<\/a><\/h2>\n        <\/div>\n\n        <div class=\"entry-content\">\n        \t            {:fr}Dans 8 semaines, l'\u00e9v\u00e9nement phare de l'\u00e9cosyst\u00e8me suisse des startups... <a class=\"read-more-link\" href=\"https:\/\/www.patentattorneys.ch\/de\/2021\/05\/04\/startup-days-franck-amiot-and-claudia-nash-will-speak\/\">read more  &rarr;<\/a>            <a href=\"https:\/\/www.patentattorneys.ch\/de\/2021\/05\/04\/startup-days-franck-amiot-and-claudia-nash-will-speak\/\" class=\"more\">+<\/a>\n        <\/div>\n\n    <\/div>\n\n<\/article><!-- #post -->\n\n<div class=\"clear\"><\/div><article id=\"post-29574\" class=\"clearfix post-29574 post type-post status-publish format-standard has-post-thumbnail hentry category-claudia-nash category-franck-amiot category-news\">\n    \n        <div class=\"entry-image\">\n        <a href=\"https:\/\/www.patentattorneys.ch\/de\/2021\/01\/12\/lancement-de-la-section-biotech\/\" title=\"Permalink to Biotech-Sektion\" rel=\"bookmark\">\n            <img decoding=\"async\" width=\"600\" height=\"395\" src=\"https:\/\/www.patentattorneys.ch\/wp-content\/uploads\/2021\/01\/banner_biotech_V2_520x320px-600x395.jpg\" class=\"attachment-portfolio size-portfolio wp-post-image\" alt=\"\" \/>        <\/a>\n    <\/div>\n        \n    <div class=\"entry-wrap\">\n\n        <div class=\"entry-meta\">\n            <ul>\n\t\t\n\t\t<li class=\"meta-date\">12\/01\/2021<\/li>\n\t\t\t\t\n\t\t<li class=\"meta-category\"><a href=\"https:\/\/www.patentattorneys.ch\/de\/category\/collaborateur\/claudia-nash\/\" rel=\"category tag\">Claudia Nash<\/a>, <a href=\"https:\/\/www.patentattorneys.ch\/de\/category\/collaborateur\/franck-amiot\/\" rel=\"category tag\">Franck Amiot<\/a>, <a href=\"https:\/\/www.patentattorneys.ch\/de\/category\/news\/\" rel=\"category tag\">News<\/a><\/li>\n\t\t<\/ul>\n        <\/div>\n\n        <div class=\"entry-title\">\n        \t<h2><a href=\"https:\/\/www.patentattorneys.ch\/de\/2021\/01\/12\/lancement-de-la-section-biotech\/\" title=\"Permalink to Biotech-Sektion\" rel=\"bookmark\">Biotech-Sektion<\/a><\/h2>\n        <\/div>\n\n        <div class=\"entry-content\">\n        \t            {:fr}P&amp;TS c\u00e9l\u00e8bre le d\u00e9but de la nouvelle ann\u00e9e 2021 avec... <a class=\"read-more-link\" href=\"https:\/\/www.patentattorneys.ch\/de\/2021\/01\/12\/lancement-de-la-section-biotech\/\">read more  &rarr;<\/a>            <a href=\"https:\/\/www.patentattorneys.ch\/de\/2021\/01\/12\/lancement-de-la-section-biotech\/\" class=\"more\">+<\/a>\n        <\/div>\n\n    <\/div>\n\n<\/article><!-- #post -->\n\n<div class=\"clear\"><\/div><article id=\"post-25902\" class=\"clearfix post-25902 post type-post status-publish format-standard has-post-thumbnail hentry category-franck-amiot category-news\">\n    \n        <div class=\"entry-image\">\n        <a href=\"https:\/\/www.patentattorneys.ch\/de\/2019\/09\/18\/gleevec-de-limportance-des-brevets\/\" title=\"Permalink to Gleevec\u00ae, de l\u2019importance des brevets\" rel=\"bookmark\">\n            <img decoding=\"async\" width=\"600\" height=\"400\" src=\"https:\/\/www.patentattorneys.ch\/wp-content\/uploads\/2019\/10\/gleevec-patent-600x400.jpg\" class=\"attachment-portfolio size-portfolio wp-post-image\" alt=\"Gleevec patent\" \/>        <\/a>\n    <\/div>\n        \n    <div class=\"entry-wrap\">\n\n        <div class=\"entry-meta\">\n            <ul>\n\t\t\n\t\t<li class=\"meta-date\">18\/09\/2019<\/li>\n\t\t\t\t\n\t\t<li class=\"meta-category\"><a href=\"https:\/\/www.patentattorneys.ch\/de\/category\/collaborateur\/franck-amiot\/\" rel=\"category tag\">Franck Amiot<\/a>, <a href=\"https:\/\/www.patentattorneys.ch\/de\/category\/news\/\" rel=\"category tag\">News<\/a><\/li>\n\t\t<\/ul>\n        <\/div>\n\n        <div class=\"entry-title\">\n        \t<h2><a href=\"https:\/\/www.patentattorneys.ch\/de\/2019\/09\/18\/gleevec-de-limportance-des-brevets\/\" title=\"Permalink to Gleevec\u00ae, de l\u2019importance des brevets\" rel=\"bookmark\">Gleevec\u00ae, de l\u2019importance des brevets<\/a><\/h2>\n        <\/div>\n\n        <div class=\"entry-content\">\n        \t            Le refus du gouvernement Indien de d\u00e9livrer un brevet \u00e0... <a class=\"read-more-link\" href=\"https:\/\/www.patentattorneys.ch\/de\/2019\/09\/18\/gleevec-de-limportance-des-brevets\/\">read more  &rarr;<\/a>            <a href=\"https:\/\/www.patentattorneys.ch\/de\/2019\/09\/18\/gleevec-de-limportance-des-brevets\/\" class=\"more\">+<\/a>\n        <\/div>\n\n    <\/div>\n\n<\/article><!-- #post -->\n\n<div class=\"clear\"><\/div><\/div><\/div>[\/vc_tab][\/vc_tabs][\/vc_column][\/vc_row]<\/p>\n<\/div>","protected":false},"excerpt":{"rendered":"<p>[vc_row bg_color=&#8221;#6d787e&#8221; class=&#8221;display-flex&#8221;][vc_column text_color=&#8221;light&#8221; width=&#8221;1\/1&#8243;][vc_row_inner][vc_column_inner width=&#8221;1\/4&#8243;][\/vc_column_inner][vc_column_inner width=&#8221;3\/4&#8243;][vc_column_text] \u00ab\u00a0I greatly appreciate the multicultural environments and the transversal issues, since this often leads to the most promising innovations\u201d [\/vc_column_text][\/vc_column_inner][\/vc_row_inner][\/vc_column][\/vc_row][vc_row][vc_column width=&#8221;1\/1&#8243;][\/vc_column][\/vc_row][vc_row][vc_column width=&#8221;1\/4&#8243;][vc_column_text] Franck Amiot European Patent Attorney Doctor of organic chemistry Master of Innovation Management University degree from CEIPI of the University of Strasbourg, option trademarks EPI-CEIPI Tutor Executive MBA [\/vc_column_text][vc_column_text] Affiliations AROPI [\/vc_column_text][\/vc_column][vc_column width=&#8221;3\/4&#8243;][vc_tabs interval=&#8221;0&#8243;][vc_tab title=&#8221;Biographie&#8221; tab_id=&#8221;dab1363f-82ab-9&#8243;][vc_column_text] Sprachen: Franz\u00f6sisch, Englisch, Spanisch [\/vc_column_text][vc_column_text]Franck Amiot promovierte 2002 an der Universit\u00e4t Genf in organischer Chemie, wo er sich auf die enantioselektive Synthese auf Basis aromatischer Heterozyklen konzentrierte. 2005 schloss er seine wissenschaftliche Ausbildung mit einem Master in Innovationsmanagement an der Universit\u00e4t Lyon ab. Seit 2013 ist er zugelassener Vertreter beim Europ\u00e4ischen Patentamt. Nach ersten Forschungserfahrungen in einem grossen Schweizer Pharmakonzern, wo er sich auf die Synthese von Ger\u00fcsten f\u00fcr die kombinatorische Chemie konzentrierte, wechselte Franck zu einem Startup-Unternehmen in Lyon, wo er an der Entwicklung optischer Formulierungen f\u00fcr Fl\u00fcssiglinsen mitwirkte, einer innovativen Technologie basierend auf Elektromagnetismus.\u00a0 Bei dieser Gelegenheit wurde er als Erfinder mehrerer Patente genannt und beteiligte sich am Technologietransfer f\u00fcr Produktionszwecke. Im Jahr 2008 trat er in die Patentabteilung von MerckSerono in Genf ein und diversifizierte sich dann in andere technische Bereiche wie [&hellip;]<\/p>\n","protected":false},"author":4,"featured_media":0,"parent":26502,"menu_order":0,"comment_status":"closed","ping_status":"closed","template":"","meta":{"footnotes":""},"translation":{"provider":"WPGlobus","version":"3.0.2","language":"de","enabled_languages":["fr","de","en","it"],"languages":{"fr":{"title":true,"content":true,"excerpt":false},"de":{"title":true,"content":true,"excerpt":false},"en":{"title":true,"content":true,"excerpt":false},"it":{"title":false,"content":false,"excerpt":false}}},"yoast_head":"<!-- This site is optimized with the Yoast SEO plugin v24.4 - https:\/\/yoast.com\/wordpress\/plugins\/seo\/ -->\n<title>Franck Amiot - P&amp;TS AG<\/title>\n<meta name=\"robots\" content=\"index, follow, max-snippet:-1, max-image-preview:large, max-video-preview:-1\" \/>\n<link rel=\"canonical\" href=\"https:\/\/www.patentattorneys.ch\/equipe\/collaborateurs\/franck-amiot\/\" \/>\n<meta property=\"og:locale\" content=\"de_DE\" \/>\n<meta property=\"og:type\" content=\"article\" \/>\n<meta property=\"og:title\" content=\"Franck Amiot - P&amp;TS AG\" \/>\n<meta property=\"og:url\" content=\"https:\/\/www.patentattorneys.ch\/equipe\/collaborateurs\/franck-amiot\/\" \/>\n<meta property=\"og:site_name\" content=\"P&amp;TS AG\" \/>\n<meta property=\"article:publisher\" content=\"https:\/\/www.facebook.com\/PTS.Ltd\/\" \/>\n<meta property=\"article:modified_time\" content=\"2025-12-16T14:23:19+00:00\" \/>\n<meta name=\"twitter:card\" content=\"summary_large_image\" \/>\n<meta name=\"twitter:site\" content=\"@PTSSA\" \/>\n<meta name=\"twitter:label1\" content=\"Est. reading time\" \/>\n\t<meta name=\"twitter:data1\" content=\"2 minutes\" \/>\n<script type=\"application\/ld+json\" class=\"yoast-schema-graph\">{\"@context\":\"https:\/\/schema.org\",\"@graph\":[{\"@type\":\"WebPage\",\"@id\":\"https:\/\/www.patentattorneys.ch\/equipe\/collaborateurs\/franck-amiot\/\",\"url\":\"https:\/\/www.patentattorneys.ch\/equipe\/collaborateurs\/franck-amiot\/\",\"name\":\"Franck Amiot - P&amp;TS AG\",\"isPartOf\":{\"@id\":\"https:\/\/www.patentattorneys.ch\/de\/#website\"},\"datePublished\":\"2019-01-29T14:22:17+00:00\",\"dateModified\":\"2025-12-16T14:23:19+00:00\",\"breadcrumb\":{\"@id\":\"https:\/\/www.patentattorneys.ch\/equipe\/collaborateurs\/franck-amiot\/#breadcrumb\"},\"inLanguage\":\"de-DE\",\"potentialAction\":[{\"@type\":\"ReadAction\",\"target\":[\"https:\/\/www.patentattorneys.ch\/equipe\/collaborateurs\/franck-amiot\/\"]}]},{\"@type\":\"BreadcrumbList\",\"@id\":\"https:\/\/www.patentattorneys.ch\/equipe\/collaborateurs\/franck-amiot\/#breadcrumb\",\"itemListElement\":[{\"@type\":\"ListItem\",\"position\":1,\"name\":\"Accueil\",\"item\":\"https:\/\/www.patentattorneys.ch\/\"},{\"@type\":\"ListItem\",\"position\":2,\"name\":\"Our team\",\"item\":\"https:\/\/www.patentattorneys.ch\/equipe\/\"},{\"@type\":\"ListItem\",\"position\":3,\"name\":\"Collaborateurs\",\"item\":\"https:\/\/www.patentattorneys.ch\/equipe\/collaborateurs\/\"},{\"@type\":\"ListItem\",\"position\":4,\"name\":\"Franck Amiot\"}]},{\"@type\":\"WebSite\",\"@id\":\"https:\/\/www.patentattorneys.ch\/de\/#website\",\"url\":\"https:\/\/www.patentattorneys.ch\/de\/\",\"name\":\"P&amp;TS AG\",\"description\":\"Patentanw\u00e4lte\",\"publisher\":{\"@id\":\"https:\/\/www.patentattorneys.ch\/de\/#organization\"},\"potentialAction\":[{\"@type\":\"SearchAction\",\"target\":{\"@type\":\"EntryPoint\",\"urlTemplate\":\"https:\/\/www.patentattorneys.ch\/de\/?s={search_term_string}\"},\"query-input\":{\"@type\":\"PropertyValueSpecification\",\"valueRequired\":true,\"valueName\":\"search_term_string\"}}],\"inLanguage\":\"de-DE\"},{\"@type\":\"Organization\",\"@id\":\"https:\/\/www.patentattorneys.ch\/de\/#organization\",\"name\":\"P&TS SA\",\"url\":\"https:\/\/www.patentattorneys.ch\/de\/\",\"logo\":{\"@type\":\"ImageObject\",\"inLanguage\":\"de-DE\",\"@id\":\"https:\/\/www.patentattorneys.ch\/de\/#\/schema\/logo\/image\/\",\"url\":\"https:\/\/www.patentattorneys.ch\/wp-content\/uploads\/2016\/01\/PTS_Icon.jpg\",\"contentUrl\":\"https:\/\/www.patentattorneys.ch\/wp-content\/uploads\/2016\/01\/PTS_Icon.jpg\",\"width\":512,\"height\":512,\"caption\":\"P&TS SA\"},\"image\":{\"@id\":\"https:\/\/www.patentattorneys.ch\/de\/#\/schema\/logo\/image\/\"},\"sameAs\":[\"https:\/\/www.facebook.com\/PTS.Ltd\/\",\"https:\/\/x.com\/PTSSA\",\"https:\/\/www.linkedin.com\/company\/p&ts-sa\"]}]}<\/script>\n<!-- \/ Yoast SEO plugin. -->","yoast_head_json":{"title":"Franck Amiot - P&amp;TS AG","robots":{"index":"index","follow":"follow","max-snippet":"max-snippet:-1","max-image-preview":"max-image-preview:large","max-video-preview":"max-video-preview:-1"},"canonical":"https:\/\/www.patentattorneys.ch\/equipe\/collaborateurs\/franck-amiot\/","og_locale":"de_DE","og_type":"article","og_title":"Franck Amiot - P&amp;TS AG","og_url":"https:\/\/www.patentattorneys.ch\/equipe\/collaborateurs\/franck-amiot\/","og_site_name":"P&amp;TS AG","article_publisher":"https:\/\/www.facebook.com\/PTS.Ltd\/","article_modified_time":"2025-12-16T14:23:19+00:00","twitter_card":"summary_large_image","twitter_site":"@PTSSA","twitter_misc":{"Est. reading time":"2 minutes"},"schema":{"@context":"https:\/\/schema.org","@graph":[{"@type":"WebPage","@id":"https:\/\/www.patentattorneys.ch\/equipe\/collaborateurs\/franck-amiot\/","url":"https:\/\/www.patentattorneys.ch\/equipe\/collaborateurs\/franck-amiot\/","name":"Franck Amiot - P&amp;TS AG","isPartOf":{"@id":"https:\/\/www.patentattorneys.ch\/de\/#website"},"datePublished":"2019-01-29T14:22:17+00:00","dateModified":"2025-12-16T14:23:19+00:00","breadcrumb":{"@id":"https:\/\/www.patentattorneys.ch\/equipe\/collaborateurs\/franck-amiot\/#breadcrumb"},"inLanguage":"de-DE","potentialAction":[{"@type":"ReadAction","target":["https:\/\/www.patentattorneys.ch\/equipe\/collaborateurs\/franck-amiot\/"]}]},{"@type":"BreadcrumbList","@id":"https:\/\/www.patentattorneys.ch\/equipe\/collaborateurs\/franck-amiot\/#breadcrumb","itemListElement":[{"@type":"ListItem","position":1,"name":"Accueil","item":"https:\/\/www.patentattorneys.ch\/"},{"@type":"ListItem","position":2,"name":"Our team","item":"https:\/\/www.patentattorneys.ch\/equipe\/"},{"@type":"ListItem","position":3,"name":"Collaborateurs","item":"https:\/\/www.patentattorneys.ch\/equipe\/collaborateurs\/"},{"@type":"ListItem","position":4,"name":"Franck Amiot"}]},{"@type":"WebSite","@id":"https:\/\/www.patentattorneys.ch\/de\/#website","url":"https:\/\/www.patentattorneys.ch\/de\/","name":"P&amp;TS AG","description":"Patentanw\u00e4lte","publisher":{"@id":"https:\/\/www.patentattorneys.ch\/de\/#organization"},"potentialAction":[{"@type":"SearchAction","target":{"@type":"EntryPoint","urlTemplate":"https:\/\/www.patentattorneys.ch\/de\/?s={search_term_string}"},"query-input":{"@type":"PropertyValueSpecification","valueRequired":true,"valueName":"search_term_string"}}],"inLanguage":"de-DE"},{"@type":"Organization","@id":"https:\/\/www.patentattorneys.ch\/de\/#organization","name":"P&TS SA","url":"https:\/\/www.patentattorneys.ch\/de\/","logo":{"@type":"ImageObject","inLanguage":"de-DE","@id":"https:\/\/www.patentattorneys.ch\/de\/#\/schema\/logo\/image\/","url":"https:\/\/www.patentattorneys.ch\/wp-content\/uploads\/2016\/01\/PTS_Icon.jpg","contentUrl":"https:\/\/www.patentattorneys.ch\/wp-content\/uploads\/2016\/01\/PTS_Icon.jpg","width":512,"height":512,"caption":"P&TS SA"},"image":{"@id":"https:\/\/www.patentattorneys.ch\/de\/#\/schema\/logo\/image\/"},"sameAs":["https:\/\/www.facebook.com\/PTS.Ltd\/","https:\/\/x.com\/PTSSA","https:\/\/www.linkedin.com\/company\/p&ts-sa"]}]}},"_links":{"self":[{"href":"https:\/\/www.patentattorneys.ch\/de\/wp-json\/wp\/v2\/pages\/24849"}],"collection":[{"href":"https:\/\/www.patentattorneys.ch\/de\/wp-json\/wp\/v2\/pages"}],"about":[{"href":"https:\/\/www.patentattorneys.ch\/de\/wp-json\/wp\/v2\/types\/page"}],"author":[{"embeddable":true,"href":"https:\/\/www.patentattorneys.ch\/de\/wp-json\/wp\/v2\/users\/4"}],"replies":[{"embeddable":true,"href":"https:\/\/www.patentattorneys.ch\/de\/wp-json\/wp\/v2\/comments?post=24849"}],"version-history":[{"count":55,"href":"https:\/\/www.patentattorneys.ch\/de\/wp-json\/wp\/v2\/pages\/24849\/revisions"}],"predecessor-version":[{"id":35667,"href":"https:\/\/www.patentattorneys.ch\/de\/wp-json\/wp\/v2\/pages\/24849\/revisions\/35667"}],"up":[{"embeddable":true,"href":"https:\/\/www.patentattorneys.ch\/de\/wp-json\/wp\/v2\/pages\/26502"}],"wp:attachment":[{"href":"https:\/\/www.patentattorneys.ch\/de\/wp-json\/wp\/v2\/media?parent=24849"}],"curies":[{"name":"wp","href":"https:\/\/api.w.org\/{rel}","templated":true}]}}