

{"id":26976,"date":"2019-10-30T08:29:56","date_gmt":"2019-10-30T07:29:56","guid":{"rendered":"https:\/\/www.patentattorneys.ch\/?page_id=26976"},"modified":"2025-08-13T08:05:20","modified_gmt":"2025-08-13T07:05:20","slug":"timestamping","status":"publish","type":"page","link":"https:\/\/www.patentattorneys.ch\/de\/dienstleitungen\/zeitstempelung\/","title":{"rendered":"Zeitstempelung"},"content":{"rendered":"<div class=\"wpb-content-wrapper\"><p>[vc_row type=&#8221;full_width_section&#8221;][vc_column width=&#8221;1\/1&#8243;]<div class=\"imagebox wpb_content_element style-1\"><div class=\"imagebox-img\"><img decoding=\"async\" src=\"https:\/\/www.patentattorneys.ch\/wp-content\/uploads\/2019\/10\/banner_timestamping.jpg\" alt=\"Timestamping - Zeitstempelung\" \/><\/div><\/div>[\/vc_column][\/vc_row][vc_row][vc_column width=&#8221;1\/1&#8243;]<style>#breadcrumb-69e2278e91531 li::after { content: \"\u00bb\" }<\/style><div class=\"\"><ol class=\"wwp-vc-breadcrumbs \" id=\"breadcrumb-69e2278e91531\"><li class=\"visited\"><a href=\"\/\">Home<\/a><\/li><li class=\"visited\"><a href=\"https:\/\/www.patentattorneys.ch\/de\/dienstleitungen\/\">{:fr}Services{:}{:de}Dienstleitungen{:}{:en}Our services{:}<\/a><\/li><li class=\"current\"><span>Zeitstempelung<\/span><\/li><\/ol><\/div>[\/vc_column][\/vc_row][vc_row bg_image=&#8221;15893&#8243;][vc_column animation=&#8221;fade-in-from-left&#8221; width=&#8221;2\/3&#8243;]<div class=\"spacer\" style=\"height: 40px;\"><\/div>[vc_column_text]<\/p>\n<h1>Zeitstempelung<\/h1>\n<p>[\/vc_column_text][vc_column_text]Um ihre Ideen, Kreationen und Innovationen entwickeln und verwerten zu k\u00f6nnen, werden Sie zwangsl\u00e4ufig empfindliche Informationen an Ihre (potentiellen) Partner weiterleiten m\u00fcssen. Zum Schutz dieser Kreationen und Innovationen stehen Ihnen zwar verschiedene juristische Mittel zur Verf\u00fcgung, jedoch ist oft eine einfache und zuverl\u00e4ssige Beweismethode erw\u00fcnscht, die die Schaffung, die Unversehrtheit und Ihre Rechte an Ihren Kreationen attestiert. Mit einem derartigen Beweis ausgestattet k\u00f6nnen Sie Ihre Kreationen unbedenklich n\u00fctzen und wissen, dass Sie Ihre Rechte auch zuk\u00fcnftig verteidigen und durchsetzen k\u00f6nnen.<\/p>\n<p>Das Datieren und die zertifizierte Zeitstempelung Ihrer Dokumente auf Blockchain-Basis, wie dies durch P&amp;TS in Zusammenarbeit mit Bernstein angeboten wird, stellt eine einfache, rasche und sichere Methode dar, um zu beweisen, dass Ihre Kreationen oder Informationen am zum Zeitpunkt ihrer Registrierung bzw. der Zeitstempelung existieren:<\/p>\n<ul>\n<li>IP Zeitstempelung ist sicher und vertraulich, dank einer Verschl\u00fcsselung, die gew\u00e4hrleistet, dass Ihre Informationen nur f\u00fcr Sie sichtbar und zug\u00e4nglich sind.<\/li>\n<li>Dank der dezentralisierten Blockchain-Struktur ist IP Zeitstempelung besonders betrugssicher.<\/li>\n<li>IP Zeitstempelung liefert elektronische Unterschriften und juristisch anerkannte Zertifikate f\u00fcr Ihre registrierten Dokumente, Ihre Kreationen und Informationen, was Ihre Position bez\u00fcglich dem vorgesehenen Austausch, der Nutzung und der Verwertung Ihrer Kreationen verst\u00e4rkt.<\/li>\n<\/ul>\n<p>[\/vc_column_text][vc_tabs][vc_tab title=&#8221;Urheberrecht&#8221; tab_id=&#8221;31204153-d792-4&#8243;][vc_column_text]Ihre k\u00fcnstlerische Kreationen, wie beispielsweise literarische Werke, visuelle Gestaltungen, Gem\u00e4lde, Zeichnungen, (3D-) Modelle, Fotografien, computergenerierte Bilder, k\u00fcnstlerische Darbietungen, musikalische Sch\u00f6pfungen, Filme, Sendungen usw. werden ab ihrem Entstehungsdatum nach dem Urheberrecht oder den verwandten Schutzrechten automatisch gesch\u00fctzt. Allerdings wird ein unwiderlegbarer Beweis dieses Datums ben\u00f6tigt, um eventuelle Nachahmungen seitens Drittparteien verhindern zu k\u00f6nnen.<\/p>\n<p>Zu diesem Zweck erbringt die zertifizierte und juristisch anerkannte IP Zeitstempelung Ihrer Dokumente, wie dies im Blockchain von P&amp;TS geboten sind, den erforderlichen Beweis.[\/vc_column_text][\/vc_tab][vc_tab title=&#8221;Gesch\u00e4ftsgeheimnisse&#8221; tab_id=&#8221;443dfb8d-66aa-2&#8243;][vc_column_text]Gewisse Informationen, beispielsweise Informationen im Zusammenhang mit technischem oder wirtschaftlichem Knowhow, werden durch wirksam als Gesch\u00e4ftsgeheimnis (oder geheimes Knowhow) gesch\u00fctzt. Dies trifft insbesondere zu, wenn Patentschutz oder andere Immaterialg\u00fcterrechte keinen ausreichend langen oder starken Schutz \u00a0bieten. Den Weg des Gesch\u00e4ftsgeheimnisses einzuschlagen birgt jedoch eine Reihe von Risiken:<\/p>\n<ul>\n<li>Erstens ist ein Gesch\u00e4ftsgeheimnis nur so lange gesch\u00fctzt, wie es geheim bleibt \u2013 das bedeutet, dass w\u00e4hrend der Bearbeitung der geheimen Information strikte interne Verfahren einzuhalten sind.<\/li>\n<li>Des Weiteren, besteht f\u00fcr Sie keine M\u00f6glichkeit, eine Verwendung des Gesch\u00e4ftsgeheimnisses durch Drittparteien zu verhindern, das geheime Knowhow unabh\u00e4ngig von einer Drittpartei entwickelt wurde.<\/li>\n<li>Letztendlich, und vermutlich am Allerwichtigsten:: Falls Ihr Konkurrent das geheime Knowhow unabh\u00e4ngig entwickelt und patentiert, k\u00f6nnen Sie m\u00f6glicherweise von der Nutzung Ihres eigenen Gesch\u00e4ftsgeheimnisses abgehalten werden, es sei denn Sie sind in der Lage, einen Beweis f\u00fcr die Entwicklung, Ihren Besitz und die Nutzung des Gesch\u00e4ftsgeheimnisses vor dem Anmeldedatum des Patents zu erbringen..<\/li>\n<\/ul>\n<p>Ein Beweis, dass Ihr Gesch\u00e4ftsgeheimnis zu einem gegebenen Zeitpunkt vorhanden und in Ihrem Besitz war, kann auch verlangt werden, wenn Sie ein Diebstahl Ihres Gesch\u00e4ftsgeheimnisses durch einen Konkurrenten oder einen ehemaligen Angestellten vermuten. Hier kann eine elektronische Zeitstempelung sicherstellen, dass Sie f\u00fcr allf\u00e4llige Rechtstreitigkeiten vorbereitet sind oder diese sogar g\u00e4nzlich vermeiden k\u00f6nnen.<\/p>\n<p>Die Durch P&amp;TS bereitgestellten Zertifikate bilden einen unwiderlegbaren und unverletzlichen Beweis der Existenz und Unversehrtheit Ihrer Gesch\u00e4ftsgeheimnisse zum Zeitpunkt ihrer Registrierung.[\/vc_column_text][\/vc_tab][vc_tab title=&#8221;Erfindungsmeldung&#8221; tab_id=&#8221;1570804135482-2-3&#8243;][vc_column_text]Das Datieren einer Erfindungsmeldung vor der Einreichung einer Patentanmeldung stellt einen unwiderlegbaren und unverletzlichen Beweis f\u00fcr das Vorhandensein und die Integrit\u00e4t der Erfindung dar, sowie einen Beweis Ihres Besitzes der Erfindung am Anmeldedatum. Dieser Beweis kann sich als n\u00fctzlich erweisen, um beispielsweise Rechte an einer Vorbenutzung nachzuweisen, falls ein Konkurrent den Patentschutz f\u00fcr eine \u00e4hnliche Erfindung vor dem Priorit\u00e4tsdatum Ihrer eigenen Patentmeldung beantragt.<\/p>\n<p>Im Rahmen von Kollaborationsprojekten ist es oft hilfreich, den Beitrag jeder Partei vor und w\u00e4hrend der Zusammenarbeit festzulegen.<\/p>\n<p>Zudem kann eine Zeitstempelung von Kollaborationsvertr\u00e4gen Vertraulichkeitsvereinbarungen (NDAs) verst\u00e4rken. NDAs sind unter anderem essentiell um Informationen bez\u00fcglich Ihrer Erfindung vor der Anmeldung eines Patentes mit Ihren Partnern teilen zu k\u00f6nnen (siehe auch Abschnitt \u00fcber Vertraulichkeitsvereinbarungen).<\/p>\n<p>Das Kombinieren von Patenten mit Gesch\u00e4ftsgeheimnissen ist ein beliebtes und wirksames Mittel, Ihr geistiges Eigentum zu sch\u00fctzen. Das Zertifizieren von Gesch\u00e4ftsgeheimnissen durch IP Zeitstempelung erlaubt es, diesen Schutz zu verst\u00e4rken (siehe Abschnitt \u00fcber Gesch\u00e4ftsgeheimnisse).[\/vc_column_text][\/vc_tab][vc_tab title=&#8221;Vertraulichkeitsvereinbarungen&#8221; tab_id=&#8221;1570804148250-3-3&#8243;][vc_column_text]Unabh\u00e4ngig von der Art Ihres Unternehmens m\u00fcssen Sie im Rahmen Ihrer Forschungsarbeiten oder Ihres kreativen Interesses gelegentlich empfindliche oder vertrauliche Informationen an Drittparteien weiterleiten. Um eine Weiterverteilung dieser Informationen durch diese Drittparteien zu verhindern und um zu vermeiden, dass Drittparteien diese Informationen f\u00fcr ihre eigenen wirtschaftlichen Zwecke verwenden, m\u00fcssen Sie eine Vereinbarung \u00fcber die Handhabung dieser empfindlichen Informationen im Rahmen einer Vertraulichkeitsvereinbarung (NDA, non disclosure agreement) festlegen. NDAs erm\u00f6glichen es Ihnen, pers\u00f6nliche Ausk\u00fcnfte mit Dritten auszutauschen. Allerdings k\u00f6nnen NDAs angefochten werden. Aus diesem Grund ist er sehr zu empfehlen, die im Rahmen einer NDA mitgeteilte Information zu zeitstempeln und zu zertifizieren, um allf\u00e4llige Konflikte hinsichtlich des Umfangs und Inhalts der mitgeteilten Information zu vermeiden.[\/vc_column_text][\/vc_tab][vc_tab title=&#8221;Marken&#8221; tab_id=&#8221;1570804161332-4-8&#8243;][vc_column_text]Marken sch\u00fctzen Namen, Symbole, Farben, gewisse Tonfolgen, Schl\u00fcssels\u00e4tze usw., welche Konsumenten mit dem Unternehmen, dessen Produkten und dessen Werten verbinden. Um Drittparteien abzuhalten, einen Profit aus dem etablierten \u00abGoodwill\u00bb, der ihrer Marke entgegengebracht wird, zu schlagen, k\u00f6nnen Sie Ihren Konkurrenten die Nutzung Ihrer angemeldeten Marken verbieten.<\/p>\n<p>Sie m\u00fcssen allerdings Ihre Marke benutzen, um Ihre Monopolrechte in einer bestimmten Jurisdiktion oder einem bestimmten Staat aufrechtzuerhalten. Hierzu liefert das Zeitstempeln von Gebrauchsnachweisen den n\u00f6tigen Beweis Ihrer Nutzung der Marke in einem Staat zu einem gegebenen Zeitpunkt \u00a0und Sie k\u00f6nnen so Ihre Rechte und Ihre Position auf dem Markt wirksam verteidigen.[\/vc_column_text][\/vc_tab][vc_tab title=&#8221;Vorbenutzung&#8221; tab_id=&#8221;1570804170523-5-1&#8243;][vc_column_text]Unabh\u00e4ngig davon, auf welche Weise Sie Ihr geistiges Eigentum, Ihre Informationen oder Ihre Geheimnisse sch\u00fctzen, m\u00fcssen Sie m\u00f6glicherweise nachweisen, dass Ihre Kreation oder Information zu einem bestimmten Zeitpunkt vorhanden war und kommerziell genutzt wurde, um Ihre Monopol- oder Nutzungsrechte Ihres Eigentums aufrechtzuerhalten.<\/p>\n<p>Im Allgemeinen gew\u00e4hren Ihnen Immaterialg\u00fcterrechte das Recht, die Benutzung Ihres gesch\u00fctzten Eigentums oder Ihrer Kreation durch Drittparteien zu untersagen. Diese Rechte k\u00f6nnen allerdings auf Grund mangelnder Benutzung f\u00fcr ung\u00fcltig erkl\u00e4rt werden.<\/p>\n<p>Ein Benutzungsnachweis ist auch n\u00fctzlich, um sich gegen das Risiko blockierender Patentrechte von Drittpatente zu sch\u00fctzen. Um Ihr Recht zur Weiterbenutzung Ihres geistigen Eigentums sicherzustellen, m\u00fcssen Sie in der Lage sein, dessen Verwendung zu wirtschaftlichen Zwecken vor dem Anmeldedatum eines mutmasslich verletzten Patents zu beweisen.<\/p>\n<p>F\u00fcr die oben angef\u00fchrten Szenarien und f\u00fcr alle andere Aufforderungen, eine Nutzung Ihres Eigentums nachzuweisen, ist elektronische IP Zeitstempelung zur Verteidigung Ihrer Rechte ausserordentlich wertvoll. Ihre Dokumente werden zum Zeitpunkt ihrer Registrierung in der Blockchain- via P&amp;TS datiert und k\u00f6nnen daraufhin zertifiziert werden.[\/vc_column_text][\/vc_tab][\/vc_tabs][\/vc_column][vc_column animation=&#8221;fade-in-from-bottom&#8221; width=&#8221;1\/3&#8243;]<div class=\"spacer\" style=\"height: 40px;\"><\/div>[vc_column_text]KONTAKT[\/vc_column_text]<div class=\"member wpb_content_element test\"><div class=\"member-img\"><a href='https:\/\/www.patentattorneys.ch\/de\/unser-team\/mitarbeiter\/claudia-nash\/'><img decoding=\"async\" src=\"https:\/\/www.patentattorneys.ch\/wp-content\/uploads\/2020\/10\/schreyer_2003424.jpg\" alt=\"Claudia Nash\" \/><\/a><\/div><h4><a href='https:\/\/www.patentattorneys.ch\/de\/unser-team\/mitarbeiter\/claudia-nash\/'>Claudia Nash<\/a><\/h4><div class=\"member-role\">European, Swiss Patent Attorney and Technology Transfer Expert<\/div><div class=\"member-content\"><p><\/p><\/div><\/div>[vc_column_text]<a href=\"https:\/\/app.bernstein.io\/patentattorneys-ch\">&gt; Timestamping Login<\/a><\/p>\n<p><a href=\"https:\/\/app.bernstein.io\/patentattorneys-ch\/registration\">&gt; Pers\u00f6nliches Benutzerkonto er\u00f6ffnen<\/a><\/p>\n<p><a href=\"https:\/\/www.patentattorneys.ch\/wp-content\/uploads\/2020\/08\/Bernstein-Guided-Tour-PTS-v2.pdf\">&gt; Verwendung von Bernstein<\/a>[\/vc_column_text][\/vc_column][\/vc_row]<\/p>\n<\/div>","protected":false},"excerpt":{"rendered":"<p>[vc_row type=&#8221;full_width_section&#8221;][vc_column width=&#8221;1\/1&#8243;][\/vc_column][\/vc_row][vc_row][vc_column width=&#8221;1\/1&#8243;][\/vc_column][\/vc_row][vc_row bg_image=&#8221;15893&#8243;][vc_column animation=&#8221;fade-in-from-left&#8221; width=&#8221;2\/3&#8243;][vc_column_text] Zeitstempelung [\/vc_column_text][vc_column_text]Um ihre Ideen, Kreationen und Innovationen entwickeln und verwerten zu k\u00f6nnen, werden Sie zwangsl\u00e4ufig empfindliche Informationen an Ihre (potentiellen) Partner weiterleiten m\u00fcssen. Zum Schutz dieser Kreationen und Innovationen stehen Ihnen zwar verschiedene juristische Mittel zur Verf\u00fcgung, jedoch ist oft eine einfache und zuverl\u00e4ssige Beweismethode erw\u00fcnscht, die die Schaffung, die Unversehrtheit und Ihre Rechte an Ihren Kreationen attestiert. Mit einem derartigen Beweis ausgestattet k\u00f6nnen Sie Ihre Kreationen unbedenklich n\u00fctzen und wissen, dass Sie Ihre Rechte auch zuk\u00fcnftig verteidigen und durchsetzen k\u00f6nnen. Das Datieren und die zertifizierte Zeitstempelung Ihrer Dokumente auf Blockchain-Basis, wie dies durch P&amp;TS in Zusammenarbeit mit Bernstein angeboten wird, stellt eine einfache, rasche und sichere Methode dar, um zu beweisen, dass Ihre Kreationen oder Informationen am zum Zeitpunkt ihrer Registrierung bzw. der Zeitstempelung existieren: IP Zeitstempelung ist sicher und vertraulich, dank einer Verschl\u00fcsselung, die gew\u00e4hrleistet, dass Ihre Informationen nur f\u00fcr Sie sichtbar und zug\u00e4nglich sind. Dank der dezentralisierten Blockchain-Struktur ist IP Zeitstempelung besonders betrugssicher. IP Zeitstempelung liefert elektronische Unterschriften und juristisch anerkannte Zertifikate f\u00fcr Ihre registrierten Dokumente, Ihre Kreationen und Informationen, was Ihre Position bez\u00fcglich dem vorgesehenen Austausch, der Nutzung und der Verwertung Ihrer Kreationen verst\u00e4rkt. [\/vc_column_text][vc_tabs][vc_tab title=&#8221;Urheberrecht&#8221; tab_id=&#8221;31204153-d792-4&#8243;][vc_column_text]Ihre k\u00fcnstlerische Kreationen, [&hellip;]<\/p>\n","protected":false},"author":8,"featured_media":0,"parent":15428,"menu_order":0,"comment_status":"closed","ping_status":"closed","template":"","meta":{"footnotes":""},"translation":{"provider":"WPGlobus","version":"3.0.2","language":"de","enabled_languages":["fr","de","en","it"],"languages":{"fr":{"title":true,"content":true,"excerpt":false},"de":{"title":true,"content":true,"excerpt":false},"en":{"title":true,"content":true,"excerpt":false},"it":{"title":false,"content":false,"excerpt":false}}},"yoast_head":"<!-- This site is optimized with the Yoast SEO plugin v24.4 - https:\/\/yoast.com\/wordpress\/plugins\/seo\/ -->\n<title>Zeitstempelung - P&amp;TS AG<\/title>\n<meta name=\"description\" content=\"Zeitstempeln oder Datieren Ihrer Kreationen \u2013 ein erster Schritt, um sie mit unserem Expertenteam zu sch\u00fctzen.\" \/>\n<meta name=\"robots\" content=\"index, follow, max-snippet:-1, max-image-preview:large, max-video-preview:-1\" \/>\n<link rel=\"canonical\" href=\"https:\/\/www.patentattorneys.ch\/nos-services\/timestamping\/\" \/>\n<meta property=\"og:locale\" content=\"de_DE\" \/>\n<meta property=\"og:type\" content=\"article\" \/>\n<meta property=\"og:title\" content=\"Zeitstempelung - P&amp;TS AG\" \/>\n<meta property=\"og:description\" content=\"Zeitstempeln oder Datieren Ihrer Kreationen \u2013 ein erster Schritt, um sie mit unserem Expertenteam zu sch\u00fctzen.\" \/>\n<meta property=\"og:url\" content=\"https:\/\/www.patentattorneys.ch\/nos-services\/timestamping\/\" \/>\n<meta property=\"og:site_name\" content=\"P&amp;TS AG\" \/>\n<meta property=\"article:publisher\" content=\"https:\/\/www.facebook.com\/PTS.Ltd\/\" \/>\n<meta property=\"article:modified_time\" content=\"2025-08-13T07:05:20+00:00\" \/>\n<meta name=\"twitter:card\" content=\"summary_large_image\" \/>\n<meta name=\"twitter:site\" content=\"@PTSSA\" \/>\n<meta name=\"twitter:label1\" content=\"Est. reading time\" \/>\n\t<meta name=\"twitter:data1\" content=\"6 minutes\" \/>\n<script type=\"application\/ld+json\" class=\"yoast-schema-graph\">{\"@context\":\"https:\/\/schema.org\",\"@graph\":[{\"@type\":\"WebPage\",\"@id\":\"https:\/\/www.patentattorneys.ch\/nos-services\/timestamping\/\",\"url\":\"https:\/\/www.patentattorneys.ch\/nos-services\/timestamping\/\",\"name\":\"Zeitstempelung - P&amp;TS AG\",\"isPartOf\":{\"@id\":\"https:\/\/www.patentattorneys.ch\/de\/#website\"},\"datePublished\":\"2019-10-30T07:29:56+00:00\",\"dateModified\":\"2025-08-13T07:05:20+00:00\",\"description\":\"Timestamping ou dater vos cr\u00e9ations \u2013 un premier pas pour les prot\u00e9ger avec notre \u00e9quipe d'experts.\",\"breadcrumb\":{\"@id\":\"https:\/\/www.patentattorneys.ch\/nos-services\/timestamping\/#breadcrumb\"},\"inLanguage\":\"de-DE\",\"potentialAction\":[{\"@type\":\"ReadAction\",\"target\":[\"https:\/\/www.patentattorneys.ch\/nos-services\/timestamping\/\"]}]},{\"@type\":\"BreadcrumbList\",\"@id\":\"https:\/\/www.patentattorneys.ch\/nos-services\/timestamping\/#breadcrumb\",\"itemListElement\":[{\"@type\":\"ListItem\",\"position\":1,\"name\":\"Accueil\",\"item\":\"https:\/\/www.patentattorneys.ch\/\"},{\"@type\":\"ListItem\",\"position\":2,\"name\":\"Our services\",\"item\":\"https:\/\/www.patentattorneys.ch\/nos-services\/\"},{\"@type\":\"ListItem\",\"position\":3,\"name\":\"Timestamping\"}]},{\"@type\":\"WebSite\",\"@id\":\"https:\/\/www.patentattorneys.ch\/de\/#website\",\"url\":\"https:\/\/www.patentattorneys.ch\/de\/\",\"name\":\"P&amp;TS AG\",\"description\":\"Patentanw\u00e4lte\",\"publisher\":{\"@id\":\"https:\/\/www.patentattorneys.ch\/de\/#organization\"},\"potentialAction\":[{\"@type\":\"SearchAction\",\"target\":{\"@type\":\"EntryPoint\",\"urlTemplate\":\"https:\/\/www.patentattorneys.ch\/de\/?s={search_term_string}\"},\"query-input\":{\"@type\":\"PropertyValueSpecification\",\"valueRequired\":true,\"valueName\":\"search_term_string\"}}],\"inLanguage\":\"de-DE\"},{\"@type\":\"Organization\",\"@id\":\"https:\/\/www.patentattorneys.ch\/de\/#organization\",\"name\":\"P&TS SA\",\"url\":\"https:\/\/www.patentattorneys.ch\/de\/\",\"logo\":{\"@type\":\"ImageObject\",\"inLanguage\":\"de-DE\",\"@id\":\"https:\/\/www.patentattorneys.ch\/de\/#\/schema\/logo\/image\/\",\"url\":\"https:\/\/www.patentattorneys.ch\/wp-content\/uploads\/2016\/01\/PTS_Icon.jpg\",\"contentUrl\":\"https:\/\/www.patentattorneys.ch\/wp-content\/uploads\/2016\/01\/PTS_Icon.jpg\",\"width\":512,\"height\":512,\"caption\":\"P&TS SA\"},\"image\":{\"@id\":\"https:\/\/www.patentattorneys.ch\/de\/#\/schema\/logo\/image\/\"},\"sameAs\":[\"https:\/\/www.facebook.com\/PTS.Ltd\/\",\"https:\/\/x.com\/PTSSA\",\"https:\/\/www.linkedin.com\/company\/p&ts-sa\"]}]}<\/script>\n<!-- \/ Yoast SEO plugin. -->","yoast_head_json":{"title":"Zeitstempelung - P&amp;TS AG","description":"Zeitstempeln oder Datieren Ihrer Kreationen \u2013 ein erster Schritt, um sie mit unserem Expertenteam zu sch\u00fctzen.","robots":{"index":"index","follow":"follow","max-snippet":"max-snippet:-1","max-image-preview":"max-image-preview:large","max-video-preview":"max-video-preview:-1"},"canonical":"https:\/\/www.patentattorneys.ch\/nos-services\/timestamping\/","og_locale":"de_DE","og_type":"article","og_title":"Zeitstempelung - P&amp;TS AG","og_description":"Zeitstempeln oder Datieren Ihrer Kreationen \u2013 ein erster Schritt, um sie mit unserem Expertenteam zu sch\u00fctzen.","og_url":"https:\/\/www.patentattorneys.ch\/nos-services\/timestamping\/","og_site_name":"P&amp;TS AG","article_publisher":"https:\/\/www.facebook.com\/PTS.Ltd\/","article_modified_time":"2025-08-13T07:05:20+00:00","twitter_card":"summary_large_image","twitter_site":"@PTSSA","twitter_misc":{"Est. reading time":"6 minutes"},"schema":{"@context":"https:\/\/schema.org","@graph":[{"@type":"WebPage","@id":"https:\/\/www.patentattorneys.ch\/nos-services\/timestamping\/","url":"https:\/\/www.patentattorneys.ch\/nos-services\/timestamping\/","name":"Zeitstempelung - P&amp;TS AG","isPartOf":{"@id":"https:\/\/www.patentattorneys.ch\/de\/#website"},"datePublished":"2019-10-30T07:29:56+00:00","dateModified":"2025-08-13T07:05:20+00:00","description":"Timestamping ou dater vos cr\u00e9ations \u2013 un premier pas pour les prot\u00e9ger avec notre \u00e9quipe d'experts.","breadcrumb":{"@id":"https:\/\/www.patentattorneys.ch\/nos-services\/timestamping\/#breadcrumb"},"inLanguage":"de-DE","potentialAction":[{"@type":"ReadAction","target":["https:\/\/www.patentattorneys.ch\/nos-services\/timestamping\/"]}]},{"@type":"BreadcrumbList","@id":"https:\/\/www.patentattorneys.ch\/nos-services\/timestamping\/#breadcrumb","itemListElement":[{"@type":"ListItem","position":1,"name":"Accueil","item":"https:\/\/www.patentattorneys.ch\/"},{"@type":"ListItem","position":2,"name":"Our services","item":"https:\/\/www.patentattorneys.ch\/nos-services\/"},{"@type":"ListItem","position":3,"name":"Timestamping"}]},{"@type":"WebSite","@id":"https:\/\/www.patentattorneys.ch\/de\/#website","url":"https:\/\/www.patentattorneys.ch\/de\/","name":"P&amp;TS AG","description":"Patentanw\u00e4lte","publisher":{"@id":"https:\/\/www.patentattorneys.ch\/de\/#organization"},"potentialAction":[{"@type":"SearchAction","target":{"@type":"EntryPoint","urlTemplate":"https:\/\/www.patentattorneys.ch\/de\/?s={search_term_string}"},"query-input":{"@type":"PropertyValueSpecification","valueRequired":true,"valueName":"search_term_string"}}],"inLanguage":"de-DE"},{"@type":"Organization","@id":"https:\/\/www.patentattorneys.ch\/de\/#organization","name":"P&TS SA","url":"https:\/\/www.patentattorneys.ch\/de\/","logo":{"@type":"ImageObject","inLanguage":"de-DE","@id":"https:\/\/www.patentattorneys.ch\/de\/#\/schema\/logo\/image\/","url":"https:\/\/www.patentattorneys.ch\/wp-content\/uploads\/2016\/01\/PTS_Icon.jpg","contentUrl":"https:\/\/www.patentattorneys.ch\/wp-content\/uploads\/2016\/01\/PTS_Icon.jpg","width":512,"height":512,"caption":"P&TS SA"},"image":{"@id":"https:\/\/www.patentattorneys.ch\/de\/#\/schema\/logo\/image\/"},"sameAs":["https:\/\/www.facebook.com\/PTS.Ltd\/","https:\/\/x.com\/PTSSA","https:\/\/www.linkedin.com\/company\/p&ts-sa"]}]}},"_links":{"self":[{"href":"https:\/\/www.patentattorneys.ch\/de\/wp-json\/wp\/v2\/pages\/26976"}],"collection":[{"href":"https:\/\/www.patentattorneys.ch\/de\/wp-json\/wp\/v2\/pages"}],"about":[{"href":"https:\/\/www.patentattorneys.ch\/de\/wp-json\/wp\/v2\/types\/page"}],"author":[{"embeddable":true,"href":"https:\/\/www.patentattorneys.ch\/de\/wp-json\/wp\/v2\/users\/8"}],"replies":[{"embeddable":true,"href":"https:\/\/www.patentattorneys.ch\/de\/wp-json\/wp\/v2\/comments?post=26976"}],"version-history":[{"count":50,"href":"https:\/\/www.patentattorneys.ch\/de\/wp-json\/wp\/v2\/pages\/26976\/revisions"}],"predecessor-version":[{"id":35396,"href":"https:\/\/www.patentattorneys.ch\/de\/wp-json\/wp\/v2\/pages\/26976\/revisions\/35396"}],"up":[{"embeddable":true,"href":"https:\/\/www.patentattorneys.ch\/de\/wp-json\/wp\/v2\/pages\/15428"}],"wp:attachment":[{"href":"https:\/\/www.patentattorneys.ch\/de\/wp-json\/wp\/v2\/media?parent=26976"}],"curies":[{"name":"wp","href":"https:\/\/api.w.org\/{rel}","templated":true}]}}