

{"id":27277,"date":"2019-11-22T13:58:26","date_gmt":"2019-11-22T12:58:26","guid":{"rendered":"https:\/\/www.patentattorneys.ch\/?page_id=27277"},"modified":"2024-04-22T21:59:55","modified_gmt":"2024-04-22T20:59:55","slug":"bryan-oteiza","status":"publish","type":"page","link":"https:\/\/www.patentattorneys.ch\/de\/unser-team\/mitarbeiter\/bryan-oteiza\/","title":{"rendered":"Bryan Oteiza"},"content":{"rendered":"<div class=\"wpb-content-wrapper\"><p>[vc_row bg_color=&#8221;#6d787e&#8221; class=&#8221;display-flex&#8221;][vc_column text_color=&#8221;light&#8221; width=&#8221;1\/1&#8243;][vc_row_inner][vc_column_inner width=&#8221;1\/4&#8243;]<div class=\"single_image wpb_content_element align-left   \" data-animation=\"none\" data-delay=\"0\"><img decoding=\"async\" width=\"337\" height=\"422\" src=\"https:\/\/www.patentattorneys.ch\/wp-content\/uploads\/2020\/10\/schreyer_2003266.jpg\" class=\"attachment-full\" alt=\"Bryan\" title=\"Lieu : Neuch\u00e2tel - Suisse \/ Droits d&#039;utilisation uniquement pour P&amp;TS\" srcset=\"https:\/\/www.patentattorneys.ch\/wp-content\/uploads\/2020\/10\/schreyer_2003266.jpg 337w, https:\/\/www.patentattorneys.ch\/wp-content\/uploads\/2020\/10\/schreyer_2003266-240x300.jpg 240w\" sizes=\"(max-width: 337px) 100vw, 337px\" \/><\/div>[\/vc_column_inner][vc_column_inner width=&#8221;3\/4&#8243;][vc_column_text]<\/p>\n<h2>\u201cIt\u2019s a great privilege for me to join the P&amp;TS team. I\u2019m passionate about IT and design, and I\u2019ll be bringing my creative flair and IT knowledge to the team.\u201d<\/h2>\n<p>[\/vc_column_text][\/vc_column_inner][\/vc_row_inner][\/vc_column][\/vc_row][vc_row][vc_column width=&#8221;1\/1&#8243;]<style>#breadcrumb-69e22f851e662 li::after { content: \"\u00bb\" }<\/style><div class=\"\"><ol class=\"wwp-vc-breadcrumbs \" id=\"breadcrumb-69e22f851e662\"><li class=\"visited\"><a href=\"\/\">Home<\/a><\/li><li class=\"visited\"><a href=\"https:\/\/www.patentattorneys.ch\/de\/unser-team\/\">{:fr}\u00c9quipe{:}{:de}Unser Team{:}{:en}Our team{:}<\/a><\/li><li class=\"visited\"><a href=\"https:\/\/www.patentattorneys.ch\/de\/unser-team\/mitarbeiter\/\">{:fr}Collaborateurs{:}{:de}Mitarbeiter{:}{:en}Employees{:}<\/a><\/li><li class=\"current\"><span>Bryan Oteiza<\/span><\/li><\/ol><\/div><div class=\"spacer\" style=\"height: 40px;\"><\/div>[\/vc_column][\/vc_row][vc_row][vc_column width=&#8221;1\/4&#8243;][vc_column_text]<\/p>\n<h3>Bryan Oteiza<\/h3>\n<h5>Mediamatician<\/h5>\n<p>[\/vc_column_text]<div class=\"divider divider1\" style='margin:40px 0 40px 0 !important;'><\/div>[vc_column_text]<a href=\"https:\/\/www.linkedin.com\/in\/bryan-oteiza-579a24111\/\" target=\"_blank\" rel=\"noopener noreferrer\">LinkedIn<\/a>[\/vc_column_text][\/vc_column][vc_column width=&#8221;3\/4&#8243;][vc_tabs interval=&#8221;0&#8243;][vc_tab title=&#8221;Biographie&#8221; tab_id=&#8221;dab1363f-82ab-9&#8243;][vc_column_text]Sprachen: Franz\u00f6sisch, Englisch, Spanisch[\/vc_column_text][vc_column_text]<\/p>\n<div class=\"wpb_text_column wpb_content_element \">\n<div class=\"wpb_wrapper\">\n<p>Sprachen: Franz\u00f6sisch, Englisch, Spanisch<\/p>\n<\/div>\n<\/div>\n<div class=\"wpb_text_column wpb_content_element \">\n<div class=\"wpb_wrapper\">\n<p>Nach Abschluss der obligatorischen Schulausbildung entschied sich Bryan Oteiza f\u00fcr eine Ausbildung zum Medienspezialisten \u201cM\u00e9diamaticien\u201d, um seine Kenntnisse in den Bereichen Marketing, Design und IT\/Web zu weiterzuentwickeln.<\/p>\n<p>Seine ersten Berufserfahrungen sammelte er bei einem Unternehmen, das sich auf naturheilkundliche Informationen spezialisiert hatte und Newsletter an seine Kunden verschickte. Er war f\u00fcr einen Kundenstamm von \u00fcber einer Million Lesern verantwortlich. Zus\u00e4tzlich war er auch an verschiedenen Marketing- und IT-Projekten beteiligt und brachte seine Ideen ein, um die Aufgaben des Teams zu vereinfachen. Au\u00dferdem implementierte er eine Mobile-Responsive-L\u00f6sung f\u00fcr Newsletter.<\/p>\n<p>Anschlie\u00dfend arbeitete Bryan Oteiza 2018 in Neuch\u00e2tel bei einem Unternehmen, das sich auf den Verkauf von Schmuck \u00fcber E-Commerce spezialisiert hat.<\/p>\n<p>Zun\u00e4chst war er f\u00fcr die Newsletter zust\u00e4ndig. Sp\u00e4ter erweiterte er seinen Verantwortungsbereich auf andere Felder des Unternehmens, darunter Marketing, Angebote, Webentwicklung und das Design sowie den Inhalt der Newsletter. Er hat das Design des Newsletters, die Technik zur Kundensegmentierung und das neue Design der Website und der Landing Pages erheblich verbessert.<\/p>\n<p>Bryan ist seit 2019 als Mediamatiker bei P&amp;TS t\u00e4tig.<\/p>\n<p>In seiner Freizeit widmet er sich gerne dem Zeichnen, Videospielen, der Fotografie und der siebten Kunst, der Cinematografie.<br \/>\n<strong>Oteiza Bryan wurde in Lausanne, Schweiz, geboren.<\/strong><\/p>\n<\/div>\n<\/div>\n<p>[\/vc_column_text][\/vc_tab][\/vc_tabs][\/vc_column][\/vc_row]<\/p>\n<\/div>","protected":false},"excerpt":{"rendered":"<p>[vc_row bg_color=&#8221;#6d787e&#8221; class=&#8221;display-flex&#8221;][vc_column text_color=&#8221;light&#8221; width=&#8221;1\/1&#8243;][vc_row_inner][vc_column_inner width=&#8221;1\/4&#8243;][\/vc_column_inner][vc_column_inner width=&#8221;3\/4&#8243;][vc_column_text] \u201cIt\u2019s a great privilege for me to join the P&amp;TS team. I\u2019m passionate about IT and design, and I\u2019ll be bringing my creative flair and IT knowledge to the team.\u201d [\/vc_column_text][\/vc_column_inner][\/vc_row_inner][\/vc_column][\/vc_row][vc_row][vc_column width=&#8221;1\/1&#8243;][\/vc_column][\/vc_row][vc_row][vc_column width=&#8221;1\/4&#8243;][vc_column_text] Bryan Oteiza Mediamatician [\/vc_column_text][vc_column_text]LinkedIn[\/vc_column_text][\/vc_column][vc_column width=&#8221;3\/4&#8243;][vc_tabs interval=&#8221;0&#8243;][vc_tab title=&#8221;Biographie&#8221; tab_id=&#8221;dab1363f-82ab-9&#8243;][vc_column_text]Sprachen: Franz\u00f6sisch, Englisch, Spanisch[\/vc_column_text][vc_column_text] Sprachen: Franz\u00f6sisch, Englisch, Spanisch Nach Abschluss der obligatorischen Schulausbildung entschied sich Bryan Oteiza f\u00fcr eine Ausbildung zum Medienspezialisten \u201cM\u00e9diamaticien\u201d, um seine Kenntnisse in den Bereichen Marketing, Design und IT\/Web zu weiterzuentwickeln. Seine ersten Berufserfahrungen sammelte er bei einem Unternehmen, das sich auf naturheilkundliche Informationen spezialisiert hatte und Newsletter an seine Kunden verschickte. Er war f\u00fcr einen Kundenstamm von \u00fcber einer Million Lesern verantwortlich. Zus\u00e4tzlich war er auch an verschiedenen Marketing- und IT-Projekten beteiligt und brachte seine Ideen ein, um die Aufgaben des Teams zu vereinfachen. Au\u00dferdem implementierte er eine Mobile-Responsive-L\u00f6sung f\u00fcr Newsletter. Anschlie\u00dfend arbeitete Bryan Oteiza 2018 in Neuch\u00e2tel bei einem Unternehmen, das sich auf den Verkauf von Schmuck \u00fcber E-Commerce spezialisiert hat. Zun\u00e4chst war er f\u00fcr die Newsletter zust\u00e4ndig. Sp\u00e4ter erweiterte er seinen Verantwortungsbereich auf andere Felder des Unternehmens, darunter Marketing, Angebote, Webentwicklung und das Design sowie den Inhalt der Newsletter. Er hat das Design des Newsletters, die [&hellip;]<\/p>\n","protected":false},"author":9,"featured_media":0,"parent":26502,"menu_order":0,"comment_status":"closed","ping_status":"closed","template":"","meta":{"footnotes":""},"translation":{"provider":"WPGlobus","version":"3.0.2","language":"de","enabled_languages":["fr","de","en","it"],"languages":{"fr":{"title":true,"content":true,"excerpt":false},"de":{"title":true,"content":true,"excerpt":false},"en":{"title":true,"content":true,"excerpt":false},"it":{"title":false,"content":false,"excerpt":false}}},"yoast_head":"<!-- This site is optimized with the Yoast SEO plugin v24.4 - https:\/\/yoast.com\/wordpress\/plugins\/seo\/ -->\n<title>Bryan Oteiza - P&amp;TS AG<\/title>\n<meta name=\"robots\" content=\"noindex, nofollow\" \/>\n<meta property=\"og:locale\" content=\"de_DE\" \/>\n<meta property=\"og:type\" content=\"article\" \/>\n<meta property=\"og:title\" content=\"Bryan Oteiza - P&amp;TS AG\" \/>\n<meta property=\"og:url\" content=\"https:\/\/www.patentattorneys.ch\/equipe\/collaborateurs\/bryan-oteiza\/\" \/>\n<meta property=\"og:site_name\" content=\"P&amp;TS AG\" \/>\n<meta property=\"article:publisher\" content=\"https:\/\/www.facebook.com\/PTS.Ltd\/\" \/>\n<meta property=\"article:modified_time\" content=\"2024-04-22T20:59:55+00:00\" \/>\n<meta name=\"twitter:card\" content=\"summary_large_image\" \/>\n<meta name=\"twitter:site\" content=\"@PTSSA\" \/>\n<meta name=\"twitter:label1\" content=\"Est. reading time\" \/>\n\t<meta name=\"twitter:data1\" content=\"2 minutes\" \/>\n<script type=\"application\/ld+json\" class=\"yoast-schema-graph\">{\"@context\":\"https:\/\/schema.org\",\"@graph\":[{\"@type\":\"WebPage\",\"@id\":\"https:\/\/www.patentattorneys.ch\/equipe\/collaborateurs\/bryan-oteiza\/\",\"url\":\"https:\/\/www.patentattorneys.ch\/equipe\/collaborateurs\/bryan-oteiza\/\",\"name\":\"Bryan Oteiza - P&amp;TS AG\",\"isPartOf\":{\"@id\":\"https:\/\/www.patentattorneys.ch\/de\/#website\"},\"datePublished\":\"2019-11-22T12:58:26+00:00\",\"dateModified\":\"2024-04-22T20:59:55+00:00\",\"description\":\"Apr\u00e8s sa scolarit\u00e9 obligatoire, Oteiza Bryan a choisi la voie de m\u00e9diamaticien, afin de d\u00e9velopper ses talents...\",\"breadcrumb\":{\"@id\":\"https:\/\/www.patentattorneys.ch\/equipe\/collaborateurs\/bryan-oteiza\/#breadcrumb\"},\"inLanguage\":\"de-DE\",\"potentialAction\":[{\"@type\":\"ReadAction\",\"target\":[\"https:\/\/www.patentattorneys.ch\/equipe\/collaborateurs\/bryan-oteiza\/\"]}]},{\"@type\":\"BreadcrumbList\",\"@id\":\"https:\/\/www.patentattorneys.ch\/equipe\/collaborateurs\/bryan-oteiza\/#breadcrumb\",\"itemListElement\":[{\"@type\":\"ListItem\",\"position\":1,\"name\":\"Accueil\",\"item\":\"https:\/\/www.patentattorneys.ch\/\"},{\"@type\":\"ListItem\",\"position\":2,\"name\":\"Our team\",\"item\":\"https:\/\/www.patentattorneys.ch\/equipe\/\"},{\"@type\":\"ListItem\",\"position\":3,\"name\":\"Collaborateurs\",\"item\":\"https:\/\/www.patentattorneys.ch\/equipe\/collaborateurs\/\"},{\"@type\":\"ListItem\",\"position\":4,\"name\":\"Bryan Oteiza\"}]},{\"@type\":\"WebSite\",\"@id\":\"https:\/\/www.patentattorneys.ch\/de\/#website\",\"url\":\"https:\/\/www.patentattorneys.ch\/de\/\",\"name\":\"P&amp;TS AG\",\"description\":\"Patentanw\u00e4lte\",\"publisher\":{\"@id\":\"https:\/\/www.patentattorneys.ch\/de\/#organization\"},\"potentialAction\":[{\"@type\":\"SearchAction\",\"target\":{\"@type\":\"EntryPoint\",\"urlTemplate\":\"https:\/\/www.patentattorneys.ch\/de\/?s={search_term_string}\"},\"query-input\":{\"@type\":\"PropertyValueSpecification\",\"valueRequired\":true,\"valueName\":\"search_term_string\"}}],\"inLanguage\":\"de-DE\"},{\"@type\":\"Organization\",\"@id\":\"https:\/\/www.patentattorneys.ch\/de\/#organization\",\"name\":\"P&TS SA\",\"url\":\"https:\/\/www.patentattorneys.ch\/de\/\",\"logo\":{\"@type\":\"ImageObject\",\"inLanguage\":\"de-DE\",\"@id\":\"https:\/\/www.patentattorneys.ch\/de\/#\/schema\/logo\/image\/\",\"url\":\"https:\/\/www.patentattorneys.ch\/wp-content\/uploads\/2016\/01\/PTS_Icon.jpg\",\"contentUrl\":\"https:\/\/www.patentattorneys.ch\/wp-content\/uploads\/2016\/01\/PTS_Icon.jpg\",\"width\":512,\"height\":512,\"caption\":\"P&TS SA\"},\"image\":{\"@id\":\"https:\/\/www.patentattorneys.ch\/de\/#\/schema\/logo\/image\/\"},\"sameAs\":[\"https:\/\/www.facebook.com\/PTS.Ltd\/\",\"https:\/\/x.com\/PTSSA\",\"https:\/\/www.linkedin.com\/company\/p&ts-sa\"]}]}<\/script>\n<!-- \/ Yoast SEO plugin. -->","yoast_head_json":{"title":"Bryan Oteiza - P&amp;TS AG","robots":{"index":"noindex","follow":"nofollow"},"og_locale":"de_DE","og_type":"article","og_title":"Bryan Oteiza - P&amp;TS AG","og_url":"https:\/\/www.patentattorneys.ch\/equipe\/collaborateurs\/bryan-oteiza\/","og_site_name":"P&amp;TS AG","article_publisher":"https:\/\/www.facebook.com\/PTS.Ltd\/","article_modified_time":"2024-04-22T20:59:55+00:00","twitter_card":"summary_large_image","twitter_site":"@PTSSA","twitter_misc":{"Est. reading time":"2 minutes"},"schema":{"@context":"https:\/\/schema.org","@graph":[{"@type":"WebPage","@id":"https:\/\/www.patentattorneys.ch\/equipe\/collaborateurs\/bryan-oteiza\/","url":"https:\/\/www.patentattorneys.ch\/equipe\/collaborateurs\/bryan-oteiza\/","name":"Bryan Oteiza - P&amp;TS AG","isPartOf":{"@id":"https:\/\/www.patentattorneys.ch\/de\/#website"},"datePublished":"2019-11-22T12:58:26+00:00","dateModified":"2024-04-22T20:59:55+00:00","description":"Apr\u00e8s sa scolarit\u00e9 obligatoire, Oteiza Bryan a choisi la voie de m\u00e9diamaticien, afin de d\u00e9velopper ses talents...","breadcrumb":{"@id":"https:\/\/www.patentattorneys.ch\/equipe\/collaborateurs\/bryan-oteiza\/#breadcrumb"},"inLanguage":"de-DE","potentialAction":[{"@type":"ReadAction","target":["https:\/\/www.patentattorneys.ch\/equipe\/collaborateurs\/bryan-oteiza\/"]}]},{"@type":"BreadcrumbList","@id":"https:\/\/www.patentattorneys.ch\/equipe\/collaborateurs\/bryan-oteiza\/#breadcrumb","itemListElement":[{"@type":"ListItem","position":1,"name":"Accueil","item":"https:\/\/www.patentattorneys.ch\/"},{"@type":"ListItem","position":2,"name":"Our team","item":"https:\/\/www.patentattorneys.ch\/equipe\/"},{"@type":"ListItem","position":3,"name":"Collaborateurs","item":"https:\/\/www.patentattorneys.ch\/equipe\/collaborateurs\/"},{"@type":"ListItem","position":4,"name":"Bryan Oteiza"}]},{"@type":"WebSite","@id":"https:\/\/www.patentattorneys.ch\/de\/#website","url":"https:\/\/www.patentattorneys.ch\/de\/","name":"P&amp;TS AG","description":"Patentanw\u00e4lte","publisher":{"@id":"https:\/\/www.patentattorneys.ch\/de\/#organization"},"potentialAction":[{"@type":"SearchAction","target":{"@type":"EntryPoint","urlTemplate":"https:\/\/www.patentattorneys.ch\/de\/?s={search_term_string}"},"query-input":{"@type":"PropertyValueSpecification","valueRequired":true,"valueName":"search_term_string"}}],"inLanguage":"de-DE"},{"@type":"Organization","@id":"https:\/\/www.patentattorneys.ch\/de\/#organization","name":"P&TS SA","url":"https:\/\/www.patentattorneys.ch\/de\/","logo":{"@type":"ImageObject","inLanguage":"de-DE","@id":"https:\/\/www.patentattorneys.ch\/de\/#\/schema\/logo\/image\/","url":"https:\/\/www.patentattorneys.ch\/wp-content\/uploads\/2016\/01\/PTS_Icon.jpg","contentUrl":"https:\/\/www.patentattorneys.ch\/wp-content\/uploads\/2016\/01\/PTS_Icon.jpg","width":512,"height":512,"caption":"P&TS SA"},"image":{"@id":"https:\/\/www.patentattorneys.ch\/de\/#\/schema\/logo\/image\/"},"sameAs":["https:\/\/www.facebook.com\/PTS.Ltd\/","https:\/\/x.com\/PTSSA","https:\/\/www.linkedin.com\/company\/p&ts-sa"]}]}},"_links":{"self":[{"href":"https:\/\/www.patentattorneys.ch\/de\/wp-json\/wp\/v2\/pages\/27277"}],"collection":[{"href":"https:\/\/www.patentattorneys.ch\/de\/wp-json\/wp\/v2\/pages"}],"about":[{"href":"https:\/\/www.patentattorneys.ch\/de\/wp-json\/wp\/v2\/types\/page"}],"author":[{"embeddable":true,"href":"https:\/\/www.patentattorneys.ch\/de\/wp-json\/wp\/v2\/users\/9"}],"replies":[{"embeddable":true,"href":"https:\/\/www.patentattorneys.ch\/de\/wp-json\/wp\/v2\/comments?post=27277"}],"version-history":[{"count":28,"href":"https:\/\/www.patentattorneys.ch\/de\/wp-json\/wp\/v2\/pages\/27277\/revisions"}],"predecessor-version":[{"id":33660,"href":"https:\/\/www.patentattorneys.ch\/de\/wp-json\/wp\/v2\/pages\/27277\/revisions\/33660"}],"up":[{"embeddable":true,"href":"https:\/\/www.patentattorneys.ch\/de\/wp-json\/wp\/v2\/pages\/26502"}],"wp:attachment":[{"href":"https:\/\/www.patentattorneys.ch\/de\/wp-json\/wp\/v2\/media?parent=27277"}],"curies":[{"name":"wp","href":"https:\/\/api.w.org\/{rel}","templated":true}]}}