

{"id":29423,"date":"2021-01-06T11:13:11","date_gmt":"2021-01-06T10:13:11","guid":{"rendered":"https:\/\/www.patentattorneys.ch\/?page_id=29423"},"modified":"2025-08-13T08:02:23","modified_gmt":"2025-08-13T07:02:23","slug":"biotech-pharma-agriculture","status":"publish","type":"page","link":"https:\/\/www.patentattorneys.ch\/de\/sektoren\/biotech-pharma-landwirtschaft\/","title":{"rendered":"Biotech, Pharma und Landwirtschaft"},"content":{"rendered":"<div class=\"wpb-content-wrapper\"><p>[vc_row type=&#8221;full_width_section&#8221;][vc_column width=&#8221;1\/1&#8243;]<div class=\"imagebox wpb_content_element style-1\"><div class=\"imagebox-img\"><img decoding=\"async\" src=\"https:\/\/www.patentattorneys.ch\/wp-content\/uploads\/2020\/12\/banner_biotech_V2_pas_wide.jpg\" alt=\"Brevets pour Biotech - Pat\u00e4nt f\u00fcr Biotech - Patent for Biotech\" \/><\/div><\/div>[\/vc_column][\/vc_row][vc_row][vc_column width=&#8221;1\/1&#8243;]<style>#breadcrumb-69e1667e91ea3 li::after { content: \"\u00bb\" }<\/style><div class=\"\"><ol class=\"wwp-vc-breadcrumbs \" id=\"breadcrumb-69e1667e91ea3\"><li class=\"visited\"><a href=\"\/\">Home<\/a><\/li><li class=\"visited\"><a href=\"https:\/\/www.patentattorneys.ch\/de\/sektoren\/\">{:fr}Industries{:}{:de}Sektoren{:}{:en}Industries{:}<\/a><\/li><li class=\"current\"><span>Biotech, Pharma und Landwirtschaft<\/span><\/li><\/ol><\/div>[\/vc_column][\/vc_row][vc_row bg_image=&#8221;15893&#8243;][vc_column animation=&#8221;fade-in-from-left&#8221; width=&#8221;2\/3&#8243;]<div class=\"spacer\" style=\"height: 40px;\"><\/div>[vc_column_text]<\/p>\n<h1>Pat\u00e4nt f\u00fcr Biotech, Pharma und Landwirtschaft<\/h1>\n<p>In der pharmazeutischen und biotechnologischen Industrie sowie in der Landwirtschaft ist ein solider Schutz des geistigen Eigentums unerl\u00e4sslich, um die Rendite der erheblichen Investitionen in Forschung und Entwicklung zu sichern. Mit einer Molekularbiologin und einem organischen Chemiker als Teil seines Teams bietet P&amp;TS das erforderliche Wissen und die Erfahrung geistiges Eigentum in diesen Dom\u00e4nen patentrechtlich, eventuell zuz\u00fcglich erg\u00e4nzender Schutzzertifikate, zu sch\u00fctzen.<\/p>\n<p><strong>Claudia Nash<\/strong> ist Molekularbiologin und Patentingenieurin mit einem besonderen Interesse an medizinischer und Umwelt- Biotechnologie. Sie promovierte 2001 mit einem Doktorat in Biotechnologie an der ETHZ f\u00fcr die genetische und biochemische Charakterisierung eines mikrobiellen Multienzymkomplexes. Im Anschluss daran war sie mehrere Jahre auf dem Gebiet der angeborenen Immunit\u00e4t (TLR-Signaltransduktion) t\u00e4tig. Claudia hat f\u00fcr und mit Start-ups gearbeitet und ist eine erfahrene Expertin f\u00fcr Technologietransfer.<\/p>\n<p><strong>Franck Amiot<\/strong> promovierte 2002 in organischer Chemie an der Universit\u00e4t Genf, wo er sich mit Fragen der enantioselektiven Synthese auf der Basis heteroaromatischer Verbindungen besch\u00e4ftigte. Er arbeitete im pharmazeutischen Bereich und schloss seine wissenschaftliche Ausbildung mit einem Master in Innovationsmanagement im Jahr 2005 an der Universit\u00e4t Lyon ab. Seit 2013 ist er als europ\u00e4ischer Patentanwalt qualifiziert.[\/vc_column_text][\/vc_column][vc_column animation=&#8221;fade-in-from-bottom&#8221; width=&#8221;1\/3&#8243;]<div class=\"spacer\" style=\"height: 40px;\"><\/div>[vc_column_text]<\/p>\n<h3>KONTAKT<\/h3>\n<div id=\"gtx-trans\" style=\"position: absolute; left: 150px; top: 44.2188px;\">\n<div class=\"gtx-trans-icon\"><\/div>\n<\/div>\n<p>[\/vc_column_text]<div class=\"member wpb_content_element test\"><div class=\"member-img\"><a href='https:\/\/www.patentattorneys.ch\/de\/unser-team\/mitarbeiter\/claudia-nash\/'><img decoding=\"async\" src=\"https:\/\/www.patentattorneys.ch\/wp-content\/uploads\/2020\/10\/schreyer_2003424.jpg\" alt=\"Claudia Nash\" \/><\/a><\/div><h4><a href='https:\/\/www.patentattorneys.ch\/de\/unser-team\/mitarbeiter\/claudia-nash\/'>Claudia Nash<\/a><\/h4><div class=\"member-role\">European, Swiss Patent Attorney and Technology Transfer Expert<\/div><div class=\"member-content\"><p><\/p><\/div><\/div><div class=\"newdivider align-center\" style=\"border-bottom-style: solid; border-color: #b7b7b7; border-bottom-width: 1px; margin-top: 0; margin-bottom: 20px; width: 100%; \"><\/div><div class=\"clear\"><\/div><div class=\"member wpb_content_element test\"><div class=\"member-img\"><a href='https:\/\/www.patentattorneys.ch\/de\/unser-team\/mitarbeiter\/franck-amiot\/'><img decoding=\"async\" src=\"https:\/\/www.patentattorneys.ch\/wp-content\/uploads\/2022\/04\/schreyer_2003365.jpg\" alt=\"\" \/><\/a><\/div><h4><a href='https:\/\/www.patentattorneys.ch\/de\/unser-team\/mitarbeiter\/franck-amiot\/'>Franck Amiot<\/a><\/h4><div class=\"member-role\">European Patent Attorney<\/div><div class=\"member-content\"><p><\/p><\/div><\/div>[\/vc_column][\/vc_row]<\/p>\n<\/div>","protected":false},"excerpt":{"rendered":"<p>[vc_row type=&#8221;full_width_section&#8221;][vc_column width=&#8221;1\/1&#8243;][\/vc_column][\/vc_row][vc_row][vc_column width=&#8221;1\/1&#8243;][\/vc_column][\/vc_row][vc_row bg_image=&#8221;15893&#8243;][vc_column animation=&#8221;fade-in-from-left&#8221; width=&#8221;2\/3&#8243;][vc_column_text] Pat\u00e4nt f\u00fcr Biotech, Pharma und Landwirtschaft In der pharmazeutischen und biotechnologischen Industrie sowie in der Landwirtschaft ist ein solider Schutz des geistigen Eigentums unerl\u00e4sslich, um die Rendite der erheblichen Investitionen in Forschung und Entwicklung zu sichern. Mit einer Molekularbiologin und einem organischen Chemiker als Teil seines Teams bietet P&amp;TS das erforderliche Wissen und die Erfahrung geistiges Eigentum in diesen Dom\u00e4nen patentrechtlich, eventuell zuz\u00fcglich erg\u00e4nzender Schutzzertifikate, zu sch\u00fctzen. Claudia Nash ist Molekularbiologin und Patentingenieurin mit einem besonderen Interesse an medizinischer und Umwelt- Biotechnologie. Sie promovierte 2001 mit einem Doktorat in Biotechnologie an der ETHZ f\u00fcr die genetische und biochemische Charakterisierung eines mikrobiellen Multienzymkomplexes. Im Anschluss daran war sie mehrere Jahre auf dem Gebiet der angeborenen Immunit\u00e4t (TLR-Signaltransduktion) t\u00e4tig. Claudia hat f\u00fcr und mit Start-ups gearbeitet und ist eine erfahrene Expertin f\u00fcr Technologietransfer. Franck Amiot promovierte 2002 in organischer Chemie an der Universit\u00e4t Genf, wo er sich mit Fragen der enantioselektiven Synthese auf der Basis heteroaromatischer Verbindungen besch\u00e4ftigte. Er arbeitete im pharmazeutischen Bereich und schloss seine wissenschaftliche Ausbildung mit einem Master in Innovationsmanagement im Jahr 2005 an der Universit\u00e4t Lyon ab. Seit 2013 ist er als europ\u00e4ischer Patentanwalt qualifiziert.[\/vc_column_text][\/vc_column][vc_column animation=&#8221;fade-in-from-bottom&#8221; width=&#8221;1\/3&#8243;][vc_column_text] KONTAKT [\/vc_column_text][\/vc_column][\/vc_row]<\/p>\n","protected":false},"author":8,"featured_media":0,"parent":15432,"menu_order":0,"comment_status":"closed","ping_status":"closed","template":"","meta":{"footnotes":""},"translation":{"provider":"WPGlobus","version":"3.0.2","language":"de","enabled_languages":["fr","de","en","it"],"languages":{"fr":{"title":true,"content":true,"excerpt":false},"de":{"title":true,"content":true,"excerpt":false},"en":{"title":true,"content":true,"excerpt":false},"it":{"title":false,"content":false,"excerpt":false}}},"yoast_head":"<!-- This site is optimized with the Yoast SEO plugin v24.4 - https:\/\/yoast.com\/wordpress\/plugins\/seo\/ -->\n<title>Pat\u00e4nt f\u00fcr Biotech, Pharma und Landwirtschaft - P&amp;TS AG<\/title>\n<meta name=\"description\" content=\"Entdeck d&#039;Wichtigkeit vo Pat\u00e4nt f\u00fcr Biotech, Pharma und Landwirtschaft. Sch\u00fctz dini Innovatione und gang mit Zuversicht vorw\u00e4rts.\" \/>\n<meta name=\"robots\" content=\"index, follow, max-snippet:-1, max-image-preview:large, max-video-preview:-1\" \/>\n<link rel=\"canonical\" href=\"https:\/\/www.patentattorneys.ch\/industries\/biotech-pharma-agriculture\/\" \/>\n<meta property=\"og:locale\" content=\"de_DE\" \/>\n<meta property=\"og:type\" content=\"article\" \/>\n<meta property=\"og:title\" content=\"Pat\u00e4nt f\u00fcr Biotech, Pharma und Landwirtschaft - P&amp;TS AG\" \/>\n<meta property=\"og:description\" content=\"Entdeck d&#039;Wichtigkeit vo Pat\u00e4nt f\u00fcr Biotech, Pharma und Landwirtschaft. Sch\u00fctz dini Innovatione und gang mit Zuversicht vorw\u00e4rts.\" \/>\n<meta property=\"og:url\" content=\"https:\/\/www.patentattorneys.ch\/industries\/biotech-pharma-agriculture\/\" \/>\n<meta property=\"og:site_name\" content=\"P&amp;TS AG\" \/>\n<meta property=\"article:publisher\" content=\"https:\/\/www.facebook.com\/PTS.Ltd\/\" \/>\n<meta property=\"article:modified_time\" content=\"2025-08-13T07:02:23+00:00\" \/>\n<meta name=\"twitter:card\" content=\"summary_large_image\" \/>\n<meta name=\"twitter:site\" content=\"@PTSSA\" \/>\n<meta name=\"twitter:label1\" content=\"Est. reading time\" \/>\n\t<meta name=\"twitter:data1\" content=\"2 minutes\" \/>\n<script type=\"application\/ld+json\" class=\"yoast-schema-graph\">{\"@context\":\"https:\/\/schema.org\",\"@graph\":[{\"@type\":\"WebPage\",\"@id\":\"https:\/\/www.patentattorneys.ch\/industries\/biotech-pharma-agriculture\/\",\"url\":\"https:\/\/www.patentattorneys.ch\/industries\/biotech-pharma-agriculture\/\",\"name\":\"Brevets pour Biotech, Pharma und Landwirtschaft - P&amp;TS AG\",\"isPartOf\":{\"@id\":\"https:\/\/www.patentattorneys.ch\/de\/#website\"},\"datePublished\":\"2021-01-06T10:13:11+00:00\",\"dateModified\":\"2025-08-13T07:02:23+00:00\",\"description\":\"D\u00e9couvrez l'importance des brevets pour la biotech, pharma et agriculture. Prot\u00e9gez vos innovations et avancez avec confiance.\",\"breadcrumb\":{\"@id\":\"https:\/\/www.patentattorneys.ch\/industries\/biotech-pharma-agriculture\/#breadcrumb\"},\"inLanguage\":\"de-DE\",\"potentialAction\":[{\"@type\":\"ReadAction\",\"target\":[\"https:\/\/www.patentattorneys.ch\/industries\/biotech-pharma-agriculture\/\"]}]},{\"@type\":\"BreadcrumbList\",\"@id\":\"https:\/\/www.patentattorneys.ch\/industries\/biotech-pharma-agriculture\/#breadcrumb\",\"itemListElement\":[{\"@type\":\"ListItem\",\"position\":1,\"name\":\"Accueil\",\"item\":\"https:\/\/www.patentattorneys.ch\/\"},{\"@type\":\"ListItem\",\"position\":2,\"name\":\"Industries\",\"item\":\"https:\/\/www.patentattorneys.ch\/industries\/\"},{\"@type\":\"ListItem\",\"position\":3,\"name\":\"Biotech, Pharma and Agriculture\"}]},{\"@type\":\"WebSite\",\"@id\":\"https:\/\/www.patentattorneys.ch\/de\/#website\",\"url\":\"https:\/\/www.patentattorneys.ch\/de\/\",\"name\":\"P&amp;TS AG\",\"description\":\"Patentanw\u00e4lte\",\"publisher\":{\"@id\":\"https:\/\/www.patentattorneys.ch\/de\/#organization\"},\"potentialAction\":[{\"@type\":\"SearchAction\",\"target\":{\"@type\":\"EntryPoint\",\"urlTemplate\":\"https:\/\/www.patentattorneys.ch\/de\/?s={search_term_string}\"},\"query-input\":{\"@type\":\"PropertyValueSpecification\",\"valueRequired\":true,\"valueName\":\"search_term_string\"}}],\"inLanguage\":\"de-DE\"},{\"@type\":\"Organization\",\"@id\":\"https:\/\/www.patentattorneys.ch\/de\/#organization\",\"name\":\"P&TS SA\",\"url\":\"https:\/\/www.patentattorneys.ch\/de\/\",\"logo\":{\"@type\":\"ImageObject\",\"inLanguage\":\"de-DE\",\"@id\":\"https:\/\/www.patentattorneys.ch\/de\/#\/schema\/logo\/image\/\",\"url\":\"https:\/\/www.patentattorneys.ch\/wp-content\/uploads\/2016\/01\/PTS_Icon.jpg\",\"contentUrl\":\"https:\/\/www.patentattorneys.ch\/wp-content\/uploads\/2016\/01\/PTS_Icon.jpg\",\"width\":512,\"height\":512,\"caption\":\"P&TS SA\"},\"image\":{\"@id\":\"https:\/\/www.patentattorneys.ch\/de\/#\/schema\/logo\/image\/\"},\"sameAs\":[\"https:\/\/www.facebook.com\/PTS.Ltd\/\",\"https:\/\/x.com\/PTSSA\",\"https:\/\/www.linkedin.com\/company\/p&ts-sa\"]}]}<\/script>\n<!-- \/ Yoast SEO plugin. -->","yoast_head_json":{"title":"Pat\u00e4nt f\u00fcr Biotech, Pharma und Landwirtschaft - P&amp;TS AG","description":"Entdeck d'Wichtigkeit vo Pat\u00e4nt f\u00fcr Biotech, Pharma und Landwirtschaft. Sch\u00fctz dini Innovatione und gang mit Zuversicht vorw\u00e4rts.","robots":{"index":"index","follow":"follow","max-snippet":"max-snippet:-1","max-image-preview":"max-image-preview:large","max-video-preview":"max-video-preview:-1"},"canonical":"https:\/\/www.patentattorneys.ch\/industries\/biotech-pharma-agriculture\/","og_locale":"de_DE","og_type":"article","og_title":"Pat\u00e4nt f\u00fcr Biotech, Pharma und Landwirtschaft - P&amp;TS AG","og_description":"Entdeck d'Wichtigkeit vo Pat\u00e4nt f\u00fcr Biotech, Pharma und Landwirtschaft. Sch\u00fctz dini Innovatione und gang mit Zuversicht vorw\u00e4rts.","og_url":"https:\/\/www.patentattorneys.ch\/industries\/biotech-pharma-agriculture\/","og_site_name":"P&amp;TS AG","article_publisher":"https:\/\/www.facebook.com\/PTS.Ltd\/","article_modified_time":"2025-08-13T07:02:23+00:00","twitter_card":"summary_large_image","twitter_site":"@PTSSA","twitter_misc":{"Est. reading time":"2 minutes"},"schema":{"@context":"https:\/\/schema.org","@graph":[{"@type":"WebPage","@id":"https:\/\/www.patentattorneys.ch\/industries\/biotech-pharma-agriculture\/","url":"https:\/\/www.patentattorneys.ch\/industries\/biotech-pharma-agriculture\/","name":"Brevets pour Biotech, Pharma und Landwirtschaft - P&amp;TS AG","isPartOf":{"@id":"https:\/\/www.patentattorneys.ch\/de\/#website"},"datePublished":"2021-01-06T10:13:11+00:00","dateModified":"2025-08-13T07:02:23+00:00","description":"D\u00e9couvrez l'importance des brevets pour la biotech, pharma et agriculture. Prot\u00e9gez vos innovations et avancez avec confiance.","breadcrumb":{"@id":"https:\/\/www.patentattorneys.ch\/industries\/biotech-pharma-agriculture\/#breadcrumb"},"inLanguage":"de-DE","potentialAction":[{"@type":"ReadAction","target":["https:\/\/www.patentattorneys.ch\/industries\/biotech-pharma-agriculture\/"]}]},{"@type":"BreadcrumbList","@id":"https:\/\/www.patentattorneys.ch\/industries\/biotech-pharma-agriculture\/#breadcrumb","itemListElement":[{"@type":"ListItem","position":1,"name":"Accueil","item":"https:\/\/www.patentattorneys.ch\/"},{"@type":"ListItem","position":2,"name":"Industries","item":"https:\/\/www.patentattorneys.ch\/industries\/"},{"@type":"ListItem","position":3,"name":"Biotech, Pharma and Agriculture"}]},{"@type":"WebSite","@id":"https:\/\/www.patentattorneys.ch\/de\/#website","url":"https:\/\/www.patentattorneys.ch\/de\/","name":"P&amp;TS AG","description":"Patentanw\u00e4lte","publisher":{"@id":"https:\/\/www.patentattorneys.ch\/de\/#organization"},"potentialAction":[{"@type":"SearchAction","target":{"@type":"EntryPoint","urlTemplate":"https:\/\/www.patentattorneys.ch\/de\/?s={search_term_string}"},"query-input":{"@type":"PropertyValueSpecification","valueRequired":true,"valueName":"search_term_string"}}],"inLanguage":"de-DE"},{"@type":"Organization","@id":"https:\/\/www.patentattorneys.ch\/de\/#organization","name":"P&TS SA","url":"https:\/\/www.patentattorneys.ch\/de\/","logo":{"@type":"ImageObject","inLanguage":"de-DE","@id":"https:\/\/www.patentattorneys.ch\/de\/#\/schema\/logo\/image\/","url":"https:\/\/www.patentattorneys.ch\/wp-content\/uploads\/2016\/01\/PTS_Icon.jpg","contentUrl":"https:\/\/www.patentattorneys.ch\/wp-content\/uploads\/2016\/01\/PTS_Icon.jpg","width":512,"height":512,"caption":"P&TS SA"},"image":{"@id":"https:\/\/www.patentattorneys.ch\/de\/#\/schema\/logo\/image\/"},"sameAs":["https:\/\/www.facebook.com\/PTS.Ltd\/","https:\/\/x.com\/PTSSA","https:\/\/www.linkedin.com\/company\/p&ts-sa"]}]}},"_links":{"self":[{"href":"https:\/\/www.patentattorneys.ch\/de\/wp-json\/wp\/v2\/pages\/29423"}],"collection":[{"href":"https:\/\/www.patentattorneys.ch\/de\/wp-json\/wp\/v2\/pages"}],"about":[{"href":"https:\/\/www.patentattorneys.ch\/de\/wp-json\/wp\/v2\/types\/page"}],"author":[{"embeddable":true,"href":"https:\/\/www.patentattorneys.ch\/de\/wp-json\/wp\/v2\/users\/8"}],"replies":[{"embeddable":true,"href":"https:\/\/www.patentattorneys.ch\/de\/wp-json\/wp\/v2\/comments?post=29423"}],"version-history":[{"count":30,"href":"https:\/\/www.patentattorneys.ch\/de\/wp-json\/wp\/v2\/pages\/29423\/revisions"}],"predecessor-version":[{"id":35393,"href":"https:\/\/www.patentattorneys.ch\/de\/wp-json\/wp\/v2\/pages\/29423\/revisions\/35393"}],"up":[{"embeddable":true,"href":"https:\/\/www.patentattorneys.ch\/de\/wp-json\/wp\/v2\/pages\/15432"}],"wp:attachment":[{"href":"https:\/\/www.patentattorneys.ch\/de\/wp-json\/wp\/v2\/media?parent=29423"}],"curies":[{"name":"wp","href":"https:\/\/api.w.org\/{rel}","templated":true}]}}