

{"id":30655,"date":"2022-03-08T10:27:01","date_gmt":"2022-03-08T09:27:01","guid":{"rendered":"https:\/\/www.patentattorneys.ch\/?page_id=30655"},"modified":"2023-03-30T15:00:47","modified_gmt":"2023-03-30T14:00:47","slug":"adrian-judele","status":"publish","type":"page","link":"https:\/\/www.patentattorneys.ch\/de\/unser-team\/mitarbeiter\/adrian-judele\/","title":{"rendered":"Adrian Judele"},"content":{"rendered":"<div class=\"wpb-content-wrapper\"><p>[vc_row bg_color=&#8221;#6d787e&#8221; class=&#8221;display-flex&#8221;][vc_column text_color=&#8221;light&#8221; width=&#8221;1\/1&#8243;][vc_row_inner][vc_column_inner width=&#8221;1\/4&#8243;]<div class=\"single_image wpb_content_element align-left   \" data-animation=\"none\" data-delay=\"0\"><img decoding=\"async\" width=\"337\" height=\"422\" src=\"https:\/\/www.patentattorneys.ch\/wp-content\/uploads\/2022\/03\/adrian-judele-picture-inaction.jpg\" class=\"attachment-full\" alt=\"\" title=\"adrian-judele-picture-inaction\" srcset=\"https:\/\/www.patentattorneys.ch\/wp-content\/uploads\/2022\/03\/adrian-judele-picture-inaction.jpg 337w, https:\/\/www.patentattorneys.ch\/wp-content\/uploads\/2022\/03\/adrian-judele-picture-inaction-240x300.jpg 240w\" sizes=\"(max-width: 337px) 100vw, 337px\" \/><\/div>[\/vc_column_inner][vc_column_inner width=&#8221;3\/4&#8243;][vc_column_text]<\/p>\n<h2>&#8220;In everything we do, we have to ask ourselves all the time: how does this bring value to my client? If they cannot see value, we can as well stop doing that.&#8221;<\/h2>\n<p>[\/vc_column_text][\/vc_column_inner][\/vc_row_inner][\/vc_column][\/vc_row][vc_row][vc_column width=&#8221;1\/1&#8243;]<style>#breadcrumb-69dcf9be6a32d li::after { content: \"\u00bb\" }<\/style><div class=\"\"><ol class=\"wwp-vc-breadcrumbs \" id=\"breadcrumb-69dcf9be6a32d\"><li class=\"visited\"><a href=\"\/\">Home<\/a><\/li><li class=\"visited\"><a href=\"https:\/\/www.patentattorneys.ch\/de\/unser-team\/\">{:fr}\u00c9quipe{:}{:de}Unser Team{:}{:en}Our team{:}<\/a><\/li><li class=\"visited\"><a href=\"https:\/\/www.patentattorneys.ch\/de\/unser-team\/mitarbeiter\/\">{:fr}Collaborateurs{:}{:de}Mitarbeiter{:}{:en}Employees{:}<\/a><\/li><li class=\"current\"><span>Adrian Judele<\/span><\/li><\/ol><\/div><div class=\"spacer\" style=\"height: 40px;\"><\/div>[\/vc_column][\/vc_row][vc_row][vc_column width=&#8221;1\/4&#8243;][vc_column_text]<\/p>\n<h3>Adrian Judele<\/h3>\n<h5>Manager operations &#038; projects.<\/h5>\n<p>[\/vc_column_text]<div class=\"divider divider1\" style='margin:40px 0 40px 0 !important;'><\/div>[\/vc_column][vc_column width=&#8221;3\/4&#8243;][vc_tabs interval=&#8221;0&#8243;][vc_tab title=&#8221;Biographie&#8221; tab_id=&#8221;dab1363f-82ab-9&#8243;][vc_column_text]Sprachen: Englisch, Franz\u00f6sisch, Deutsch, Rum\u00e4nisch, Spanisch, Katalanisch, Berndeutsch, Italienisch<\/p>\n<p>Adrian studierte Internationale Betriebs- und Volkswirtschaft bei der Akademie f\u00fcr Wirtschaftswissenschaften Bukarest (Rum\u00e4nien) und an der Universitat de Barcelona (Spanien) und macht nun ein Executive MBA bei der Berner Fachhochschule (Schweiz).<\/p>\n<p>Er begann sein Berufsleben vor zwanzig Jahren im Kundenservice-Team eines renommierten franz\u00f6sischen Business Process Outsourcing Unternehmens. Hier entwickelte Adrian sein Verst\u00e4ndnis und seine tiefe \u00dcberzeugung, dass man vor allem wirklich verstehen muss, was jedem Kunden einen Mehrwert bringt, um erfolgreich zu sein.<\/p>\n<p>Danach verbrachte er vier Jahre in den Vereinigten Arabischen Emiraten, wo er zun\u00e4chst Wirtschaftswissenschaften unterrichtete und dann die Rekrutierung von Lehrern f\u00fcr ein grosses Netzwerk internationaler Schulen koordinierte. Es war eine grossartige Gelegenheit mit faszinierenden neuen Kulturen in Kontakt zu kommen und das unglaubliche Entwicklungstempo dieser Region mitzuerleben.<\/p>\n<p>Zwischen 2008 und Februar 2022 leitete Adrian internationale Teams und komplexe Projekte f\u00fcr den British Council, die internationale Kulturorganisation des Vereinigten K\u00f6nigreichs, in Rum\u00e4nien, der Schweiz und als Teil des regionalen Managementteams der EU. Den Status Quo zu hinterfragen, Verbesserungen und Innovationen vorzuschlagen, um das Leben von Kunden und Kollegen einfacher zu machen, die Teams in unsicheren Zeiten organisatorischer Ver\u00e4nderungen zu unterst\u00fctzen und zu f\u00fchren und dabei ein optimales Gleichgewicht zwischen Einnahmen und Ausgaben zu finden \u2013 diese Vielfalt an Rollen und Herausforderungen war eine kontinuierliche Motivation f\u00fcr Adrian.<\/p>\n<h4>Bei P&#038;TS SA seit M\u00e4rz 2022, leitet Adrian das Verwaltungs- und das Finanzteam sowie Sonderprojekten und die kontinuierliche Verbesserung von Prozessen und Aktivit\u00e4ten. Er unterst\u00fctzt den CEO, die Gesch\u00e4ftsleitung und den Verwaltungsrat des Unternehmens bei der Festlegung mittel- und langfristiger Strategien.<\/h4>\n<p>In seiner Freizeit ist Adrian mit seiner Frau im Familiengarten, er k\u00fcmmert sich liebevoll um seine Tomaten, wandert in den Bergen oder f\u00e4hrt Velo im Berner Seeland. W\u00e4hrend l\u00e4ngeren Ferien besucht er gerne fremde Orte und L\u00e4nder.<\/p>\n<h5>Geboren 1978 in Rum\u00e4nien.<\/h5>\n<p>[\/vc_column_text][\/vc_tab][\/vc_tabs][\/vc_column][\/vc_row]<\/p>\n<\/div>","protected":false},"excerpt":{"rendered":"<p>[vc_row bg_color=&#8221;#6d787e&#8221; class=&#8221;display-flex&#8221;][vc_column text_color=&#8221;light&#8221; width=&#8221;1\/1&#8243;][vc_row_inner][vc_column_inner width=&#8221;1\/4&#8243;][\/vc_column_inner][vc_column_inner width=&#8221;3\/4&#8243;][vc_column_text] &#8220;In everything we do, we have to ask ourselves all the time: how does this bring value to my client? If they cannot see value, we can as well stop doing that.&#8221; [\/vc_column_text][\/vc_column_inner][\/vc_row_inner][\/vc_column][\/vc_row][vc_row][vc_column width=&#8221;1\/1&#8243;][\/vc_column][\/vc_row][vc_row][vc_column width=&#8221;1\/4&#8243;][vc_column_text] Adrian Judele Manager operations &#038; projects. [\/vc_column_text][\/vc_column][vc_column width=&#8221;3\/4&#8243;][vc_tabs interval=&#8221;0&#8243;][vc_tab title=&#8221;Biographie&#8221; tab_id=&#8221;dab1363f-82ab-9&#8243;][vc_column_text]Sprachen: Englisch, Franz\u00f6sisch, Deutsch, Rum\u00e4nisch, Spanisch, Katalanisch, Berndeutsch, Italienisch Adrian studierte Internationale Betriebs- und Volkswirtschaft bei der Akademie f\u00fcr Wirtschaftswissenschaften Bukarest (Rum\u00e4nien) und an der Universitat de Barcelona (Spanien) und macht nun ein Executive MBA bei der Berner Fachhochschule (Schweiz). Er begann sein Berufsleben vor zwanzig Jahren im Kundenservice-Team eines renommierten franz\u00f6sischen Business Process Outsourcing Unternehmens. Hier entwickelte Adrian sein Verst\u00e4ndnis und seine tiefe \u00dcberzeugung, dass man vor allem wirklich verstehen muss, was jedem Kunden einen Mehrwert bringt, um erfolgreich zu sein. Danach verbrachte er vier Jahre in den Vereinigten Arabischen Emiraten, wo er zun\u00e4chst Wirtschaftswissenschaften unterrichtete und dann die Rekrutierung von Lehrern f\u00fcr ein grosses Netzwerk internationaler Schulen koordinierte. Es war eine grossartige Gelegenheit mit faszinierenden neuen Kulturen in Kontakt zu kommen und das unglaubliche Entwicklungstempo dieser Region mitzuerleben. Zwischen 2008 und Februar 2022 leitete Adrian internationale Teams und komplexe Projekte f\u00fcr den British Council, die internationale [&hellip;]<\/p>\n","protected":false},"author":9,"featured_media":0,"parent":26502,"menu_order":0,"comment_status":"closed","ping_status":"closed","template":"","meta":{"footnotes":""},"translation":{"provider":"WPGlobus","version":"3.0.2","language":"de","enabled_languages":["fr","de","en","it"],"languages":{"fr":{"title":true,"content":true,"excerpt":false},"de":{"title":true,"content":true,"excerpt":false},"en":{"title":true,"content":true,"excerpt":false},"it":{"title":false,"content":false,"excerpt":false}}},"yoast_head":"<!-- This site is optimized with the Yoast SEO plugin v24.4 - https:\/\/yoast.com\/wordpress\/plugins\/seo\/ -->\n<title>Adrian Judele - P&amp;TS AG<\/title>\n<meta name=\"robots\" content=\"index, follow, max-snippet:-1, max-image-preview:large, max-video-preview:-1\" \/>\n<link rel=\"canonical\" href=\"https:\/\/www.patentattorneys.ch\/equipe\/collaborateurs\/adrian-judele\/\" \/>\n<meta property=\"og:locale\" content=\"de_DE\" \/>\n<meta property=\"og:type\" content=\"article\" \/>\n<meta property=\"og:title\" content=\"Adrian Judele - P&amp;TS AG\" \/>\n<meta property=\"og:url\" content=\"https:\/\/www.patentattorneys.ch\/equipe\/collaborateurs\/adrian-judele\/\" \/>\n<meta property=\"og:site_name\" content=\"P&amp;TS AG\" \/>\n<meta property=\"article:publisher\" content=\"https:\/\/www.facebook.com\/PTS.Ltd\/\" \/>\n<meta property=\"article:modified_time\" content=\"2023-03-30T14:00:47+00:00\" \/>\n<meta name=\"twitter:card\" content=\"summary_large_image\" \/>\n<meta name=\"twitter:site\" content=\"@PTSSA\" \/>\n<meta name=\"twitter:label1\" content=\"Est. reading time\" \/>\n\t<meta name=\"twitter:data1\" content=\"8 minutes\" \/>\n<script type=\"application\/ld+json\" class=\"yoast-schema-graph\">{\"@context\":\"https:\/\/schema.org\",\"@graph\":[{\"@type\":\"WebPage\",\"@id\":\"https:\/\/www.patentattorneys.ch\/equipe\/collaborateurs\/adrian-judele\/\",\"url\":\"https:\/\/www.patentattorneys.ch\/equipe\/collaborateurs\/adrian-judele\/\",\"name\":\"Adrian Judele - P&amp;TS AG\",\"isPartOf\":{\"@id\":\"https:\/\/www.patentattorneys.ch\/de\/#website\"},\"datePublished\":\"2022-03-08T09:27:01+00:00\",\"dateModified\":\"2023-03-30T14:00:47+00:00\",\"breadcrumb\":{\"@id\":\"https:\/\/www.patentattorneys.ch\/equipe\/collaborateurs\/adrian-judele\/#breadcrumb\"},\"inLanguage\":\"de-DE\",\"potentialAction\":[{\"@type\":\"ReadAction\",\"target\":[\"https:\/\/www.patentattorneys.ch\/equipe\/collaborateurs\/adrian-judele\/\"]}]},{\"@type\":\"BreadcrumbList\",\"@id\":\"https:\/\/www.patentattorneys.ch\/equipe\/collaborateurs\/adrian-judele\/#breadcrumb\",\"itemListElement\":[{\"@type\":\"ListItem\",\"position\":1,\"name\":\"Accueil\",\"item\":\"https:\/\/www.patentattorneys.ch\/\"},{\"@type\":\"ListItem\",\"position\":2,\"name\":\"Our team\",\"item\":\"https:\/\/www.patentattorneys.ch\/equipe\/\"},{\"@type\":\"ListItem\",\"position\":3,\"name\":\"Collaborateurs\",\"item\":\"https:\/\/www.patentattorneys.ch\/equipe\/collaborateurs\/\"},{\"@type\":\"ListItem\",\"position\":4,\"name\":\"Adrian Judele\"}]},{\"@type\":\"WebSite\",\"@id\":\"https:\/\/www.patentattorneys.ch\/de\/#website\",\"url\":\"https:\/\/www.patentattorneys.ch\/de\/\",\"name\":\"P&amp;TS AG\",\"description\":\"Patentanw\u00e4lte\",\"publisher\":{\"@id\":\"https:\/\/www.patentattorneys.ch\/de\/#organization\"},\"potentialAction\":[{\"@type\":\"SearchAction\",\"target\":{\"@type\":\"EntryPoint\",\"urlTemplate\":\"https:\/\/www.patentattorneys.ch\/de\/?s={search_term_string}\"},\"query-input\":{\"@type\":\"PropertyValueSpecification\",\"valueRequired\":true,\"valueName\":\"search_term_string\"}}],\"inLanguage\":\"de-DE\"},{\"@type\":\"Organization\",\"@id\":\"https:\/\/www.patentattorneys.ch\/de\/#organization\",\"name\":\"P&TS SA\",\"url\":\"https:\/\/www.patentattorneys.ch\/de\/\",\"logo\":{\"@type\":\"ImageObject\",\"inLanguage\":\"de-DE\",\"@id\":\"https:\/\/www.patentattorneys.ch\/de\/#\/schema\/logo\/image\/\",\"url\":\"https:\/\/www.patentattorneys.ch\/wp-content\/uploads\/2016\/01\/PTS_Icon.jpg\",\"contentUrl\":\"https:\/\/www.patentattorneys.ch\/wp-content\/uploads\/2016\/01\/PTS_Icon.jpg\",\"width\":512,\"height\":512,\"caption\":\"P&TS SA\"},\"image\":{\"@id\":\"https:\/\/www.patentattorneys.ch\/de\/#\/schema\/logo\/image\/\"},\"sameAs\":[\"https:\/\/www.facebook.com\/PTS.Ltd\/\",\"https:\/\/x.com\/PTSSA\",\"https:\/\/www.linkedin.com\/company\/p&ts-sa\"]}]}<\/script>\n<!-- \/ Yoast SEO plugin. -->","yoast_head_json":{"title":"Adrian Judele - P&amp;TS AG","robots":{"index":"index","follow":"follow","max-snippet":"max-snippet:-1","max-image-preview":"max-image-preview:large","max-video-preview":"max-video-preview:-1"},"canonical":"https:\/\/www.patentattorneys.ch\/equipe\/collaborateurs\/adrian-judele\/","og_locale":"de_DE","og_type":"article","og_title":"Adrian Judele - P&amp;TS AG","og_url":"https:\/\/www.patentattorneys.ch\/equipe\/collaborateurs\/adrian-judele\/","og_site_name":"P&amp;TS AG","article_publisher":"https:\/\/www.facebook.com\/PTS.Ltd\/","article_modified_time":"2023-03-30T14:00:47+00:00","twitter_card":"summary_large_image","twitter_site":"@PTSSA","twitter_misc":{"Est. reading time":"8 minutes"},"schema":{"@context":"https:\/\/schema.org","@graph":[{"@type":"WebPage","@id":"https:\/\/www.patentattorneys.ch\/equipe\/collaborateurs\/adrian-judele\/","url":"https:\/\/www.patentattorneys.ch\/equipe\/collaborateurs\/adrian-judele\/","name":"Adrian Judele - P&amp;TS AG","isPartOf":{"@id":"https:\/\/www.patentattorneys.ch\/de\/#website"},"datePublished":"2022-03-08T09:27:01+00:00","dateModified":"2023-03-30T14:00:47+00:00","breadcrumb":{"@id":"https:\/\/www.patentattorneys.ch\/equipe\/collaborateurs\/adrian-judele\/#breadcrumb"},"inLanguage":"de-DE","potentialAction":[{"@type":"ReadAction","target":["https:\/\/www.patentattorneys.ch\/equipe\/collaborateurs\/adrian-judele\/"]}]},{"@type":"BreadcrumbList","@id":"https:\/\/www.patentattorneys.ch\/equipe\/collaborateurs\/adrian-judele\/#breadcrumb","itemListElement":[{"@type":"ListItem","position":1,"name":"Accueil","item":"https:\/\/www.patentattorneys.ch\/"},{"@type":"ListItem","position":2,"name":"Our team","item":"https:\/\/www.patentattorneys.ch\/equipe\/"},{"@type":"ListItem","position":3,"name":"Collaborateurs","item":"https:\/\/www.patentattorneys.ch\/equipe\/collaborateurs\/"},{"@type":"ListItem","position":4,"name":"Adrian Judele"}]},{"@type":"WebSite","@id":"https:\/\/www.patentattorneys.ch\/de\/#website","url":"https:\/\/www.patentattorneys.ch\/de\/","name":"P&amp;TS AG","description":"Patentanw\u00e4lte","publisher":{"@id":"https:\/\/www.patentattorneys.ch\/de\/#organization"},"potentialAction":[{"@type":"SearchAction","target":{"@type":"EntryPoint","urlTemplate":"https:\/\/www.patentattorneys.ch\/de\/?s={search_term_string}"},"query-input":{"@type":"PropertyValueSpecification","valueRequired":true,"valueName":"search_term_string"}}],"inLanguage":"de-DE"},{"@type":"Organization","@id":"https:\/\/www.patentattorneys.ch\/de\/#organization","name":"P&TS SA","url":"https:\/\/www.patentattorneys.ch\/de\/","logo":{"@type":"ImageObject","inLanguage":"de-DE","@id":"https:\/\/www.patentattorneys.ch\/de\/#\/schema\/logo\/image\/","url":"https:\/\/www.patentattorneys.ch\/wp-content\/uploads\/2016\/01\/PTS_Icon.jpg","contentUrl":"https:\/\/www.patentattorneys.ch\/wp-content\/uploads\/2016\/01\/PTS_Icon.jpg","width":512,"height":512,"caption":"P&TS SA"},"image":{"@id":"https:\/\/www.patentattorneys.ch\/de\/#\/schema\/logo\/image\/"},"sameAs":["https:\/\/www.facebook.com\/PTS.Ltd\/","https:\/\/x.com\/PTSSA","https:\/\/www.linkedin.com\/company\/p&ts-sa"]}]}},"_links":{"self":[{"href":"https:\/\/www.patentattorneys.ch\/de\/wp-json\/wp\/v2\/pages\/30655"}],"collection":[{"href":"https:\/\/www.patentattorneys.ch\/de\/wp-json\/wp\/v2\/pages"}],"about":[{"href":"https:\/\/www.patentattorneys.ch\/de\/wp-json\/wp\/v2\/types\/page"}],"author":[{"embeddable":true,"href":"https:\/\/www.patentattorneys.ch\/de\/wp-json\/wp\/v2\/users\/9"}],"replies":[{"embeddable":true,"href":"https:\/\/www.patentattorneys.ch\/de\/wp-json\/wp\/v2\/comments?post=30655"}],"version-history":[{"count":35,"href":"https:\/\/www.patentattorneys.ch\/de\/wp-json\/wp\/v2\/pages\/30655\/revisions"}],"predecessor-version":[{"id":32080,"href":"https:\/\/www.patentattorneys.ch\/de\/wp-json\/wp\/v2\/pages\/30655\/revisions\/32080"}],"up":[{"embeddable":true,"href":"https:\/\/www.patentattorneys.ch\/de\/wp-json\/wp\/v2\/pages\/26502"}],"wp:attachment":[{"href":"https:\/\/www.patentattorneys.ch\/de\/wp-json\/wp\/v2\/media?parent=30655"}],"curies":[{"name":"wp","href":"https:\/\/api.w.org\/{rel}","templated":true}]}}