

{"id":32811,"date":"2023-08-30T14:58:02","date_gmt":"2023-08-30T13:58:02","guid":{"rendered":"https:\/\/www.patentattorneys.ch\/?page_id=32811"},"modified":"2023-09-13T14:12:16","modified_gmt":"2023-09-13T13:12:16","slug":"christian-barbier","status":"publish","type":"page","link":"https:\/\/www.patentattorneys.ch\/de\/unser-team\/mitarbeiter\/christian-barbier\/","title":{"rendered":"Christian Barbier"},"content":{"rendered":"<div class=\"wpb-content-wrapper\"><p>[vc_row bg_color=&#8221;#6d787e&#8221; class=&#8221;display-flex&#8221;][vc_column text_color=&#8221;light&#8221; width=&#8221;1\/1&#8243;][vc_row_inner][vc_column_inner width=&#8221;1\/4&#8243;]<div class=\"single_image wpb_content_element align-left   \" data-animation=\"none\" data-delay=\"0\"><img decoding=\"async\" width=\"232\" height=\"248\" src=\"https:\/\/www.patentattorneys.ch\/wp-content\/uploads\/2023\/08\/Christian-Barbier_2-photo.jpg\" class=\"attachment-full\" alt=\"\" title=\"Christian Barbier_2 photo\" \/><\/div>[\/vc_column_inner][\/vc_row_inner][\/vc_column][\/vc_row][vc_row][vc_column width=&#8221;1\/1&#8243;]<style>#breadcrumb-69de25893c8c2 li::after { content: \"\u00bb\" }<\/style><div class=\"\"><ol class=\"wwp-vc-breadcrumbs \" id=\"breadcrumb-69de25893c8c2\"><li class=\"visited\"><a href=\"\/\">Home<\/a><\/li><li class=\"visited\"><a href=\"https:\/\/www.patentattorneys.ch\/de\/unser-team\/\">{:fr}\u00c9quipe{:}{:de}Unser Team{:}{:en}Our team{:}<\/a><\/li><li class=\"visited\"><a href=\"https:\/\/www.patentattorneys.ch\/de\/unser-team\/mitarbeiter\/\">{:fr}Collaborateurs{:}{:de}Mitarbeiter{:}{:en}Employees{:}<\/a><\/li><li class=\"current\"><span>Christian Barbier<\/span><\/li><\/ol><\/div><div class=\"spacer\" style=\"height: 40px;\"><\/div>[\/vc_column][\/vc_row][vc_row][vc_column width=&#8221;1\/4&#8243;][vc_column_text]<\/p>\n<h3>Christian Barbier<\/h3>\n<h5>Member of the Board<\/h5>\n<p>[\/vc_column_text]<div class=\"divider divider1\" style='margin:40px 0 40px 0 !important;'><\/div>[\/vc_column][vc_column width=&#8221;3\/4&#8243;][vc_tabs interval=&#8221;0&#8243;][vc_tab title=&#8221;Biographie&#8221; tab_id=&#8221;dab1363f-82ab-9&#8243;][vc_column_text]Sprachen: Englisch, Franz\u00f6sisch und Deutsch[\/vc_column_text][vc_column_text]Christian Barbier ist ein Vision\u00e4r und Macher, der als Experte f\u00fcr Strategie und Gesch\u00e4ftsentwicklung anerkannt ist und \u00fcber mehr als 30 Jahre Erfahrung in verschiedenen Branchen wie Finanzwesen, Informationstechnologie, Luxusg\u00fcter und Wirtschaftsentwicklung verf\u00fcgt.<\/p>\n<p>Seit 2018 ist er Gr\u00fcnder und gesch\u00e4ftsf\u00fchrender Gesellschafter von cba (Creative Business Acceleration SA), einer Innovationsplattform, die strategische Dienstleistungen anbietet, um eine nachhaltige Wertsch\u00f6pfung zu erzielen. \u00dcber cba unterst\u00fctzt Christian Barbier die gemeinsame Entwicklung neuer Gesch\u00e4ftsmodelle auf nationaler und internationaler Ebene. Seine Rolle umfasst Verantwortlichkeiten bei Start-ups, KMUs und multinationalen Unternehmen in ausgew\u00e4hlten M\u00e4rkten mit dem Ziel, die Wertsch\u00f6pfungsketten zu optimieren, die Unternehmensf\u00fchrung zu st\u00e4rken, den Zugang zu neuen M\u00e4rkten zu erleichtern und den Bedarf an Wachstumsfinanzierung der Partnerunternehmen zu decken. cba arbeitet mit einem kollaborativen Ansatz, bei dem die Vision und Strategie der Partnerunternehmen mit Hilfe eines Netzwerks von Experten, Partnerunternehmen und -institutionen umgesetzt werden, und unterst\u00fctzt gleichzeitig externe Innovationsteams f\u00fcr Unternehmen, die in ihrem Bereich f\u00fchrend sind.<\/p>\n<p>Christian Barbier ist auch als Investor t\u00e4tig und vermittelt zielgerichtet Angebote an Investoren, indem er ausgew\u00e4hlte innovative Projekte in Partnerschaft mit seinem Innovations-\u00d6kosystem unterst\u00fctzt. Er ist Mitbegr\u00fcnder und Anteilseigner mehrerer vielversprechender Technologie-Start-ups. Zu seinen herausragenden Leistungen z\u00e4hlt auch das kollaborative Projekt zur Sanierung der Villa Perret, einem symboltr\u00e4chtigen Ort am Ufer des Neuenburger Sees in der Schweiz, der in einen Marktplatz f\u00fcr Unternehmen mit hoher Wertsch\u00f6pfung auf 1.000 m2 umgewandelt wurde, der Lebensqualit\u00e4t und Innovation miteinander verbindet.<\/p>\n<p>Dank seiner F\u00fchrungs- und Verhandlungsf\u00e4higkeiten hinterlie\u00df Christian Barbier von 2012 bis 2017 seine Handschrift als Generaldirektor des Dienstes zur F\u00f6rderung der wirtschaftlichen Entwicklung des Staates Neuenburg. Er erleichterte wichtige Investitionen f\u00fcr die Schaffung zahlreicher neuer Arbeitspl\u00e4tze. Mit seinen Teams hat er die kantonale Wirtschaftsentwicklungsstrategie, die 2015 einstimmig vom Parlament verabschiedet wurde, mit einer vision\u00e4ren Positionierung f\u00fcr die Neuenburger Wirtschaft neu definiert, indem er Microcity (regionales Innovations\u00f6kosystem) ab 2016 zu einer territorialen Marke machte. Dar\u00fcber hinaus st\u00e4rkte er als Vorsitzender des Exekutivausschusses der Westschweizer Investitionsf\u00f6rderungsagentur (GGBa) in den Jahren 2016-2017 die Attraktivit\u00e4t der Region auf der internationalen B\u00fchne.<\/p>\n<p>Von 2004 bis 2011 war Christian Barbier Vizepr\u00e4sident bei Parmigiani, einer unabh\u00e4ngigen Schweizer Marke im Bereich der Prestige-Uhren, wo er den Gesch\u00e4ftsverlauf um 500 % steigern und mit seinen Teams ein exklusives weltweites Vertriebsnetz aufbauen konnte. Seine F\u00e4higkeiten als Presales &#8211; Business Architect bei SAP Schweiz von 1997 bis 2000 brachten ihm ebenfalls hervorragende Ergebnisse. Seine Karriere begann er bei UBS Genf in einem neu gegr\u00fcndeten Controlling-Team. Seit 1996 besitzt er einen Master in Wirtschaftswissenschaften der Universit\u00e4t Neuch\u00e2tel. Er wurde 1972 geboren, ist verheiratet und hat zwei Kinder.<\/p>\n<p>Christian Barbiers beruflicher Werdegang ist gepr\u00e4gt von seiner strategischen Vision, seinem Unternehmergeist und seinem Engagement f\u00fcr eine nachhaltige Gesch\u00e4ftsentwicklung, was ihn zu einem einflussreichen Leader und Player in den Bereichen Innovation und Wirtschaftswachstum macht.[\/vc_column_text][\/vc_tab][\/vc_tabs][\/vc_column][\/vc_row]<\/p>\n<\/div>","protected":false},"excerpt":{"rendered":"<p>[vc_row bg_color=&#8221;#6d787e&#8221; class=&#8221;display-flex&#8221;][vc_column text_color=&#8221;light&#8221; width=&#8221;1\/1&#8243;][vc_row_inner][vc_column_inner width=&#8221;1\/4&#8243;][\/vc_column_inner][\/vc_row_inner][\/vc_column][\/vc_row][vc_row][vc_column width=&#8221;1\/1&#8243;][\/vc_column][\/vc_row][vc_row][vc_column width=&#8221;1\/4&#8243;][vc_column_text] Christian Barbier Member of the Board [\/vc_column_text][\/vc_column][vc_column width=&#8221;3\/4&#8243;][vc_tabs interval=&#8221;0&#8243;][vc_tab title=&#8221;Biographie&#8221; tab_id=&#8221;dab1363f-82ab-9&#8243;][vc_column_text]Sprachen: Englisch, Franz\u00f6sisch und Deutsch[\/vc_column_text][vc_column_text]Christian Barbier ist ein Vision\u00e4r und Macher, der als Experte f\u00fcr Strategie und Gesch\u00e4ftsentwicklung anerkannt ist und \u00fcber mehr als 30 Jahre Erfahrung in verschiedenen Branchen wie Finanzwesen, Informationstechnologie, Luxusg\u00fcter und Wirtschaftsentwicklung verf\u00fcgt. Seit 2018 ist er Gr\u00fcnder und gesch\u00e4ftsf\u00fchrender Gesellschafter von cba (Creative Business Acceleration SA), einer Innovationsplattform, die strategische Dienstleistungen anbietet, um eine nachhaltige Wertsch\u00f6pfung zu erzielen. \u00dcber cba unterst\u00fctzt Christian Barbier die gemeinsame Entwicklung neuer Gesch\u00e4ftsmodelle auf nationaler und internationaler Ebene. Seine Rolle umfasst Verantwortlichkeiten bei Start-ups, KMUs und multinationalen Unternehmen in ausgew\u00e4hlten M\u00e4rkten mit dem Ziel, die Wertsch\u00f6pfungsketten zu optimieren, die Unternehmensf\u00fchrung zu st\u00e4rken, den Zugang zu neuen M\u00e4rkten zu erleichtern und den Bedarf an Wachstumsfinanzierung der Partnerunternehmen zu decken. cba arbeitet mit einem kollaborativen Ansatz, bei dem die Vision und Strategie der Partnerunternehmen mit Hilfe eines Netzwerks von Experten, Partnerunternehmen und -institutionen umgesetzt werden, und unterst\u00fctzt gleichzeitig externe Innovationsteams f\u00fcr Unternehmen, die in ihrem Bereich f\u00fchrend sind. Christian Barbier ist auch als Investor t\u00e4tig und vermittelt zielgerichtet Angebote an Investoren, indem er ausgew\u00e4hlte innovative Projekte in Partnerschaft mit seinem Innovations-\u00d6kosystem unterst\u00fctzt. Er ist [&hellip;]<\/p>\n","protected":false},"author":9,"featured_media":0,"parent":26502,"menu_order":0,"comment_status":"closed","ping_status":"closed","template":"","meta":{"footnotes":""},"translation":{"provider":"WPGlobus","version":"3.0.2","language":"de","enabled_languages":["fr","de","en","it"],"languages":{"fr":{"title":true,"content":true,"excerpt":false},"de":{"title":true,"content":true,"excerpt":false},"en":{"title":true,"content":true,"excerpt":false},"it":{"title":false,"content":false,"excerpt":false}}},"yoast_head":"<!-- This site is optimized with the Yoast SEO plugin v24.4 - https:\/\/yoast.com\/wordpress\/plugins\/seo\/ -->\n<title>Christian Barbier - P&amp;TS AG<\/title>\n<meta name=\"robots\" content=\"index, follow, max-snippet:-1, max-image-preview:large, max-video-preview:-1\" \/>\n<link rel=\"canonical\" href=\"https:\/\/www.patentattorneys.ch\/equipe\/collaborateurs\/christian-barbier\/\" \/>\n<meta property=\"og:locale\" content=\"de_DE\" \/>\n<meta property=\"og:type\" content=\"article\" \/>\n<meta property=\"og:title\" content=\"Christian Barbier - P&amp;TS AG\" \/>\n<meta property=\"og:url\" content=\"https:\/\/www.patentattorneys.ch\/equipe\/collaborateurs\/christian-barbier\/\" \/>\n<meta property=\"og:site_name\" content=\"P&amp;TS AG\" \/>\n<meta property=\"article:publisher\" content=\"https:\/\/www.facebook.com\/PTS.Ltd\/\" \/>\n<meta property=\"article:modified_time\" content=\"2023-09-13T13:12:16+00:00\" \/>\n<meta name=\"twitter:card\" content=\"summary_large_image\" \/>\n<meta name=\"twitter:site\" content=\"@PTSSA\" \/>\n<meta name=\"twitter:label1\" content=\"Est. reading time\" \/>\n\t<meta name=\"twitter:data1\" content=\"9 minutes\" \/>\n<script type=\"application\/ld+json\" class=\"yoast-schema-graph\">{\"@context\":\"https:\/\/schema.org\",\"@graph\":[{\"@type\":\"WebPage\",\"@id\":\"https:\/\/www.patentattorneys.ch\/equipe\/collaborateurs\/christian-barbier\/\",\"url\":\"https:\/\/www.patentattorneys.ch\/equipe\/collaborateurs\/christian-barbier\/\",\"name\":\"Christian Barbier - P&amp;TS AG\",\"isPartOf\":{\"@id\":\"https:\/\/www.patentattorneys.ch\/de\/#website\"},\"datePublished\":\"2023-08-30T13:58:02+00:00\",\"dateModified\":\"2023-09-13T13:12:16+00:00\",\"breadcrumb\":{\"@id\":\"https:\/\/www.patentattorneys.ch\/equipe\/collaborateurs\/christian-barbier\/#breadcrumb\"},\"inLanguage\":\"de-DE\",\"potentialAction\":[{\"@type\":\"ReadAction\",\"target\":[\"https:\/\/www.patentattorneys.ch\/equipe\/collaborateurs\/christian-barbier\/\"]}]},{\"@type\":\"BreadcrumbList\",\"@id\":\"https:\/\/www.patentattorneys.ch\/equipe\/collaborateurs\/christian-barbier\/#breadcrumb\",\"itemListElement\":[{\"@type\":\"ListItem\",\"position\":1,\"name\":\"Accueil\",\"item\":\"https:\/\/www.patentattorneys.ch\/\"},{\"@type\":\"ListItem\",\"position\":2,\"name\":\"Our team\",\"item\":\"https:\/\/www.patentattorneys.ch\/equipe\/\"},{\"@type\":\"ListItem\",\"position\":3,\"name\":\"Collaborateurs\",\"item\":\"https:\/\/www.patentattorneys.ch\/equipe\/collaborateurs\/\"},{\"@type\":\"ListItem\",\"position\":4,\"name\":\"Christian Barbier\"}]},{\"@type\":\"WebSite\",\"@id\":\"https:\/\/www.patentattorneys.ch\/de\/#website\",\"url\":\"https:\/\/www.patentattorneys.ch\/de\/\",\"name\":\"P&amp;TS AG\",\"description\":\"Patentanw\u00e4lte\",\"publisher\":{\"@id\":\"https:\/\/www.patentattorneys.ch\/de\/#organization\"},\"potentialAction\":[{\"@type\":\"SearchAction\",\"target\":{\"@type\":\"EntryPoint\",\"urlTemplate\":\"https:\/\/www.patentattorneys.ch\/de\/?s={search_term_string}\"},\"query-input\":{\"@type\":\"PropertyValueSpecification\",\"valueRequired\":true,\"valueName\":\"search_term_string\"}}],\"inLanguage\":\"de-DE\"},{\"@type\":\"Organization\",\"@id\":\"https:\/\/www.patentattorneys.ch\/de\/#organization\",\"name\":\"P&TS SA\",\"url\":\"https:\/\/www.patentattorneys.ch\/de\/\",\"logo\":{\"@type\":\"ImageObject\",\"inLanguage\":\"de-DE\",\"@id\":\"https:\/\/www.patentattorneys.ch\/de\/#\/schema\/logo\/image\/\",\"url\":\"https:\/\/www.patentattorneys.ch\/wp-content\/uploads\/2016\/01\/PTS_Icon.jpg\",\"contentUrl\":\"https:\/\/www.patentattorneys.ch\/wp-content\/uploads\/2016\/01\/PTS_Icon.jpg\",\"width\":512,\"height\":512,\"caption\":\"P&TS SA\"},\"image\":{\"@id\":\"https:\/\/www.patentattorneys.ch\/de\/#\/schema\/logo\/image\/\"},\"sameAs\":[\"https:\/\/www.facebook.com\/PTS.Ltd\/\",\"https:\/\/x.com\/PTSSA\",\"https:\/\/www.linkedin.com\/company\/p&ts-sa\"]}]}<\/script>\n<!-- \/ Yoast SEO plugin. -->","yoast_head_json":{"title":"Christian Barbier - P&amp;TS AG","robots":{"index":"index","follow":"follow","max-snippet":"max-snippet:-1","max-image-preview":"max-image-preview:large","max-video-preview":"max-video-preview:-1"},"canonical":"https:\/\/www.patentattorneys.ch\/equipe\/collaborateurs\/christian-barbier\/","og_locale":"de_DE","og_type":"article","og_title":"Christian Barbier - P&amp;TS AG","og_url":"https:\/\/www.patentattorneys.ch\/equipe\/collaborateurs\/christian-barbier\/","og_site_name":"P&amp;TS AG","article_publisher":"https:\/\/www.facebook.com\/PTS.Ltd\/","article_modified_time":"2023-09-13T13:12:16+00:00","twitter_card":"summary_large_image","twitter_site":"@PTSSA","twitter_misc":{"Est. reading time":"9 minutes"},"schema":{"@context":"https:\/\/schema.org","@graph":[{"@type":"WebPage","@id":"https:\/\/www.patentattorneys.ch\/equipe\/collaborateurs\/christian-barbier\/","url":"https:\/\/www.patentattorneys.ch\/equipe\/collaborateurs\/christian-barbier\/","name":"Christian Barbier - P&amp;TS AG","isPartOf":{"@id":"https:\/\/www.patentattorneys.ch\/de\/#website"},"datePublished":"2023-08-30T13:58:02+00:00","dateModified":"2023-09-13T13:12:16+00:00","breadcrumb":{"@id":"https:\/\/www.patentattorneys.ch\/equipe\/collaborateurs\/christian-barbier\/#breadcrumb"},"inLanguage":"de-DE","potentialAction":[{"@type":"ReadAction","target":["https:\/\/www.patentattorneys.ch\/equipe\/collaborateurs\/christian-barbier\/"]}]},{"@type":"BreadcrumbList","@id":"https:\/\/www.patentattorneys.ch\/equipe\/collaborateurs\/christian-barbier\/#breadcrumb","itemListElement":[{"@type":"ListItem","position":1,"name":"Accueil","item":"https:\/\/www.patentattorneys.ch\/"},{"@type":"ListItem","position":2,"name":"Our team","item":"https:\/\/www.patentattorneys.ch\/equipe\/"},{"@type":"ListItem","position":3,"name":"Collaborateurs","item":"https:\/\/www.patentattorneys.ch\/equipe\/collaborateurs\/"},{"@type":"ListItem","position":4,"name":"Christian Barbier"}]},{"@type":"WebSite","@id":"https:\/\/www.patentattorneys.ch\/de\/#website","url":"https:\/\/www.patentattorneys.ch\/de\/","name":"P&amp;TS AG","description":"Patentanw\u00e4lte","publisher":{"@id":"https:\/\/www.patentattorneys.ch\/de\/#organization"},"potentialAction":[{"@type":"SearchAction","target":{"@type":"EntryPoint","urlTemplate":"https:\/\/www.patentattorneys.ch\/de\/?s={search_term_string}"},"query-input":{"@type":"PropertyValueSpecification","valueRequired":true,"valueName":"search_term_string"}}],"inLanguage":"de-DE"},{"@type":"Organization","@id":"https:\/\/www.patentattorneys.ch\/de\/#organization","name":"P&TS SA","url":"https:\/\/www.patentattorneys.ch\/de\/","logo":{"@type":"ImageObject","inLanguage":"de-DE","@id":"https:\/\/www.patentattorneys.ch\/de\/#\/schema\/logo\/image\/","url":"https:\/\/www.patentattorneys.ch\/wp-content\/uploads\/2016\/01\/PTS_Icon.jpg","contentUrl":"https:\/\/www.patentattorneys.ch\/wp-content\/uploads\/2016\/01\/PTS_Icon.jpg","width":512,"height":512,"caption":"P&TS SA"},"image":{"@id":"https:\/\/www.patentattorneys.ch\/de\/#\/schema\/logo\/image\/"},"sameAs":["https:\/\/www.facebook.com\/PTS.Ltd\/","https:\/\/x.com\/PTSSA","https:\/\/www.linkedin.com\/company\/p&ts-sa"]}]}},"_links":{"self":[{"href":"https:\/\/www.patentattorneys.ch\/de\/wp-json\/wp\/v2\/pages\/32811"}],"collection":[{"href":"https:\/\/www.patentattorneys.ch\/de\/wp-json\/wp\/v2\/pages"}],"about":[{"href":"https:\/\/www.patentattorneys.ch\/de\/wp-json\/wp\/v2\/types\/page"}],"author":[{"embeddable":true,"href":"https:\/\/www.patentattorneys.ch\/de\/wp-json\/wp\/v2\/users\/9"}],"replies":[{"embeddable":true,"href":"https:\/\/www.patentattorneys.ch\/de\/wp-json\/wp\/v2\/comments?post=32811"}],"version-history":[{"count":12,"href":"https:\/\/www.patentattorneys.ch\/de\/wp-json\/wp\/v2\/pages\/32811\/revisions"}],"predecessor-version":[{"id":32874,"href":"https:\/\/www.patentattorneys.ch\/de\/wp-json\/wp\/v2\/pages\/32811\/revisions\/32874"}],"up":[{"embeddable":true,"href":"https:\/\/www.patentattorneys.ch\/de\/wp-json\/wp\/v2\/pages\/26502"}],"wp:attachment":[{"href":"https:\/\/www.patentattorneys.ch\/de\/wp-json\/wp\/v2\/media?parent=32811"}],"curies":[{"name":"wp","href":"https:\/\/api.w.org\/{rel}","templated":true}]}}