

{"id":33002,"date":"2023-10-10T10:32:05","date_gmt":"2023-10-10T09:32:05","guid":{"rendered":"https:\/\/www.patentattorneys.ch\/?page_id=33002"},"modified":"2023-11-01T10:18:13","modified_gmt":"2023-11-01T09:18:13","slug":"creations-en-agence-avec-laide-de-lia-enjeux","status":"publish","type":"page","link":"https:\/\/www.patentattorneys.ch\/de\/agenturgrundungen-mit-hilfe-von-ki-herausforderungen\/","title":{"rendered":"Agenturgr\u00fcndungen mit Hilfe von KI &#8211; Herausforderungen"},"content":{"rendered":"<div class=\"wpb-content-wrapper\"><p>[vc_row][vc_column width=&#8221;1\/1&#8243;]<style>#breadcrumb-6a063cb5492fa li::after { content: \"\u00bb\" }<\/style><div class=\"vc_custom_1696932409427\"><ol class=\"wwp-vc-breadcrumbs \" id=\"breadcrumb-6a063cb5492fa\"><li class=\"visited\"><a href=\"\/\">Home<\/a><\/li><li class=\"current\"><span>Agenturgr\u00fcndungen mit Hilfe von KI &#8211; Herausforderungen<\/span><\/li><\/ol><\/div>[\/vc_column][\/vc_row][vc_row][vc_column width=&#8221;2\/3&#8243;][vc_column_text]<\/p>\n<h1>Agenturgr\u00fcndungen mit Hilfe von KI &#8211; Herausforderungen<\/h1>\n<div class=\"epyt-video-wrapper\"><iframe  id=\"_ytid_85550\"  width=\"1161\" height=\"653\"  data-origwidth=\"1161\" data-origheight=\"653\" src=\"https:\/\/www.youtube.com\/embed\/dpPz4gVa1og?enablejsapi=1&#038;autoplay=0&#038;cc_load_policy=0&#038;cc_lang_pref=&#038;iv_load_policy=1&#038;loop=0&#038;rel=1&#038;fs=1&#038;playsinline=0&#038;autohide=2&#038;hl=de_DE&#038;theme=dark&#038;color=red&#038;controls=1&#038;disablekb=0&#038;\" class=\"__youtube_prefs__  epyt-is-override  no-lazyload\" title=\"YouTube player\"  allow=\"fullscreen; accelerometer; autoplay; clipboard-write; encrypted-media; gyroscope; picture-in-picture; web-share\" referrerpolicy=\"strict-origin-when-cross-origin\" allowfullscreen data-no-lazy=\"1\" data-skipgform_ajax_framebjll=\"\"><\/iframe><\/div>\n<p>&nbsp;<\/p>\n<p>Die Definition von k\u00fcnstlicher Intelligenz ist weit gefasst und geht weit \u00fcber den Rahmen dieses Artikels hinaus.<\/p>\n<p>Es ist manchmal schwierig, die tats\u00e4chliche Nutzung zu erahnen, da k\u00fcnstliche Intelligenz zunehmend in allt\u00e4gliche Werkzeuge <em>integriert <\/em>wird, wie z. B. in Office-Tools (wenn der Texteditor eine stilistische \u00c4nderung &#8220;vorschl\u00e4gt&#8221;), Suchmaschinen oder Bildbearbeitungsfilter in sozialen Netzwerken. Dies wirft im \u00dcbrigen einige Probleme auf, insbesondere ethische, die im letzten Artikel dieser Serie behandelt werden.<\/p>\n<p>Werkzeuge zur Unterst\u00fctzung der visuellen Gestaltung sind besonders heikel in rechtlicher Hinsicht zu handhaben, wie etwa Werkzeuge vom Typ Dall-E\u2122 oder MidJourney\u2122.<\/p>\n<p>Diese KI-basierten Tools verwenden Bilder von unz\u00e4hligen \u00f6ffentlich zug\u00e4nglichen Websites (sogenannte &#8220;Data Sets&#8221; oder &#8220;Trainingsdaten&#8221;),\u00a0 um ihren Algorithmus zu verbessern, um ihr neuronales Netz<em> zu trainieren <\/em>und Ergebnisse zu liefern. Es gibt (noch) keine Rechtsprechung, die definiert, ob diese Nutzung rechtlich zul\u00e4ssig ist (was in der angels\u00e4chsischen Welt als <em>Fair Use <\/em>definiert wird), aber die Frage wird derzeit kontrovers diskutiert. Einerseits, weil in einigen L\u00e4ndern Datenbanken um ihrer selbst willen gesch\u00fctzt sind (in der Schweiz findet mangels eines <em>Ad-hoc-Schutzes <\/em>das Gesetz gegen den unlauteren Wettbewerb Anwendung), andererseits aber auch, weil die in diesen Datenbanken verwendeten Bilder sehr oft selbst urheberrechtlich gesch\u00fctzt und nicht gemeinfrei sind.<\/p>\n<p>Au\u00dferdem enthalten die Datenbanken am Rande der Bilder sehr oft auch Anmerkungen (Metadaten), wenn die Bilder bereits bearbeitet wurden (insbesondere eine Textbeschreibung, die jedem Bild hinzugef\u00fcgt wird). Die Bildbearbeitung geh\u00f6rt dem Eigent\u00fcmer der Datenbank, das Urheberrecht am Bild selbst liegt jedoch weiterhin beim urspr\u00fcnglichen Sch\u00f6pfer des Bildes (oder des Werkes). Oft ist es notwendig, die Vertragsbedingungen, die der Urheber eines Werks akzeptiert hat, als er es in eine im Internet zug\u00e4ngliche Datenbank hochgeladen hat, zu zerlegen, um festzustellen, ob die Verwendung des Werks zum Trainieren von Algorithmen f\u00fcr k\u00fcnstliche Intelligenz zul\u00e4ssig war oder nicht (z. B. Urlaubsfotos, die auf die Bilderplattform Flickr\u2122 hochgeladen wurden).<\/p>\n<p>Somit stellen sich rechtliche Fragen auf mehreren Ebenen: zum einen hinsichtlich der Verwendung von Trainingsdaten, aber auch hinsichtlich der rechtlichen Regelung f\u00fcr Bilder, die mithilfe dieser Werkzeuge der k\u00fcnstlichen Intelligenz erzeugt werden, die auf von Dritten erstellten Bildern basieren.<\/p>\n<p>Zur ersten Frage wurden bereits mehrere Verfahren angestrengt, z. B. wurden Microsoft, GitHub und OpenAI\u2122 im Rahmen einer Sammelklage beschuldigt, das Urheberrecht verletzt zu haben, indem sie Copilot\u2122, einem KI-System zur Codegenerierung, erlaubten, Milliarden von Codezeilen zu verwenden, die als Open Source in frei zug\u00e4nglichen Verzeichnissen ver\u00f6ffentlicht wurden, und Codeausz\u00fcge hervorzuholen, ohne den nach den geltenden Open-Source-Lizenzen erforderlichen Urhebernachweis zu erbringen. Getty Images\u2122 verklagt auch den Herausgeber von Stable Diffusion\u2122 und behauptet, das Unternehmen habe dessen Inhalte kopiert, um seinen KI-Bildergenerator zu trainieren. Twitter\u2122 (jetzt &#8220;X&#8221;) beschuldigt Microsoft, seine Technologien f\u00fcr k\u00fcnstliche Intelligenz (KI) &#8220;illegal&#8221; mit Twitter-Daten zu trainieren, die es angeblich unter Verwendung \u00f6ffentlicher API-Schnittstellen massiv geschluckt hat.<\/p>\n<p>Angesichts dessen stehen Agenturen vor dem Dilemma, wie sie die Ergebnisse von KI-Tools nutzen oder sich von ihnen inspirieren lassen k\u00f6nnen, ohne in ein Plagiat zu verfallen? Der Output reproduziert nicht unbedingt die Formelemente der urspr\u00fcnglichen Werke, aber manchmal kann es zu \u00dcberschneidungen kommen und ein Werk bleibt erkennbar.<\/p>\n<p>Die gute Nachricht ist, dass die anwendbaren Regeln existieren und nicht neu sind. Die Frage f\u00fcr die Agentur zielt im Wesentlichen auf die Unterscheidung zwischen einem <strong>abgeleiteten Werk <\/strong>und einem <strong>Originalwerk ab<\/strong>: Ein abgeleitetes Werk besteht aus einer Kreation , die einen individuellen Charakter hat, aber auf einem oder mehreren bestehenden Werken basiert, die in dem neuen Werk (noch) erkennbar sind. Um Plagiate zu vermeiden, muss die neue Sch\u00f6pfung das bestehende Werk nicht unbedingt v\u00f6llig verschwinden lassen, aber die charakteristischen Ausdrucksformen dieses Werks d\u00fcrfen nicht mehr erkennbar sein. Wenn diese noch vorhanden sind, ist die Zustimmung des Urhebers des urspr\u00fcnglichen Werks erforderlich, um das abgeleitete Werk zu verwenden. Das ist nicht unkompliziert, insbesondere was die Identifizierung betrifft.<\/p>\n<p>Zum Beispiel ist die Nachahmung des Stils ohne Anpassung eines bereits bestehenden Werks frei, da der Stil als solcher nicht urheberrechtlich gesch\u00fctzt ist. Wenn der Stil jedoch f\u00fcr einen K\u00fcnstler einzigartig ist, k\u00f6nnte der Sch\u00f6pfer wegen Nachahmung angeklagt werden (z. B. nach der Idee der ber\u00fchmten Negativportr\u00e4ts von Andy Warhol).<\/p>\n<p>Es gibt online verf\u00fcgbare Tools, mit denen man vergleichen kann, ob ein bestimmtes Bild einem Werk stark &#8220;\u00e4hnelt&#8221;, wie Google Image\u2122 oder TinyEye\u2122, um nur einige zu nennen. Je nach Ergebnis, insbesondere in Bezug auf die \u00c4hnlichkeit, kann sich bei \u00e4hnlichen Werken die Frage nach einem Plagiatsrisiko stellen, aber die Antwort k\u00f6nnte in manchen F\u00e4llen schwierig sein. Ein Schelm \u00a0w\u00fcrde erw\u00e4hnen, dass gerade solche Tools auch auf k\u00fcnstliche Intelligenz setzen, um den Inhalt zu analysieren und die Ergebnisse anzuzeigen&#8230; Aber eine solche Vorsichtsma\u00dfnahme ist empfehlenswert und vermeidet damit bereits das Risiko eines groben Plagiats.<\/p>\n<p>So sollte eine Kreativagentur mit Blick auf ihre Kunden als <strong>bew\u00e4hrte Praxis <\/strong>transparent darauf hinweisen, dass die erbrachten Leistungen <em>auch durch den <\/em>Einsatz von KI-Tools zustande gekommen sind, und deren Entstehung erl\u00e4utern. In den Vertragsbedingungen der Agentur wird diese wahrscheinlich auf die Bedingungen verweisen m\u00fcssen, die von den KI-Tools selbst gew\u00e4hrt werden. Es ist n\u00e4mlich nicht immer sicher, dass die von der K\u00fcnstlichen Intelligenz vorgeschlagenen Ergebnisse (&#8220;Output&#8221;) vollst\u00e4ndig an den Kunden abgetreten werden k\u00f6nnen (wenn dieser es verlangt), so dass manchmal nur eine (exklusive oder nicht exklusive) Lizenz f\u00fcr das Werk gew\u00e4hrt werden kann.<\/p>\n<p>OpenAi gibt beispielsweise<a href=\"#_ftn1\" name=\"_ftnref1\">[1]<\/a> an, dass Sch\u00f6pfer, die \u00a0die teilweise mit der OpenAI-API erstellten Inhalte unter ihrem Namen ver\u00f6ffentlichen m\u00f6chten (z. B. ein Buch oder eine Sammlung von Kurzgeschichten), dies unter folgenden Bedingungen tun d\u00fcrfen: <em>the role of AI in formulating the content is clearly disclosed in a way that no reader could possibly miss, and that a typical reader would find sufficiently easy to understand<\/em>. Die Rolle von KI bei der Formulierung des Inhalts wird klar und deutlich in einer Weise dargelegt, die kein Leser m\u00f6glicherweise \u00fcbersehen k\u00f6nnte und die ein typischer Leser ausreichend leicht verst\u00e4ndlich finden w\u00fcrde. OpenAi stellt auch eine Textvorlage zur Verf\u00fcgung, eine Vorlage, die keine Unklarheiten \u00fcber die \u00dcbertragung der Verantwortung vollst\u00e4ndig auf die Schultern des Erstellers formuliert: <em>The author generated this text in part with GPT-3, OpenAI&#8217;s large-scale language-generation model. Nach der Erstellung des Sprachentwurfs \u00fcberpr\u00fcfte, bearbeitete und \u00fcberarbeitete der Autor die Sprache nach seinem eigenen Geschmack <strong>und \u00fcbernimmt <\/strong>die <strong>alleinige Verantwortung f\u00fcr den Inhalt dieser Ver\u00f6ffentlichung<\/strong><\/em><strong>.<\/strong><\/p>\n<p>Damit ist ganz klar, dass die Verantwortung, die bereits bestehenden Rechte Dritter nicht zu verletzen, vollst\u00e4ndig auf die Agentur \u00fcbertragen wird, auch wenn die G\u00fcltigkeit einer solchen Klausel immer noch vor einer gerichtlichen Instanz diskutiert werden k\u00f6nnte.<\/p>\n<p>&nbsp;<\/p>\n<p><em>Die Patent- und Markenanwaltskanzlei P&#038;TS steht gerne zur Verf\u00fcgung, um mit Ihnen die Nutzungsbedingungen genauer zu pr\u00fcfen und Einschr\u00e4nkungen zu empfehlen, die Sie in Ihre Vertragsbedingungen aufnehmen k\u00f6nnen.<\/em><\/p>\n<p><a href=\"#_ftnref1\" name=\"_ftn1\">[1]<\/a> https:\/\/openai.com\/policies\/sharing-publication-policy[\/vc_column_text][\/vc_column][vc_column width=&#8221;1\/3&#8243;][vc_column_text]<\/p>\n<h3>K\u00fcnstlichen Intelligenz und kreativen Arbeit in Kommunikationsagenturen<\/h3>\n<p>Dieser Artikel ist Teil unserer <a href=\"https:\/\/www.patentattorneys.ch\/de\/dienstleitungen\/computerrecht\/#tab-1696323508044-9-7\">Einf\u00fchrung in die Problematik der k\u00fcnstlichen Intelligenz und der kreativen Arbeit in Kommunikationsagenturen<\/a>.<\/p>\n<ul>\n<li><span style=\"color: #f4b630;\"><strong>Agenturgr\u00fcndungen mit Hilfe von KI \u2013 Herausforderungen<\/strong><\/span><\/li>\n<li><strong><a href=\"https:\/\/www.patentattorneys.ch\/de\/wer-ist-der-autor-in-bezug-auf-kunstliche-intelligenz\/\">Wer ist der Autor in Bezug auf k\u00fcnstliche Intelligenz, wenn es \u00fcberhaupt einen gibt?<\/a><br \/>\n<\/strong><\/li>\n<li><strong><a href=\"https:\/\/www.patentattorneys.ch\/de\/einstufung-als-durch-kunstliche-intelligenz-geschaffenes-werk-und-rechtsinhaberschaft\/\">Einstufung als durch k\u00fcnstliche Intelligenz geschaffenes Werk und Rechtsinhaberschaft<\/a><br \/>\n<\/strong><\/li>\n<li><strong><a href=\"https:\/\/www.patentattorneys.ch\/de\/zukunft-der-ki\/\">Zukunft der KI<\/a><br \/>\n<\/strong><\/li>\n<\/ul>\n<p>[\/vc_column_text][\/vc_column][\/vc_row]<\/p>\n<\/div>","protected":false},"excerpt":{"rendered":"<p>[vc_row][vc_column width=&#8221;1\/1&#8243;][\/vc_column][\/vc_row][vc_row][vc_column width=&#8221;2\/3&#8243;][vc_column_text] Agenturgr\u00fcndungen mit Hilfe von KI &#8211; Herausforderungen &nbsp; Die Definition von k\u00fcnstlicher Intelligenz ist weit gefasst und geht weit \u00fcber den Rahmen dieses Artikels hinaus. Es ist manchmal schwierig, die tats\u00e4chliche Nutzung zu erahnen, da k\u00fcnstliche Intelligenz zunehmend in allt\u00e4gliche Werkzeuge integriert wird, wie z. B. in Office-Tools (wenn der Texteditor eine stilistische \u00c4nderung &#8220;vorschl\u00e4gt&#8221;), Suchmaschinen oder Bildbearbeitungsfilter in sozialen Netzwerken. Dies wirft im \u00dcbrigen einige Probleme auf, insbesondere ethische, die im letzten Artikel dieser Serie behandelt werden. Werkzeuge zur Unterst\u00fctzung der visuellen Gestaltung sind besonders heikel in rechtlicher Hinsicht zu handhaben, wie etwa Werkzeuge vom Typ Dall-E\u2122 oder MidJourney\u2122. Diese KI-basierten Tools verwenden Bilder von unz\u00e4hligen \u00f6ffentlich zug\u00e4nglichen Websites (sogenannte &#8220;Data Sets&#8221; oder &#8220;Trainingsdaten&#8221;),\u00a0 um ihren Algorithmus zu verbessern, um ihr neuronales Netz zu trainieren und Ergebnisse zu liefern. Es gibt (noch) keine Rechtsprechung, die definiert, ob diese Nutzung rechtlich zul\u00e4ssig ist (was in der angels\u00e4chsischen Welt als Fair Use definiert wird), aber die Frage wird derzeit kontrovers diskutiert. Einerseits, weil in einigen L\u00e4ndern Datenbanken um ihrer selbst willen gesch\u00fctzt sind (in der Schweiz findet mangels eines Ad-hoc-Schutzes das Gesetz gegen den unlauteren Wettbewerb Anwendung), andererseits aber auch, weil die in diesen Datenbanken verwendeten Bilder sehr [&hellip;]<\/p>\n","protected":false},"author":8,"featured_media":0,"parent":0,"menu_order":0,"comment_status":"closed","ping_status":"closed","template":"","meta":{"footnotes":""},"translation":{"provider":"WPGlobus","version":"3.0.2","language":"de","enabled_languages":["fr","de","en","it"],"languages":{"fr":{"title":true,"content":true,"excerpt":false},"de":{"title":true,"content":true,"excerpt":false},"en":{"title":true,"content":true,"excerpt":false},"it":{"title":false,"content":false,"excerpt":false}}},"yoast_head":"<!-- This site is optimized with the Yoast SEO plugin v24.4 - https:\/\/yoast.com\/wordpress\/plugins\/seo\/ -->\n<title>Agenturgr\u00fcndungen mit Hilfe von KI - Herausforderungen - P&amp;TS AG<\/title>\n<meta name=\"robots\" content=\"index, follow, max-snippet:-1, max-image-preview:large, max-video-preview:-1\" \/>\n<link rel=\"canonical\" href=\"https:\/\/www.patentattorneys.ch\/creations-en-agence-avec-laide-de-lia-enjeux\/\" \/>\n<meta property=\"og:locale\" content=\"de_DE\" \/>\n<meta property=\"og:type\" content=\"article\" \/>\n<meta property=\"og:title\" content=\"Agenturgr\u00fcndungen mit Hilfe von KI - Herausforderungen - P&amp;TS AG\" \/>\n<meta property=\"og:url\" content=\"https:\/\/www.patentattorneys.ch\/creations-en-agence-avec-laide-de-lia-enjeux\/\" \/>\n<meta property=\"og:site_name\" content=\"P&amp;TS AG\" \/>\n<meta property=\"article:publisher\" content=\"https:\/\/www.facebook.com\/PTS.Ltd\/\" \/>\n<meta property=\"article:modified_time\" content=\"2023-11-01T09:18:13+00:00\" \/>\n<meta name=\"twitter:card\" content=\"summary_large_image\" \/>\n<meta name=\"twitter:site\" content=\"@PTSSA\" \/>\n<meta name=\"twitter:label1\" content=\"Est. reading time\" \/>\n\t<meta name=\"twitter:data1\" content=\"20 minutes\" \/>\n<script type=\"application\/ld+json\" class=\"yoast-schema-graph\">{\"@context\":\"https:\/\/schema.org\",\"@graph\":[{\"@type\":\"WebPage\",\"@id\":\"https:\/\/www.patentattorneys.ch\/creations-en-agence-avec-laide-de-lia-enjeux\/\",\"url\":\"https:\/\/www.patentattorneys.ch\/creations-en-agence-avec-laide-de-lia-enjeux\/\",\"name\":\"Agenturgr\u00fcndungen mit Hilfe von KI - Herausforderungen - P&amp;TS AG\",\"isPartOf\":{\"@id\":\"https:\/\/www.patentattorneys.ch\/de\/#website\"},\"datePublished\":\"2023-10-10T09:32:05+00:00\",\"dateModified\":\"2023-11-01T09:18:13+00:00\",\"breadcrumb\":{\"@id\":\"https:\/\/www.patentattorneys.ch\/creations-en-agence-avec-laide-de-lia-enjeux\/#breadcrumb\"},\"inLanguage\":\"de-DE\",\"potentialAction\":[{\"@type\":\"ReadAction\",\"target\":[\"https:\/\/www.patentattorneys.ch\/creations-en-agence-avec-laide-de-lia-enjeux\/\"]}]},{\"@type\":\"BreadcrumbList\",\"@id\":\"https:\/\/www.patentattorneys.ch\/creations-en-agence-avec-laide-de-lia-enjeux\/#breadcrumb\",\"itemListElement\":[{\"@type\":\"ListItem\",\"position\":1,\"name\":\"Accueil\",\"item\":\"https:\/\/www.patentattorneys.ch\/\"},{\"@type\":\"ListItem\",\"position\":2,\"name\":\"Agency creations with the help of AI &#8211; challenges\"}]},{\"@type\":\"WebSite\",\"@id\":\"https:\/\/www.patentattorneys.ch\/de\/#website\",\"url\":\"https:\/\/www.patentattorneys.ch\/de\/\",\"name\":\"P&amp;TS AG\",\"description\":\"Patentanw\u00e4lte\",\"publisher\":{\"@id\":\"https:\/\/www.patentattorneys.ch\/de\/#organization\"},\"potentialAction\":[{\"@type\":\"SearchAction\",\"target\":{\"@type\":\"EntryPoint\",\"urlTemplate\":\"https:\/\/www.patentattorneys.ch\/de\/?s={search_term_string}\"},\"query-input\":{\"@type\":\"PropertyValueSpecification\",\"valueRequired\":true,\"valueName\":\"search_term_string\"}}],\"inLanguage\":\"de-DE\"},{\"@type\":\"Organization\",\"@id\":\"https:\/\/www.patentattorneys.ch\/de\/#organization\",\"name\":\"P&TS SA\",\"url\":\"https:\/\/www.patentattorneys.ch\/de\/\",\"logo\":{\"@type\":\"ImageObject\",\"inLanguage\":\"de-DE\",\"@id\":\"https:\/\/www.patentattorneys.ch\/de\/#\/schema\/logo\/image\/\",\"url\":\"https:\/\/www.patentattorneys.ch\/wp-content\/uploads\/2016\/01\/PTS_Icon.jpg\",\"contentUrl\":\"https:\/\/www.patentattorneys.ch\/wp-content\/uploads\/2016\/01\/PTS_Icon.jpg\",\"width\":512,\"height\":512,\"caption\":\"P&TS SA\"},\"image\":{\"@id\":\"https:\/\/www.patentattorneys.ch\/de\/#\/schema\/logo\/image\/\"},\"sameAs\":[\"https:\/\/www.facebook.com\/PTS.Ltd\/\",\"https:\/\/x.com\/PTSSA\",\"https:\/\/www.linkedin.com\/company\/p&ts-sa\"]}]}<\/script>\n<!-- \/ Yoast SEO plugin. -->","yoast_head_json":{"title":"Agenturgr\u00fcndungen mit Hilfe von KI - Herausforderungen - P&amp;TS AG","robots":{"index":"index","follow":"follow","max-snippet":"max-snippet:-1","max-image-preview":"max-image-preview:large","max-video-preview":"max-video-preview:-1"},"canonical":"https:\/\/www.patentattorneys.ch\/creations-en-agence-avec-laide-de-lia-enjeux\/","og_locale":"de_DE","og_type":"article","og_title":"Agenturgr\u00fcndungen mit Hilfe von KI - Herausforderungen - P&amp;TS AG","og_url":"https:\/\/www.patentattorneys.ch\/creations-en-agence-avec-laide-de-lia-enjeux\/","og_site_name":"P&amp;TS AG","article_publisher":"https:\/\/www.facebook.com\/PTS.Ltd\/","article_modified_time":"2023-11-01T09:18:13+00:00","twitter_card":"summary_large_image","twitter_site":"@PTSSA","twitter_misc":{"Est. reading time":"20 minutes"},"schema":{"@context":"https:\/\/schema.org","@graph":[{"@type":"WebPage","@id":"https:\/\/www.patentattorneys.ch\/creations-en-agence-avec-laide-de-lia-enjeux\/","url":"https:\/\/www.patentattorneys.ch\/creations-en-agence-avec-laide-de-lia-enjeux\/","name":"Agenturgr\u00fcndungen mit Hilfe von KI - Herausforderungen - P&amp;TS AG","isPartOf":{"@id":"https:\/\/www.patentattorneys.ch\/de\/#website"},"datePublished":"2023-10-10T09:32:05+00:00","dateModified":"2023-11-01T09:18:13+00:00","breadcrumb":{"@id":"https:\/\/www.patentattorneys.ch\/creations-en-agence-avec-laide-de-lia-enjeux\/#breadcrumb"},"inLanguage":"de-DE","potentialAction":[{"@type":"ReadAction","target":["https:\/\/www.patentattorneys.ch\/creations-en-agence-avec-laide-de-lia-enjeux\/"]}]},{"@type":"BreadcrumbList","@id":"https:\/\/www.patentattorneys.ch\/creations-en-agence-avec-laide-de-lia-enjeux\/#breadcrumb","itemListElement":[{"@type":"ListItem","position":1,"name":"Accueil","item":"https:\/\/www.patentattorneys.ch\/"},{"@type":"ListItem","position":2,"name":"Agency creations with the help of AI &#8211; challenges"}]},{"@type":"WebSite","@id":"https:\/\/www.patentattorneys.ch\/de\/#website","url":"https:\/\/www.patentattorneys.ch\/de\/","name":"P&amp;TS AG","description":"Patentanw\u00e4lte","publisher":{"@id":"https:\/\/www.patentattorneys.ch\/de\/#organization"},"potentialAction":[{"@type":"SearchAction","target":{"@type":"EntryPoint","urlTemplate":"https:\/\/www.patentattorneys.ch\/de\/?s={search_term_string}"},"query-input":{"@type":"PropertyValueSpecification","valueRequired":true,"valueName":"search_term_string"}}],"inLanguage":"de-DE"},{"@type":"Organization","@id":"https:\/\/www.patentattorneys.ch\/de\/#organization","name":"P&TS SA","url":"https:\/\/www.patentattorneys.ch\/de\/","logo":{"@type":"ImageObject","inLanguage":"de-DE","@id":"https:\/\/www.patentattorneys.ch\/de\/#\/schema\/logo\/image\/","url":"https:\/\/www.patentattorneys.ch\/wp-content\/uploads\/2016\/01\/PTS_Icon.jpg","contentUrl":"https:\/\/www.patentattorneys.ch\/wp-content\/uploads\/2016\/01\/PTS_Icon.jpg","width":512,"height":512,"caption":"P&TS SA"},"image":{"@id":"https:\/\/www.patentattorneys.ch\/de\/#\/schema\/logo\/image\/"},"sameAs":["https:\/\/www.facebook.com\/PTS.Ltd\/","https:\/\/x.com\/PTSSA","https:\/\/www.linkedin.com\/company\/p&ts-sa"]}]}},"_links":{"self":[{"href":"https:\/\/www.patentattorneys.ch\/de\/wp-json\/wp\/v2\/pages\/33002"}],"collection":[{"href":"https:\/\/www.patentattorneys.ch\/de\/wp-json\/wp\/v2\/pages"}],"about":[{"href":"https:\/\/www.patentattorneys.ch\/de\/wp-json\/wp\/v2\/types\/page"}],"author":[{"embeddable":true,"href":"https:\/\/www.patentattorneys.ch\/de\/wp-json\/wp\/v2\/users\/8"}],"replies":[{"embeddable":true,"href":"https:\/\/www.patentattorneys.ch\/de\/wp-json\/wp\/v2\/comments?post=33002"}],"version-history":[{"count":38,"href":"https:\/\/www.patentattorneys.ch\/de\/wp-json\/wp\/v2\/pages\/33002\/revisions"}],"predecessor-version":[{"id":33170,"href":"https:\/\/www.patentattorneys.ch\/de\/wp-json\/wp\/v2\/pages\/33002\/revisions\/33170"}],"wp:attachment":[{"href":"https:\/\/www.patentattorneys.ch\/de\/wp-json\/wp\/v2\/media?parent=33002"}],"curies":[{"name":"wp","href":"https:\/\/api.w.org\/{rel}","templated":true}]}}