

{"id":33050,"date":"2023-10-17T09:22:14","date_gmt":"2023-10-17T08:22:14","guid":{"rendered":"https:\/\/www.patentattorneys.ch\/?page_id=33050"},"modified":"2023-10-31T14:40:16","modified_gmt":"2023-10-31T13:40:16","slug":"qui-est-lauteur-en-matiere-dintelligence-artificielle","status":"publish","type":"page","link":"https:\/\/www.patentattorneys.ch\/de\/wer-ist-der-autor-in-bezug-auf-kunstliche-intelligenz\/","title":{"rendered":"Wer ist der Autor in Bezug auf k\u00fcnstliche Intelligenz, wenn es \u00fcberhaupt einen gibt?"},"content":{"rendered":"<div class=\"wpb-content-wrapper\"><p>[vc_row][vc_column width=&#8221;1\/1&#8243;]<style>#breadcrumb-6a064c7a8f753 li::after { content: \"\u00bb\" }<\/style><div class=\"vc_custom_1696932409427\"><ol class=\"wwp-vc-breadcrumbs \" id=\"breadcrumb-6a064c7a8f753\"><li class=\"visited\"><a href=\"\/\">Home<\/a><\/li><li class=\"current\"><span>Wer ist der Autor in Bezug auf k\u00fcnstliche Intelligenz, wenn es \u00fcberhaupt einen gibt?<\/span><\/li><\/ol><\/div>[\/vc_column][\/vc_row][vc_row][vc_column width=&#8221;2\/3&#8243;][vc_column_text]<\/p>\n<h1>Wer ist der Autor in Bezug auf k\u00fcnstliche Intelligenz, wenn es \u00fcberhaupt einen gibt?<\/h1>\n<div class=\"epyt-video-wrapper\"><iframe  id=\"_ytid_49999\"  width=\"1161\" height=\"653\"  data-origwidth=\"1161\" data-origheight=\"653\" src=\"https:\/\/www.youtube.com\/embed\/-kv4DQ5Rr4I?enablejsapi=1&#038;autoplay=0&#038;cc_load_policy=0&#038;cc_lang_pref=&#038;iv_load_policy=1&#038;loop=0&#038;rel=1&#038;fs=1&#038;playsinline=0&#038;autohide=2&#038;hl=de_DE&#038;theme=dark&#038;color=red&#038;controls=1&#038;disablekb=0&#038;\" class=\"__youtube_prefs__  epyt-is-override  no-lazyload\" title=\"YouTube player\"  allow=\"fullscreen; accelerometer; autoplay; clipboard-write; encrypted-media; gyroscope; picture-in-picture; web-share\" referrerpolicy=\"strict-origin-when-cross-origin\" allowfullscreen data-no-lazy=\"1\" data-skipgform_ajax_framebjll=\"\"><\/iframe><\/div>\n<p>&nbsp;<\/p>\n<p>Aus Anthropomorphismus neigen wir nat\u00fcrlich dazu, von der KI wie von einer vollwertigen Person zu sprechen, was sie aber nicht ist (oder zumindest noch nicht!).<\/p>\n<p>Nach einem allgemein anerkannten Grundsatz <strong>kann <\/strong>jedoch nur eine <strong>nat\u00fcrliche Person als Urheber einer Sch\u00f6pfung oder eines Werkes im <\/strong>Sinne des Urheberrechtsgesetzes (oder <em>Copyrights <\/em>in den angels\u00e4chsischen L\u00e4ndern) <strong>bezeichnet werden.<\/strong><\/p>\n<p>Seitdem tauchen viele Fragen im Zusammenhang mit &#8220;KI-Sch\u00f6pfungen&#8221; auf. Das US-amerikanische Amt f\u00fcr geistiges Eigentum (USPTO) wurde im vergangenen Jahr von einem Anmelder herausgefordert, der eine KI als Urheber eines Werkes angegeben hatte. Die Anmeldung wurde mit der Begr\u00fcndung zur\u00fcckgewiesen, dass nur ein Mensch ein Urheberrecht beanspruchen k\u00f6nne.<\/p>\n<p>Analog dazu wies ein US-amerikanischer Richter 2016 die Klage der Tierschutzorganisation PETA im Zusammenhang mit der Verwertung eines von einem Affen aufgenommenen Selfies mit der Begr\u00fcndung ab, dass selbst wenn der Affe die Fotos &#8220;unabh\u00e4ngig und selbstst\u00e4ndig&#8221; aufgenommen h\u00e4tte, es unm\u00f6glich sei, die Klage weiterzuverfolgen, da Tiere keine Klagebefugnis h\u00e4tten und daher keine Urheberrechtsverletzungen einklagen k\u00f6nnten. Dasselbe gilt f\u00fcr die von dem Schwein &#8220;Pigcasso&#8221; gemalten Bilder.<\/p>\n<p>So ist es von entscheidender Bedeutung, die Rolle des Menschen bei der Schaffung eines Kunstwerks zu untersuchen. Wenn der K\u00fcnstler einen KI-Algorithmus lediglich als Werkzeug zur Erstellung des Kunstwerks verwendet und w\u00e4hrend des Prozesses wichtige kreative Entscheidungen getroffen hat (z. B. indem er einen sehr detaillierten \u00abPrompt\u00bb- Vorgaben &#8211; geschrieben hat), kann er als der daraus resultierende Inhaber angesehen werden, wenn die anderen vom Urheberrecht geforderten Schutzvoraussetzungen erf\u00fcllt sind. Wenn der KI-Algorithmus hingegen ein Bild oder ein Ergebnis <em>autonom, ohne &#8211; oder fast ohne &#8211; menschliches Zutun <\/em>generiert hat, ist es fraglich, ob ein Werk im Sinne des Urheberrechts beansprucht werden kann.<\/p>\n<p>So k\u00f6nnte ein Musikst\u00fcck, das vollst\u00e4ndig von der KI erstellt wurde, nicht urheberrechtlich gesch\u00fctzt sein, sodass es jeder frei verbreiten k\u00f6nnte. Es gibt auch heute noch viele Kontroversen, insbesondere ob die Schaffung einer neuen Kategorie von Rechten des geistigen Eigentums notwendig sein sollte. Die Autoren pl\u00e4dieren stattdessen daf\u00fcr, die im positiven Recht vorhandenen Konzepte zu erweitern; schlie\u00dflich folgt das Recht der Technologie und muss sich an sie anpassen, nicht umgekehrt.<\/p>\n<p>Sicher ist, dass die KI niemals Autor sein wird. Zum einen, weil ein Algorithmus keine menschliche Person ist, wie es das Gesetz verlangt, zum anderen aber auch, weil die Werke, die die KI zu Trainingszwecken &#8220;aufnimmt&#8221;, nicht auf klassische Weise verwertet werden, wie es ein K\u00fcnstler tun w\u00fcrde: Beim Lernen dekonstruiert die KI den Inhalt dieser Werke, um ein Modell zu entwickeln, das auf ihren gemeinsamen Besonderheiten beruht. Sie werden nicht um ihrer selbst willen als einzelnes Element verwendet, sondern wegen ihres Informationswerts. Was die KI in ihrem kreativen Prozess verwendet, ist weniger das prim\u00e4re Werk als vielmehr die Gesamtheit der von ihr identifizierten charakteristischen Merkmale, jeweils f\u00fcr sich genommen (mit anderen Worten: Die KI &#8220;sieht&#8221; das Werk nicht wie ein Mensch in einer Kunstgalerie mit seinen f\u00fcnf Sinnen, sondern liest eine ganze Reihe von Informationen in mathematischer Form, die das Produkt bildhaft beschreiben, \u00e4hnlich wie im Film Matrix\u2122).<\/p>\n<p>Man k\u00f6nnte die Argumentation auch ins Absurde f\u00fchren und sich fragen, ob eine vollst\u00e4ndige Dekonstruktion der Werke durch den Algorithmus und eine anschlie\u00dfende Neukombination dieser Werke in Form von statistischen Daten ein neues Werk <em>aus dem Nichts <\/em>mit einem origin\u00e4ren Urheberrecht schaffen k\u00f6nnte, oder im Gegenteil das zu allen bereits bestehenden Rechten seiner Mitwirkenden hinzukommt?<\/p>\n<p>H\u00e4ufig &#8220;\u00fcbertragen&#8221; die Nutzer von kostenlosen KI-Tools ihre Rechte, sodass ihre &#8221; prompt&#8221; f\u00fcr das Training des Algorithmus wiederverwendet werden kann, ebenso wie das Ergebnis der Verarbeitung der vom Algorithmus eingegebenen Daten. So kann ein Urheber, der KI-Tools f\u00fcr sein Werk verwendet, nie absolut sicher sein, dass er die \u00f6ffentliche Wiedergabe und Verbreitung seines Werks kontrollieren kann, da die Hersteller von KI-Tools weder die Einzigartigkeit noch die Exklusivit\u00e4t des Ergebnisses garantieren, das sich aus dem Einsatz des KI-Tools ergibt.<\/p>\n<p>Es ist eher <strong>der wirtschaftliche Aspekt, der <\/strong>derzeit in Frage gestellt wird, insbesondere aufgrund der Investitionen und der Kosten f\u00fcr die Entwicklung und Nutzung dieser Werkzeuge. Die heutigen Giganten der k\u00fcnstlichen Intelligenz speisen diese durch die Interaktionen ihrer Nutzer und monetarisieren diese somit. Dieses Element wird in einem sp\u00e4teren Artikel weiter ausgef\u00fchrt.<\/p>\n<p>&nbsp;<\/p>\n<p><strong>Fazit<\/strong>: Aufgrund der bestehenden Rechtsunsicherheiten ist es f\u00fcr eine Agentur, die k\u00fcnstliche Intelligenz einsetzt, nicht m\u00f6glich, den Kunden Exklusivrechte an den Arbeitsergebnissen oder eine vollst\u00e4ndige Abtretung der Rechte zu garantieren, da nicht bekannt ist, wer genau der Urheber des Ergebnisses ist (falls es \u00fcberhaupt einen gibt).[\/vc_column_text][\/vc_column][vc_column width=&#8221;1\/3&#8243;][vc_column_text]<\/p>\n<h3>K\u00fcnstlichen Intelligenz und kreativen Arbeit in Kommunikationsagenturen<\/h3>\n<p>Dieser Artikel ist Teil unserer <a href=\"https:\/\/www.patentattorneys.ch\/de\/dienstleitungen\/computerrecht\/#tab-1696323508044-9-7\">Einf\u00fchrung in die Problematik der k\u00fcnstlichen Intelligenz und der kreativen Arbeit in Kommunikationsagenturen<\/a>.<\/p>\n<ul>\n<li><a href=\"https:\/\/www.patentattorneys.ch\/de\/agenturgrundungen-mit-hilfe-von-ki-herausforderungen\/\"><strong>Agenturgr\u00fcndungen mit Hilfe von KI \u2013 Herausforderungen<\/strong><\/a><\/li>\n<li><span style=\"color: #f4b630;\"><strong>Wer ist der Autor in Bezug auf k\u00fcnstliche Intelligenz, wenn es \u00fcberhaupt einen gibt?<\/strong><\/span><\/li>\n<li><strong><a href=\"https:\/\/www.patentattorneys.ch\/de\/einstufung-als-durch-kunstliche-intelligenz-geschaffenes-werk-und-rechtsinhaberschaft\/\">Einstufung als durch k\u00fcnstliche Intelligenz geschaffenes Werk und Rechtsinhaberschaft<\/a><\/strong><strong><br \/>\n<\/strong><\/li>\n<li><a href=\"https:\/\/www.patentattorneys.ch\/de\/zukunft-der-ki\/\"><strong>Zukunft der KI<\/strong><\/a><\/li>\n<\/ul>\n<p>[\/vc_column_text][\/vc_column][\/vc_row]<\/p>\n<\/div>","protected":false},"excerpt":{"rendered":"<p>[vc_row][vc_column width=&#8221;1\/1&#8243;][\/vc_column][\/vc_row][vc_row][vc_column width=&#8221;2\/3&#8243;][vc_column_text] Wer ist der Autor in Bezug auf k\u00fcnstliche Intelligenz, wenn es \u00fcberhaupt einen gibt? &nbsp; Aus Anthropomorphismus neigen wir nat\u00fcrlich dazu, von der KI wie von einer vollwertigen Person zu sprechen, was sie aber nicht ist (oder zumindest noch nicht!). Nach einem allgemein anerkannten Grundsatz kann jedoch nur eine nat\u00fcrliche Person als Urheber einer Sch\u00f6pfung oder eines Werkes im Sinne des Urheberrechtsgesetzes (oder Copyrights in den angels\u00e4chsischen L\u00e4ndern) bezeichnet werden. Seitdem tauchen viele Fragen im Zusammenhang mit &#8220;KI-Sch\u00f6pfungen&#8221; auf. Das US-amerikanische Amt f\u00fcr geistiges Eigentum (USPTO) wurde im vergangenen Jahr von einem Anmelder herausgefordert, der eine KI als Urheber eines Werkes angegeben hatte. Die Anmeldung wurde mit der Begr\u00fcndung zur\u00fcckgewiesen, dass nur ein Mensch ein Urheberrecht beanspruchen k\u00f6nne. Analog dazu wies ein US-amerikanischer Richter 2016 die Klage der Tierschutzorganisation PETA im Zusammenhang mit der Verwertung eines von einem Affen aufgenommenen Selfies mit der Begr\u00fcndung ab, dass selbst wenn der Affe die Fotos &#8220;unabh\u00e4ngig und selbstst\u00e4ndig&#8221; aufgenommen h\u00e4tte, es unm\u00f6glich sei, die Klage weiterzuverfolgen, da Tiere keine Klagebefugnis h\u00e4tten und daher keine Urheberrechtsverletzungen einklagen k\u00f6nnten. Dasselbe gilt f\u00fcr die von dem Schwein &#8220;Pigcasso&#8221; gemalten Bilder. So ist es von entscheidender Bedeutung, die Rolle des Menschen bei der Schaffung [&hellip;]<\/p>\n","protected":false},"author":8,"featured_media":0,"parent":0,"menu_order":0,"comment_status":"closed","ping_status":"closed","template":"","meta":{"footnotes":""},"translation":{"provider":"WPGlobus","version":"3.0.2","language":"de","enabled_languages":["fr","de","en","it"],"languages":{"fr":{"title":true,"content":true,"excerpt":false},"de":{"title":true,"content":true,"excerpt":false},"en":{"title":true,"content":true,"excerpt":false},"it":{"title":false,"content":false,"excerpt":false}}},"yoast_head":"<!-- This site is optimized with the Yoast SEO plugin v24.4 - https:\/\/yoast.com\/wordpress\/plugins\/seo\/ -->\n<title>Wer ist der Autor in Bezug auf k\u00fcnstliche Intelligenz, wenn es \u00fcberhaupt einen gibt? - P&amp;TS AG<\/title>\n<meta name=\"robots\" content=\"index, follow, max-snippet:-1, max-image-preview:large, max-video-preview:-1\" \/>\n<link rel=\"canonical\" href=\"https:\/\/www.patentattorneys.ch\/qui-est-lauteur-en-matiere-dintelligence-artificielle\/\" \/>\n<meta property=\"og:locale\" content=\"de_DE\" \/>\n<meta property=\"og:type\" content=\"article\" \/>\n<meta property=\"og:title\" content=\"Wer ist der Autor in Bezug auf k\u00fcnstliche Intelligenz, wenn es \u00fcberhaupt einen gibt? - P&amp;TS AG\" \/>\n<meta property=\"og:url\" content=\"https:\/\/www.patentattorneys.ch\/qui-est-lauteur-en-matiere-dintelligence-artificielle\/\" \/>\n<meta property=\"og:site_name\" content=\"P&amp;TS AG\" \/>\n<meta property=\"article:publisher\" content=\"https:\/\/www.facebook.com\/PTS.Ltd\/\" \/>\n<meta property=\"article:modified_time\" content=\"2023-10-31T13:40:16+00:00\" \/>\n<meta name=\"twitter:card\" content=\"summary_large_image\" \/>\n<meta name=\"twitter:site\" content=\"@PTSSA\" \/>\n<meta name=\"twitter:label1\" content=\"Est. reading time\" \/>\n\t<meta name=\"twitter:data1\" content=\"15 minutes\" \/>\n<script type=\"application\/ld+json\" class=\"yoast-schema-graph\">{\"@context\":\"https:\/\/schema.org\",\"@graph\":[{\"@type\":\"WebPage\",\"@id\":\"https:\/\/www.patentattorneys.ch\/qui-est-lauteur-en-matiere-dintelligence-artificielle\/\",\"url\":\"https:\/\/www.patentattorneys.ch\/qui-est-lauteur-en-matiere-dintelligence-artificielle\/\",\"name\":\"Wer ist der Autor in Bezug auf k\u00fcnstliche Intelligenz, wenn es \u00fcberhaupt einen gibt? - P&amp;TS AG\",\"isPartOf\":{\"@id\":\"https:\/\/www.patentattorneys.ch\/de\/#website\"},\"datePublished\":\"2023-10-17T08:22:14+00:00\",\"dateModified\":\"2023-10-31T13:40:16+00:00\",\"breadcrumb\":{\"@id\":\"https:\/\/www.patentattorneys.ch\/qui-est-lauteur-en-matiere-dintelligence-artificielle\/#breadcrumb\"},\"inLanguage\":\"de-DE\",\"potentialAction\":[{\"@type\":\"ReadAction\",\"target\":[\"https:\/\/www.patentattorneys.ch\/qui-est-lauteur-en-matiere-dintelligence-artificielle\/\"]}]},{\"@type\":\"BreadcrumbList\",\"@id\":\"https:\/\/www.patentattorneys.ch\/qui-est-lauteur-en-matiere-dintelligence-artificielle\/#breadcrumb\",\"itemListElement\":[{\"@type\":\"ListItem\",\"position\":1,\"name\":\"Accueil\",\"item\":\"https:\/\/www.patentattorneys.ch\/\"},{\"@type\":\"ListItem\",\"position\":2,\"name\":\"Who is the author in artificial intelligence, if there is one?\"}]},{\"@type\":\"WebSite\",\"@id\":\"https:\/\/www.patentattorneys.ch\/de\/#website\",\"url\":\"https:\/\/www.patentattorneys.ch\/de\/\",\"name\":\"P&amp;TS AG\",\"description\":\"Patentanw\u00e4lte\",\"publisher\":{\"@id\":\"https:\/\/www.patentattorneys.ch\/de\/#organization\"},\"potentialAction\":[{\"@type\":\"SearchAction\",\"target\":{\"@type\":\"EntryPoint\",\"urlTemplate\":\"https:\/\/www.patentattorneys.ch\/de\/?s={search_term_string}\"},\"query-input\":{\"@type\":\"PropertyValueSpecification\",\"valueRequired\":true,\"valueName\":\"search_term_string\"}}],\"inLanguage\":\"de-DE\"},{\"@type\":\"Organization\",\"@id\":\"https:\/\/www.patentattorneys.ch\/de\/#organization\",\"name\":\"P&TS SA\",\"url\":\"https:\/\/www.patentattorneys.ch\/de\/\",\"logo\":{\"@type\":\"ImageObject\",\"inLanguage\":\"de-DE\",\"@id\":\"https:\/\/www.patentattorneys.ch\/de\/#\/schema\/logo\/image\/\",\"url\":\"https:\/\/www.patentattorneys.ch\/wp-content\/uploads\/2016\/01\/PTS_Icon.jpg\",\"contentUrl\":\"https:\/\/www.patentattorneys.ch\/wp-content\/uploads\/2016\/01\/PTS_Icon.jpg\",\"width\":512,\"height\":512,\"caption\":\"P&TS SA\"},\"image\":{\"@id\":\"https:\/\/www.patentattorneys.ch\/de\/#\/schema\/logo\/image\/\"},\"sameAs\":[\"https:\/\/www.facebook.com\/PTS.Ltd\/\",\"https:\/\/x.com\/PTSSA\",\"https:\/\/www.linkedin.com\/company\/p&ts-sa\"]}]}<\/script>\n<!-- \/ Yoast SEO plugin. -->","yoast_head_json":{"title":"Wer ist der Autor in Bezug auf k\u00fcnstliche Intelligenz, wenn es \u00fcberhaupt einen gibt? - P&amp;TS AG","robots":{"index":"index","follow":"follow","max-snippet":"max-snippet:-1","max-image-preview":"max-image-preview:large","max-video-preview":"max-video-preview:-1"},"canonical":"https:\/\/www.patentattorneys.ch\/qui-est-lauteur-en-matiere-dintelligence-artificielle\/","og_locale":"de_DE","og_type":"article","og_title":"Wer ist der Autor in Bezug auf k\u00fcnstliche Intelligenz, wenn es \u00fcberhaupt einen gibt? - P&amp;TS AG","og_url":"https:\/\/www.patentattorneys.ch\/qui-est-lauteur-en-matiere-dintelligence-artificielle\/","og_site_name":"P&amp;TS AG","article_publisher":"https:\/\/www.facebook.com\/PTS.Ltd\/","article_modified_time":"2023-10-31T13:40:16+00:00","twitter_card":"summary_large_image","twitter_site":"@PTSSA","twitter_misc":{"Est. reading time":"15 minutes"},"schema":{"@context":"https:\/\/schema.org","@graph":[{"@type":"WebPage","@id":"https:\/\/www.patentattorneys.ch\/qui-est-lauteur-en-matiere-dintelligence-artificielle\/","url":"https:\/\/www.patentattorneys.ch\/qui-est-lauteur-en-matiere-dintelligence-artificielle\/","name":"Wer ist der Autor in Bezug auf k\u00fcnstliche Intelligenz, wenn es \u00fcberhaupt einen gibt? - P&amp;TS AG","isPartOf":{"@id":"https:\/\/www.patentattorneys.ch\/de\/#website"},"datePublished":"2023-10-17T08:22:14+00:00","dateModified":"2023-10-31T13:40:16+00:00","breadcrumb":{"@id":"https:\/\/www.patentattorneys.ch\/qui-est-lauteur-en-matiere-dintelligence-artificielle\/#breadcrumb"},"inLanguage":"de-DE","potentialAction":[{"@type":"ReadAction","target":["https:\/\/www.patentattorneys.ch\/qui-est-lauteur-en-matiere-dintelligence-artificielle\/"]}]},{"@type":"BreadcrumbList","@id":"https:\/\/www.patentattorneys.ch\/qui-est-lauteur-en-matiere-dintelligence-artificielle\/#breadcrumb","itemListElement":[{"@type":"ListItem","position":1,"name":"Accueil","item":"https:\/\/www.patentattorneys.ch\/"},{"@type":"ListItem","position":2,"name":"Who is the author in artificial intelligence, if there is one?"}]},{"@type":"WebSite","@id":"https:\/\/www.patentattorneys.ch\/de\/#website","url":"https:\/\/www.patentattorneys.ch\/de\/","name":"P&amp;TS AG","description":"Patentanw\u00e4lte","publisher":{"@id":"https:\/\/www.patentattorneys.ch\/de\/#organization"},"potentialAction":[{"@type":"SearchAction","target":{"@type":"EntryPoint","urlTemplate":"https:\/\/www.patentattorneys.ch\/de\/?s={search_term_string}"},"query-input":{"@type":"PropertyValueSpecification","valueRequired":true,"valueName":"search_term_string"}}],"inLanguage":"de-DE"},{"@type":"Organization","@id":"https:\/\/www.patentattorneys.ch\/de\/#organization","name":"P&TS SA","url":"https:\/\/www.patentattorneys.ch\/de\/","logo":{"@type":"ImageObject","inLanguage":"de-DE","@id":"https:\/\/www.patentattorneys.ch\/de\/#\/schema\/logo\/image\/","url":"https:\/\/www.patentattorneys.ch\/wp-content\/uploads\/2016\/01\/PTS_Icon.jpg","contentUrl":"https:\/\/www.patentattorneys.ch\/wp-content\/uploads\/2016\/01\/PTS_Icon.jpg","width":512,"height":512,"caption":"P&TS SA"},"image":{"@id":"https:\/\/www.patentattorneys.ch\/de\/#\/schema\/logo\/image\/"},"sameAs":["https:\/\/www.facebook.com\/PTS.Ltd\/","https:\/\/x.com\/PTSSA","https:\/\/www.linkedin.com\/company\/p&ts-sa"]}]}},"_links":{"self":[{"href":"https:\/\/www.patentattorneys.ch\/de\/wp-json\/wp\/v2\/pages\/33050"}],"collection":[{"href":"https:\/\/www.patentattorneys.ch\/de\/wp-json\/wp\/v2\/pages"}],"about":[{"href":"https:\/\/www.patentattorneys.ch\/de\/wp-json\/wp\/v2\/types\/page"}],"author":[{"embeddable":true,"href":"https:\/\/www.patentattorneys.ch\/de\/wp-json\/wp\/v2\/users\/8"}],"replies":[{"embeddable":true,"href":"https:\/\/www.patentattorneys.ch\/de\/wp-json\/wp\/v2\/comments?post=33050"}],"version-history":[{"count":15,"href":"https:\/\/www.patentattorneys.ch\/de\/wp-json\/wp\/v2\/pages\/33050\/revisions"}],"predecessor-version":[{"id":33155,"href":"https:\/\/www.patentattorneys.ch\/de\/wp-json\/wp\/v2\/pages\/33050\/revisions\/33155"}],"wp:attachment":[{"href":"https:\/\/www.patentattorneys.ch\/de\/wp-json\/wp\/v2\/media?parent=33050"}],"curies":[{"name":"wp","href":"https:\/\/api.w.org\/{rel}","templated":true}]}}