

{"id":33108,"date":"2023-10-24T14:48:31","date_gmt":"2023-10-24T13:48:31","guid":{"rendered":"https:\/\/www.patentattorneys.ch\/?page_id=33108"},"modified":"2023-10-31T14:38:24","modified_gmt":"2023-10-31T13:38:24","slug":"qualification-doeuvre-creee-a-laide-de-lintelligence-artificielle","status":"publish","type":"page","link":"https:\/\/www.patentattorneys.ch\/de\/einstufung-als-durch-kunstliche-intelligenz-geschaffenes-werk-und-rechtsinhaberschaft\/","title":{"rendered":"Einstufung als durch  k\u00fcnstliche Intelligenz geschaffenes Werk und Rechtsinhaberschaft"},"content":{"rendered":"<div class=\"wpb-content-wrapper\"><p>[vc_row][vc_column width=&#8221;1\/1&#8243;]<style>#breadcrumb-6a066f8429d52 li::after { content: \"\u00bb\" }<\/style><div class=\"vc_custom_1696932409427\"><ol class=\"wwp-vc-breadcrumbs \" id=\"breadcrumb-6a066f8429d52\"><li class=\"visited\"><a href=\"\/\">Home<\/a><\/li><li class=\"current\"><span>Einstufung als durch  k\u00fcnstliche Intelligenz geschaffenes Werk und Rechtsinhaberschaft<\/span><\/li><\/ol><\/div>[\/vc_column][\/vc_row][vc_row][vc_column width=&#8221;2\/3&#8243;][vc_column_text]<\/p>\n<h1>Einstufung als durch k\u00fcnstliche Intelligenz geschaffenes Werk und Rechtsinhaberschaft<\/h1>\n<div class=\"epyt-video-wrapper\"><iframe  id=\"_ytid_30594\"  width=\"1161\" height=\"653\"  data-origwidth=\"1161\" data-origheight=\"653\" src=\"https:\/\/www.youtube.com\/embed\/thn_VV8vf1Y?enablejsapi=1&#038;autoplay=0&#038;cc_load_policy=0&#038;cc_lang_pref=&#038;iv_load_policy=1&#038;loop=0&#038;rel=1&#038;fs=1&#038;playsinline=0&#038;autohide=2&#038;hl=de_DE&#038;theme=dark&#038;color=red&#038;controls=1&#038;disablekb=0&#038;\" class=\"__youtube_prefs__  epyt-is-override  no-lazyload\" title=\"YouTube player\"  allow=\"fullscreen; accelerometer; autoplay; clipboard-write; encrypted-media; gyroscope; picture-in-picture; web-share\" referrerpolicy=\"strict-origin-when-cross-origin\" allowfullscreen data-no-lazy=\"1\" data-skipgform_ajax_framebjll=\"\"><\/iframe><\/div>\n<p>&nbsp;<\/p>\n<p>Ein Werk ist das Ergebnis eines kreativen Prozesses; es ist sein individueller und einzigartiger Charakter, der es zu einem vollwertigen, urheberrechtlich gesch\u00fctzten Werk macht, unabh\u00e4ngig von den Mitteln, die der Urheber verwendet hat, und vom Grad seiner Originalit\u00e4t, selbst wenn sie bescheiden ist.<\/p>\n<p>Die \u00a0intensiv diskutierte Frage im Zusammenhang mit dem Einsatz von KI ist die Einstufung als Werk, wenn dieses mithilfe eines KI-Werkzeugs erstellt wird, und indirekt auch die Frage nach der Inhaberschaft der zugrunde liegenden Rechte.<\/p>\n<p>Die KI muss dem Kreativen dienen und nicht umgekehrt. Traditionell entsteht jedes Werk aus einem kreativen Prozess seines Urhebers, der dann zu einer Verwirklichung des Werkes f\u00fchrt, damit dieses gesch\u00fctzt werden kann. Diese <em>klassische <\/em>Unterscheidung zwischen Idee und Form hat es erm\u00f6glicht, zwischen der Idee, die nicht gesch\u00fctzt werden kann, und der formalen Sch\u00f6pfung, die urheberrechtlich gesch\u00fctzt werden kann, zu unterscheiden. W\u00e4hrend die klassischen Werke der bildenden K\u00fcnste nicht zur Diskussion stehen, hat mit dem Aufkommen der Fotografie bereits eine Entwicklung stattgefunden. Zun\u00e4chst verp\u00f6nt, setzte die Fotografie eine indirekte Beziehung zur Natur durch, die darin bestand, ein Motiv mit einer Reihe von Techniken, Verfahren und Materialien als Standbild aufzuzeichnen. Und es ist gerade die Wahl des Fotografen (Motiv, Bildausschnitt, Licht, K\u00f6rnung, Belichtungszeit, Abzug usw.), die sie zu einem einzigartigen und originellen Werk macht. Der Begriff des Werkes wurde somit bereits bei dieser Gelegenheit erweitert.<\/p>\n<p>Der Begriff Werk \u00a0muss also immer wieder neu \u00fcberdacht und interpretiert werden, insbesondere mit der zunehmenden Digitalisierung der Gesellschaft: Eine nur digital gespeicherte Fotografie ist als solche genauso gesch\u00fctzt wie ein Papierabzug, auch wenn sie unendlich oft vervielf\u00e4ltigt werden kann. Nach Schweizer Recht hat der Gesetzgeber nicht von der M\u00f6glichkeit Gebrauch gemacht, die ihm Art. 2 Abs. 2 der Berner \u00dcbereinkunft bot, als Schutzvoraussetzung zu verlangen, dass Werke auf einem materiellen Tr\u00e4ger fixiert sind. Ein Werk kann also auch ohne die Fixierung auf einem solchen Tr\u00e4ger existieren (Art. 29 Abs. 1 URG), aber das Werk muss dennoch <em>sinnlich wahrnehmbar <\/em>sein.<\/p>\n<p>Diese Auslegung des Begriffs Werk hat sich mit der zeitgen\u00f6ssischen Kunst versch\u00e4rft: Aufgrund der Forderung nach einer formalen Sch\u00f6pfung schlie\u00dfen die traditionelle Rechtsprechung und Lehre Konzepte und Ideen theoretisch vom Schutz aus. Dennoch sind zeitgen\u00f6ssische und insbesondere konzeptuelle Werke durch die Dimension gekennzeichnet, die der <strong>Idee <\/strong>gegeben wird, die im Zentrum der Sch\u00f6pfung steht. Es ist die Idee, die die Originalit\u00e4t des Werks ausmacht, die Pers\u00f6nlichkeit des Autors widerspiegelt und <strong>die Entscheidungen, die er bewusst getroffen hat, widerspiegelt<\/strong>. Der Schutz des Werks liegt unweigerlich in der Idee. Wenn &#8220;die Idee sich selbst gen\u00fcgt, kann sie sich in eine bereits bestehende Form \u00a0einf\u00fcguen, die dann zum zuf\u00e4lligen Tr\u00e4ger der Idee wird; und es gen\u00fcgt, dass sie vom K\u00fcnstler &#8220;gew\u00e4hlt&#8221; und nicht &#8220;geschaffen&#8221; wurde. Die Sch\u00f6pfung kann sich also tats\u00e4chlich in der Idee kristallisieren&#8221;. Wenn das Werk jedoch entmaterialisiert wird, ist die Idee noch pr\u00e4senter, da sie die einzige Darstellung des Werks ist<a href=\"#_ftn1\" name=\"_ftnref1\">[1]<\/a> .<\/p>\n<p>Somit \u00a0w\u00e4re der Unterschied zwischen Idee und Form ein gradueller und nicht ein nat\u00fcrlicher<a href=\"#_ftn2\" name=\"_ftnref2\">[2]<\/a> , der an der Originalit\u00e4t gemessen w\u00fcrde. Ein konkretes Werk ist ein Werk, das in einer sinnlich wahrnehmbaren Einheit umgesetzt \u00a0ist; die Form des Werks besteht also in der <strong>Verwirklichung einer Idee, ihrer Umsetzung durch bestimmte Elemente, die greifbar und nicht greifbar sind<\/strong><a href=\"#_ftn3\" name=\"_ftnref3\">[3]<\/a> . Das Urheberrecht sch\u00fctzt somit den Inhalt der Sch\u00f6pfung in der konkreten Form, die ihr gegeben wurde. <a href=\"#_ftn4\" name=\"_ftnref4\">[4]<\/a><\/p>\n<p>Wenn wir diese Grunds\u00e4tze auf \u00a0die KI-gest\u00fctzte Kreativit\u00e4t anwenden, k\u00f6nnen wir zum Beispiel festhalten, dass die Wahl eines Themas &#8211; die durch eine Anweisung \u00a0(die &#8220;Richtlinien&#8221;) an die KI-Maschine ausgedr\u00fcckt werden kann &#8211; bereits einen kreativen Prozess darstellt, denn der Autor hat eine Idee im Kopf, die er umsetzen m\u00f6chte, und sein Instrument ist dann weder ein Pinsel noch seine Maus, sondern der KI-Algorithmus. Anschlie\u00dfend trifft der Autor in der Regel eine Auswahl aus den verschiedenen Vorschl\u00e4gen, die ihm das KI-Tool liefert, und zwar auf der Grundlage der ersten Idee des Werks, die in seinem Kopf entstanden ist. Die Auswahl eines Ergebnisses w\u00e4re also nur die Fortsetzung des kreativen Prozesses. Die Aufzeichnung oder das Herunterladen des Ergebnisses stellt dann das gesetzlich vorgeschriebene &#8220;greifbare&#8221; oder wahrnehmbare Ergebnis dar.<\/p>\n<p>Genau aus diesem Grund sind Fotokopien, Scans, Abz\u00fcge von Negativen, Ausdrucke von digital gespeicherten Werken, Fotos von \u00dcberwachungskameras, Radarger\u00e4ten, Fotofallen oder Webcams sowie Fotos von zweidimensionalen Objekten (Schriften, Pl\u00e4nen, Zeichnungen) keine Werke, da es hier keinen Spielraum gibt, insbesondere keinen konzeptionellen Spielraum.<\/p>\n<p>Damit ist das Werk geschaffen. Aber wem geh\u00f6rt es wirklich?<\/p>\n<p>Im Allgemeinen werden die digitale Welt und das Internet von Privatpersonen gesteuert \u00a0und durch allgemeine Gesch\u00e4ftsbedingungen reguliert. Die Rechte am geistigen Eigentum, die sich aus der Nutzung von KI-Tools ergeben, werden bei der Erstellung der Nutzungsbedingungen f\u00fcr KI-Tools in der Regel sehr sorgf\u00e4ltig gepr\u00fcft.<\/p>\n<p>Je nach den verwendeten Tools &#8211; Open Source oder propriet\u00e4r &#8211; muss die Agentur bestimmen \u00a0k\u00f6nnen, ob die Ergebnisse frei an den Kunden weitergegeben werden k\u00f6nnen (und ihm somit Exklusivit\u00e4t garantieren), aber auch eine Garantie geben k\u00f6nnen, dass der Endkunde nicht Gefahr l\u00e4uft, von einem Dritten verklagt zu werden, der sich auf eine Verletzung seines eigenen Urheberrechts beruft (Plagiat).<\/p>\n<p>Die KI-Riesen haben in der Regel Gesch\u00e4ftsbedingungen verfasst, die f\u00fcr eine (kleine) Agentur nicht verhandelbar sind, die ihre eigene Haftung auf ein Minimum beschr\u00e4nken und dem Nutzer faktisch keine Garantie geben, dass ihm nicht die Verletzung von Rechten Dritter vorgeworfen wird.<\/p>\n<p>Die Allgemeinen Gesch\u00e4ftsbedingungen von OpenAI, die f\u00fcr alle seine Dienste gelten, sehen z. B. Folgendes vor:<a href=\"#_ftn5\" name=\"_ftnref5\">[5]<\/a> : <em>Sie k\u00f6nnen den Diensten Input liefern (&#8220;Input&#8221;) und Output empfangen, der von den Diensten auf der Grundlage des Inputs erzeugt und zur\u00fcckgegeben wird (&#8220;Output&#8221;). Input und Output werden gemeinsam als &#8220;Content&#8221; bezeichnet. Zwischen den Parteien und in dem Ma\u00dfe, wie es das anwendbare Recht zul\u00e4sst, geh\u00f6rt Ihnen der gesamte Input. Sofern Sie diese Bedingungen einhalten, \u00fcbertr\u00e4gt OpenAI Ihnen hiermit alle Rechte, Titel und Interessen an und in Bezug auf Output. Das bedeutet, dass Sie Content f\u00fcr jeden Zweck nutzen k\u00f6nnen, <u>einschlie\u00dflich kommerzieller <\/u>Zwecke wie Verkauf oder Ver\u00f6ffentlichung, wenn Sie diese Bedingungen einhalten. OpenAI darf Content verwenden, um die Dienste bereitzustellen und zu pflegen, das geltende Recht einzuhalten und unsere Richtlinien durchzusetzen. <u>Sie sind f\u00fcr Content verantwortlich, einschlie\u00dflich der Sicherstellung, dass er nicht gegen geltendes Recht oder diese <\/u><\/em>Nutzungsbedingungen<em><u> verst\u00f6\u00dft. <\/u><\/em><\/p>\n<p>So sieht man, dass der Nutzer daf\u00fcr verantwortlich gemacht wird, dass der &#8220;Content&#8221;, zu dem auch der &#8220;Output&#8221; geh\u00f6rt, keine Rechte Dritter verletzt. Aber auch, dass OpenAi sich selbst auch von der Verantwortung f\u00fcr die m\u00f6gliche Verletzung von Rechten Dritter an dem Ergebnis befreit :<\/p>\n<p>THE SERVICES ARE PROVIDED &#8220;AS IS&#8221;. EXCEPT TO THE EXTENT PROHIBITED BY LAW, WE AND OUR AFFILIATES AND LICENSORS <em><u>MAKE NO WARRANTIES <\/u><\/em>(EXPRESS, IMPLIED, STATUTORY OR OTHERWISE) WITH RESPECT TO THE SERVICES, AND DISCLAIM ALL WARRANTIES INCLUDING BUT NOT LIMITED TO [&#8230;] <em><u>NON-INFRINGEMENT <\/u><\/em>[&#8230;].<\/p>\n<p>F\u00fcr den Quellcode-Generator (Codex \/ Code Generation) hat der Herausgeber des Tools einen vollst\u00e4ndigen Haftungsausschluss in Bezug auf die Verwendbarkeit oder Nichtverwendbarkeit der Ergebnisse (&#8220;<em>Output<\/em>&#8220;) eingeschlossen: <em>Output generated by code generation features of our Services, including <\/em><a href=\"https:\/\/openai.com\/blog\/openai-codex\/\"><em>OpenAI Codex<\/em><\/a><em>k\u00f6nnen Lizenzen Dritter unterliegen, einschlie\u00dflich, ohne Einschr\u00e4nkung, Open-Source-Lizenzen<\/em>.<\/p>\n<p>Das bedeutet, dass die Hersteller von KI-Tools nicht garantieren, dass die Ergebnisse nicht die Rechte Dritter verletzen und daher Lizenzbedingungen unterliegen; au\u00dferdem beh\u00e4lt sich der Hersteller vor, den Input des Kunden zu nutzen, um das Tool zu verbessern (mit anderen Worten, um den Algorithmus zu trainieren &#8211; was zwar gut gemeint ist, aber bedeutet, dass der Kunde verpflichtet ist, eine gewisse Lizenz f\u00fcr die von ihm erstellten Inhalte abzutreten, wenn diese Inhalte originell sind). Manchmal erm\u00f6glichen kostenpflichtige Versionen bestimmter Tools auch in dieser Hinsicht ein &#8220;Opt-out&#8221;.<\/p>\n<p>**<\/p>\n<p>Daher ist es f\u00fcr Kreativagenturen schwierig zu gew\u00e4hrleisten, dass der Einsatz von KI in Bezug auf die Verwendung der Ergebnisse und deren Integration in die Produkte und Dienstleistungen, die f\u00fcr die Kunden der Agentur erstellt werden, sicher ist. Wie bereits in einem fr\u00fcheren Blogbeitrag erw\u00e4hnt, sind daher transparente Informationen und die Zustimmung des Kunden zur Nutzung von KI-Tools (durch einen Hinweis in den Allgemeinen Gesch\u00e4ftsbedingungen) besonders angebracht.<\/p>\n<p>Es gibt keinen Ersatz f\u00fcr Wachsamkeit und gesunden Menschenverstand, um zu verhindern, dass ein Grafikdesigner f\u00fcr die Verletzung von Werken verantwortlich gemacht wird, die er nie gesehen hat. Es ist daher ratsam, die Ergebnisse der k\u00fcnstlichen Intelligenz zu \u00fcberpr\u00fcfen und sie nicht einfach zu \u00fcbernehmen, sondern nur als Inspirationsquelle zu nutzen und sie so zu ver\u00e4ndern, dass sie eine erkennbare pers\u00f6nliche Note erhalten, die sich von den vorgeschlagenen Ergebnissen unterscheidet.<\/p>\n<p><em>Die Patent- und Markenanwaltskanzlei P&amp;TS steht gerne zur Verf\u00fcgung, um mit Ihnen die Nutzungsbedingungen genauer zu pr\u00fcfen und Einschr\u00e4nkungen zu empfehlen, die Sie in Ihre Vertragsbedingungen aufnehmen k\u00f6nnen. <\/em><\/p>\n<p><a href=\"#_ftnref1\" name=\"_ftn1\">[1]<\/a> Mathilde MARCHAL , L&#8217;APPREHENSION DES NOTIONS DE FORME ET D&#8217;ORIGINALITE DU DROIT D&#8217;AUTEUR PAR L&#8217;ART CONTEMPORAIN , Masterarbeit, UNIVERSITE D&#8217;AIX-MARSEILLE 2018-2019, S. 41 und Verweis auf die Fu\u00dfnoten 200-202 ;<\/p>\n<p><a href=\"#_ftnref2\" name=\"_ftn2\">[2]<\/a> CHERPILLOD I., L&#8217;objet du droit d&#8217;auteur, \u00e9tude critique de la distinction fond\/ forme, \u00e9d. Cedidac, 1985, Nr. 110, S. 53<\/p>\n<p><a href=\"#_ftnref3\" name=\"_ftn3\">[3]<\/a>\u00a0 CHERPILLOD I., L&#8217;objet du droit d&#8217;auteur, \u00e9tude critique de la distinction fond\/ forme (Der Gegenstand des Urheberrechts, kritische Untersuchung der Unterscheidung Inhalt\/Form), a. a. O., S. 74.<\/p>\n<p><a href=\"#_ftnref4\" name=\"_ftn4\">[4]<\/a> Barrelet\/ Egloff, Le nouveau droit d&#8217;auteur, Commentaire de la loi f\u00e9d\u00e9rale sur le droit d&#8217;auteur et les droits voisins, 4<sup>\u00e8me<\/sup> ed. Bern, 2021, N 19, S. 17 und zitierte Ref.<\/p>\n<p><a href=\"#_ftnref5\" name=\"_ftn5\">[5]<\/a> https:\/\/openai.com\/policies\/terms-of-use<\/p>\n<p>[\/vc_column_text][\/vc_column][vc_column width=&#8221;1\/3&#8243;][vc_column_text]<\/p>\n<h3>K\u00fcnstlichen Intelligenz und kreativen Arbeit in Kommunikationsagenturen<\/h3>\n<p>Dieser Artikel ist Teil unserer <a href=\"https:\/\/www.patentattorneys.ch\/de\/dienstleitungen\/computerrecht\/#tab-1696323508044-9-7\">Einf\u00fchrung in die Problematik der k\u00fcnstlichen Intelligenz und der kreativen Arbeit in Kommunikationsagenturen<\/a>.<\/p>\n<ul>\n<li><a href=\"https:\/\/www.patentattorneys.ch\/de\/agenturgrundungen-mit-hilfe-von-ki-herausforderungen\/\"><strong>Agenturgr\u00fcndungen mit Hilfe von KI \u2013 Herausforderungen<\/strong><\/a><\/li>\n<li><strong><a href=\"https:\/\/www.patentattorneys.ch\/de\/wer-ist-der-autor-in-bezug-auf-kunstliche-intelligenz\/\">Wer ist der Autor in Bezug auf k\u00fcnstliche Intelligenz, wenn es \u00fcberhaupt einen gibt?<\/a><br \/>\n<\/strong><\/li>\n<li><span style=\"color: #f4b630;\"><strong>Einstufung als durch k\u00fcnstliche Intelligenz geschaffenes Werk und Rechtsinhaberschaft<br \/>\n<\/strong><\/span><\/li>\n<li><a href=\"https:\/\/www.patentattorneys.ch\/de\/zukunft-der-ki\/\"><strong>Zukunft der KI<\/strong><\/a><\/li>\n<\/ul>\n<p>[\/vc_column_text][\/vc_column][\/vc_row]<\/p>\n<\/div>","protected":false},"excerpt":{"rendered":"<p>[vc_row][vc_column width=&#8221;1\/1&#8243;][\/vc_column][\/vc_row][vc_row][vc_column width=&#8221;2\/3&#8243;][vc_column_text] Einstufung als durch k\u00fcnstliche Intelligenz geschaffenes Werk und Rechtsinhaberschaft &nbsp; Ein Werk ist das Ergebnis eines kreativen Prozesses; es ist sein individueller und einzigartiger Charakter, der es zu einem vollwertigen, urheberrechtlich gesch\u00fctzten Werk macht, unabh\u00e4ngig von den Mitteln, die der Urheber verwendet hat, und vom Grad seiner Originalit\u00e4t, selbst wenn sie bescheiden ist. Die \u00a0intensiv diskutierte Frage im Zusammenhang mit dem Einsatz von KI ist die Einstufung als Werk, wenn dieses mithilfe eines KI-Werkzeugs erstellt wird, und indirekt auch die Frage nach der Inhaberschaft der zugrunde liegenden Rechte. Die KI muss dem Kreativen dienen und nicht umgekehrt. Traditionell entsteht jedes Werk aus einem kreativen Prozess seines Urhebers, der dann zu einer Verwirklichung des Werkes f\u00fchrt, damit dieses gesch\u00fctzt werden kann. Diese klassische Unterscheidung zwischen Idee und Form hat es erm\u00f6glicht, zwischen der Idee, die nicht gesch\u00fctzt werden kann, und der formalen Sch\u00f6pfung, die urheberrechtlich gesch\u00fctzt werden kann, zu unterscheiden. W\u00e4hrend die klassischen Werke der bildenden K\u00fcnste nicht zur Diskussion stehen, hat mit dem Aufkommen der Fotografie bereits eine Entwicklung stattgefunden. Zun\u00e4chst verp\u00f6nt, setzte die Fotografie eine indirekte Beziehung zur Natur durch, die darin bestand, ein Motiv mit einer Reihe von Techniken, Verfahren und Materialien als Standbild aufzuzeichnen. [&hellip;]<\/p>\n","protected":false},"author":8,"featured_media":0,"parent":0,"menu_order":0,"comment_status":"closed","ping_status":"closed","template":"","meta":{"footnotes":""},"translation":{"provider":"WPGlobus","version":"3.0.2","language":"de","enabled_languages":["fr","de","en","it"],"languages":{"fr":{"title":true,"content":true,"excerpt":false},"de":{"title":true,"content":true,"excerpt":false},"en":{"title":true,"content":true,"excerpt":false},"it":{"title":false,"content":false,"excerpt":false}}},"yoast_head":"<!-- This site is optimized with the Yoast SEO plugin v24.4 - https:\/\/yoast.com\/wordpress\/plugins\/seo\/ -->\n<title>Einstufung als durch k\u00fcnstliche Intelligenz geschaffenes Werk und Rechtsinhaberschaft - P&amp;TS AG<\/title>\n<meta name=\"robots\" content=\"index, follow, max-snippet:-1, max-image-preview:large, max-video-preview:-1\" \/>\n<link rel=\"canonical\" href=\"https:\/\/www.patentattorneys.ch\/qualification-doeuvre-creee-a-laide-de-lintelligence-artificielle\/\" \/>\n<meta property=\"og:locale\" content=\"de_DE\" \/>\n<meta property=\"og:type\" content=\"article\" \/>\n<meta property=\"og:title\" content=\"Einstufung als durch k\u00fcnstliche Intelligenz geschaffenes Werk und Rechtsinhaberschaft - P&amp;TS AG\" \/>\n<meta property=\"og:url\" content=\"https:\/\/www.patentattorneys.ch\/qualification-doeuvre-creee-a-laide-de-lintelligence-artificielle\/\" \/>\n<meta property=\"og:site_name\" content=\"P&amp;TS AG\" \/>\n<meta property=\"article:publisher\" content=\"https:\/\/www.facebook.com\/PTS.Ltd\/\" \/>\n<meta property=\"article:modified_time\" content=\"2023-10-31T13:38:24+00:00\" \/>\n<meta name=\"twitter:card\" content=\"summary_large_image\" \/>\n<meta name=\"twitter:site\" content=\"@PTSSA\" \/>\n<meta name=\"twitter:label1\" content=\"Est. reading time\" \/>\n\t<meta name=\"twitter:data1\" content=\"27 minutes\" \/>\n<script type=\"application\/ld+json\" class=\"yoast-schema-graph\">{\"@context\":\"https:\/\/schema.org\",\"@graph\":[{\"@type\":\"WebPage\",\"@id\":\"https:\/\/www.patentattorneys.ch\/qualification-doeuvre-creee-a-laide-de-lintelligence-artificielle\/\",\"url\":\"https:\/\/www.patentattorneys.ch\/qualification-doeuvre-creee-a-laide-de-lintelligence-artificielle\/\",\"name\":\"Einstufung als durch k\u00fcnstliche Intelligenz geschaffenes Werk und Rechtsinhaberschaft - P&amp;TS AG\",\"isPartOf\":{\"@id\":\"https:\/\/www.patentattorneys.ch\/de\/#website\"},\"datePublished\":\"2023-10-24T13:48:31+00:00\",\"dateModified\":\"2023-10-31T13:38:24+00:00\",\"breadcrumb\":{\"@id\":\"https:\/\/www.patentattorneys.ch\/qualification-doeuvre-creee-a-laide-de-lintelligence-artificielle\/#breadcrumb\"},\"inLanguage\":\"de-DE\",\"potentialAction\":[{\"@type\":\"ReadAction\",\"target\":[\"https:\/\/www.patentattorneys.ch\/qualification-doeuvre-creee-a-laide-de-lintelligence-artificielle\/\"]}]},{\"@type\":\"BreadcrumbList\",\"@id\":\"https:\/\/www.patentattorneys.ch\/qualification-doeuvre-creee-a-laide-de-lintelligence-artificielle\/#breadcrumb\",\"itemListElement\":[{\"@type\":\"ListItem\",\"position\":1,\"name\":\"Accueil\",\"item\":\"https:\/\/www.patentattorneys.ch\/\"},{\"@type\":\"ListItem\",\"position\":2,\"name\":\"Qualification as a work created with the help of artificial intelligence and ownership of rights\"}]},{\"@type\":\"WebSite\",\"@id\":\"https:\/\/www.patentattorneys.ch\/de\/#website\",\"url\":\"https:\/\/www.patentattorneys.ch\/de\/\",\"name\":\"P&amp;TS AG\",\"description\":\"Patentanw\u00e4lte\",\"publisher\":{\"@id\":\"https:\/\/www.patentattorneys.ch\/de\/#organization\"},\"potentialAction\":[{\"@type\":\"SearchAction\",\"target\":{\"@type\":\"EntryPoint\",\"urlTemplate\":\"https:\/\/www.patentattorneys.ch\/de\/?s={search_term_string}\"},\"query-input\":{\"@type\":\"PropertyValueSpecification\",\"valueRequired\":true,\"valueName\":\"search_term_string\"}}],\"inLanguage\":\"de-DE\"},{\"@type\":\"Organization\",\"@id\":\"https:\/\/www.patentattorneys.ch\/de\/#organization\",\"name\":\"P&TS SA\",\"url\":\"https:\/\/www.patentattorneys.ch\/de\/\",\"logo\":{\"@type\":\"ImageObject\",\"inLanguage\":\"de-DE\",\"@id\":\"https:\/\/www.patentattorneys.ch\/de\/#\/schema\/logo\/image\/\",\"url\":\"https:\/\/www.patentattorneys.ch\/wp-content\/uploads\/2016\/01\/PTS_Icon.jpg\",\"contentUrl\":\"https:\/\/www.patentattorneys.ch\/wp-content\/uploads\/2016\/01\/PTS_Icon.jpg\",\"width\":512,\"height\":512,\"caption\":\"P&TS SA\"},\"image\":{\"@id\":\"https:\/\/www.patentattorneys.ch\/de\/#\/schema\/logo\/image\/\"},\"sameAs\":[\"https:\/\/www.facebook.com\/PTS.Ltd\/\",\"https:\/\/x.com\/PTSSA\",\"https:\/\/www.linkedin.com\/company\/p&ts-sa\"]}]}<\/script>\n<!-- \/ Yoast SEO plugin. -->","yoast_head_json":{"title":"Einstufung als durch k\u00fcnstliche Intelligenz geschaffenes Werk und Rechtsinhaberschaft - P&amp;TS AG","robots":{"index":"index","follow":"follow","max-snippet":"max-snippet:-1","max-image-preview":"max-image-preview:large","max-video-preview":"max-video-preview:-1"},"canonical":"https:\/\/www.patentattorneys.ch\/qualification-doeuvre-creee-a-laide-de-lintelligence-artificielle\/","og_locale":"de_DE","og_type":"article","og_title":"Einstufung als durch k\u00fcnstliche Intelligenz geschaffenes Werk und Rechtsinhaberschaft - P&amp;TS AG","og_url":"https:\/\/www.patentattorneys.ch\/qualification-doeuvre-creee-a-laide-de-lintelligence-artificielle\/","og_site_name":"P&amp;TS AG","article_publisher":"https:\/\/www.facebook.com\/PTS.Ltd\/","article_modified_time":"2023-10-31T13:38:24+00:00","twitter_card":"summary_large_image","twitter_site":"@PTSSA","twitter_misc":{"Est. reading time":"27 minutes"},"schema":{"@context":"https:\/\/schema.org","@graph":[{"@type":"WebPage","@id":"https:\/\/www.patentattorneys.ch\/qualification-doeuvre-creee-a-laide-de-lintelligence-artificielle\/","url":"https:\/\/www.patentattorneys.ch\/qualification-doeuvre-creee-a-laide-de-lintelligence-artificielle\/","name":"Einstufung als durch k\u00fcnstliche Intelligenz geschaffenes Werk und Rechtsinhaberschaft - P&amp;TS AG","isPartOf":{"@id":"https:\/\/www.patentattorneys.ch\/de\/#website"},"datePublished":"2023-10-24T13:48:31+00:00","dateModified":"2023-10-31T13:38:24+00:00","breadcrumb":{"@id":"https:\/\/www.patentattorneys.ch\/qualification-doeuvre-creee-a-laide-de-lintelligence-artificielle\/#breadcrumb"},"inLanguage":"de-DE","potentialAction":[{"@type":"ReadAction","target":["https:\/\/www.patentattorneys.ch\/qualification-doeuvre-creee-a-laide-de-lintelligence-artificielle\/"]}]},{"@type":"BreadcrumbList","@id":"https:\/\/www.patentattorneys.ch\/qualification-doeuvre-creee-a-laide-de-lintelligence-artificielle\/#breadcrumb","itemListElement":[{"@type":"ListItem","position":1,"name":"Accueil","item":"https:\/\/www.patentattorneys.ch\/"},{"@type":"ListItem","position":2,"name":"Qualification as a work created with the help of artificial intelligence and ownership of rights"}]},{"@type":"WebSite","@id":"https:\/\/www.patentattorneys.ch\/de\/#website","url":"https:\/\/www.patentattorneys.ch\/de\/","name":"P&amp;TS AG","description":"Patentanw\u00e4lte","publisher":{"@id":"https:\/\/www.patentattorneys.ch\/de\/#organization"},"potentialAction":[{"@type":"SearchAction","target":{"@type":"EntryPoint","urlTemplate":"https:\/\/www.patentattorneys.ch\/de\/?s={search_term_string}"},"query-input":{"@type":"PropertyValueSpecification","valueRequired":true,"valueName":"search_term_string"}}],"inLanguage":"de-DE"},{"@type":"Organization","@id":"https:\/\/www.patentattorneys.ch\/de\/#organization","name":"P&TS SA","url":"https:\/\/www.patentattorneys.ch\/de\/","logo":{"@type":"ImageObject","inLanguage":"de-DE","@id":"https:\/\/www.patentattorneys.ch\/de\/#\/schema\/logo\/image\/","url":"https:\/\/www.patentattorneys.ch\/wp-content\/uploads\/2016\/01\/PTS_Icon.jpg","contentUrl":"https:\/\/www.patentattorneys.ch\/wp-content\/uploads\/2016\/01\/PTS_Icon.jpg","width":512,"height":512,"caption":"P&TS SA"},"image":{"@id":"https:\/\/www.patentattorneys.ch\/de\/#\/schema\/logo\/image\/"},"sameAs":["https:\/\/www.facebook.com\/PTS.Ltd\/","https:\/\/x.com\/PTSSA","https:\/\/www.linkedin.com\/company\/p&ts-sa"]}]}},"_links":{"self":[{"href":"https:\/\/www.patentattorneys.ch\/de\/wp-json\/wp\/v2\/pages\/33108"}],"collection":[{"href":"https:\/\/www.patentattorneys.ch\/de\/wp-json\/wp\/v2\/pages"}],"about":[{"href":"https:\/\/www.patentattorneys.ch\/de\/wp-json\/wp\/v2\/types\/page"}],"author":[{"embeddable":true,"href":"https:\/\/www.patentattorneys.ch\/de\/wp-json\/wp\/v2\/users\/8"}],"replies":[{"embeddable":true,"href":"https:\/\/www.patentattorneys.ch\/de\/wp-json\/wp\/v2\/comments?post=33108"}],"version-history":[{"count":10,"href":"https:\/\/www.patentattorneys.ch\/de\/wp-json\/wp\/v2\/pages\/33108\/revisions"}],"predecessor-version":[{"id":33151,"href":"https:\/\/www.patentattorneys.ch\/de\/wp-json\/wp\/v2\/pages\/33108\/revisions\/33151"}],"wp:attachment":[{"href":"https:\/\/www.patentattorneys.ch\/de\/wp-json\/wp\/v2\/media?parent=33108"}],"curies":[{"name":"wp","href":"https:\/\/api.w.org\/{rel}","templated":true}]}}