

{"id":33133,"date":"2023-10-31T14:16:17","date_gmt":"2023-10-31T13:16:17","guid":{"rendered":"https:\/\/www.patentattorneys.ch\/?page_id=33133"},"modified":"2023-10-31T14:39:43","modified_gmt":"2023-10-31T13:39:43","slug":"avenir-de-lia","status":"publish","type":"page","link":"https:\/\/www.patentattorneys.ch\/de\/zukunft-der-ki\/","title":{"rendered":"Zukunft der KI"},"content":{"rendered":"<div class=\"wpb-content-wrapper\"><p>[vc_row][vc_column width=&#8221;1\/1&#8243;]<style>#breadcrumb-6a066de158c7d li::after { content: \"\u00bb\" }<\/style><div class=\"vc_custom_1696932409427\"><ol class=\"wwp-vc-breadcrumbs \" id=\"breadcrumb-6a066de158c7d\"><li class=\"visited\"><a href=\"\/\">Home<\/a><\/li><li class=\"current\"><span>Zukunft der KI<\/span><\/li><\/ol><\/div>[\/vc_column][\/vc_row][vc_row][vc_column width=&#8221;2\/3&#8243;][vc_column_text]<\/p>\n<h1>Zukunft der KI<\/h1>\n<div class=\"epyt-video-wrapper\"><iframe  id=\"_ytid_96643\"  width=\"1161\" height=\"653\"  data-origwidth=\"1161\" data-origheight=\"653\" src=\"https:\/\/www.youtube.com\/embed\/SU2btUivtxg?enablejsapi=1&#038;autoplay=0&#038;cc_load_policy=0&#038;cc_lang_pref=&#038;iv_load_policy=1&#038;loop=0&#038;rel=1&#038;fs=1&#038;playsinline=0&#038;autohide=2&#038;hl=de_DE&#038;theme=dark&#038;color=red&#038;controls=1&#038;disablekb=0&#038;\" class=\"__youtube_prefs__  epyt-is-override  no-lazyload\" title=\"YouTube player\"  allow=\"fullscreen; accelerometer; autoplay; clipboard-write; encrypted-media; gyroscope; picture-in-picture; web-share\" referrerpolicy=\"strict-origin-when-cross-origin\" allowfullscreen data-no-lazy=\"1\" data-skipgform_ajax_framebjll=\"\"><\/iframe><\/div>\n<p>&nbsp;<\/p>\n<p>Der Einzug \u00a0von KI-Tools wird \u00a0das Gesch\u00e4ftsmodell von Unternehmen und Agenturen, die kreative Inhalte f\u00fcr ihre Kunden erstellen, insbesondere in Bezug auf die Produktivit\u00e4t ver\u00e4ndern. Die Erstellung von Inhalten wird einfacher, aber paradoxerweise wird dies zu komplexeren Spielregeln f\u00fchren, die sich ebenfalls in einem besonders schnellen Tempo anpassen.<\/p>\n<p>W\u00e4hrend Open-Source- und zug\u00e4ngliche Software koexistieren werden, ist sicher, dass KI-Tools enorme Ressourcen ben\u00f6tigen, nicht nur finanzielle (f\u00fcr die Entwicklungskosten ), sondern auch Hardware- und Energie-Ressourcen. All dies hat also seinen Preis, und die Frage ist nat\u00fcrlich, wer daf\u00fcr bezahlen muss.<\/p>\n<p>Im Allgemeinen zeichnet sich bereits ein Trend ab, bei dem entweder kostenlose Tools mit eingeschr\u00e4nkten Funktionen (entweder in technischer Hinsicht oder mit der Annahme ung\u00fcnstiger Gesch\u00e4ftsbedingungen) oder kostenpflichtige Tools mit Zugang zu gr\u00f6\u00dferen Funktionen oder der M\u00f6glichkeit, mehr Rechte an den mithilfe von KI-Tools erstellten Kreationen zu behalten, angeboten werden.<\/p>\n<p>Die regulatorischen Aspekte werden in Angriff genommen und einige Gesetzgeber besch\u00e4ftigen sich bereits damit, wie die Europ\u00e4ische Union, die in dieser Hinsicht weltweit eine Vorreiterrolle spielen will.<\/p>\n<p>&nbsp;<\/p>\n<p>Tats\u00e4chlich stellen sich sowohl <strong>ethische <\/strong>als auch rechtliche <strong>Fragen<\/strong>, die beide eng miteinander verkn\u00fcpft sind. Die grundlegenden Herausforderungen sind der Kampf gegen die Gefahr der Voreingenommenheit (<strong>Bias<\/strong>), die Rechenschaftspflicht (verstanden als <strong>Verantwortung) <\/strong>und die <strong>Transparenz <\/strong>(wie es funktioniert, wer die Ergebnisse erkl\u00e4ren kann). Es ist unerl\u00e4sslich, klare und verbindliche ethische Grundlagen festzulegen, um Fehlentwicklungen zu vermeiden, w\u00e4hrend gleichzeitig die positiven Aspekte des Einzugs der KI wie bessere Gesundheitsf\u00fcrsorge, sichererer und saubererer Transport, effizientere Produktion und nachhaltigere und billigere Energie anerkannt werden.<\/p>\n<p>&nbsp;<\/p>\n<p>Im Jahr 2020 ver\u00f6ffentlichte die Europ\u00e4ische Kommission ein Wei\u00dfbuch<a href=\"#_ftn1\" name=\"_ftnref1\">[1]<\/a> zur K\u00fcnstlichen Intelligenz, in dem die wichtigsten Grunds\u00e4tze eines k\u00fcnftigen EU-Rechtsrahmens f\u00fcr KI in Europa dargelegt werden, der auf den Grundwerten der EU basiert, darunter die Achtung der Menschenrechte (Achtung der Menschenw\u00fcrde, Privatsph\u00e4re und Datenschutz, Gleichheit und Nichtdiskriminierung, Zugang zur Justiz und Zugang zu sozialen Rechten).<\/p>\n<p>&nbsp;<\/p>\n<p>Am 14. Juni 2023 nahm das Europ\u00e4ische Parlament den Text und das Verhandlungsmandat f\u00fcr die Europ\u00e4ische Kommission an, um einen umfassenden Regulierungsrahmen zu schaffen, der f\u00fcr alle auf dem europ\u00e4ischen Markt t\u00e4tigen Akteure der KI-Industrie (Lieferanten, Importeure, H\u00e4ndler, Nutzer usw.) gilt. Die Schweiz wird davon nat\u00fcrlich betroffen sein.<\/p>\n<p>&nbsp;<\/p>\n<p>In den Entwurf wurde auch ein Rahmen f\u00fcr die allgemeine K\u00fcnstliche Intelligenz aufgenommen, der teilweise durch die potenziellen Auswirkungen einiger generativer KI-Tools beeinflusst wurde, die in den Medien stark pr\u00e4sent sind. Zu den neuen Anforderungen k\u00f6nnte die Pflicht geh\u00f6ren, darauf hinzuweisen, dass Inhalte durch KI generiert werden und dass das Tool auf urheberrechtlich gesch\u00fctzte Daten zur\u00fcckgreift. Alle Systeme, die eine eindeutige Bedrohung f\u00fcr EU-B\u00fcrger darstellen, werden verboten, z. B. soziale Bewertungen durch Beh\u00f6rden oder Spielzeug, das Kinder per Sprachausgabe zu gef\u00e4hrlichen Verhaltensweisen ermutigt.<\/p>\n<p>&nbsp;<\/p>\n<p>Die Kommission hat drei miteinander verbundene Gesetzesinitiativen vorgeschlagen, die zur Etablierung einer vertrauensw\u00fcrdigen KI beitragen werden :<a href=\"#_ftn2\" name=\"_ftnref2\">[2]<\/a><\/p>\n<p>&nbsp;<\/p>\n<ul>\n<li>ein europ\u00e4ischer Rechtsrahmen zur Bew\u00e4ltigung der Grundrechts- und Sicherheitsrisiken, die KI-Systemen eigen sind (u. a. mit der Risikoeinstufung);<\/li>\n<li>ein Rahmen f\u00fcr die zivilrechtliche Haftung &#8211; Anpassung der Haftungsregeln an das digitale Zeitalter und an KI; wer haftet f\u00fcr Entscheidungen, die auf der Grundlage von KI getroffen werden?<\/li>\n<li>eine \u00dcberarbeitung der sektoralen Sicherheitsvorschriften (z. B. Maschinenverordnung, Richtlinie \u00fcber die allgemeine Produktsicherheit).<\/li>\n<\/ul>\n<p>&nbsp;<\/p>\n<p>Eine parallele, aber damit verbundene strategische Herausforderung betrifft auch den Zugang zu Daten, insbesondere die Gesamtheit der durch das Internet der Dinge (IoT) gesammelten Daten, die zusammengenommen einen Schatz f\u00fcr die Verbesserung der Trainingsdaten der KI darstellen: ohne sie gibt es keine KI, und die Herausforderungen einer Monopolisierung durch die Giganten der GAFAM haben die Regierungen bereits alarmiert. So hat die EU bereits 2019 eine Richtlinie \u00fcber Open Data und die Notwendigkeit, den Zugang so breit wie m\u00f6glich zu halten, verabschiedet.<\/p>\n<p>&nbsp;<\/p>\n<p>Das Neue und Unbekannte macht Angst, aber KI kann als Chance f\u00fcr die Menschheit und nicht nur als Bedrohung angesehen werden, auch wenn es in der Natur des Menschen liegt, etwas zu f\u00fcrchten, was \u00a0man nicht versteht. Daher ist Bildung von entscheidender Bedeutung. Zu wissen, was im Bereich der KI geschieht (Transparenz) und klare ethische und rechtliche Grenzen zu setzen, wird daher entscheidend f\u00fcr ihre Akzeptanz sein.<\/p>\n<p>&nbsp;<\/p>\n<p><a href=\"#_ftnref1\" name=\"_ftn1\">[1]<\/a> https:\/\/op.europa.eu\/fr\/publication-detail\/-\/publication\/ac957f13-53c6-11ea-aece-01aa75ed71a1<\/p>\n<p><a href=\"#_ftnref2\" name=\"_ftn2\">[2]<\/a> https:\/\/digital-strategy.ec.europa.eu\/fr\/policies\/european-approach-artificial-intelligence<\/p>\n<p>[\/vc_column_text][\/vc_column][vc_column width=&#8221;1\/3&#8243;][vc_column_text]<\/p>\n<h3>K\u00fcnstlichen Intelligenz und kreativen Arbeit in Kommunikationsagenturen<\/h3>\n<p>Dieser Artikel ist Teil unserer <a href=\"https:\/\/www.patentattorneys.ch\/de\/dienstleitungen\/computerrecht\/#tab-1696323508044-9-7\">Einf\u00fchrung in die Problematik der k\u00fcnstlichen Intelligenz und der kreativen Arbeit in Kommunikationsagenturen<\/a>.<\/p>\n<ul>\n<li><a href=\"https:\/\/www.patentattorneys.ch\/de\/agenturgrundungen-mit-hilfe-von-ki-herausforderungen\/\"><strong>Agenturgr\u00fcndungen mit Hilfe von KI \u2013 Herausforderungen<\/strong><\/a><\/li>\n<li><strong><a href=\"https:\/\/www.patentattorneys.ch\/de\/wer-ist-der-autor-in-bezug-auf-kunstliche-intelligenz\/\">Wer ist der Autor in Bezug auf k\u00fcnstliche Intelligenz, wenn es \u00fcberhaupt einen gibt?<\/a><br \/>\n<\/strong><\/li>\n<li><strong><a href=\"https:\/\/www.patentattorneys.ch\/de\/einstufung-als-durch-kunstliche-intelligenz-geschaffenes-werk-und-rechtsinhaberschaft\/\">Einstufung als durch k\u00fcnstliche Intelligenz geschaffenes Werk und Rechtsinhaberschaft<\/a><br \/>\n<\/strong><\/li>\n<li><span style=\"color: #f4b630;\"><strong>Zukunft der KI <\/strong><\/span><\/li>\n<\/ul>\n<p>[\/vc_column_text][\/vc_column][\/vc_row]<\/p>\n<\/div>","protected":false},"excerpt":{"rendered":"<p>[vc_row][vc_column width=&#8221;1\/1&#8243;][\/vc_column][\/vc_row][vc_row][vc_column width=&#8221;2\/3&#8243;][vc_column_text] Zukunft der KI &nbsp; Der Einzug \u00a0von KI-Tools wird \u00a0das Gesch\u00e4ftsmodell von Unternehmen und Agenturen, die kreative Inhalte f\u00fcr ihre Kunden erstellen, insbesondere in Bezug auf die Produktivit\u00e4t ver\u00e4ndern. Die Erstellung von Inhalten wird einfacher, aber paradoxerweise wird dies zu komplexeren Spielregeln f\u00fchren, die sich ebenfalls in einem besonders schnellen Tempo anpassen. W\u00e4hrend Open-Source- und zug\u00e4ngliche Software koexistieren werden, ist sicher, dass KI-Tools enorme Ressourcen ben\u00f6tigen, nicht nur finanzielle (f\u00fcr die Entwicklungskosten ), sondern auch Hardware- und Energie-Ressourcen. All dies hat also seinen Preis, und die Frage ist nat\u00fcrlich, wer daf\u00fcr bezahlen muss. Im Allgemeinen zeichnet sich bereits ein Trend ab, bei dem entweder kostenlose Tools mit eingeschr\u00e4nkten Funktionen (entweder in technischer Hinsicht oder mit der Annahme ung\u00fcnstiger Gesch\u00e4ftsbedingungen) oder kostenpflichtige Tools mit Zugang zu gr\u00f6\u00dferen Funktionen oder der M\u00f6glichkeit, mehr Rechte an den mithilfe von KI-Tools erstellten Kreationen zu behalten, angeboten werden. Die regulatorischen Aspekte werden in Angriff genommen und einige Gesetzgeber besch\u00e4ftigen sich bereits damit, wie die Europ\u00e4ische Union, die in dieser Hinsicht weltweit eine Vorreiterrolle spielen will. &nbsp; Tats\u00e4chlich stellen sich sowohl ethische als auch rechtliche Fragen, die beide eng miteinander verkn\u00fcpft sind. Die grundlegenden Herausforderungen sind der Kampf gegen die Gefahr der Voreingenommenheit [&hellip;]<\/p>\n","protected":false},"author":8,"featured_media":0,"parent":0,"menu_order":0,"comment_status":"closed","ping_status":"closed","template":"","meta":{"footnotes":""},"translation":{"provider":"WPGlobus","version":"3.0.2","language":"de","enabled_languages":["fr","de","en","it"],"languages":{"fr":{"title":true,"content":true,"excerpt":false},"de":{"title":true,"content":true,"excerpt":false},"en":{"title":true,"content":true,"excerpt":false},"it":{"title":false,"content":false,"excerpt":false}}},"yoast_head":"<!-- This site is optimized with the Yoast SEO plugin v24.4 - https:\/\/yoast.com\/wordpress\/plugins\/seo\/ -->\n<title>Zukunft der KI - P&amp;TS AG<\/title>\n<meta name=\"robots\" content=\"index, follow, max-snippet:-1, max-image-preview:large, max-video-preview:-1\" \/>\n<link rel=\"canonical\" href=\"https:\/\/www.patentattorneys.ch\/avenir-de-lia\/\" \/>\n<meta property=\"og:locale\" content=\"de_DE\" \/>\n<meta property=\"og:type\" content=\"article\" \/>\n<meta property=\"og:title\" content=\"Zukunft der KI - P&amp;TS AG\" \/>\n<meta property=\"og:url\" content=\"https:\/\/www.patentattorneys.ch\/avenir-de-lia\/\" \/>\n<meta property=\"og:site_name\" content=\"P&amp;TS AG\" \/>\n<meta property=\"article:publisher\" content=\"https:\/\/www.facebook.com\/PTS.Ltd\/\" \/>\n<meta property=\"article:modified_time\" content=\"2023-10-31T13:39:43+00:00\" \/>\n<meta name=\"twitter:card\" content=\"summary_large_image\" \/>\n<meta name=\"twitter:site\" content=\"@PTSSA\" \/>\n<meta name=\"twitter:label1\" content=\"Est. reading time\" \/>\n\t<meta name=\"twitter:data1\" content=\"14 minutes\" \/>\n<script type=\"application\/ld+json\" class=\"yoast-schema-graph\">{\"@context\":\"https:\/\/schema.org\",\"@graph\":[{\"@type\":\"WebPage\",\"@id\":\"https:\/\/www.patentattorneys.ch\/avenir-de-lia\/\",\"url\":\"https:\/\/www.patentattorneys.ch\/avenir-de-lia\/\",\"name\":\"Zukunft der KI - P&amp;TS AG\",\"isPartOf\":{\"@id\":\"https:\/\/www.patentattorneys.ch\/de\/#website\"},\"datePublished\":\"2023-10-31T13:16:17+00:00\",\"dateModified\":\"2023-10-31T13:39:43+00:00\",\"breadcrumb\":{\"@id\":\"https:\/\/www.patentattorneys.ch\/avenir-de-lia\/#breadcrumb\"},\"inLanguage\":\"de-DE\",\"potentialAction\":[{\"@type\":\"ReadAction\",\"target\":[\"https:\/\/www.patentattorneys.ch\/avenir-de-lia\/\"]}]},{\"@type\":\"BreadcrumbList\",\"@id\":\"https:\/\/www.patentattorneys.ch\/avenir-de-lia\/#breadcrumb\",\"itemListElement\":[{\"@type\":\"ListItem\",\"position\":1,\"name\":\"Accueil\",\"item\":\"https:\/\/www.patentattorneys.ch\/\"},{\"@type\":\"ListItem\",\"position\":2,\"name\":\"The future of AI\"}]},{\"@type\":\"WebSite\",\"@id\":\"https:\/\/www.patentattorneys.ch\/de\/#website\",\"url\":\"https:\/\/www.patentattorneys.ch\/de\/\",\"name\":\"P&amp;TS AG\",\"description\":\"Patentanw\u00e4lte\",\"publisher\":{\"@id\":\"https:\/\/www.patentattorneys.ch\/de\/#organization\"},\"potentialAction\":[{\"@type\":\"SearchAction\",\"target\":{\"@type\":\"EntryPoint\",\"urlTemplate\":\"https:\/\/www.patentattorneys.ch\/de\/?s={search_term_string}\"},\"query-input\":{\"@type\":\"PropertyValueSpecification\",\"valueRequired\":true,\"valueName\":\"search_term_string\"}}],\"inLanguage\":\"de-DE\"},{\"@type\":\"Organization\",\"@id\":\"https:\/\/www.patentattorneys.ch\/de\/#organization\",\"name\":\"P&TS SA\",\"url\":\"https:\/\/www.patentattorneys.ch\/de\/\",\"logo\":{\"@type\":\"ImageObject\",\"inLanguage\":\"de-DE\",\"@id\":\"https:\/\/www.patentattorneys.ch\/de\/#\/schema\/logo\/image\/\",\"url\":\"https:\/\/www.patentattorneys.ch\/wp-content\/uploads\/2016\/01\/PTS_Icon.jpg\",\"contentUrl\":\"https:\/\/www.patentattorneys.ch\/wp-content\/uploads\/2016\/01\/PTS_Icon.jpg\",\"width\":512,\"height\":512,\"caption\":\"P&TS SA\"},\"image\":{\"@id\":\"https:\/\/www.patentattorneys.ch\/de\/#\/schema\/logo\/image\/\"},\"sameAs\":[\"https:\/\/www.facebook.com\/PTS.Ltd\/\",\"https:\/\/x.com\/PTSSA\",\"https:\/\/www.linkedin.com\/company\/p&ts-sa\"]}]}<\/script>\n<!-- \/ Yoast SEO plugin. -->","yoast_head_json":{"title":"Zukunft der KI - P&amp;TS AG","robots":{"index":"index","follow":"follow","max-snippet":"max-snippet:-1","max-image-preview":"max-image-preview:large","max-video-preview":"max-video-preview:-1"},"canonical":"https:\/\/www.patentattorneys.ch\/avenir-de-lia\/","og_locale":"de_DE","og_type":"article","og_title":"Zukunft der KI - P&amp;TS AG","og_url":"https:\/\/www.patentattorneys.ch\/avenir-de-lia\/","og_site_name":"P&amp;TS AG","article_publisher":"https:\/\/www.facebook.com\/PTS.Ltd\/","article_modified_time":"2023-10-31T13:39:43+00:00","twitter_card":"summary_large_image","twitter_site":"@PTSSA","twitter_misc":{"Est. reading time":"14 minutes"},"schema":{"@context":"https:\/\/schema.org","@graph":[{"@type":"WebPage","@id":"https:\/\/www.patentattorneys.ch\/avenir-de-lia\/","url":"https:\/\/www.patentattorneys.ch\/avenir-de-lia\/","name":"Zukunft der KI - P&amp;TS AG","isPartOf":{"@id":"https:\/\/www.patentattorneys.ch\/de\/#website"},"datePublished":"2023-10-31T13:16:17+00:00","dateModified":"2023-10-31T13:39:43+00:00","breadcrumb":{"@id":"https:\/\/www.patentattorneys.ch\/avenir-de-lia\/#breadcrumb"},"inLanguage":"de-DE","potentialAction":[{"@type":"ReadAction","target":["https:\/\/www.patentattorneys.ch\/avenir-de-lia\/"]}]},{"@type":"BreadcrumbList","@id":"https:\/\/www.patentattorneys.ch\/avenir-de-lia\/#breadcrumb","itemListElement":[{"@type":"ListItem","position":1,"name":"Accueil","item":"https:\/\/www.patentattorneys.ch\/"},{"@type":"ListItem","position":2,"name":"The future of AI"}]},{"@type":"WebSite","@id":"https:\/\/www.patentattorneys.ch\/de\/#website","url":"https:\/\/www.patentattorneys.ch\/de\/","name":"P&amp;TS AG","description":"Patentanw\u00e4lte","publisher":{"@id":"https:\/\/www.patentattorneys.ch\/de\/#organization"},"potentialAction":[{"@type":"SearchAction","target":{"@type":"EntryPoint","urlTemplate":"https:\/\/www.patentattorneys.ch\/de\/?s={search_term_string}"},"query-input":{"@type":"PropertyValueSpecification","valueRequired":true,"valueName":"search_term_string"}}],"inLanguage":"de-DE"},{"@type":"Organization","@id":"https:\/\/www.patentattorneys.ch\/de\/#organization","name":"P&TS SA","url":"https:\/\/www.patentattorneys.ch\/de\/","logo":{"@type":"ImageObject","inLanguage":"de-DE","@id":"https:\/\/www.patentattorneys.ch\/de\/#\/schema\/logo\/image\/","url":"https:\/\/www.patentattorneys.ch\/wp-content\/uploads\/2016\/01\/PTS_Icon.jpg","contentUrl":"https:\/\/www.patentattorneys.ch\/wp-content\/uploads\/2016\/01\/PTS_Icon.jpg","width":512,"height":512,"caption":"P&TS SA"},"image":{"@id":"https:\/\/www.patentattorneys.ch\/de\/#\/schema\/logo\/image\/"},"sameAs":["https:\/\/www.facebook.com\/PTS.Ltd\/","https:\/\/x.com\/PTSSA","https:\/\/www.linkedin.com\/company\/p&ts-sa"]}]}},"_links":{"self":[{"href":"https:\/\/www.patentattorneys.ch\/de\/wp-json\/wp\/v2\/pages\/33133"}],"collection":[{"href":"https:\/\/www.patentattorneys.ch\/de\/wp-json\/wp\/v2\/pages"}],"about":[{"href":"https:\/\/www.patentattorneys.ch\/de\/wp-json\/wp\/v2\/types\/page"}],"author":[{"embeddable":true,"href":"https:\/\/www.patentattorneys.ch\/de\/wp-json\/wp\/v2\/users\/8"}],"replies":[{"embeddable":true,"href":"https:\/\/www.patentattorneys.ch\/de\/wp-json\/wp\/v2\/comments?post=33133"}],"version-history":[{"count":6,"href":"https:\/\/www.patentattorneys.ch\/de\/wp-json\/wp\/v2\/pages\/33133\/revisions"}],"predecessor-version":[{"id":33154,"href":"https:\/\/www.patentattorneys.ch\/de\/wp-json\/wp\/v2\/pages\/33133\/revisions\/33154"}],"wp:attachment":[{"href":"https:\/\/www.patentattorneys.ch\/de\/wp-json\/wp\/v2\/media?parent=33133"}],"curies":[{"name":"wp","href":"https:\/\/api.w.org\/{rel}","templated":true}]}}