

{"id":33607,"date":"2024-04-22T17:08:16","date_gmt":"2024-04-22T16:08:16","guid":{"rendered":"https:\/\/r42o4bftuk.preview.infomaniak.website\/?page_id=33607"},"modified":"2025-06-06T17:27:47","modified_gmt":"2025-06-06T16:27:47","slug":"daniel-kraus","status":"publish","type":"page","link":"https:\/\/www.patentattorneys.ch\/de\/unser-team\/mitarbeiter\/daniel-kraus\/","title":{"rendered":"Prof. Dr. Daniel Kraus"},"content":{"rendered":"<div class=\"wpb-content-wrapper\"><p>[vc_row bg_color=&#8221;#6d787e&#8221; class=&#8221;display-flex&#8221;][vc_column text_color=&#8221;light&#8221; width=&#8221;1\/1&#8243;][vc_row_inner][vc_column_inner width=&#8221;1\/4&#8243;]<div class=\"single_image wpb_content_element align-left   \" data-animation=\"none\" data-delay=\"0\"><img decoding=\"async\" width=\"337\" height=\"422\" src=\"https:\/\/www.patentattorneys.ch\/wp-content\/uploads\/2024\/04\/daniel-kraus-pfp-in-action-v2.png\" class=\"attachment-full\" alt=\"\" title=\"daniel-kraus-pfp-in-action-v2\" srcset=\"https:\/\/www.patentattorneys.ch\/wp-content\/uploads\/2024\/04\/daniel-kraus-pfp-in-action-v2.png 337w, https:\/\/www.patentattorneys.ch\/wp-content\/uploads\/2024\/04\/daniel-kraus-pfp-in-action-v2-240x300.png 240w\" sizes=\"(max-width: 337px) 100vw, 337px\" \/><\/div>[\/vc_column_inner][vc_column_inner width=&#8221;3\/4&#8243;][vc_column_text]<\/p>\n<h2>\u201cDon\u2019t think out of the box. Do not even enter it\u201d<\/h2>\n<p>[\/vc_column_text][\/vc_column_inner][\/vc_row_inner][\/vc_column][\/vc_row][vc_row][vc_column width=&#8221;1\/1&#8243;]<style>#breadcrumb-6a08156764686 li::after { content: \"\u00bb\" }<\/style><div class=\"\"><ol class=\"wwp-vc-breadcrumbs \" id=\"breadcrumb-6a08156764686\"><li class=\"visited\"><a href=\"\/\">Home<\/a><\/li><li class=\"visited\"><a href=\"https:\/\/www.patentattorneys.ch\/de\/unser-team\/\">{:fr}\u00c9quipe{:}{:de}Unser Team{:}{:en}Our team{:}<\/a><\/li><li class=\"visited\"><a href=\"https:\/\/www.patentattorneys.ch\/de\/unser-team\/mitarbeiter\/\">{:fr}Collaborateurs{:}{:de}Mitarbeiter{:}{:en}Employees{:}<\/a><\/li><li class=\"current\"><span>Prof. Dr. Daniel Kraus<\/span><\/li><\/ol><\/div><div class=\"spacer\" style=\"height: 40px;\"><\/div>[\/vc_column][\/vc_row][vc_row][vc_column width=&#8221;1\/4&#8243;][vc_column_text]<\/p>\n<h3>Prof. Dr. Daniel Kraus<\/h3>\n<h5><!--StartFragment --><span class=\"cf0\">Attorney at Law<br \/>\nLL.M (King&#8217;s College London)<\/span><\/h5>\n<p>[\/vc_column_text]<div class=\"divider divider1\" style='margin:40px 0 40px 0 !important;'><\/div>[vc_column_text]<\/p>\n<h4>Awards<\/h4>\n<p><a href=\"https:\/\/www.ipstars.com\/Lawyer\/Daniel-Kraus\/Profile\/163995#profile\"><img decoding=\"async\" class=\"wp-image-34723 size-thumbnail alignleft\" src=\"https:\/\/www.patentattorneys.ch\/wp-content\/uploads\/2025\/06\/54516818996_7f4e9d2150_c-150x150.jpg\" alt=\"ip stars 2025 P&amp;TS SA\" width=\"150\" height=\"150\" srcset=\"https:\/\/www.patentattorneys.ch\/wp-content\/uploads\/2025\/06\/54516818996_7f4e9d2150_c-150x150.jpg 150w, https:\/\/www.patentattorneys.ch\/wp-content\/uploads\/2025\/06\/54516818996_7f4e9d2150_c-300x300.jpg 300w, https:\/\/www.patentattorneys.ch\/wp-content\/uploads\/2025\/06\/54516818996_7f4e9d2150_c-768x768.jpg 768w, https:\/\/www.patentattorneys.ch\/wp-content\/uploads\/2025\/06\/54516818996_7f4e9d2150_c-80x80.jpg 80w, https:\/\/www.patentattorneys.ch\/wp-content\/uploads\/2025\/06\/54516818996_7f4e9d2150_c-500x500.jpg 500w, https:\/\/www.patentattorneys.ch\/wp-content\/uploads\/2025\/06\/54516818996_7f4e9d2150_c.jpg 800w\" sizes=\"(max-width: 150px) 100vw, 150px\" \/><\/a>[\/vc_column_text][\/vc_column][vc_column width=&#8221;3\/4&#8243;][vc_tabs interval=&#8221;0&#8243;][vc_tab title=&#8221;Biographie&#8221; tab_id=&#8221;dab1363f-82ab-9&#8243;][vc_column_text]Sprachen : Franz\u00f6sisch, Englisch, Deutsch[\/vc_column_text][vc_column_text]Daniel Kraus h\u00e4tte Architekt oder Diplomat werden k\u00f6nnen, jedoch ist er Anwalt und Rechtsprofessor geworden. Und das ist nicht verwunderlich. Auf dem Gebiet des Rechts des geistigen Eigentums hat er das perfekte Gleichgewicht zwischen Kreativit\u00e4t und Strenge gefunden. Nach dem Studium der Rechtswissenschaften in Genf vertiefte Daniel Kraus seine Kenntnisse im Europarecht und Wettbewerbsrecht in London (LL.M., King&#8217;s College). Nach seiner Anwaltspr\u00fcfung in Genf assistierte er Professor Ernst-Ulrich Petersmann an der Universit\u00e4t Genf im Europarecht und internationalen Wirtschaftsrecht. W\u00e4hrend dieser Zeit verfasste er auch seine Doktorarbeit \u00fcber Parallelimporte von patentierten Produkten, die mit <em>summa cum <\/em>laude bewertet wurde und f\u00fcr die er den Walther Hug Preis f\u00fcr die beste juristische Doktorarbeit erhielt. Nachdem er einige Jahre in einer auf gewerbliches Eigentum spezialisierten Anwaltskanzlei gearbeitet hatte, wechselte er nach Bern und arbeitete neun Jahre lang am Eidgen\u00f6ssischen Institut f\u00fcr Geistiges Eigentum als stellvertretender Leiter f\u00fcr internationale Angelegenheiten und sp\u00e4ter als Leiter der technischen Zusammenarbeit. Fasziniert von Forschung und Lehre wechselte er 2004 an die Universit\u00e4t Neuch\u00e2tel und wurde 2010 zum Professor f\u00fcr Innovationsrecht ernannt. Dort war er insbesondere an der Einrichtung des interfakult\u00e4ren Masterstudiengangs in Innovation und von Innocube Executive Training beteiligt, einer Ausbildungsplattform f\u00fcr Unternehmen im Bereich des geistigen Eigentums und des Innovationsrechts. Daniel unterrichtet auch an der HEG-Arc und an verschiedenen Universit\u00e4ten (Freiburg, EPFL).<\/p>\n<p>Nebenbei arbeitete Daniel immer als Anwalt f\u00fcr geistiges Eigentum. Im Jahr 2012 wurde er zudem zum stellvertretenden Richter am Bundespatentgericht gew\u00e4hlt.<\/p>\n<p>In seiner Freizeit spielt Daniel gerne, komponiert und h\u00f6rt Musik, verbringt Zeit mit seiner Familie, betreibt Skilanglauf, f\u00e4hrt Fahrrad und segelt. Tennis verschweigen wir allerdings lieber, eine Sportart, in der Daniel jegliche Hoffnung auf Fortschritte aufgegeben hat.<\/p>\n<p>Ausserordentlich gerne l\u00e4sst Daniel seiner Kreativit\u00e4t in einem Projekt f\u00fcr soziales Unternehmertum freien Lauf, das ihm besonders am Herzen liegt.[\/vc_column_text][\/vc_tab][vc_tab title=&#8221;Publikationen&#8221; tab_id=&#8221;1713801876691-1-8&#8243;][vc_column_text]<strong>B\u00fccher:<\/strong><\/p>\n<ul>\n<li>Mit Nathalie Tissot und Vincent Salvad\u00e9\u00a0: Propri\u00e9t\u00e9 intellectuelle &#8211; Marques, brevets, droit d\u2019auteur, \u00e9d. St\u00e4mpfli 2019.<\/li>\n<li>Mit Blaise Carron, M\u00e9lanie Kr\u00fcsi und Yann F\u00e9rolles\u00a0: Le droit d\u2019auteur des planificateurs &#8211; Un guide sur le droit d\u2019auteur et autres droits de propri\u00e9t\u00e9 intellectuelle \u00e0 l\u2019attention des architectes, des ing\u00e9nieurs et des sp\u00e9cialistes du droit de la construction, \u00e9d. 2015.Deutsche \u00dcbersetzung unter dem Titel: Urheberrecht der Planer &#8211; Ein Leitfaden f\u00fcr Architekten, Ingenieure und Baurechtsspezialisten zum Urheberrecht und zu weiteren Immaterialg\u00fcterrechten.<\/li>\n<\/ul>\n<p>&nbsp;<\/p>\n<p><strong>Ver\u00f6ffentlichungen:<\/strong><\/p>\n<ul>\n<li>In Bearbeitung, mit Gilles Aebischer: Commentaire romand de la Loi sur les produits th\u00e9rapeutiques, Helbing Lichtenhahn (publication pr\u00e9vue en 2024).<\/li>\n<li>Mit Thierry Obrist und Olivier Hari (\u00e9ds.)\u00a0: Blockchains, Smart Contracts, Decentralised Autonomous Organisations and the law, Edward Elgar Publishing 2019.<\/li>\n<\/ul>\n<p>&nbsp;<\/p>\n<p><strong>Buchbeitr\u00e4ge\u00a0:<\/strong><\/p>\n<ul>\n<li>Durabilit\u00e9 et propri\u00e9t\u00e9 intellectuelle : achetez mon droit des marques, le droit le plus vert et durable! <em>in<\/em>: Production et consommation durables dans une \u00e9conomie circulaire &#8211; d\u00e9fis et solutions juridiques, \u00e9d. Helbing Lichtenhahn 2023, pp. 205-224.<\/li>\n<li>Mit Christophe Schaub\u00a0: Blockchain et Propri\u00e9t\u00e9 intellectuelle, <em>in\u00a0:<\/em> Propri\u00e9t\u00e9 intellectuelle \u00e0 l\u2019\u00e8re du Big Data et de la Blockchain, \u00e9d. Schulthess 2020, pp. 133-155.<\/li>\n<li>Mit Charlotte Boulay: Blockchains: Aspects of Intellectual Property Law, <em>in:<\/em> Blockchains, Smart Contracts, Decentralised Autonomous Organisations and the Law. 2019, pp. 240 &#8211; 271.<\/li>\n<\/ul>\n<p>&nbsp;<\/p>\n<p><strong>Artikel:<\/strong><\/p>\n<ul>\n<li>Mit Christine Joller und Bruno Pasquier : NFTs et droits d\u2019auteur, <em>in<\/em>: sui generis, mai 2023, pp. 55-65, disponible sur: <a href=\"https:\/\/sui-generis.ch\/article\/view\/sg.228\/3051\">https:\/\/sui-generis.ch\/article\/view\/sg.228\/3051<\/a>.<\/li>\n<li>Mit Daniel Burkard: Die Verwechslungsgefahr im Firmenrecht, <em>in:<\/em> Sic! 2020, pp. 457-474.<\/li>\n<li>Mit Yaniv Benhamou und Fr\u00e9d\u00e9ric Erard\u00a0: L\u2019avocat a-t-il aussi le droit d\u2019\u00eatre dans les nuages\u202f? in\u00a0: Revue de l\u2019avocat, 2019, pp. 119-126.<\/li>\n<\/ul>\n<p>Liste compl\u00e8te disponible sous : <a href=\"https:\/\/libra.unine.ch\/search?query=Daniel%20E.%20Kraus&amp;spc.page=1&amp;spc.sf=dc.date.issued&amp;spc.sd=DESC\">https:\/\/libra.unine.ch\/search?query=Daniel%20E.%20Kraus&amp;spc.page=1&amp;spc.sf=dc.date.issued&amp;spc.sd=DESC<\/a>[\/vc_column_text][\/vc_tab][\/vc_tabs][\/vc_column][\/vc_row]<\/p>\n<\/div>","protected":false},"excerpt":{"rendered":"<p>[vc_row bg_color=&#8221;#6d787e&#8221; class=&#8221;display-flex&#8221;][vc_column text_color=&#8221;light&#8221; width=&#8221;1\/1&#8243;][vc_row_inner][vc_column_inner width=&#8221;1\/4&#8243;][\/vc_column_inner][vc_column_inner width=&#8221;3\/4&#8243;][vc_column_text] \u201cDon\u2019t think out of the box. Do not even enter it\u201d [\/vc_column_text][\/vc_column_inner][\/vc_row_inner][\/vc_column][\/vc_row][vc_row][vc_column width=&#8221;1\/1&#8243;][\/vc_column][\/vc_row][vc_row][vc_column width=&#8221;1\/4&#8243;][vc_column_text] Prof. Dr. Daniel Kraus Attorney at Law LL.M (King&#8217;s College London) [\/vc_column_text][vc_column_text] Awards [\/vc_column_text][\/vc_column][vc_column width=&#8221;3\/4&#8243;][vc_tabs interval=&#8221;0&#8243;][vc_tab title=&#8221;Biographie&#8221; tab_id=&#8221;dab1363f-82ab-9&#8243;][vc_column_text]Sprachen : Franz\u00f6sisch, Englisch, Deutsch[\/vc_column_text][vc_column_text]Daniel Kraus h\u00e4tte Architekt oder Diplomat werden k\u00f6nnen, jedoch ist er Anwalt und Rechtsprofessor geworden. Und das ist nicht verwunderlich. Auf dem Gebiet des Rechts des geistigen Eigentums hat er das perfekte Gleichgewicht zwischen Kreativit\u00e4t und Strenge gefunden. Nach dem Studium der Rechtswissenschaften in Genf vertiefte Daniel Kraus seine Kenntnisse im Europarecht und Wettbewerbsrecht in London (LL.M., King&#8217;s College). Nach seiner Anwaltspr\u00fcfung in Genf assistierte er Professor Ernst-Ulrich Petersmann an der Universit\u00e4t Genf im Europarecht und internationalen Wirtschaftsrecht. W\u00e4hrend dieser Zeit verfasste er auch seine Doktorarbeit \u00fcber Parallelimporte von patentierten Produkten, die mit summa cum laude bewertet wurde und f\u00fcr die er den Walther Hug Preis f\u00fcr die beste juristische Doktorarbeit erhielt. Nachdem er einige Jahre in einer auf gewerbliches Eigentum spezialisierten Anwaltskanzlei gearbeitet hatte, wechselte er nach Bern und arbeitete neun Jahre lang am Eidgen\u00f6ssischen Institut f\u00fcr Geistiges Eigentum als stellvertretender Leiter f\u00fcr internationale Angelegenheiten und sp\u00e4ter als Leiter der technischen Zusammenarbeit. Fasziniert von Forschung und Lehre [&hellip;]<\/p>\n","protected":false},"author":8,"featured_media":0,"parent":26502,"menu_order":0,"comment_status":"closed","ping_status":"closed","template":"","meta":{"footnotes":""},"translation":{"provider":"WPGlobus","version":"3.0.2","language":"de","enabled_languages":["fr","de","en","it"],"languages":{"fr":{"title":true,"content":true,"excerpt":false},"de":{"title":true,"content":true,"excerpt":false},"en":{"title":true,"content":true,"excerpt":false},"it":{"title":false,"content":false,"excerpt":false}}},"yoast_head":"<!-- This site is optimized with the Yoast SEO plugin v24.4 - https:\/\/yoast.com\/wordpress\/plugins\/seo\/ -->\n<title>Prof. Dr. Daniel Kraus - P&amp;TS AG<\/title>\n<meta name=\"robots\" content=\"index, follow, max-snippet:-1, max-image-preview:large, max-video-preview:-1\" \/>\n<link rel=\"canonical\" href=\"https:\/\/www.patentattorneys.ch\/equipe\/collaborateurs\/daniel-kraus\/\" \/>\n<meta property=\"og:locale\" content=\"de_DE\" \/>\n<meta property=\"og:type\" content=\"article\" \/>\n<meta property=\"og:title\" content=\"Prof. Dr. Daniel Kraus - P&amp;TS AG\" \/>\n<meta property=\"og:url\" content=\"https:\/\/www.patentattorneys.ch\/equipe\/collaborateurs\/daniel-kraus\/\" \/>\n<meta property=\"og:site_name\" content=\"P&amp;TS AG\" \/>\n<meta property=\"article:publisher\" content=\"https:\/\/www.facebook.com\/PTS.Ltd\/\" \/>\n<meta property=\"article:modified_time\" content=\"2025-06-06T16:27:47+00:00\" \/>\n<meta property=\"og:image\" content=\"https:\/\/www.patentattorneys.ch\/wp-content\/uploads\/2025\/06\/54516818996_7f4e9d2150_c-150x150.jpg\" \/>\n<meta name=\"twitter:card\" content=\"summary_large_image\" \/>\n<meta name=\"twitter:site\" content=\"@PTSSA\" \/>\n<meta name=\"twitter:label1\" content=\"Est. reading time\" \/>\n\t<meta name=\"twitter:data1\" content=\"4 minutes\" \/>\n<script type=\"application\/ld+json\" class=\"yoast-schema-graph\">{\"@context\":\"https:\/\/schema.org\",\"@graph\":[{\"@type\":\"WebPage\",\"@id\":\"https:\/\/www.patentattorneys.ch\/equipe\/collaborateurs\/daniel-kraus\/\",\"url\":\"https:\/\/www.patentattorneys.ch\/equipe\/collaborateurs\/daniel-kraus\/\",\"name\":\"Prof. Dr. Daniel Kraus - P&amp;TS AG\",\"isPartOf\":{\"@id\":\"https:\/\/www.patentattorneys.ch\/de\/#website\"},\"primaryImageOfPage\":{\"@id\":\"https:\/\/www.patentattorneys.ch\/equipe\/collaborateurs\/daniel-kraus\/#primaryimage\"},\"image\":{\"@id\":\"https:\/\/www.patentattorneys.ch\/equipe\/collaborateurs\/daniel-kraus\/#primaryimage\"},\"thumbnailUrl\":\"https:\/\/www.patentattorneys.ch\/wp-content\/uploads\/2025\/06\/54516818996_7f4e9d2150_c-150x150.jpg\",\"datePublished\":\"2024-04-22T16:08:16+00:00\",\"dateModified\":\"2025-06-06T16:27:47+00:00\",\"breadcrumb\":{\"@id\":\"https:\/\/www.patentattorneys.ch\/equipe\/collaborateurs\/daniel-kraus\/#breadcrumb\"},\"inLanguage\":\"de-DE\",\"potentialAction\":[{\"@type\":\"ReadAction\",\"target\":[\"https:\/\/www.patentattorneys.ch\/equipe\/collaborateurs\/daniel-kraus\/\"]}]},{\"@type\":\"ImageObject\",\"inLanguage\":\"de-DE\",\"@id\":\"https:\/\/www.patentattorneys.ch\/equipe\/collaborateurs\/daniel-kraus\/#primaryimage\",\"url\":\"https:\/\/www.patentattorneys.ch\/wp-content\/uploads\/2025\/06\/54516818996_7f4e9d2150_c-150x150.jpg\",\"contentUrl\":\"https:\/\/www.patentattorneys.ch\/wp-content\/uploads\/2025\/06\/54516818996_7f4e9d2150_c-150x150.jpg\"},{\"@type\":\"BreadcrumbList\",\"@id\":\"https:\/\/www.patentattorneys.ch\/equipe\/collaborateurs\/daniel-kraus\/#breadcrumb\",\"itemListElement\":[{\"@type\":\"ListItem\",\"position\":1,\"name\":\"Accueil\",\"item\":\"https:\/\/www.patentattorneys.ch\/\"},{\"@type\":\"ListItem\",\"position\":2,\"name\":\"Our team\",\"item\":\"https:\/\/www.patentattorneys.ch\/equipe\/\"},{\"@type\":\"ListItem\",\"position\":3,\"name\":\"Collaborateurs\",\"item\":\"https:\/\/www.patentattorneys.ch\/equipe\/collaborateurs\/\"},{\"@type\":\"ListItem\",\"position\":4,\"name\":\"Prof. Dr. Daniel Kraus\"}]},{\"@type\":\"WebSite\",\"@id\":\"https:\/\/www.patentattorneys.ch\/de\/#website\",\"url\":\"https:\/\/www.patentattorneys.ch\/de\/\",\"name\":\"P&amp;TS AG\",\"description\":\"Patentanw\u00e4lte\",\"publisher\":{\"@id\":\"https:\/\/www.patentattorneys.ch\/de\/#organization\"},\"potentialAction\":[{\"@type\":\"SearchAction\",\"target\":{\"@type\":\"EntryPoint\",\"urlTemplate\":\"https:\/\/www.patentattorneys.ch\/de\/?s={search_term_string}\"},\"query-input\":{\"@type\":\"PropertyValueSpecification\",\"valueRequired\":true,\"valueName\":\"search_term_string\"}}],\"inLanguage\":\"de-DE\"},{\"@type\":\"Organization\",\"@id\":\"https:\/\/www.patentattorneys.ch\/de\/#organization\",\"name\":\"P&TS SA\",\"url\":\"https:\/\/www.patentattorneys.ch\/de\/\",\"logo\":{\"@type\":\"ImageObject\",\"inLanguage\":\"de-DE\",\"@id\":\"https:\/\/www.patentattorneys.ch\/de\/#\/schema\/logo\/image\/\",\"url\":\"https:\/\/www.patentattorneys.ch\/wp-content\/uploads\/2016\/01\/PTS_Icon.jpg\",\"contentUrl\":\"https:\/\/www.patentattorneys.ch\/wp-content\/uploads\/2016\/01\/PTS_Icon.jpg\",\"width\":512,\"height\":512,\"caption\":\"P&TS SA\"},\"image\":{\"@id\":\"https:\/\/www.patentattorneys.ch\/de\/#\/schema\/logo\/image\/\"},\"sameAs\":[\"https:\/\/www.facebook.com\/PTS.Ltd\/\",\"https:\/\/x.com\/PTSSA\",\"https:\/\/www.linkedin.com\/company\/p&ts-sa\"]}]}<\/script>\n<!-- \/ Yoast SEO plugin. -->","yoast_head_json":{"title":"Prof. Dr. Daniel Kraus - P&amp;TS AG","robots":{"index":"index","follow":"follow","max-snippet":"max-snippet:-1","max-image-preview":"max-image-preview:large","max-video-preview":"max-video-preview:-1"},"canonical":"https:\/\/www.patentattorneys.ch\/equipe\/collaborateurs\/daniel-kraus\/","og_locale":"de_DE","og_type":"article","og_title":"Prof. Dr. Daniel Kraus - P&amp;TS AG","og_url":"https:\/\/www.patentattorneys.ch\/equipe\/collaborateurs\/daniel-kraus\/","og_site_name":"P&amp;TS AG","article_publisher":"https:\/\/www.facebook.com\/PTS.Ltd\/","article_modified_time":"2025-06-06T16:27:47+00:00","og_image":[{"url":"https:\/\/www.patentattorneys.ch\/wp-content\/uploads\/2025\/06\/54516818996_7f4e9d2150_c-150x150.jpg","type":"","width":"","height":""}],"twitter_card":"summary_large_image","twitter_site":"@PTSSA","twitter_misc":{"Est. reading time":"4 minutes"},"schema":{"@context":"https:\/\/schema.org","@graph":[{"@type":"WebPage","@id":"https:\/\/www.patentattorneys.ch\/equipe\/collaborateurs\/daniel-kraus\/","url":"https:\/\/www.patentattorneys.ch\/equipe\/collaborateurs\/daniel-kraus\/","name":"Prof. Dr. Daniel Kraus - P&amp;TS AG","isPartOf":{"@id":"https:\/\/www.patentattorneys.ch\/de\/#website"},"primaryImageOfPage":{"@id":"https:\/\/www.patentattorneys.ch\/equipe\/collaborateurs\/daniel-kraus\/#primaryimage"},"image":{"@id":"https:\/\/www.patentattorneys.ch\/equipe\/collaborateurs\/daniel-kraus\/#primaryimage"},"thumbnailUrl":"https:\/\/www.patentattorneys.ch\/wp-content\/uploads\/2025\/06\/54516818996_7f4e9d2150_c-150x150.jpg","datePublished":"2024-04-22T16:08:16+00:00","dateModified":"2025-06-06T16:27:47+00:00","breadcrumb":{"@id":"https:\/\/www.patentattorneys.ch\/equipe\/collaborateurs\/daniel-kraus\/#breadcrumb"},"inLanguage":"de-DE","potentialAction":[{"@type":"ReadAction","target":["https:\/\/www.patentattorneys.ch\/equipe\/collaborateurs\/daniel-kraus\/"]}]},{"@type":"ImageObject","inLanguage":"de-DE","@id":"https:\/\/www.patentattorneys.ch\/equipe\/collaborateurs\/daniel-kraus\/#primaryimage","url":"https:\/\/www.patentattorneys.ch\/wp-content\/uploads\/2025\/06\/54516818996_7f4e9d2150_c-150x150.jpg","contentUrl":"https:\/\/www.patentattorneys.ch\/wp-content\/uploads\/2025\/06\/54516818996_7f4e9d2150_c-150x150.jpg"},{"@type":"BreadcrumbList","@id":"https:\/\/www.patentattorneys.ch\/equipe\/collaborateurs\/daniel-kraus\/#breadcrumb","itemListElement":[{"@type":"ListItem","position":1,"name":"Accueil","item":"https:\/\/www.patentattorneys.ch\/"},{"@type":"ListItem","position":2,"name":"Our team","item":"https:\/\/www.patentattorneys.ch\/equipe\/"},{"@type":"ListItem","position":3,"name":"Collaborateurs","item":"https:\/\/www.patentattorneys.ch\/equipe\/collaborateurs\/"},{"@type":"ListItem","position":4,"name":"Prof. Dr. Daniel Kraus"}]},{"@type":"WebSite","@id":"https:\/\/www.patentattorneys.ch\/de\/#website","url":"https:\/\/www.patentattorneys.ch\/de\/","name":"P&amp;TS AG","description":"Patentanw\u00e4lte","publisher":{"@id":"https:\/\/www.patentattorneys.ch\/de\/#organization"},"potentialAction":[{"@type":"SearchAction","target":{"@type":"EntryPoint","urlTemplate":"https:\/\/www.patentattorneys.ch\/de\/?s={search_term_string}"},"query-input":{"@type":"PropertyValueSpecification","valueRequired":true,"valueName":"search_term_string"}}],"inLanguage":"de-DE"},{"@type":"Organization","@id":"https:\/\/www.patentattorneys.ch\/de\/#organization","name":"P&TS SA","url":"https:\/\/www.patentattorneys.ch\/de\/","logo":{"@type":"ImageObject","inLanguage":"de-DE","@id":"https:\/\/www.patentattorneys.ch\/de\/#\/schema\/logo\/image\/","url":"https:\/\/www.patentattorneys.ch\/wp-content\/uploads\/2016\/01\/PTS_Icon.jpg","contentUrl":"https:\/\/www.patentattorneys.ch\/wp-content\/uploads\/2016\/01\/PTS_Icon.jpg","width":512,"height":512,"caption":"P&TS SA"},"image":{"@id":"https:\/\/www.patentattorneys.ch\/de\/#\/schema\/logo\/image\/"},"sameAs":["https:\/\/www.facebook.com\/PTS.Ltd\/","https:\/\/x.com\/PTSSA","https:\/\/www.linkedin.com\/company\/p&ts-sa"]}]}},"_links":{"self":[{"href":"https:\/\/www.patentattorneys.ch\/de\/wp-json\/wp\/v2\/pages\/33607"}],"collection":[{"href":"https:\/\/www.patentattorneys.ch\/de\/wp-json\/wp\/v2\/pages"}],"about":[{"href":"https:\/\/www.patentattorneys.ch\/de\/wp-json\/wp\/v2\/types\/page"}],"author":[{"embeddable":true,"href":"https:\/\/www.patentattorneys.ch\/de\/wp-json\/wp\/v2\/users\/8"}],"replies":[{"embeddable":true,"href":"https:\/\/www.patentattorneys.ch\/de\/wp-json\/wp\/v2\/comments?post=33607"}],"version-history":[{"count":13,"href":"https:\/\/www.patentattorneys.ch\/de\/wp-json\/wp\/v2\/pages\/33607\/revisions"}],"predecessor-version":[{"id":34729,"href":"https:\/\/www.patentattorneys.ch\/de\/wp-json\/wp\/v2\/pages\/33607\/revisions\/34729"}],"up":[{"embeddable":true,"href":"https:\/\/www.patentattorneys.ch\/de\/wp-json\/wp\/v2\/pages\/26502"}],"wp:attachment":[{"href":"https:\/\/www.patentattorneys.ch\/de\/wp-json\/wp\/v2\/media?parent=33607"}],"curies":[{"name":"wp","href":"https:\/\/api.w.org\/{rel}","templated":true}]}}