

{"id":34530,"date":"2025-04-25T12:41:35","date_gmt":"2025-04-25T11:41:35","guid":{"rendered":"https:\/\/www.patentattorneys.ch\/?page_id=34530"},"modified":"2025-06-30T20:37:42","modified_gmt":"2025-06-30T19:37:42","slug":"veilles","status":"publish","type":"page","link":"https:\/\/www.patentattorneys.ch\/de\/dienstleitungen\/patente\/monitoring\/","title":{"rendered":"Monitoring"},"content":{"rendered":"<div class=\"wpb-content-wrapper\"><p>[vc_row type=&#8221;full_width_section&#8221;][vc_column width=&#8221;1\/1&#8243;]<div class=\"imagebox wpb_content_element style-1\"><div class=\"imagebox-img\"><img decoding=\"async\" src=\"https:\/\/www.patentattorneys.ch\/wp-content\/uploads\/2022\/04\/brevets_banner.jpg\" alt=\"Recherche de brevets - Patentrecherche - Patent search\" \/><\/div><\/div>[\/vc_column][\/vc_row][vc_row][vc_column width=&#8221;1\/1&#8243;]<style>#breadcrumb-69e20b066af1e li::after { content: \"\u00bb\" }<\/style><div class=\"\"><ol class=\"wwp-vc-breadcrumbs \" id=\"breadcrumb-69e20b066af1e\"><li class=\"visited\"><a href=\"\/\">Home<\/a><\/li><li class=\"visited\"><a href=\"https:\/\/www.patentattorneys.ch\/de\/dienstleitungen\/\">{:fr}Services{:}{:de}Dienstleitungen{:}{:en}Our services{:}<\/a><\/li><li class=\"visited\"><a href=\"https:\/\/www.patentattorneys.ch\/de\/dienstleitungen\/patente\/\">{:fr}Brevets{:}{:de}Patente{:}{:en}Patents{:}<\/a><\/li><li class=\"current\"><span>Monitoring<\/span><\/li><\/ol><\/div>[\/vc_column][\/vc_row][vc_row bg_image=&#8221;15893&#8243;][vc_column animation=&#8221;fade-in-from-left&#8221; width=&#8221;2\/3&#8243;]<div class=\"spacer\" style=\"height: 40px;\"><\/div>[vc_column_text]<\/p>\n<h1>Monitoring<\/h1>\n<p>Monitoring ist ein systematischer Prozess der Sammlung, Analyse und \u00dcberwachung relevanter und strategischer Informationen in Bezug auf Patente, Technologien, geistiges Eigentum oder Entwicklungen von Wettbewerbern. Ziel der \u00dcberwachung ist es, das Risiko zu vermeiden, von Patenten Dritter \u00fcberrascht zu werden, und den Unternehmen zu helfen, ihre Wettbewerbsf\u00e4higkeit durch die Nutzung der gesammelten Informationen zu verbessern.<\/p>\n<p>Die Ergebnisse des Monitorings werden monatlich \u00fcber einen Newsletter und auf einer sicheren Plattform \u00fcbermittelt.[\/vc_column_text][vc_tabs][vc_tab title=&#8221;Technologiebeobachtung&#8221; tab_id=&#8221;1628594471682-7-3&#8243;][vc_column_text]<\/p>\n<h4>Technologiebeobachtung<\/h4>\n<p>Technologiebeobachtung erm\u00f6glicht es, die Patente und wissenschaftlichen Ver\u00f6ffentlichungen Ihrer Konkurrenten und in Ihrem T\u00e4tigkeitsbereich zu \u00fcberwachen. Sie reduziert das Risiko, Patente von Wettbewerbern zu verletzen, und erm\u00f6glicht es Ihnen, technologische Entwicklungen, die sich auf die Wettbewerbssituation in Ihrem Bereich oder auf Ihre Handlungsfreiheit auswirken k\u00f6nnen, monatlich zu \u00fcberwachen.[\/vc_column_text][\/vc_tab][vc_tab title=&#8221;Konkurrenzbeobachtung&#8221; tab_id=&#8221;c9c08126-3851-8&#8243;][vc_column_text]<\/p>\n<h4>Konkurrenzbeobachtung<\/h4>\n<p>Die Beobachtung der Konkurrenz erm\u00f6glicht es Ihnen, die Patente Ihrer Wettbewerber, aber auch ihre wissenschaftlichen Ver\u00f6ffentlichungen sowie die relevanten Informationen, die jeden Monat in den Nachrichten oder auf Webseiten ver\u00f6ffentlicht werden, zu \u00fcberwachen. Neben Patent- und Freedom-to-Operate-Informationen enth\u00e4lt sie beispielsweise auch Informationen \u00fcber die Gesch\u00e4ftsstrategien Ihrer Wettbewerber und neue Produkteinf\u00fchrungen.[\/vc_column_text][\/vc_tab][vc_tab title=&#8221;REGULATORISCHE \u00dcBERWACHUNG&#8221; tab_id=&#8221;1453669696668-1-8&#8243;][vc_column_text]<\/p>\n<h4>Regulatorische \u00dcberwachung<\/h4>\n<p>Regulatorische \u00dcberwachung ist ein Prozess der kontinuierlichen \u00dcberwachung von gesetzlichen und regulatorischen Entwicklungen, die f\u00fcr ein bestimmtes Unternehmen oder eine bestimmte Branche relevant sind. Durch die Identifizierung von \u00c4nderungen von Standards oder Gesetzen in einem Bereich zielt es darauf ab, die Einhaltung von Gesetzen sicherzustellen, gesetzliche \u00c4nderungen zu antizipieren und rechtliche Risiken zu minimieren und gleichzeitig Chancen im Zusammenhang mit neuen Vorschriften zu identifizieren.[\/vc_column_text][\/vc_tab][vc_tab title=&#8221;RECHTLICHE \u00dcBERWACHUNG&#8221; tab_id=&#8221;1456135430270-2-4&#8243;][vc_column_text]<\/p>\n<h4>Rechtliche \u00dcberwachung<\/h4>\n<p>Die rechtliche \u00dcberwachung erm\u00f6glicht es Ihnen, die Entwicklung des rechtlichen Status von zuvor identifizierten Patenten oder Patentanmeldungen zu \u00fcberwachen \u2013 zum Beispiel die Patente Ihrer Wettbewerber. Sie erm\u00f6glicht es, die Erteilung eines gef\u00e4hrlichen Patents fr\u00fchzeitig zu erkennen und rechtzeitig Ma\u00dfnahmen zur Risikominderung zu ergreifen, z. B. durch Einspruch, Einwendungen Dritter oder andere geeignete Ma\u00dfnahmen.[\/vc_column_text][\/vc_tab][\/vc_tabs][\/vc_column][vc_column animation=&#8221;fade-in-from-bottom&#8221; width=&#8221;1\/3&#8243;]<div class=\"spacer\" style=\"height: 40px;\"><\/div>[vc_column_text]<\/p>\n<h3>KONTAKT<\/h3>\n<p>[\/vc_column_text]<div class=\"member wpb_content_element test\"><div class=\"member-img\"><a href='https:\/\/www.patentattorneys.ch\/de\/unser-team\/mitarbeiter\/emmanuelle-bourbon\/'><img decoding=\"async\" src=\"https:\/\/www.patentattorneys.ch\/wp-content\/uploads\/2020\/10\/schreyer_2003423.jpg\" alt=\"Emanuelle Bourbon\" \/><\/a><\/div><h4><a href='https:\/\/www.patentattorneys.ch\/de\/unser-team\/mitarbeiter\/emmanuelle-bourbon\/'>Emmanuelle Bourbon<\/a><\/h4><div class=\"member-role\">Patent Information Analyst<\/div><div class=\"member-content\"><p><\/p><\/div><\/div><div class=\"newdivider align-center\" style=\"border-bottom-style: solid; border-color: #b7b7b7; border-bottom-width: 1px; margin-top: 0; margin-bottom: 20px; width: 100%; \"><\/div><div class=\"clear\"><\/div>[\/vc_column][\/vc_row]<\/p>\n<\/div>","protected":false},"excerpt":{"rendered":"<p>[vc_row type=&#8221;full_width_section&#8221;][vc_column width=&#8221;1\/1&#8243;][\/vc_column][\/vc_row][vc_row][vc_column width=&#8221;1\/1&#8243;][\/vc_column][\/vc_row][vc_row bg_image=&#8221;15893&#8243;][vc_column animation=&#8221;fade-in-from-left&#8221; width=&#8221;2\/3&#8243;][vc_column_text] Monitoring Monitoring ist ein systematischer Prozess der Sammlung, Analyse und \u00dcberwachung relevanter und strategischer Informationen in Bezug auf Patente, Technologien, geistiges Eigentum oder Entwicklungen von Wettbewerbern. Ziel der \u00dcberwachung ist es, das Risiko zu vermeiden, von Patenten Dritter \u00fcberrascht zu werden, und den Unternehmen zu helfen, ihre Wettbewerbsf\u00e4higkeit durch die Nutzung der gesammelten Informationen zu verbessern. Die Ergebnisse des Monitorings werden monatlich \u00fcber einen Newsletter und auf einer sicheren Plattform \u00fcbermittelt.[\/vc_column_text][vc_tabs][vc_tab title=&#8221;Technologiebeobachtung&#8221; tab_id=&#8221;1628594471682-7-3&#8243;][vc_column_text] Technologiebeobachtung Technologiebeobachtung erm\u00f6glicht es, die Patente und wissenschaftlichen Ver\u00f6ffentlichungen Ihrer Konkurrenten und in Ihrem T\u00e4tigkeitsbereich zu \u00fcberwachen. Sie reduziert das Risiko, Patente von Wettbewerbern zu verletzen, und erm\u00f6glicht es Ihnen, technologische Entwicklungen, die sich auf die Wettbewerbssituation in Ihrem Bereich oder auf Ihre Handlungsfreiheit auswirken k\u00f6nnen, monatlich zu \u00fcberwachen.[\/vc_column_text][\/vc_tab][vc_tab title=&#8221;Konkurrenzbeobachtung&#8221; tab_id=&#8221;c9c08126-3851-8&#8243;][vc_column_text] Konkurrenzbeobachtung Die Beobachtung der Konkurrenz erm\u00f6glicht es Ihnen, die Patente Ihrer Wettbewerber, aber auch ihre wissenschaftlichen Ver\u00f6ffentlichungen sowie die relevanten Informationen, die jeden Monat in den Nachrichten oder auf Webseiten ver\u00f6ffentlicht werden, zu \u00fcberwachen. Neben Patent- und Freedom-to-Operate-Informationen enth\u00e4lt sie beispielsweise auch Informationen \u00fcber die Gesch\u00e4ftsstrategien Ihrer Wettbewerber und neue Produkteinf\u00fchrungen.[\/vc_column_text][\/vc_tab][vc_tab title=&#8221;REGULATORISCHE \u00dcBERWACHUNG&#8221; tab_id=&#8221;1453669696668-1-8&#8243;][vc_column_text] Regulatorische \u00dcberwachung Regulatorische \u00dcberwachung ist ein Prozess der kontinuierlichen \u00dcberwachung von gesetzlichen und regulatorischen Entwicklungen, [&hellip;]<\/p>\n","protected":false},"author":9,"featured_media":0,"parent":15785,"menu_order":0,"comment_status":"closed","ping_status":"closed","template":"","meta":{"footnotes":""},"translation":{"provider":"WPGlobus","version":"3.0.2","language":"de","enabled_languages":["fr","de","en","it"],"languages":{"fr":{"title":true,"content":true,"excerpt":false},"de":{"title":true,"content":true,"excerpt":false},"en":{"title":true,"content":true,"excerpt":false},"it":{"title":false,"content":false,"excerpt":false}}},"yoast_head":"<!-- This site is optimized with the Yoast SEO plugin v24.4 - https:\/\/yoast.com\/wordpress\/plugins\/seo\/ -->\n<title>Recherche de brevets<\/title>\n<meta name=\"robots\" content=\"index, follow, max-snippet:-1, max-image-preview:large, max-video-preview:-1\" \/>\n<link rel=\"canonical\" href=\"https:\/\/www.patentattorneys.ch\/nos-services\/brevets\/veilles\/\" \/>\n<meta property=\"og:locale\" content=\"de_DE\" \/>\n<meta property=\"og:type\" content=\"article\" \/>\n<meta property=\"og:title\" content=\"Monitoring - P&amp;TS AG\" \/>\n<meta property=\"og:url\" content=\"https:\/\/www.patentattorneys.ch\/nos-services\/brevets\/veilles\/\" \/>\n<meta property=\"og:site_name\" content=\"P&amp;TS AG\" \/>\n<meta property=\"article:publisher\" content=\"https:\/\/www.facebook.com\/PTS.Ltd\/\" \/>\n<meta property=\"article:modified_time\" content=\"2025-06-30T19:37:42+00:00\" \/>\n<meta name=\"twitter:card\" content=\"summary_large_image\" \/>\n<meta name=\"twitter:site\" content=\"@PTSSA\" \/>\n<meta name=\"twitter:label1\" content=\"Est. reading time\" \/>\n\t<meta name=\"twitter:data1\" content=\"3 minutes\" \/>\n<script type=\"application\/ld+json\" class=\"yoast-schema-graph\">{\"@context\":\"https:\/\/schema.org\",\"@graph\":[{\"@type\":\"WebPage\",\"@id\":\"https:\/\/www.patentattorneys.ch\/nos-services\/brevets\/veilles\/\",\"url\":\"https:\/\/www.patentattorneys.ch\/nos-services\/brevets\/veilles\/\",\"name\":\"Recherche de brevets\",\"isPartOf\":{\"@id\":\"https:\/\/www.patentattorneys.ch\/de\/#website\"},\"datePublished\":\"2025-04-25T11:41:35+00:00\",\"dateModified\":\"2025-06-30T19:37:42+00:00\",\"description\":\"Recherche de brevets: \u00e9tude de brevetabilit\u00e9; \u00e9tude de libert\u00e9 d'exploitation; recherche pour opposition; validit\u00e9 des brevets.\",\"breadcrumb\":{\"@id\":\"https:\/\/www.patentattorneys.ch\/nos-services\/brevets\/veilles\/#breadcrumb\"},\"inLanguage\":\"de-DE\",\"potentialAction\":[{\"@type\":\"ReadAction\",\"target\":[\"https:\/\/www.patentattorneys.ch\/nos-services\/brevets\/veilles\/\"]}]},{\"@type\":\"BreadcrumbList\",\"@id\":\"https:\/\/www.patentattorneys.ch\/nos-services\/brevets\/veilles\/#breadcrumb\",\"itemListElement\":[{\"@type\":\"ListItem\",\"position\":1,\"name\":\"Accueil\",\"item\":\"https:\/\/www.patentattorneys.ch\/\"},{\"@type\":\"ListItem\",\"position\":2,\"name\":\"Our services\",\"item\":\"https:\/\/www.patentattorneys.ch\/nos-services\/\"},{\"@type\":\"ListItem\",\"position\":3,\"name\":\"Patents\",\"item\":\"https:\/\/www.patentattorneys.ch\/nos-services\/brevets\/\"},{\"@type\":\"ListItem\",\"position\":4,\"name\":\"Watches\"}]},{\"@type\":\"WebSite\",\"@id\":\"https:\/\/www.patentattorneys.ch\/de\/#website\",\"url\":\"https:\/\/www.patentattorneys.ch\/de\/\",\"name\":\"P&amp;TS AG\",\"description\":\"Patentanw\u00e4lte\",\"publisher\":{\"@id\":\"https:\/\/www.patentattorneys.ch\/de\/#organization\"},\"potentialAction\":[{\"@type\":\"SearchAction\",\"target\":{\"@type\":\"EntryPoint\",\"urlTemplate\":\"https:\/\/www.patentattorneys.ch\/de\/?s={search_term_string}\"},\"query-input\":{\"@type\":\"PropertyValueSpecification\",\"valueRequired\":true,\"valueName\":\"search_term_string\"}}],\"inLanguage\":\"de-DE\"},{\"@type\":\"Organization\",\"@id\":\"https:\/\/www.patentattorneys.ch\/de\/#organization\",\"name\":\"P&TS SA\",\"url\":\"https:\/\/www.patentattorneys.ch\/de\/\",\"logo\":{\"@type\":\"ImageObject\",\"inLanguage\":\"de-DE\",\"@id\":\"https:\/\/www.patentattorneys.ch\/de\/#\/schema\/logo\/image\/\",\"url\":\"https:\/\/www.patentattorneys.ch\/wp-content\/uploads\/2016\/01\/PTS_Icon.jpg\",\"contentUrl\":\"https:\/\/www.patentattorneys.ch\/wp-content\/uploads\/2016\/01\/PTS_Icon.jpg\",\"width\":512,\"height\":512,\"caption\":\"P&TS SA\"},\"image\":{\"@id\":\"https:\/\/www.patentattorneys.ch\/de\/#\/schema\/logo\/image\/\"},\"sameAs\":[\"https:\/\/www.facebook.com\/PTS.Ltd\/\",\"https:\/\/x.com\/PTSSA\",\"https:\/\/www.linkedin.com\/company\/p&ts-sa\"]}]}<\/script>\n<!-- \/ Yoast SEO plugin. -->","yoast_head_json":{"title":"Recherche de brevets","robots":{"index":"index","follow":"follow","max-snippet":"max-snippet:-1","max-image-preview":"max-image-preview:large","max-video-preview":"max-video-preview:-1"},"canonical":"https:\/\/www.patentattorneys.ch\/nos-services\/brevets\/veilles\/","og_locale":"de_DE","og_type":"article","og_title":"Monitoring - P&amp;TS AG","og_url":"https:\/\/www.patentattorneys.ch\/nos-services\/brevets\/veilles\/","og_site_name":"P&amp;TS AG","article_publisher":"https:\/\/www.facebook.com\/PTS.Ltd\/","article_modified_time":"2025-06-30T19:37:42+00:00","twitter_card":"summary_large_image","twitter_site":"@PTSSA","twitter_misc":{"Est. reading time":"3 minutes"},"schema":{"@context":"https:\/\/schema.org","@graph":[{"@type":"WebPage","@id":"https:\/\/www.patentattorneys.ch\/nos-services\/brevets\/veilles\/","url":"https:\/\/www.patentattorneys.ch\/nos-services\/brevets\/veilles\/","name":"Recherche de brevets","isPartOf":{"@id":"https:\/\/www.patentattorneys.ch\/de\/#website"},"datePublished":"2025-04-25T11:41:35+00:00","dateModified":"2025-06-30T19:37:42+00:00","description":"Recherche de brevets: \u00e9tude de brevetabilit\u00e9; \u00e9tude de libert\u00e9 d'exploitation; recherche pour opposition; validit\u00e9 des brevets.","breadcrumb":{"@id":"https:\/\/www.patentattorneys.ch\/nos-services\/brevets\/veilles\/#breadcrumb"},"inLanguage":"de-DE","potentialAction":[{"@type":"ReadAction","target":["https:\/\/www.patentattorneys.ch\/nos-services\/brevets\/veilles\/"]}]},{"@type":"BreadcrumbList","@id":"https:\/\/www.patentattorneys.ch\/nos-services\/brevets\/veilles\/#breadcrumb","itemListElement":[{"@type":"ListItem","position":1,"name":"Accueil","item":"https:\/\/www.patentattorneys.ch\/"},{"@type":"ListItem","position":2,"name":"Our services","item":"https:\/\/www.patentattorneys.ch\/nos-services\/"},{"@type":"ListItem","position":3,"name":"Patents","item":"https:\/\/www.patentattorneys.ch\/nos-services\/brevets\/"},{"@type":"ListItem","position":4,"name":"Watches"}]},{"@type":"WebSite","@id":"https:\/\/www.patentattorneys.ch\/de\/#website","url":"https:\/\/www.patentattorneys.ch\/de\/","name":"P&amp;TS AG","description":"Patentanw\u00e4lte","publisher":{"@id":"https:\/\/www.patentattorneys.ch\/de\/#organization"},"potentialAction":[{"@type":"SearchAction","target":{"@type":"EntryPoint","urlTemplate":"https:\/\/www.patentattorneys.ch\/de\/?s={search_term_string}"},"query-input":{"@type":"PropertyValueSpecification","valueRequired":true,"valueName":"search_term_string"}}],"inLanguage":"de-DE"},{"@type":"Organization","@id":"https:\/\/www.patentattorneys.ch\/de\/#organization","name":"P&TS SA","url":"https:\/\/www.patentattorneys.ch\/de\/","logo":{"@type":"ImageObject","inLanguage":"de-DE","@id":"https:\/\/www.patentattorneys.ch\/de\/#\/schema\/logo\/image\/","url":"https:\/\/www.patentattorneys.ch\/wp-content\/uploads\/2016\/01\/PTS_Icon.jpg","contentUrl":"https:\/\/www.patentattorneys.ch\/wp-content\/uploads\/2016\/01\/PTS_Icon.jpg","width":512,"height":512,"caption":"P&TS SA"},"image":{"@id":"https:\/\/www.patentattorneys.ch\/de\/#\/schema\/logo\/image\/"},"sameAs":["https:\/\/www.facebook.com\/PTS.Ltd\/","https:\/\/x.com\/PTSSA","https:\/\/www.linkedin.com\/company\/p&ts-sa"]}]}},"_links":{"self":[{"href":"https:\/\/www.patentattorneys.ch\/de\/wp-json\/wp\/v2\/pages\/34530"}],"collection":[{"href":"https:\/\/www.patentattorneys.ch\/de\/wp-json\/wp\/v2\/pages"}],"about":[{"href":"https:\/\/www.patentattorneys.ch\/de\/wp-json\/wp\/v2\/types\/page"}],"author":[{"embeddable":true,"href":"https:\/\/www.patentattorneys.ch\/de\/wp-json\/wp\/v2\/users\/9"}],"replies":[{"embeddable":true,"href":"https:\/\/www.patentattorneys.ch\/de\/wp-json\/wp\/v2\/comments?post=34530"}],"version-history":[{"count":9,"href":"https:\/\/www.patentattorneys.ch\/de\/wp-json\/wp\/v2\/pages\/34530\/revisions"}],"predecessor-version":[{"id":35310,"href":"https:\/\/www.patentattorneys.ch\/de\/wp-json\/wp\/v2\/pages\/34530\/revisions\/35310"}],"up":[{"embeddable":true,"href":"https:\/\/www.patentattorneys.ch\/de\/wp-json\/wp\/v2\/pages\/15785"}],"wp:attachment":[{"href":"https:\/\/www.patentattorneys.ch\/de\/wp-json\/wp\/v2\/media?parent=34530"}],"curies":[{"name":"wp","href":"https:\/\/api.w.org\/{rel}","templated":true}]}}