

{"id":35860,"date":"2026-04-14T08:21:11","date_gmt":"2026-04-14T07:21:11","guid":{"rendered":"https:\/\/www.patentattorneys.ch\/?page_id=35860"},"modified":"2026-04-14T13:01:26","modified_gmt":"2026-04-14T12:01:26","slug":"anne-kristine-kjelsen","status":"publish","type":"page","link":"https:\/\/www.patentattorneys.ch\/de\/unser-team\/mitarbeiter\/anne-kristine-kjelsen\/","title":{"rendered":"Anne-Kristine Kjelsen"},"content":{"rendered":"<div class=\"wpb-content-wrapper\"><p>[vc_row bg_color=&#8221;#6d787e&#8221; class=&#8221;display-flex&#8221;][vc_column text_color=&#8221;light&#8221; width=&#8221;1\/1&#8243;][vc_row_inner][vc_column_inner width=&#8221;1\/4&#8243;]<div class=\"single_image wpb_content_element align-left   \" data-animation=\"none\" data-delay=\"0\"><\/div>[\/vc_column_inner][vc_column_inner width=&#8221;3\/4&#8243;][vc_column_text]<\/p>\n<h2><em>\u00abIch verbinde die Strenge des gewerblichen Rechtsschutzes und der Patentformalit\u00e4ten mit Unternehmensanalyse und strategischer Weitsicht, um die Gesch\u00e4ftsf\u00fchrung mit datengest\u00fctzten Erkenntnissen zu st\u00e4rken und die operative Widerstandsf\u00e4higkeit zu f\u00f6rdern.\u00bb<\/em><\/h2>\n<p>[\/vc_column_text][\/vc_column_inner][\/vc_row_inner][\/vc_column][\/vc_row][vc_row][vc_column width=&#8221;1\/1&#8243;]<style>#breadcrumb-69e22edd035e2 li::after { content: \"\u00bb\" }<\/style><div class=\"\"><ol class=\"wwp-vc-breadcrumbs \" id=\"breadcrumb-69e22edd035e2\"><li class=\"visited\"><a href=\"\/\">Home<\/a><\/li><li class=\"visited\"><a href=\"https:\/\/www.patentattorneys.ch\/de\/unser-team\/\">{:fr}\u00c9quipe{:}{:de}Unser Team{:}{:en}Our team{:}<\/a><\/li><li class=\"visited\"><a href=\"https:\/\/www.patentattorneys.ch\/de\/unser-team\/mitarbeiter\/\">{:fr}Collaborateurs{:}{:de}Mitarbeiter{:}{:en}Employees{:}<\/a><\/li><li class=\"current\"><span>Anne-Kristine Kjelsen<\/span><\/li><\/ol><\/div><div class=\"spacer\" style=\"height: 40px;\"><\/div>[\/vc_column][\/vc_row][vc_row][vc_column width=&#8221;1\/4&#8243;][vc_column_text]<\/p>\n<h3>Anne-Kristine Kjelsen<\/h3>\n<h5>Patent Formalities Officer \/ Executive Assistant<\/h5>\n<h5><\/h5>\n<p>[\/vc_column_text]<div class=\"divider divider1\" style='margin:40px 0 40px 0 !important;'><\/div>[\/vc_column][vc_column width=&#8221;3\/4&#8243;][vc_tabs interval=&#8221;0&#8243;][vc_tab title=&#8221;Biographie&#8221; tab_id=&#8221;dab1363f-82ab-9&#8243;][vc_column_text]Sprachen: Franz\u00f6sisch, Englisch und Deutsch.[\/vc_column_text][vc_column_text]Ich freue mich sehr, in den P&amp;TS-\u00d6kosystem zur\u00fcckzukehren und bringe eine Karriere mit, die von einem tiefen Engagement f\u00fcr den geistigen Eigentumsschutz und Begeisterung f\u00fcr operative und organisatorische Exzellenz gepr\u00e4gt ist. Nach den ersten zwei Jahrzehnten meiner Karriere, welche ich der Verwaltung internationaler IP-Portfolios in der Schweiz widmete, wechselte ich den Fokus, um meine Wirkung durch kommerzielle Operationen und Datenstrategien in einem irischen Kontext zu erweitern. Dabei unterst\u00fctzte ich die Gesch\u00e4ftsf\u00fchrung insbesondere dabei, den Nettogewinn durch rigorose Prozessoptimierung und datengesteuerte Sch\u00e4tzungen zu verf\u00fcnffachen. Im Jahr 2025 habe ich diese Entwicklung durch den Abschluss eines Graduiertendiploms mit Auszeichnung in Management &amp; Business Analytics an der Dublin City University formalisiert und mir fortgeschrittene Kompetenzen in KI-Strategie, pr\u00e4diktiver Modellierung und Daten-Governance angeeignet.<\/p>\n<p>In meiner neuen Rolle bei P&amp;TS liegt mein Fokus darauf, die L\u00fccke zwischen dem traditionellen IP-Management \u2013 was nach wie vor meine Leidenschaft ist \u2013 und der modernen Entscheidungsfindung auf F\u00fchrungsebene zu \u00fcberbr\u00fccken. Als strategischer Partner des CEOs nutze ich datengest\u00fctzte Weitsicht und strukturelle Planung, um Managemententscheidungen zu unterst\u00fctzen. Mein Ziel ist es sicherzustellen, dass unsere Funktion ein dynamischer Treiber von Gesch\u00e4ftswert f\u00fcr unsere Kunden ist.<\/p>\n<p>Meine berufliche Laufbahn basiert auf einem starken Fundament in Diplomatie und Konfliktl\u00f6sung. Ich diene als Schweiz Honorarkonsul im S\u00fcdwesten Irlands und als Friedenskommissar beim irischen Justizministerium. Zudem bin ich als zertifizierte irische und internationale Mediatorin t\u00e4tig und war fr\u00fcher aktiver Freiwilliger bei der irischen K\u00fcstenwache. Diese Rollen haben meine F\u00e4higkeit verfeinert, komplexe Stakeholder-Umgebungen mit diplomatischer Strenge und Widerstandsf\u00e4higkeit zu navigieren.<\/p>\n<p>Ich spreche fliessend Englisch, Franz\u00f6sisch und Deutsch sowie Schweizerdeutsch. Ich gedeihe in interkulturellen Umfeldern und freue mich darauf, zum weiteren Erfolg von P&amp;TS beizutragen.[\/vc_column_text][\/vc_tab][\/vc_tabs][\/vc_column][\/vc_row]<\/p>\n<\/div>","protected":false},"excerpt":{"rendered":"<p>[vc_row bg_color=&#8221;#6d787e&#8221; class=&#8221;display-flex&#8221;][vc_column text_color=&#8221;light&#8221; width=&#8221;1\/1&#8243;][vc_row_inner][vc_column_inner width=&#8221;1\/4&#8243;][\/vc_column_inner][vc_column_inner width=&#8221;3\/4&#8243;][vc_column_text] \u00abIch verbinde die Strenge des gewerblichen Rechtsschutzes und der Patentformalit\u00e4ten mit Unternehmensanalyse und strategischer Weitsicht, um die Gesch\u00e4ftsf\u00fchrung mit datengest\u00fctzten Erkenntnissen zu st\u00e4rken und die operative Widerstandsf\u00e4higkeit zu f\u00f6rdern.\u00bb [\/vc_column_text][\/vc_column_inner][\/vc_row_inner][\/vc_column][\/vc_row][vc_row][vc_column width=&#8221;1\/1&#8243;][\/vc_column][\/vc_row][vc_row][vc_column width=&#8221;1\/4&#8243;][vc_column_text] Anne-Kristine Kjelsen Patent Formalities Officer \/ Executive Assistant [\/vc_column_text][\/vc_column][vc_column width=&#8221;3\/4&#8243;][vc_tabs interval=&#8221;0&#8243;][vc_tab title=&#8221;Biographie&#8221; tab_id=&#8221;dab1363f-82ab-9&#8243;][vc_column_text]Sprachen: Franz\u00f6sisch, Englisch und Deutsch.[\/vc_column_text][vc_column_text]Ich freue mich sehr, in den P&amp;TS-\u00d6kosystem zur\u00fcckzukehren und bringe eine Karriere mit, die von einem tiefen Engagement f\u00fcr den geistigen Eigentumsschutz und Begeisterung f\u00fcr operative und organisatorische Exzellenz gepr\u00e4gt ist. Nach den ersten zwei Jahrzehnten meiner Karriere, welche ich der Verwaltung internationaler IP-Portfolios in der Schweiz widmete, wechselte ich den Fokus, um meine Wirkung durch kommerzielle Operationen und Datenstrategien in einem irischen Kontext zu erweitern. Dabei unterst\u00fctzte ich die Gesch\u00e4ftsf\u00fchrung insbesondere dabei, den Nettogewinn durch rigorose Prozessoptimierung und datengesteuerte Sch\u00e4tzungen zu verf\u00fcnffachen. Im Jahr 2025 habe ich diese Entwicklung durch den Abschluss eines Graduiertendiploms mit Auszeichnung in Management &amp; Business Analytics an der Dublin City University formalisiert und mir fortgeschrittene Kompetenzen in KI-Strategie, pr\u00e4diktiver Modellierung und Daten-Governance angeeignet. In meiner neuen Rolle bei P&amp;TS liegt mein Fokus darauf, die L\u00fccke zwischen dem traditionellen IP-Management \u2013 was nach wie vor meine Leidenschaft ist \u2013 und [&hellip;]<\/p>\n","protected":false},"author":9,"featured_media":0,"parent":26502,"menu_order":0,"comment_status":"closed","ping_status":"closed","template":"","meta":{"footnotes":""},"translation":{"provider":"WPGlobus","version":"3.0.2","language":"de","enabled_languages":["fr","de","en","it"],"languages":{"fr":{"title":true,"content":true,"excerpt":false},"de":{"title":true,"content":true,"excerpt":false},"en":{"title":true,"content":true,"excerpt":false},"it":{"title":false,"content":false,"excerpt":false}}},"yoast_head":"<!-- This site is optimized with the Yoast SEO plugin v24.4 - https:\/\/yoast.com\/wordpress\/plugins\/seo\/ -->\n<title>Anne-Kristine Kjelsen - P&amp;TS AG<\/title>\n<meta name=\"robots\" content=\"index, follow, max-snippet:-1, max-image-preview:large, max-video-preview:-1\" \/>\n<link rel=\"canonical\" href=\"https:\/\/www.patentattorneys.ch\/equipe\/collaborateurs\/anne-kristine-kjelsen\/\" \/>\n<meta property=\"og:locale\" content=\"de_DE\" \/>\n<meta property=\"og:type\" content=\"article\" \/>\n<meta property=\"og:title\" content=\"Anne-Kristine Kjelsen - P&amp;TS AG\" \/>\n<meta property=\"og:url\" content=\"https:\/\/www.patentattorneys.ch\/equipe\/collaborateurs\/anne-kristine-kjelsen\/\" \/>\n<meta property=\"og:site_name\" content=\"P&amp;TS AG\" \/>\n<meta property=\"article:publisher\" content=\"https:\/\/www.facebook.com\/PTS.Ltd\/\" \/>\n<meta property=\"article:modified_time\" content=\"2026-04-14T12:01:26+00:00\" \/>\n<meta name=\"twitter:card\" content=\"summary_large_image\" \/>\n<meta name=\"twitter:site\" content=\"@PTSSA\" \/>\n<meta name=\"twitter:label1\" content=\"Est. reading time\" \/>\n\t<meta name=\"twitter:data1\" content=\"2 minutes\" \/>\n<script type=\"application\/ld+json\" class=\"yoast-schema-graph\">{\"@context\":\"https:\/\/schema.org\",\"@graph\":[{\"@type\":\"WebPage\",\"@id\":\"https:\/\/www.patentattorneys.ch\/equipe\/collaborateurs\/anne-kristine-kjelsen\/\",\"url\":\"https:\/\/www.patentattorneys.ch\/equipe\/collaborateurs\/anne-kristine-kjelsen\/\",\"name\":\"Anne-Kristine Kjelsen - P&amp;TS AG\",\"isPartOf\":{\"@id\":\"https:\/\/www.patentattorneys.ch\/de\/#website\"},\"datePublished\":\"2026-04-14T07:21:11+00:00\",\"dateModified\":\"2026-04-14T12:01:26+00:00\",\"breadcrumb\":{\"@id\":\"https:\/\/www.patentattorneys.ch\/equipe\/collaborateurs\/anne-kristine-kjelsen\/#breadcrumb\"},\"inLanguage\":\"de-DE\",\"potentialAction\":[{\"@type\":\"ReadAction\",\"target\":[\"https:\/\/www.patentattorneys.ch\/equipe\/collaborateurs\/anne-kristine-kjelsen\/\"]}]},{\"@type\":\"BreadcrumbList\",\"@id\":\"https:\/\/www.patentattorneys.ch\/equipe\/collaborateurs\/anne-kristine-kjelsen\/#breadcrumb\",\"itemListElement\":[{\"@type\":\"ListItem\",\"position\":1,\"name\":\"Accueil\",\"item\":\"https:\/\/www.patentattorneys.ch\/\"},{\"@type\":\"ListItem\",\"position\":2,\"name\":\"Our team\",\"item\":\"https:\/\/www.patentattorneys.ch\/equipe\/\"},{\"@type\":\"ListItem\",\"position\":3,\"name\":\"Collaborateurs\",\"item\":\"https:\/\/www.patentattorneys.ch\/equipe\/collaborateurs\/\"},{\"@type\":\"ListItem\",\"position\":4,\"name\":\"Anne-Kristine Kjelsen\"}]},{\"@type\":\"WebSite\",\"@id\":\"https:\/\/www.patentattorneys.ch\/de\/#website\",\"url\":\"https:\/\/www.patentattorneys.ch\/de\/\",\"name\":\"P&amp;TS AG\",\"description\":\"Patentanw\u00e4lte\",\"publisher\":{\"@id\":\"https:\/\/www.patentattorneys.ch\/de\/#organization\"},\"potentialAction\":[{\"@type\":\"SearchAction\",\"target\":{\"@type\":\"EntryPoint\",\"urlTemplate\":\"https:\/\/www.patentattorneys.ch\/de\/?s={search_term_string}\"},\"query-input\":{\"@type\":\"PropertyValueSpecification\",\"valueRequired\":true,\"valueName\":\"search_term_string\"}}],\"inLanguage\":\"de-DE\"},{\"@type\":\"Organization\",\"@id\":\"https:\/\/www.patentattorneys.ch\/de\/#organization\",\"name\":\"P&TS SA\",\"url\":\"https:\/\/www.patentattorneys.ch\/de\/\",\"logo\":{\"@type\":\"ImageObject\",\"inLanguage\":\"de-DE\",\"@id\":\"https:\/\/www.patentattorneys.ch\/de\/#\/schema\/logo\/image\/\",\"url\":\"https:\/\/www.patentattorneys.ch\/wp-content\/uploads\/2016\/01\/PTS_Icon.jpg\",\"contentUrl\":\"https:\/\/www.patentattorneys.ch\/wp-content\/uploads\/2016\/01\/PTS_Icon.jpg\",\"width\":512,\"height\":512,\"caption\":\"P&TS SA\"},\"image\":{\"@id\":\"https:\/\/www.patentattorneys.ch\/de\/#\/schema\/logo\/image\/\"},\"sameAs\":[\"https:\/\/www.facebook.com\/PTS.Ltd\/\",\"https:\/\/x.com\/PTSSA\",\"https:\/\/www.linkedin.com\/company\/p&ts-sa\"]}]}<\/script>\n<!-- \/ Yoast SEO plugin. -->","yoast_head_json":{"title":"Anne-Kristine Kjelsen - P&amp;TS AG","robots":{"index":"index","follow":"follow","max-snippet":"max-snippet:-1","max-image-preview":"max-image-preview:large","max-video-preview":"max-video-preview:-1"},"canonical":"https:\/\/www.patentattorneys.ch\/equipe\/collaborateurs\/anne-kristine-kjelsen\/","og_locale":"de_DE","og_type":"article","og_title":"Anne-Kristine Kjelsen - P&amp;TS AG","og_url":"https:\/\/www.patentattorneys.ch\/equipe\/collaborateurs\/anne-kristine-kjelsen\/","og_site_name":"P&amp;TS AG","article_publisher":"https:\/\/www.facebook.com\/PTS.Ltd\/","article_modified_time":"2026-04-14T12:01:26+00:00","twitter_card":"summary_large_image","twitter_site":"@PTSSA","twitter_misc":{"Est. reading time":"2 minutes"},"schema":{"@context":"https:\/\/schema.org","@graph":[{"@type":"WebPage","@id":"https:\/\/www.patentattorneys.ch\/equipe\/collaborateurs\/anne-kristine-kjelsen\/","url":"https:\/\/www.patentattorneys.ch\/equipe\/collaborateurs\/anne-kristine-kjelsen\/","name":"Anne-Kristine Kjelsen - P&amp;TS AG","isPartOf":{"@id":"https:\/\/www.patentattorneys.ch\/de\/#website"},"datePublished":"2026-04-14T07:21:11+00:00","dateModified":"2026-04-14T12:01:26+00:00","breadcrumb":{"@id":"https:\/\/www.patentattorneys.ch\/equipe\/collaborateurs\/anne-kristine-kjelsen\/#breadcrumb"},"inLanguage":"de-DE","potentialAction":[{"@type":"ReadAction","target":["https:\/\/www.patentattorneys.ch\/equipe\/collaborateurs\/anne-kristine-kjelsen\/"]}]},{"@type":"BreadcrumbList","@id":"https:\/\/www.patentattorneys.ch\/equipe\/collaborateurs\/anne-kristine-kjelsen\/#breadcrumb","itemListElement":[{"@type":"ListItem","position":1,"name":"Accueil","item":"https:\/\/www.patentattorneys.ch\/"},{"@type":"ListItem","position":2,"name":"Our team","item":"https:\/\/www.patentattorneys.ch\/equipe\/"},{"@type":"ListItem","position":3,"name":"Collaborateurs","item":"https:\/\/www.patentattorneys.ch\/equipe\/collaborateurs\/"},{"@type":"ListItem","position":4,"name":"Anne-Kristine Kjelsen"}]},{"@type":"WebSite","@id":"https:\/\/www.patentattorneys.ch\/de\/#website","url":"https:\/\/www.patentattorneys.ch\/de\/","name":"P&amp;TS AG","description":"Patentanw\u00e4lte","publisher":{"@id":"https:\/\/www.patentattorneys.ch\/de\/#organization"},"potentialAction":[{"@type":"SearchAction","target":{"@type":"EntryPoint","urlTemplate":"https:\/\/www.patentattorneys.ch\/de\/?s={search_term_string}"},"query-input":{"@type":"PropertyValueSpecification","valueRequired":true,"valueName":"search_term_string"}}],"inLanguage":"de-DE"},{"@type":"Organization","@id":"https:\/\/www.patentattorneys.ch\/de\/#organization","name":"P&TS SA","url":"https:\/\/www.patentattorneys.ch\/de\/","logo":{"@type":"ImageObject","inLanguage":"de-DE","@id":"https:\/\/www.patentattorneys.ch\/de\/#\/schema\/logo\/image\/","url":"https:\/\/www.patentattorneys.ch\/wp-content\/uploads\/2016\/01\/PTS_Icon.jpg","contentUrl":"https:\/\/www.patentattorneys.ch\/wp-content\/uploads\/2016\/01\/PTS_Icon.jpg","width":512,"height":512,"caption":"P&TS SA"},"image":{"@id":"https:\/\/www.patentattorneys.ch\/de\/#\/schema\/logo\/image\/"},"sameAs":["https:\/\/www.facebook.com\/PTS.Ltd\/","https:\/\/x.com\/PTSSA","https:\/\/www.linkedin.com\/company\/p&ts-sa"]}]}},"_links":{"self":[{"href":"https:\/\/www.patentattorneys.ch\/de\/wp-json\/wp\/v2\/pages\/35860"}],"collection":[{"href":"https:\/\/www.patentattorneys.ch\/de\/wp-json\/wp\/v2\/pages"}],"about":[{"href":"https:\/\/www.patentattorneys.ch\/de\/wp-json\/wp\/v2\/types\/page"}],"author":[{"embeddable":true,"href":"https:\/\/www.patentattorneys.ch\/de\/wp-json\/wp\/v2\/users\/9"}],"replies":[{"embeddable":true,"href":"https:\/\/www.patentattorneys.ch\/de\/wp-json\/wp\/v2\/comments?post=35860"}],"version-history":[{"count":6,"href":"https:\/\/www.patentattorneys.ch\/de\/wp-json\/wp\/v2\/pages\/35860\/revisions"}],"predecessor-version":[{"id":35871,"href":"https:\/\/www.patentattorneys.ch\/de\/wp-json\/wp\/v2\/pages\/35860\/revisions\/35871"}],"up":[{"embeddable":true,"href":"https:\/\/www.patentattorneys.ch\/de\/wp-json\/wp\/v2\/pages\/26502"}],"wp:attachment":[{"href":"https:\/\/www.patentattorneys.ch\/de\/wp-json\/wp\/v2\/media?parent=35860"}],"curies":[{"name":"wp","href":"https:\/\/api.w.org\/{rel}","templated":true}]}}