

{"id":15765,"date":"2016-01-18T22:30:55","date_gmt":"2016-01-18T21:30:55","guid":{"rendered":"http:\/\/www.patentattorneys.ch\/?page_id=15765"},"modified":"2024-05-15T17:22:34","modified_gmt":"2024-05-15T16:22:34","slug":"vision","status":"publish","type":"page","link":"https:\/\/www.patentattorneys.ch\/en\/company\/view\/","title":{"rendered":"View"},"content":{"rendered":"<div class=\"wpb-content-wrapper\"><p>[vc_row type=&#8221;full_width_section&#8221;][vc_column width=&#8221;1\/1&#8243;]<div class=\"imagebox wpb_content_element style-1\"><div class=\"imagebox-img\"><img decoding=\"async\" src=\"https:\/\/www.patentattorneys.ch\/wp-content\/uploads\/2019\/10\/banner_juridiques_wide.jpg\" alt=\"Services juridiques en mati\u00e8re de propri\u00e9t\u00e9 intellectuelle - legal services in intellectual property - rechtsbeistand\" \/><\/div><\/div>[\/vc_column][\/vc_row][vc_row][vc_column width=&#8221;1\/1&#8243;]<style>#breadcrumb-69e8e645cbe60 li::after { content: \"\u00bb\" }<\/style><div class=\"\"><ol class=\"wwp-vc-breadcrumbs \" id=\"breadcrumb-69e8e645cbe60\"><li class=\"visited\"><a href=\"\/\">Home<\/a><\/li><li class=\"visited\"><a href=\"https:\/\/www.patentattorneys.ch\/en\/company\/\">{:fr}Soci\u00e9t\u00e9{:}{:de}Unternehmen{:}{:en}Company{:}<\/a><\/li><li class=\"current\"><span>View<\/span><\/li><\/ol><\/div>[\/vc_column][\/vc_row][vc_row bg_image=&#8221;15893&#8243;][vc_column animation=&#8221;fade-in-from-left&#8221; width=&#8221;3\/4&#8243;]<div class=\"spacer\" style=\"height: 40px;\"><\/div>[vc_tabs][vc_tab title=&#8221;Vision&#8221; tab_id=&#8221;c9c08126-3851-8&#8243;][vc_column_text]<\/p>\n<h1>At the forefront of innovation<\/h1>\n<p>P&amp;TS is an intellectual property consulting firm with offices in Neuch\u00e2tel and Zurich. Founder and CEO Christophe Saam explains what sets P&amp;TS apart from the rest.<\/p>\n<h4>What has made us so successful ?<\/h4>\n<p>Innovation is in our DNA. Most of our employees have both a technical and legal background, so we speak the same language as our clients regardless of their industry \u2013 IT, watchmaking, machine tools, microengineering or chemicals. They appreciate the fact that we fully understand their needs. We do not just protect our clients\u2019 inventions \u2013 we work with our clients to build a global intellectual property strategy around their patents, designs and trademarks in order to maximise their return on investment.<\/p>\n<h4><img decoding=\"async\" class=\"alignnone size-full wp-image-29106\" src=\"https:\/\/www.patentattorneys.ch\/wp-content\/uploads\/2020\/11\/image_2.jpg\" alt=\"\" width=\"860\" height=\"300\" srcset=\"https:\/\/www.patentattorneys.ch\/wp-content\/uploads\/2020\/11\/image_2.jpg 860w, https:\/\/www.patentattorneys.ch\/wp-content\/uploads\/2020\/11\/image_2-300x105.jpg 300w, https:\/\/www.patentattorneys.ch\/wp-content\/uploads\/2020\/11\/image_2-768x268.jpg 768w\" sizes=\"(max-width: 860px) 100vw, 860px\" \/><\/h4>\n<h4>Leading the market<\/h4>\n<p>P&amp;TS quickly emerged as a market leader, meeting the needs of companies of all sizes from start-ups to large corporations both in Switzerland and abroad. We grew very quickly: by 2014, we were the largest patent consulting firm in Switzerland and one of the most dynamic in the world, according to Managing IP rankings. Our efforts were further recognised when we were among the finalists for the Prix SVC Suisse Romande in 2014 and named Swiss Patent Law Firm of the Year in 2015. This clearly demonstrates the high quality of the work we do for both our Swiss and European clientele.[\/vc_column_text][\/vc_tab][vc_tab title=&#8221;Profession&#8221; tab_id=&#8221;1453669696668-1-8&#8243;][vc_column_text]<\/p>\n<h1>Protecting your innovations through\u00a0comprehensive intellectual property services<\/h1>\n<p>P&amp;TS is an intellectual property consulting firm. We provide both Swiss and international clients with a comprehensive range of services in the following areas:<\/p>\n<ul>\n<li>patents<\/li>\n<li>design<\/li>\n<li>trademarks<\/li>\n<li>protection for semiconductors<\/li>\n<li>software protection<\/li>\n<li>patent searches and technology intelligence<\/li>\n<li>IP due diligence<\/li>\n<li>IP-related agreements<\/li>\n<\/ul>\n<p>[\/vc_column_text][\/vc_tab][vc_tab title=&#8221;Our story&#8221; tab_id=&#8221;1453669697398-2-4&#8243;][vc_column_text]<\/p>\n<h1>The fast-changing world of intellectual property<\/h1>\n<p>P&amp;TS was formed in 1998 in Neuch\u00e2tel and has come a long way since then [\/vc_column_text][vc_column_text]<\/p>\n<h4>Why P&amp;TS was created<\/h4>\n<p>The 1990s was an exciting decade \u2013 it was when the telecoms monopoly ended, and it became possible to patent software. In the space of just a few years, the world of intellectual property was transformed as innovation turned into a key success factor and patents became an important marketing tool. Globalisation and the end of national borders further highlighted the need for companies to protect their ideas through legal means. The time was therefore ripe for an innovation-focused consulting firm. We also brought with us a fresh, agile and versatile approach \u2013 traits that are appreciated by R&amp;D engineers in dynamic small businesses and multinationals.<\/p>\n<h4>The start-up market<\/h4>\n<p>In 2004, we decided to go after the start-up market. This was risky because of the complex technologies associated with start-ups and, frankly, the lack of funds. However it is where our services are needed. Then the country\u2019s specialised schools and Federal Institutes of Technology were instructed to focus on technology transfer. So our strategy paid off: our company emerged as a key partner in this market as well. We are proud of the role we play in the region\u2019s economic growth. [\/vc_column_text][\/vc_tab][vc_tab title=&#8221;Structure&#8221; tab_id=&#8221;1453669698007-3-4&#8243;][vc_column_text]<\/p>\n<h1>A wide range of IP-focused talents<\/h1>\n<p>We stand out from the crowd thanks to our management approach and values.<\/p>\n<h4>Our management principles<\/h4>\n<p>Our employees are our capital \u2013 our competitiveness depends on them. We have a very international team bringing together a number of rare skill sets. These are people who need to be able to grow and develop. And we try to meet their needs, offering things like part-time contracts \u2013 even for managers \u2013 the option of working from home and training opportunities. Why? Because a stable workforce is crucial for us and brings major added value for our clients. Patent filing takes years, and it is important that our clients work with the same person throughout the process.<\/p>\n<h4>Our broader values<\/h4>\n<p>We are passionate about innovation \u2013 not only because it is our core business but because we believe it can change the world. We are also a socially responsible company with a well-developed environmental conscience. We encourage gender equality, and in fact half of our staff are women. We are taking steps to reduce our carbon footprint. As a services-sector company, of course, our impact in this regard is limited. However there is one way we can make a big difference, and that is through our clients\u2019 inventions, particularly in the area of green technologies. We support numerous greentech projects and provide grants to small Swiss companies to help them protect their intellectual property. [\/vc_column_text][\/vc_tab][\/vc_tabs][\/vc_column][vc_column animation=&#8221;fade-in-from-bottom&#8221; width=&#8221;1\/4&#8243;]<div class=\"spacer\" style=\"height: 40px;\"><\/div>[vc_column_text]<\/p>\n<h3>CONTACT<\/h3>\n<p>[\/vc_column_text]<div class=\"member wpb_content_element test\"><div class=\"member-img\"><img decoding=\"async\" src=\"https:\/\/www.patentattorneys.ch\/wp-content\/uploads\/2020\/11\/schreyer_2003362.jpg\" alt=\"contact\" \/><\/div><h4>Contact P&amp;TS<\/h4><div class=\"member-role\"><\/div><div class=\"member-content\"><p><a href=\"&#x6d;a&#x69;&#x6c;t&#x6f;&#x3a;i&#x6e;&#x66;o&#x40;&#x70;a&#x74;&#x65;n&#x74;&#97;t&#x74;&#111;r&#x6e;&#101;y&#x73;&#46;c&#x68;\"><i class=\"fa fa-envelope-o minti-icon\" style=\"color:#888888 !important; font-size: 14px; margin: 0px 0px 0px 0px\"><\/i> e-mail<\/a><\/p><\/div><\/div><div class=\"newdivider align-center\" style=\"border-bottom-style: solid; border-color: #b7b7b7; border-bottom-width: 1px; margin-top: 0; margin-bottom: 20px; width: 100%; \"><\/div><div class=\"clear\"><\/div>[\/vc_column][\/vc_row]<\/p>\n<\/div>","protected":false},"excerpt":{"rendered":"<p>[vc_row type=&#8221;full_width_section&#8221;][vc_column width=&#8221;1\/1&#8243;][\/vc_column][\/vc_row][vc_row][vc_column width=&#8221;1\/1&#8243;][\/vc_column][\/vc_row][vc_row bg_image=&#8221;15893&#8243;][vc_column animation=&#8221;fade-in-from-left&#8221; width=&#8221;3\/4&#8243;][vc_tabs][vc_tab title=&#8221;Vision&#8221; tab_id=&#8221;c9c08126-3851-8&#8243;][vc_column_text] At the forefront of innovation P&amp;TS is an intellectual property consulting firm with offices in Neuch\u00e2tel and Zurich. Founder and CEO Christophe Saam explains what sets P&amp;TS apart from the rest. What has made us so successful ? Innovation is in our DNA. Most of our employees have both a technical and legal background, so we speak the same language as our clients regardless of their industry \u2013 IT, watchmaking, machine tools, microengineering or chemicals. They appreciate the fact that we fully understand their needs. We do not just protect our clients\u2019 inventions \u2013 we work with our clients to build a global intellectual property strategy around their patents, designs and trademarks in order to maximise their return on investment. Leading the market P&amp;TS quickly emerged as a market leader, meeting the needs of companies of all sizes from start-ups to large corporations both in Switzerland and abroad. We grew very quickly: by 2014, we were the largest patent consulting firm in Switzerland and one of the most dynamic in the world, according to Managing IP rankings. Our efforts were further recognised when we were among the finalists for the Prix [&hellip;]<\/p>\n","protected":false},"author":4,"featured_media":0,"parent":15587,"menu_order":0,"comment_status":"closed","ping_status":"closed","template":"","meta":{"footnotes":""},"translation":{"provider":"WPGlobus","version":"3.0.2","language":"en","enabled_languages":["fr","de","en","it"],"languages":{"fr":{"title":true,"content":true,"excerpt":false},"de":{"title":true,"content":true,"excerpt":false},"en":{"title":true,"content":true,"excerpt":false},"it":{"title":false,"content":false,"excerpt":false}}},"yoast_head":"<!-- This site is optimized with the Yoast SEO plugin v24.4 - https:\/\/yoast.com\/wordpress\/plugins\/seo\/ -->\n<title>Vision - P&amp;TS Ltd<\/title>\n<meta name=\"description\" content=\"P&amp;TS SA is recognized as the leading company for advising innovative businesses. Have a look at our vision and mission.\" \/>\n<meta name=\"robots\" content=\"index, follow, max-snippet:-1, max-image-preview:large, max-video-preview:-1\" \/>\n<link rel=\"canonical\" href=\"https:\/\/www.patentattorneys.ch\/societe\/vision\/\" \/>\n<meta property=\"og:locale\" content=\"en_US\" \/>\n<meta property=\"og:type\" content=\"article\" \/>\n<meta property=\"og:title\" content=\"View - P&amp;TS Ltd\" \/>\n<meta property=\"og:description\" content=\"P&amp;TS SA is recognized as the leading company for advising innovative businesses. Have a look at our vision and mission.\" \/>\n<meta property=\"og:url\" content=\"https:\/\/www.patentattorneys.ch\/societe\/vision\/\" \/>\n<meta property=\"og:site_name\" content=\"P&amp;TS Ltd\" \/>\n<meta property=\"article:publisher\" content=\"https:\/\/www.facebook.com\/PTS.Ltd\/\" \/>\n<meta property=\"article:modified_time\" content=\"2024-05-15T16:22:34+00:00\" \/>\n<meta property=\"og:image\" content=\"https:\/\/www.patentattorneys.ch\/wp-content\/uploads\/2020\/11\/image_2.jpg\" \/>\n<meta name=\"twitter:card\" content=\"summary_large_image\" \/>\n<meta name=\"twitter:site\" content=\"@PTSSA\" \/>\n<meta name=\"twitter:label1\" content=\"Est. reading time\" \/>\n\t<meta name=\"twitter:data1\" content=\"4 minutes\" \/>\n<script type=\"application\/ld+json\" class=\"yoast-schema-graph\">{\"@context\":\"https:\/\/schema.org\",\"@graph\":[{\"@type\":\"WebPage\",\"@id\":\"https:\/\/www.patentattorneys.ch\/societe\/vision\/\",\"url\":\"https:\/\/www.patentattorneys.ch\/societe\/vision\/\",\"name\":\"Vision - P&amp;TS Ltd\",\"isPartOf\":{\"@id\":\"https:\/\/www.patentattorneys.ch\/de\/#website\"},\"primaryImageOfPage\":{\"@id\":\"https:\/\/www.patentattorneys.ch\/societe\/vision\/#primaryimage\"},\"image\":{\"@id\":\"https:\/\/www.patentattorneys.ch\/societe\/vision\/#primaryimage\"},\"thumbnailUrl\":\"https:\/\/www.patentattorneys.ch\/wp-content\/uploads\/2020\/11\/image_2.jpg\",\"datePublished\":\"2016-01-18T21:30:55+00:00\",\"dateModified\":\"2024-05-15T16:22:34+00:00\",\"description\":\"P&TS SA est reconnue comme la soci\u00e9t\u00e9 de r\u00e9f\u00e9rence pour le conseil aux entreprises innovantes.\",\"breadcrumb\":{\"@id\":\"https:\/\/www.patentattorneys.ch\/societe\/vision\/#breadcrumb\"},\"inLanguage\":\"en-US\",\"potentialAction\":[{\"@type\":\"ReadAction\",\"target\":[\"https:\/\/www.patentattorneys.ch\/societe\/vision\/\"]}]},{\"@type\":\"ImageObject\",\"inLanguage\":\"en-US\",\"@id\":\"https:\/\/www.patentattorneys.ch\/societe\/vision\/#primaryimage\",\"url\":\"https:\/\/www.patentattorneys.ch\/wp-content\/uploads\/2020\/11\/image_2.jpg\",\"contentUrl\":\"https:\/\/www.patentattorneys.ch\/wp-content\/uploads\/2020\/11\/image_2.jpg\"},{\"@type\":\"BreadcrumbList\",\"@id\":\"https:\/\/www.patentattorneys.ch\/societe\/vision\/#breadcrumb\",\"itemListElement\":[{\"@type\":\"ListItem\",\"position\":1,\"name\":\"Accueil\",\"item\":\"https:\/\/www.patentattorneys.ch\/\"},{\"@type\":\"ListItem\",\"position\":2,\"name\":\"Company\",\"item\":\"https:\/\/www.patentattorneys.ch\/societe\/\"},{\"@type\":\"ListItem\",\"position\":3,\"name\":\"View\"}]},{\"@type\":\"WebSite\",\"@id\":\"https:\/\/www.patentattorneys.ch\/de\/#website\",\"url\":\"https:\/\/www.patentattorneys.ch\/de\/\",\"name\":\"P&amp;TS Ltd\",\"description\":\"Intellectual Property\",\"publisher\":{\"@id\":\"https:\/\/www.patentattorneys.ch\/de\/#organization\"},\"potentialAction\":[{\"@type\":\"SearchAction\",\"target\":{\"@type\":\"EntryPoint\",\"urlTemplate\":\"https:\/\/www.patentattorneys.ch\/de\/?s={search_term_string}\"},\"query-input\":{\"@type\":\"PropertyValueSpecification\",\"valueRequired\":true,\"valueName\":\"search_term_string\"}}],\"inLanguage\":\"en-US\"},{\"@type\":\"Organization\",\"@id\":\"https:\/\/www.patentattorneys.ch\/de\/#organization\",\"name\":\"P&TS SA\",\"url\":\"https:\/\/www.patentattorneys.ch\/de\/\",\"logo\":{\"@type\":\"ImageObject\",\"inLanguage\":\"en-US\",\"@id\":\"https:\/\/www.patentattorneys.ch\/de\/#\/schema\/logo\/image\/\",\"url\":\"https:\/\/www.patentattorneys.ch\/wp-content\/uploads\/2016\/01\/PTS_Icon.jpg\",\"contentUrl\":\"https:\/\/www.patentattorneys.ch\/wp-content\/uploads\/2016\/01\/PTS_Icon.jpg\",\"width\":512,\"height\":512,\"caption\":\"P&TS SA\"},\"image\":{\"@id\":\"https:\/\/www.patentattorneys.ch\/de\/#\/schema\/logo\/image\/\"},\"sameAs\":[\"https:\/\/www.facebook.com\/PTS.Ltd\/\",\"https:\/\/x.com\/PTSSA\",\"https:\/\/www.linkedin.com\/company\/p&ts-sa\"]}]}<\/script>\n<!-- \/ Yoast SEO plugin. -->","yoast_head_json":{"title":"Vision - P&amp;TS Ltd","description":"P&TS SA is recognized as the leading company for advising innovative businesses. Have a look at our vision and mission.","robots":{"index":"index","follow":"follow","max-snippet":"max-snippet:-1","max-image-preview":"max-image-preview:large","max-video-preview":"max-video-preview:-1"},"canonical":"https:\/\/www.patentattorneys.ch\/societe\/vision\/","og_locale":"en_US","og_type":"article","og_title":"View - P&amp;TS Ltd","og_description":"P&TS SA is recognized as the leading company for advising innovative businesses. Have a look at our vision and mission.","og_url":"https:\/\/www.patentattorneys.ch\/societe\/vision\/","og_site_name":"P&amp;TS Ltd","article_publisher":"https:\/\/www.facebook.com\/PTS.Ltd\/","article_modified_time":"2024-05-15T16:22:34+00:00","og_image":[{"url":"https:\/\/www.patentattorneys.ch\/wp-content\/uploads\/2020\/11\/image_2.jpg","type":"","width":"","height":""}],"twitter_card":"summary_large_image","twitter_site":"@PTSSA","twitter_misc":{"Est. reading time":"4 minutes"},"schema":{"@context":"https:\/\/schema.org","@graph":[{"@type":"WebPage","@id":"https:\/\/www.patentattorneys.ch\/societe\/vision\/","url":"https:\/\/www.patentattorneys.ch\/societe\/vision\/","name":"Vision - P&amp;TS Ltd","isPartOf":{"@id":"https:\/\/www.patentattorneys.ch\/de\/#website"},"primaryImageOfPage":{"@id":"https:\/\/www.patentattorneys.ch\/societe\/vision\/#primaryimage"},"image":{"@id":"https:\/\/www.patentattorneys.ch\/societe\/vision\/#primaryimage"},"thumbnailUrl":"https:\/\/www.patentattorneys.ch\/wp-content\/uploads\/2020\/11\/image_2.jpg","datePublished":"2016-01-18T21:30:55+00:00","dateModified":"2024-05-15T16:22:34+00:00","description":"P&TS SA est reconnue comme la soci\u00e9t\u00e9 de r\u00e9f\u00e9rence pour le conseil aux entreprises innovantes.","breadcrumb":{"@id":"https:\/\/www.patentattorneys.ch\/societe\/vision\/#breadcrumb"},"inLanguage":"en-US","potentialAction":[{"@type":"ReadAction","target":["https:\/\/www.patentattorneys.ch\/societe\/vision\/"]}]},{"@type":"ImageObject","inLanguage":"en-US","@id":"https:\/\/www.patentattorneys.ch\/societe\/vision\/#primaryimage","url":"https:\/\/www.patentattorneys.ch\/wp-content\/uploads\/2020\/11\/image_2.jpg","contentUrl":"https:\/\/www.patentattorneys.ch\/wp-content\/uploads\/2020\/11\/image_2.jpg"},{"@type":"BreadcrumbList","@id":"https:\/\/www.patentattorneys.ch\/societe\/vision\/#breadcrumb","itemListElement":[{"@type":"ListItem","position":1,"name":"Accueil","item":"https:\/\/www.patentattorneys.ch\/"},{"@type":"ListItem","position":2,"name":"Company","item":"https:\/\/www.patentattorneys.ch\/societe\/"},{"@type":"ListItem","position":3,"name":"View"}]},{"@type":"WebSite","@id":"https:\/\/www.patentattorneys.ch\/de\/#website","url":"https:\/\/www.patentattorneys.ch\/de\/","name":"P&amp;TS Ltd","description":"Intellectual Property","publisher":{"@id":"https:\/\/www.patentattorneys.ch\/de\/#organization"},"potentialAction":[{"@type":"SearchAction","target":{"@type":"EntryPoint","urlTemplate":"https:\/\/www.patentattorneys.ch\/de\/?s={search_term_string}"},"query-input":{"@type":"PropertyValueSpecification","valueRequired":true,"valueName":"search_term_string"}}],"inLanguage":"en-US"},{"@type":"Organization","@id":"https:\/\/www.patentattorneys.ch\/de\/#organization","name":"P&TS SA","url":"https:\/\/www.patentattorneys.ch\/de\/","logo":{"@type":"ImageObject","inLanguage":"en-US","@id":"https:\/\/www.patentattorneys.ch\/de\/#\/schema\/logo\/image\/","url":"https:\/\/www.patentattorneys.ch\/wp-content\/uploads\/2016\/01\/PTS_Icon.jpg","contentUrl":"https:\/\/www.patentattorneys.ch\/wp-content\/uploads\/2016\/01\/PTS_Icon.jpg","width":512,"height":512,"caption":"P&TS SA"},"image":{"@id":"https:\/\/www.patentattorneys.ch\/de\/#\/schema\/logo\/image\/"},"sameAs":["https:\/\/www.facebook.com\/PTS.Ltd\/","https:\/\/x.com\/PTSSA","https:\/\/www.linkedin.com\/company\/p&ts-sa"]}]}},"_links":{"self":[{"href":"https:\/\/www.patentattorneys.ch\/en\/wp-json\/wp\/v2\/pages\/15765"}],"collection":[{"href":"https:\/\/www.patentattorneys.ch\/en\/wp-json\/wp\/v2\/pages"}],"about":[{"href":"https:\/\/www.patentattorneys.ch\/en\/wp-json\/wp\/v2\/types\/page"}],"author":[{"embeddable":true,"href":"https:\/\/www.patentattorneys.ch\/en\/wp-json\/wp\/v2\/users\/4"}],"replies":[{"embeddable":true,"href":"https:\/\/www.patentattorneys.ch\/en\/wp-json\/wp\/v2\/comments?post=15765"}],"version-history":[{"count":221,"href":"https:\/\/www.patentattorneys.ch\/en\/wp-json\/wp\/v2\/pages\/15765\/revisions"}],"predecessor-version":[{"id":33801,"href":"https:\/\/www.patentattorneys.ch\/en\/wp-json\/wp\/v2\/pages\/15765\/revisions\/33801"}],"up":[{"embeddable":true,"href":"https:\/\/www.patentattorneys.ch\/en\/wp-json\/wp\/v2\/pages\/15587"}],"wp:attachment":[{"href":"https:\/\/www.patentattorneys.ch\/en\/wp-json\/wp\/v2\/media?parent=15765"}],"curies":[{"name":"wp","href":"https:\/\/api.w.org\/{rel}","templated":true}]}}