

{"id":15819,"date":"2016-01-18T23:25:39","date_gmt":"2016-01-18T22:25:39","guid":{"rendered":"http:\/\/www.patentattorneys.ch\/?page_id=15819"},"modified":"2024-05-09T16:11:18","modified_gmt":"2024-05-09T15:11:18","slug":"brevets_logiciels","status":"publish","type":"page","link":"https:\/\/www.patentattorneys.ch\/en\/industries\/software_patents\/","title":{"rendered":"Software patents"},"content":{"rendered":"<div class=\"wpb-content-wrapper\"><p>[vc_row type=&#8221;full_width_section&#8221;][vc_column width=&#8221;1\/1&#8243;]<div class=\"imagebox wpb_content_element style-1\"><div class=\"imagebox-img\"><img decoding=\"async\" src=\"https:\/\/www.patentattorneys.ch\/wp-content\/uploads\/2019\/10\/banner_telecom2_wide.jpg\" alt=\"brevets logiciels - Softwarepatente - Software patents\" \/><\/div><\/div>[\/vc_column][\/vc_row][vc_row][vc_column width=&#8221;1\/1&#8243;]<style>#breadcrumb-69e049832ac67 li::after { content: \"\u00bb\" }<\/style><div class=\"\"><ol class=\"wwp-vc-breadcrumbs \" id=\"breadcrumb-69e049832ac67\"><li class=\"visited\"><a href=\"\/\">Home<\/a><\/li><li class=\"visited\"><a href=\"https:\/\/www.patentattorneys.ch\/en\/industries\/\">{:fr}Industries{:}{:de}Sektoren{:}{:en}Industries{:}<\/a><\/li><li class=\"current\"><span>Software patents<\/span><\/li><\/ol><\/div>[\/vc_column][\/vc_row][vc_row bg_image=&#8221;15893&#8243;][vc_column animation=&#8221;fade-in-from-left&#8221; width=&#8221;2\/3&#8243;]<div class=\"spacer\" style=\"height: 40px;\"><\/div>[vc_column_text]<\/p>\n<h1>Software patents<\/h1>\n<p>An effective intellectual property strategy in software and telecoms requires extensive knowledge of the sector\u2019s technical and legal issues. Learn more about software patents.[\/vc_column_text][vc_tabs][vc_tab title=&#8221;Expertise&#8221; tab_id=&#8221;c9c08126-3851-8&#8243;][vc_column_text] Software can be found everywhere \u2013 and it now accounts for some 40% of P&amp;TS\u2019s patent filings. It is a complex field where the available protections have to be determined on a case-by-case basis and by country.\u00a0For example, although software is protected by copyright law, this protection only covers the wording of the code, not the underlying technical solutions or algorithms. And while copyright law adequately protects against servile copy \u2013 such as installing an unauthorised copy on a computer \u2013 it does little to fend off a rival willing to go to the trouble of rewriting the code. Only patents adequately protect technical solutions.<\/p>\n<h6>In the realm of telecommunications, system interoperability requires the various parts of the network to share the same protocols and standards \u2013 thus eliminating any form of trade secrecy. In order to reap the full benefits of their research, companies that invest in R&amp;D therefore need to put in place sophisticated intellectual property strategies.<\/h6>\n<p>In the political world, software protection is highly controversial. Some feel that patent overkill undermines innovation, while others point out that the software-friendly patent policy in the USA has clearly not done much harm. It is no surprise that legal rulings and government decisions are moving forward very quickly in this area, yet in different ways in different countries.<\/p>\n<h6>We keep careful track of the situation in both Europe and the USA so that we can make full use of the protections offered in each country. We advise companies on the best way to distribute their products, either as proprietary software, open-source software or software as a service (SaaS). This is a decision that will affect software companies\u2019 business model, and we set up copyright- and\/or patent-protection strategies tailored to the selected distribution approach.<\/h6>\n<p>Putting in place an effective intellectual property strategy demands advanced technical and legal expertise. And, given these products&#8217; short shelf life, the work needs to be done quickly. This is where P&amp;TS comes in. We have been making our mark on this industry since our founding in 1998. In order to keep pace with the challenges of this sector and the trend towards digitisation, we assembled an outstanding team of software-protection specialists. The team includes numerous engineers and patent attorneys with in-depth knowledge of the criteria governing software patentability in Europe and the USA. [\/vc_column_text][\/vc_tab][vc_tab title=&#8221;Experience&#8221; tab_id=&#8221;1453669696668-1-8&#8243;][vc_column_text]<\/p>\n<p>We have extensive experience in the following areas:<\/p>\n<ul>\n<li>Industrial process controls, CNC, IIOT<\/li>\n<li>Telecommunication systems, mobile phone systems, Internet<\/li>\n<li>Smartphone applications, apps<\/li>\n<li>Atrifical Intelligence (Ai), neural networks, deep learning<\/li>\n<li>Biometrics, voice, face and palm recognition<\/li>\n<li>Cryptography, securing and authenticating data, blockchains<\/li>\n<li>Fintech, payment methods, bitcoins<\/li>\n<li>Product traceability<\/li>\n<li>Signal coding, including compression and error coding<\/li>\n<li>Signal and image processing<\/li>\n<li>Simulations<\/li>\n<li>Route calculation<\/li>\n<li>Operating systems<\/li>\n<li>Search engines<\/li>\n<li>Virtual reality<\/li>\n<\/ul>\n<p>[\/vc_column_text][\/vc_tab][\/vc_tabs][\/vc_column][vc_column animation=&#8221;fade-in-from-bottom&#8221; width=&#8221;1\/3&#8243;]<div class=\"spacer\" style=\"height: 40px;\"><\/div>[vc_column_text]<\/p>\n<h3>CONTACT<\/h3>\n<p>[\/vc_column_text]<div class=\"member wpb_content_element test\"><div class=\"member-img\"><a href='https:\/\/www.patentattorneys.ch\/en\/our-team\/employees\/christophe-saam\/'><img decoding=\"async\" src=\"https:\/\/www.patentattorneys.ch\/wp-content\/uploads\/2020\/10\/schreyer_2003376.jpg\" alt=\"Christophe Saam\" \/><\/a><\/div><h4><a href='https:\/\/www.patentattorneys.ch\/en\/our-team\/employees\/christophe-saam\/'>Christophe Saam<\/a><\/h4><div class=\"member-role\">Founder and CEO of P&amp;TS SA. Swiss and European Patent attorney<\/div><div class=\"member-content\"><p><a href=\"&#x6d;ai&#x6c;to&#x3a;sa&#x61;m&#64;&#x70;at&#x65;nt&#x61;&#116;t&#x6f;&#114;n&#x65;&#121;s&#x2e;&#99;h\"><i class=\"fa fa-envelope-o minti-icon\" style=\"color:#888888 !important; font-size: 14px; margin: 0px 0px 0px 0px\"><\/i> e-mail<\/a><\/p><\/div><\/div><div class=\"newdivider align-center\" style=\"border-bottom-style: solid; border-color: #b7b7b7; border-bottom-width: 1px; margin-top: 0; margin-bottom: 20px; width: 100%; \"><\/div><div class=\"clear\"><\/div>[\/vc_column][\/vc_row]<\/p>\n<\/div>","protected":false},"excerpt":{"rendered":"<p>[vc_row type=&#8221;full_width_section&#8221;][vc_column width=&#8221;1\/1&#8243;][\/vc_column][\/vc_row][vc_row][vc_column width=&#8221;1\/1&#8243;][\/vc_column][\/vc_row][vc_row bg_image=&#8221;15893&#8243;][vc_column animation=&#8221;fade-in-from-left&#8221; width=&#8221;2\/3&#8243;][vc_column_text] Software patents An effective intellectual property strategy in software and telecoms requires extensive knowledge of the sector\u2019s technical and legal issues. Learn more about software patents.[\/vc_column_text][vc_tabs][vc_tab title=&#8221;Expertise&#8221; tab_id=&#8221;c9c08126-3851-8&#8243;][vc_column_text] Software can be found everywhere \u2013 and it now accounts for some 40% of P&amp;TS\u2019s patent filings. It is a complex field where the available protections have to be determined on a case-by-case basis and by country.\u00a0For example, although software is protected by copyright law, this protection only covers the wording of the code, not the underlying technical solutions or algorithms. And while copyright law adequately protects against servile copy \u2013 such as installing an unauthorised copy on a computer \u2013 it does little to fend off a rival willing to go to the trouble of rewriting the code. Only patents adequately protect technical solutions. In the realm of telecommunications, system interoperability requires the various parts of the network to share the same protocols and standards \u2013 thus eliminating any form of trade secrecy. In order to reap the full benefits of their research, companies that invest in R&amp;D therefore need to put in place sophisticated intellectual property strategies. In the political world, software protection [&hellip;]<\/p>\n","protected":false},"author":4,"featured_media":0,"parent":15432,"menu_order":0,"comment_status":"closed","ping_status":"closed","template":"","meta":{"footnotes":""},"translation":{"provider":"WPGlobus","version":"3.0.2","language":"en","enabled_languages":["fr","de","en","it"],"languages":{"fr":{"title":true,"content":true,"excerpt":false},"de":{"title":true,"content":true,"excerpt":false},"en":{"title":true,"content":true,"excerpt":false},"it":{"title":false,"content":false,"excerpt":false}}},"yoast_head":"<!-- This site is optimized with the Yoast SEO plugin v24.4 - https:\/\/yoast.com\/wordpress\/plugins\/seo\/ -->\n<title>Software patents - P&amp;TS Ltd<\/title>\n<meta name=\"description\" content=\"An intellectual property strategy in software and telecoms requires extensive knowledge of the sector\u2019s. Learn more about software patents.\" \/>\n<meta name=\"robots\" content=\"index, follow, max-snippet:-1, max-image-preview:large, max-video-preview:-1\" \/>\n<link rel=\"canonical\" href=\"https:\/\/www.patentattorneys.ch\/industries\/brevets_logiciels\/\" \/>\n<meta property=\"og:locale\" content=\"en_US\" \/>\n<meta property=\"og:type\" content=\"article\" \/>\n<meta property=\"og:title\" content=\"Software patents - P&amp;TS Ltd\" \/>\n<meta property=\"og:description\" content=\"An intellectual property strategy in software and telecoms requires extensive knowledge of the sector\u2019s. Learn more about software patents.\" \/>\n<meta property=\"og:url\" content=\"https:\/\/www.patentattorneys.ch\/industries\/brevets_logiciels\/\" \/>\n<meta property=\"og:site_name\" content=\"P&amp;TS Ltd\" \/>\n<meta property=\"article:publisher\" content=\"https:\/\/www.facebook.com\/PTS.Ltd\/\" \/>\n<meta property=\"article:modified_time\" content=\"2024-05-09T15:11:18+00:00\" \/>\n<meta name=\"twitter:card\" content=\"summary_large_image\" \/>\n<meta name=\"twitter:site\" content=\"@PTSSA\" \/>\n<meta name=\"twitter:label1\" content=\"Est. reading time\" \/>\n\t<meta name=\"twitter:data1\" content=\"4 minutes\" \/>\n<script type=\"application\/ld+json\" class=\"yoast-schema-graph\">{\"@context\":\"https:\/\/schema.org\",\"@graph\":[{\"@type\":\"WebPage\",\"@id\":\"https:\/\/www.patentattorneys.ch\/industries\/brevets_logiciels\/\",\"url\":\"https:\/\/www.patentattorneys.ch\/industries\/brevets_logiciels\/\",\"name\":\"Software patents - P&amp;TS Ltd\",\"isPartOf\":{\"@id\":\"https:\/\/www.patentattorneys.ch\/de\/#website\"},\"datePublished\":\"2016-01-18T22:25:39+00:00\",\"dateModified\":\"2024-05-09T15:11:18+00:00\",\"description\":\"Les brevets logiciels permettent de prot\u00e9ger les solutions d\u00e9velopp\u00e9es. Apprenez-en plus sur les brevets logiciels et brevets telecoms.\",\"breadcrumb\":{\"@id\":\"https:\/\/www.patentattorneys.ch\/industries\/brevets_logiciels\/#breadcrumb\"},\"inLanguage\":\"en-US\",\"potentialAction\":[{\"@type\":\"ReadAction\",\"target\":[\"https:\/\/www.patentattorneys.ch\/industries\/brevets_logiciels\/\"]}]},{\"@type\":\"BreadcrumbList\",\"@id\":\"https:\/\/www.patentattorneys.ch\/industries\/brevets_logiciels\/#breadcrumb\",\"itemListElement\":[{\"@type\":\"ListItem\",\"position\":1,\"name\":\"Accueil\",\"item\":\"https:\/\/www.patentattorneys.ch\/\"},{\"@type\":\"ListItem\",\"position\":2,\"name\":\"Industries\",\"item\":\"https:\/\/www.patentattorneys.ch\/industries\/\"},{\"@type\":\"ListItem\",\"position\":3,\"name\":\"Software patents\"}]},{\"@type\":\"WebSite\",\"@id\":\"https:\/\/www.patentattorneys.ch\/de\/#website\",\"url\":\"https:\/\/www.patentattorneys.ch\/de\/\",\"name\":\"P&amp;TS Ltd\",\"description\":\"Intellectual Property\",\"publisher\":{\"@id\":\"https:\/\/www.patentattorneys.ch\/de\/#organization\"},\"potentialAction\":[{\"@type\":\"SearchAction\",\"target\":{\"@type\":\"EntryPoint\",\"urlTemplate\":\"https:\/\/www.patentattorneys.ch\/de\/?s={search_term_string}\"},\"query-input\":{\"@type\":\"PropertyValueSpecification\",\"valueRequired\":true,\"valueName\":\"search_term_string\"}}],\"inLanguage\":\"en-US\"},{\"@type\":\"Organization\",\"@id\":\"https:\/\/www.patentattorneys.ch\/de\/#organization\",\"name\":\"P&TS SA\",\"url\":\"https:\/\/www.patentattorneys.ch\/de\/\",\"logo\":{\"@type\":\"ImageObject\",\"inLanguage\":\"en-US\",\"@id\":\"https:\/\/www.patentattorneys.ch\/de\/#\/schema\/logo\/image\/\",\"url\":\"https:\/\/www.patentattorneys.ch\/wp-content\/uploads\/2016\/01\/PTS_Icon.jpg\",\"contentUrl\":\"https:\/\/www.patentattorneys.ch\/wp-content\/uploads\/2016\/01\/PTS_Icon.jpg\",\"width\":512,\"height\":512,\"caption\":\"P&TS SA\"},\"image\":{\"@id\":\"https:\/\/www.patentattorneys.ch\/de\/#\/schema\/logo\/image\/\"},\"sameAs\":[\"https:\/\/www.facebook.com\/PTS.Ltd\/\",\"https:\/\/x.com\/PTSSA\",\"https:\/\/www.linkedin.com\/company\/p&ts-sa\"]}]}<\/script>\n<!-- \/ Yoast SEO plugin. -->","yoast_head_json":{"title":"Software patents - P&amp;TS Ltd","description":"An intellectual property strategy in software and telecoms requires extensive knowledge of the sector\u2019s. Learn more about software patents.","robots":{"index":"index","follow":"follow","max-snippet":"max-snippet:-1","max-image-preview":"max-image-preview:large","max-video-preview":"max-video-preview:-1"},"canonical":"https:\/\/www.patentattorneys.ch\/industries\/brevets_logiciels\/","og_locale":"en_US","og_type":"article","og_title":"Software patents - P&amp;TS Ltd","og_description":"An intellectual property strategy in software and telecoms requires extensive knowledge of the sector\u2019s. Learn more about software patents.","og_url":"https:\/\/www.patentattorneys.ch\/industries\/brevets_logiciels\/","og_site_name":"P&amp;TS Ltd","article_publisher":"https:\/\/www.facebook.com\/PTS.Ltd\/","article_modified_time":"2024-05-09T15:11:18+00:00","twitter_card":"summary_large_image","twitter_site":"@PTSSA","twitter_misc":{"Est. reading time":"4 minutes"},"schema":{"@context":"https:\/\/schema.org","@graph":[{"@type":"WebPage","@id":"https:\/\/www.patentattorneys.ch\/industries\/brevets_logiciels\/","url":"https:\/\/www.patentattorneys.ch\/industries\/brevets_logiciels\/","name":"Software patents - P&amp;TS Ltd","isPartOf":{"@id":"https:\/\/www.patentattorneys.ch\/de\/#website"},"datePublished":"2016-01-18T22:25:39+00:00","dateModified":"2024-05-09T15:11:18+00:00","description":"Les brevets logiciels permettent de prot\u00e9ger les solutions d\u00e9velopp\u00e9es. Apprenez-en plus sur les brevets logiciels et brevets telecoms.","breadcrumb":{"@id":"https:\/\/www.patentattorneys.ch\/industries\/brevets_logiciels\/#breadcrumb"},"inLanguage":"en-US","potentialAction":[{"@type":"ReadAction","target":["https:\/\/www.patentattorneys.ch\/industries\/brevets_logiciels\/"]}]},{"@type":"BreadcrumbList","@id":"https:\/\/www.patentattorneys.ch\/industries\/brevets_logiciels\/#breadcrumb","itemListElement":[{"@type":"ListItem","position":1,"name":"Accueil","item":"https:\/\/www.patentattorneys.ch\/"},{"@type":"ListItem","position":2,"name":"Industries","item":"https:\/\/www.patentattorneys.ch\/industries\/"},{"@type":"ListItem","position":3,"name":"Software patents"}]},{"@type":"WebSite","@id":"https:\/\/www.patentattorneys.ch\/de\/#website","url":"https:\/\/www.patentattorneys.ch\/de\/","name":"P&amp;TS Ltd","description":"Intellectual Property","publisher":{"@id":"https:\/\/www.patentattorneys.ch\/de\/#organization"},"potentialAction":[{"@type":"SearchAction","target":{"@type":"EntryPoint","urlTemplate":"https:\/\/www.patentattorneys.ch\/de\/?s={search_term_string}"},"query-input":{"@type":"PropertyValueSpecification","valueRequired":true,"valueName":"search_term_string"}}],"inLanguage":"en-US"},{"@type":"Organization","@id":"https:\/\/www.patentattorneys.ch\/de\/#organization","name":"P&TS SA","url":"https:\/\/www.patentattorneys.ch\/de\/","logo":{"@type":"ImageObject","inLanguage":"en-US","@id":"https:\/\/www.patentattorneys.ch\/de\/#\/schema\/logo\/image\/","url":"https:\/\/www.patentattorneys.ch\/wp-content\/uploads\/2016\/01\/PTS_Icon.jpg","contentUrl":"https:\/\/www.patentattorneys.ch\/wp-content\/uploads\/2016\/01\/PTS_Icon.jpg","width":512,"height":512,"caption":"P&TS SA"},"image":{"@id":"https:\/\/www.patentattorneys.ch\/de\/#\/schema\/logo\/image\/"},"sameAs":["https:\/\/www.facebook.com\/PTS.Ltd\/","https:\/\/x.com\/PTSSA","https:\/\/www.linkedin.com\/company\/p&ts-sa"]}]}},"_links":{"self":[{"href":"https:\/\/www.patentattorneys.ch\/en\/wp-json\/wp\/v2\/pages\/15819"}],"collection":[{"href":"https:\/\/www.patentattorneys.ch\/en\/wp-json\/wp\/v2\/pages"}],"about":[{"href":"https:\/\/www.patentattorneys.ch\/en\/wp-json\/wp\/v2\/types\/page"}],"author":[{"embeddable":true,"href":"https:\/\/www.patentattorneys.ch\/en\/wp-json\/wp\/v2\/users\/4"}],"replies":[{"embeddable":true,"href":"https:\/\/www.patentattorneys.ch\/en\/wp-json\/wp\/v2\/comments?post=15819"}],"version-history":[{"count":85,"href":"https:\/\/www.patentattorneys.ch\/en\/wp-json\/wp\/v2\/pages\/15819\/revisions"}],"predecessor-version":[{"id":33758,"href":"https:\/\/www.patentattorneys.ch\/en\/wp-json\/wp\/v2\/pages\/15819\/revisions\/33758"}],"up":[{"embeddable":true,"href":"https:\/\/www.patentattorneys.ch\/en\/wp-json\/wp\/v2\/pages\/15432"}],"wp:attachment":[{"href":"https:\/\/www.patentattorneys.ch\/en\/wp-json\/wp\/v2\/media?parent=15819"}],"curies":[{"name":"wp","href":"https:\/\/api.w.org\/{rel}","templated":true}]}}