

{"id":15821,"date":"2016-01-18T23:26:41","date_gmt":"2016-01-18T22:26:41","guid":{"rendered":"http:\/\/www.patentattorneys.ch\/?page_id=15821"},"modified":"2024-05-09T15:45:15","modified_gmt":"2024-05-09T14:45:15","slug":"horlogerie","status":"publish","type":"page","link":"https:\/\/www.patentattorneys.ch\/en\/industries\/watchmaking\/","title":{"rendered":"Watch Patents"},"content":{"rendered":"<div class=\"wpb-content-wrapper\"><p>[vc_row type=&#8221;full_width_section&#8221;][vc_column width=&#8221;1\/1&#8243;]<div class=\"imagebox wpb_content_element style-1\"><div class=\"imagebox-img\"><img decoding=\"async\" src=\"https:\/\/www.patentattorneys.ch\/wp-content\/uploads\/2019\/10\/banner_manufacturing2_wide.jpg\" alt=\"Brevets pour l&#039;horlogerie - Watch Patents - Patente f\u00fcr die Uhrenindustrie\" \/><\/div><\/div>[\/vc_column][\/vc_row][vc_row][vc_column width=&#8221;1\/1&#8243;]<style>#breadcrumb-6a07695c1af6c li::after { content: \"\u00bb\" }<\/style><div class=\"\"><ol class=\"wwp-vc-breadcrumbs \" id=\"breadcrumb-6a07695c1af6c\"><li class=\"visited\"><a href=\"\/\">Home<\/a><\/li><li class=\"visited\"><a href=\"https:\/\/www.patentattorneys.ch\/en\/industries\/\">{:fr}Industries{:}{:de}Sektoren{:}{:en}Industries{:}<\/a><\/li><li class=\"current\"><span>Watch Patents<\/span><\/li><\/ol><\/div>[\/vc_column][\/vc_row][vc_row bg_image=&#8221;15893&#8243;][vc_column animation=&#8221;fade-in-from-left&#8221; width=&#8221;2\/3&#8243;]<div class=\"spacer\" style=\"height: 40px;\"><\/div>[vc_column_text]<\/p>\n<h1>Watch Patents<\/h1>\n<p>A solid intellectual property strategy is vital in a competitive industry like watchmaking.[\/vc_column_text][vc_tabs][vc_tab title=&#8221;Expertise&#8221; tab_id=&#8221;c9c08126-3851-8&#8243;][vc_column_text]Watchmaking is an industry undergoing constant change, where innovation goes hand in hand with tradition, and where competition is fierce. Smartwatches, developed by multinationals with a very aggressive patent approach, represent another potential source of conflict when it comes to intellectual property. And protecting innovation goes still further: watch counterfeiters are constantly reinventing themselves and improving the quality of their work, and they are able to reach consumers directly thanks to the Internet.<\/p>\n<h6>This tense climate has not been helped by the high level of consolidation within the Swiss watchmaking sector, which has fuelled competition between groups and between subcontractors. This underscores the importance of innovation, as it sets a product apart on the market, and maintaining exclusive rights to that product is essential.<\/h6>\n<p>That\u2019s where P&amp;TS comes in. We are based in Neuch\u00e2tel \u2013 in the heart of Swiss watchmaking country \u2013 so watches are one of our true passions. And we even encourage our engineers to get some hands-on experience in manufacturing.[\/vc_column_text][\/vc_tab][vc_tab title=&#8221;Experience&#8221; tab_id=&#8221;1453669696668-1-8&#8243;][vc_column_text]While we serve all industries, we are a leader in the watchmaking sector, with several dozen patent filings every year in this area. We work with the most prestigious Swiss brands, independent watchmakers and component manufacturers, devising intellectual property strategies to enable them to protect and fully exploit their inventions.<\/p>\n<h6>Our expertise in various industries complements the wide-ranging needs of the watchmaking industry. We employ specialists in such areas as microengineering, materials, electronics, design, software and watch complications.<\/h6>\n<p>[\/vc_column_text][\/vc_tab][\/vc_tabs][\/vc_column][vc_column animation=&#8221;fade-in-from-bottom&#8221; width=&#8221;1\/3&#8243;]<div class=\"spacer\" style=\"height: 40px;\"><\/div>[vc_column_text]<\/p>\n<h3>CONTACT<\/h3>\n<p>[\/vc_column_text]<div class=\"member wpb_content_element test\"><div class=\"member-img\"><a href='https:\/\/www.patentattorneys.ch\/en\/our-team\/employees\/charles-madore\/'><img decoding=\"async\" src=\"https:\/\/www.patentattorneys.ch\/wp-content\/uploads\/2020\/11\/schreyer_2003258.jpg\" alt=\"\" \/><\/a><\/div><h4><a href='https:\/\/www.patentattorneys.ch\/en\/our-team\/employees\/charles-madore\/'>Charles Madore<\/a><\/h4><div class=\"member-role\">Member of the direction. Swiss and European Patent Attorney<\/div><div class=\"member-content\"><p><\/p><\/div><\/div><div class=\"newdivider align-center\" style=\"border-bottom-style: solid; border-color: #b7b7b7; border-bottom-width: 1px; margin-top: 0; margin-bottom: 20px; width: 100%; \"><\/div><div class=\"clear\"><\/div>[\/vc_column][\/vc_row]<\/p>\n<\/div>","protected":false},"excerpt":{"rendered":"<p>[vc_row type=&#8221;full_width_section&#8221;][vc_column width=&#8221;1\/1&#8243;][\/vc_column][\/vc_row][vc_row][vc_column width=&#8221;1\/1&#8243;][\/vc_column][\/vc_row][vc_row bg_image=&#8221;15893&#8243;][vc_column animation=&#8221;fade-in-from-left&#8221; width=&#8221;2\/3&#8243;][vc_column_text] Watch Patents A solid intellectual property strategy is vital in a competitive industry like watchmaking.[\/vc_column_text][vc_tabs][vc_tab title=&#8221;Expertise&#8221; tab_id=&#8221;c9c08126-3851-8&#8243;][vc_column_text]Watchmaking is an industry undergoing constant change, where innovation goes hand in hand with tradition, and where competition is fierce. Smartwatches, developed by multinationals with a very aggressive patent approach, represent another potential source of conflict when it comes to intellectual property. And protecting innovation goes still further: watch counterfeiters are constantly reinventing themselves and improving the quality of their work, and they are able to reach consumers directly thanks to the Internet. This tense climate has not been helped by the high level of consolidation within the Swiss watchmaking sector, which has fuelled competition between groups and between subcontractors. This underscores the importance of innovation, as it sets a product apart on the market, and maintaining exclusive rights to that product is essential. That\u2019s where P&amp;TS comes in. We are based in Neuch\u00e2tel \u2013 in the heart of Swiss watchmaking country \u2013 so watches are one of our true passions. And we even encourage our engineers to get some hands-on experience in manufacturing.[\/vc_column_text][\/vc_tab][vc_tab title=&#8221;Experience&#8221; tab_id=&#8221;1453669696668-1-8&#8243;][vc_column_text]While we serve all industries, we are a leader in the watchmaking [&hellip;]<\/p>\n","protected":false},"author":4,"featured_media":0,"parent":15432,"menu_order":0,"comment_status":"closed","ping_status":"closed","template":"","meta":{"footnotes":""},"translation":{"provider":"WPGlobus","version":"3.0.2","language":"en","enabled_languages":["fr","de","en","it"],"languages":{"fr":{"title":true,"content":true,"excerpt":false},"de":{"title":true,"content":true,"excerpt":false},"en":{"title":true,"content":true,"excerpt":false},"it":{"title":false,"content":false,"excerpt":false}}},"yoast_head":"<!-- This site is optimized with the Yoast SEO plugin v24.4 - https:\/\/yoast.com\/wordpress\/plugins\/seo\/ -->\n<title>Watch Patents - P&amp;TS Ltd<\/title>\n<meta name=\"description\" content=\"Which patent strategy should be used for watchmaking? P&amp;TS, based in Neuch\u00e2tel, advises the biggest brands on securing watch patents.\" \/>\n<meta name=\"robots\" content=\"index, follow, max-snippet:-1, max-image-preview:large, max-video-preview:-1\" \/>\n<link rel=\"canonical\" href=\"https:\/\/www.patentattorneys.ch\/industries\/horlogerie\/\" \/>\n<meta property=\"og:locale\" content=\"en_US\" \/>\n<meta property=\"og:type\" content=\"article\" \/>\n<meta property=\"og:title\" content=\"Watch Patents - P&amp;TS Ltd\" \/>\n<meta property=\"og:description\" content=\"Which patent strategy should be used for watchmaking? P&amp;TS, based in Neuch\u00e2tel, advises the biggest brands on securing watch patents.\" \/>\n<meta property=\"og:url\" content=\"https:\/\/www.patentattorneys.ch\/industries\/horlogerie\/\" \/>\n<meta property=\"og:site_name\" content=\"P&amp;TS Ltd\" \/>\n<meta property=\"article:publisher\" content=\"https:\/\/www.facebook.com\/PTS.Ltd\/\" \/>\n<meta property=\"article:modified_time\" content=\"2024-05-09T14:45:15+00:00\" \/>\n<meta name=\"twitter:card\" content=\"summary_large_image\" \/>\n<meta name=\"twitter:site\" content=\"@PTSSA\" \/>\n<meta name=\"twitter:label1\" content=\"Est. reading time\" \/>\n\t<meta name=\"twitter:data1\" content=\"2 minutes\" \/>\n<script type=\"application\/ld+json\" class=\"yoast-schema-graph\">{\"@context\":\"https:\/\/schema.org\",\"@graph\":[{\"@type\":\"WebPage\",\"@id\":\"https:\/\/www.patentattorneys.ch\/industries\/horlogerie\/\",\"url\":\"https:\/\/www.patentattorneys.ch\/industries\/horlogerie\/\",\"name\":\"Watch Patents - P&amp;TS Ltd\",\"isPartOf\":{\"@id\":\"https:\/\/www.patentattorneys.ch\/de\/#website\"},\"datePublished\":\"2016-01-18T22:26:41+00:00\",\"dateModified\":\"2024-05-09T14:45:15+00:00\",\"description\":\"Quelle strat\u00e9gie de brevet pour l'horlogerie ? P&TS est bas\u00e9e \u00e0 Neuch\u00e2tel et conseille les plus grandes marques.\",\"breadcrumb\":{\"@id\":\"https:\/\/www.patentattorneys.ch\/industries\/horlogerie\/#breadcrumb\"},\"inLanguage\":\"en-US\",\"potentialAction\":[{\"@type\":\"ReadAction\",\"target\":[\"https:\/\/www.patentattorneys.ch\/industries\/horlogerie\/\"]}]},{\"@type\":\"BreadcrumbList\",\"@id\":\"https:\/\/www.patentattorneys.ch\/industries\/horlogerie\/#breadcrumb\",\"itemListElement\":[{\"@type\":\"ListItem\",\"position\":1,\"name\":\"Accueil\",\"item\":\"https:\/\/www.patentattorneys.ch\/\"},{\"@type\":\"ListItem\",\"position\":2,\"name\":\"Industries\",\"item\":\"https:\/\/www.patentattorneys.ch\/industries\/\"},{\"@type\":\"ListItem\",\"position\":3,\"name\":\"Watch Patents\"}]},{\"@type\":\"WebSite\",\"@id\":\"https:\/\/www.patentattorneys.ch\/de\/#website\",\"url\":\"https:\/\/www.patentattorneys.ch\/de\/\",\"name\":\"P&amp;TS Ltd\",\"description\":\"Intellectual Property\",\"publisher\":{\"@id\":\"https:\/\/www.patentattorneys.ch\/de\/#organization\"},\"potentialAction\":[{\"@type\":\"SearchAction\",\"target\":{\"@type\":\"EntryPoint\",\"urlTemplate\":\"https:\/\/www.patentattorneys.ch\/de\/?s={search_term_string}\"},\"query-input\":{\"@type\":\"PropertyValueSpecification\",\"valueRequired\":true,\"valueName\":\"search_term_string\"}}],\"inLanguage\":\"en-US\"},{\"@type\":\"Organization\",\"@id\":\"https:\/\/www.patentattorneys.ch\/de\/#organization\",\"name\":\"P&TS SA\",\"url\":\"https:\/\/www.patentattorneys.ch\/de\/\",\"logo\":{\"@type\":\"ImageObject\",\"inLanguage\":\"en-US\",\"@id\":\"https:\/\/www.patentattorneys.ch\/de\/#\/schema\/logo\/image\/\",\"url\":\"https:\/\/www.patentattorneys.ch\/wp-content\/uploads\/2016\/01\/PTS_Icon.jpg\",\"contentUrl\":\"https:\/\/www.patentattorneys.ch\/wp-content\/uploads\/2016\/01\/PTS_Icon.jpg\",\"width\":512,\"height\":512,\"caption\":\"P&TS SA\"},\"image\":{\"@id\":\"https:\/\/www.patentattorneys.ch\/de\/#\/schema\/logo\/image\/\"},\"sameAs\":[\"https:\/\/www.facebook.com\/PTS.Ltd\/\",\"https:\/\/x.com\/PTSSA\",\"https:\/\/www.linkedin.com\/company\/p&ts-sa\"]}]}<\/script>\n<!-- \/ Yoast SEO plugin. -->","yoast_head_json":{"title":"Watch Patents - P&amp;TS Ltd","description":"Which patent strategy should be used for watchmaking? P&TS, based in Neuch\u00e2tel, advises the biggest brands on securing watch patents.","robots":{"index":"index","follow":"follow","max-snippet":"max-snippet:-1","max-image-preview":"max-image-preview:large","max-video-preview":"max-video-preview:-1"},"canonical":"https:\/\/www.patentattorneys.ch\/industries\/horlogerie\/","og_locale":"en_US","og_type":"article","og_title":"Watch Patents - P&amp;TS Ltd","og_description":"Which patent strategy should be used for watchmaking? P&TS, based in Neuch\u00e2tel, advises the biggest brands on securing watch patents.","og_url":"https:\/\/www.patentattorneys.ch\/industries\/horlogerie\/","og_site_name":"P&amp;TS Ltd","article_publisher":"https:\/\/www.facebook.com\/PTS.Ltd\/","article_modified_time":"2024-05-09T14:45:15+00:00","twitter_card":"summary_large_image","twitter_site":"@PTSSA","twitter_misc":{"Est. reading time":"2 minutes"},"schema":{"@context":"https:\/\/schema.org","@graph":[{"@type":"WebPage","@id":"https:\/\/www.patentattorneys.ch\/industries\/horlogerie\/","url":"https:\/\/www.patentattorneys.ch\/industries\/horlogerie\/","name":"Watch Patents - P&amp;TS Ltd","isPartOf":{"@id":"https:\/\/www.patentattorneys.ch\/de\/#website"},"datePublished":"2016-01-18T22:26:41+00:00","dateModified":"2024-05-09T14:45:15+00:00","description":"Quelle strat\u00e9gie de brevet pour l'horlogerie ? P&TS est bas\u00e9e \u00e0 Neuch\u00e2tel et conseille les plus grandes marques.","breadcrumb":{"@id":"https:\/\/www.patentattorneys.ch\/industries\/horlogerie\/#breadcrumb"},"inLanguage":"en-US","potentialAction":[{"@type":"ReadAction","target":["https:\/\/www.patentattorneys.ch\/industries\/horlogerie\/"]}]},{"@type":"BreadcrumbList","@id":"https:\/\/www.patentattorneys.ch\/industries\/horlogerie\/#breadcrumb","itemListElement":[{"@type":"ListItem","position":1,"name":"Accueil","item":"https:\/\/www.patentattorneys.ch\/"},{"@type":"ListItem","position":2,"name":"Industries","item":"https:\/\/www.patentattorneys.ch\/industries\/"},{"@type":"ListItem","position":3,"name":"Watch Patents"}]},{"@type":"WebSite","@id":"https:\/\/www.patentattorneys.ch\/de\/#website","url":"https:\/\/www.patentattorneys.ch\/de\/","name":"P&amp;TS Ltd","description":"Intellectual Property","publisher":{"@id":"https:\/\/www.patentattorneys.ch\/de\/#organization"},"potentialAction":[{"@type":"SearchAction","target":{"@type":"EntryPoint","urlTemplate":"https:\/\/www.patentattorneys.ch\/de\/?s={search_term_string}"},"query-input":{"@type":"PropertyValueSpecification","valueRequired":true,"valueName":"search_term_string"}}],"inLanguage":"en-US"},{"@type":"Organization","@id":"https:\/\/www.patentattorneys.ch\/de\/#organization","name":"P&TS SA","url":"https:\/\/www.patentattorneys.ch\/de\/","logo":{"@type":"ImageObject","inLanguage":"en-US","@id":"https:\/\/www.patentattorneys.ch\/de\/#\/schema\/logo\/image\/","url":"https:\/\/www.patentattorneys.ch\/wp-content\/uploads\/2016\/01\/PTS_Icon.jpg","contentUrl":"https:\/\/www.patentattorneys.ch\/wp-content\/uploads\/2016\/01\/PTS_Icon.jpg","width":512,"height":512,"caption":"P&TS SA"},"image":{"@id":"https:\/\/www.patentattorneys.ch\/de\/#\/schema\/logo\/image\/"},"sameAs":["https:\/\/www.facebook.com\/PTS.Ltd\/","https:\/\/x.com\/PTSSA","https:\/\/www.linkedin.com\/company\/p&ts-sa"]}]}},"_links":{"self":[{"href":"https:\/\/www.patentattorneys.ch\/en\/wp-json\/wp\/v2\/pages\/15821"}],"collection":[{"href":"https:\/\/www.patentattorneys.ch\/en\/wp-json\/wp\/v2\/pages"}],"about":[{"href":"https:\/\/www.patentattorneys.ch\/en\/wp-json\/wp\/v2\/types\/page"}],"author":[{"embeddable":true,"href":"https:\/\/www.patentattorneys.ch\/en\/wp-json\/wp\/v2\/users\/4"}],"replies":[{"embeddable":true,"href":"https:\/\/www.patentattorneys.ch\/en\/wp-json\/wp\/v2\/comments?post=15821"}],"version-history":[{"count":90,"href":"https:\/\/www.patentattorneys.ch\/en\/wp-json\/wp\/v2\/pages\/15821\/revisions"}],"predecessor-version":[{"id":33753,"href":"https:\/\/www.patentattorneys.ch\/en\/wp-json\/wp\/v2\/pages\/15821\/revisions\/33753"}],"up":[{"embeddable":true,"href":"https:\/\/www.patentattorneys.ch\/en\/wp-json\/wp\/v2\/pages\/15432"}],"wp:attachment":[{"href":"https:\/\/www.patentattorneys.ch\/en\/wp-json\/wp\/v2\/media?parent=15821"}],"curies":[{"name":"wp","href":"https:\/\/api.w.org\/{rel}","templated":true}]}}