

{"id":15836,"date":"2016-01-18T23:33:17","date_gmt":"2016-01-18T22:33:17","guid":{"rendered":"http:\/\/www.patentattorneys.ch\/?page_id=15836"},"modified":"2025-11-28T16:01:40","modified_gmt":"2025-11-28T15:01:40","slug":"download_section","status":"publish","type":"page","link":"https:\/\/www.patentattorneys.ch\/en\/download_section\/","title":{"rendered":"Downloadable documents"},"content":{"rendered":"<div class=\"wpb-content-wrapper\"><p>[vc_row type=&#8221;full_width_section&#8221;][vc_column width=&#8221;1\/1&#8243;]<div class=\"imagebox wpb_content_element style-1\"><div class=\"imagebox-img\"><img decoding=\"async\" src=\"https:\/\/www.patentattorneys.ch\/wp-content\/uploads\/2019\/10\/banner_actu_wide1.jpg\" alt=\"t\u00e9l\u00e9chargement propri\u00e9t\u00e9 intellectuelle - Downloadable documents - Downloadbereich\" \/><\/div><\/div>[\/vc_column][\/vc_row][vc_row][vc_column width=&#8221;1\/1&#8243;]<style>#breadcrumb-69e8e607e4aa8 li::after { content: \"\u00bb\" }<\/style><div class=\"\"><ol class=\"wwp-vc-breadcrumbs \" id=\"breadcrumb-69e8e607e4aa8\"><li class=\"visited\"><a href=\"\/\">Home<\/a><\/li><li class=\"current\"><span>Downloadable documents<\/span><\/li><\/ol><\/div>[\/vc_column][\/vc_row][vc_row bg_image=&#8221;15893&#8243;][vc_column animation=&#8221;fade-in-from-left&#8221; width=&#8221;3\/4&#8243;]<div class=\"spacer\" style=\"height: 40px;\"><\/div>[vc_tabs][vc_tab title=&#8221;Documents for applicants&#8221; tab_id=&#8221;c9c08126-3851-8&#8243;][vc_column_text]<a href=\"\/\/www.patentattorneys.ch\/wp-content\/uploads\/2024\/04\/Power-of-Attorney-1.pdf\" target=\"_blank\" rel=\"noopener\"><i class=\"fa fa-file-pdf-o\"><\/i> Power of Attorney <\/a><br \/>\n<a href=\"https:\/\/www.patentattorneys.ch\/wp-content\/uploads\/2024\/04\/NDA_Nondisclosure-Agreement-2024-E-2.pdf\" target=\"_blank\" rel=\"noopener\"><i class=\"fa fa-file-pdf-o\"><\/i> Nondisclosure-agreement<\/a><br \/>\n<a href=\"https:\/\/www.patentattorneys.ch\/wp-content\/uploads\/2024\/04\/Designation-of-inventors-1.pdf\" target=\"_blank\" rel=\"noopener\"><i class=\"fa fa-file-pdf-o\"><\/i> Designation of Inventors <\/a><br \/>\n<a href=\"https:\/\/www.patentattorneys.ch\/wp-content\/uploads\/2024\/04\/Indications-of-the-applicant-1.pdf\" target=\"_blank\" rel=\"noopener\"><i class=\"fa fa-file-pdf-o\"><\/i> Indications of the Applicant <\/a><\/p>\n<p><strong>Patent filing strategies: <\/strong><\/p>\n<p><a href=\"https:\/\/www.patentattorneys.ch\/wp-content\/uploads\/2020\/08\/PTS_Strategie_Depot_Brevet_A4_ENG_Preview.pdf\" target=\"_blank\" rel=\"noopener\"><i class=\"fa fa-file-pdf-o\"><\/i> Patent Filing Strategies <\/a><\/p>\n<p><strong>Schedule of fees<\/strong><\/p>\n<p>Pending&#8230;<\/p>\n<p><strong>Professional Confidentiality of Swiss patent attorneys: <\/strong><\/p>\n<p><a href=\"https:\/\/www.patentattorneys.ch\/wp-content\/uploads\/2016\/09\/Professional-Confidentiality-of-Swiss-patent-attorneys.pdf\" target=\"_blank\" rel=\"noopener\"><i class=\"fa fa-file-pdf-o\"><\/i> Professional-confidentiality-of-swiss-patent-attorneys<\/a><\/p>\n<p><strong>Sending encrypted e-mails <\/strong><\/p>\n<p><a href=\"https:\/\/www.patentattorneys.ch\/wp-content\/uploads\/2016\/08\/Installation-of-a-certificate-or-Webmail-2016-E.pdf\" target=\"_blank\" rel=\"noopener\"><i class=\"fa fa-file-pdf-o\"><\/i> Installation of a certificate or Webmail<\/a><br \/>\n<a href=\"http:\/\/www.patentattorneys.ch\/wp-content\/uploads\/2016\/08\/Info.-on-encryption-and-electronic-signature-PTS-2016-E.pdf\" target=\"_blank\" rel=\"noopener\"><i class=\"fa fa-file-pdf-o\"><\/i> Info. on encryption and electronic signature P&amp;TS<\/a><\/p>\n<p><strong>Publication by PPUR: &#8220;Brevets, Design: le Guide&#8221; (Patents, Design : the Guide), available in French only.<\/strong> A work by Christophe Saam and Pascal Koster, 100 pages, published in 2005. Concise and practical, this guide is above all aimed at inventors and applicants and anybody interested in patents and design, such as inventors, product managers, engineers and IP managers. This book can be ordered directly on the AMAZON France website using the link:<br \/>\n<a href=\"http:\/\/www.amazon.fr\/dp\/2880746663\" target=\"_blank\" rel=\"noopener noreferrer\"><i class=\"fa fa-amazon\"><\/i> Brevets et design, Le guide<\/a>[\/vc_column_text][\/vc_tab][vc_tab title=&#8221;Documents for foreign agents&#8221; tab_id=&#8221;1453669696668-1-8&#8243;][vc_column_text]<a href=\"https:\/\/www.patentattorneys.ch\/wp-content\/uploads\/2024\/04\/Power-of-Attorney-2.pdf\" target=\"_blank\" rel=\"noopener\">Power of Attorney\u00a0<\/a>[\/vc_column_text][\/vc_tab][\/vc_tabs][\/vc_column][vc_column animation=&#8221;fade-in-from-bottom&#8221; width=&#8221;1\/4&#8243;]<div class=\"spacer\" style=\"height: 40px;\"><\/div>[vc_column_text]<\/p>\n<h3>CONTACT<\/h3>\n<p>[\/vc_column_text]<div class=\"member wpb_content_element test\"><div class=\"member-img\"><img decoding=\"async\" src=\"https:\/\/www.patentattorneys.ch\/wp-content\/uploads\/2020\/10\/schreyer_2003319_contact.jpg\" alt=\"Contact\" \/><\/div><h4>Contact P&amp;TS<\/h4><div class=\"member-role\"><\/div><div class=\"member-content\"><p><a href=\"&#x6d;&#x61;&#x69;&#x6c;&#x74;&#x6f;&#x3a;&#105;&#110;&#102;o&#64;pate&#x6e;&#x74;&#x61;&#x74;&#x74;&#x6f;&#x72;&#x6e;&#101;&#121;s.ch\">e-mail<\/a><\/p><\/div><\/div>[\/vc_column][\/vc_row]<\/p>\n<\/div>","protected":false},"excerpt":{"rendered":"<p>[vc_row type=&#8221;full_width_section&#8221;][vc_column width=&#8221;1\/1&#8243;][\/vc_column][\/vc_row][vc_row][vc_column width=&#8221;1\/1&#8243;][\/vc_column][\/vc_row][vc_row bg_image=&#8221;15893&#8243;][vc_column animation=&#8221;fade-in-from-left&#8221; width=&#8221;3\/4&#8243;][vc_tabs][vc_tab title=&#8221;Documents for applicants&#8221; tab_id=&#8221;c9c08126-3851-8&#8243;][vc_column_text] Power of Attorney Nondisclosure-agreement Designation of Inventors Indications of the Applicant Patent filing strategies: Patent Filing Strategies Schedule of fees Pending&#8230; Professional Confidentiality of Swiss patent attorneys: Professional-confidentiality-of-swiss-patent-attorneys Sending encrypted e-mails Installation of a certificate or Webmail Info. on encryption and electronic signature P&amp;TS Publication by PPUR: &#8220;Brevets, Design: le Guide&#8221; (Patents, Design : the Guide), available in French only. A work by Christophe Saam and Pascal Koster, 100 pages, published in 2005. Concise and practical, this guide is above all aimed at inventors and applicants and anybody interested in patents and design, such as inventors, product managers, engineers and IP managers. This book can be ordered directly on the AMAZON France website using the link: Brevets et design, Le guide[\/vc_column_text][\/vc_tab][vc_tab title=&#8221;Documents for foreign agents&#8221; tab_id=&#8221;1453669696668-1-8&#8243;][vc_column_text]Power of Attorney\u00a0[\/vc_column_text][\/vc_tab][\/vc_tabs][\/vc_column][vc_column animation=&#8221;fade-in-from-bottom&#8221; width=&#8221;1\/4&#8243;][vc_column_text] CONTACT [\/vc_column_text][\/vc_column][\/vc_row]<\/p>\n","protected":false},"author":4,"featured_media":0,"parent":0,"menu_order":0,"comment_status":"closed","ping_status":"closed","template":"","meta":{"footnotes":""},"translation":{"provider":"WPGlobus","version":"3.0.2","language":"en","enabled_languages":["fr","de","en","it"],"languages":{"fr":{"title":true,"content":true,"excerpt":false},"de":{"title":true,"content":true,"excerpt":false},"en":{"title":true,"content":true,"excerpt":false},"it":{"title":false,"content":false,"excerpt":false}}},"yoast_head":"<!-- This site is optimized with the Yoast SEO plugin v24.4 - https:\/\/yoast.com\/wordpress\/plugins\/seo\/ -->\n<title>Downloadable documents - P&amp;TS Ltd<\/title>\n<meta name=\"description\" content=\"Get useful downloadable documents about intellectual property for your business today.\" \/>\n<meta name=\"robots\" content=\"index, follow, max-snippet:-1, max-image-preview:large, max-video-preview:-1\" \/>\n<link rel=\"canonical\" href=\"https:\/\/www.patentattorneys.ch\/download_section\/\" \/>\n<meta property=\"og:locale\" content=\"en_US\" \/>\n<meta property=\"og:type\" content=\"article\" \/>\n<meta property=\"og:title\" content=\"Downloadable documents - P&amp;TS Ltd\" \/>\n<meta property=\"og:description\" content=\"Get useful downloadable documents about intellectual property for your business today.\" \/>\n<meta property=\"og:url\" content=\"https:\/\/www.patentattorneys.ch\/download_section\/\" \/>\n<meta property=\"og:site_name\" content=\"P&amp;TS Ltd\" \/>\n<meta property=\"article:publisher\" content=\"https:\/\/www.facebook.com\/PTS.Ltd\/\" \/>\n<meta property=\"article:modified_time\" content=\"2025-11-28T15:01:40+00:00\" \/>\n<meta name=\"twitter:card\" content=\"summary_large_image\" \/>\n<meta name=\"twitter:site\" content=\"@PTSSA\" \/>\n<meta name=\"twitter:label1\" content=\"Est. reading time\" \/>\n\t<meta name=\"twitter:data1\" content=\"1 minute\" \/>\n<script type=\"application\/ld+json\" class=\"yoast-schema-graph\">{\"@context\":\"https:\/\/schema.org\",\"@graph\":[{\"@type\":\"WebPage\",\"@id\":\"https:\/\/www.patentattorneys.ch\/download_section\/\",\"url\":\"https:\/\/www.patentattorneys.ch\/download_section\/\",\"name\":\"Downloadable documents - P&amp;TS Ltd\",\"isPartOf\":{\"@id\":\"https:\/\/www.patentattorneys.ch\/de\/#website\"},\"datePublished\":\"2016-01-18T22:33:17+00:00\",\"dateModified\":\"2025-11-28T15:01:40+00:00\",\"description\":\"Get useful downloadable documents about intellectual property for your business today.\",\"breadcrumb\":{\"@id\":\"https:\/\/www.patentattorneys.ch\/download_section\/#breadcrumb\"},\"inLanguage\":\"en-US\",\"potentialAction\":[{\"@type\":\"ReadAction\",\"target\":[\"https:\/\/www.patentattorneys.ch\/download_section\/\"]}]},{\"@type\":\"BreadcrumbList\",\"@id\":\"https:\/\/www.patentattorneys.ch\/download_section\/#breadcrumb\",\"itemListElement\":[{\"@type\":\"ListItem\",\"position\":1,\"name\":\"Accueil\",\"item\":\"https:\/\/www.patentattorneys.ch\/\"},{\"@type\":\"ListItem\",\"position\":2,\"name\":\"Section t\u00e9l\u00e9chargement\"}]},{\"@type\":\"WebSite\",\"@id\":\"https:\/\/www.patentattorneys.ch\/de\/#website\",\"url\":\"https:\/\/www.patentattorneys.ch\/de\/\",\"name\":\"P&amp;TS Ltd\",\"description\":\"Intellectual Property\",\"publisher\":{\"@id\":\"https:\/\/www.patentattorneys.ch\/de\/#organization\"},\"potentialAction\":[{\"@type\":\"SearchAction\",\"target\":{\"@type\":\"EntryPoint\",\"urlTemplate\":\"https:\/\/www.patentattorneys.ch\/de\/?s={search_term_string}\"},\"query-input\":{\"@type\":\"PropertyValueSpecification\",\"valueRequired\":true,\"valueName\":\"search_term_string\"}}],\"inLanguage\":\"en-US\"},{\"@type\":\"Organization\",\"@id\":\"https:\/\/www.patentattorneys.ch\/de\/#organization\",\"name\":\"P&TS SA\",\"url\":\"https:\/\/www.patentattorneys.ch\/de\/\",\"logo\":{\"@type\":\"ImageObject\",\"inLanguage\":\"en-US\",\"@id\":\"https:\/\/www.patentattorneys.ch\/de\/#\/schema\/logo\/image\/\",\"url\":\"https:\/\/www.patentattorneys.ch\/wp-content\/uploads\/2016\/01\/PTS_Icon.jpg\",\"contentUrl\":\"https:\/\/www.patentattorneys.ch\/wp-content\/uploads\/2016\/01\/PTS_Icon.jpg\",\"width\":512,\"height\":512,\"caption\":\"P&TS SA\"},\"image\":{\"@id\":\"https:\/\/www.patentattorneys.ch\/de\/#\/schema\/logo\/image\/\"},\"sameAs\":[\"https:\/\/www.facebook.com\/PTS.Ltd\/\",\"https:\/\/x.com\/PTSSA\",\"https:\/\/www.linkedin.com\/company\/p&ts-sa\"]}]}<\/script>\n<!-- \/ Yoast SEO plugin. -->","yoast_head_json":{"title":"Downloadable documents - P&amp;TS Ltd","description":"Get useful downloadable documents about intellectual property for your business today.","robots":{"index":"index","follow":"follow","max-snippet":"max-snippet:-1","max-image-preview":"max-image-preview:large","max-video-preview":"max-video-preview:-1"},"canonical":"https:\/\/www.patentattorneys.ch\/download_section\/","og_locale":"en_US","og_type":"article","og_title":"Downloadable documents - P&amp;TS Ltd","og_description":"Get useful downloadable documents about intellectual property for your business today.","og_url":"https:\/\/www.patentattorneys.ch\/download_section\/","og_site_name":"P&amp;TS Ltd","article_publisher":"https:\/\/www.facebook.com\/PTS.Ltd\/","article_modified_time":"2025-11-28T15:01:40+00:00","twitter_card":"summary_large_image","twitter_site":"@PTSSA","twitter_misc":{"Est. reading time":"1 minute"},"schema":{"@context":"https:\/\/schema.org","@graph":[{"@type":"WebPage","@id":"https:\/\/www.patentattorneys.ch\/download_section\/","url":"https:\/\/www.patentattorneys.ch\/download_section\/","name":"Downloadable documents - P&amp;TS Ltd","isPartOf":{"@id":"https:\/\/www.patentattorneys.ch\/de\/#website"},"datePublished":"2016-01-18T22:33:17+00:00","dateModified":"2025-11-28T15:01:40+00:00","description":"Get useful downloadable documents about intellectual property for your business today.","breadcrumb":{"@id":"https:\/\/www.patentattorneys.ch\/download_section\/#breadcrumb"},"inLanguage":"en-US","potentialAction":[{"@type":"ReadAction","target":["https:\/\/www.patentattorneys.ch\/download_section\/"]}]},{"@type":"BreadcrumbList","@id":"https:\/\/www.patentattorneys.ch\/download_section\/#breadcrumb","itemListElement":[{"@type":"ListItem","position":1,"name":"Accueil","item":"https:\/\/www.patentattorneys.ch\/"},{"@type":"ListItem","position":2,"name":"Section t\u00e9l\u00e9chargement"}]},{"@type":"WebSite","@id":"https:\/\/www.patentattorneys.ch\/de\/#website","url":"https:\/\/www.patentattorneys.ch\/de\/","name":"P&amp;TS Ltd","description":"Intellectual Property","publisher":{"@id":"https:\/\/www.patentattorneys.ch\/de\/#organization"},"potentialAction":[{"@type":"SearchAction","target":{"@type":"EntryPoint","urlTemplate":"https:\/\/www.patentattorneys.ch\/de\/?s={search_term_string}"},"query-input":{"@type":"PropertyValueSpecification","valueRequired":true,"valueName":"search_term_string"}}],"inLanguage":"en-US"},{"@type":"Organization","@id":"https:\/\/www.patentattorneys.ch\/de\/#organization","name":"P&TS SA","url":"https:\/\/www.patentattorneys.ch\/de\/","logo":{"@type":"ImageObject","inLanguage":"en-US","@id":"https:\/\/www.patentattorneys.ch\/de\/#\/schema\/logo\/image\/","url":"https:\/\/www.patentattorneys.ch\/wp-content\/uploads\/2016\/01\/PTS_Icon.jpg","contentUrl":"https:\/\/www.patentattorneys.ch\/wp-content\/uploads\/2016\/01\/PTS_Icon.jpg","width":512,"height":512,"caption":"P&TS SA"},"image":{"@id":"https:\/\/www.patentattorneys.ch\/de\/#\/schema\/logo\/image\/"},"sameAs":["https:\/\/www.facebook.com\/PTS.Ltd\/","https:\/\/x.com\/PTSSA","https:\/\/www.linkedin.com\/company\/p&ts-sa"]}]}},"_links":{"self":[{"href":"https:\/\/www.patentattorneys.ch\/en\/wp-json\/wp\/v2\/pages\/15836"}],"collection":[{"href":"https:\/\/www.patentattorneys.ch\/en\/wp-json\/wp\/v2\/pages"}],"about":[{"href":"https:\/\/www.patentattorneys.ch\/en\/wp-json\/wp\/v2\/types\/page"}],"author":[{"embeddable":true,"href":"https:\/\/www.patentattorneys.ch\/en\/wp-json\/wp\/v2\/users\/4"}],"replies":[{"embeddable":true,"href":"https:\/\/www.patentattorneys.ch\/en\/wp-json\/wp\/v2\/comments?post=15836"}],"version-history":[{"count":377,"href":"https:\/\/www.patentattorneys.ch\/en\/wp-json\/wp\/v2\/pages\/15836\/revisions"}],"predecessor-version":[{"id":35609,"href":"https:\/\/www.patentattorneys.ch\/en\/wp-json\/wp\/v2\/pages\/15836\/revisions\/35609"}],"wp:attachment":[{"href":"https:\/\/www.patentattorneys.ch\/en\/wp-json\/wp\/v2\/media?parent=15836"}],"curies":[{"name":"wp","href":"https:\/\/api.w.org\/{rel}","templated":true}]}}