

{"id":16285,"date":"2016-01-24T23:25:52","date_gmt":"2016-01-24T22:25:52","guid":{"rendered":"http:\/\/www.patentattorneys.ch\/?page_id=16285"},"modified":"2024-05-15T15:25:07","modified_gmt":"2024-05-15T14:25:07","slug":"demande_de_brevet_provisoire","status":"publish","type":"page","link":"https:\/\/www.patentattorneys.ch\/en\/our-services\/patents\/provisional-patent-application\/","title":{"rendered":"Provisional patent application; patent application without fees"},"content":{"rendered":"<div class=\"wpb-content-wrapper\"><p>[vc_row type=&#8221;full_width_section&#8221;][vc_column width=&#8221;1\/1&#8243;]<div class=\"imagebox wpb_content_element style-1\"><div class=\"imagebox-img\"><img decoding=\"async\" src=\"https:\/\/www.patentattorneys.ch\/wp-content\/uploads\/2020\/11\/banner_brevet.jpg\" alt=\"Conditions d&#039;obtention des brevets - Conditions for obtaining a patent - Voraussetzungen f\u00fcr die Erteilung von Patenten\" \/><\/div><\/div>[\/vc_column][\/vc_row][vc_row][vc_column width=&#8221;1\/1&#8243;]<style>#breadcrumb-69d12de4d7748 li::after { content: \"\u00bb\" }<\/style><div class=\"\"><ol class=\"wwp-vc-breadcrumbs \" id=\"breadcrumb-69d12de4d7748\"><li class=\"visited\"><a href=\"\/\">Home<\/a><\/li><li class=\"visited\"><a href=\"https:\/\/www.patentattorneys.ch\/en\/our-services\/\">{:fr}Services{:}{:de}Dienstleitungen{:}{:en}Our services{:}<\/a><\/li><li class=\"visited\"><a href=\"https:\/\/www.patentattorneys.ch\/en\/our-services\/patents\/\">{:fr}Brevets{:}{:de}Patente{:}{:en}Patents{:}<\/a><\/li><li class=\"current\"><span>Provisional patent application; patent application without fees<\/span><\/li><\/ol><\/div>[\/vc_column][\/vc_row][vc_row bg_image=&#8221;15893&#8243;][vc_column animation=&#8221;fade-in-from-left&#8221; width=&#8221;2\/3&#8243;]<div class=\"spacer\" style=\"height: 40px;\"><\/div>[vc_column_text]<\/p>\n<h1>Provisional patent application; patent application without fees<\/h1>\n<p>[\/vc_column_text][vc_tabs][vc_tab title=&#8221;Provisional Patent Applications in the USA&#8221; tab_id=&#8221;c9c08126-3851-8&#8243;][vc_column_text]<\/p>\n<h6><b>Provisional Patent Application in the USA <\/b><\/h6>\n<p>It is possible to file in the USA provisional patent applications whose sole purpose is to generate a priority right. A provisional patent application will never result in a granted patent and is not published.<\/p>\n<p>The main interest of provisional applications in the US is to establish a priority right for a very low initial cost and with minimum formalities. The official filing fees amount to USD 260 only (USD 130 for small entities), to which the service charge of a local patent attorney must be added. The formal requirements are not very strict and it is in fact possible to file any typed text as a provisional application. The object of the invention claimed in any subsequent application claiming this priority cannot extend beyond the global content of this application and it is thus necessary for the description to be sufficiently detailed from a technical point of view to fulfill this requirement. Most states further require that the invention can be realized on the basis of the teachings of the priority document. <b><\/b><\/p>\n<h6><b>Advantage of Provisional Applications<\/b><\/h6>\n<p>Provisional applications answer the needs of inventors who do not have the time or the means for immediately filing a definitive application. This can be the case for example of an individual inventor or a small company wishing to sell their innovation rather than working it themselves. It is possible in such a case to file a provisional application to establish a priority right before any market research. Provisional applications are also of interest if all the invention&#8217;s commercial prospects are still uncertain or if the invention is likely to evolve from a technical point of view and it is still too early to describe the invention in a definitive manner.<\/p>\n<h6>The filing of a provisional application in the US also makes it possible to obtain at a low cost a very early filing date in the USA.<\/h6>\n<p>[\/vc_column_text][\/vc_tab][vc_tab title=&#8221;Provisional patent applications in Switzerland\/Europe&#8221; tab_id=&#8221;1453669696668-1-8&#8243;][vc_column_text] <b>Applications without Fees in Switzerland or in Europe<\/b><\/p>\n<h6>If the possibility of claiming a very early conception date of the invention in the US is not essential, it is generally easier, safer and more economical for obtaining a priority right to file a patent application in Switzerland or in Europe without paying any fees. The application will then be rejected but only after having received a filing date and number that can be claimed as priority for subsequent applications.<\/h6>\n<p>[\/vc_column_text][\/vc_tab][\/vc_tabs][\/vc_column][vc_column animation=&#8221;fade-in-from-bottom&#8221; width=&#8221;1\/3&#8243;]<div class=\"spacer\" style=\"height: 40px;\"><\/div>[vc_column_text]<\/p>\n<h3>CONTACT<\/h3>\n<p>[\/vc_column_text]<div class=\"member wpb_content_element test\"><div class=\"member-img\"><img decoding=\"async\" src=\"https:\/\/www.patentattorneys.ch\/wp-content\/uploads\/2020\/10\/schreyer_2003319_contact.jpg\" alt=\"Contact\" \/><\/div><h4>Contact P&amp;TS<\/h4><div class=\"member-role\"><\/div><div class=\"member-content\"><p><a href=\"&#x6d;&#x61;&#x69;&#x6c;&#x74;&#x6f;&#x3a;&#x69;&#x6e;&#x66;&#x6f;&#64;&#112;&#97;&#116;entattorn&#x65;&#x79;&#x73;&#x2e;&#x63;&#x68;\"><i class=\"fa fa-envelope-o minti-icon\" style=\"color:#888888 !important; font-size: 14px; margin: 0px 0px 0px 0px\"><\/i> e-mail<\/a><\/p><\/div><\/div><div class=\"newdivider align-center\" style=\"border-bottom-style: solid; border-color: #b7b7b7; border-bottom-width: 1px; margin-top: 0; margin-bottom: 20px; width: 100%; \"><\/div><div class=\"clear\"><\/div>[\/vc_column][\/vc_row]<\/p>\n<\/div>","protected":false},"excerpt":{"rendered":"<p>[vc_row type=&#8221;full_width_section&#8221;][vc_column width=&#8221;1\/1&#8243;][\/vc_column][\/vc_row][vc_row][vc_column width=&#8221;1\/1&#8243;][\/vc_column][\/vc_row][vc_row bg_image=&#8221;15893&#8243;][vc_column animation=&#8221;fade-in-from-left&#8221; width=&#8221;2\/3&#8243;][vc_column_text] Provisional patent application; patent application without fees [\/vc_column_text][vc_tabs][vc_tab title=&#8221;Provisional Patent Applications in the USA&#8221; tab_id=&#8221;c9c08126-3851-8&#8243;][vc_column_text] Provisional Patent Application in the USA It is possible to file in the USA provisional patent applications whose sole purpose is to generate a priority right. A provisional patent application will never result in a granted patent and is not published. The main interest of provisional applications in the US is to establish a priority right for a very low initial cost and with minimum formalities. The official filing fees amount to USD 260 only (USD 130 for small entities), to which the service charge of a local patent attorney must be added. The formal requirements are not very strict and it is in fact possible to file any typed text as a provisional application. The object of the invention claimed in any subsequent application claiming this priority cannot extend beyond the global content of this application and it is thus necessary for the description to be sufficiently detailed from a technical point of view to fulfill this requirement. Most states further require that the invention can be realized on the basis of the teachings of the priority [&hellip;]<\/p>\n","protected":false},"author":4,"featured_media":0,"parent":15785,"menu_order":0,"comment_status":"closed","ping_status":"closed","template":"","meta":{"footnotes":""},"translation":{"provider":"WPGlobus","version":"3.0.2","language":"en","enabled_languages":["fr","de","en","it"],"languages":{"fr":{"title":true,"content":true,"excerpt":false},"de":{"title":true,"content":true,"excerpt":false},"en":{"title":true,"content":true,"excerpt":false},"it":{"title":false,"content":false,"excerpt":false}}},"yoast_head":"<!-- This site is optimized with the Yoast SEO plugin v24.4 - https:\/\/yoast.com\/wordpress\/plugins\/seo\/ -->\n<title>Provisional patent application; patent application without fees - P&amp;TS Ltd<\/title>\n<meta name=\"description\" content=\"The provisional patent application meets the needs of inventors who do not have the time or resources to proceed with a final filing.\" \/>\n<meta name=\"robots\" content=\"index, follow, max-snippet:-1, max-image-preview:large, max-video-preview:-1\" \/>\n<link rel=\"canonical\" href=\"https:\/\/www.patentattorneys.ch\/nos-services\/brevets\/demande_de_brevet_provisoire\/\" \/>\n<meta property=\"og:locale\" content=\"en_US\" \/>\n<meta property=\"og:type\" content=\"article\" \/>\n<meta property=\"og:title\" content=\"Provisional patent application; patent application without fees - P&amp;TS Ltd\" \/>\n<meta property=\"og:description\" content=\"The provisional patent application meets the needs of inventors who do not have the time or resources to proceed with a final filing.\" \/>\n<meta property=\"og:url\" content=\"https:\/\/www.patentattorneys.ch\/nos-services\/brevets\/demande_de_brevet_provisoire\/\" \/>\n<meta property=\"og:site_name\" content=\"P&amp;TS Ltd\" \/>\n<meta property=\"article:publisher\" content=\"https:\/\/www.facebook.com\/PTS.Ltd\/\" \/>\n<meta property=\"article:modified_time\" content=\"2024-05-15T14:25:07+00:00\" \/>\n<meta name=\"twitter:card\" content=\"summary_large_image\" \/>\n<meta name=\"twitter:site\" content=\"@PTSSA\" \/>\n<meta name=\"twitter:label1\" content=\"Est. reading time\" \/>\n\t<meta name=\"twitter:data1\" content=\"2 minutes\" \/>\n<script type=\"application\/ld+json\" class=\"yoast-schema-graph\">{\"@context\":\"https:\/\/schema.org\",\"@graph\":[{\"@type\":\"WebPage\",\"@id\":\"https:\/\/www.patentattorneys.ch\/nos-services\/brevets\/demande_de_brevet_provisoire\/\",\"url\":\"https:\/\/www.patentattorneys.ch\/nos-services\/brevets\/demande_de_brevet_provisoire\/\",\"name\":\"Provisional patent application; patent application without fees - P&amp;TS Ltd\",\"isPartOf\":{\"@id\":\"https:\/\/www.patentattorneys.ch\/de\/#website\"},\"datePublished\":\"2016-01-24T22:25:52+00:00\",\"dateModified\":\"2024-05-15T14:25:07+00:00\",\"description\":\"La demande provisoire r\u00e9pond aux besoins des inventeurs qui n'ont pas le temps ou les moyens pour proc\u00e9der \u00e0 un d\u00e9p\u00f4t d\u00e9finitif.\",\"breadcrumb\":{\"@id\":\"https:\/\/www.patentattorneys.ch\/nos-services\/brevets\/demande_de_brevet_provisoire\/#breadcrumb\"},\"inLanguage\":\"en-US\",\"potentialAction\":[{\"@type\":\"ReadAction\",\"target\":[\"https:\/\/www.patentattorneys.ch\/nos-services\/brevets\/demande_de_brevet_provisoire\/\"]}]},{\"@type\":\"BreadcrumbList\",\"@id\":\"https:\/\/www.patentattorneys.ch\/nos-services\/brevets\/demande_de_brevet_provisoire\/#breadcrumb\",\"itemListElement\":[{\"@type\":\"ListItem\",\"position\":1,\"name\":\"Accueil\",\"item\":\"https:\/\/www.patentattorneys.ch\/\"},{\"@type\":\"ListItem\",\"position\":2,\"name\":\"Our services\",\"item\":\"https:\/\/www.patentattorneys.ch\/nos-services\/\"},{\"@type\":\"ListItem\",\"position\":3,\"name\":\"Patents\",\"item\":\"https:\/\/www.patentattorneys.ch\/nos-services\/brevets\/\"},{\"@type\":\"ListItem\",\"position\":4,\"name\":\"Provisional patent application; patent application without fees\"}]},{\"@type\":\"WebSite\",\"@id\":\"https:\/\/www.patentattorneys.ch\/de\/#website\",\"url\":\"https:\/\/www.patentattorneys.ch\/de\/\",\"name\":\"P&amp;TS Ltd\",\"description\":\"Intellectual Property\",\"publisher\":{\"@id\":\"https:\/\/www.patentattorneys.ch\/de\/#organization\"},\"potentialAction\":[{\"@type\":\"SearchAction\",\"target\":{\"@type\":\"EntryPoint\",\"urlTemplate\":\"https:\/\/www.patentattorneys.ch\/de\/?s={search_term_string}\"},\"query-input\":{\"@type\":\"PropertyValueSpecification\",\"valueRequired\":true,\"valueName\":\"search_term_string\"}}],\"inLanguage\":\"en-US\"},{\"@type\":\"Organization\",\"@id\":\"https:\/\/www.patentattorneys.ch\/de\/#organization\",\"name\":\"P&TS SA\",\"url\":\"https:\/\/www.patentattorneys.ch\/de\/\",\"logo\":{\"@type\":\"ImageObject\",\"inLanguage\":\"en-US\",\"@id\":\"https:\/\/www.patentattorneys.ch\/de\/#\/schema\/logo\/image\/\",\"url\":\"https:\/\/www.patentattorneys.ch\/wp-content\/uploads\/2016\/01\/PTS_Icon.jpg\",\"contentUrl\":\"https:\/\/www.patentattorneys.ch\/wp-content\/uploads\/2016\/01\/PTS_Icon.jpg\",\"width\":512,\"height\":512,\"caption\":\"P&TS SA\"},\"image\":{\"@id\":\"https:\/\/www.patentattorneys.ch\/de\/#\/schema\/logo\/image\/\"},\"sameAs\":[\"https:\/\/www.facebook.com\/PTS.Ltd\/\",\"https:\/\/x.com\/PTSSA\",\"https:\/\/www.linkedin.com\/company\/p&ts-sa\"]}]}<\/script>\n<!-- \/ Yoast SEO plugin. -->","yoast_head_json":{"title":"Provisional patent application; patent application without fees - P&amp;TS Ltd","description":"The provisional patent application meets the needs of inventors who do not have the time or resources to proceed with a final filing.","robots":{"index":"index","follow":"follow","max-snippet":"max-snippet:-1","max-image-preview":"max-image-preview:large","max-video-preview":"max-video-preview:-1"},"canonical":"https:\/\/www.patentattorneys.ch\/nos-services\/brevets\/demande_de_brevet_provisoire\/","og_locale":"en_US","og_type":"article","og_title":"Provisional patent application; patent application without fees - P&amp;TS Ltd","og_description":"The provisional patent application meets the needs of inventors who do not have the time or resources to proceed with a final filing.","og_url":"https:\/\/www.patentattorneys.ch\/nos-services\/brevets\/demande_de_brevet_provisoire\/","og_site_name":"P&amp;TS Ltd","article_publisher":"https:\/\/www.facebook.com\/PTS.Ltd\/","article_modified_time":"2024-05-15T14:25:07+00:00","twitter_card":"summary_large_image","twitter_site":"@PTSSA","twitter_misc":{"Est. reading time":"2 minutes"},"schema":{"@context":"https:\/\/schema.org","@graph":[{"@type":"WebPage","@id":"https:\/\/www.patentattorneys.ch\/nos-services\/brevets\/demande_de_brevet_provisoire\/","url":"https:\/\/www.patentattorneys.ch\/nos-services\/brevets\/demande_de_brevet_provisoire\/","name":"Provisional patent application; patent application without fees - P&amp;TS Ltd","isPartOf":{"@id":"https:\/\/www.patentattorneys.ch\/de\/#website"},"datePublished":"2016-01-24T22:25:52+00:00","dateModified":"2024-05-15T14:25:07+00:00","description":"La demande provisoire r\u00e9pond aux besoins des inventeurs qui n'ont pas le temps ou les moyens pour proc\u00e9der \u00e0 un d\u00e9p\u00f4t d\u00e9finitif.","breadcrumb":{"@id":"https:\/\/www.patentattorneys.ch\/nos-services\/brevets\/demande_de_brevet_provisoire\/#breadcrumb"},"inLanguage":"en-US","potentialAction":[{"@type":"ReadAction","target":["https:\/\/www.patentattorneys.ch\/nos-services\/brevets\/demande_de_brevet_provisoire\/"]}]},{"@type":"BreadcrumbList","@id":"https:\/\/www.patentattorneys.ch\/nos-services\/brevets\/demande_de_brevet_provisoire\/#breadcrumb","itemListElement":[{"@type":"ListItem","position":1,"name":"Accueil","item":"https:\/\/www.patentattorneys.ch\/"},{"@type":"ListItem","position":2,"name":"Our services","item":"https:\/\/www.patentattorneys.ch\/nos-services\/"},{"@type":"ListItem","position":3,"name":"Patents","item":"https:\/\/www.patentattorneys.ch\/nos-services\/brevets\/"},{"@type":"ListItem","position":4,"name":"Provisional patent application; patent application without fees"}]},{"@type":"WebSite","@id":"https:\/\/www.patentattorneys.ch\/de\/#website","url":"https:\/\/www.patentattorneys.ch\/de\/","name":"P&amp;TS Ltd","description":"Intellectual Property","publisher":{"@id":"https:\/\/www.patentattorneys.ch\/de\/#organization"},"potentialAction":[{"@type":"SearchAction","target":{"@type":"EntryPoint","urlTemplate":"https:\/\/www.patentattorneys.ch\/de\/?s={search_term_string}"},"query-input":{"@type":"PropertyValueSpecification","valueRequired":true,"valueName":"search_term_string"}}],"inLanguage":"en-US"},{"@type":"Organization","@id":"https:\/\/www.patentattorneys.ch\/de\/#organization","name":"P&TS SA","url":"https:\/\/www.patentattorneys.ch\/de\/","logo":{"@type":"ImageObject","inLanguage":"en-US","@id":"https:\/\/www.patentattorneys.ch\/de\/#\/schema\/logo\/image\/","url":"https:\/\/www.patentattorneys.ch\/wp-content\/uploads\/2016\/01\/PTS_Icon.jpg","contentUrl":"https:\/\/www.patentattorneys.ch\/wp-content\/uploads\/2016\/01\/PTS_Icon.jpg","width":512,"height":512,"caption":"P&TS SA"},"image":{"@id":"https:\/\/www.patentattorneys.ch\/de\/#\/schema\/logo\/image\/"},"sameAs":["https:\/\/www.facebook.com\/PTS.Ltd\/","https:\/\/x.com\/PTSSA","https:\/\/www.linkedin.com\/company\/p&ts-sa"]}]}},"_links":{"self":[{"href":"https:\/\/www.patentattorneys.ch\/en\/wp-json\/wp\/v2\/pages\/16285"}],"collection":[{"href":"https:\/\/www.patentattorneys.ch\/en\/wp-json\/wp\/v2\/pages"}],"about":[{"href":"https:\/\/www.patentattorneys.ch\/en\/wp-json\/wp\/v2\/types\/page"}],"author":[{"embeddable":true,"href":"https:\/\/www.patentattorneys.ch\/en\/wp-json\/wp\/v2\/users\/4"}],"replies":[{"embeddable":true,"href":"https:\/\/www.patentattorneys.ch\/en\/wp-json\/wp\/v2\/comments?post=16285"}],"version-history":[{"count":87,"href":"https:\/\/www.patentattorneys.ch\/en\/wp-json\/wp\/v2\/pages\/16285\/revisions"}],"predecessor-version":[{"id":33781,"href":"https:\/\/www.patentattorneys.ch\/en\/wp-json\/wp\/v2\/pages\/16285\/revisions\/33781"}],"up":[{"embeddable":true,"href":"https:\/\/www.patentattorneys.ch\/en\/wp-json\/wp\/v2\/pages\/15785"}],"wp:attachment":[{"href":"https:\/\/www.patentattorneys.ch\/en\/wp-json\/wp\/v2\/media?parent=16285"}],"curies":[{"name":"wp","href":"https:\/\/api.w.org\/{rel}","templated":true}]}}