

{"id":16624,"date":"2016-01-29T21:34:46","date_gmt":"2016-01-29T20:34:46","guid":{"rendered":"http:\/\/www.patentattorneys.ch\/?page_id=16624"},"modified":"2024-08-13T14:50:11","modified_gmt":"2024-08-13T13:50:11","slug":"allemand","status":"publish","type":"page","link":"https:\/\/www.patentattorneys.ch\/en\/our-services\/patents\/national-patents\/german-patent\/","title":{"rendered":"German patent"},"content":{"rendered":"<div class=\"wpb-content-wrapper\"><p>[vc_row type=&#8221;full_width_section&#8221;][vc_column width=&#8221;1\/1&#8243;]<div class=\"imagebox wpb_content_element style-1\"><div class=\"imagebox-img\"><img decoding=\"async\" src=\"https:\/\/www.patentattorneys.ch\/wp-content\/uploads\/2020\/11\/banner_brevet.jpg\" alt=\"Conditions d&#039;obtention des brevets - Conditions for obtaining a patent - Voraussetzungen f\u00fcr die Erteilung von Patenten\" \/><\/div><\/div>[\/vc_column][\/vc_row][vc_row][vc_column width=&#8221;1\/1&#8243;]<style>#breadcrumb-6a0615aa9d7f8 li::after { content: \"\u00bb\" }<\/style><div class=\"\"><ol class=\"wwp-vc-breadcrumbs \" id=\"breadcrumb-6a0615aa9d7f8\"><li class=\"visited\"><a href=\"\/\">Home<\/a><\/li><li class=\"visited\"><a href=\"https:\/\/www.patentattorneys.ch\/en\/our-services\/\">{:fr}Services{:}{:de}Dienstleitungen{:}{:en}Our services{:}<\/a><\/li><li class=\"visited\"><a href=\"https:\/\/www.patentattorneys.ch\/en\/our-services\/patents\/\">{:fr}Brevets{:}{:de}Patente{:}{:en}Patents{:}<\/a><\/li><li class=\"visited\"><a href=\"https:\/\/www.patentattorneys.ch\/en\/our-services\/patents\/national-patents\/\">{:fr}Brevets nationaux{:}{:de}Nationale Patente{:}{:en}National patents{:}<\/a><\/li><li class=\"current\"><span>German patent<\/span><\/li><\/ol><\/div>[\/vc_column][\/vc_row][vc_row][vc_column width=&#8221;2\/3&#8243;]<div class=\"spacer\" style=\"height: 40px;\"><\/div>[vc_column_text]<\/p>\n<h1>German patents<\/h1>\n<p>Germany constitutes the largest European market for many industries and a prime target for exports. The German patent is an economical alternative to the European patent when it is sufficient to protect a limited number of countries within Europe. Furthermore, German courts have a proven track record in patent litigation matters, so that German granted patents can often be used quickly and efficiently against possible infringement.[\/vc_column_text][vc_tabs interval=&#8221;0&#8243; el_class=&#8221;couleurs-cat&#8221;][vc_tab title=&#8221;PATENTABILITY SEARCH&#8221; tab_id=&#8221;c9c08126-3851-8&#8243;][vc_row_inner][vc_column_inner width=&#8221;1\/6&#8243;]<div class=\"single_image wpb_content_element align-center  animate  \" data-animation=\"fade-in-from-left\" data-delay=\"0\"><img decoding=\"async\" width=\"150\" height=\"100\" src=\"https:\/\/www.patentattorneys.ch\/wp-content\/uploads\/2016\/01\/PTS_tubes_1.png\" class=\"attachment-full\" alt=\"European Patent Application - Brevets Europ\u00e9ens - Europ\u00e4isches Patent\" title=\"symbole_\u00e9tude-de-brevetabilit\u00e9\" \/><\/div>[\/vc_column_inner][vc_column_inner width=&#8221;5\/6&#8243;][vc_column_text]<\/p>\n<h4>German patent: patentability search<\/h4>\n<p>When an invention is submitted to us, we first start by checking its novelty by means of a patentability search. The aim of this search is to determine precisely the prior art that is closest to the invention. To complete the search, a report is established that contains a list of patents and possible articles published by third parties that raise concerns as to the patentability of the invention, as well as our advice for protection.<\/p>\n<h6>The costs of the patentability search are invoiced according to a flat fee agreed in advance, often around CHF 3\u2019500 + VAT for an invention of average complexity.<\/h6>\n<p>Nearly half of the inventions that are submitted to us are abandoned in the light of the patentability search report, when the inventors become aware that the prospects of obtaining protection do not justify the costs or efforts. In this case, the patentability search that was carried out enables the applicant to achieve considerable cost savings by avoiding the filing of a useless application.<\/p>\n<h6>Should the procedure on the other hand continue with the drafting of a patent application, the patentability search makes it possible to ascertain which characteristics can be effectively protected and to optimize the drafting of an application to highlight clearly the differences between the new invention and the documents uncovered by the search.<\/h6>\n<p>The patentability search report is also accompanied by one or several suggestions as to the strategy for protecting the invention, taking into account the commercial prospects of the invention, the uncovered prior art and the applicant\u2019s budget.[\/vc_column_text][\/vc_column_inner][\/vc_row_inner][\/vc_tab][vc_tab title=&#8221;FILING&#8221; tab_id=&#8221;1454113135745-1-2&#8243;][vc_row_inner][vc_column_inner width=&#8221;1\/6&#8243;]<div class=\"single_image wpb_content_element align-center  animate  \" data-animation=\"fade-in-from-left\" data-delay=\"0\"><img decoding=\"async\" width=\"150\" height=\"100\" src=\"https:\/\/www.patentattorneys.ch\/wp-content\/uploads\/2016\/01\/PTS_tubes_2.png\" class=\"attachment-full\" alt=\"D\u00e9p\u00f4t d&#039;une demande de brevet\" title=\"PTS_tubes_2\" \/><\/div>[\/vc_column_inner][vc_column_inner width=&#8221;5\/6&#8243;][vc_column_text]<\/p>\n<h4>German patent: filing<\/h4>\n<p>The text and the drawings of the patent application are then filed with the German Patent Office (DMPA) in Munich with a corresponding request. The formalities department of the DMPA checks formal aspects and gives the application an application number and a filing date.<\/p>\n<h6>From this date onwards, the invention described in the application may be disclosed publicly or commercialised without this publication being opposable to the patent.<\/h6>\n<p>[\/vc_column_text][\/vc_column_inner][\/vc_row_inner][\/vc_tab][vc_tab title=&#8221;SEARCH REPORT\/EXAMINATION&#8221; tab_id=&#8221;1454113136847-2-1&#8243;][vc_row_inner][vc_column_inner width=&#8221;1\/6&#8243;]<div class=\"single_image wpb_content_element align-center  animate  \" data-animation=\"fade-in-from-left\" data-delay=\"0\"><img decoding=\"async\" width=\"200\" height=\"100\" src=\"https:\/\/www.patentattorneys.ch\/wp-content\/uploads\/2016\/01\/PTS_tubes_10.png\" class=\"attachment-full\" alt=\"Brevet allemand\" title=\"Deutsches Patent - Verfahren\" \/><\/div>[\/vc_column_inner][vc_column_inner width=&#8221;5\/6&#8243;][vc_column_text]<\/p>\n<h4>German patent: search report\/examination<\/h4>\n<p>Within the framework of the examination process, an examiner from the DPMA will examine whether the German patent application fulfils all requirements in terms of patentability, including novelty and inventiveness. This examination procedure begins once the examination fees have been paid, which can be done at the time of filing or within a time period of 7 years at most after the filing date.<\/p>\n<h6>In the context of this examination, the examiner will perform a search in order to determine the prior art on which the assessment of novelty and inventiveness will be based. The search can be requested prior to the examination upon payment of a small additional fee in order to obtain the results faster.<\/h6>\n<p>[\/vc_column_text][\/vc_column_inner][\/vc_row_inner][\/vc_tab][vc_tab title=&#8221;PUBLICATION&#8221; tab_id=&#8221;1454113137828-3-0&#8243;][vc_row_inner][vc_column_inner width=&#8221;1\/6&#8243;]<div class=\"single_image wpb_content_element align-center  animate  \" data-animation=\"fade-in-from-left\" data-delay=\"0\"><img decoding=\"async\" width=\"150\" height=\"100\" src=\"https:\/\/www.patentattorneys.ch\/wp-content\/uploads\/2016\/01\/PTS_tubes_4.png\" class=\"attachment-full\" alt=\"\" title=\"PTS_tubes_4\" \/><\/div>[\/vc_column_inner][vc_column_inner width=&#8221;5\/6&#8243;][vc_column_text]<\/p>\n<h4>German patent: publication<\/h4>\n<p>German patent applications are published about 18 months after the filing date, or if a priority is claimed, after the date of the oldest priority. [\/vc_column_text][\/vc_column_inner][\/vc_row_inner][\/vc_tab][vc_tab title=&#8221;OFFICE ACTIONS&#8221; tab_id=&#8221;1454113140241-6-4&#8243;][vc_row_inner][vc_column_inner width=&#8221;1\/6&#8243;]<div class=\"single_image wpb_content_element align-center  animate  \" data-animation=\"fade-in-from-left\" data-delay=\"0\"><img decoding=\"async\" width=\"150\" height=\"100\" src=\"https:\/\/www.patentattorneys.ch\/wp-content\/uploads\/2016\/01\/PTS_tubes_6.png\" class=\"attachment-full\" alt=\"\" title=\"PTS_tubes_6\" \/><\/div>[\/vc_column_inner][vc_column_inner width=&#8221;5\/6&#8243;][vc_column_text]<\/p>\n<h4>German patent: office actions<\/h4>\n<p>In most cases, the examiner will identify a certain number of defects which in his opinion preclude the grant of a German patent. The main objections raised include lack of novelty, lack of inventiveness or problems of clarity. The examiner in this case will issue an office action (\u201cPr\u00fcfbescheid\u201d) in order to communicate these objections to the applicant. The issues raised can be resolved by filing arguments or modifications of the application in order to achieve grant of the patent. New office actions are issued as long as the examiner counters these arguments. It is also possible to request oral proceedings before the DPMA if necessary. [\/vc_column_text][\/vc_column_inner][\/vc_row_inner][\/vc_tab][vc_tab title=&#8221;GRANT&#8221; tab_id=&#8221;1455886635720-7-4&#8243;][vc_row_inner][vc_column_inner width=&#8221;1\/6&#8243;]<div class=\"single_image wpb_content_element align-center  animate  \" data-animation=\"fade-in-from-left\" data-delay=\"0\"><img decoding=\"async\" width=\"150\" height=\"100\" src=\"https:\/\/www.patentattorneys.ch\/wp-content\/uploads\/2016\/01\/PTS_tubes_7.png\" class=\"attachment-full\" alt=\"Brevet d\u00e9livr\u00e9\" title=\"PTS_tubes_7\" \/><\/div>[\/vc_column_inner][vc_column_inner width=&#8221;5\/6&#8243;][vc_column_text]<\/p>\n<h4>German patent: grant<\/h4>\n<p>The German patent is granted when the application, possibly amended, fulfils the patentability criteria. A decision to grant is issued wherein the protection granted is defined. This ends any possibility of making further amendments. The patent is published shortly after this decision.<\/p>\n<h6>It is possible to take action against a third party after the grant. The owner can also apply markings on the product protected by using indications such as \u201cDeutsches Patent\u201d, \u201cpatented\u201d etc.<\/h6>\n<p>[\/vc_column_text][\/vc_column_inner][\/vc_row_inner][\/vc_tab][vc_tab title=&#8221;RENEWAL FEES&#8221; tab_id=&#8221;1455886637586-8-1&#8243;][vc_row_inner][vc_column_inner width=&#8221;1\/6&#8243;]<div class=\"single_image wpb_content_element align-center  animate  \" data-animation=\"fade-in-from-left\" data-delay=\"0\"><img decoding=\"async\" width=\"150\" height=\"100\" src=\"https:\/\/www.patentattorneys.ch\/wp-content\/uploads\/2016\/01\/PTS_tubes_8.png\" class=\"attachment-full\" alt=\"\" title=\"PTS_tubes_8\" \/><\/div>[\/vc_column_inner][vc_column_inner width=&#8221;5\/6&#8243;][vc_column_text]<\/p>\n<h4>German patent: renewal fees<\/h4>\n<p>The validity of a German patent is 20 years maximum, provided however that annual maintenance fees are paid each year. The annuities, which increase progressively, must be paid to the DPMA. [\/vc_column_text][\/vc_column_inner][\/vc_row_inner][\/vc_tab][vc_tab title=&#8221;LAPSE&#8221; tab_id=&#8221;1454113142473-7-3&#8243;][vc_row_inner][vc_column_inner width=&#8221;1\/6&#8243;]<div class=\"single_image wpb_content_element align-center  animate  \" data-animation=\"fade-in-from-left\" data-delay=\"0\"><img decoding=\"async\" width=\"150\" height=\"100\" src=\"https:\/\/www.patentattorneys.ch\/wp-content\/uploads\/2016\/01\/PTS_tubes_9.png\" class=\"attachment-full\" alt=\"abandon du brevet europ\u00e9en ; d\u00e9ch\u00e9ance\" title=\"PTS_tubes_9\" \/><\/div>[\/vc_column_inner][vc_column_inner width=&#8221;5\/6&#8243;][vc_column_text]<\/p>\n<h4>German patent: lapse<\/h4>\n<p>The German patent or patent application may cease to produce its effect in one of the following cases:<\/p>\n<ul>\n<li>in any case, 20 years after the filing date<\/li>\n<li>if the applicant or owner stops paying the renewal fees or any other required fee<\/li>\n<li>if the applicant fails to answer an office action from the DPMA<\/li>\n<li>in case the application is rejected on the grounds that it does not comply with the requirements of the German Patents Act<\/li>\n<li>in case of revocation by a court<\/li>\n<\/ul>\n<h6><\/h6>\n<p>[\/vc_column_text][\/vc_column_inner][\/vc_row_inner][\/vc_tab][\/vc_tabs][vc_raw_html]JTNDc3R5bGUlM0UlMEElMjN1aS1pZC0xJTNBYmVmb3JlJTJDJTBBJTIzdWktaWQtMiUzQWJlZm9yZSUyQyUwQSUyM3VpLWlkLTMlM0FiZWZvcmUlMkMlMEElMjN1aS1pZC00JTNBYmVmb3JlJTJDJTBBJTIzdWktaWQtNSUzQWJlZm9yZSUyQyUwQSUyM3VpLWlkLTYlM0FiZWZvcmUlMkMlMEElMjN1aS1pZC03JTNBYmVmb3JlJTJDJTBBJTIzdWktaWQtOCUzQWJlZm9yZSUyMCU3QiUwQSUyMCUyMCUyMCUyMGNvbnRlbnQlM0ElMjAlMjIlMjIlM0IlMEElMjAlMjAlMjAlMjBkaXNwbGF5JTNBJTIwaW5saW5lLWJsb2NrJTNCJTBBJTIwJTIwJTIwJTIwd2lkdGglM0ElMjAuNjVlbSUzQiUwQSUyMCUyMCUyMCUyMGhlaWdodCUzQSUyMC42NWVtJTNCJTBBJTIwJTIwJTIwJTIwbWFyZ2luLXJpZ2h0JTNBJTIwLjc1ZW0lM0IlMEElN0QlMEElMjN1aS1pZC0xJTNBYmVmb3JlJTIwJTdCJTBBJTA5YmFja2dyb3VuZC1jb2xvciUzQSUyMzhjOTI4YyUzQiUwQSU3RCUwQSUwQSUyM3VpLWlkLTIlM0FiZWZvcmUlN0IlMEElMDliYWNrZ3JvdW5kLWNvbG9yJTNBJTIzNWM5MWI5JTNCJTBBJTdEJTBBJTA5JTBBJTIzdWktaWQtMyUzQWJlZm9yZSU3QiUwQSUyMCUyMGJhY2tncm91bmQlM0ElMjBsaW5lYXItZ3JhZGllbnQlMjglMjB0byUyMHJpZ2h0JTJDJTIwJTIzZjliZjE2JTJDJTIwJTIzZjliZjE2JTIwNTAlMjUlMkMlMjAlMjNlMjE5MjElMjA1MCUyNSUyQyUyMCUyM2UyMTkyMSUyMDEwMCUyNSUyMCUyOSUzQiUwQSU3RCUwQSUwOSUwQSUyM3VpLWlkLTQlM0FiZWZvcmUlN0IlMEElMDliYWNrZ3JvdW5kLWNvbG9yJTNBJTIzZjE5NjY5JTNCJTBBJTdEJTBBJTA5JTBBJTIzdWktaWQtNSUzQWJlZm9yZSU3QiUwQSUwOWJhY2tncm91bmQtY29sb3IlM0ElMjM2ODM5ODklM0IlMEElN0QlMEElMDklMEElMjN1aS1pZC02JTNBYmVmb3JlJTdCJTBBJTA5YmFja2dyb3VuZC1jb2xvciUzQSUyMzQxOTQ1ZSUzQiUwQSU3RCUwQSUwOSUwQSUyM3VpLWlkLTclM0FiZWZvcmUlN0IlMEElMDliYWNrZ3JvdW5kLWNvbG9yJTNBJTIzOTZiZTBlJTNCJTBBJTdEJTBBJTA5JTBBJTIzdWktaWQtOCUzQWJlZm9yZSU3QiUwQSUwOWJhY2tncm91bmQtY29sb3IlM0ElMjM0OTU1NTElM0IlMEElN0QlMEElM0MlMkZzdHlsZSUzRQ==[\/vc_raw_html][\/vc_column][vc_column width=&#8221;1\/3&#8243;]<div class=\"spacer\" style=\"height: 40px;\"><\/div>[vc_column_text]<\/p>\n<h3>CONTACT<\/h3>\n<p>[\/vc_column_text]<div class=\"member wpb_content_element test\"><div class=\"member-img\"><a href='http:\/\/www.patentattorneys.ch\/en\/equipe\/collaborateurs\/johannes-wohlmuth\/'><img decoding=\"async\" src=\"https:\/\/www.patentattorneys.ch\/wp-content\/uploads\/2020\/10\/schreyer_2003319_contact.jpg\" alt=\"Contact\" \/><\/a><\/div><h4><a href='http:\/\/www.patentattorneys.ch\/en\/equipe\/collaborateurs\/johannes-wohlmuth\/'>Contact P&amp;TS<\/a><\/h4><div class=\"member-role\"><\/div><div class=\"member-content\"><p><a href=\"ma&#105;&#x6c;&#x74;o:&#105;&#x6e;&#x66;&#x6f;&#64;p&#97;&#x74;&#x65;nt&#97;&#x74;&#x74;&#x6f;rn&#101;&#x79;&#x73;.c&#104;\"><i class=\"fa fa-envelope-o minti-icon\" style=\"color:#888888 !important; font-size: 14px; margin: 0px 0px 0px 0px\"><\/i> e-mail<\/a><\/p><\/div><\/div><div class=\"newdivider align-center\" style=\"border-bottom-style: solid; border-color: #b7b7b7; border-bottom-width: 1px; margin-top: 0; margin-bottom: 20px; width: 100%; \"><\/div><div class=\"clear\"><\/div><div class=\"single_image wpb_content_element align-center   \" data-animation=\"none\" data-delay=\"0\"><a href=\"https:\/\/www.patentattorneys.ch\/wp-content\/uploads\/2016\/01\/logo_dpma.gif\" class=\"prettyPhoto\" rel=\"prettyPhoto[image]\"><img decoding=\"async\" width=\"252\" height=\"100\" src=\"https:\/\/www.patentattorneys.ch\/wp-content\/uploads\/2016\/01\/logo_dpma.gif\" class=\"attachment-medium\" alt=\"brevet allemand\" title=\"logo_dpma\" \/><\/a><\/div>[\/vc_column][\/vc_row]<\/p>\n<\/div>","protected":false},"excerpt":{"rendered":"<p>[vc_row type=&#8221;full_width_section&#8221;][vc_column width=&#8221;1\/1&#8243;][\/vc_column][\/vc_row][vc_row][vc_column width=&#8221;1\/1&#8243;][\/vc_column][\/vc_row][vc_row][vc_column width=&#8221;2\/3&#8243;][vc_column_text] German patents Germany constitutes the largest European market for many industries and a prime target for exports. The German patent is an economical alternative to the European patent when it is sufficient to protect a limited number of countries within Europe. Furthermore, German courts have a proven track record in patent litigation matters, so that German granted patents can often be used quickly and efficiently against possible infringement.[\/vc_column_text][vc_tabs interval=&#8221;0&#8243; el_class=&#8221;couleurs-cat&#8221;][vc_tab title=&#8221;PATENTABILITY SEARCH&#8221; tab_id=&#8221;c9c08126-3851-8&#8243;][vc_row_inner][vc_column_inner width=&#8221;1\/6&#8243;][\/vc_column_inner][vc_column_inner width=&#8221;5\/6&#8243;][vc_column_text] German patent: patentability search When an invention is submitted to us, we first start by checking its novelty by means of a patentability search. The aim of this search is to determine precisely the prior art that is closest to the invention. To complete the search, a report is established that contains a list of patents and possible articles published by third parties that raise concerns as to the patentability of the invention, as well as our advice for protection. The costs of the patentability search are invoiced according to a flat fee agreed in advance, often around CHF 3\u2019500 + VAT for an invention of average complexity. Nearly half of the inventions that are submitted to us are abandoned [&hellip;]<\/p>\n","protected":false},"author":4,"featured_media":0,"parent":15914,"menu_order":0,"comment_status":"closed","ping_status":"closed","template":"page-patents_Allemand.php","meta":{"footnotes":""},"translation":{"provider":"WPGlobus","version":"3.0.2","language":"en","enabled_languages":["fr","de","en","it"],"languages":{"fr":{"title":true,"content":true,"excerpt":false},"de":{"title":true,"content":true,"excerpt":false},"en":{"title":true,"content":true,"excerpt":false},"it":{"title":false,"content":false,"excerpt":false}}},"yoast_head":"<!-- This site is optimized with the Yoast SEO plugin v24.4 - https:\/\/yoast.com\/wordpress\/plugins\/seo\/ -->\n<title>German Patents - P&amp;TS Ltd<\/title>\n<meta name=\"description\" content=\"Obtain your invention patent for Germany. Protect your innovations and secure your intellectual property rights.\" \/>\n<meta name=\"robots\" content=\"index, follow, max-snippet:-1, max-image-preview:large, max-video-preview:-1\" \/>\n<link rel=\"canonical\" href=\"https:\/\/www.patentattorneys.ch\/nos-services\/brevets\/brevets-nationaux\/allemand\/\" \/>\n<meta property=\"og:locale\" content=\"en_US\" \/>\n<meta property=\"og:type\" content=\"article\" \/>\n<meta property=\"og:title\" content=\"German Patents - P&amp;TS Ltd\" \/>\n<meta property=\"og:description\" content=\"Obtain your invention patent for Germany. Protect your innovations and secure your intellectual property rights.\" \/>\n<meta property=\"og:url\" content=\"https:\/\/www.patentattorneys.ch\/nos-services\/brevets\/brevets-nationaux\/allemand\/\" \/>\n<meta property=\"og:site_name\" content=\"P&amp;TS Ltd\" \/>\n<meta property=\"article:publisher\" content=\"https:\/\/www.facebook.com\/PTS.Ltd\/\" \/>\n<meta property=\"article:modified_time\" content=\"2024-08-13T13:50:11+00:00\" \/>\n<meta name=\"twitter:card\" content=\"summary_large_image\" \/>\n<meta name=\"twitter:site\" content=\"@PTSSA\" \/>\n<meta name=\"twitter:label1\" content=\"Est. reading time\" \/>\n\t<meta name=\"twitter:data1\" content=\"5 minutes\" \/>\n<script type=\"application\/ld+json\" class=\"yoast-schema-graph\">{\"@context\":\"https:\/\/schema.org\",\"@graph\":[{\"@type\":\"WebPage\",\"@id\":\"https:\/\/www.patentattorneys.ch\/nos-services\/brevets\/brevets-nationaux\/allemand\/\",\"url\":\"https:\/\/www.patentattorneys.ch\/nos-services\/brevets\/brevets-nationaux\/allemand\/\",\"name\":\"German Patents - P&amp;TS Ltd\",\"isPartOf\":{\"@id\":\"https:\/\/www.patentattorneys.ch\/de\/#website\"},\"datePublished\":\"2016-01-29T20:34:46+00:00\",\"dateModified\":\"2024-08-13T13:50:11+00:00\",\"description\":\"Obtain your invention patent for Germany. Protect your innovations and secure your intellectual property rights.\",\"breadcrumb\":{\"@id\":\"https:\/\/www.patentattorneys.ch\/nos-services\/brevets\/brevets-nationaux\/allemand\/#breadcrumb\"},\"inLanguage\":\"en-US\",\"potentialAction\":[{\"@type\":\"ReadAction\",\"target\":[\"https:\/\/www.patentattorneys.ch\/nos-services\/brevets\/brevets-nationaux\/allemand\/\"]}]},{\"@type\":\"BreadcrumbList\",\"@id\":\"https:\/\/www.patentattorneys.ch\/nos-services\/brevets\/brevets-nationaux\/allemand\/#breadcrumb\",\"itemListElement\":[{\"@type\":\"ListItem\",\"position\":1,\"name\":\"Accueil\",\"item\":\"https:\/\/www.patentattorneys.ch\/\"},{\"@type\":\"ListItem\",\"position\":2,\"name\":\"Our services\",\"item\":\"https:\/\/www.patentattorneys.ch\/nos-services\/\"},{\"@type\":\"ListItem\",\"position\":3,\"name\":\"Patents\",\"item\":\"https:\/\/www.patentattorneys.ch\/nos-services\/brevets\/\"},{\"@type\":\"ListItem\",\"position\":4,\"name\":\"National patents\",\"item\":\"https:\/\/www.patentattorneys.ch\/nos-services\/brevets\/brevets-nationaux\/\"},{\"@type\":\"ListItem\",\"position\":5,\"name\":\"German patent\"}]},{\"@type\":\"WebSite\",\"@id\":\"https:\/\/www.patentattorneys.ch\/de\/#website\",\"url\":\"https:\/\/www.patentattorneys.ch\/de\/\",\"name\":\"P&amp;TS Ltd\",\"description\":\"Intellectual Property\",\"publisher\":{\"@id\":\"https:\/\/www.patentattorneys.ch\/de\/#organization\"},\"potentialAction\":[{\"@type\":\"SearchAction\",\"target\":{\"@type\":\"EntryPoint\",\"urlTemplate\":\"https:\/\/www.patentattorneys.ch\/de\/?s={search_term_string}\"},\"query-input\":{\"@type\":\"PropertyValueSpecification\",\"valueRequired\":true,\"valueName\":\"search_term_string\"}}],\"inLanguage\":\"en-US\"},{\"@type\":\"Organization\",\"@id\":\"https:\/\/www.patentattorneys.ch\/de\/#organization\",\"name\":\"P&TS SA\",\"url\":\"https:\/\/www.patentattorneys.ch\/de\/\",\"logo\":{\"@type\":\"ImageObject\",\"inLanguage\":\"en-US\",\"@id\":\"https:\/\/www.patentattorneys.ch\/de\/#\/schema\/logo\/image\/\",\"url\":\"https:\/\/www.patentattorneys.ch\/wp-content\/uploads\/2016\/01\/PTS_Icon.jpg\",\"contentUrl\":\"https:\/\/www.patentattorneys.ch\/wp-content\/uploads\/2016\/01\/PTS_Icon.jpg\",\"width\":512,\"height\":512,\"caption\":\"P&TS SA\"},\"image\":{\"@id\":\"https:\/\/www.patentattorneys.ch\/de\/#\/schema\/logo\/image\/\"},\"sameAs\":[\"https:\/\/www.facebook.com\/PTS.Ltd\/\",\"https:\/\/x.com\/PTSSA\",\"https:\/\/www.linkedin.com\/company\/p&ts-sa\"]}]}<\/script>\n<!-- \/ Yoast SEO plugin. -->","yoast_head_json":{"title":"German Patents - P&amp;TS Ltd","description":"Obtain your invention patent for Germany. Protect your innovations and secure your intellectual property rights.","robots":{"index":"index","follow":"follow","max-snippet":"max-snippet:-1","max-image-preview":"max-image-preview:large","max-video-preview":"max-video-preview:-1"},"canonical":"https:\/\/www.patentattorneys.ch\/nos-services\/brevets\/brevets-nationaux\/allemand\/","og_locale":"en_US","og_type":"article","og_title":"German Patents - P&amp;TS Ltd","og_description":"Obtain your invention patent for Germany. Protect your innovations and secure your intellectual property rights.","og_url":"https:\/\/www.patentattorneys.ch\/nos-services\/brevets\/brevets-nationaux\/allemand\/","og_site_name":"P&amp;TS Ltd","article_publisher":"https:\/\/www.facebook.com\/PTS.Ltd\/","article_modified_time":"2024-08-13T13:50:11+00:00","twitter_card":"summary_large_image","twitter_site":"@PTSSA","twitter_misc":{"Est. reading time":"5 minutes"},"schema":{"@context":"https:\/\/schema.org","@graph":[{"@type":"WebPage","@id":"https:\/\/www.patentattorneys.ch\/nos-services\/brevets\/brevets-nationaux\/allemand\/","url":"https:\/\/www.patentattorneys.ch\/nos-services\/brevets\/brevets-nationaux\/allemand\/","name":"German Patents - P&amp;TS Ltd","isPartOf":{"@id":"https:\/\/www.patentattorneys.ch\/de\/#website"},"datePublished":"2016-01-29T20:34:46+00:00","dateModified":"2024-08-13T13:50:11+00:00","description":"Obtain your invention patent for Germany. Protect your innovations and secure your intellectual property rights.","breadcrumb":{"@id":"https:\/\/www.patentattorneys.ch\/nos-services\/brevets\/brevets-nationaux\/allemand\/#breadcrumb"},"inLanguage":"en-US","potentialAction":[{"@type":"ReadAction","target":["https:\/\/www.patentattorneys.ch\/nos-services\/brevets\/brevets-nationaux\/allemand\/"]}]},{"@type":"BreadcrumbList","@id":"https:\/\/www.patentattorneys.ch\/nos-services\/brevets\/brevets-nationaux\/allemand\/#breadcrumb","itemListElement":[{"@type":"ListItem","position":1,"name":"Accueil","item":"https:\/\/www.patentattorneys.ch\/"},{"@type":"ListItem","position":2,"name":"Our services","item":"https:\/\/www.patentattorneys.ch\/nos-services\/"},{"@type":"ListItem","position":3,"name":"Patents","item":"https:\/\/www.patentattorneys.ch\/nos-services\/brevets\/"},{"@type":"ListItem","position":4,"name":"National patents","item":"https:\/\/www.patentattorneys.ch\/nos-services\/brevets\/brevets-nationaux\/"},{"@type":"ListItem","position":5,"name":"German patent"}]},{"@type":"WebSite","@id":"https:\/\/www.patentattorneys.ch\/de\/#website","url":"https:\/\/www.patentattorneys.ch\/de\/","name":"P&amp;TS Ltd","description":"Intellectual Property","publisher":{"@id":"https:\/\/www.patentattorneys.ch\/de\/#organization"},"potentialAction":[{"@type":"SearchAction","target":{"@type":"EntryPoint","urlTemplate":"https:\/\/www.patentattorneys.ch\/de\/?s={search_term_string}"},"query-input":{"@type":"PropertyValueSpecification","valueRequired":true,"valueName":"search_term_string"}}],"inLanguage":"en-US"},{"@type":"Organization","@id":"https:\/\/www.patentattorneys.ch\/de\/#organization","name":"P&TS SA","url":"https:\/\/www.patentattorneys.ch\/de\/","logo":{"@type":"ImageObject","inLanguage":"en-US","@id":"https:\/\/www.patentattorneys.ch\/de\/#\/schema\/logo\/image\/","url":"https:\/\/www.patentattorneys.ch\/wp-content\/uploads\/2016\/01\/PTS_Icon.jpg","contentUrl":"https:\/\/www.patentattorneys.ch\/wp-content\/uploads\/2016\/01\/PTS_Icon.jpg","width":512,"height":512,"caption":"P&TS SA"},"image":{"@id":"https:\/\/www.patentattorneys.ch\/de\/#\/schema\/logo\/image\/"},"sameAs":["https:\/\/www.facebook.com\/PTS.Ltd\/","https:\/\/x.com\/PTSSA","https:\/\/www.linkedin.com\/company\/p&ts-sa"]}]}},"_links":{"self":[{"href":"https:\/\/www.patentattorneys.ch\/en\/wp-json\/wp\/v2\/pages\/16624"}],"collection":[{"href":"https:\/\/www.patentattorneys.ch\/en\/wp-json\/wp\/v2\/pages"}],"about":[{"href":"https:\/\/www.patentattorneys.ch\/en\/wp-json\/wp\/v2\/types\/page"}],"author":[{"embeddable":true,"href":"https:\/\/www.patentattorneys.ch\/en\/wp-json\/wp\/v2\/users\/4"}],"replies":[{"embeddable":true,"href":"https:\/\/www.patentattorneys.ch\/en\/wp-json\/wp\/v2\/comments?post=16624"}],"version-history":[{"count":139,"href":"https:\/\/www.patentattorneys.ch\/en\/wp-json\/wp\/v2\/pages\/16624\/revisions"}],"predecessor-version":[{"id":34165,"href":"https:\/\/www.patentattorneys.ch\/en\/wp-json\/wp\/v2\/pages\/16624\/revisions\/34165"}],"up":[{"embeddable":true,"href":"https:\/\/www.patentattorneys.ch\/en\/wp-json\/wp\/v2\/pages\/15914"}],"wp:attachment":[{"href":"https:\/\/www.patentattorneys.ch\/en\/wp-json\/wp\/v2\/media?parent=16624"}],"curies":[{"name":"wp","href":"https:\/\/api.w.org\/{rel}","templated":true}]}}