

{"id":16628,"date":"2016-01-29T21:36:40","date_gmt":"2016-01-29T20:36:40","guid":{"rendered":"http:\/\/www.patentattorneys.ch\/?page_id=16628"},"modified":"2024-05-14T21:16:52","modified_gmt":"2024-05-14T20:16:52","slug":"autre","status":"publish","type":"page","link":"https:\/\/www.patentattorneys.ch\/en\/our-services\/patents\/national-patents\/other\/","title":{"rendered":"Other"},"content":{"rendered":"<div class=\"wpb-content-wrapper\"><p>[vc_row type=&#8221;full_width_section&#8221;][vc_column width=&#8221;1\/1&#8243;]<div class=\"imagebox wpb_content_element style-1\"><div class=\"imagebox-img\"><img decoding=\"async\" src=\"https:\/\/www.patentattorneys.ch\/wp-content\/uploads\/2022\/04\/brevets_banner.jpg\" alt=\"Recherche de brevets - Patentrecherche - Patent search\" \/><\/div><\/div>[\/vc_column][\/vc_row][vc_row][vc_column width=&#8221;1\/1&#8243;]<style>#breadcrumb-69deffa8b2b45 li::after { content: \"\u00bb\" }<\/style><div class=\"\"><ol class=\"wwp-vc-breadcrumbs \" id=\"breadcrumb-69deffa8b2b45\"><li class=\"visited\"><a href=\"\/\">Home<\/a><\/li><li class=\"visited\"><a href=\"https:\/\/www.patentattorneys.ch\/en\/our-services\/\">{:fr}Services{:}{:de}Dienstleitungen{:}{:en}Our services{:}<\/a><\/li><li class=\"visited\"><a href=\"https:\/\/www.patentattorneys.ch\/en\/our-services\/patents\/\">{:fr}Brevets{:}{:de}Patente{:}{:en}Patents{:}<\/a><\/li><li class=\"visited\"><a href=\"https:\/\/www.patentattorneys.ch\/en\/our-services\/patents\/national-patents\/\">{:fr}Brevets nationaux{:}{:de}Nationale Patente{:}{:en}National patents{:}<\/a><\/li><li class=\"current\"><span>Other<\/span><\/li><\/ol><\/div>[\/vc_column][\/vc_row][vc_row][vc_column width=&#8221;2\/3&#8243;]<div class=\"spacer\" style=\"height: 40px;\"><\/div>[vc_column_text]<\/p>\n<h1>National applications<\/h1>\n<p>The initial filing of a patent application in Switzerland, in Europe, according to the PCT or without payment of fees can be extended within a 12 months\u00a0\u2019 deadline resp. within 30 months for a PCT application to other countries. It is thus possible to initially file an application in one\u00a0\u2019s own country and postpone extensions abroad. The extension of the protection abroad will also enjoy the filing date of the initial application, i.e. these later applications will be deemed to have been filed on the same day as the first resp. prior application.<\/p>\n<h6 class=\"left\">P&amp;TS has a strong network of correspondents in approximately 65 countries and is thus in a position to effect filings quickly in practically all industrialized countries. In order to limit the costs of obtaining protection, it is however necessary to select those in which the invention is to be protected and to assess the cost against the commercial value of the monopoly position in the various markets; this must be a business decision and before incurring such costs, one must be fairly sure that that the product will generate a return, taking into account also the expenditure for developing the product.<\/h6>\n<h6 class=\"left\">Two basic options are open:<\/h6>\n<p><b>1) Protection in consuming states<\/b> For many products, a monopoly in the principal economical regions (Europe, USA, Japan, etc.) will give the owner such a commercial advantage that a competitor will be dissuaded from producing a copy that can be commercialized only in the remaining countries.<\/p>\n<h6><b>2) Protection in producing states<\/b> Many technologies are exploited only in a limited number of countries, for reasons of geography (mining industry) or culture (mechanical watches). It is thus sufficient to obtain a monopoly in these countries to avoid infringement worldwide .<\/h6>\n<p>In practice, mixed strategies are often chosen, i.e. with a protection in the principal consuming countries and in the main producing countries, in particular to avoid problems of illegal imports from third countries.<\/p>\n<p>[\/vc_column_text][\/vc_column][vc_column width=&#8221;1\/3&#8243;]<div class=\"spacer\" style=\"height: 40px;\"><\/div>[vc_column_text]<\/p>\n<h3>CONTACT<\/h3>\n<p>[\/vc_column_text]<div class=\"member wpb_content_element test\"><div class=\"member-img\"><img decoding=\"async\" src=\"https:\/\/www.patentattorneys.ch\/wp-content\/uploads\/2020\/10\/schreyer_2003319_contact.jpg\" alt=\"Contact\" \/><\/div><h4>Contact P&amp;TS<\/h4><div class=\"member-role\"><\/div><div class=\"member-content\"><p><a href=\"mailt&#111;&#58;&#x69;&#x6e;&#x66;&#x6f;&#x40;&#x70;&#x61;tenta&#116;&#116;&#111;&#x72;&#x6e;&#x65;&#x79;&#x73;&#x2e;ch\"><i class=\"fa fa-envelope-o minti-icon\" style=\"color:#888888 !important; font-size: 14px; margin: 0px 0px 0px 0px\"><\/i> e-mail<\/a><\/p><\/div><\/div><div class=\"newdivider align-center\" style=\"border-bottom-style: solid; border-color: #b7b7b7; border-bottom-width: 1px; margin-top: 0; margin-bottom: 20px; width: 100%; \"><\/div><div class=\"clear\"><\/div>[\/vc_column][\/vc_row]<\/p>\n<\/div>","protected":false},"excerpt":{"rendered":"<p>[vc_row type=&#8221;full_width_section&#8221;][vc_column width=&#8221;1\/1&#8243;][\/vc_column][\/vc_row][vc_row][vc_column width=&#8221;1\/1&#8243;][\/vc_column][\/vc_row][vc_row][vc_column width=&#8221;2\/3&#8243;][vc_column_text] National applications The initial filing of a patent application in Switzerland, in Europe, according to the PCT or without payment of fees can be extended within a 12 months\u00a0\u2019 deadline resp. within 30 months for a PCT application to other countries. It is thus possible to initially file an application in one\u00a0\u2019s own country and postpone extensions abroad. The extension of the protection abroad will also enjoy the filing date of the initial application, i.e. these later applications will be deemed to have been filed on the same day as the first resp. prior application. P&amp;TS has a strong network of correspondents in approximately 65 countries and is thus in a position to effect filings quickly in practically all industrialized countries. In order to limit the costs of obtaining protection, it is however necessary to select those in which the invention is to be protected and to assess the cost against the commercial value of the monopoly position in the various markets; this must be a business decision and before incurring such costs, one must be fairly sure that that the product will generate a return, taking into account also the expenditure for developing the [&hellip;]<\/p>\n","protected":false},"author":4,"featured_media":0,"parent":15914,"menu_order":0,"comment_status":"closed","ping_status":"closed","template":"page-patents_Suisse.php","meta":{"footnotes":""},"translation":{"provider":"WPGlobus","version":"3.0.2","language":"en","enabled_languages":["fr","de","en","it"],"languages":{"fr":{"title":true,"content":true,"excerpt":false},"de":{"title":true,"content":true,"excerpt":false},"en":{"title":true,"content":true,"excerpt":false},"it":{"title":false,"content":false,"excerpt":false}}},"yoast_head":"<!-- This site is optimized with the Yoast SEO plugin v24.4 - https:\/\/yoast.com\/wordpress\/plugins\/seo\/ -->\n<title>National applications - P&amp;TS Ltd<\/title>\n<meta name=\"description\" content=\"P&amp;TS has a network of correspondents in nearly 65 countries and is thus able to make national filings very quickly.\" \/>\n<meta name=\"robots\" content=\"index, follow, max-snippet:-1, max-image-preview:large, max-video-preview:-1\" \/>\n<link rel=\"canonical\" href=\"https:\/\/www.patentattorneys.ch\/nos-services\/brevets\/brevets-nationaux\/autre\/\" \/>\n<meta property=\"og:locale\" content=\"en_US\" \/>\n<meta property=\"og:type\" content=\"article\" \/>\n<meta property=\"og:title\" content=\"National applications - P&amp;TS Ltd\" \/>\n<meta property=\"og:description\" content=\"P&amp;TS has a network of correspondents in nearly 65 countries and is thus able to make national filings very quickly.\" \/>\n<meta property=\"og:url\" content=\"https:\/\/www.patentattorneys.ch\/nos-services\/brevets\/brevets-nationaux\/autre\/\" \/>\n<meta property=\"og:site_name\" content=\"P&amp;TS Ltd\" \/>\n<meta property=\"article:publisher\" content=\"https:\/\/www.facebook.com\/PTS.Ltd\/\" \/>\n<meta property=\"article:modified_time\" content=\"2024-05-14T20:16:52+00:00\" \/>\n<meta name=\"twitter:card\" content=\"summary_large_image\" \/>\n<meta name=\"twitter:site\" content=\"@PTSSA\" \/>\n<meta name=\"twitter:label1\" content=\"Est. reading time\" \/>\n\t<meta name=\"twitter:data1\" content=\"2 minutes\" \/>\n<script type=\"application\/ld+json\" class=\"yoast-schema-graph\">{\"@context\":\"https:\/\/schema.org\",\"@graph\":[{\"@type\":\"WebPage\",\"@id\":\"https:\/\/www.patentattorneys.ch\/nos-services\/brevets\/brevets-nationaux\/autre\/\",\"url\":\"https:\/\/www.patentattorneys.ch\/nos-services\/brevets\/brevets-nationaux\/autre\/\",\"name\":\"D\u00e9p\u00f4ts nationaux - P&amp;TS Ltd\",\"isPartOf\":{\"@id\":\"https:\/\/www.patentattorneys.ch\/de\/#website\"},\"datePublished\":\"2016-01-29T20:36:40+00:00\",\"dateModified\":\"2024-05-14T20:16:52+00:00\",\"description\":\"P&TS dispose d\u2019un r\u00e9seau de correspondants dans pr\u00e8s de 65 pays et est ainsi \u00e0 m\u00eame d\u2019effectuer des d\u00e9p\u00f4ts nationaux tr\u00e8s rapidement.\",\"breadcrumb\":{\"@id\":\"https:\/\/www.patentattorneys.ch\/nos-services\/brevets\/brevets-nationaux\/autre\/#breadcrumb\"},\"inLanguage\":\"en-US\",\"potentialAction\":[{\"@type\":\"ReadAction\",\"target\":[\"https:\/\/www.patentattorneys.ch\/nos-services\/brevets\/brevets-nationaux\/autre\/\"]}]},{\"@type\":\"BreadcrumbList\",\"@id\":\"https:\/\/www.patentattorneys.ch\/nos-services\/brevets\/brevets-nationaux\/autre\/#breadcrumb\",\"itemListElement\":[{\"@type\":\"ListItem\",\"position\":1,\"name\":\"Accueil\",\"item\":\"https:\/\/www.patentattorneys.ch\/\"},{\"@type\":\"ListItem\",\"position\":2,\"name\":\"Our services\",\"item\":\"https:\/\/www.patentattorneys.ch\/nos-services\/\"},{\"@type\":\"ListItem\",\"position\":3,\"name\":\"Patents\",\"item\":\"https:\/\/www.patentattorneys.ch\/nos-services\/brevets\/\"},{\"@type\":\"ListItem\",\"position\":4,\"name\":\"National patents\",\"item\":\"https:\/\/www.patentattorneys.ch\/nos-services\/brevets\/brevets-nationaux\/\"},{\"@type\":\"ListItem\",\"position\":5,\"name\":\"Other\"}]},{\"@type\":\"WebSite\",\"@id\":\"https:\/\/www.patentattorneys.ch\/de\/#website\",\"url\":\"https:\/\/www.patentattorneys.ch\/de\/\",\"name\":\"P&amp;TS Ltd\",\"description\":\"Intellectual Property\",\"publisher\":{\"@id\":\"https:\/\/www.patentattorneys.ch\/de\/#organization\"},\"potentialAction\":[{\"@type\":\"SearchAction\",\"target\":{\"@type\":\"EntryPoint\",\"urlTemplate\":\"https:\/\/www.patentattorneys.ch\/de\/?s={search_term_string}\"},\"query-input\":{\"@type\":\"PropertyValueSpecification\",\"valueRequired\":true,\"valueName\":\"search_term_string\"}}],\"inLanguage\":\"en-US\"},{\"@type\":\"Organization\",\"@id\":\"https:\/\/www.patentattorneys.ch\/de\/#organization\",\"name\":\"P&TS SA\",\"url\":\"https:\/\/www.patentattorneys.ch\/de\/\",\"logo\":{\"@type\":\"ImageObject\",\"inLanguage\":\"en-US\",\"@id\":\"https:\/\/www.patentattorneys.ch\/de\/#\/schema\/logo\/image\/\",\"url\":\"https:\/\/www.patentattorneys.ch\/wp-content\/uploads\/2016\/01\/PTS_Icon.jpg\",\"contentUrl\":\"https:\/\/www.patentattorneys.ch\/wp-content\/uploads\/2016\/01\/PTS_Icon.jpg\",\"width\":512,\"height\":512,\"caption\":\"P&TS SA\"},\"image\":{\"@id\":\"https:\/\/www.patentattorneys.ch\/de\/#\/schema\/logo\/image\/\"},\"sameAs\":[\"https:\/\/www.facebook.com\/PTS.Ltd\/\",\"https:\/\/x.com\/PTSSA\",\"https:\/\/www.linkedin.com\/company\/p&ts-sa\"]}]}<\/script>\n<!-- \/ Yoast SEO plugin. -->","yoast_head_json":{"title":"National applications - P&amp;TS Ltd","description":"P&TS has a network of correspondents in nearly 65 countries and is thus able to make national filings very quickly.","robots":{"index":"index","follow":"follow","max-snippet":"max-snippet:-1","max-image-preview":"max-image-preview:large","max-video-preview":"max-video-preview:-1"},"canonical":"https:\/\/www.patentattorneys.ch\/nos-services\/brevets\/brevets-nationaux\/autre\/","og_locale":"en_US","og_type":"article","og_title":"National applications - P&amp;TS Ltd","og_description":"P&TS has a network of correspondents in nearly 65 countries and is thus able to make national filings very quickly.","og_url":"https:\/\/www.patentattorneys.ch\/nos-services\/brevets\/brevets-nationaux\/autre\/","og_site_name":"P&amp;TS Ltd","article_publisher":"https:\/\/www.facebook.com\/PTS.Ltd\/","article_modified_time":"2024-05-14T20:16:52+00:00","twitter_card":"summary_large_image","twitter_site":"@PTSSA","twitter_misc":{"Est. reading time":"2 minutes"},"schema":{"@context":"https:\/\/schema.org","@graph":[{"@type":"WebPage","@id":"https:\/\/www.patentattorneys.ch\/nos-services\/brevets\/brevets-nationaux\/autre\/","url":"https:\/\/www.patentattorneys.ch\/nos-services\/brevets\/brevets-nationaux\/autre\/","name":"D\u00e9p\u00f4ts nationaux - P&amp;TS Ltd","isPartOf":{"@id":"https:\/\/www.patentattorneys.ch\/de\/#website"},"datePublished":"2016-01-29T20:36:40+00:00","dateModified":"2024-05-14T20:16:52+00:00","description":"P&TS dispose d\u2019un r\u00e9seau de correspondants dans pr\u00e8s de 65 pays et est ainsi \u00e0 m\u00eame d\u2019effectuer des d\u00e9p\u00f4ts nationaux tr\u00e8s rapidement.","breadcrumb":{"@id":"https:\/\/www.patentattorneys.ch\/nos-services\/brevets\/brevets-nationaux\/autre\/#breadcrumb"},"inLanguage":"en-US","potentialAction":[{"@type":"ReadAction","target":["https:\/\/www.patentattorneys.ch\/nos-services\/brevets\/brevets-nationaux\/autre\/"]}]},{"@type":"BreadcrumbList","@id":"https:\/\/www.patentattorneys.ch\/nos-services\/brevets\/brevets-nationaux\/autre\/#breadcrumb","itemListElement":[{"@type":"ListItem","position":1,"name":"Accueil","item":"https:\/\/www.patentattorneys.ch\/"},{"@type":"ListItem","position":2,"name":"Our services","item":"https:\/\/www.patentattorneys.ch\/nos-services\/"},{"@type":"ListItem","position":3,"name":"Patents","item":"https:\/\/www.patentattorneys.ch\/nos-services\/brevets\/"},{"@type":"ListItem","position":4,"name":"National patents","item":"https:\/\/www.patentattorneys.ch\/nos-services\/brevets\/brevets-nationaux\/"},{"@type":"ListItem","position":5,"name":"Other"}]},{"@type":"WebSite","@id":"https:\/\/www.patentattorneys.ch\/de\/#website","url":"https:\/\/www.patentattorneys.ch\/de\/","name":"P&amp;TS Ltd","description":"Intellectual Property","publisher":{"@id":"https:\/\/www.patentattorneys.ch\/de\/#organization"},"potentialAction":[{"@type":"SearchAction","target":{"@type":"EntryPoint","urlTemplate":"https:\/\/www.patentattorneys.ch\/de\/?s={search_term_string}"},"query-input":{"@type":"PropertyValueSpecification","valueRequired":true,"valueName":"search_term_string"}}],"inLanguage":"en-US"},{"@type":"Organization","@id":"https:\/\/www.patentattorneys.ch\/de\/#organization","name":"P&TS SA","url":"https:\/\/www.patentattorneys.ch\/de\/","logo":{"@type":"ImageObject","inLanguage":"en-US","@id":"https:\/\/www.patentattorneys.ch\/de\/#\/schema\/logo\/image\/","url":"https:\/\/www.patentattorneys.ch\/wp-content\/uploads\/2016\/01\/PTS_Icon.jpg","contentUrl":"https:\/\/www.patentattorneys.ch\/wp-content\/uploads\/2016\/01\/PTS_Icon.jpg","width":512,"height":512,"caption":"P&TS SA"},"image":{"@id":"https:\/\/www.patentattorneys.ch\/de\/#\/schema\/logo\/image\/"},"sameAs":["https:\/\/www.facebook.com\/PTS.Ltd\/","https:\/\/x.com\/PTSSA","https:\/\/www.linkedin.com\/company\/p&ts-sa"]}]}},"_links":{"self":[{"href":"https:\/\/www.patentattorneys.ch\/en\/wp-json\/wp\/v2\/pages\/16628"}],"collection":[{"href":"https:\/\/www.patentattorneys.ch\/en\/wp-json\/wp\/v2\/pages"}],"about":[{"href":"https:\/\/www.patentattorneys.ch\/en\/wp-json\/wp\/v2\/types\/page"}],"author":[{"embeddable":true,"href":"https:\/\/www.patentattorneys.ch\/en\/wp-json\/wp\/v2\/users\/4"}],"replies":[{"embeddable":true,"href":"https:\/\/www.patentattorneys.ch\/en\/wp-json\/wp\/v2\/comments?post=16628"}],"version-history":[{"count":74,"href":"https:\/\/www.patentattorneys.ch\/en\/wp-json\/wp\/v2\/pages\/16628\/revisions"}],"predecessor-version":[{"id":33777,"href":"https:\/\/www.patentattorneys.ch\/en\/wp-json\/wp\/v2\/pages\/16628\/revisions\/33777"}],"up":[{"embeddable":true,"href":"https:\/\/www.patentattorneys.ch\/en\/wp-json\/wp\/v2\/pages\/15914"}],"wp:attachment":[{"href":"https:\/\/www.patentattorneys.ch\/en\/wp-json\/wp\/v2\/media?parent=16628"}],"curies":[{"name":"wp","href":"https:\/\/api.w.org\/{rel}","templated":true}]}}