

{"id":27198,"date":"2020-01-22T11:21:50","date_gmt":"2020-01-22T10:21:50","guid":{"rendered":"https:\/\/www.patentattorneys.ch\/?page_id=27198"},"modified":"2024-05-15T16:20:41","modified_gmt":"2024-05-15T15:20:41","slug":"inscription-timestamping","status":"publish","type":"page","link":"https:\/\/www.patentattorneys.ch\/en\/our-services\/timestamping\/timestamping-registration\/","title":{"rendered":"Timestamping registration"},"content":{"rendered":"<div class=\"wpb-content-wrapper\"><p>[vc_row][vc_column width=&#8221;1\/1&#8243;]<div class=\"imagebox wpb_content_element style-1\"><div class=\"imagebox-img\"><img decoding=\"async\" src=\"https:\/\/www.patentattorneys.ch\/wp-content\/uploads\/2019\/10\/banner_timestamping.jpg\" alt=\"Timestamping - Zeitstempelung\" \/><\/div><\/div>[\/vc_column][\/vc_row][vc_row][vc_column width=&#8221;1\/1&#8243;]<style>#breadcrumb-69f5f53dea445 li::after { content: \"\u00bb\" }<\/style><div class=\"\"><ol class=\"wwp-vc-breadcrumbs \" id=\"breadcrumb-69f5f53dea445\"><li class=\"visited\"><a href=\"\/\">Home<\/a><\/li><li class=\"visited\"><a href=\"https:\/\/www.patentattorneys.ch\/en\/our-services\/\">{:fr}Services{:}{:de}Dienstleitungen{:}{:en}Our services{:}<\/a><\/li><li class=\"visited\"><a href=\"https:\/\/www.patentattorneys.ch\/en\/our-services\/timestamping\/\">{:fr}Timestamping{:}{:de}Zeitstempelung{:}{:en}Timestamping{:}<\/a><\/li><li class=\"current\"><span>Timestamping registration<\/span><\/li><\/ol><\/div>[\/vc_column][\/vc_row][vc_row][vc_column width=&#8221;2\/3&#8243;]<div class=\"spacer\" style=\"height: 40px;\"><\/div>[vc_column_text]<\/p>\n<h1>Subscription to the P&amp;TS timestamping service<\/h1>\n<h2>Registration Guide<\/h2>\n<p>Follow these simple steps to set up your account:<\/p>\n<ol>\n<li>Choose a subscription model that suits your needs.<br \/>\nIf you do not wish to have an annual subscription and timestamp only one document, please contact <a href=\"mai&#108;&#116;&#x6f;&#x3a;&#x6e;&#x61;sh&#64;&#112;&#97;&#x74;&#x65;&#x6e;&#x74;att&#111;&#114;&#x6e;&#x65;&#x79;&#x73;.ch\">Claudia Nash<\/a> directly for individual timestamping services.<\/li>\n<li>Complete the &#8220;<strong>Create your account<\/strong>&#8221; form below by selecting the subscription model, providing the requested information, reading and accepting the Terms and Conditions and setting your password.<\/li>\n<li>Once the form has been submitted, your account will normally be validated within 24 hours and you will receive an email notification. If there is a delay, please contact us.<\/li>\n<li>The first time you access your account, you will be asked to create your encryption key.<br \/>\n<strong>Please choose a key (for example a sentence) that you can easily remember. Make sure you keep a copy of your key to avoid loosing access to your account forever if you lost it!<\/strong><\/li>\n<li>Read, understand and accept the security statements and terms and conditions and&#8230;<\/li>\n<li><strong>Welcome to your time stamping account!<\/strong><\/li>\n<\/ol>\n<p>After creating your account, you will receive an invoice for the monthly fee by email.<\/p>\n<div class=\"page\" title=\"Page 1\">\n<div class=\"layoutArea\">\n<div class=\"column\">\n<p><strong><a href=\"https:\/\/www.patentattorneys.ch\/nos-services\/timestamping\/inscription-timestamping\/table-timestamping_mensuel-2\/\" rel=\"attachment wp-att-29802\"><img decoding=\"async\" class=\"size-full wp-image-29802 alignnone\" src=\"https:\/\/www.patentattorneys.ch\/wp-content\/uploads\/2021\/05\/table-timestamping_mensuel.jpg\" alt=\"\" width=\"761\" height=\"270\" srcset=\"https:\/\/www.patentattorneys.ch\/wp-content\/uploads\/2021\/05\/table-timestamping_mensuel.jpg 761w, https:\/\/www.patentattorneys.ch\/wp-content\/uploads\/2021\/05\/table-timestamping_mensuel-300x106.jpg 300w\" sizes=\"(max-width: 761px) 100vw, 761px\" \/><\/a><\/strong><\/p>\n<p><strong>Notes<\/strong><\/p>\n<\/div>\n<\/div>\n<div class=\"layoutArea\">\n<div class=\"column\">\n<p>(1) Timestamping without subscription: please contact us.<br \/>\n(2) Amounts are indicated without VAT<br \/>\n(3) Start-ups supported by a P&amp;TS partner organisation receive a 50% discount on subscriptions<br \/>\n(4) Number of registrations per month (bitcoin, EU TSA and China TSA)<\/p>\n<p><a href=\"https:\/\/www.patentattorneys.ch\/wp-content\/uploads\/2020\/02\/pts-d-17_TermsConditions_PTS_TimeStamping_FR_v20.12.2019.pdf\" target=\"_blank\" rel=\"noopener noreferrer\">Terms and Conditions (french)<\/a><\/p>\n<\/div>\n<\/div>\n<\/div>\n<p>[\/vc_column_text]<div class=\"spacer\" style=\"height: 40px;\"><\/div><div class=\"wpforms-container \" id=\"wpforms-27254\"><form id=\"wpforms-form-27254\" class=\"wpforms-validate wpforms-form\" data-formid=\"27254\" method=\"post\" enctype=\"multipart\/form-data\" action=\"\/en\/wp-json\/wp\/v2\/pages\/27198\" data-token=\"d40ab38903854d1f391efbcf6b418aa5\" data-token-time=\"1777726781\"><noscript class=\"wpforms-error-noscript\">Please enable JavaScript in your browser to complete this form.<\/noscript><div class=\"wpforms-field-container\"><div id=\"wpforms-27254-field_0-container\" class=\"wpforms-field wpforms-field-name\" data-field-id=\"0\"><label class=\"wpforms-field-label\" for=\"wpforms-27254-field_0\">Nom\/Name <span class=\"wpforms-required-label\">*<\/span><\/label><input type=\"text\" id=\"wpforms-27254-field_0\" class=\"wpforms-field-large wpforms-field-required\" name=\"wpforms[fields][0]\" required><\/div><div id=\"wpforms-27254-field_4-container\" class=\"wpforms-field wpforms-field-name\" data-field-id=\"4\"><label class=\"wpforms-field-label\" for=\"wpforms-27254-field_4\">Pr\u00e9nom\/Firstname <span class=\"wpforms-required-label\">*<\/span><\/label><input type=\"text\" id=\"wpforms-27254-field_4\" class=\"wpforms-field-large wpforms-field-required\" name=\"wpforms[fields][4]\" required><\/div><div id=\"wpforms-27254-field_1-container\" class=\"wpforms-field wpforms-field-email\" data-field-id=\"1\"><label class=\"wpforms-field-label\" for=\"wpforms-27254-field_1\">E-mail <span class=\"wpforms-required-label\">*<\/span><\/label><input type=\"email\" id=\"wpforms-27254-field_1\" class=\"wpforms-field-large wpforms-field-required\" name=\"wpforms[fields][1]\" spellcheck=\"false\" required><\/div><div id=\"wpforms-27254-field_6-container\" class=\"wpforms-field wpforms-field-text\" data-field-id=\"6\"><label class=\"wpforms-field-label\" for=\"wpforms-27254-field_6\">Soci\u00e9t\u00e9\/Company <span class=\"wpforms-required-label\">*<\/span><\/label><input type=\"text\" id=\"wpforms-27254-field_6\" class=\"wpforms-field-large wpforms-field-required\" name=\"wpforms[fields][6]\" required><div class=\"wpforms-field-description\">Adresse de facturation\/Billing address<\/div><\/div><div id=\"wpforms-27254-field_7-container\" class=\"wpforms-field wpforms-field-text\" data-field-id=\"7\"><label class=\"wpforms-field-label\" for=\"wpforms-27254-field_7\"> Rue\/Street <span class=\"wpforms-required-label\">*<\/span><\/label><input type=\"text\" id=\"wpforms-27254-field_7\" class=\"wpforms-field-large wpforms-field-required\" name=\"wpforms[fields][7]\" required><\/div><div id=\"wpforms-27254-field_8-container\" class=\"wpforms-field wpforms-field-text\" data-field-id=\"8\"><label class=\"wpforms-field-label\" for=\"wpforms-27254-field_8\">Localit\u00e9\/City <span class=\"wpforms-required-label\">*<\/span><\/label><input type=\"text\" id=\"wpforms-27254-field_8\" class=\"wpforms-field-large wpforms-field-required\" name=\"wpforms[fields][8]\" required><\/div><div id=\"wpforms-27254-field_9-container\" class=\"wpforms-field wpforms-field-text\" data-field-id=\"9\"><label class=\"wpforms-field-label\" for=\"wpforms-27254-field_9\">Pays\/Country <span class=\"wpforms-required-label\">*<\/span><\/label><input type=\"text\" id=\"wpforms-27254-field_9\" class=\"wpforms-field-large wpforms-field-required\" name=\"wpforms[fields][9]\" required><\/div><div id=\"wpforms-27254-field_11-container\" class=\"wpforms-field wpforms-field-select\" data-field-id=\"11\"><label class=\"wpforms-field-label\" for=\"wpforms-27254-field_11\">Langue de pr\u00e9dilection\/Preferred language<\/label><select id=\"wpforms-27254-field_11\" class=\"wpforms-field-large\" name=\"wpforms[fields][11]\"><option value=\"Fran\u00e7ais\"  class=\"choice-1 depth-1\"  >Fran\u00e7ais<\/option><option value=\"English\"  class=\"choice-2 depth-1\"  >English<\/option><option value=\"Deutsch\"  class=\"choice-3 depth-1\"  >Deutsch<\/option><\/select><\/div><div id=\"wpforms-27254-field_3-container\" class=\"wpforms-field wpforms-field-radio\" data-field-id=\"3\"><label class=\"wpforms-field-label\">Formule souhait\u00e9e\/Desired formula<\/label><ul id=\"wpforms-27254-field_3\"><li class=\"choice-2 depth-1\"><input type=\"radio\" id=\"wpforms-27254-field_3_2\" name=\"wpforms[fields][3]\" value=\"Silver\"  ><label class=\"wpforms-field-label-inline\" for=\"wpforms-27254-field_3_2\">Silver<\/label><\/li><li class=\"choice-3 depth-1\"><input type=\"radio\" id=\"wpforms-27254-field_3_3\" name=\"wpforms[fields][3]\" value=\"Gold\"  ><label class=\"wpforms-field-label-inline\" for=\"wpforms-27254-field_3_3\">Gold<\/label><\/li><li class=\"choice-4 depth-1\"><input type=\"radio\" id=\"wpforms-27254-field_3_4\" name=\"wpforms[fields][3]\" value=\"Platinum\"  ><label class=\"wpforms-field-label-inline\" for=\"wpforms-27254-field_3_4\">Platinum<\/label><\/li><\/ul><\/div><div id=\"wpforms-27254-field_12-container\" class=\"wpforms-field wpforms-field-text\" data-field-id=\"12\"><label class=\"wpforms-field-label\" for=\"wpforms-27254-field_12\">Date de d\u00e9but d\u2019abonnement\/Subscription start date <span class=\"wpforms-required-label\">*<\/span><\/label><input type=\"text\" id=\"wpforms-27254-field_12\" class=\"wpforms-field-large wpforms-field-required\" name=\"wpforms[fields][12]\" required><\/div><div id=\"wpforms-27254-field_2-container\" class=\"wpforms-field wpforms-field-textarea\" data-field-id=\"2\"><label class=\"wpforms-field-label\" for=\"wpforms-27254-field_2\">Commentaire ou message\/Comment<\/label><textarea id=\"wpforms-27254-field_2\" class=\"wpforms-field-medium\" name=\"wpforms[fields][2]\" ><\/textarea><\/div><div id=\"wpforms-27254-field_13-container\" class=\"wpforms-field wpforms-field-checkbox\" data-field-id=\"13\"><label class=\"wpforms-field-label wpforms-label-hide\">Cases \u00e0 cocher <span class=\"wpforms-required-label\">*<\/span><\/label><ul id=\"wpforms-27254-field_13\" class=\"wpforms-field-required\"><li class=\"choice-1 depth-1\"><input type=\"checkbox\" id=\"wpforms-27254-field_13_1\" name=\"wpforms[fields][13][]\" value=\"Acceptation des &lt;a href=&quot;https:\/\/www.patentattorneys.ch\/wp-content\/uploads\/2020\/02\/pts-d-17_TermsConditions_PTS_TimeStamping_FR_v20.12.2019.pdf&quot; target=&quot;_blank&quot;&gt;conditions g\u00e9n\u00e9rales&lt;\/a&gt;\/Agreement to the terms and conditions\" required ><label class=\"wpforms-field-label-inline\" for=\"wpforms-27254-field_13_1\">Acceptation des <a href=\"https:\/\/www.patentattorneys.ch\/wp-content\/uploads\/2020\/02\/pts-d-17_TermsConditions_PTS_TimeStamping_FR_v20.12.2019.pdf\" target=\"_blank\">conditions g\u00e9n\u00e9rales<\/a>\/Agreement to the terms and conditions<\/label><\/li><\/ul><div class=\"wpforms-field-description\">En cliquant sur le bouton envoyer, vous cr\u00e9ez une relation contractuelle avec P&TS et souscrivez \u00e0 un abonnement selon le choix ci-dessus  \/\/\/ By clicking on the send button, you create a contractual relationship with P&TS and take out a subscription according to the choice above.<\/div><\/div><\/div><!-- .wpforms-field-container --><div class=\"wpforms-field wpforms-field-hp\"><label for=\"wpforms-27254-field-hp\" class=\"wpforms-field-label\">Message<\/label><input type=\"text\" name=\"wpforms[hp]\" id=\"wpforms-27254-field-hp\" class=\"wpforms-field-medium\"><\/div><div class=\"wpforms-submit-container\" ><input type=\"hidden\" name=\"wpforms[id]\" value=\"27254\"><input type=\"hidden\" name=\"page_title\" value=\"\"><input type=\"hidden\" name=\"page_url\" value=\"https:\/\/www.patentattorneys.ch\/en\/wp-json\/wp\/v2\/pages\/27198\"><input type=\"hidden\" name=\"url_referer\" value=\"\"><button type=\"submit\" name=\"wpforms[submit]\" id=\"wpforms-submit-27254\" class=\"wpforms-submit\" data-alt-text=\"Envoi...\" data-submit-text=\"Envoyer\/Submit\" aria-live=\"assertive\" value=\"wpforms-submit\">Envoyer\/Submit<\/button><\/div><\/form><\/div>  <!-- .wpforms-container -->[\/vc_column][vc_column width=&#8221;1\/3&#8243;]<div class=\"spacer\" style=\"height: 40px;\"><\/div>[vc_column_text]<\/p>\n<h3>CONTACT<\/h3>\n<p>[\/vc_column_text]<div class=\"member wpb_content_element test\"><div class=\"member-img\"><img decoding=\"async\" src=\"https:\/\/www.patentattorneys.ch\/wp-content\/uploads\/2020\/10\/schreyer_2003424.jpg\" alt=\"Claudia Nash\" \/><\/div><h4>Claudia Nash<\/h4><div class=\"member-role\">Technology Transfer and Patent engineer<\/div><div class=\"member-content\"><p><\/p><\/div><\/div>[\/vc_column][\/vc_row]<\/p>\n<\/div>","protected":false},"excerpt":{"rendered":"<p>[vc_row][vc_column width=&#8221;1\/1&#8243;][\/vc_column][\/vc_row][vc_row][vc_column width=&#8221;1\/1&#8243;][\/vc_column][\/vc_row][vc_row][vc_column width=&#8221;2\/3&#8243;][vc_column_text] Subscription to the P&amp;TS timestamping service Registration Guide Follow these simple steps to set up your account: Choose a subscription model that suits your needs. If you do not wish to have an annual subscription and timestamp only one document, please contact Claudia Nash directly for individual timestamping services. Complete the &#8220;Create your account&#8221; form below by selecting the subscription model, providing the requested information, reading and accepting the Terms and Conditions and setting your password. Once the form has been submitted, your account will normally be validated within 24 hours and you will receive an email notification. If there is a delay, please contact us. The first time you access your account, you will be asked to create your encryption key. Please choose a key (for example a sentence) that you can easily remember. Make sure you keep a copy of your key to avoid loosing access to your account forever if you lost it! Read, understand and accept the security statements and terms and conditions and&#8230; Welcome to your time stamping account! After creating your account, you will receive an invoice for the monthly fee by email. Notes (1) Timestamping without subscription: please contact [&hellip;]<\/p>\n","protected":false},"author":8,"featured_media":0,"parent":26976,"menu_order":0,"comment_status":"closed","ping_status":"closed","template":"","meta":{"footnotes":""},"translation":{"provider":"WPGlobus","version":"3.0.2","language":"en","enabled_languages":["fr","de","en","it"],"languages":{"fr":{"title":true,"content":true,"excerpt":false},"de":{"title":false,"content":false,"excerpt":false},"en":{"title":true,"content":true,"excerpt":false},"it":{"title":false,"content":false,"excerpt":false}}},"yoast_head":"<!-- This site is optimized with the Yoast SEO plugin v24.4 - https:\/\/yoast.com\/wordpress\/plugins\/seo\/ -->\n<title>Subscribe to our timestamping service - P&amp;TS Ltd<\/title>\n<meta name=\"description\" content=\"Subscribe to our timestamping service to ensure the integrity and proof of existence of your creations.\" \/>\n<meta name=\"robots\" content=\"index, follow, max-snippet:-1, max-image-preview:large, max-video-preview:-1\" \/>\n<link rel=\"canonical\" href=\"https:\/\/www.patentattorneys.ch\/nos-services\/timestamping\/inscription-timestamping\/\" \/>\n<meta property=\"og:locale\" content=\"en_US\" \/>\n<meta property=\"og:type\" content=\"article\" \/>\n<meta property=\"og:title\" content=\"Subscribe to our timestamping service - P&amp;TS Ltd\" \/>\n<meta property=\"og:description\" content=\"Subscribe to our timestamping service to ensure the integrity and proof of existence of your creations.\" \/>\n<meta property=\"og:url\" content=\"https:\/\/www.patentattorneys.ch\/nos-services\/timestamping\/inscription-timestamping\/\" \/>\n<meta property=\"og:site_name\" content=\"P&amp;TS Ltd\" \/>\n<meta property=\"article:publisher\" content=\"https:\/\/www.facebook.com\/PTS.Ltd\/\" \/>\n<meta property=\"article:modified_time\" content=\"2024-05-15T15:20:41+00:00\" \/>\n<meta property=\"og:image\" content=\"https:\/\/www.patentattorneys.ch\/wp-content\/uploads\/2020\/05\/table-timestamping_mensuel.png\" \/>\n<meta name=\"twitter:card\" content=\"summary_large_image\" \/>\n<meta name=\"twitter:site\" content=\"@PTSSA\" \/>\n<meta name=\"twitter:label1\" content=\"Est. reading time\" \/>\n\t<meta name=\"twitter:data1\" content=\"2 minutes\" \/>\n<script type=\"application\/ld+json\" class=\"yoast-schema-graph\">{\"@context\":\"https:\/\/schema.org\",\"@graph\":[{\"@type\":\"WebPage\",\"@id\":\"https:\/\/www.patentattorneys.ch\/nos-services\/timestamping\/inscription-timestamping\/\",\"url\":\"https:\/\/www.patentattorneys.ch\/nos-services\/timestamping\/inscription-timestamping\/\",\"name\":\"Abonnement au service de timestamping - P&amp;TS Ltd\",\"isPartOf\":{\"@id\":\"https:\/\/www.patentattorneys.ch\/de\/#website\"},\"primaryImageOfPage\":{\"@id\":\"https:\/\/www.patentattorneys.ch\/nos-services\/timestamping\/inscription-timestamping\/#primaryimage\"},\"image\":{\"@id\":\"https:\/\/www.patentattorneys.ch\/nos-services\/timestamping\/inscription-timestamping\/#primaryimage\"},\"thumbnailUrl\":\"https:\/\/www.patentattorneys.ch\/wp-content\/uploads\/2020\/05\/table-timestamping_mensuel.png\",\"datePublished\":\"2020-01-22T10:21:50+00:00\",\"dateModified\":\"2024-05-15T15:20:41+00:00\",\"description\":\"Abonnez-vous \u00e0 notre service de timestamping pour garantir l'int\u00e9grit\u00e9 et la preuve d'existence de vos cr\u00e9ations.\",\"breadcrumb\":{\"@id\":\"https:\/\/www.patentattorneys.ch\/nos-services\/timestamping\/inscription-timestamping\/#breadcrumb\"},\"inLanguage\":\"en-US\",\"potentialAction\":[{\"@type\":\"ReadAction\",\"target\":[\"https:\/\/www.patentattorneys.ch\/nos-services\/timestamping\/inscription-timestamping\/\"]}]},{\"@type\":\"ImageObject\",\"inLanguage\":\"en-US\",\"@id\":\"https:\/\/www.patentattorneys.ch\/nos-services\/timestamping\/inscription-timestamping\/#primaryimage\",\"url\":\"https:\/\/www.patentattorneys.ch\/wp-content\/uploads\/2020\/05\/table-timestamping_mensuel.png\",\"contentUrl\":\"https:\/\/www.patentattorneys.ch\/wp-content\/uploads\/2020\/05\/table-timestamping_mensuel.png\"},{\"@type\":\"BreadcrumbList\",\"@id\":\"https:\/\/www.patentattorneys.ch\/nos-services\/timestamping\/inscription-timestamping\/#breadcrumb\",\"itemListElement\":[{\"@type\":\"ListItem\",\"position\":1,\"name\":\"Accueil\",\"item\":\"https:\/\/www.patentattorneys.ch\/\"},{\"@type\":\"ListItem\",\"position\":2,\"name\":\"Our services\",\"item\":\"https:\/\/www.patentattorneys.ch\/nos-services\/\"},{\"@type\":\"ListItem\",\"position\":3,\"name\":\"Timestamping\",\"item\":\"https:\/\/www.patentattorneys.ch\/nos-services\/timestamping\/\"},{\"@type\":\"ListItem\",\"position\":4,\"name\":\"Timestamping registration\"}]},{\"@type\":\"WebSite\",\"@id\":\"https:\/\/www.patentattorneys.ch\/de\/#website\",\"url\":\"https:\/\/www.patentattorneys.ch\/de\/\",\"name\":\"P&amp;TS Ltd\",\"description\":\"Intellectual Property\",\"publisher\":{\"@id\":\"https:\/\/www.patentattorneys.ch\/de\/#organization\"},\"potentialAction\":[{\"@type\":\"SearchAction\",\"target\":{\"@type\":\"EntryPoint\",\"urlTemplate\":\"https:\/\/www.patentattorneys.ch\/de\/?s={search_term_string}\"},\"query-input\":{\"@type\":\"PropertyValueSpecification\",\"valueRequired\":true,\"valueName\":\"search_term_string\"}}],\"inLanguage\":\"en-US\"},{\"@type\":\"Organization\",\"@id\":\"https:\/\/www.patentattorneys.ch\/de\/#organization\",\"name\":\"P&TS SA\",\"url\":\"https:\/\/www.patentattorneys.ch\/de\/\",\"logo\":{\"@type\":\"ImageObject\",\"inLanguage\":\"en-US\",\"@id\":\"https:\/\/www.patentattorneys.ch\/de\/#\/schema\/logo\/image\/\",\"url\":\"https:\/\/www.patentattorneys.ch\/wp-content\/uploads\/2016\/01\/PTS_Icon.jpg\",\"contentUrl\":\"https:\/\/www.patentattorneys.ch\/wp-content\/uploads\/2016\/01\/PTS_Icon.jpg\",\"width\":512,\"height\":512,\"caption\":\"P&TS SA\"},\"image\":{\"@id\":\"https:\/\/www.patentattorneys.ch\/de\/#\/schema\/logo\/image\/\"},\"sameAs\":[\"https:\/\/www.facebook.com\/PTS.Ltd\/\",\"https:\/\/x.com\/PTSSA\",\"https:\/\/www.linkedin.com\/company\/p&ts-sa\"]}]}<\/script>\n<!-- \/ Yoast SEO plugin. -->","yoast_head_json":{"title":"Subscribe to our timestamping service - P&amp;TS Ltd","description":"Subscribe to our timestamping service to ensure the integrity and proof of existence of your creations.","robots":{"index":"index","follow":"follow","max-snippet":"max-snippet:-1","max-image-preview":"max-image-preview:large","max-video-preview":"max-video-preview:-1"},"canonical":"https:\/\/www.patentattorneys.ch\/nos-services\/timestamping\/inscription-timestamping\/","og_locale":"en_US","og_type":"article","og_title":"Subscribe to our timestamping service - P&amp;TS Ltd","og_description":"Subscribe to our timestamping service to ensure the integrity and proof of existence of your creations.","og_url":"https:\/\/www.patentattorneys.ch\/nos-services\/timestamping\/inscription-timestamping\/","og_site_name":"P&amp;TS Ltd","article_publisher":"https:\/\/www.facebook.com\/PTS.Ltd\/","article_modified_time":"2024-05-15T15:20:41+00:00","og_image":[{"url":"https:\/\/www.patentattorneys.ch\/wp-content\/uploads\/2020\/05\/table-timestamping_mensuel.png","type":"","width":"","height":""}],"twitter_card":"summary_large_image","twitter_site":"@PTSSA","twitter_misc":{"Est. reading time":"2 minutes"},"schema":{"@context":"https:\/\/schema.org","@graph":[{"@type":"WebPage","@id":"https:\/\/www.patentattorneys.ch\/nos-services\/timestamping\/inscription-timestamping\/","url":"https:\/\/www.patentattorneys.ch\/nos-services\/timestamping\/inscription-timestamping\/","name":"Abonnement au service de timestamping - P&amp;TS Ltd","isPartOf":{"@id":"https:\/\/www.patentattorneys.ch\/de\/#website"},"primaryImageOfPage":{"@id":"https:\/\/www.patentattorneys.ch\/nos-services\/timestamping\/inscription-timestamping\/#primaryimage"},"image":{"@id":"https:\/\/www.patentattorneys.ch\/nos-services\/timestamping\/inscription-timestamping\/#primaryimage"},"thumbnailUrl":"https:\/\/www.patentattorneys.ch\/wp-content\/uploads\/2020\/05\/table-timestamping_mensuel.png","datePublished":"2020-01-22T10:21:50+00:00","dateModified":"2024-05-15T15:20:41+00:00","description":"Abonnez-vous \u00e0 notre service de timestamping pour garantir l'int\u00e9grit\u00e9 et la preuve d'existence de vos cr\u00e9ations.","breadcrumb":{"@id":"https:\/\/www.patentattorneys.ch\/nos-services\/timestamping\/inscription-timestamping\/#breadcrumb"},"inLanguage":"en-US","potentialAction":[{"@type":"ReadAction","target":["https:\/\/www.patentattorneys.ch\/nos-services\/timestamping\/inscription-timestamping\/"]}]},{"@type":"ImageObject","inLanguage":"en-US","@id":"https:\/\/www.patentattorneys.ch\/nos-services\/timestamping\/inscription-timestamping\/#primaryimage","url":"https:\/\/www.patentattorneys.ch\/wp-content\/uploads\/2020\/05\/table-timestamping_mensuel.png","contentUrl":"https:\/\/www.patentattorneys.ch\/wp-content\/uploads\/2020\/05\/table-timestamping_mensuel.png"},{"@type":"BreadcrumbList","@id":"https:\/\/www.patentattorneys.ch\/nos-services\/timestamping\/inscription-timestamping\/#breadcrumb","itemListElement":[{"@type":"ListItem","position":1,"name":"Accueil","item":"https:\/\/www.patentattorneys.ch\/"},{"@type":"ListItem","position":2,"name":"Our services","item":"https:\/\/www.patentattorneys.ch\/nos-services\/"},{"@type":"ListItem","position":3,"name":"Timestamping","item":"https:\/\/www.patentattorneys.ch\/nos-services\/timestamping\/"},{"@type":"ListItem","position":4,"name":"Timestamping registration"}]},{"@type":"WebSite","@id":"https:\/\/www.patentattorneys.ch\/de\/#website","url":"https:\/\/www.patentattorneys.ch\/de\/","name":"P&amp;TS Ltd","description":"Intellectual Property","publisher":{"@id":"https:\/\/www.patentattorneys.ch\/de\/#organization"},"potentialAction":[{"@type":"SearchAction","target":{"@type":"EntryPoint","urlTemplate":"https:\/\/www.patentattorneys.ch\/de\/?s={search_term_string}"},"query-input":{"@type":"PropertyValueSpecification","valueRequired":true,"valueName":"search_term_string"}}],"inLanguage":"en-US"},{"@type":"Organization","@id":"https:\/\/www.patentattorneys.ch\/de\/#organization","name":"P&TS SA","url":"https:\/\/www.patentattorneys.ch\/de\/","logo":{"@type":"ImageObject","inLanguage":"en-US","@id":"https:\/\/www.patentattorneys.ch\/de\/#\/schema\/logo\/image\/","url":"https:\/\/www.patentattorneys.ch\/wp-content\/uploads\/2016\/01\/PTS_Icon.jpg","contentUrl":"https:\/\/www.patentattorneys.ch\/wp-content\/uploads\/2016\/01\/PTS_Icon.jpg","width":512,"height":512,"caption":"P&TS SA"},"image":{"@id":"https:\/\/www.patentattorneys.ch\/de\/#\/schema\/logo\/image\/"},"sameAs":["https:\/\/www.facebook.com\/PTS.Ltd\/","https:\/\/x.com\/PTSSA","https:\/\/www.linkedin.com\/company\/p&ts-sa"]}]}},"_links":{"self":[{"href":"https:\/\/www.patentattorneys.ch\/en\/wp-json\/wp\/v2\/pages\/27198"}],"collection":[{"href":"https:\/\/www.patentattorneys.ch\/en\/wp-json\/wp\/v2\/pages"}],"about":[{"href":"https:\/\/www.patentattorneys.ch\/en\/wp-json\/wp\/v2\/types\/page"}],"author":[{"embeddable":true,"href":"https:\/\/www.patentattorneys.ch\/en\/wp-json\/wp\/v2\/users\/8"}],"replies":[{"embeddable":true,"href":"https:\/\/www.patentattorneys.ch\/en\/wp-json\/wp\/v2\/comments?post=27198"}],"version-history":[{"count":40,"href":"https:\/\/www.patentattorneys.ch\/en\/wp-json\/wp\/v2\/pages\/27198\/revisions"}],"predecessor-version":[{"id":33793,"href":"https:\/\/www.patentattorneys.ch\/en\/wp-json\/wp\/v2\/pages\/27198\/revisions\/33793"}],"up":[{"embeddable":true,"href":"https:\/\/www.patentattorneys.ch\/en\/wp-json\/wp\/v2\/pages\/26976"}],"wp:attachment":[{"href":"https:\/\/www.patentattorneys.ch\/en\/wp-json\/wp\/v2\/media?parent=27198"}],"curies":[{"name":"wp","href":"https:\/\/api.w.org\/{rel}","templated":true}]}}