

{"id":33607,"date":"2024-04-22T17:08:16","date_gmt":"2024-04-22T16:08:16","guid":{"rendered":"https:\/\/r42o4bftuk.preview.infomaniak.website\/?page_id=33607"},"modified":"2025-06-06T17:27:47","modified_gmt":"2025-06-06T16:27:47","slug":"daniel-kraus","status":"publish","type":"page","link":"https:\/\/www.patentattorneys.ch\/en\/our-team\/employees\/daniel-kraus\/","title":{"rendered":"Prof. Dr. Daniel Kraus"},"content":{"rendered":"<div class=\"wpb-content-wrapper\"><p>[vc_row bg_color=&#8221;#6d787e&#8221; class=&#8221;display-flex&#8221;][vc_column text_color=&#8221;light&#8221; width=&#8221;1\/1&#8243;][vc_row_inner][vc_column_inner width=&#8221;1\/4&#8243;]<div class=\"single_image wpb_content_element align-left   \" data-animation=\"none\" data-delay=\"0\"><img decoding=\"async\" width=\"337\" height=\"422\" src=\"https:\/\/www.patentattorneys.ch\/wp-content\/uploads\/2024\/04\/daniel-kraus-pfp-in-action-v2.png\" class=\"attachment-full\" alt=\"\" title=\"daniel-kraus-pfp-in-action-v2\" srcset=\"https:\/\/www.patentattorneys.ch\/wp-content\/uploads\/2024\/04\/daniel-kraus-pfp-in-action-v2.png 337w, https:\/\/www.patentattorneys.ch\/wp-content\/uploads\/2024\/04\/daniel-kraus-pfp-in-action-v2-240x300.png 240w\" sizes=\"(max-width: 337px) 100vw, 337px\" \/><\/div>[\/vc_column_inner][vc_column_inner width=&#8221;3\/4&#8243;][vc_column_text]<\/p>\n<h2>\u201cDon\u2019t think out of the box. Do not even enter it\u201d<\/h2>\n<p>[\/vc_column_text][\/vc_column_inner][\/vc_row_inner][\/vc_column][\/vc_row][vc_row][vc_column width=&#8221;1\/1&#8243;]<style>#breadcrumb-69d9fe67ddbd9 li::after { content: \"\u00bb\" }<\/style><div class=\"\"><ol class=\"wwp-vc-breadcrumbs \" id=\"breadcrumb-69d9fe67ddbd9\"><li class=\"visited\"><a href=\"\/\">Home<\/a><\/li><li class=\"visited\"><a href=\"https:\/\/www.patentattorneys.ch\/en\/our-team\/\">{:fr}\u00c9quipe{:}{:de}Unser Team{:}{:en}Our team{:}<\/a><\/li><li class=\"visited\"><a href=\"https:\/\/www.patentattorneys.ch\/en\/our-team\/employees\/\">{:fr}Collaborateurs{:}{:de}Mitarbeiter{:}{:en}Employees{:}<\/a><\/li><li class=\"current\"><span>Prof. Dr. Daniel Kraus<\/span><\/li><\/ol><\/div><div class=\"spacer\" style=\"height: 40px;\"><\/div>[\/vc_column][\/vc_row][vc_row][vc_column width=&#8221;1\/4&#8243;][vc_column_text]<\/p>\n<h3>Prof. Dr. Daniel Kraus<\/h3>\n<h5><!--StartFragment --><span class=\"cf0\">Attorney at Law<br \/>\nLL.M (King&#8217;s College London)<\/span><\/h5>\n<h5><\/h5>\n<p>[\/vc_column_text]<div class=\"divider divider1\" style='margin:40px 0 40px 0 !important;'><\/div>[vc_column_text]<\/p>\n<h4>Awards<\/h4>\n<p><a href=\"https:\/\/www.ipstars.com\/Lawyer\/Christophe-Saam\/Profile\/75576#profile\"><img decoding=\"async\" class=\"wp-image-34723 size-thumbnail alignleft\" src=\"https:\/\/www.patentattorneys.ch\/wp-content\/uploads\/2025\/06\/54516818996_7f4e9d2150_c-150x150.jpg\" alt=\"ip stars 2025 P&amp;TS SA\" width=\"150\" height=\"150\" srcset=\"https:\/\/www.patentattorneys.ch\/wp-content\/uploads\/2025\/06\/54516818996_7f4e9d2150_c-150x150.jpg 150w, https:\/\/www.patentattorneys.ch\/wp-content\/uploads\/2025\/06\/54516818996_7f4e9d2150_c-300x300.jpg 300w, https:\/\/www.patentattorneys.ch\/wp-content\/uploads\/2025\/06\/54516818996_7f4e9d2150_c-768x768.jpg 768w, https:\/\/www.patentattorneys.ch\/wp-content\/uploads\/2025\/06\/54516818996_7f4e9d2150_c-80x80.jpg 80w, https:\/\/www.patentattorneys.ch\/wp-content\/uploads\/2025\/06\/54516818996_7f4e9d2150_c-500x500.jpg 500w, https:\/\/www.patentattorneys.ch\/wp-content\/uploads\/2025\/06\/54516818996_7f4e9d2150_c.jpg 800w\" sizes=\"(max-width: 150px) 100vw, 150px\" \/><\/a>[\/vc_column_text][\/vc_column][vc_column width=&#8221;3\/4&#8243;][vc_tabs interval=&#8221;0&#8243;][vc_tab title=&#8221;Biography&#8221; tab_id=&#8221;dab1363f-82ab-9&#8243;][vc_column_text]<\/p>\n<div class=\"wpb_text_column wpb_content_element \">\n<div class=\"wpb_wrapper\">\n<p>Languages: French, English, Deutsch<\/p>\n<\/div>\n<\/div>\n<p>[\/vc_column_text][vc_column_text]Daniel Kraus could have been an architect or a diplomat, but he became a lawyer and a law professor. And no wonder. In intellectual property law, he has found the perfect balance between creativity and rigour. After studying law in Geneva, Daniel Kraus broadened his knowledge of European law and competition law in London (LL.M., King&#8217;s College). After passing his bar exam in Geneva, he assisted Professor Ernst-Ulrich Petersmann at the University of Geneva in European law and international economic law, during which time he also wrote his doctoral thesis on parallel imports of patented products, for which he was awarded <i>the<\/i>Walther Hug prize for the best doctoral thesis in law.<\/p>\n<p>After working for a number of years in a law firm specialising in industrial property, he moved to Berne and worked for nine years at the Swiss Federal Institute of Intellectual Property, first as deputy head of international affairs, then as head of technical cooperation. Fascinated by research and teaching, he joined the University of Neuch\u00e2tel in 2004 and was appointed Professor of Innovation Law in 2010. He was instrumental in setting up the Interfaculty Master&#8217;s in Innovation and Innocube Executive Training, a training platform in intellectual property and innovation law for businesses.<\/p>\n<p>Daniel also teaches at the HEG-Arc and at various universities (Fribourg, EPFL).<br \/>\nDaniel has always worked in parallel as a lawyer specialising in intellectual property.<\/p>\n<p>In 2012, he was elected deputy judge of the Federal Patent Court.<\/p>\n<p>In his spare time, Daniel enjoys playing, composing and listening to music, spending time with his family, cross-country skiing, cycling and sailing. We won&#8217;t mention tennis, a sport in which Daniel has lost all hope of progressing.<\/p>\n<p>Finally, Daniel likes to give free rein to his creativity in a social entrepreneurship project that is particularly close to his heart.[\/vc_column_text][\/vc_tab][vc_tab title=&#8221;Publications&#8221; tab_id=&#8221;1713802064840-1-10&#8243;][vc_column_text]<b>Books :<\/b><\/p>\n<p>&#8211; With Nathalie Tissot and Vincent Salvad\u00e9: Propri\u00e9t\u00e9 intellectuelle &#8211; Marques, brevets, droit d&#8217;auteur, ed. St\u00e4mpfli 2019.<\/p>\n<p>&#8211; With Blaise Carron, M\u00e9lanie Kr\u00fcsi and Yann F\u00e9rolles: Le droit d&#8217;auteur des planificateurs &#8211; Un guide sur le droit d&#8217;auteur et autres droits de propri\u00e9t\u00e9 intellectuelle \u00e0 l&#8217;attention des architectes, des ing\u00e9nieurs et des sp\u00e9cialistes du droit de la construction, ed. Schulthess. 2015.<\/p>\n<p>Translated into German under the title: Urheberrecht der Planer &#8211; Ein Leitfaden f\u00fcr Architekten, Ingenieure und Baurechtsspezialisten zum Urheberrecht und zu weiteren Immaterialg\u00fcterrechten.<\/p>\n<p><b>Book publishing :<\/b><\/p>\n<p>&#8211; In progress, with Gilles Aebischer: Commentaire romand de la Loi sur les produits th\u00e9rapeutiques, Helbing Lichtenhahn (publication planned for 2024).<\/p>\n<p>&#8211; With Thierry Obrist and Olivier Hari (eds.) : Blockchains, Smart Contracts, Decentralised Autonomous Organisations and the law, Edward Elgar Publishing 2019.<\/p>\n<p><b>Contributions to books :<\/b><\/p>\n<p>&#8211; Sustainability and intellectual property: buy my trademark law, the greenest and most sustainable law! <i>in<\/i>: Sustainable production and consumption in a circular economy &#8211; legal challenges and solutions, ed. Helbing Lichtenhahn 2023, pp. 205-224.<\/p>\n<p>&#8211; With Christophe Schaub: Blockchain et Propri\u00e9t\u00e9 intellectuelle, <i>in:<\/i> Propri\u00e9t\u00e9 intellectuelle \u00e0 l&#8217;\u00e8re du Big Data et de la Blockchain, ed. Schulthess 2020, pp. 133-155.<\/p>\n<p>&#8211; With Charlotte Boulay: Blockchains: Aspects of Intellectual Property Law, <i>in:<\/i> Blockchains, Smart Contracts, Decentralised Autonomous Organisations and the Law. 2019, pp. 240 &#8211; 271.<\/p>\n<p><b>Articles :<\/b><\/p>\n<p>&#8211; With Christine Joller and Bruno Pasquier: NFTs et droits d&#8217;auteur, <i>in<\/i>: sui generis, May 2023, pp. 55-65, available at: <a href=\"https:\/\/sui-generis.ch\/article\/view\/sg.228\/3051\">https:\/\/sui-generis.ch\/article\/view\/sg.228\/3051.<\/a><\/p>\n<p>&#8211; With Daniel Burkard: Die Verwechslungsgefahr im Firmenrecht, <i>in:<\/i> Sic! 2020, pp. 457-474.<\/p>\n<p>&#8211; With Yaniv Benhamou and Fr\u00e9d\u00e9ric Erard: L&#8217;avocat a-t-il aussi le droit d&#8217;\u00eatre dans les nuages? in: Revue de l&#8217;avocat, 2019, pp. 119-126.<\/p>\n<p>Full list available at <a href=\"https:\/\/libra.unine.ch\/search?query=Daniel%20E.%20Kraus&amp;spc.page=1&amp;spc.sf=dc.date.issued&amp;spc.sd=DESC\">https:\/\/libra.unine.ch\/search?query=Daniel%20E.%20Kraus&amp;spc.page=1&amp;spc.sf=dc.date.issued&amp;spc.sd=DESC<\/a>[\/vc_column_text][\/vc_tab][\/vc_tabs][\/vc_column][\/vc_row]<\/p>\n<\/div>","protected":false},"excerpt":{"rendered":"<p>[vc_row bg_color=&#8221;#6d787e&#8221; class=&#8221;display-flex&#8221;][vc_column text_color=&#8221;light&#8221; width=&#8221;1\/1&#8243;][vc_row_inner][vc_column_inner width=&#8221;1\/4&#8243;][\/vc_column_inner][vc_column_inner width=&#8221;3\/4&#8243;][vc_column_text] \u201cDon\u2019t think out of the box. Do not even enter it\u201d [\/vc_column_text][\/vc_column_inner][\/vc_row_inner][\/vc_column][\/vc_row][vc_row][vc_column width=&#8221;1\/1&#8243;][\/vc_column][\/vc_row][vc_row][vc_column width=&#8221;1\/4&#8243;][vc_column_text] Prof. Dr. Daniel Kraus Attorney at Law LL.M (King&#8217;s College London) [\/vc_column_text][vc_column_text] Awards [\/vc_column_text][\/vc_column][vc_column width=&#8221;3\/4&#8243;][vc_tabs interval=&#8221;0&#8243;][vc_tab title=&#8221;Biography&#8221; tab_id=&#8221;dab1363f-82ab-9&#8243;][vc_column_text] Languages: French, English, Deutsch [\/vc_column_text][vc_column_text]Daniel Kraus could have been an architect or a diplomat, but he became a lawyer and a law professor. And no wonder. In intellectual property law, he has found the perfect balance between creativity and rigour. After studying law in Geneva, Daniel Kraus broadened his knowledge of European law and competition law in London (LL.M., King&#8217;s College). After passing his bar exam in Geneva, he assisted Professor Ernst-Ulrich Petersmann at the University of Geneva in European law and international economic law, during which time he also wrote his doctoral thesis on parallel imports of patented products, for which he was awarded theWalther Hug prize for the best doctoral thesis in law. After working for a number of years in a law firm specialising in industrial property, he moved to Berne and worked for nine years at the Swiss Federal Institute of Intellectual Property, first as deputy head of international affairs, then as head of technical cooperation. Fascinated [&hellip;]<\/p>\n","protected":false},"author":8,"featured_media":0,"parent":26502,"menu_order":0,"comment_status":"closed","ping_status":"closed","template":"","meta":{"footnotes":""},"translation":{"provider":"WPGlobus","version":"3.0.2","language":"en","enabled_languages":["fr","de","en","it"],"languages":{"fr":{"title":true,"content":true,"excerpt":false},"de":{"title":true,"content":true,"excerpt":false},"en":{"title":true,"content":true,"excerpt":false},"it":{"title":false,"content":false,"excerpt":false}}},"yoast_head":"<!-- This site is optimized with the Yoast SEO plugin v24.4 - https:\/\/yoast.com\/wordpress\/plugins\/seo\/ -->\n<title>Prof. Dr. Daniel Kraus - P&amp;TS Ltd<\/title>\n<meta name=\"robots\" content=\"index, follow, max-snippet:-1, max-image-preview:large, max-video-preview:-1\" \/>\n<link rel=\"canonical\" href=\"https:\/\/www.patentattorneys.ch\/equipe\/collaborateurs\/daniel-kraus\/\" \/>\n<meta property=\"og:locale\" content=\"en_US\" \/>\n<meta property=\"og:type\" content=\"article\" \/>\n<meta property=\"og:title\" content=\"Prof. Dr. Daniel Kraus - P&amp;TS Ltd\" \/>\n<meta property=\"og:url\" content=\"https:\/\/www.patentattorneys.ch\/equipe\/collaborateurs\/daniel-kraus\/\" \/>\n<meta property=\"og:site_name\" content=\"P&amp;TS Ltd\" \/>\n<meta property=\"article:publisher\" content=\"https:\/\/www.facebook.com\/PTS.Ltd\/\" \/>\n<meta property=\"article:modified_time\" content=\"2025-06-06T16:27:47+00:00\" \/>\n<meta property=\"og:image\" content=\"https:\/\/www.patentattorneys.ch\/wp-content\/uploads\/2025\/06\/54516818996_7f4e9d2150_c-150x150.jpg\" \/>\n<meta name=\"twitter:card\" content=\"summary_large_image\" \/>\n<meta name=\"twitter:site\" content=\"@PTSSA\" \/>\n<meta name=\"twitter:label1\" content=\"Est. reading time\" \/>\n\t<meta name=\"twitter:data1\" content=\"4 minutes\" \/>\n<script type=\"application\/ld+json\" class=\"yoast-schema-graph\">{\"@context\":\"https:\/\/schema.org\",\"@graph\":[{\"@type\":\"WebPage\",\"@id\":\"https:\/\/www.patentattorneys.ch\/equipe\/collaborateurs\/daniel-kraus\/\",\"url\":\"https:\/\/www.patentattorneys.ch\/equipe\/collaborateurs\/daniel-kraus\/\",\"name\":\"Prof. Dr. Daniel Kraus - P&amp;TS Ltd\",\"isPartOf\":{\"@id\":\"https:\/\/www.patentattorneys.ch\/de\/#website\"},\"primaryImageOfPage\":{\"@id\":\"https:\/\/www.patentattorneys.ch\/equipe\/collaborateurs\/daniel-kraus\/#primaryimage\"},\"image\":{\"@id\":\"https:\/\/www.patentattorneys.ch\/equipe\/collaborateurs\/daniel-kraus\/#primaryimage\"},\"thumbnailUrl\":\"https:\/\/www.patentattorneys.ch\/wp-content\/uploads\/2025\/06\/54516818996_7f4e9d2150_c-150x150.jpg\",\"datePublished\":\"2024-04-22T16:08:16+00:00\",\"dateModified\":\"2025-06-06T16:27:47+00:00\",\"breadcrumb\":{\"@id\":\"https:\/\/www.patentattorneys.ch\/equipe\/collaborateurs\/daniel-kraus\/#breadcrumb\"},\"inLanguage\":\"en-US\",\"potentialAction\":[{\"@type\":\"ReadAction\",\"target\":[\"https:\/\/www.patentattorneys.ch\/equipe\/collaborateurs\/daniel-kraus\/\"]}]},{\"@type\":\"ImageObject\",\"inLanguage\":\"en-US\",\"@id\":\"https:\/\/www.patentattorneys.ch\/equipe\/collaborateurs\/daniel-kraus\/#primaryimage\",\"url\":\"https:\/\/www.patentattorneys.ch\/wp-content\/uploads\/2025\/06\/54516818996_7f4e9d2150_c-150x150.jpg\",\"contentUrl\":\"https:\/\/www.patentattorneys.ch\/wp-content\/uploads\/2025\/06\/54516818996_7f4e9d2150_c-150x150.jpg\"},{\"@type\":\"BreadcrumbList\",\"@id\":\"https:\/\/www.patentattorneys.ch\/equipe\/collaborateurs\/daniel-kraus\/#breadcrumb\",\"itemListElement\":[{\"@type\":\"ListItem\",\"position\":1,\"name\":\"Accueil\",\"item\":\"https:\/\/www.patentattorneys.ch\/\"},{\"@type\":\"ListItem\",\"position\":2,\"name\":\"Our team\",\"item\":\"https:\/\/www.patentattorneys.ch\/equipe\/\"},{\"@type\":\"ListItem\",\"position\":3,\"name\":\"Collaborateurs\",\"item\":\"https:\/\/www.patentattorneys.ch\/equipe\/collaborateurs\/\"},{\"@type\":\"ListItem\",\"position\":4,\"name\":\"Prof. Dr. Daniel Kraus\"}]},{\"@type\":\"WebSite\",\"@id\":\"https:\/\/www.patentattorneys.ch\/de\/#website\",\"url\":\"https:\/\/www.patentattorneys.ch\/de\/\",\"name\":\"P&amp;TS Ltd\",\"description\":\"Intellectual Property\",\"publisher\":{\"@id\":\"https:\/\/www.patentattorneys.ch\/de\/#organization\"},\"potentialAction\":[{\"@type\":\"SearchAction\",\"target\":{\"@type\":\"EntryPoint\",\"urlTemplate\":\"https:\/\/www.patentattorneys.ch\/de\/?s={search_term_string}\"},\"query-input\":{\"@type\":\"PropertyValueSpecification\",\"valueRequired\":true,\"valueName\":\"search_term_string\"}}],\"inLanguage\":\"en-US\"},{\"@type\":\"Organization\",\"@id\":\"https:\/\/www.patentattorneys.ch\/de\/#organization\",\"name\":\"P&TS SA\",\"url\":\"https:\/\/www.patentattorneys.ch\/de\/\",\"logo\":{\"@type\":\"ImageObject\",\"inLanguage\":\"en-US\",\"@id\":\"https:\/\/www.patentattorneys.ch\/de\/#\/schema\/logo\/image\/\",\"url\":\"https:\/\/www.patentattorneys.ch\/wp-content\/uploads\/2016\/01\/PTS_Icon.jpg\",\"contentUrl\":\"https:\/\/www.patentattorneys.ch\/wp-content\/uploads\/2016\/01\/PTS_Icon.jpg\",\"width\":512,\"height\":512,\"caption\":\"P&TS SA\"},\"image\":{\"@id\":\"https:\/\/www.patentattorneys.ch\/de\/#\/schema\/logo\/image\/\"},\"sameAs\":[\"https:\/\/www.facebook.com\/PTS.Ltd\/\",\"https:\/\/x.com\/PTSSA\",\"https:\/\/www.linkedin.com\/company\/p&ts-sa\"]}]}<\/script>\n<!-- \/ Yoast SEO plugin. -->","yoast_head_json":{"title":"Prof. Dr. Daniel Kraus - P&amp;TS Ltd","robots":{"index":"index","follow":"follow","max-snippet":"max-snippet:-1","max-image-preview":"max-image-preview:large","max-video-preview":"max-video-preview:-1"},"canonical":"https:\/\/www.patentattorneys.ch\/equipe\/collaborateurs\/daniel-kraus\/","og_locale":"en_US","og_type":"article","og_title":"Prof. Dr. Daniel Kraus - P&amp;TS Ltd","og_url":"https:\/\/www.patentattorneys.ch\/equipe\/collaborateurs\/daniel-kraus\/","og_site_name":"P&amp;TS Ltd","article_publisher":"https:\/\/www.facebook.com\/PTS.Ltd\/","article_modified_time":"2025-06-06T16:27:47+00:00","og_image":[{"url":"https:\/\/www.patentattorneys.ch\/wp-content\/uploads\/2025\/06\/54516818996_7f4e9d2150_c-150x150.jpg","type":"","width":"","height":""}],"twitter_card":"summary_large_image","twitter_site":"@PTSSA","twitter_misc":{"Est. reading time":"4 minutes"},"schema":{"@context":"https:\/\/schema.org","@graph":[{"@type":"WebPage","@id":"https:\/\/www.patentattorneys.ch\/equipe\/collaborateurs\/daniel-kraus\/","url":"https:\/\/www.patentattorneys.ch\/equipe\/collaborateurs\/daniel-kraus\/","name":"Prof. Dr. Daniel Kraus - P&amp;TS Ltd","isPartOf":{"@id":"https:\/\/www.patentattorneys.ch\/de\/#website"},"primaryImageOfPage":{"@id":"https:\/\/www.patentattorneys.ch\/equipe\/collaborateurs\/daniel-kraus\/#primaryimage"},"image":{"@id":"https:\/\/www.patentattorneys.ch\/equipe\/collaborateurs\/daniel-kraus\/#primaryimage"},"thumbnailUrl":"https:\/\/www.patentattorneys.ch\/wp-content\/uploads\/2025\/06\/54516818996_7f4e9d2150_c-150x150.jpg","datePublished":"2024-04-22T16:08:16+00:00","dateModified":"2025-06-06T16:27:47+00:00","breadcrumb":{"@id":"https:\/\/www.patentattorneys.ch\/equipe\/collaborateurs\/daniel-kraus\/#breadcrumb"},"inLanguage":"en-US","potentialAction":[{"@type":"ReadAction","target":["https:\/\/www.patentattorneys.ch\/equipe\/collaborateurs\/daniel-kraus\/"]}]},{"@type":"ImageObject","inLanguage":"en-US","@id":"https:\/\/www.patentattorneys.ch\/equipe\/collaborateurs\/daniel-kraus\/#primaryimage","url":"https:\/\/www.patentattorneys.ch\/wp-content\/uploads\/2025\/06\/54516818996_7f4e9d2150_c-150x150.jpg","contentUrl":"https:\/\/www.patentattorneys.ch\/wp-content\/uploads\/2025\/06\/54516818996_7f4e9d2150_c-150x150.jpg"},{"@type":"BreadcrumbList","@id":"https:\/\/www.patentattorneys.ch\/equipe\/collaborateurs\/daniel-kraus\/#breadcrumb","itemListElement":[{"@type":"ListItem","position":1,"name":"Accueil","item":"https:\/\/www.patentattorneys.ch\/"},{"@type":"ListItem","position":2,"name":"Our team","item":"https:\/\/www.patentattorneys.ch\/equipe\/"},{"@type":"ListItem","position":3,"name":"Collaborateurs","item":"https:\/\/www.patentattorneys.ch\/equipe\/collaborateurs\/"},{"@type":"ListItem","position":4,"name":"Prof. Dr. Daniel Kraus"}]},{"@type":"WebSite","@id":"https:\/\/www.patentattorneys.ch\/de\/#website","url":"https:\/\/www.patentattorneys.ch\/de\/","name":"P&amp;TS Ltd","description":"Intellectual Property","publisher":{"@id":"https:\/\/www.patentattorneys.ch\/de\/#organization"},"potentialAction":[{"@type":"SearchAction","target":{"@type":"EntryPoint","urlTemplate":"https:\/\/www.patentattorneys.ch\/de\/?s={search_term_string}"},"query-input":{"@type":"PropertyValueSpecification","valueRequired":true,"valueName":"search_term_string"}}],"inLanguage":"en-US"},{"@type":"Organization","@id":"https:\/\/www.patentattorneys.ch\/de\/#organization","name":"P&TS SA","url":"https:\/\/www.patentattorneys.ch\/de\/","logo":{"@type":"ImageObject","inLanguage":"en-US","@id":"https:\/\/www.patentattorneys.ch\/de\/#\/schema\/logo\/image\/","url":"https:\/\/www.patentattorneys.ch\/wp-content\/uploads\/2016\/01\/PTS_Icon.jpg","contentUrl":"https:\/\/www.patentattorneys.ch\/wp-content\/uploads\/2016\/01\/PTS_Icon.jpg","width":512,"height":512,"caption":"P&TS SA"},"image":{"@id":"https:\/\/www.patentattorneys.ch\/de\/#\/schema\/logo\/image\/"},"sameAs":["https:\/\/www.facebook.com\/PTS.Ltd\/","https:\/\/x.com\/PTSSA","https:\/\/www.linkedin.com\/company\/p&ts-sa"]}]}},"_links":{"self":[{"href":"https:\/\/www.patentattorneys.ch\/en\/wp-json\/wp\/v2\/pages\/33607"}],"collection":[{"href":"https:\/\/www.patentattorneys.ch\/en\/wp-json\/wp\/v2\/pages"}],"about":[{"href":"https:\/\/www.patentattorneys.ch\/en\/wp-json\/wp\/v2\/types\/page"}],"author":[{"embeddable":true,"href":"https:\/\/www.patentattorneys.ch\/en\/wp-json\/wp\/v2\/users\/8"}],"replies":[{"embeddable":true,"href":"https:\/\/www.patentattorneys.ch\/en\/wp-json\/wp\/v2\/comments?post=33607"}],"version-history":[{"count":13,"href":"https:\/\/www.patentattorneys.ch\/en\/wp-json\/wp\/v2\/pages\/33607\/revisions"}],"predecessor-version":[{"id":34729,"href":"https:\/\/www.patentattorneys.ch\/en\/wp-json\/wp\/v2\/pages\/33607\/revisions\/34729"}],"up":[{"embeddable":true,"href":"https:\/\/www.patentattorneys.ch\/en\/wp-json\/wp\/v2\/pages\/26502"}],"wp:attachment":[{"href":"https:\/\/www.patentattorneys.ch\/en\/wp-json\/wp\/v2\/media?parent=33607"}],"curies":[{"name":"wp","href":"https:\/\/api.w.org\/{rel}","templated":true}]}}