

{"id":34530,"date":"2025-04-25T12:41:35","date_gmt":"2025-04-25T11:41:35","guid":{"rendered":"https:\/\/www.patentattorneys.ch\/?page_id=34530"},"modified":"2025-06-30T20:37:42","modified_gmt":"2025-06-30T19:37:42","slug":"veilles","status":"publish","type":"page","link":"https:\/\/www.patentattorneys.ch\/en\/our-services\/patents\/watches\/","title":{"rendered":"Watches"},"content":{"rendered":"<div class=\"wpb-content-wrapper\"><p>[vc_row type=&#8221;full_width_section&#8221;][vc_column width=&#8221;1\/1&#8243;]<div class=\"imagebox wpb_content_element style-1\"><div class=\"imagebox-img\"><img decoding=\"async\" src=\"https:\/\/www.patentattorneys.ch\/wp-content\/uploads\/2022\/04\/brevets_banner.jpg\" alt=\"Recherche de brevets - Patentrecherche - Patent search\" \/><\/div><\/div>[\/vc_column][\/vc_row][vc_row][vc_column width=&#8221;1\/1&#8243;]<style>#breadcrumb-69f5238b60873 li::after { content: \"\u00bb\" }<\/style><div class=\"\"><ol class=\"wwp-vc-breadcrumbs \" id=\"breadcrumb-69f5238b60873\"><li class=\"visited\"><a href=\"\/\">Home<\/a><\/li><li class=\"visited\"><a href=\"https:\/\/www.patentattorneys.ch\/en\/our-services\/\">{:fr}Services{:}{:de}Dienstleitungen{:}{:en}Our services{:}<\/a><\/li><li class=\"visited\"><a href=\"https:\/\/www.patentattorneys.ch\/en\/our-services\/patents\/\">{:fr}Brevets{:}{:de}Patente{:}{:en}Patents{:}<\/a><\/li><li class=\"current\"><span>Watches<\/span><\/li><\/ol><\/div>[\/vc_column][\/vc_row][vc_row bg_image=&#8221;15893&#8243;][vc_column animation=&#8221;fade-in-from-left&#8221; width=&#8221;2\/3&#8243;]<div class=\"spacer\" style=\"height: 40px;\"><\/div>[vc_column_text]<\/p>\n<h1>Watches<\/h1>\n<p>Monitoring is a systematic process of collecting, analysing and monitoring relevant and strategic information related to patents, technologies, intellectual property, or competitors&#8217; developments. The objective of monitoring is to avoid the risk of being surprised by third-party patents, and to help companies improve their competitiveness by exploiting the information collected.<\/p>\n<p>The results of the monitoring are transmitted every month via a newsletter and on a secure platform.[\/vc_column_text][vc_tabs][vc_tab title=&#8221;Technology watch&#8221; tab_id=&#8221;1628584769762-7-5&#8243;][vc_column_text]<\/p>\n<h4>Technology watch<\/h4>\n<p>Technology watch allows you to monitor the patents and scientific publications of your competitors and in your field of activity. It reduces the risk of infringing competitors&#8217; patents and allows you to monitor technological developments that may have an impact on the competitive situation in your field or on your freedom to operate on a monthly basis.[\/vc_column_text][\/vc_tab][vc_tab title=&#8221;COMPETITIVE INTELLIGENCE&#8221; tab_id=&#8221;c9c08126-3851-8&#8243;][vc_column_text]<b>Competitive intelligence<\/b><\/p>\n<p>Competitive intelligence allows you to monitor your competitors&#8217; patents, but also their scientific publications as well as the relevant information published each month in the news or on web pages. In addition to patent and freedom-to-operate information, it also provides information on your competitors&#8217; business strategies and new product launches, for example.[\/vc_column_text][\/vc_tab][vc_tab title=&#8221;REGULATORY MONITORING&#8221; tab_id=&#8221;1456135854834-4-9&#8243;][vc_column_text]<\/p>\n<h4>Regulatory monitoring<\/h4>\n<p>Regulatory monitoring is a process of continuous monitoring of legislative and regulatory developments relevant to a given company or sector. By identifying changes in standards or legislation in an area, it aims to ensure compliance with laws, anticipate legal changes and minimize legal risks while identifying opportunities related to new regulations.[\/vc_column_text][\/vc_tab][vc_tab title=&#8221;LEGAL WATCH&#8221; tab_id=&#8221;1453669696668-1-8&#8243;][vc_column_text]<\/p>\n<h4>Legal watch<\/h4>\n<p>Legal watch allows you to monitor the evolution of the legal status of previously identified patents or patent applications \u2013 for example, the patents of your competitors. It makes it possible to detect the grant of a dangerous patent at an early stage and to take measures to reduce the risk in good time, for example by filing an opposition, third-party observations, or any other appropriate measure.[\/vc_column_text][\/vc_tab][\/vc_tabs][\/vc_column][vc_column animation=&#8221;fade-in-from-bottom&#8221; width=&#8221;1\/3&#8243;]<div class=\"spacer\" style=\"height: 40px;\"><\/div>[vc_column_text]<\/p>\n<h3>CONTACT<\/h3>\n<p>[\/vc_column_text]<div class=\"member wpb_content_element test\"><div class=\"member-img\"><a href='http:\/\/www.patentattorneys.ch\/en\/equipe\/collaborateurs\/emmanuelle-bourbon\/'><img decoding=\"async\" src=\"https:\/\/www.patentattorneys.ch\/wp-content\/uploads\/2020\/10\/schreyer_2003423.jpg\" alt=\"Emanuelle Bourbon\" \/><\/a><\/div><h4><a href='http:\/\/www.patentattorneys.ch\/en\/equipe\/collaborateurs\/emmanuelle-bourbon\/'>Emmanuelle Bourbon<\/a><\/h4><div class=\"member-role\">Patent Information Analyst<\/div><div class=\"member-content\"><p><\/p><\/div><\/div><div class=\"newdivider align-center\" style=\"border-bottom-style: solid; border-color: #b7b7b7; border-bottom-width: 1px; margin-top: 0; margin-bottom: 20px; width: 100%; \"><\/div><div class=\"clear\"><\/div>[\/vc_column][\/vc_row]<\/p>\n<\/div>","protected":false},"excerpt":{"rendered":"<p>[vc_row type=&#8221;full_width_section&#8221;][vc_column width=&#8221;1\/1&#8243;][\/vc_column][\/vc_row][vc_row][vc_column width=&#8221;1\/1&#8243;][\/vc_column][\/vc_row][vc_row bg_image=&#8221;15893&#8243;][vc_column animation=&#8221;fade-in-from-left&#8221; width=&#8221;2\/3&#8243;][vc_column_text] Watches Monitoring is a systematic process of collecting, analysing and monitoring relevant and strategic information related to patents, technologies, intellectual property, or competitors&#8217; developments. The objective of monitoring is to avoid the risk of being surprised by third-party patents, and to help companies improve their competitiveness by exploiting the information collected. The results of the monitoring are transmitted every month via a newsletter and on a secure platform.[\/vc_column_text][vc_tabs][vc_tab title=&#8221;Technology watch&#8221; tab_id=&#8221;1628584769762-7-5&#8243;][vc_column_text] Technology watch Technology watch allows you to monitor the patents and scientific publications of your competitors and in your field of activity. It reduces the risk of infringing competitors&#8217; patents and allows you to monitor technological developments that may have an impact on the competitive situation in your field or on your freedom to operate on a monthly basis.[\/vc_column_text][\/vc_tab][vc_tab title=&#8221;COMPETITIVE INTELLIGENCE&#8221; tab_id=&#8221;c9c08126-3851-8&#8243;][vc_column_text]Competitive intelligence Competitive intelligence allows you to monitor your competitors&#8217; patents, but also their scientific publications as well as the relevant information published each month in the news or on web pages. In addition to patent and freedom-to-operate information, it also provides information on your competitors&#8217; business strategies and new product launches, for example.[\/vc_column_text][\/vc_tab][vc_tab title=&#8221;REGULATORY MONITORING&#8221; tab_id=&#8221;1456135854834-4-9&#8243;][vc_column_text] Regulatory monitoring Regulatory monitoring [&hellip;]<\/p>\n","protected":false},"author":9,"featured_media":0,"parent":15785,"menu_order":0,"comment_status":"closed","ping_status":"closed","template":"","meta":{"footnotes":""},"translation":{"provider":"WPGlobus","version":"3.0.2","language":"en","enabled_languages":["fr","de","en","it"],"languages":{"fr":{"title":true,"content":true,"excerpt":false},"de":{"title":true,"content":true,"excerpt":false},"en":{"title":true,"content":true,"excerpt":false},"it":{"title":false,"content":false,"excerpt":false}}},"yoast_head":"<!-- This site is optimized with the Yoast SEO plugin v24.4 - https:\/\/yoast.com\/wordpress\/plugins\/seo\/ -->\n<title>Recherche de brevets<\/title>\n<meta name=\"robots\" content=\"index, follow, max-snippet:-1, max-image-preview:large, max-video-preview:-1\" \/>\n<link rel=\"canonical\" href=\"https:\/\/www.patentattorneys.ch\/nos-services\/brevets\/veilles\/\" \/>\n<meta property=\"og:locale\" content=\"en_US\" \/>\n<meta property=\"og:type\" content=\"article\" \/>\n<meta property=\"og:title\" content=\"Watches - P&amp;TS Ltd\" \/>\n<meta property=\"og:url\" content=\"https:\/\/www.patentattorneys.ch\/nos-services\/brevets\/veilles\/\" \/>\n<meta property=\"og:site_name\" content=\"P&amp;TS Ltd\" \/>\n<meta property=\"article:publisher\" content=\"https:\/\/www.facebook.com\/PTS.Ltd\/\" \/>\n<meta property=\"article:modified_time\" content=\"2025-06-30T19:37:42+00:00\" \/>\n<meta name=\"twitter:card\" content=\"summary_large_image\" \/>\n<meta name=\"twitter:site\" content=\"@PTSSA\" \/>\n<meta name=\"twitter:label1\" content=\"Est. reading time\" \/>\n\t<meta name=\"twitter:data1\" content=\"3 minutes\" \/>\n<script type=\"application\/ld+json\" class=\"yoast-schema-graph\">{\"@context\":\"https:\/\/schema.org\",\"@graph\":[{\"@type\":\"WebPage\",\"@id\":\"https:\/\/www.patentattorneys.ch\/nos-services\/brevets\/veilles\/\",\"url\":\"https:\/\/www.patentattorneys.ch\/nos-services\/brevets\/veilles\/\",\"name\":\"Recherche de brevets\",\"isPartOf\":{\"@id\":\"https:\/\/www.patentattorneys.ch\/de\/#website\"},\"datePublished\":\"2025-04-25T11:41:35+00:00\",\"dateModified\":\"2025-06-30T19:37:42+00:00\",\"description\":\"Recherche de brevets: \u00e9tude de brevetabilit\u00e9; \u00e9tude de libert\u00e9 d'exploitation; recherche pour opposition; validit\u00e9 des brevets.\",\"breadcrumb\":{\"@id\":\"https:\/\/www.patentattorneys.ch\/nos-services\/brevets\/veilles\/#breadcrumb\"},\"inLanguage\":\"en-US\",\"potentialAction\":[{\"@type\":\"ReadAction\",\"target\":[\"https:\/\/www.patentattorneys.ch\/nos-services\/brevets\/veilles\/\"]}]},{\"@type\":\"BreadcrumbList\",\"@id\":\"https:\/\/www.patentattorneys.ch\/nos-services\/brevets\/veilles\/#breadcrumb\",\"itemListElement\":[{\"@type\":\"ListItem\",\"position\":1,\"name\":\"Accueil\",\"item\":\"https:\/\/www.patentattorneys.ch\/\"},{\"@type\":\"ListItem\",\"position\":2,\"name\":\"Our services\",\"item\":\"https:\/\/www.patentattorneys.ch\/nos-services\/\"},{\"@type\":\"ListItem\",\"position\":3,\"name\":\"Patents\",\"item\":\"https:\/\/www.patentattorneys.ch\/nos-services\/brevets\/\"},{\"@type\":\"ListItem\",\"position\":4,\"name\":\"Watches\"}]},{\"@type\":\"WebSite\",\"@id\":\"https:\/\/www.patentattorneys.ch\/de\/#website\",\"url\":\"https:\/\/www.patentattorneys.ch\/de\/\",\"name\":\"P&amp;TS Ltd\",\"description\":\"Intellectual Property\",\"publisher\":{\"@id\":\"https:\/\/www.patentattorneys.ch\/de\/#organization\"},\"potentialAction\":[{\"@type\":\"SearchAction\",\"target\":{\"@type\":\"EntryPoint\",\"urlTemplate\":\"https:\/\/www.patentattorneys.ch\/de\/?s={search_term_string}\"},\"query-input\":{\"@type\":\"PropertyValueSpecification\",\"valueRequired\":true,\"valueName\":\"search_term_string\"}}],\"inLanguage\":\"en-US\"},{\"@type\":\"Organization\",\"@id\":\"https:\/\/www.patentattorneys.ch\/de\/#organization\",\"name\":\"P&TS SA\",\"url\":\"https:\/\/www.patentattorneys.ch\/de\/\",\"logo\":{\"@type\":\"ImageObject\",\"inLanguage\":\"en-US\",\"@id\":\"https:\/\/www.patentattorneys.ch\/de\/#\/schema\/logo\/image\/\",\"url\":\"https:\/\/www.patentattorneys.ch\/wp-content\/uploads\/2016\/01\/PTS_Icon.jpg\",\"contentUrl\":\"https:\/\/www.patentattorneys.ch\/wp-content\/uploads\/2016\/01\/PTS_Icon.jpg\",\"width\":512,\"height\":512,\"caption\":\"P&TS SA\"},\"image\":{\"@id\":\"https:\/\/www.patentattorneys.ch\/de\/#\/schema\/logo\/image\/\"},\"sameAs\":[\"https:\/\/www.facebook.com\/PTS.Ltd\/\",\"https:\/\/x.com\/PTSSA\",\"https:\/\/www.linkedin.com\/company\/p&ts-sa\"]}]}<\/script>\n<!-- \/ Yoast SEO plugin. -->","yoast_head_json":{"title":"Recherche de brevets","robots":{"index":"index","follow":"follow","max-snippet":"max-snippet:-1","max-image-preview":"max-image-preview:large","max-video-preview":"max-video-preview:-1"},"canonical":"https:\/\/www.patentattorneys.ch\/nos-services\/brevets\/veilles\/","og_locale":"en_US","og_type":"article","og_title":"Watches - P&amp;TS Ltd","og_url":"https:\/\/www.patentattorneys.ch\/nos-services\/brevets\/veilles\/","og_site_name":"P&amp;TS Ltd","article_publisher":"https:\/\/www.facebook.com\/PTS.Ltd\/","article_modified_time":"2025-06-30T19:37:42+00:00","twitter_card":"summary_large_image","twitter_site":"@PTSSA","twitter_misc":{"Est. reading time":"3 minutes"},"schema":{"@context":"https:\/\/schema.org","@graph":[{"@type":"WebPage","@id":"https:\/\/www.patentattorneys.ch\/nos-services\/brevets\/veilles\/","url":"https:\/\/www.patentattorneys.ch\/nos-services\/brevets\/veilles\/","name":"Recherche de brevets","isPartOf":{"@id":"https:\/\/www.patentattorneys.ch\/de\/#website"},"datePublished":"2025-04-25T11:41:35+00:00","dateModified":"2025-06-30T19:37:42+00:00","description":"Recherche de brevets: \u00e9tude de brevetabilit\u00e9; \u00e9tude de libert\u00e9 d'exploitation; recherche pour opposition; validit\u00e9 des brevets.","breadcrumb":{"@id":"https:\/\/www.patentattorneys.ch\/nos-services\/brevets\/veilles\/#breadcrumb"},"inLanguage":"en-US","potentialAction":[{"@type":"ReadAction","target":["https:\/\/www.patentattorneys.ch\/nos-services\/brevets\/veilles\/"]}]},{"@type":"BreadcrumbList","@id":"https:\/\/www.patentattorneys.ch\/nos-services\/brevets\/veilles\/#breadcrumb","itemListElement":[{"@type":"ListItem","position":1,"name":"Accueil","item":"https:\/\/www.patentattorneys.ch\/"},{"@type":"ListItem","position":2,"name":"Our services","item":"https:\/\/www.patentattorneys.ch\/nos-services\/"},{"@type":"ListItem","position":3,"name":"Patents","item":"https:\/\/www.patentattorneys.ch\/nos-services\/brevets\/"},{"@type":"ListItem","position":4,"name":"Watches"}]},{"@type":"WebSite","@id":"https:\/\/www.patentattorneys.ch\/de\/#website","url":"https:\/\/www.patentattorneys.ch\/de\/","name":"P&amp;TS Ltd","description":"Intellectual Property","publisher":{"@id":"https:\/\/www.patentattorneys.ch\/de\/#organization"},"potentialAction":[{"@type":"SearchAction","target":{"@type":"EntryPoint","urlTemplate":"https:\/\/www.patentattorneys.ch\/de\/?s={search_term_string}"},"query-input":{"@type":"PropertyValueSpecification","valueRequired":true,"valueName":"search_term_string"}}],"inLanguage":"en-US"},{"@type":"Organization","@id":"https:\/\/www.patentattorneys.ch\/de\/#organization","name":"P&TS SA","url":"https:\/\/www.patentattorneys.ch\/de\/","logo":{"@type":"ImageObject","inLanguage":"en-US","@id":"https:\/\/www.patentattorneys.ch\/de\/#\/schema\/logo\/image\/","url":"https:\/\/www.patentattorneys.ch\/wp-content\/uploads\/2016\/01\/PTS_Icon.jpg","contentUrl":"https:\/\/www.patentattorneys.ch\/wp-content\/uploads\/2016\/01\/PTS_Icon.jpg","width":512,"height":512,"caption":"P&TS SA"},"image":{"@id":"https:\/\/www.patentattorneys.ch\/de\/#\/schema\/logo\/image\/"},"sameAs":["https:\/\/www.facebook.com\/PTS.Ltd\/","https:\/\/x.com\/PTSSA","https:\/\/www.linkedin.com\/company\/p&ts-sa"]}]}},"_links":{"self":[{"href":"https:\/\/www.patentattorneys.ch\/en\/wp-json\/wp\/v2\/pages\/34530"}],"collection":[{"href":"https:\/\/www.patentattorneys.ch\/en\/wp-json\/wp\/v2\/pages"}],"about":[{"href":"https:\/\/www.patentattorneys.ch\/en\/wp-json\/wp\/v2\/types\/page"}],"author":[{"embeddable":true,"href":"https:\/\/www.patentattorneys.ch\/en\/wp-json\/wp\/v2\/users\/9"}],"replies":[{"embeddable":true,"href":"https:\/\/www.patentattorneys.ch\/en\/wp-json\/wp\/v2\/comments?post=34530"}],"version-history":[{"count":9,"href":"https:\/\/www.patentattorneys.ch\/en\/wp-json\/wp\/v2\/pages\/34530\/revisions"}],"predecessor-version":[{"id":35310,"href":"https:\/\/www.patentattorneys.ch\/en\/wp-json\/wp\/v2\/pages\/34530\/revisions\/35310"}],"up":[{"embeddable":true,"href":"https:\/\/www.patentattorneys.ch\/en\/wp-json\/wp\/v2\/pages\/15785"}],"wp:attachment":[{"href":"https:\/\/www.patentattorneys.ch\/en\/wp-json\/wp\/v2\/media?parent=34530"}],"curies":[{"name":"wp","href":"https:\/\/api.w.org\/{rel}","templated":true}]}}