

{"id":33050,"date":"2023-10-17T09:22:14","date_gmt":"2023-10-17T08:22:14","guid":{"rendered":"https:\/\/www.patentattorneys.ch\/?page_id=33050"},"modified":"2023-10-31T14:40:16","modified_gmt":"2023-10-31T13:40:16","slug":"qui-est-lauteur-en-matiere-dintelligence-artificielle","status":"publish","type":"page","link":"https:\/\/www.patentattorneys.ch\/it\/qui-est-lauteur-en-matiere-dintelligence-artificielle\/","title":{"rendered":"Qui est l\u2019auteur en mati\u00e8re d\u2019intelligence artificielle, s\u2019il y en a un  ?"},"content":{"rendered":"<div class=\"wpb-content-wrapper\"><p>[vc_row][vc_column width=&#8221;1\/1&#8243;]<style>#breadcrumb-6a063cdf94cba li::after { content: \"\u00bb\" }<\/style><div class=\"vc_custom_1696930885490\"><ol class=\"wwp-vc-breadcrumbs \" id=\"breadcrumb-6a063cdf94cba\"><li class=\"visited\"><a href=\"\/\">Home<\/a><\/li><li class=\"current\"><span>Qui est l\u2019auteur en mati\u00e8re d\u2019intelligence artificielle, s\u2019il y en a un  ?<\/span><\/li><\/ol><\/div>[\/vc_column][\/vc_row][vc_row][vc_column width=&#8221;2\/3&#8243;][vc_column_text]<\/p>\n<h1>Qui est l\u2019auteur en mati\u00e8re d\u2019intelligence artificielle, s\u2019il y en a un ?<\/h1>\n<div class=\"epyt-video-wrapper\"><iframe  id=\"_ytid_90045\"  width=\"1161\" height=\"653\"  data-origwidth=\"1161\" data-origheight=\"653\" src=\"https:\/\/www.youtube.com\/embed\/-kv4DQ5Rr4I?enablejsapi=1&#038;autoplay=0&#038;cc_load_policy=0&#038;cc_lang_pref=&#038;iv_load_policy=1&#038;loop=0&#038;rel=1&#038;fs=1&#038;playsinline=0&#038;autohide=2&#038;hl=it_IT&#038;theme=dark&#038;color=red&#038;controls=1&#038;disablekb=0&#038;\" class=\"__youtube_prefs__  epyt-is-override  no-lazyload\" title=\"YouTube player\"  allow=\"fullscreen; accelerometer; autoplay; clipboard-write; encrypted-media; gyroscope; picture-in-picture; web-share\" referrerpolicy=\"strict-origin-when-cross-origin\" allowfullscreen data-no-lazy=\"1\" data-skipgform_ajax_framebjll=\"\"><\/iframe><\/div>\n<p>Par anthropomorphisme, nous avons naturellement tendance \u00e0 parler de l\u2019IA comme d\u2019une personne \u00e0 part enti\u00e8re, ce qu\u2019elle n\u2019est pas (ou du moins, pas encore\u00a0!).<\/p>\n<p>Cependant, en vertu d\u2019un principe reconnu de mani\u00e8re universelle, seule une <strong>personne physique peut \u00eatre qualifi\u00e9e d\u2019auteur d\u2019une cr\u00e9ation ou d\u2019une \u0153uvre <\/strong>au sens de la loi sur le droit d\u2019auteur (ou <em>copyright<\/em> dans les pays anglo-saxons).<\/p>\n<p>D\u00e8s lors de nombreuses questions surgissent en lien avec les \u00a0\u00ab\u00a0cr\u00e9ations de l\u2019IA\u00a0\u00bb. L\u2019Office am\u00e9ricain de propri\u00e9t\u00e9 intellectuelle USPTO a \u00e9t\u00e9 challeng\u00e9 l\u2019an dernier par un d\u00e9posant qui a d\u00e9clar\u00e9 une IA comme auteur d\u2019une \u0153uvre. La demande a \u00e9t\u00e9 rejet\u00e9e pr\u00e9cis\u00e9ment pour le motif que seul un \u00eatre humain pouvait pr\u00e9tendre \u00e0 la titularit\u00e9 sur un copyright\u00a0; cette prise de position a eu cependant le m\u00e9rite de cr\u00e9er un pr\u00e9c\u00e9dent et ouvrir le dialogue entre juristes et cr\u00e9ateurs.<\/p>\n<p>Par analogie, en 2016, un juge am\u00e9ricain a d\u00e9bout\u00e9 l\u2019association de d\u00e9fense des animaux PETA en relation avec l\u2019exploitation d\u2019un selfie pris par un singe, au motif que m\u00eame si le singe avait pris les photos \u201cde mani\u00e8re ind\u00e9pendante et en en toute autonomie\u201d, il \u00e9tait impossible de donner suite au proc\u00e8s sachant que les animaux n\u2019ont pas qualit\u00e9 pour agir en justice et ne peuvent donc pas engager des poursuites pour atteinte au droit d\u2019auteur. Il en va de m\u00eame des tableaux peints par le cochon \u00ab\u00a0Pigcasso\u00a0\u00bb.<\/p>\n<p>Ainsi, il est essentiel d&#8217;examiner le r\u00f4le de l\u2019humain dans la cr\u00e9ation d\u2019une \u0153uvre d&#8217;art. Si l&#8217;artiste a utilis\u00e9 un algorithme d&#8217;IA comme un simple outil pour cr\u00e9er l&#8217;\u0153uvre d&#8217;art et a pris des d\u00e9cisions cr\u00e9atives importantes au cours du processus (par exemple en \u00e9crivant un prompt tr\u00e8s d\u00e9taill\u00e9), il pourra \u00eatre consid\u00e9r\u00e9 comme le titulaire en d\u00e9coulant si les autres conditions de protection exig\u00e9es par le droit d\u2019auteur sont remplies. En revanche, si l&#8217;algorithme d&#8217;IA a g\u00e9n\u00e9r\u00e9 une image ou un r\u00e9sultat <em>de mani\u00e8re autonome,<\/em> <em>sans -ou presque sans- intervention humaine<\/em>, il n\u2019est pas certain qu\u2019une \u0153uvre au sens du droit d\u2019auteur puisse \u00eatre revendiqu\u00e9e.<\/p>\n<p>Ainsi, un morceau de musique enti\u00e8rement cr\u00e9e par l&#8217;IA ne saurait \u00eatre prot\u00e9g\u00e9 par le droit d&#8217;auteur, de sorte que tout le monde pourrait le diffuser librement. Les controverses sont encore nombreuses aujourd\u2019hui, en particulier si la cr\u00e9ation d\u2019une nouvelle cat\u00e9gorie de droits de propri\u00e9t\u00e9 intellectuelle devait s\u2019av\u00e9rer n\u00e9cessaire\u00a0? Les auteurs pr\u00e9conisent plut\u00f4t d\u2019\u00e9largir les concepts existants dans le droit positif\u00a0; en effet, le droit suit la technologie et doit s\u2019y adapter, et non l\u2019inverse.<\/p>\n<p>Ce qui est certain, c\u2019est que l\u2019IA ne sera jamais auteur. D\u2019une part, car un algorithme n\u2019est pas une personne humaine comme l\u2019exige la loi, mais aussi par ce que les \u0153uvres \u00ab ing\u00e9r\u00e9es \u00bb par l\u2019IA pour son entra\u00eenement ne sont pas exploit\u00e9es classiquement comme le ferait un artiste : lors de son apprentissage, l\u2019IA d\u00e9construit le contenu de celles-ci afin d\u2019\u00e9laborer un mod\u00e8le reposant sur leurs sp\u00e9cificit\u00e9s communes. Elles sont utilis\u00e9es non pour elles-m\u00eames en tant qu\u2019\u00e9l\u00e9ment unique, mais pour leur valeur informationnelle. Ce que l\u2019IA utilise dans son processus cr\u00e9atif est moins l\u2019\u0153uvre primaire que l\u2019ensemble des traits caract\u00e9ristiques qu\u2019elle a identifi\u00e9s, pris s\u00e9par\u00e9ment (en d\u2019autres termes, l\u2019IA ne \u00ab voit \u00bb par l\u2019\u0153uvre comme le fait un \u00eatre humain dans une galerie d\u2019art par ses 5 sens, mais lit tout une s\u00e9rie d\u2019informations sous forme math\u00e9matiques qui d\u00e9crivent le produit de mani\u00e8re imag\u00e9e, un peu comme dans le film Matrix\u2122).<\/p>\n<p>On pourrait aussi pousser le raisonnement par l\u2019absurde et se demander si une d\u00e9construction totale des \u0153uvres par l\u2019algorithme, puis une recombinaison de celles-ci sous forme de donn\u00e9es statistiques pourrait cr\u00e9e une \u0153uvre nouvelle <em>ab nihilo<\/em> avec un droit d\u2019auteur originaire ou au contraire s\u2019ajoutant \u00e0 l\u2019ensemble des droits pr\u00e9existants de ses contributeurs\u00a0?<\/p>\n<p>Les auteurs peuvent en effet \u00eatre multiples\u00a0: tr\u00e8s souvent, les utilisateurs des versions gratuites d\u2019outils d\u2019intelligence artificielle \u00ab\u00a0c\u00e8dent\u00a0\u00bb leurs droits de sorte que leur \u00ab\u00a0prompt\u00a0\u00bb soit r\u00e9utilis\u00e9 \u00e0 des fins d\u2019entrainement de l\u2019algorithme, ainsi que le r\u00e9sultat issu du traitement des donn\u00e9es ins\u00e9r\u00e9es par l\u2019algorithme. Ainsi, l\u2019auteur utilisant des outils d\u2019IA pour sa cr\u00e9ation, ne sera jamais absolument certain de pouvoir ma\u00eetriser la communication de son \u0153uvre au public et sa diffusion, dans la mesure o\u00f9 les \u00e9diteurs d\u2019outils d\u2019IA ne garantissent ni l\u2019unicit\u00e9 ni l\u2019exclusivit\u00e9 du r\u00e9sultat issu du recours \u00e0 l\u2019outil d\u2019intelligence artificielle..<\/p>\n<p>C\u2019est plut\u00f4t <strong>l\u2019aspect \u00e9conomique<\/strong> qui est actuellement remis en question, notamment en raison des investissements et du co\u00fbt de d\u00e9veloppement et d\u2019utilisation de ces outils. Les mastodontes actuels de l\u2019Intelligence artificielle alimentent celles-ci gr\u00e2ce aux interactions de leurs utilisateurs et monnaient donc celles-ci. Cet \u00e9l\u00e9ment sera d\u00e9velopp\u00e9 plus loin dans un prochain article.<\/p>\n<p>&nbsp;<\/p>\n<p><strong>En conclusion<\/strong>\u00a0: en raison des incertitudes juridiques existantes, il n\u2019est pas possible pour une agence recourant aux outils d\u2019intelligence artificielle de garantir une exclusivit\u00e9 sur le r\u00e9sultat du travail aux clients, ni la cession compl\u00e8te des droits, dans la mesure o\u00f9 l\u2019on ignore qui est exactement l\u2019auteur du r\u00e9sultat (s\u2019il y en a seulement un ).[\/vc_column_text][\/vc_column][vc_column width=&#8221;1\/3&#8243;][vc_column_text]<\/p>\n<h3>Intelligence artificielle et cr\u00e9ation en agence de communication<\/h3>\n<p>Cet article fait partie de notre <a href=\"https:\/\/www.patentattorneys.ch\/nos-services\/droit-du-numerique\/#tab-1696322207056-9-9\"><strong>introduction \u00e0 la probl\u00e9matique de l\u2019intelligence artificielle et de la cr\u00e9ation en agence de communication<\/strong><\/a>.<\/p>\n<ul>\n<li><a href=\"https:\/\/www.patentattorneys.ch\/nos-services\/droit-du-numerique\/creations-en-agence-avec-laide-de-lia-enjeux\/\"><strong>Cr\u00e9ations en agence avec l\u2019aide de l\u2019IA \u2013 enjeux<\/strong><\/a><\/li>\n<li><span style=\"color: #f4b630;\"><strong>Qui est l\u2019auteur en mati\u00e8re d\u2019intelligence artificielle, s\u2019il y en a un \u00a0? <\/strong><\/span><\/li>\n<li><a href=\"https:\/\/www.patentattorneys.ch\/qualification-doeuvre-creee-a-laide-de-lintelligence-artificielle\/\"><strong>Qualification d\u2019\u0153uvre cr\u00e9\u00e9e \u00e0 l\u2019aide de l\u2019intelligence artificielle et titularit\u00e9 des droits<\/strong><\/a><\/li>\n<li><a href=\"https:\/\/www.patentattorneys.ch\/avenir-de-lia\/\"><strong>Avenir de l\u2019IA<\/strong><\/a><\/li>\n<\/ul>\n<p>[\/vc_column_text][\/vc_column][\/vc_row]<\/p>\n<\/div>","protected":false},"excerpt":{"rendered":"<p>[vc_row][vc_column width=&#8221;1\/1&#8243;][\/vc_column][\/vc_row][vc_row][vc_column width=&#8221;2\/3&#8243;][vc_column_text] Qui est l\u2019auteur en mati\u00e8re d\u2019intelligence artificielle, s\u2019il y en a un ? Par anthropomorphisme, nous avons naturellement tendance \u00e0 parler de l\u2019IA comme d\u2019une personne \u00e0 part enti\u00e8re, ce qu\u2019elle n\u2019est pas (ou du moins, pas encore\u00a0!). Cependant, en vertu d\u2019un principe reconnu de mani\u00e8re universelle, seule une personne physique peut \u00eatre qualifi\u00e9e d\u2019auteur d\u2019une cr\u00e9ation ou d\u2019une \u0153uvre au sens de la loi sur le droit d\u2019auteur (ou copyright dans les pays anglo-saxons). D\u00e8s lors de nombreuses questions surgissent en lien avec les \u00a0\u00ab\u00a0cr\u00e9ations de l\u2019IA\u00a0\u00bb. L\u2019Office am\u00e9ricain de propri\u00e9t\u00e9 intellectuelle USPTO a \u00e9t\u00e9 challeng\u00e9 l\u2019an dernier par un d\u00e9posant qui a d\u00e9clar\u00e9 une IA comme auteur d\u2019une \u0153uvre. La demande a \u00e9t\u00e9 rejet\u00e9e pr\u00e9cis\u00e9ment pour le motif que seul un \u00eatre humain pouvait pr\u00e9tendre \u00e0 la titularit\u00e9 sur un copyright\u00a0; cette prise de position a eu cependant le m\u00e9rite de cr\u00e9er un pr\u00e9c\u00e9dent et ouvrir le dialogue entre juristes et cr\u00e9ateurs. Par analogie, en 2016, un juge am\u00e9ricain a d\u00e9bout\u00e9 l\u2019association de d\u00e9fense des animaux PETA en relation avec l\u2019exploitation d\u2019un selfie pris par un singe, au motif que m\u00eame si le singe avait pris les photos \u201cde mani\u00e8re ind\u00e9pendante et en en toute [&hellip;]<\/p>\n","protected":false},"author":8,"featured_media":0,"parent":0,"menu_order":0,"comment_status":"closed","ping_status":"closed","template":"","meta":{"footnotes":""},"translation":{"provider":"WPGlobus","version":"3.0.2","language":"it","enabled_languages":["fr","de","en","it"],"languages":{"fr":{"title":true,"content":true,"excerpt":false},"de":{"title":true,"content":true,"excerpt":false},"en":{"title":true,"content":true,"excerpt":false},"it":{"title":false,"content":false,"excerpt":false}}},"yoast_head":"<!-- This site is optimized with the Yoast SEO plugin v24.4 - https:\/\/yoast.com\/wordpress\/plugins\/seo\/ -->\n<title>- P&amp;TS SA<\/title>\n<meta name=\"robots\" content=\"index, follow, max-snippet:-1, max-image-preview:large, max-video-preview:-1\" \/>\n<link rel=\"canonical\" href=\"https:\/\/www.patentattorneys.ch\/qui-est-lauteur-en-matiere-dintelligence-artificielle\/\" \/>\n<meta property=\"og:locale\" content=\"it_IT\" \/>\n<meta property=\"og:type\" content=\"article\" \/>\n<meta property=\"og:title\" content=\"- P&amp;TS SA\" \/>\n<meta property=\"og:url\" content=\"https:\/\/www.patentattorneys.ch\/qui-est-lauteur-en-matiere-dintelligence-artificielle\/\" \/>\n<meta property=\"og:site_name\" content=\"P&amp;TS SA\" \/>\n<meta property=\"article:publisher\" content=\"https:\/\/www.facebook.com\/PTS.Ltd\/\" \/>\n<meta property=\"article:modified_time\" content=\"2023-10-31T13:40:16+00:00\" \/>\n<meta name=\"twitter:card\" content=\"summary_large_image\" \/>\n<meta name=\"twitter:site\" content=\"@PTSSA\" \/>\n<meta name=\"twitter:label1\" content=\"Est. reading time\" \/>\n\t<meta name=\"twitter:data1\" content=\"15 minutes\" \/>\n<script type=\"application\/ld+json\" class=\"yoast-schema-graph\">{\"@context\":\"https:\/\/schema.org\",\"@graph\":[{\"@type\":\"WebPage\",\"@id\":\"https:\/\/www.patentattorneys.ch\/qui-est-lauteur-en-matiere-dintelligence-artificielle\/\",\"url\":\"https:\/\/www.patentattorneys.ch\/qui-est-lauteur-en-matiere-dintelligence-artificielle\/\",\"name\":\"- P&amp;TS SA\",\"isPartOf\":{\"@id\":\"https:\/\/www.patentattorneys.ch\/de\/#website\"},\"datePublished\":\"2023-10-17T08:22:14+00:00\",\"dateModified\":\"2023-10-31T13:40:16+00:00\",\"breadcrumb\":{\"@id\":\"https:\/\/www.patentattorneys.ch\/qui-est-lauteur-en-matiere-dintelligence-artificielle\/#breadcrumb\"},\"inLanguage\":\"it-IT\",\"potentialAction\":[{\"@type\":\"ReadAction\",\"target\":[\"https:\/\/www.patentattorneys.ch\/qui-est-lauteur-en-matiere-dintelligence-artificielle\/\"]}]},{\"@type\":\"BreadcrumbList\",\"@id\":\"https:\/\/www.patentattorneys.ch\/qui-est-lauteur-en-matiere-dintelligence-artificielle\/#breadcrumb\",\"itemListElement\":[{\"@type\":\"ListItem\",\"position\":1,\"name\":\"Accueil\",\"item\":\"https:\/\/www.patentattorneys.ch\/\"},{\"@type\":\"ListItem\",\"position\":2,\"name\":\"Who is the author in artificial intelligence, if there is one?\"}]},{\"@type\":\"WebSite\",\"@id\":\"https:\/\/www.patentattorneys.ch\/de\/#website\",\"url\":\"https:\/\/www.patentattorneys.ch\/de\/\",\"name\":\"P&amp;TS SA\",\"description\":\"Propri\u00e9t\u00e9 intellectuelle\",\"publisher\":{\"@id\":\"https:\/\/www.patentattorneys.ch\/de\/#organization\"},\"potentialAction\":[{\"@type\":\"SearchAction\",\"target\":{\"@type\":\"EntryPoint\",\"urlTemplate\":\"https:\/\/www.patentattorneys.ch\/de\/?s={search_term_string}\"},\"query-input\":{\"@type\":\"PropertyValueSpecification\",\"valueRequired\":true,\"valueName\":\"search_term_string\"}}],\"inLanguage\":\"it-IT\"},{\"@type\":\"Organization\",\"@id\":\"https:\/\/www.patentattorneys.ch\/de\/#organization\",\"name\":\"P&TS SA\",\"url\":\"https:\/\/www.patentattorneys.ch\/de\/\",\"logo\":{\"@type\":\"ImageObject\",\"inLanguage\":\"it-IT\",\"@id\":\"https:\/\/www.patentattorneys.ch\/de\/#\/schema\/logo\/image\/\",\"url\":\"https:\/\/www.patentattorneys.ch\/wp-content\/uploads\/2016\/01\/PTS_Icon.jpg\",\"contentUrl\":\"https:\/\/www.patentattorneys.ch\/wp-content\/uploads\/2016\/01\/PTS_Icon.jpg\",\"width\":512,\"height\":512,\"caption\":\"P&TS SA\"},\"image\":{\"@id\":\"https:\/\/www.patentattorneys.ch\/de\/#\/schema\/logo\/image\/\"},\"sameAs\":[\"https:\/\/www.facebook.com\/PTS.Ltd\/\",\"https:\/\/x.com\/PTSSA\",\"https:\/\/www.linkedin.com\/company\/p&ts-sa\"]}]}<\/script>\n<!-- \/ Yoast SEO plugin. -->","yoast_head_json":{"title":"- P&amp;TS SA","robots":{"index":"index","follow":"follow","max-snippet":"max-snippet:-1","max-image-preview":"max-image-preview:large","max-video-preview":"max-video-preview:-1"},"canonical":"https:\/\/www.patentattorneys.ch\/qui-est-lauteur-en-matiere-dintelligence-artificielle\/","og_locale":"it_IT","og_type":"article","og_title":"- P&amp;TS SA","og_url":"https:\/\/www.patentattorneys.ch\/qui-est-lauteur-en-matiere-dintelligence-artificielle\/","og_site_name":"P&amp;TS SA","article_publisher":"https:\/\/www.facebook.com\/PTS.Ltd\/","article_modified_time":"2023-10-31T13:40:16+00:00","twitter_card":"summary_large_image","twitter_site":"@PTSSA","twitter_misc":{"Est. reading time":"15 minutes"},"schema":{"@context":"https:\/\/schema.org","@graph":[{"@type":"WebPage","@id":"https:\/\/www.patentattorneys.ch\/qui-est-lauteur-en-matiere-dintelligence-artificielle\/","url":"https:\/\/www.patentattorneys.ch\/qui-est-lauteur-en-matiere-dintelligence-artificielle\/","name":"- P&amp;TS SA","isPartOf":{"@id":"https:\/\/www.patentattorneys.ch\/de\/#website"},"datePublished":"2023-10-17T08:22:14+00:00","dateModified":"2023-10-31T13:40:16+00:00","breadcrumb":{"@id":"https:\/\/www.patentattorneys.ch\/qui-est-lauteur-en-matiere-dintelligence-artificielle\/#breadcrumb"},"inLanguage":"it-IT","potentialAction":[{"@type":"ReadAction","target":["https:\/\/www.patentattorneys.ch\/qui-est-lauteur-en-matiere-dintelligence-artificielle\/"]}]},{"@type":"BreadcrumbList","@id":"https:\/\/www.patentattorneys.ch\/qui-est-lauteur-en-matiere-dintelligence-artificielle\/#breadcrumb","itemListElement":[{"@type":"ListItem","position":1,"name":"Accueil","item":"https:\/\/www.patentattorneys.ch\/"},{"@type":"ListItem","position":2,"name":"Who is the author in artificial intelligence, if there is one?"}]},{"@type":"WebSite","@id":"https:\/\/www.patentattorneys.ch\/de\/#website","url":"https:\/\/www.patentattorneys.ch\/de\/","name":"P&amp;TS SA","description":"Propri\u00e9t\u00e9 intellectuelle","publisher":{"@id":"https:\/\/www.patentattorneys.ch\/de\/#organization"},"potentialAction":[{"@type":"SearchAction","target":{"@type":"EntryPoint","urlTemplate":"https:\/\/www.patentattorneys.ch\/de\/?s={search_term_string}"},"query-input":{"@type":"PropertyValueSpecification","valueRequired":true,"valueName":"search_term_string"}}],"inLanguage":"it-IT"},{"@type":"Organization","@id":"https:\/\/www.patentattorneys.ch\/de\/#organization","name":"P&TS SA","url":"https:\/\/www.patentattorneys.ch\/de\/","logo":{"@type":"ImageObject","inLanguage":"it-IT","@id":"https:\/\/www.patentattorneys.ch\/de\/#\/schema\/logo\/image\/","url":"https:\/\/www.patentattorneys.ch\/wp-content\/uploads\/2016\/01\/PTS_Icon.jpg","contentUrl":"https:\/\/www.patentattorneys.ch\/wp-content\/uploads\/2016\/01\/PTS_Icon.jpg","width":512,"height":512,"caption":"P&TS SA"},"image":{"@id":"https:\/\/www.patentattorneys.ch\/de\/#\/schema\/logo\/image\/"},"sameAs":["https:\/\/www.facebook.com\/PTS.Ltd\/","https:\/\/x.com\/PTSSA","https:\/\/www.linkedin.com\/company\/p&ts-sa"]}]}},"_links":{"self":[{"href":"https:\/\/www.patentattorneys.ch\/it\/wp-json\/wp\/v2\/pages\/33050"}],"collection":[{"href":"https:\/\/www.patentattorneys.ch\/it\/wp-json\/wp\/v2\/pages"}],"about":[{"href":"https:\/\/www.patentattorneys.ch\/it\/wp-json\/wp\/v2\/types\/page"}],"author":[{"embeddable":true,"href":"https:\/\/www.patentattorneys.ch\/it\/wp-json\/wp\/v2\/users\/8"}],"replies":[{"embeddable":true,"href":"https:\/\/www.patentattorneys.ch\/it\/wp-json\/wp\/v2\/comments?post=33050"}],"version-history":[{"count":15,"href":"https:\/\/www.patentattorneys.ch\/it\/wp-json\/wp\/v2\/pages\/33050\/revisions"}],"predecessor-version":[{"id":33155,"href":"https:\/\/www.patentattorneys.ch\/it\/wp-json\/wp\/v2\/pages\/33050\/revisions\/33155"}],"wp:attachment":[{"href":"https:\/\/www.patentattorneys.ch\/it\/wp-json\/wp\/v2\/media?parent=33050"}],"curies":[{"name":"wp","href":"https:\/\/api.w.org\/{rel}","templated":true}]}}