

{"id":33108,"date":"2023-10-24T14:48:31","date_gmt":"2023-10-24T13:48:31","guid":{"rendered":"https:\/\/www.patentattorneys.ch\/?page_id=33108"},"modified":"2023-10-31T14:38:24","modified_gmt":"2023-10-31T13:38:24","slug":"qualification-doeuvre-creee-a-laide-de-lintelligence-artificielle","status":"publish","type":"page","link":"https:\/\/www.patentattorneys.ch\/it\/qualification-doeuvre-creee-a-laide-de-lintelligence-artificielle\/","title":{"rendered":"Qualification d\u2019\u0153uvre cr\u00e9\u00e9e \u00e0 l\u2019aide de l\u2019intelligence artificielle et titularit\u00e9 des droits"},"content":{"rendered":"<div class=\"wpb-content-wrapper\"><p>[vc_row][vc_column width=&#8221;1\/1&#8243;]<style>#breadcrumb-6a066f65c5937 li::after { content: \"\u00bb\" }<\/style><div class=\"vc_custom_1696930885490\"><ol class=\"wwp-vc-breadcrumbs \" id=\"breadcrumb-6a066f65c5937\"><li class=\"visited\"><a href=\"\/\">Home<\/a><\/li><li class=\"current\"><span>Qualification d\u2019\u0153uvre cr\u00e9\u00e9e \u00e0 l\u2019aide de l\u2019intelligence artificielle et titularit\u00e9 des droits<\/span><\/li><\/ol><\/div>[\/vc_column][\/vc_row][vc_row][vc_column width=&#8221;2\/3&#8243;][vc_column_text]<\/p>\n<h1>Qualification d\u2019\u0153uvre cr\u00e9\u00e9e \u00e0 l\u2019aide de l\u2019intelligence artificielle et titularit\u00e9 des droits<\/h1>\n<div class=\"epyt-video-wrapper\"><iframe  id=\"_ytid_56349\"  width=\"1161\" height=\"653\"  data-origwidth=\"1161\" data-origheight=\"653\" src=\"https:\/\/www.youtube.com\/embed\/thn_VV8vf1Y?enablejsapi=1&#038;autoplay=0&#038;cc_load_policy=0&#038;cc_lang_pref=&#038;iv_load_policy=1&#038;loop=0&#038;rel=1&#038;fs=1&#038;playsinline=0&#038;autohide=2&#038;hl=it_IT&#038;theme=dark&#038;color=red&#038;controls=1&#038;disablekb=0&#038;\" class=\"__youtube_prefs__  epyt-is-override  no-lazyload\" title=\"YouTube player\"  allow=\"fullscreen; accelerometer; autoplay; clipboard-write; encrypted-media; gyroscope; picture-in-picture; web-share\" referrerpolicy=\"strict-origin-when-cross-origin\" allowfullscreen data-no-lazy=\"1\" data-skipgform_ajax_framebjll=\"\"><\/iframe><\/div>\n<p>L\u2019\u0153uvre est le r\u00e9sultat d\u2019un processus cr\u00e9atif\u00a0; c\u2019est son caract\u00e8re individuel et unique qui en fait une \u0153uvre \u00e0 part enti\u00e8re prot\u00e9g\u00e9e par le droit d\u2019auteur, peu importe les moyens utilis\u00e9s par son auteur et son degr\u00e9 d\u2019originalit\u00e9, m\u00eame modeste.<\/p>\n<p>La question \u00e2prement discut\u00e9e en lien avec le recours \u00e0 l\u2019IA c\u2019est la qualification d\u2019\u0153uvre lorsque celle-ci est cr\u00e9\u00e9e \u00e0 l\u2019aide d\u2019un outil d\u2019IA et indirectement aussi la question de la titularit\u00e9 des droits sous-jacents.<\/p>\n<p>L\u2019IA doit \u00eatre au service du cr\u00e9atif et non l\u2019inverse . Ainsi et de mani\u00e8re traditionnelle, toute \u0153uvre nait d\u2019un processus cr\u00e9atif de son auteur, qui aboutit ensuite \u00e0 une mat\u00e9rialisation de l\u2019\u0153uvre pour que celle-ci puisse \u00eatre prot\u00e9g\u00e9e. Cette distinction <em>classique<\/em> entre l\u2019id\u00e9e (<em>corpus mysticum<\/em>) et la forme (<em>corpus mechanicum)<\/em> a permis de d\u00e9partager l\u2019id\u00e9e, non susceptible de protection, de la cr\u00e9ation formelle, susceptible d\u2019\u00eatre prot\u00e9g\u00e9e par le droit d\u2019auteur. Si les \u0153uvres classiques des beaux-arts ne pr\u00eatent pas le flanc \u00e0 la discussion, une \u00e9volution a d\u00e9j\u00e0 eu lieu avec l\u2019av\u00e8nement de la photographie. D\u2019abord d\u00e9cri\u00e9e, la photographie a impos\u00e9 un rapport indirect avec la nature consistant \u00e0 enregistrer un sujet en image fixe, avec un ensemble de techniques, de proc\u00e9d\u00e9s et de mat\u00e9riels. Et c\u2019est pr\u00e9cis\u00e9ment le choix du photographe (sujet, cadrage, lumi\u00e8re, grain, temps d\u2019exposition, tirage etc.) qui en fait une \u0153uvre unique et originale. La notion d\u2019\u0153uvre s\u2019est ainsi d\u00e9j\u00e0 \u00e9largie \u00e0 cette occasion.<\/p>\n<p>La notion d\u2019\u0153uvre doit donc \u00eatre sans cesse revisit\u00e9e et r\u00e9interpr\u00e9t\u00e9e, en particulier avec la digitalisation croissante de la soci\u00e9t\u00e9\u00a0: une photographie enregistr\u00e9e uniquement sous format num\u00e9rique est prot\u00e9g\u00e9e en tant que telle au m\u00eame titre qu\u2019un tirage papier, m\u00eame si elle peut \u00eatre dupliqu\u00e9e \u00e0 l\u2019infini. Selon le droit suisse, le l\u00e9gislateur n\u2019a pas fait usage de la possibilit\u00e9 que lui offrait l\u2019art. 2 al. 2 de la Convention de Berne d\u2019exiger, comme condition de protection, que les \u0153uvres soient fix\u00e9es sur un support mat\u00e9riel. Une \u0153uvre peut ainsi exister m\u00eame sans \u00eatre fix\u00e9e sur un tel support (art. 29 al 1 LDA), mais l\u2019\u0153uvre doit n\u00e9anmoins \u00eatre <em>perceptible par les sens<\/em>.<\/p>\n<p>Cette interpr\u00e9tation de la notion d\u2019\u0153uvre s\u2019est exacerb\u00e9e avec l\u2019art contemporain\u00a0: du fait de l\u2019exigence d\u2019une cr\u00e9ation formelle, la jurisprudence et la doctrine traditionnelle excluent th\u00e9oriquement du champ de la protection les concepts et id\u00e9es. N\u00e9anmoins, les \u0153uvres contemporaines, et particuli\u00e8rement conceptuelles sont caract\u00e9ris\u00e9es par la dimension donn\u00e9e \u00e0 <strong>l\u2019id\u00e9e<\/strong>, qui est au c\u0153ur de la cr\u00e9ation. En effet, c\u2019est l\u2019id\u00e9e qui porte l\u2019originalit\u00e9 de l\u2019\u0153uvre, l\u2019empreinte de la personnalit\u00e9 de l\u2019auteur, <strong>les choix qu\u2019il a d\u00e9lib\u00e9r\u00e9ment effectu\u00e9s<\/strong>. La protection de l\u2019\u0153uvre r\u00e9side in\u00e9luctablement dans le concept. Si \u00ab l&#8217;id\u00e9e se suffit \u00e0 elle-m\u00eame, elle peut s&#8217;inscrire dans une forme pr\u00e9existante qui devient alors le support al\u00e9atoire de l&#8217;id\u00e9e ; et il suffit qu&#8217;elle ait \u00e9t\u00e9 \u00ab choisie \u00bb par l&#8217;artiste, non pas \u00ab cr\u00e9\u00e9e \u00bb. D\u00e8s lors, la cr\u00e9ation peut, bel et bien, se cristalliser dans l\u2019id\u00e9e \u00bb. N\u00e9anmoins, si l\u2019\u0153uvre s\u2019inscrit dans une d\u00e9marche de d\u00e9mat\u00e9rialisation, l\u2019id\u00e9e est encore plus pr\u00e9sente, puisque c\u2019est elle la seule repr\u00e9sentation de l\u2019\u0153uvre<a href=\"#_ftn1\" name=\"_ftnref1\">[1]<\/a>.<\/p>\n<p>De ce fait, la diff\u00e9rence entre l&#8217;id\u00e9e et la forme serait de degr\u00e9 et non de nature<a href=\"#_ftn2\" name=\"_ftnref2\">[2]<\/a>, degr\u00e9 qui se mesurerait \u00e0 l&#8217;aune de l&#8217;originalit\u00e9. L\u2019\u0153uvre concr\u00e8te est celle qui est mat\u00e9rialis\u00e9e en une entit\u00e9 perceptible aux sens\u00a0; la forme de l\u2019\u0153uvre r\u00e9side alors dans <strong>la r\u00e9alisation d\u2019une id\u00e9e, sa mise en \u0153uvre au moyen de tels ou tels \u00e9l\u00e9ments, tangibles et intangibles<\/strong><a href=\"#_ftn3\" name=\"_ftnref3\">[3]<\/a>. Le droit d\u2019auteur prot\u00e8ge ainsi le contenu de la cr\u00e9ation dans la forme concr\u00e8te qui lui a \u00e9t\u00e9 donn\u00e9e<a href=\"#_ftn4\" name=\"_ftnref4\">[4]<\/a> .<\/p>\n<p>Si l\u2019on retient ces principes en mati\u00e8re de cr\u00e9ation assist\u00e9e par l\u2019IA, on peut retenir par exemple que le choix d\u2019un sujet \u2013 qui peut s\u2019exprimer par un prompt (les \u00ab\u00a0directives\u00a0\u00bb) donn\u00e9 \u00e0 la machine d\u2019intelligence artificielle, constitue d\u00e9j\u00e0 une d\u00e9marche cr\u00e9atrice\u00a0; en effet, l\u2019auteur a dans son esprit une id\u00e9e qu\u2019il souhaite r\u00e9aliser et son instrument n\u2019est alors ni un pinceau, ni sa souris, mais l\u2019algorithme d\u2019IA. Ensuite, l\u2019auteur va en g\u00e9n\u00e9ral faire un choix parmi les diff\u00e9rentes propositions que va lui restituer l\u2019outil d\u2019IA, choix qui sera effectu\u00e9 en fonction de l\u2019id\u00e9e premi\u00e8re de l\u2019\u0153uvre ayant germ\u00e9 dans son esprit. Le choix d\u2019un r\u00e9sultat ne serait ainsi que le continuum du processus cr\u00e9atif. L\u2019enregistrement ou le t\u00e9l\u00e9chargement du r\u00e9sultat constitue alors le r\u00e9sultat \u00ab\u00a0tangible\u00a0\u00bb ou perceptible exig\u00e9 par la loi.<\/p>\n<p>C\u2019est pr\u00e9cis\u00e9ment pour cela que les photocopies, les scanners, les tirages \u00e0 partir de n\u00e9gatifs, les impressions d\u2019\u0153uvres sauvegard\u00e9es sous forme num\u00e9rique, les photos de cam\u00e9ra de surveillance, radars, pi\u00e8ges photographiques ou de webcam, ainsi que les photos d\u2019objets en deux dimensions (\u00e9crits, plans, dessins) ne constituent pas des \u0153uvres, car il n\u2019y a aucune marge de man\u0153uvre, en particulier sur le plan conceptuel.<\/p>\n<p>L\u2019\u0153uvre est ainsi cr\u00e9\u00e9e. Mais \u00e0- qui appartient-elle vraiment \u00a0?<\/p>\n<p>D\u2019une mani\u00e8re g\u00e9n\u00e9rale, le monde digital et Internet sont gouvern\u00e9s par des entit\u00e9s priv\u00e9es et r\u00e9gul\u00e9s par des conditions g\u00e9n\u00e9rales. Les droits de propri\u00e9t\u00e9 intellectuelle d\u00e9coulant de l\u2019usage des outils d\u2019IA fait g\u00e9n\u00e9ralement l\u2019objet d\u2019un examen tr\u00e8s attentif lors de la r\u00e9daction des conditions d\u2019utilisation des outils d\u2019IA.<\/p>\n<p>En effet, selon les outils utilis\u00e9s &#8211; \u00a0open source ou \u00a0propri\u00e9taire \u2013 l\u2019agence doit pouvoir d\u00e9terminer si les livrables peuvent \u00eatre transf\u00e9r\u00e9s librement au client (et donc lui garantir une exclusivit\u00e9) mais \u00e9galement pouvoir donner une garantie que le client final ne risque pas d\u2019\u00eatre attaqu\u00e9 par un tiers qui invoquerait une violation de ses propres droits d\u2019auteur (plagiat).<\/p>\n<p>Les mastodontes de l\u2019IA ont g\u00e9n\u00e9ralement r\u00e9dig\u00e9 des conditions g\u00e9n\u00e9rales non n\u00e9gociables par une (petite) agence, qui limitent leur propre responsabilit\u00e9 au maximum et ne donnent, dans les faits, aucune garantie \u00e0 l\u2019utilisateur de ne pas se voir reprocher la violation de droits de tiers.<\/p>\n<p>Les conditions g\u00e9n\u00e9rales d\u2019OpenAI applicables \u00e0 tous ses services pr\u00e9voient par exemple que<a href=\"#_ftn5\" name=\"_ftnref5\">[5]<\/a>\u00a0: <em>You may provide input to the Services (\u201cInput\u201d), and receive output generated and returned by the Services based on the Input (\u201cOutput\u201d). Input and Output are collectively \u201cContent.\u201d As between the parties and to the extent permitted by applicable law, you own all Input. Subject to your compliance with these Terms,<\/em> <em>OpenAI hereby assigns to you all its right, title and interest in and to Output. This means you can use Content for any purpose, <u>including commercial purposes<\/u> such as sale or publication, if you comply with these Terms. OpenAI may use Content to provide and maintain the Services, comply with applicable law, and enforce our policies. <u>You are responsible for Content, including for ensuring that it does not violate any applicable law or\u00a0these\u00a0Terms<\/u><\/em><\/p>\n<p>On voit ainsi que l\u2019utilisateur est rendu responsable de s\u2019assurer que le \u00ab\u00a0content\u00a0\u00bb, qui inclut \u00e9galement l\u2019\u00ab\u00a0output\u00a0\u00bb, ne viole pas les droits de tiers. Mais aussi que OpenAi s\u2019exempte \u00e9galement de toute responsabilit\u00e9 quant \u00e0 la possible violation de droit de tiers sur le r\u00e9sultat\u00a0:<\/p>\n<p>THE SERVICES ARE PROVIDED \u201cAS IS.\u201d EXCEPT TO THE EXTENT PROHIBITED BY LAW, WE AND OUR AFFILIATES AND LICENSORS <em><u>MAKE NO WARRANTIES<\/u><\/em> (EXPRESS, IMPLIED, STATUTORY OR OTHERWISE) WITH RESPECT TO THE SERVICES, AND DISCLAIM ALL WARRANTIES INCLUDING BUT NOT LIMITED TO [\u2026] <em><u>NON-INFRINGEMENT<\/u><\/em> [\u2026].<\/p>\n<p>Pour le g\u00e9n\u00e9rateur de code source (Codex \/ Code Generation) l\u2019\u00e9diteur de l\u2019outil a inclut une d\u00e9charge totale de responsabilit\u00e9 eu \u00e9gard au caract\u00e8re utilisable ou non du r\u00e9sultat obtenu (\u00ab\u00a0output\u00a0\u00bb) \u00a0: <em>Output generated by code generation features of our Services, including\u00a0<\/em><a href=\"https:\/\/openai.com\/blog\/openai-codex\/\"><em>OpenAI Codex<\/em><\/a><em>, may be subject to third party licenses, including, without limitation, open source\u00a0licenses<\/em>.<\/p>\n<p>En \u00ab\u00a0plain English\u00a0\u00bb\u00a0; cela signifie que les \u00e9diteurs d\u2019outils d\u2019IA ne garantissent pas que les r\u00e9sultats obtenus ne violent pas les droits de tiers et que ceux-ci soient donc soumis \u00e0 des conditions de licence\u00a0; en outre, l\u2019\u00e9diteur se r\u00e9serve d\u2019utiliser l\u2019input du client pour am\u00e9liorer l\u2019outil (en d\u2019autres termes, pour entrainer son algorithme- ce qui est certes de bonne guerre mais implique que le client est oblig\u00e9 de c\u00e9der une certaine licence sur le contenu qu\u2019il cr\u00e9\u00e9, si ce contenu est original). Parfois, des versions payantes de certains outils permettent d\u2019op\u00e9rer un \u00ab\u00a0opt-out\u00a0\u00bb \u00e0 ce sujet \u00e9galement.<\/p>\n<p>**<\/p>\n<p>D\u00e8s lors, il est difficile pour les agences de cr\u00e9ation de garantir que l\u2019usage de l\u2019IA puisse s\u2019op\u00e9rer sans risque eu \u00e9gard \u00e0 l\u2019usage des r\u00e9sultats obtenus et leur int\u00e9gration dans les produits et services r\u00e9alis\u00e9s pour les clients de l\u2019agence. Comme indiqu\u00e9 dans un billet de blog pr\u00e9c\u00e9dent, une information transparente et l\u2019accord du client \u00e0 l\u2019utilisation des outils d\u2019intelligence artificielle (par le biais d\u2019une mention dans les conditions g\u00e9n\u00e9rales) seront donc particuli\u00e8rement indiqu\u00e9s.<\/p>\n<p>Rien ne remplace \u00e9galement la vigilance et le bon sens, afin d\u2019\u00e9viter pour le graphiste d\u2019\u00eatre tenu pour responsable de la violation d&#8217;\u0153uvres qu\u2019il n\u2019aurait jamais vues. Il est donc conseill\u00e9 de proc\u00e9der \u00e0 des v\u00e9rifications sur les r\u00e9sultats issu de l\u2019utilisation d\u2019outils d\u2019intelligence artificielle, mais \u00e9galement de ne pas les reprendre tels quels mais uniquement comme source d\u2019inspiration, en les modifiant ensuite suffisamment pour apporter une note personnelle identifiable se distinguant suffisamment des r\u00e9sultats propos\u00e9s.<\/p>\n<p><em>Le cabinet P&#038;TS se tient volontiers \u00e0 disposition pour examiner avec vous plus en d\u00e9tail les conditions d\u2019utilisation et recommander des limitations \u00e0 ins\u00e9rer dans vos conditions contractuelles. <\/em><\/p>\n<p><a href=\"#_ftnref1\" name=\"_ftn1\">[1]<\/a> Mathilde MARCHAL , L\u2019APPREHENSION DES NOTIONS DE FORME ET D\u2019ORIGINALITE DU DROIT D&#8217;AUTEUR PAR L&#8217;ART CONTEMPORAIN , m\u00e9moire de master, UNIVERSITE D\u2019AIX-MARSEILLE 2018-2019, P.41 et r\u00e9f. cit. aux notes 200-202\u00a0;<\/p>\n<p><a href=\"#_ftnref2\" name=\"_ftn2\">[2]<\/a> CHERPILLOD I., L\u2019objet du droit d\u2019auteur, \u00e9tude critique de la distinction fond\/ forme, \u00e9d. Cedidac, 1985, n\u00b0 110, p. 53<\/p>\n<p><a href=\"#_ftnref3\" name=\"_ftn3\">[3]<\/a>\u00a0 CHERPILLOD I., L\u2019objet du droit d\u2019auteur, \u00e9tude critique de la distinction fond\/ forme, op. cit., p. 74.<\/p>\n<p><a href=\"#_ftnref4\" name=\"_ftn4\">[4]<\/a> Barrelet\/ Egloff, Le nouveau droit d&#8217;auteur, Commentaire de la loi f\u00e9d\u00e9rale sur le droit d&#8217;auteur et les droits voisins, 4<sup>\u00e8me<\/sup> \u00e9d. Berne, 2021, N 19, p. 17 et r\u00e9f cit\u00e9es<\/p>\n<p><a href=\"#_ftnref5\" name=\"_ftn5\">[5]<\/a> https:\/\/openai.com\/policies\/terms-of-use<\/p>\n<p>[\/vc_column_text][\/vc_column][vc_column width=&#8221;1\/3&#8243;][vc_column_text]<\/p>\n<h3>Intelligence artificielle et cr\u00e9ation en agence de communication<\/h3>\n<p>Cet article fait partie de notre <a href=\"https:\/\/www.patentattorneys.ch\/nos-services\/droit-du-numerique\/#tab-1696322207056-9-9\"><strong>introduction \u00e0 la probl\u00e9matique de l\u2019intelligence artificielle et de la cr\u00e9ation en agence de communication<\/strong><\/a>.<\/p>\n<ul>\n<li><strong><a href=\"https:\/\/www.patentattorneys.ch\/creations-en-agence-avec-laide-de-lia-enjeux\/\">Cr\u00e9ations en agence avec l\u2019aide de l\u2019IA \u2013 enjeux<\/a><\/strong><\/li>\n<li><a href=\"https:\/\/www.patentattorneys.ch\/qui-est-lauteur-en-matiere-dintelligence-artificielle\/\"><strong>Qui est l\u2019auteur en mati\u00e8re d\u2019intelligence artificielle, s\u2019il y en a un \u00a0?<\/strong><\/a><\/li>\n<li><span style=\"color: #f4b630;\"><strong>Qualification d\u2019\u0153uvre cr\u00e9\u00e9e \u00e0 l\u2019aide de l\u2019intelligence artificielle et titularit\u00e9 des droits <\/strong><\/span><\/li>\n<li><a href=\"https:\/\/www.patentattorneys.ch\/avenir-de-lia\/\"><strong>Avenir de l\u2019IA<\/strong><\/a><\/li>\n<\/ul>\n<p>[\/vc_column_text][\/vc_column][\/vc_row]<\/p>\n<\/div>","protected":false},"excerpt":{"rendered":"<p>[vc_row][vc_column width=&#8221;1\/1&#8243;][\/vc_column][\/vc_row][vc_row][vc_column width=&#8221;2\/3&#8243;][vc_column_text] Qualification d\u2019\u0153uvre cr\u00e9\u00e9e \u00e0 l\u2019aide de l\u2019intelligence artificielle et titularit\u00e9 des droits L\u2019\u0153uvre est le r\u00e9sultat d\u2019un processus cr\u00e9atif\u00a0; c\u2019est son caract\u00e8re individuel et unique qui en fait une \u0153uvre \u00e0 part enti\u00e8re prot\u00e9g\u00e9e par le droit d\u2019auteur, peu importe les moyens utilis\u00e9s par son auteur et son degr\u00e9 d\u2019originalit\u00e9, m\u00eame modeste. La question \u00e2prement discut\u00e9e en lien avec le recours \u00e0 l\u2019IA c\u2019est la qualification d\u2019\u0153uvre lorsque celle-ci est cr\u00e9\u00e9e \u00e0 l\u2019aide d\u2019un outil d\u2019IA et indirectement aussi la question de la titularit\u00e9 des droits sous-jacents. L\u2019IA doit \u00eatre au service du cr\u00e9atif et non l\u2019inverse . Ainsi et de mani\u00e8re traditionnelle, toute \u0153uvre nait d\u2019un processus cr\u00e9atif de son auteur, qui aboutit ensuite \u00e0 une mat\u00e9rialisation de l\u2019\u0153uvre pour que celle-ci puisse \u00eatre prot\u00e9g\u00e9e. Cette distinction classique entre l\u2019id\u00e9e (corpus mysticum) et la forme (corpus mechanicum) a permis de d\u00e9partager l\u2019id\u00e9e, non susceptible de protection, de la cr\u00e9ation formelle, susceptible d\u2019\u00eatre prot\u00e9g\u00e9e par le droit d\u2019auteur. Si les \u0153uvres classiques des beaux-arts ne pr\u00eatent pas le flanc \u00e0 la discussion, une \u00e9volution a d\u00e9j\u00e0 eu lieu avec l\u2019av\u00e8nement de la photographie. D\u2019abord d\u00e9cri\u00e9e, la photographie a impos\u00e9 un rapport indirect avec la nature consistant \u00e0 [&hellip;]<\/p>\n","protected":false},"author":8,"featured_media":0,"parent":0,"menu_order":0,"comment_status":"closed","ping_status":"closed","template":"","meta":{"footnotes":""},"translation":{"provider":"WPGlobus","version":"3.0.2","language":"it","enabled_languages":["fr","de","en","it"],"languages":{"fr":{"title":true,"content":true,"excerpt":false},"de":{"title":true,"content":true,"excerpt":false},"en":{"title":true,"content":true,"excerpt":false},"it":{"title":false,"content":false,"excerpt":false}}},"yoast_head":"<!-- This site is optimized with the Yoast SEO plugin v24.4 - https:\/\/yoast.com\/wordpress\/plugins\/seo\/ -->\n<title>- P&amp;TS SA<\/title>\n<meta name=\"robots\" content=\"index, follow, max-snippet:-1, max-image-preview:large, max-video-preview:-1\" \/>\n<link rel=\"canonical\" href=\"https:\/\/www.patentattorneys.ch\/qualification-doeuvre-creee-a-laide-de-lintelligence-artificielle\/\" \/>\n<meta property=\"og:locale\" content=\"it_IT\" \/>\n<meta property=\"og:type\" content=\"article\" \/>\n<meta property=\"og:title\" content=\"- P&amp;TS SA\" \/>\n<meta property=\"og:url\" content=\"https:\/\/www.patentattorneys.ch\/qualification-doeuvre-creee-a-laide-de-lintelligence-artificielle\/\" \/>\n<meta property=\"og:site_name\" content=\"P&amp;TS SA\" \/>\n<meta property=\"article:publisher\" content=\"https:\/\/www.facebook.com\/PTS.Ltd\/\" \/>\n<meta property=\"article:modified_time\" content=\"2023-10-31T13:38:24+00:00\" \/>\n<meta name=\"twitter:card\" content=\"summary_large_image\" \/>\n<meta name=\"twitter:site\" content=\"@PTSSA\" \/>\n<meta name=\"twitter:label1\" content=\"Est. reading time\" \/>\n\t<meta name=\"twitter:data1\" content=\"27 minutes\" \/>\n<script type=\"application\/ld+json\" class=\"yoast-schema-graph\">{\"@context\":\"https:\/\/schema.org\",\"@graph\":[{\"@type\":\"WebPage\",\"@id\":\"https:\/\/www.patentattorneys.ch\/qualification-doeuvre-creee-a-laide-de-lintelligence-artificielle\/\",\"url\":\"https:\/\/www.patentattorneys.ch\/qualification-doeuvre-creee-a-laide-de-lintelligence-artificielle\/\",\"name\":\"- P&amp;TS SA\",\"isPartOf\":{\"@id\":\"https:\/\/www.patentattorneys.ch\/de\/#website\"},\"datePublished\":\"2023-10-24T13:48:31+00:00\",\"dateModified\":\"2023-10-31T13:38:24+00:00\",\"breadcrumb\":{\"@id\":\"https:\/\/www.patentattorneys.ch\/qualification-doeuvre-creee-a-laide-de-lintelligence-artificielle\/#breadcrumb\"},\"inLanguage\":\"it-IT\",\"potentialAction\":[{\"@type\":\"ReadAction\",\"target\":[\"https:\/\/www.patentattorneys.ch\/qualification-doeuvre-creee-a-laide-de-lintelligence-artificielle\/\"]}]},{\"@type\":\"BreadcrumbList\",\"@id\":\"https:\/\/www.patentattorneys.ch\/qualification-doeuvre-creee-a-laide-de-lintelligence-artificielle\/#breadcrumb\",\"itemListElement\":[{\"@type\":\"ListItem\",\"position\":1,\"name\":\"Accueil\",\"item\":\"https:\/\/www.patentattorneys.ch\/\"},{\"@type\":\"ListItem\",\"position\":2,\"name\":\"Qualification as a work created with the help of artificial intelligence and ownership of rights\"}]},{\"@type\":\"WebSite\",\"@id\":\"https:\/\/www.patentattorneys.ch\/de\/#website\",\"url\":\"https:\/\/www.patentattorneys.ch\/de\/\",\"name\":\"P&amp;TS SA\",\"description\":\"Propri\u00e9t\u00e9 intellectuelle\",\"publisher\":{\"@id\":\"https:\/\/www.patentattorneys.ch\/de\/#organization\"},\"potentialAction\":[{\"@type\":\"SearchAction\",\"target\":{\"@type\":\"EntryPoint\",\"urlTemplate\":\"https:\/\/www.patentattorneys.ch\/de\/?s={search_term_string}\"},\"query-input\":{\"@type\":\"PropertyValueSpecification\",\"valueRequired\":true,\"valueName\":\"search_term_string\"}}],\"inLanguage\":\"it-IT\"},{\"@type\":\"Organization\",\"@id\":\"https:\/\/www.patentattorneys.ch\/de\/#organization\",\"name\":\"P&TS SA\",\"url\":\"https:\/\/www.patentattorneys.ch\/de\/\",\"logo\":{\"@type\":\"ImageObject\",\"inLanguage\":\"it-IT\",\"@id\":\"https:\/\/www.patentattorneys.ch\/de\/#\/schema\/logo\/image\/\",\"url\":\"https:\/\/www.patentattorneys.ch\/wp-content\/uploads\/2016\/01\/PTS_Icon.jpg\",\"contentUrl\":\"https:\/\/www.patentattorneys.ch\/wp-content\/uploads\/2016\/01\/PTS_Icon.jpg\",\"width\":512,\"height\":512,\"caption\":\"P&TS SA\"},\"image\":{\"@id\":\"https:\/\/www.patentattorneys.ch\/de\/#\/schema\/logo\/image\/\"},\"sameAs\":[\"https:\/\/www.facebook.com\/PTS.Ltd\/\",\"https:\/\/x.com\/PTSSA\",\"https:\/\/www.linkedin.com\/company\/p&ts-sa\"]}]}<\/script>\n<!-- \/ Yoast SEO plugin. -->","yoast_head_json":{"title":"- P&amp;TS SA","robots":{"index":"index","follow":"follow","max-snippet":"max-snippet:-1","max-image-preview":"max-image-preview:large","max-video-preview":"max-video-preview:-1"},"canonical":"https:\/\/www.patentattorneys.ch\/qualification-doeuvre-creee-a-laide-de-lintelligence-artificielle\/","og_locale":"it_IT","og_type":"article","og_title":"- P&amp;TS SA","og_url":"https:\/\/www.patentattorneys.ch\/qualification-doeuvre-creee-a-laide-de-lintelligence-artificielle\/","og_site_name":"P&amp;TS SA","article_publisher":"https:\/\/www.facebook.com\/PTS.Ltd\/","article_modified_time":"2023-10-31T13:38:24+00:00","twitter_card":"summary_large_image","twitter_site":"@PTSSA","twitter_misc":{"Est. reading time":"27 minutes"},"schema":{"@context":"https:\/\/schema.org","@graph":[{"@type":"WebPage","@id":"https:\/\/www.patentattorneys.ch\/qualification-doeuvre-creee-a-laide-de-lintelligence-artificielle\/","url":"https:\/\/www.patentattorneys.ch\/qualification-doeuvre-creee-a-laide-de-lintelligence-artificielle\/","name":"- P&amp;TS SA","isPartOf":{"@id":"https:\/\/www.patentattorneys.ch\/de\/#website"},"datePublished":"2023-10-24T13:48:31+00:00","dateModified":"2023-10-31T13:38:24+00:00","breadcrumb":{"@id":"https:\/\/www.patentattorneys.ch\/qualification-doeuvre-creee-a-laide-de-lintelligence-artificielle\/#breadcrumb"},"inLanguage":"it-IT","potentialAction":[{"@type":"ReadAction","target":["https:\/\/www.patentattorneys.ch\/qualification-doeuvre-creee-a-laide-de-lintelligence-artificielle\/"]}]},{"@type":"BreadcrumbList","@id":"https:\/\/www.patentattorneys.ch\/qualification-doeuvre-creee-a-laide-de-lintelligence-artificielle\/#breadcrumb","itemListElement":[{"@type":"ListItem","position":1,"name":"Accueil","item":"https:\/\/www.patentattorneys.ch\/"},{"@type":"ListItem","position":2,"name":"Qualification as a work created with the help of artificial intelligence and ownership of rights"}]},{"@type":"WebSite","@id":"https:\/\/www.patentattorneys.ch\/de\/#website","url":"https:\/\/www.patentattorneys.ch\/de\/","name":"P&amp;TS SA","description":"Propri\u00e9t\u00e9 intellectuelle","publisher":{"@id":"https:\/\/www.patentattorneys.ch\/de\/#organization"},"potentialAction":[{"@type":"SearchAction","target":{"@type":"EntryPoint","urlTemplate":"https:\/\/www.patentattorneys.ch\/de\/?s={search_term_string}"},"query-input":{"@type":"PropertyValueSpecification","valueRequired":true,"valueName":"search_term_string"}}],"inLanguage":"it-IT"},{"@type":"Organization","@id":"https:\/\/www.patentattorneys.ch\/de\/#organization","name":"P&TS SA","url":"https:\/\/www.patentattorneys.ch\/de\/","logo":{"@type":"ImageObject","inLanguage":"it-IT","@id":"https:\/\/www.patentattorneys.ch\/de\/#\/schema\/logo\/image\/","url":"https:\/\/www.patentattorneys.ch\/wp-content\/uploads\/2016\/01\/PTS_Icon.jpg","contentUrl":"https:\/\/www.patentattorneys.ch\/wp-content\/uploads\/2016\/01\/PTS_Icon.jpg","width":512,"height":512,"caption":"P&TS SA"},"image":{"@id":"https:\/\/www.patentattorneys.ch\/de\/#\/schema\/logo\/image\/"},"sameAs":["https:\/\/www.facebook.com\/PTS.Ltd\/","https:\/\/x.com\/PTSSA","https:\/\/www.linkedin.com\/company\/p&ts-sa"]}]}},"_links":{"self":[{"href":"https:\/\/www.patentattorneys.ch\/it\/wp-json\/wp\/v2\/pages\/33108"}],"collection":[{"href":"https:\/\/www.patentattorneys.ch\/it\/wp-json\/wp\/v2\/pages"}],"about":[{"href":"https:\/\/www.patentattorneys.ch\/it\/wp-json\/wp\/v2\/types\/page"}],"author":[{"embeddable":true,"href":"https:\/\/www.patentattorneys.ch\/it\/wp-json\/wp\/v2\/users\/8"}],"replies":[{"embeddable":true,"href":"https:\/\/www.patentattorneys.ch\/it\/wp-json\/wp\/v2\/comments?post=33108"}],"version-history":[{"count":10,"href":"https:\/\/www.patentattorneys.ch\/it\/wp-json\/wp\/v2\/pages\/33108\/revisions"}],"predecessor-version":[{"id":33151,"href":"https:\/\/www.patentattorneys.ch\/it\/wp-json\/wp\/v2\/pages\/33108\/revisions\/33151"}],"wp:attachment":[{"href":"https:\/\/www.patentattorneys.ch\/it\/wp-json\/wp\/v2\/media?parent=33108"}],"curies":[{"name":"wp","href":"https:\/\/api.w.org\/{rel}","templated":true}]}}