

{"id":33133,"date":"2023-10-31T14:16:17","date_gmt":"2023-10-31T13:16:17","guid":{"rendered":"https:\/\/www.patentattorneys.ch\/?page_id=33133"},"modified":"2023-10-31T14:39:43","modified_gmt":"2023-10-31T13:39:43","slug":"avenir-de-lia","status":"publish","type":"page","link":"https:\/\/www.patentattorneys.ch\/it\/avenir-de-lia\/","title":{"rendered":"Avenir de l\u2019IA"},"content":{"rendered":"<div class=\"wpb-content-wrapper\"><p>[vc_row][vc_column width=&#8221;1\/1&#8243;]<style>#breadcrumb-6a064c378ddd2 li::after { content: \"\u00bb\" }<\/style><div class=\"vc_custom_1696930885490\"><ol class=\"wwp-vc-breadcrumbs \" id=\"breadcrumb-6a064c378ddd2\"><li class=\"visited\"><a href=\"\/\">Home<\/a><\/li><li class=\"current\"><span>Avenir de l\u2019IA<\/span><\/li><\/ol><\/div>[\/vc_column][\/vc_row][vc_row][vc_column width=&#8221;2\/3&#8243;][vc_column_text]<\/p>\n<h1>Avenir de l\u2019IA<\/h1>\n<div class=\"epyt-video-wrapper\"><iframe  id=\"_ytid_65493\"  width=\"1161\" height=\"653\"  data-origwidth=\"1161\" data-origheight=\"653\" src=\"https:\/\/www.youtube.com\/embed\/SU2btUivtxg?enablejsapi=1&#038;autoplay=0&#038;cc_load_policy=0&#038;cc_lang_pref=&#038;iv_load_policy=1&#038;loop=0&#038;rel=1&#038;fs=1&#038;playsinline=0&#038;autohide=2&#038;hl=it_IT&#038;theme=dark&#038;color=red&#038;controls=1&#038;disablekb=0&#038;\" class=\"__youtube_prefs__  epyt-is-override  no-lazyload\" title=\"YouTube player\"  allow=\"fullscreen; accelerometer; autoplay; clipboard-write; encrypted-media; gyroscope; picture-in-picture; web-share\" referrerpolicy=\"strict-origin-when-cross-origin\" allowfullscreen data-no-lazy=\"1\" data-skipgform_ajax_framebjll=\"\"><\/iframe><\/div>\n<p>L\u2019arriv\u00e9e des outils d\u2019IA bouleversent le business mod\u00e8le des entreprises et agences qui g\u00e9n\u00e8rent du contenu cr\u00e9atif pour leurs clients, notamment en termes de productivit\u00e9. En effet, la cr\u00e9ation de contenu devient plus simple mais paradoxalement cela va entrainer une complexification des r\u00e8gles du jeu, qui \u00e9voluent aussi \u00e0 un rythme particuli\u00e8rement rapide.<\/p>\n<p>Si des logiciels open source et accessibles coexisteront, il est certain que les outils d\u2019IA n\u00e9cessitent des ressources colossales, non seulement financi\u00e8res (pour les aspects de d\u00e9veloppement) mais \u00e9galement en termes de mat\u00e9riel et d\u2019\u00e9nergie. Toute cela a donc un co\u00fbt et la question est \u00e9videmment de savoir qui va devoir payer pour cela.<\/p>\n<p>D\u2019une mani\u00e8re g\u00e9n\u00e9rale, une tendance s\u2019affirme d\u00e9j\u00e0, avec des outils gratuits mais comportant des fonctionnalit\u00e9s limit\u00e9es (soit en termes techniques, soit impliquant l\u2019acceptation de conditions g\u00e9n\u00e9rales d\u00e9favorables) ou des outils payants mais permettant d\u2019acc\u00e9der \u00e0 des fonctionnalit\u00e9s sup\u00e9rieures ou la possibilit\u00e9 de conserver plus de droits sur les cr\u00e9ations r\u00e9alis\u00e9es \u00e0 l\u2019aide des outils d\u2019IA.<\/p>\n<p>Les aspects r\u00e9glementaires se mettent en place et certains l\u00e9gislateurs s\u2019y att\u00e8lent d\u00e9j\u00e0, comme l\u2019Union Europ\u00e9enne qui entend jouer un r\u00f4le de pionner au niveau mondial \u00e0 cet \u00e9gard.<\/p>\n<p>En effet, aussi bien des <strong>questions \u00e9thiques<\/strong> que des questions juridiques se posent, toutes deux\u00a0 \u00e9tant intimement li\u00e9es. Les enjeux fondamentaux sont de lutter contre le risque de partialit\u00e9 (les <strong>biais<\/strong>), l&#8217;obligation de rendre des comptes (entendue comme <strong>responsabilit\u00e9<\/strong>) et la <strong>transparence<\/strong> (comment cela fonctionne, qui peut expliquer les r\u00e9sultats). Il est indispensable de fixer des bases \u00e9thiques claires et imp\u00e9ratives pour \u00e9viter des d\u00e9rapages, tout en reconnaissant les aspects positifs de l\u2019arriv\u00e9e de l\u2019IA tels que des soins de sant\u00e9 de meilleure qualit\u00e9, des transports plus s\u00fbrs et plus propres, une production plus efficace et une \u00e9nergie plus durable et moins co\u00fbteuse.<\/p>\n<p>En 2020, la Commission europ\u00e9enne a publi\u00e9 un livre blanc<a href=\"#_ftn1\" name=\"_ftnref1\">[1]<\/a> sur l\u2019Intelligence artificielle qui expose les grands principes d\u2019un futur cadre r\u00e9glementaire de l\u2019UE en mati\u00e8re d\u2019IA en Europe, fond\u00e9 sur les valeurs fondamentales de l\u2019UE, notamment le respect des droits de l\u2019homme (respect de la dignit\u00e9 humaine, respect de la vie priv\u00e9e et la protection des donn\u00e9es, l&#8217;\u00e9galit\u00e9 et la non-discrimination, l&#8217;acc\u00e8s \u00e0 la justice et l&#8217;acc\u00e8s aux droits sociaux).<\/p>\n<p>Le 14\u00a0juin 2023, le Parlement europ\u00e9en a adopt\u00e9 le texte et le mandat de n\u00e9gociation pour la Commission europ\u00e9enne en vue d\u2019\u00e9tablir un cadre r\u00e9glementaire global, applicable \u00e0 l\u2019ensemble des parties prenantes de l\u2019industrie de l\u2019IA actives sur le march\u00e9 europ\u00e9en (fournisseurs, importateurs, distributeurs, utilisateurs, etc.). La Suisse sera bien \u00e9videmment impact\u00e9e.<\/p>\n<p>Le projet de texte a \u00e9galement int\u00e9gr\u00e9 un dispositif pour encadrer l\u2019intelligence artificielle \u00e0 usage g\u00e9n\u00e9ral, en partie influenc\u00e9 par l\u2019impact potentiel de certains outils d\u2019IA g\u00e9n\u00e9rative, fortement m\u00e9diatis\u00e9s. Parmi les nouvelles exigences applicables pourraient figurer l\u2019obligation de mentionner que le contenu est g\u00e9n\u00e9r\u00e9 par l&#8217;IA\u00a0et que cet outil recourt\u00a0\u00e0\u00a0des donn\u00e9es prot\u00e9g\u00e9es par le droit d&#8217;auteur. Tous les syst\u00e8mes consid\u00e9r\u00e9s comme repr\u00e9sentant une menace \u00e9vidente pour les citoyens de l\u2019UE seront interdits: il peut s\u2019agir de la notation sociale par les pouvoirs publics ou des jouets qui utilisent l\u2019assistance vocale pour encourager les enfants \u00e0 adopter des comportements dangereux.<\/p>\n<p>La Commission a propos\u00e9 trois initiatives juridiques interd\u00e9pendantes qui contribueront \u00e0 l\u2019\u00e9tablissement d\u2019une IA digne de confiance<a href=\"#_ftn2\" name=\"_ftnref2\">[2]<\/a>:<\/p>\n<ul>\n<li>n cadre juridique europ\u00e9en pour faire face aux risques en mati\u00e8re de droits fondamentaux et de s\u00e9curit\u00e9 propres aux syst\u00e8mes d\u2019IA (notamment avec la classification des risques);<\/li>\n<li>un cadre de responsabilit\u00e9 civile \u2014 adapter les r\u00e8gles de responsabilit\u00e9 \u00e0 l\u2019\u00e8re num\u00e9rique et \u00e0 l\u2019IA; qui r\u00e9pond des d\u00e9cisions prises \u00e0 partir de l\u2019IA\u00a0?<\/li>\n<li>une r\u00e9vision de la l\u00e9gislation sectorielle en mati\u00e8re de s\u00e9curit\u00e9 (par exemple, r\u00e8glement sur les machines, directive sur la s\u00e9curit\u00e9 g\u00e9n\u00e9rale des produits).<\/li>\n<\/ul>\n<p>Un enjeu strat\u00e9gique parall\u00e8le mais li\u00e9 concerne aussi l\u2019acc\u00e8s aux donn\u00e9es, en particuli\u00e8rement l\u2019ensemble des donn\u00e9es r\u00e9colt\u00e9es par l\u2019Internet des Objets (IoT), qui mis ensemble, repr\u00e9sentent des tr\u00e9sors pour l\u2019am\u00e9lioration des donn\u00e9es d\u2019entrainements des IA : \u00a0sans eux pas d\u2019IA et les enjeux d\u2019une monopolisation par les g\u00e9ants des GAFAM a d\u00e9j\u00e0 alert\u00e9 les gouvernements. L\u2019UE a ainsi d\u00e9j\u00e0 adopt\u00e9 en 2019 une Directive sur l\u2019Open Data et la n\u00e9cessit\u00e9 de conserver l\u2019acc\u00e8s le plus large possible.<\/p>\n<p>L\u2019inconnu fait peur mais l&#8217;IA peut \u00eatre consid\u00e9r\u00e9e comme une opportunit\u00e9 pour l&#8217;humanit\u00e9 et pas seulement une menace, m\u00eame s\u2019il est dans la nature humaine de craindre ce que l&#8217;on ne comprend pas, l&#8217;\u00e9ducation est donc essentielle. Savoir ce qui se passe dans le domaine de l&#8217;IA (transparence) et poser des limites \u00e9thiques et juridiques claire sera donc d\u00e9terminant pour son acceptation.<\/p>\n<p><a href=\"#_ftnref1\" name=\"_ftn1\">[1]<\/a> https:\/\/op.europa.eu\/fr\/publication-detail\/-\/publication\/ac957f13-53c6-11ea-aece-01aa75ed71a1<\/p>\n<p><a href=\"#_ftnref2\" name=\"_ftn2\">[2]<\/a> https:\/\/digital-strategy.ec.europa.eu\/fr\/policies\/european-approach-artificial-intelligence<\/p>\n<p>[\/vc_column_text][\/vc_column][vc_column width=&#8221;1\/3&#8243;][vc_column_text]<\/p>\n<h3>Intelligence artificielle et cr\u00e9ation en agence de communication<\/h3>\n<p>Cet article fait partie de notre <a href=\"https:\/\/www.patentattorneys.ch\/nos-services\/droit-du-numerique\/#tab-1696322207056-9-9\"><strong>introduction \u00e0 la probl\u00e9matique de l\u2019intelligence artificielle et de la cr\u00e9ation en agence de communication<\/strong><\/a>.<\/p>\n<ul>\n<li><strong><a href=\"https:\/\/www.patentattorneys.ch\/creations-en-agence-avec-laide-de-lia-enjeux\/\">Cr\u00e9ations en agence avec l\u2019aide de l\u2019IA \u2013 enjeux<\/a><\/strong><\/li>\n<li><a href=\"https:\/\/www.patentattorneys.ch\/qui-est-lauteur-en-matiere-dintelligence-artificielle\/\"><strong>Qui est l\u2019auteur en mati\u00e8re d\u2019intelligence artificielle, s\u2019il y en a un \u00a0?<\/strong><\/a><\/li>\n<li><strong><a href=\"https:\/\/www.patentattorneys.ch\/qualification-doeuvre-creee-a-laide-de-lintelligence-artificielle\/\">Qualification d\u2019\u0153uvre cr\u00e9\u00e9e \u00e0 l\u2019aide de l\u2019intelligence artificielle et titularit\u00e9 des droits<\/a> <\/strong><\/li>\n<li><span style=\"color: #f4b630;\"><strong>Avenir de l\u2019IA <\/strong><\/span><\/li>\n<\/ul>\n<p>[\/vc_column_text][\/vc_column][\/vc_row]<\/p>\n<\/div>","protected":false},"excerpt":{"rendered":"<p>[vc_row][vc_column width=&#8221;1\/1&#8243;][\/vc_column][\/vc_row][vc_row][vc_column width=&#8221;2\/3&#8243;][vc_column_text] Avenir de l\u2019IA L\u2019arriv\u00e9e des outils d\u2019IA bouleversent le business mod\u00e8le des entreprises et agences qui g\u00e9n\u00e8rent du contenu cr\u00e9atif pour leurs clients, notamment en termes de productivit\u00e9. En effet, la cr\u00e9ation de contenu devient plus simple mais paradoxalement cela va entrainer une complexification des r\u00e8gles du jeu, qui \u00e9voluent aussi \u00e0 un rythme particuli\u00e8rement rapide. Si des logiciels open source et accessibles coexisteront, il est certain que les outils d\u2019IA n\u00e9cessitent des ressources colossales, non seulement financi\u00e8res (pour les aspects de d\u00e9veloppement) mais \u00e9galement en termes de mat\u00e9riel et d\u2019\u00e9nergie. Toute cela a donc un co\u00fbt et la question est \u00e9videmment de savoir qui va devoir payer pour cela. D\u2019une mani\u00e8re g\u00e9n\u00e9rale, une tendance s\u2019affirme d\u00e9j\u00e0, avec des outils gratuits mais comportant des fonctionnalit\u00e9s limit\u00e9es (soit en termes techniques, soit impliquant l\u2019acceptation de conditions g\u00e9n\u00e9rales d\u00e9favorables) ou des outils payants mais permettant d\u2019acc\u00e9der \u00e0 des fonctionnalit\u00e9s sup\u00e9rieures ou la possibilit\u00e9 de conserver plus de droits sur les cr\u00e9ations r\u00e9alis\u00e9es \u00e0 l\u2019aide des outils d\u2019IA. Les aspects r\u00e9glementaires se mettent en place et certains l\u00e9gislateurs s\u2019y att\u00e8lent d\u00e9j\u00e0, comme l\u2019Union Europ\u00e9enne qui entend jouer un r\u00f4le de pionner au niveau mondial \u00e0 cet \u00e9gard. En effet, aussi [&hellip;]<\/p>\n","protected":false},"author":8,"featured_media":0,"parent":0,"menu_order":0,"comment_status":"closed","ping_status":"closed","template":"","meta":{"footnotes":""},"translation":{"provider":"WPGlobus","version":"3.0.2","language":"it","enabled_languages":["fr","de","en","it"],"languages":{"fr":{"title":true,"content":true,"excerpt":false},"de":{"title":true,"content":true,"excerpt":false},"en":{"title":true,"content":true,"excerpt":false},"it":{"title":false,"content":false,"excerpt":false}}},"yoast_head":"<!-- This site is optimized with the Yoast SEO plugin v24.4 - https:\/\/yoast.com\/wordpress\/plugins\/seo\/ -->\n<title>- P&amp;TS SA<\/title>\n<meta name=\"robots\" content=\"index, follow, max-snippet:-1, max-image-preview:large, max-video-preview:-1\" \/>\n<link rel=\"canonical\" href=\"https:\/\/www.patentattorneys.ch\/avenir-de-lia\/\" \/>\n<meta property=\"og:locale\" content=\"it_IT\" \/>\n<meta property=\"og:type\" content=\"article\" \/>\n<meta property=\"og:title\" content=\"- P&amp;TS SA\" \/>\n<meta property=\"og:url\" content=\"https:\/\/www.patentattorneys.ch\/avenir-de-lia\/\" \/>\n<meta property=\"og:site_name\" content=\"P&amp;TS SA\" \/>\n<meta property=\"article:publisher\" content=\"https:\/\/www.facebook.com\/PTS.Ltd\/\" \/>\n<meta property=\"article:modified_time\" content=\"2023-10-31T13:39:43+00:00\" \/>\n<meta name=\"twitter:card\" content=\"summary_large_image\" \/>\n<meta name=\"twitter:site\" content=\"@PTSSA\" \/>\n<meta name=\"twitter:label1\" content=\"Est. reading time\" \/>\n\t<meta name=\"twitter:data1\" content=\"14 minutes\" \/>\n<script type=\"application\/ld+json\" class=\"yoast-schema-graph\">{\"@context\":\"https:\/\/schema.org\",\"@graph\":[{\"@type\":\"WebPage\",\"@id\":\"https:\/\/www.patentattorneys.ch\/avenir-de-lia\/\",\"url\":\"https:\/\/www.patentattorneys.ch\/avenir-de-lia\/\",\"name\":\"- P&amp;TS SA\",\"isPartOf\":{\"@id\":\"https:\/\/www.patentattorneys.ch\/de\/#website\"},\"datePublished\":\"2023-10-31T13:16:17+00:00\",\"dateModified\":\"2023-10-31T13:39:43+00:00\",\"breadcrumb\":{\"@id\":\"https:\/\/www.patentattorneys.ch\/avenir-de-lia\/#breadcrumb\"},\"inLanguage\":\"it-IT\",\"potentialAction\":[{\"@type\":\"ReadAction\",\"target\":[\"https:\/\/www.patentattorneys.ch\/avenir-de-lia\/\"]}]},{\"@type\":\"BreadcrumbList\",\"@id\":\"https:\/\/www.patentattorneys.ch\/avenir-de-lia\/#breadcrumb\",\"itemListElement\":[{\"@type\":\"ListItem\",\"position\":1,\"name\":\"Accueil\",\"item\":\"https:\/\/www.patentattorneys.ch\/\"},{\"@type\":\"ListItem\",\"position\":2,\"name\":\"The future of AI\"}]},{\"@type\":\"WebSite\",\"@id\":\"https:\/\/www.patentattorneys.ch\/de\/#website\",\"url\":\"https:\/\/www.patentattorneys.ch\/de\/\",\"name\":\"P&amp;TS SA\",\"description\":\"Propri\u00e9t\u00e9 intellectuelle\",\"publisher\":{\"@id\":\"https:\/\/www.patentattorneys.ch\/de\/#organization\"},\"potentialAction\":[{\"@type\":\"SearchAction\",\"target\":{\"@type\":\"EntryPoint\",\"urlTemplate\":\"https:\/\/www.patentattorneys.ch\/de\/?s={search_term_string}\"},\"query-input\":{\"@type\":\"PropertyValueSpecification\",\"valueRequired\":true,\"valueName\":\"search_term_string\"}}],\"inLanguage\":\"it-IT\"},{\"@type\":\"Organization\",\"@id\":\"https:\/\/www.patentattorneys.ch\/de\/#organization\",\"name\":\"P&TS SA\",\"url\":\"https:\/\/www.patentattorneys.ch\/de\/\",\"logo\":{\"@type\":\"ImageObject\",\"inLanguage\":\"it-IT\",\"@id\":\"https:\/\/www.patentattorneys.ch\/de\/#\/schema\/logo\/image\/\",\"url\":\"https:\/\/www.patentattorneys.ch\/wp-content\/uploads\/2016\/01\/PTS_Icon.jpg\",\"contentUrl\":\"https:\/\/www.patentattorneys.ch\/wp-content\/uploads\/2016\/01\/PTS_Icon.jpg\",\"width\":512,\"height\":512,\"caption\":\"P&TS SA\"},\"image\":{\"@id\":\"https:\/\/www.patentattorneys.ch\/de\/#\/schema\/logo\/image\/\"},\"sameAs\":[\"https:\/\/www.facebook.com\/PTS.Ltd\/\",\"https:\/\/x.com\/PTSSA\",\"https:\/\/www.linkedin.com\/company\/p&ts-sa\"]}]}<\/script>\n<!-- \/ Yoast SEO plugin. -->","yoast_head_json":{"title":"- P&amp;TS SA","robots":{"index":"index","follow":"follow","max-snippet":"max-snippet:-1","max-image-preview":"max-image-preview:large","max-video-preview":"max-video-preview:-1"},"canonical":"https:\/\/www.patentattorneys.ch\/avenir-de-lia\/","og_locale":"it_IT","og_type":"article","og_title":"- P&amp;TS SA","og_url":"https:\/\/www.patentattorneys.ch\/avenir-de-lia\/","og_site_name":"P&amp;TS SA","article_publisher":"https:\/\/www.facebook.com\/PTS.Ltd\/","article_modified_time":"2023-10-31T13:39:43+00:00","twitter_card":"summary_large_image","twitter_site":"@PTSSA","twitter_misc":{"Est. reading time":"14 minutes"},"schema":{"@context":"https:\/\/schema.org","@graph":[{"@type":"WebPage","@id":"https:\/\/www.patentattorneys.ch\/avenir-de-lia\/","url":"https:\/\/www.patentattorneys.ch\/avenir-de-lia\/","name":"- P&amp;TS SA","isPartOf":{"@id":"https:\/\/www.patentattorneys.ch\/de\/#website"},"datePublished":"2023-10-31T13:16:17+00:00","dateModified":"2023-10-31T13:39:43+00:00","breadcrumb":{"@id":"https:\/\/www.patentattorneys.ch\/avenir-de-lia\/#breadcrumb"},"inLanguage":"it-IT","potentialAction":[{"@type":"ReadAction","target":["https:\/\/www.patentattorneys.ch\/avenir-de-lia\/"]}]},{"@type":"BreadcrumbList","@id":"https:\/\/www.patentattorneys.ch\/avenir-de-lia\/#breadcrumb","itemListElement":[{"@type":"ListItem","position":1,"name":"Accueil","item":"https:\/\/www.patentattorneys.ch\/"},{"@type":"ListItem","position":2,"name":"The future of AI"}]},{"@type":"WebSite","@id":"https:\/\/www.patentattorneys.ch\/de\/#website","url":"https:\/\/www.patentattorneys.ch\/de\/","name":"P&amp;TS SA","description":"Propri\u00e9t\u00e9 intellectuelle","publisher":{"@id":"https:\/\/www.patentattorneys.ch\/de\/#organization"},"potentialAction":[{"@type":"SearchAction","target":{"@type":"EntryPoint","urlTemplate":"https:\/\/www.patentattorneys.ch\/de\/?s={search_term_string}"},"query-input":{"@type":"PropertyValueSpecification","valueRequired":true,"valueName":"search_term_string"}}],"inLanguage":"it-IT"},{"@type":"Organization","@id":"https:\/\/www.patentattorneys.ch\/de\/#organization","name":"P&TS SA","url":"https:\/\/www.patentattorneys.ch\/de\/","logo":{"@type":"ImageObject","inLanguage":"it-IT","@id":"https:\/\/www.patentattorneys.ch\/de\/#\/schema\/logo\/image\/","url":"https:\/\/www.patentattorneys.ch\/wp-content\/uploads\/2016\/01\/PTS_Icon.jpg","contentUrl":"https:\/\/www.patentattorneys.ch\/wp-content\/uploads\/2016\/01\/PTS_Icon.jpg","width":512,"height":512,"caption":"P&TS SA"},"image":{"@id":"https:\/\/www.patentattorneys.ch\/de\/#\/schema\/logo\/image\/"},"sameAs":["https:\/\/www.facebook.com\/PTS.Ltd\/","https:\/\/x.com\/PTSSA","https:\/\/www.linkedin.com\/company\/p&ts-sa"]}]}},"_links":{"self":[{"href":"https:\/\/www.patentattorneys.ch\/it\/wp-json\/wp\/v2\/pages\/33133"}],"collection":[{"href":"https:\/\/www.patentattorneys.ch\/it\/wp-json\/wp\/v2\/pages"}],"about":[{"href":"https:\/\/www.patentattorneys.ch\/it\/wp-json\/wp\/v2\/types\/page"}],"author":[{"embeddable":true,"href":"https:\/\/www.patentattorneys.ch\/it\/wp-json\/wp\/v2\/users\/8"}],"replies":[{"embeddable":true,"href":"https:\/\/www.patentattorneys.ch\/it\/wp-json\/wp\/v2\/comments?post=33133"}],"version-history":[{"count":6,"href":"https:\/\/www.patentattorneys.ch\/it\/wp-json\/wp\/v2\/pages\/33133\/revisions"}],"predecessor-version":[{"id":33154,"href":"https:\/\/www.patentattorneys.ch\/it\/wp-json\/wp\/v2\/pages\/33133\/revisions\/33154"}],"wp:attachment":[{"href":"https:\/\/www.patentattorneys.ch\/it\/wp-json\/wp\/v2\/media?parent=33133"}],"curies":[{"name":"wp","href":"https:\/\/api.w.org\/{rel}","templated":true}]}}